{"id":4380939,"date":"2026-04-06T03:04:05","date_gmt":"2026-04-06T02:04:05","guid":{"rendered":"https:\/\/tupique.com\/produit\/tv-intelligente-lg-oled55g55lw-55-55-4k-ultra-hd-led-hdr-oled-amd-freesync\/"},"modified":"2026-04-06T03:04:05","modified_gmt":"2026-04-06T02:04:05","slug":"tv-intelligente-lg-oled55g55lw-55-55-4k-ultra-hd-led-hdr-oled-amd-freesync","status":"publish","type":"product","link":"https:\/\/tupique.com\/es\/producto\/tv-intelligente-lg-oled55g55lw-55-55-4k-ultra-hd-led-hdr-oled-amd-freesync\/","title":{"rendered":"TV intelligente LG OLED55G55LW  55 55&#8243; 4K Ultra HD LED HDR OLED AMD FreeSync"},"content":{"rendered":"<p>Si le apasiona\u2019<b>inform\u00e1tica y electr\u00f3nica<\/b>, Si est\u00e1s a la \u00faltima en tecnolog\u00eda y no quieres perderte nada, compra <b>TV intelligente LG OLED55G55LW  55 55&#8243; 4K Ultra HD LED HDR OLED AMD FreeSync<\/b> al mejor precio.<\/p>\n<ul>\n<li>Tipo de enchufe: enchufe UE<\/li>\n<li>Producto enchufable: S\u00ed<\/li>\n<li>Diagonale de l&#8217;\u00e9cran (cm): 139,7 cm<\/li>\n<li>Ecran: 55&#8243;<\/li>\n<li>Resoluci\u00f3n (px): 3840 x 2160 px<\/li>\n<li>Caracter\u00edsticas:\n<ul>\n<li>Navigation web<\/li>\n<li>TV intelligente<\/li>\n<li>Guide \u00e9lectronique des programmes (EPG)<\/li>\n<li>Apple AirPlay 2<\/li>\n<li>Canal de retour audio (ARC)<\/li>\n<li>Pantalla plana<\/li>\n<\/ul>\n<\/li>\n<li>Relaci\u00f3n de aspecto: 16:9<\/li>\n<li>Conectividad:\n<ul>\n<li>Bluetooth<\/li>\n<li>Wi-Fi<\/li>\n<li>Interface commune<\/li>\n<li>Ethernet LAN<\/li>\n<li>Wi-Fi de 6 GHz<\/li>\n<li>Bluetooth 5.3<\/li>\n<li>eARC<\/li>\n<\/ul>\n<\/li>\n<li>Format: 16:9<\/li>\n<li>Clasificaci\u00f3n energ\u00e9tica: E<\/li>\n<li>Syst\u00e8me d&#8217;exploitation: webOS<\/li>\n<li>Alimentaci\u00f3n: cable de alimentaci\u00f3n de CA<\/li>\n<li>Tecnolog\u00eda:\n<ul>\n<li>LED<\/li>\n<li>HDR<\/li>\n<li>OLED<\/li>\n<li>AMD FreeSync<\/li>\n<\/ul>\n<\/li>\n<li>Couleur: Argent\u00e9<\/li>\n<li>TV intelligente: Oui<\/li>\n<li>Conexiones:\n<ul>\n<li>RJ45<\/li>\n<li>USB 2.0 x 3<\/li>\n<li>RF x 2<\/li>\n<li>CI+<\/li>\n<li>HDMI x 4<\/li>\n<\/ul>\n<\/li>\n<li>Compatible:\n<ul>\n<li>VESA<\/li>\n<li>VESA 400 x 400 mm<\/li>\n<li>VESA 400 x 300<\/li>\n<li>VESA 200 x 100 mm<\/li>\n<li>VESA 300 x 200 mm<\/li>\n<li>VESA 300 x 300 mm<\/li>\n<li>VESA 400 x 200 mm<\/li>\n<li>VESA 200 x 200 mm<\/li>\n<\/ul>\n<\/li>\n<li>Frecuencia:\n<ul>\n<li>165 Hz<\/li>\n<li>120 Hz<\/li>\n<\/ul>\n<\/li>\n<li>Incluye:\n<ul>\n<li>Mando a distancia<\/li>\n<li>Subwoofer<\/li>\n<\/ul>\n<\/li>\n<li>VESA: 30 x 20 cm<\/li>\n<li>R\u00e9cepteur:\n<ul>\n<li>DVB-C,DVB-S,DVB-S2,DVB-T,DVB-T2<\/li>\n<li>Analogique et num\u00e9rique<\/li>\n<\/ul>\n<\/li>\n<li>Resoluci\u00f3n: 4K Ultra HD<\/li>\n<li>Formats:\n<ul>\n<li>3GP, AVI, FLV, MKV, MOV, MP4, MPEG, MPG, OGM, VOB, WEBM, WMV<\/li>\n<li>AAC, FLAC, MP2, MP3, MP4, WAV, WMA, WMV<\/li>\n<li>BMP, GIF, JPEG, MPO, PNG<\/li>\n<li>MPEG 1\/2\/4, VP8\/VP9, H.264<\/li>\n<li>Dolby Audio<\/li>\n<li>JPEG<\/li>\n<\/ul>\n<\/li>\n<li>Frecuencia de entrada de CA: 50-60 Hz<\/li>\n<li>Non Inclus:\n<ul>\n<li>Cadre<\/li>\n<li>Socle<\/li>\n<\/ul>\n<\/li>\n<li>puissance: 60 W<\/li>\n<li>Tension d&#8217;entr\u00e9e AC: 100 &#8211; 240 V<\/li>\n<li>Montaje: VESA<\/li>\n<li>Ann\u00e9e: 2024<\/li>\n<li>Indice de r\u00e9parabilit\u00e9: 8.1<\/li>\n<\/ul>","protected":false},"excerpt":{"rendered":"<p>Si vous \u00eates passionn\u00e9 d&#8217;informatique et d&#8217;\u00e9lectronique, si vous \u00eates \u00e0 la pointe de la technologie et qu&#8217;aucun d\u00e9tail ne<\/p>","protected":false},"featured_media":4380938,"comment_status":"open","ping_status":"closed","template":"","meta":{"_joinchat":[]},"product_brand":[157916],"product_cat":[157626,157516,157803],"product_tag":[],"class_list":{"0":"post-4380939","1":"product","2":"type-product","3":"status-publish","4":"has-post-thumbnail","6":"product_brand-brandp_559","7":"product_cat-electronique-television","8":"product_cat-informatique-electronique","9":"product_cat-televisions-et-smart-tv","11":"first","12":"instock","13":"taxable","14":"shipping-taxable","15":"purchasable","16":"product-type-simple"},"yoast_head":"<!-- This site is optimized with the Yoast SEO plugin v27.2 - https:\/\/yoast.com\/product\/yoast-seo-wordpress\/ -->\n<title>TV intelligente LG OLED55G55LW 55 55&quot; 4K Ultra HD LED HDR OLED AMD FreeSync - Tupique<\/title>\n<meta name=\"description\" content=\"Vous cherchez TV intelligente LG OLED55G55LW 55 55&quot; 4K Ultra HD LED HDR OLED AMD FreeSync ? Achetez des produits chez Tupique. Profitez de la livraison gratuite pour obtenir TV intelligente LG OLED55G55LW 55 55&quot; 4K Ultra HD LED HDR OLED AMD FreeSync d\u00e8s maintenant.\" \/>\n<meta name=\"robots\" content=\"index, follow, max-snippet:-1, max-image-preview:large, max-video-preview:-1\" \/>\n<link rel=\"canonical\" href=\"https:\/\/tupique.com\/es\/producto\/tv-intelligente-lg-oled55g55lw-55-55-4k-ultra-hd-led-hdr-oled-amd-freesync\/\" \/>\n<meta property=\"og:locale\" content=\"es_ES\" \/>\n<meta property=\"og:type\" content=\"article\" \/>\n<meta property=\"og:title\" content=\"TV intelligente LG OLED55G55LW 55 55&quot; 4K Ultra HD LED HDR OLED AMD FreeSync - Tupique\" \/>\n<meta property=\"og:description\" content=\"Vous cherchez TV intelligente LG OLED55G55LW 55 55&quot; 4K Ultra HD LED HDR OLED AMD FreeSync ? Achetez des produits chez Tupique. Profitez de la livraison gratuite pour obtenir TV intelligente LG OLED55G55LW 55 55&quot; 4K Ultra HD LED HDR OLED AMD FreeSync d\u00e8s maintenant.\" \/>\n<meta property=\"og:url\" content=\"https:\/\/tupique.com\/es\/producto\/tv-intelligente-lg-oled55g55lw-55-55-4k-ultra-hd-led-hdr-oled-amd-freesync\/\" \/>\n<meta property=\"og:site_name\" content=\"Tupique\" \/>\n<meta name=\"twitter:card\" content=\"summary_large_image\" \/>\n<meta name=\"twitter:label1\" content=\"Tiempo de lectura\" \/>\n\t<meta name=\"twitter:data1\" content=\"1 minuto\" \/>\n<script type=\"application\/ld+json\" class=\"yoast-schema-graph\">{\"@context\":\"https:\/\/schema.org\",\"@graph\":[{\"@type\":\"WebPage\",\"@id\":\"https:\/\/tupique.com\/produit\/tv-intelligente-lg-oled55g55lw-55-55-4k-ultra-hd-led-hdr-oled-amd-freesync\/\",\"url\":\"https:\/\/tupique.com\/produit\/tv-intelligente-lg-oled55g55lw-55-55-4k-ultra-hd-led-hdr-oled-amd-freesync\/\",\"name\":\"TV intelligente LG OLED55G55LW 55 55\\\" 4K Ultra HD LED HDR OLED AMD FreeSync - Tupique\",\"isPartOf\":{\"@id\":\"https:\/\/tupique.com\/#website\"},\"primaryImageOfPage\":{\"@id\":\"https:\/\/tupique.com\/produit\/tv-intelligente-lg-oled55g55lw-55-55-4k-ultra-hd-led-hdr-oled-amd-freesync\/#primaryimage\"},\"image\":{\"@id\":\"https:\/\/tupique.com\/produit\/tv-intelligente-lg-oled55g55lw-55-55-4k-ultra-hd-led-hdr-oled-amd-freesync\/#primaryimage\"},\"thumbnailUrl\":\"https:\/\/tupique.com\/wp-content\/uploads\/2026\/04\/8806096356425_S0470980_P00.jpg\",\"datePublished\":\"2026-04-06T02:04:05+00:00\",\"description\":\"Vous cherchez TV intelligente LG OLED55G55LW 55 55\\\" 4K Ultra HD LED HDR OLED AMD FreeSync ? Achetez des produits chez Tupique. Profitez de la livraison gratuite pour obtenir TV intelligente LG OLED55G55LW 55 55\\\" 4K Ultra HD LED HDR OLED AMD FreeSync d\u00e8s maintenant.\",\"breadcrumb\":{\"@id\":\"https:\/\/tupique.com\/produit\/tv-intelligente-lg-oled55g55lw-55-55-4k-ultra-hd-led-hdr-oled-amd-freesync\/#breadcrumb\"},\"inLanguage\":\"es\",\"potentialAction\":[{\"@type\":\"ReadAction\",\"target\":[\"https:\/\/tupique.com\/produit\/tv-intelligente-lg-oled55g55lw-55-55-4k-ultra-hd-led-hdr-oled-amd-freesync\/\"]}]},{\"@type\":\"ImageObject\",\"inLanguage\":\"es\",\"@id\":\"https:\/\/tupique.com\/produit\/tv-intelligente-lg-oled55g55lw-55-55-4k-ultra-hd-led-hdr-oled-amd-freesync\/#primaryimage\",\"url\":\"https:\/\/tupique.com\/wp-content\/uploads\/2026\/04\/8806096356425_S0470980_P00.jpg\",\"contentUrl\":\"https:\/\/tupique.com\/wp-content\/uploads\/2026\/04\/8806096356425_S0470980_P00.jpg\",\"width\":1200,\"height\":1200,\"caption\":\"S0470980_0\"},{\"@type\":\"BreadcrumbList\",\"@id\":\"https:\/\/tupique.com\/produit\/tv-intelligente-lg-oled55g55lw-55-55-4k-ultra-hd-led-hdr-oled-amd-freesync\/#breadcrumb\",\"itemListElement\":[{\"@type\":\"ListItem\",\"position\":1,\"name\":\"In\u00edcio\",\"item\":\"https:\/\/tupique.com\/\"},{\"@type\":\"ListItem\",\"position\":2,\"name\":\"Boutique\",\"item\":\"https:\/\/tupique.com\/en\/boutique\/\"},{\"@type\":\"ListItem\",\"position\":3,\"name\":\"TV intelligente LG OLED55G55LW 55 55&#8243; 4K Ultra HD LED HDR OLED AMD FreeSync\"}]},{\"@type\":\"WebSite\",\"@id\":\"https:\/\/tupique.com\/#website\",\"url\":\"https:\/\/tupique.com\/\",\"name\":\"Tupique\",\"description\":\"Marketplace\",\"publisher\":{\"@id\":\"https:\/\/tupique.com\/#organization\"},\"potentialAction\":[{\"@type\":\"SearchAction\",\"target\":{\"@type\":\"EntryPoint\",\"urlTemplate\":\"https:\/\/tupique.com\/?s={search_term_string}\"},\"query-input\":{\"@type\":\"PropertyValueSpecification\",\"valueRequired\":true,\"valueName\":\"search_term_string\"}}],\"inLanguage\":\"es\"},{\"@type\":\"Organization\",\"@id\":\"https:\/\/tupique.com\/#organization\",\"name\":\"Tupique\",\"url\":\"https:\/\/tupique.com\/\",\"logo\":{\"@type\":\"ImageObject\",\"inLanguage\":\"es\",\"@id\":\"https:\/\/tupique.com\/#\/schema\/logo\/image\/\",\"url\":\"https:\/\/tupique.com\/wp-content\/uploads\/2024\/09\/logo.png\",\"contentUrl\":\"https:\/\/tupique.com\/wp-content\/uploads\/2024\/09\/logo.png\",\"width\":1118,\"height\":310,\"caption\":\"Tupique\"},\"image\":{\"@id\":\"https:\/\/tupique.com\/#\/schema\/logo\/image\/\"}}]}<\/script>\n<!-- \/ Yoast SEO plugin. -->","yoast_head_json":{"title":"TV intelligente LG OLED55G55LW 55 55\" 4K Ultra HD LED HDR OLED AMD FreeSync - Tupique","description":"Vous cherchez TV intelligente LG OLED55G55LW 55 55\" 4K Ultra HD LED HDR OLED AMD FreeSync ? Achetez des produits chez Tupique. Profitez de la livraison gratuite pour obtenir TV intelligente LG OLED55G55LW 55 55\" 4K Ultra HD LED HDR OLED AMD FreeSync d\u00e8s maintenant.","robots":{"index":"index","follow":"follow","max-snippet":"max-snippet:-1","max-image-preview":"max-image-preview:large","max-video-preview":"max-video-preview:-1"},"canonical":"https:\/\/tupique.com\/es\/producto\/tv-intelligente-lg-oled55g55lw-55-55-4k-ultra-hd-led-hdr-oled-amd-freesync\/","og_locale":"es_ES","og_type":"article","og_title":"TV intelligente LG OLED55G55LW 55 55\" 4K Ultra HD LED HDR OLED AMD FreeSync - Tupique","og_description":"Vous cherchez TV intelligente LG OLED55G55LW 55 55\" 4K Ultra HD LED HDR OLED AMD FreeSync ? Achetez des produits chez Tupique. Profitez de la livraison gratuite pour obtenir TV intelligente LG OLED55G55LW 55 55\" 4K Ultra HD LED HDR OLED AMD FreeSync d\u00e8s maintenant.","og_url":"https:\/\/tupique.com\/es\/producto\/tv-intelligente-lg-oled55g55lw-55-55-4k-ultra-hd-led-hdr-oled-amd-freesync\/","og_site_name":"Tupique","twitter_card":"summary_large_image","twitter_misc":{"Tiempo de lectura":"1 minuto"},"schema":{"@context":"https:\/\/schema.org","@graph":[{"@type":"WebPage","@id":"https:\/\/tupique.com\/produit\/tv-intelligente-lg-oled55g55lw-55-55-4k-ultra-hd-led-hdr-oled-amd-freesync\/","url":"https:\/\/tupique.com\/produit\/tv-intelligente-lg-oled55g55lw-55-55-4k-ultra-hd-led-hdr-oled-amd-freesync\/","name":"TV intelligente LG OLED55G55LW 55 55\" 4K Ultra HD LED HDR OLED AMD FreeSync - Tupique","isPartOf":{"@id":"https:\/\/tupique.com\/#website"},"primaryImageOfPage":{"@id":"https:\/\/tupique.com\/produit\/tv-intelligente-lg-oled55g55lw-55-55-4k-ultra-hd-led-hdr-oled-amd-freesync\/#primaryimage"},"image":{"@id":"https:\/\/tupique.com\/produit\/tv-intelligente-lg-oled55g55lw-55-55-4k-ultra-hd-led-hdr-oled-amd-freesync\/#primaryimage"},"thumbnailUrl":"https:\/\/tupique.com\/wp-content\/uploads\/2026\/04\/8806096356425_S0470980_P00.jpg","datePublished":"2026-04-06T02:04:05+00:00","description":"Vous cherchez TV intelligente LG OLED55G55LW 55 55\" 4K Ultra HD LED HDR OLED AMD FreeSync ? Achetez des produits chez Tupique. Profitez de la livraison gratuite pour obtenir TV intelligente LG OLED55G55LW 55 55\" 4K Ultra HD LED HDR OLED AMD FreeSync d\u00e8s maintenant.","breadcrumb":{"@id":"https:\/\/tupique.com\/produit\/tv-intelligente-lg-oled55g55lw-55-55-4k-ultra-hd-led-hdr-oled-amd-freesync\/#breadcrumb"},"inLanguage":"es","potentialAction":[{"@type":"ReadAction","target":["https:\/\/tupique.com\/produit\/tv-intelligente-lg-oled55g55lw-55-55-4k-ultra-hd-led-hdr-oled-amd-freesync\/"]}]},{"@type":"ImageObject","inLanguage":"es","@id":"https:\/\/tupique.com\/produit\/tv-intelligente-lg-oled55g55lw-55-55-4k-ultra-hd-led-hdr-oled-amd-freesync\/#primaryimage","url":"https:\/\/tupique.com\/wp-content\/uploads\/2026\/04\/8806096356425_S0470980_P00.jpg","contentUrl":"https:\/\/tupique.com\/wp-content\/uploads\/2026\/04\/8806096356425_S0470980_P00.jpg","width":1200,"height":1200,"caption":"S0470980_0"},{"@type":"BreadcrumbList","@id":"https:\/\/tupique.com\/produit\/tv-intelligente-lg-oled55g55lw-55-55-4k-ultra-hd-led-hdr-oled-amd-freesync\/#breadcrumb","itemListElement":[{"@type":"ListItem","position":1,"name":"In\u00edcio","item":"https:\/\/tupique.com\/"},{"@type":"ListItem","position":2,"name":"Boutique","item":"https:\/\/tupique.com\/en\/boutique\/"},{"@type":"ListItem","position":3,"name":"TV intelligente LG OLED55G55LW 55 55&#8243; 4K Ultra HD LED HDR OLED AMD FreeSync"}]},{"@type":"WebSite","@id":"https:\/\/tupique.com\/#website","url":"https:\/\/tupique.com\/","name":"Tupique","description":"Marketplace","publisher":{"@id":"https:\/\/tupique.com\/#organization"},"potentialAction":[{"@type":"SearchAction","target":{"@type":"EntryPoint","urlTemplate":"https:\/\/tupique.com\/?s={search_term_string}"},"query-input":{"@type":"PropertyValueSpecification","valueRequired":true,"valueName":"search_term_string"}}],"inLanguage":"es"},{"@type":"Organization","@id":"https:\/\/tupique.com\/#organization","name":"Tupique","url":"https:\/\/tupique.com\/","logo":{"@type":"ImageObject","inLanguage":"es","@id":"https:\/\/tupique.com\/#\/schema\/logo\/image\/","url":"https:\/\/tupique.com\/wp-content\/uploads\/2024\/09\/logo.png","contentUrl":"https:\/\/tupique.com\/wp-content\/uploads\/2024\/09\/logo.png","width":1118,"height":310,"caption":"Tupique"},"image":{"@id":"https:\/\/tupique.com\/#\/schema\/logo\/image\/"}}]}},"jetpack_sharing_enabled":true,"_links":{"self":[{"href":"https:\/\/tupique.com\/es\/wp-json\/wp\/v2\/product\/4380939","targetHints":{"allow":["GET"]}}],"collection":[{"href":"https:\/\/tupique.com\/es\/wp-json\/wp\/v2\/product"}],"about":[{"href":"https:\/\/tupique.com\/es\/wp-json\/wp\/v2\/types\/product"}],"replies":[{"embeddable":true,"href":"https:\/\/tupique.com\/es\/wp-json\/wp\/v2\/comments?post=4380939"}],"wp:featuredmedia":[{"embeddable":true,"href":"https:\/\/tupique.com\/es\/wp-json\/wp\/v2\/media\/4380938"}],"wp:attachment":[{"href":"https:\/\/tupique.com\/es\/wp-json\/wp\/v2\/media?parent=4380939"}],"wp:term":[{"taxonomy":"product_brand","embeddable":true,"href":"https:\/\/tupique.com\/es\/wp-json\/wp\/v2\/product_brand?post=4380939"},{"taxonomy":"product_cat","embeddable":true,"href":"https:\/\/tupique.com\/es\/wp-json\/wp\/v2\/product_cat?post=4380939"},{"taxonomy":"product_tag","embeddable":true,"href":"https:\/\/tupique.com\/es\/wp-json\/wp\/v2\/product_tag?post=4380939"}],"curies":[{"name":"wp","href":"https:\/\/api.w.org\/{rel}","templated":true}]}}