{"id":4380979,"date":"2026-04-06T03:04:58","date_gmt":"2026-04-06T02:04:58","guid":{"rendered":"https:\/\/tupique.com\/produit\/chaine-kn-kn69-5318ts\/"},"modified":"2026-04-06T19:55:26","modified_gmt":"2026-04-06T18:55:26","slug":"chaine-kn-kn69-5318ts","status":"publish","type":"product","link":"https:\/\/tupique.com\/es\/producto\/chaine-kn-kn69-5318ts\/","title":{"rendered":"Cha\u00eene K&amp;N KN69-5318TS"},"content":{"rendered":"<p>\u00c9quipez votre v\u00e9hicule avec les derni\u00e8res nouveaut\u00e9s du secteur ! Achetez <b>Cha\u00eene K&amp;N KN69-5318TS<\/b> et aucun d\u00e9tail ne vous \u00e9chappera!<\/p>\n<ul>\n<li>V\u00e9hicule compatible:\n<ul>\n<li>Genesis G70 3.3l V6 F\/I<\/li>\n<li>Kia Stinger 3.3i<\/li>\n<li>Kia Stinger 3.3l V6 F\/I<\/li>\n<\/ul>\n<\/li>\n<\/ul>","protected":false},"excerpt":{"rendered":"<p>\u00c9quipez votre v\u00e9hicule avec les derni\u00e8res nouveaut\u00e9s du secteur ! Achetez Cha\u00eene K&amp;N KN69-5318TS et aucun d\u00e9tail ne vous \u00e9chappera!<\/p>","protected":false},"featured_media":4380978,"comment_status":"open","ping_status":"closed","template":"","meta":{"_joinchat":[]},"product_brand":[158169],"product_cat":[157856,157957,157554],"product_tag":[],"class_list":{"0":"post-4380979","1":"product","2":"type-product","3":"status-publish","4":"has-post-thumbnail","6":"product_brand-brandp_3859","7":"product_cat-accessoires-pour-voitures","8":"product_cat-pieces-detachees-et-de-rechange-pour-voitures","9":"product_cat-sports-loisirs","11":"first","12":"instock","13":"taxable","14":"shipping-taxable","15":"purchasable","16":"product-type-simple"},"yoast_head":"<!-- This site is optimized with the Yoast SEO plugin v27.2 - https:\/\/yoast.com\/product\/yoast-seo-wordpress\/ -->\n<title>Cha\u00eene K&amp;N KN69-5318TS - Tupique<\/title>\n<meta name=\"description\" content=\"Vous cherchez Cha\u00eene K&amp;N KN69-5318TS ? Achetez des produits chez Tupique. Profitez de la livraison gratuite pour obtenir Cha\u00eene K&amp;N KN69-5318TS d\u00e8s maintenant.\" \/>\n<meta name=\"robots\" content=\"index, follow, max-snippet:-1, max-image-preview:large, max-video-preview:-1\" \/>\n<link rel=\"canonical\" href=\"https:\/\/tupique.com\/es\/producto\/chaine-kn-kn69-5318ts\/\" \/>\n<meta property=\"og:locale\" content=\"es_ES\" \/>\n<meta property=\"og:type\" content=\"article\" \/>\n<meta property=\"og:title\" content=\"Cha\u00eene K&amp;N KN69-5318TS - Tupique\" \/>\n<meta property=\"og:description\" content=\"Vous cherchez Cha\u00eene K&amp;N KN69-5318TS ? Achetez des produits chez Tupique. Profitez de la livraison gratuite pour obtenir Cha\u00eene K&amp;N KN69-5318TS d\u00e8s maintenant.\" \/>\n<meta property=\"og:url\" content=\"https:\/\/tupique.com\/es\/producto\/chaine-kn-kn69-5318ts\/\" \/>\n<meta property=\"og:site_name\" content=\"Tupique\" \/>\n<meta property=\"article:modified_time\" content=\"2026-04-06T18:55:26+00:00\" \/>\n<meta name=\"twitter:card\" content=\"summary_large_image\" \/>\n<script type=\"application\/ld+json\" class=\"yoast-schema-graph\">{\"@context\":\"https:\/\/schema.org\",\"@graph\":[{\"@type\":\"WebPage\",\"@id\":\"https:\/\/tupique.com\/produit\/chaine-kn-kn69-5318ts\/\",\"url\":\"https:\/\/tupique.com\/produit\/chaine-kn-kn69-5318ts\/\",\"name\":\"Cha\u00eene K&amp;N KN69-5318TS - Tupique\",\"isPartOf\":{\"@id\":\"https:\/\/tupique.com\/#website\"},\"primaryImageOfPage\":{\"@id\":\"https:\/\/tupique.com\/produit\/chaine-kn-kn69-5318ts\/#primaryimage\"},\"image\":{\"@id\":\"https:\/\/tupique.com\/produit\/chaine-kn-kn69-5318ts\/#primaryimage\"},\"thumbnailUrl\":\"https:\/\/tupique.com\/wp-content\/uploads\/2026\/04\/0024844367037_S3739086_P00.jpg\",\"datePublished\":\"2026-04-06T02:04:58+00:00\",\"dateModified\":\"2026-04-06T18:55:26+00:00\",\"description\":\"Vous cherchez Cha\u00eene K&amp;N KN69-5318TS ? Achetez des produits chez Tupique. Profitez de la livraison gratuite pour obtenir Cha\u00eene K&amp;N KN69-5318TS d\u00e8s maintenant.\",\"breadcrumb\":{\"@id\":\"https:\/\/tupique.com\/produit\/chaine-kn-kn69-5318ts\/#breadcrumb\"},\"inLanguage\":\"es\",\"potentialAction\":[{\"@type\":\"ReadAction\",\"target\":[\"https:\/\/tupique.com\/produit\/chaine-kn-kn69-5318ts\/\"]}]},{\"@type\":\"ImageObject\",\"inLanguage\":\"es\",\"@id\":\"https:\/\/tupique.com\/produit\/chaine-kn-kn69-5318ts\/#primaryimage\",\"url\":\"https:\/\/tupique.com\/wp-content\/uploads\/2026\/04\/0024844367037_S3739086_P00.jpg\",\"contentUrl\":\"https:\/\/tupique.com\/wp-content\/uploads\/2026\/04\/0024844367037_S3739086_P00.jpg\",\"width\":1200,\"height\":1200,\"caption\":\"S3739086_0\"},{\"@type\":\"BreadcrumbList\",\"@id\":\"https:\/\/tupique.com\/produit\/chaine-kn-kn69-5318ts\/#breadcrumb\",\"itemListElement\":[{\"@type\":\"ListItem\",\"position\":1,\"name\":\"In\u00edcio\",\"item\":\"https:\/\/tupique.com\/\"},{\"@type\":\"ListItem\",\"position\":2,\"name\":\"Boutique\",\"item\":\"https:\/\/tupique.com\/en\/boutique\/\"},{\"@type\":\"ListItem\",\"position\":3,\"name\":\"Cha\u00eene K&amp;N KN69-5318TS\"}]},{\"@type\":\"WebSite\",\"@id\":\"https:\/\/tupique.com\/#website\",\"url\":\"https:\/\/tupique.com\/\",\"name\":\"Tupique\",\"description\":\"Marketplace\",\"publisher\":{\"@id\":\"https:\/\/tupique.com\/#organization\"},\"potentialAction\":[{\"@type\":\"SearchAction\",\"target\":{\"@type\":\"EntryPoint\",\"urlTemplate\":\"https:\/\/tupique.com\/?s={search_term_string}\"},\"query-input\":{\"@type\":\"PropertyValueSpecification\",\"valueRequired\":true,\"valueName\":\"search_term_string\"}}],\"inLanguage\":\"es\"},{\"@type\":\"Organization\",\"@id\":\"https:\/\/tupique.com\/#organization\",\"name\":\"Tupique\",\"url\":\"https:\/\/tupique.com\/\",\"logo\":{\"@type\":\"ImageObject\",\"inLanguage\":\"es\",\"@id\":\"https:\/\/tupique.com\/#\/schema\/logo\/image\/\",\"url\":\"https:\/\/tupique.com\/wp-content\/uploads\/2024\/09\/logo.png\",\"contentUrl\":\"https:\/\/tupique.com\/wp-content\/uploads\/2024\/09\/logo.png\",\"width\":1118,\"height\":310,\"caption\":\"Tupique\"},\"image\":{\"@id\":\"https:\/\/tupique.com\/#\/schema\/logo\/image\/\"}}]}<\/script>\n<!-- \/ Yoast SEO plugin. -->","yoast_head_json":{"title":"Cha\u00eene K&amp;N KN69-5318TS - Tupique","description":"Vous cherchez Cha\u00eene K&amp;N KN69-5318TS ? Achetez des produits chez Tupique. Profitez de la livraison gratuite pour obtenir Cha\u00eene K&amp;N KN69-5318TS d\u00e8s maintenant.","robots":{"index":"index","follow":"follow","max-snippet":"max-snippet:-1","max-image-preview":"max-image-preview:large","max-video-preview":"max-video-preview:-1"},"canonical":"https:\/\/tupique.com\/es\/producto\/chaine-kn-kn69-5318ts\/","og_locale":"es_ES","og_type":"article","og_title":"Cha\u00eene K&amp;N KN69-5318TS - Tupique","og_description":"Vous cherchez Cha\u00eene K&amp;N KN69-5318TS ? Achetez des produits chez Tupique. Profitez de la livraison gratuite pour obtenir Cha\u00eene K&amp;N KN69-5318TS d\u00e8s maintenant.","og_url":"https:\/\/tupique.com\/es\/producto\/chaine-kn-kn69-5318ts\/","og_site_name":"Tupique","article_modified_time":"2026-04-06T18:55:26+00:00","twitter_card":"summary_large_image","schema":{"@context":"https:\/\/schema.org","@graph":[{"@type":"WebPage","@id":"https:\/\/tupique.com\/produit\/chaine-kn-kn69-5318ts\/","url":"https:\/\/tupique.com\/produit\/chaine-kn-kn69-5318ts\/","name":"Cha\u00eene K&amp;N KN69-5318TS - Tupique","isPartOf":{"@id":"https:\/\/tupique.com\/#website"},"primaryImageOfPage":{"@id":"https:\/\/tupique.com\/produit\/chaine-kn-kn69-5318ts\/#primaryimage"},"image":{"@id":"https:\/\/tupique.com\/produit\/chaine-kn-kn69-5318ts\/#primaryimage"},"thumbnailUrl":"https:\/\/tupique.com\/wp-content\/uploads\/2026\/04\/0024844367037_S3739086_P00.jpg","datePublished":"2026-04-06T02:04:58+00:00","dateModified":"2026-04-06T18:55:26+00:00","description":"Vous cherchez Cha\u00eene K&amp;N KN69-5318TS ? Achetez des produits chez Tupique. Profitez de la livraison gratuite pour obtenir Cha\u00eene K&amp;N KN69-5318TS d\u00e8s maintenant.","breadcrumb":{"@id":"https:\/\/tupique.com\/produit\/chaine-kn-kn69-5318ts\/#breadcrumb"},"inLanguage":"es","potentialAction":[{"@type":"ReadAction","target":["https:\/\/tupique.com\/produit\/chaine-kn-kn69-5318ts\/"]}]},{"@type":"ImageObject","inLanguage":"es","@id":"https:\/\/tupique.com\/produit\/chaine-kn-kn69-5318ts\/#primaryimage","url":"https:\/\/tupique.com\/wp-content\/uploads\/2026\/04\/0024844367037_S3739086_P00.jpg","contentUrl":"https:\/\/tupique.com\/wp-content\/uploads\/2026\/04\/0024844367037_S3739086_P00.jpg","width":1200,"height":1200,"caption":"S3739086_0"},{"@type":"BreadcrumbList","@id":"https:\/\/tupique.com\/produit\/chaine-kn-kn69-5318ts\/#breadcrumb","itemListElement":[{"@type":"ListItem","position":1,"name":"In\u00edcio","item":"https:\/\/tupique.com\/"},{"@type":"ListItem","position":2,"name":"Boutique","item":"https:\/\/tupique.com\/en\/boutique\/"},{"@type":"ListItem","position":3,"name":"Cha\u00eene K&amp;N KN69-5318TS"}]},{"@type":"WebSite","@id":"https:\/\/tupique.com\/#website","url":"https:\/\/tupique.com\/","name":"Tupique","description":"Marketplace","publisher":{"@id":"https:\/\/tupique.com\/#organization"},"potentialAction":[{"@type":"SearchAction","target":{"@type":"EntryPoint","urlTemplate":"https:\/\/tupique.com\/?s={search_term_string}"},"query-input":{"@type":"PropertyValueSpecification","valueRequired":true,"valueName":"search_term_string"}}],"inLanguage":"es"},{"@type":"Organization","@id":"https:\/\/tupique.com\/#organization","name":"Tupique","url":"https:\/\/tupique.com\/","logo":{"@type":"ImageObject","inLanguage":"es","@id":"https:\/\/tupique.com\/#\/schema\/logo\/image\/","url":"https:\/\/tupique.com\/wp-content\/uploads\/2024\/09\/logo.png","contentUrl":"https:\/\/tupique.com\/wp-content\/uploads\/2024\/09\/logo.png","width":1118,"height":310,"caption":"Tupique"},"image":{"@id":"https:\/\/tupique.com\/#\/schema\/logo\/image\/"}}]}},"jetpack_sharing_enabled":true,"_links":{"self":[{"href":"https:\/\/tupique.com\/es\/wp-json\/wp\/v2\/product\/4380979","targetHints":{"allow":["GET"]}}],"collection":[{"href":"https:\/\/tupique.com\/es\/wp-json\/wp\/v2\/product"}],"about":[{"href":"https:\/\/tupique.com\/es\/wp-json\/wp\/v2\/types\/product"}],"replies":[{"embeddable":true,"href":"https:\/\/tupique.com\/es\/wp-json\/wp\/v2\/comments?post=4380979"}],"wp:featuredmedia":[{"embeddable":true,"href":"https:\/\/tupique.com\/es\/wp-json\/wp\/v2\/media\/4380978"}],"wp:attachment":[{"href":"https:\/\/tupique.com\/es\/wp-json\/wp\/v2\/media?parent=4380979"}],"wp:term":[{"taxonomy":"product_brand","embeddable":true,"href":"https:\/\/tupique.com\/es\/wp-json\/wp\/v2\/product_brand?post=4380979"},{"taxonomy":"product_cat","embeddable":true,"href":"https:\/\/tupique.com\/es\/wp-json\/wp\/v2\/product_cat?post=4380979"},{"taxonomy":"product_tag","embeddable":true,"href":"https:\/\/tupique.com\/es\/wp-json\/wp\/v2\/product_tag?post=4380979"}],"curies":[{"name":"wp","href":"https:\/\/api.w.org\/{rel}","templated":true}]}}