{"id":4380984,"date":"2026-04-06T03:05:06","date_gmt":"2026-04-06T02:05:06","guid":{"rendered":"https:\/\/tupique.com\/produit\/scanner-canon-7290c003\/"},"modified":"2026-04-06T18:56:05","modified_gmt":"2026-04-06T17:56:05","slug":"scanner-canon-7290c003","status":"publish","type":"product","link":"https:\/\/tupique.com\/es\/producto\/scanner-canon-7290c003\/","title":{"rendered":"Scanner Canon 7290C003"},"content":{"rendered":"<p>Si buscas las \u00faltimas tendencias del mercado, nosotros te ayudamos. <b>Scanner Canon 7290C003<\/b> !<\/p>\n<ul>\n<li>Type: Scanner<\/li>\n<li>Producto enchufable: S\u00ed<\/li>\n<li>Color: Negro<\/li>\n<li>Taille: A4<\/li>\n<li>Caract\u00e9ristiques: \u00c9cran integr\u00e9<\/li>\n<li>Connexions: Ethernet LAN<\/li>\n<li>R\u00e9solution d&#8217;image maximale: 600 x 600 dpi<\/li>\n<\/ul>","protected":false},"excerpt":{"rendered":"<p>Si vous \u00eates \u00e0 la recherche de nouvelles tendances sur le march\u00e9, nous vous pr\u00e9sentons Scanner Canon 7290C003 ! Type:<\/p>","protected":false},"featured_media":4380980,"comment_status":"open","ping_status":"closed","template":"","meta":{"_joinchat":[]},"product_brand":[158011],"product_cat":[157516,157517,158047],"product_tag":[157514,157515],"class_list":{"0":"post-4380984","1":"product","2":"type-product","3":"status-publish","4":"has-post-thumbnail","6":"product_brand-brandp_539","7":"product_cat-informatique-electronique","8":"product_cat-informatique-peripheriques-et-consommables","9":"product_cat-scanners","10":"product_tag-tag_933","11":"product_tag-tag_1295","13":"first","14":"instock","15":"taxable","16":"shipping-taxable","17":"purchasable","18":"product-type-simple"},"yoast_head":"<!-- This site is optimized with the Yoast SEO plugin v27.2 - https:\/\/yoast.com\/product\/yoast-seo-wordpress\/ -->\n<title>Scanner Canon 7290C003 - Tupique<\/title>\n<meta name=\"description\" content=\"Vous cherchez Scanner Canon 7290C003 ? Achetez des produits chez Tupique. Profitez de la livraison gratuite pour obtenir Scanner Canon 7290C003 d\u00e8s maintenant.\" \/>\n<meta name=\"robots\" content=\"index, follow, max-snippet:-1, max-image-preview:large, max-video-preview:-1\" \/>\n<link rel=\"canonical\" href=\"https:\/\/tupique.com\/es\/producto\/scanner-canon-7290c003\/\" \/>\n<meta property=\"og:locale\" content=\"es_ES\" \/>\n<meta property=\"og:type\" content=\"article\" \/>\n<meta property=\"og:title\" content=\"Scanner Canon 7290C003 - Tupique\" \/>\n<meta property=\"og:description\" content=\"Vous cherchez Scanner Canon 7290C003 ? Achetez des produits chez Tupique. Profitez de la livraison gratuite pour obtenir Scanner Canon 7290C003 d\u00e8s maintenant.\" \/>\n<meta property=\"og:url\" content=\"https:\/\/tupique.com\/es\/producto\/scanner-canon-7290c003\/\" \/>\n<meta property=\"og:site_name\" content=\"Tupique\" \/>\n<meta property=\"article:modified_time\" content=\"2026-04-06T17:56:05+00:00\" \/>\n<meta property=\"og:image\" content=\"https:\/\/tupique.com\/wp-content\/uploads\/2026\/04\/4528472112565_S55317857_P00.jpg\" \/>\n\t<meta property=\"og:image:width\" content=\"1200\" \/>\n\t<meta property=\"og:image:height\" content=\"1200\" \/>\n\t<meta property=\"og:image:type\" content=\"image\/jpeg\" \/>\n<meta name=\"twitter:card\" content=\"summary_large_image\" \/>\n<script type=\"application\/ld+json\" class=\"yoast-schema-graph\">{\"@context\":\"https:\/\/schema.org\",\"@graph\":[{\"@type\":\"WebPage\",\"@id\":\"https:\/\/tupique.com\/produit\/scanner-canon-7290c003\/\",\"url\":\"https:\/\/tupique.com\/produit\/scanner-canon-7290c003\/\",\"name\":\"Scanner Canon 7290C003 - Tupique\",\"isPartOf\":{\"@id\":\"https:\/\/tupique.com\/#website\"},\"primaryImageOfPage\":{\"@id\":\"https:\/\/tupique.com\/produit\/scanner-canon-7290c003\/#primaryimage\"},\"image\":{\"@id\":\"https:\/\/tupique.com\/produit\/scanner-canon-7290c003\/#primaryimage\"},\"thumbnailUrl\":\"https:\/\/tupique.com\/wp-content\/uploads\/2026\/04\/4528472112565_S55317857_P00.jpg\",\"datePublished\":\"2026-04-06T02:05:06+00:00\",\"dateModified\":\"2026-04-06T17:56:05+00:00\",\"description\":\"Vous cherchez Scanner Canon 7290C003 ? Achetez des produits chez Tupique. Profitez de la livraison gratuite pour obtenir Scanner Canon 7290C003 d\u00e8s maintenant.\",\"breadcrumb\":{\"@id\":\"https:\/\/tupique.com\/produit\/scanner-canon-7290c003\/#breadcrumb\"},\"inLanguage\":\"es\",\"potentialAction\":[{\"@type\":\"ReadAction\",\"target\":[\"https:\/\/tupique.com\/produit\/scanner-canon-7290c003\/\"]}]},{\"@type\":\"ImageObject\",\"inLanguage\":\"es\",\"@id\":\"https:\/\/tupique.com\/produit\/scanner-canon-7290c003\/#primaryimage\",\"url\":\"https:\/\/tupique.com\/wp-content\/uploads\/2026\/04\/4528472112565_S55317857_P00.jpg\",\"contentUrl\":\"https:\/\/tupique.com\/wp-content\/uploads\/2026\/04\/4528472112565_S55317857_P00.jpg\",\"width\":1200,\"height\":1200,\"caption\":\"S55317857_0\"},{\"@type\":\"BreadcrumbList\",\"@id\":\"https:\/\/tupique.com\/produit\/scanner-canon-7290c003\/#breadcrumb\",\"itemListElement\":[{\"@type\":\"ListItem\",\"position\":1,\"name\":\"In\u00edcio\",\"item\":\"https:\/\/tupique.com\/\"},{\"@type\":\"ListItem\",\"position\":2,\"name\":\"Boutique\",\"item\":\"https:\/\/tupique.com\/en\/boutique\/\"},{\"@type\":\"ListItem\",\"position\":3,\"name\":\"Scanner Canon 7290C003\"}]},{\"@type\":\"WebSite\",\"@id\":\"https:\/\/tupique.com\/#website\",\"url\":\"https:\/\/tupique.com\/\",\"name\":\"Tupique\",\"description\":\"Marketplace\",\"publisher\":{\"@id\":\"https:\/\/tupique.com\/#organization\"},\"potentialAction\":[{\"@type\":\"SearchAction\",\"target\":{\"@type\":\"EntryPoint\",\"urlTemplate\":\"https:\/\/tupique.com\/?s={search_term_string}\"},\"query-input\":{\"@type\":\"PropertyValueSpecification\",\"valueRequired\":true,\"valueName\":\"search_term_string\"}}],\"inLanguage\":\"es\"},{\"@type\":\"Organization\",\"@id\":\"https:\/\/tupique.com\/#organization\",\"name\":\"Tupique\",\"url\":\"https:\/\/tupique.com\/\",\"logo\":{\"@type\":\"ImageObject\",\"inLanguage\":\"es\",\"@id\":\"https:\/\/tupique.com\/#\/schema\/logo\/image\/\",\"url\":\"https:\/\/tupique.com\/wp-content\/uploads\/2024\/09\/logo.png\",\"contentUrl\":\"https:\/\/tupique.com\/wp-content\/uploads\/2024\/09\/logo.png\",\"width\":1118,\"height\":310,\"caption\":\"Tupique\"},\"image\":{\"@id\":\"https:\/\/tupique.com\/#\/schema\/logo\/image\/\"}}]}<\/script>\n<!-- \/ Yoast SEO plugin. -->","yoast_head_json":{"title":"Scanner Canon 7290C003 - Tupique","description":"Vous cherchez Scanner Canon 7290C003 ? Achetez des produits chez Tupique. Profitez de la livraison gratuite pour obtenir Scanner Canon 7290C003 d\u00e8s maintenant.","robots":{"index":"index","follow":"follow","max-snippet":"max-snippet:-1","max-image-preview":"max-image-preview:large","max-video-preview":"max-video-preview:-1"},"canonical":"https:\/\/tupique.com\/es\/producto\/scanner-canon-7290c003\/","og_locale":"es_ES","og_type":"article","og_title":"Scanner Canon 7290C003 - Tupique","og_description":"Vous cherchez Scanner Canon 7290C003 ? Achetez des produits chez Tupique. Profitez de la livraison gratuite pour obtenir Scanner Canon 7290C003 d\u00e8s maintenant.","og_url":"https:\/\/tupique.com\/es\/producto\/scanner-canon-7290c003\/","og_site_name":"Tupique","article_modified_time":"2026-04-06T17:56:05+00:00","og_image":[{"width":1200,"height":1200,"url":"https:\/\/tupique.com\/wp-content\/uploads\/2026\/04\/4528472112565_S55317857_P00.jpg","type":"image\/jpeg"}],"twitter_card":"summary_large_image","schema":{"@context":"https:\/\/schema.org","@graph":[{"@type":"WebPage","@id":"https:\/\/tupique.com\/produit\/scanner-canon-7290c003\/","url":"https:\/\/tupique.com\/produit\/scanner-canon-7290c003\/","name":"Scanner Canon 7290C003 - Tupique","isPartOf":{"@id":"https:\/\/tupique.com\/#website"},"primaryImageOfPage":{"@id":"https:\/\/tupique.com\/produit\/scanner-canon-7290c003\/#primaryimage"},"image":{"@id":"https:\/\/tupique.com\/produit\/scanner-canon-7290c003\/#primaryimage"},"thumbnailUrl":"https:\/\/tupique.com\/wp-content\/uploads\/2026\/04\/4528472112565_S55317857_P00.jpg","datePublished":"2026-04-06T02:05:06+00:00","dateModified":"2026-04-06T17:56:05+00:00","description":"Vous cherchez Scanner Canon 7290C003 ? Achetez des produits chez Tupique. Profitez de la livraison gratuite pour obtenir Scanner Canon 7290C003 d\u00e8s maintenant.","breadcrumb":{"@id":"https:\/\/tupique.com\/produit\/scanner-canon-7290c003\/#breadcrumb"},"inLanguage":"es","potentialAction":[{"@type":"ReadAction","target":["https:\/\/tupique.com\/produit\/scanner-canon-7290c003\/"]}]},{"@type":"ImageObject","inLanguage":"es","@id":"https:\/\/tupique.com\/produit\/scanner-canon-7290c003\/#primaryimage","url":"https:\/\/tupique.com\/wp-content\/uploads\/2026\/04\/4528472112565_S55317857_P00.jpg","contentUrl":"https:\/\/tupique.com\/wp-content\/uploads\/2026\/04\/4528472112565_S55317857_P00.jpg","width":1200,"height":1200,"caption":"S55317857_0"},{"@type":"BreadcrumbList","@id":"https:\/\/tupique.com\/produit\/scanner-canon-7290c003\/#breadcrumb","itemListElement":[{"@type":"ListItem","position":1,"name":"In\u00edcio","item":"https:\/\/tupique.com\/"},{"@type":"ListItem","position":2,"name":"Boutique","item":"https:\/\/tupique.com\/en\/boutique\/"},{"@type":"ListItem","position":3,"name":"Scanner Canon 7290C003"}]},{"@type":"WebSite","@id":"https:\/\/tupique.com\/#website","url":"https:\/\/tupique.com\/","name":"Tupique","description":"Marketplace","publisher":{"@id":"https:\/\/tupique.com\/#organization"},"potentialAction":[{"@type":"SearchAction","target":{"@type":"EntryPoint","urlTemplate":"https:\/\/tupique.com\/?s={search_term_string}"},"query-input":{"@type":"PropertyValueSpecification","valueRequired":true,"valueName":"search_term_string"}}],"inLanguage":"es"},{"@type":"Organization","@id":"https:\/\/tupique.com\/#organization","name":"Tupique","url":"https:\/\/tupique.com\/","logo":{"@type":"ImageObject","inLanguage":"es","@id":"https:\/\/tupique.com\/#\/schema\/logo\/image\/","url":"https:\/\/tupique.com\/wp-content\/uploads\/2024\/09\/logo.png","contentUrl":"https:\/\/tupique.com\/wp-content\/uploads\/2024\/09\/logo.png","width":1118,"height":310,"caption":"Tupique"},"image":{"@id":"https:\/\/tupique.com\/#\/schema\/logo\/image\/"}}]}},"jetpack_sharing_enabled":true,"_links":{"self":[{"href":"https:\/\/tupique.com\/es\/wp-json\/wp\/v2\/product\/4380984","targetHints":{"allow":["GET"]}}],"collection":[{"href":"https:\/\/tupique.com\/es\/wp-json\/wp\/v2\/product"}],"about":[{"href":"https:\/\/tupique.com\/es\/wp-json\/wp\/v2\/types\/product"}],"replies":[{"embeddable":true,"href":"https:\/\/tupique.com\/es\/wp-json\/wp\/v2\/comments?post=4380984"}],"wp:featuredmedia":[{"embeddable":true,"href":"https:\/\/tupique.com\/es\/wp-json\/wp\/v2\/media\/4380980"}],"wp:attachment":[{"href":"https:\/\/tupique.com\/es\/wp-json\/wp\/v2\/media?parent=4380984"}],"wp:term":[{"taxonomy":"product_brand","embeddable":true,"href":"https:\/\/tupique.com\/es\/wp-json\/wp\/v2\/product_brand?post=4380984"},{"taxonomy":"product_cat","embeddable":true,"href":"https:\/\/tupique.com\/es\/wp-json\/wp\/v2\/product_cat?post=4380984"},{"taxonomy":"product_tag","embeddable":true,"href":"https:\/\/tupique.com\/es\/wp-json\/wp\/v2\/product_tag?post=4380984"}],"curies":[{"name":"wp","href":"https:\/\/api.w.org\/{rel}","templated":true}]}}