{"id":4381010,"date":"2026-04-06T03:05:40","date_gmt":"2026-04-06T02:05:40","guid":{"rendered":"https:\/\/tupique.com\/produit\/batterie-pour-systeme-dalimentation-sans-interruption-eaton-ebp-1613i-9-ah-12-v\/"},"modified":"2026-04-06T03:05:40","modified_gmt":"2026-04-06T02:05:40","slug":"batterie-pour-systeme-dalimentation-sans-interruption-eaton-ebp-1613i-9-ah-12-v","status":"publish","type":"product","link":"https:\/\/tupique.com\/es\/producto\/batterie-pour-systeme-dalimentation-sans-interruption-eaton-ebp-1613i-9-ah-12-v\/","title":{"rendered":"Batterie pour Syst\u00e8me d&#8217;Alimentation Sans Interruption Eaton EBP-1613I 9 Ah 12 V"},"content":{"rendered":"<p>Si le apasiona\u2019<b>inform\u00e1tica y electr\u00f3nica<\/b>, Si est\u00e1s a la \u00faltima en tecnolog\u00eda y no quieres perderte nada, compra <b>Batterie pour Syst\u00e8me d&#8217;Alimentation Sans Interruption Eaton EBP-1613I 9 Ah 12 V<\/b> al mejor precio.<\/p>\n<ul>\n<li>Tipo:\n<ul>\n<li>Batterie<\/li>\n<li>Batterie pour Syst\u00e8me d&#8217;Alimentation Sans Interruption<\/li>\n<\/ul>\n<\/li>\n<li>Mati\u00e8re: Plomb<\/li>\n<li>Color: Negro<\/li>\n<li>Largeur: 210 mm<\/li>\n<li>Profondeur: 470 mm<\/li>\n<li>Capacit\u00e9 de la batterie: 9 Ah<\/li>\n<li>Technologie: VRLA<\/li>\n<li>Tensi\u00f3n: 12 V<\/li>\n<\/ul>","protected":false},"excerpt":{"rendered":"<p>Si vous \u00eates passionn\u00e9 d&#8217;informatique et d&#8217;\u00e9lectronique, si vous \u00eates \u00e0 la pointe de la technologie et qu&#8217;aucun d\u00e9tail ne<\/p>","protected":false},"featured_media":4381007,"comment_status":"open","ping_status":"closed","template":"","meta":{"_joinchat":[]},"product_brand":[158170],"product_cat":[157516,157517,157526],"product_tag":[157515],"class_list":{"0":"post-4381010","1":"product","2":"type-product","3":"status-publish","4":"has-post-thumbnail","6":"product_brand-brandp_4815","7":"product_cat-informatique-electronique","8":"product_cat-informatique-peripheriques-et-consommables","9":"product_cat-ups","10":"product_tag-tag_1295","12":"first","13":"instock","14":"taxable","15":"shipping-taxable","16":"purchasable","17":"product-type-simple"},"yoast_head":"<!-- This site is optimized with the Yoast SEO plugin v27.2 - https:\/\/yoast.com\/product\/yoast-seo-wordpress\/ -->\n<title>Batterie pour Syst\u00e8me d&#039;Alimentation Sans Interruption Eaton EBP-1613I 9 Ah 12 V - Tupique<\/title>\n<meta name=\"description\" content=\"Vous cherchez Batterie pour Syst\u00e8me d&#039;Alimentation Sans Interruption Eaton EBP-1613I 9 Ah 12 V ? Achetez des produits chez Tupique. Profitez de la livraison gratuite pour obtenir Batterie pour Syst\u00e8me d&#039;Alimentation Sans Interruption Eaton EBP-1613I 9 Ah 12 V d\u00e8s maintenant.\" \/>\n<meta name=\"robots\" content=\"index, follow, max-snippet:-1, max-image-preview:large, max-video-preview:-1\" \/>\n<link rel=\"canonical\" href=\"https:\/\/tupique.com\/es\/producto\/batterie-pour-systeme-dalimentation-sans-interruption-eaton-ebp-1613i-9-ah-12-v\/\" \/>\n<meta property=\"og:locale\" content=\"es_ES\" \/>\n<meta property=\"og:type\" content=\"article\" \/>\n<meta property=\"og:title\" content=\"Batterie pour Syst\u00e8me d&#039;Alimentation Sans Interruption Eaton EBP-1613I 9 Ah 12 V - Tupique\" \/>\n<meta property=\"og:description\" content=\"Vous cherchez Batterie pour Syst\u00e8me d&#039;Alimentation Sans Interruption Eaton EBP-1613I 9 Ah 12 V ? Achetez des produits chez Tupique. Profitez de la livraison gratuite pour obtenir Batterie pour Syst\u00e8me d&#039;Alimentation Sans Interruption Eaton EBP-1613I 9 Ah 12 V d\u00e8s maintenant.\" \/>\n<meta property=\"og:url\" content=\"https:\/\/tupique.com\/es\/producto\/batterie-pour-systeme-dalimentation-sans-interruption-eaton-ebp-1613i-9-ah-12-v\/\" \/>\n<meta property=\"og:site_name\" content=\"Tupique\" \/>\n<meta name=\"twitter:card\" content=\"summary_large_image\" \/>\n<script type=\"application\/ld+json\" class=\"yoast-schema-graph\">{\"@context\":\"https:\/\/schema.org\",\"@graph\":[{\"@type\":\"WebPage\",\"@id\":\"https:\/\/tupique.com\/produit\/batterie-pour-systeme-dalimentation-sans-interruption-eaton-ebp-1613i-9-ah-12-v\/\",\"url\":\"https:\/\/tupique.com\/produit\/batterie-pour-systeme-dalimentation-sans-interruption-eaton-ebp-1613i-9-ah-12-v\/\",\"name\":\"Batterie pour Syst\u00e8me d'Alimentation Sans Interruption Eaton EBP-1613I 9 Ah 12 V - Tupique\",\"isPartOf\":{\"@id\":\"https:\/\/tupique.com\/#website\"},\"primaryImageOfPage\":{\"@id\":\"https:\/\/tupique.com\/produit\/batterie-pour-systeme-dalimentation-sans-interruption-eaton-ebp-1613i-9-ah-12-v\/#primaryimage\"},\"image\":{\"@id\":\"https:\/\/tupique.com\/produit\/batterie-pour-systeme-dalimentation-sans-interruption-eaton-ebp-1613i-9-ah-12-v\/#primaryimage\"},\"thumbnailUrl\":\"https:\/\/tupique.com\/wp-content\/uploads\/2026\/04\/3553340800405_I00.jpg\",\"datePublished\":\"2026-04-06T02:05:40+00:00\",\"description\":\"Vous cherchez Batterie pour Syst\u00e8me d'Alimentation Sans Interruption Eaton EBP-1613I 9 Ah 12 V ? Achetez des produits chez Tupique. Profitez de la livraison gratuite pour obtenir Batterie pour Syst\u00e8me d'Alimentation Sans Interruption Eaton EBP-1613I 9 Ah 12 V d\u00e8s maintenant.\",\"breadcrumb\":{\"@id\":\"https:\/\/tupique.com\/produit\/batterie-pour-systeme-dalimentation-sans-interruption-eaton-ebp-1613i-9-ah-12-v\/#breadcrumb\"},\"inLanguage\":\"es\",\"potentialAction\":[{\"@type\":\"ReadAction\",\"target\":[\"https:\/\/tupique.com\/produit\/batterie-pour-systeme-dalimentation-sans-interruption-eaton-ebp-1613i-9-ah-12-v\/\"]}]},{\"@type\":\"ImageObject\",\"inLanguage\":\"es\",\"@id\":\"https:\/\/tupique.com\/produit\/batterie-pour-systeme-dalimentation-sans-interruption-eaton-ebp-1613i-9-ah-12-v\/#primaryimage\",\"url\":\"https:\/\/tupique.com\/wp-content\/uploads\/2026\/04\/3553340800405_I00.jpg\",\"contentUrl\":\"https:\/\/tupique.com\/wp-content\/uploads\/2026\/04\/3553340800405_I00.jpg\",\"width\":1200,\"height\":1200,\"caption\":\"S55157417_0\"},{\"@type\":\"BreadcrumbList\",\"@id\":\"https:\/\/tupique.com\/produit\/batterie-pour-systeme-dalimentation-sans-interruption-eaton-ebp-1613i-9-ah-12-v\/#breadcrumb\",\"itemListElement\":[{\"@type\":\"ListItem\",\"position\":1,\"name\":\"In\u00edcio\",\"item\":\"https:\/\/tupique.com\/\"},{\"@type\":\"ListItem\",\"position\":2,\"name\":\"Boutique\",\"item\":\"https:\/\/tupique.com\/en\/boutique\/\"},{\"@type\":\"ListItem\",\"position\":3,\"name\":\"Batterie pour Syst\u00e8me d&#8217;Alimentation Sans Interruption Eaton EBP-1613I 9 Ah 12 V\"}]},{\"@type\":\"WebSite\",\"@id\":\"https:\/\/tupique.com\/#website\",\"url\":\"https:\/\/tupique.com\/\",\"name\":\"Tupique\",\"description\":\"Marketplace\",\"publisher\":{\"@id\":\"https:\/\/tupique.com\/#organization\"},\"potentialAction\":[{\"@type\":\"SearchAction\",\"target\":{\"@type\":\"EntryPoint\",\"urlTemplate\":\"https:\/\/tupique.com\/?s={search_term_string}\"},\"query-input\":{\"@type\":\"PropertyValueSpecification\",\"valueRequired\":true,\"valueName\":\"search_term_string\"}}],\"inLanguage\":\"es\"},{\"@type\":\"Organization\",\"@id\":\"https:\/\/tupique.com\/#organization\",\"name\":\"Tupique\",\"url\":\"https:\/\/tupique.com\/\",\"logo\":{\"@type\":\"ImageObject\",\"inLanguage\":\"es\",\"@id\":\"https:\/\/tupique.com\/#\/schema\/logo\/image\/\",\"url\":\"https:\/\/tupique.com\/wp-content\/uploads\/2024\/09\/logo.png\",\"contentUrl\":\"https:\/\/tupique.com\/wp-content\/uploads\/2024\/09\/logo.png\",\"width\":1118,\"height\":310,\"caption\":\"Tupique\"},\"image\":{\"@id\":\"https:\/\/tupique.com\/#\/schema\/logo\/image\/\"}}]}<\/script>\n<!-- \/ Yoast SEO plugin. -->","yoast_head_json":{"title":"Batterie pour Syst\u00e8me d'Alimentation Sans Interruption Eaton EBP-1613I 9 Ah 12 V - Tupique","description":"Vous cherchez Batterie pour Syst\u00e8me d'Alimentation Sans Interruption Eaton EBP-1613I 9 Ah 12 V ? Achetez des produits chez Tupique. Profitez de la livraison gratuite pour obtenir Batterie pour Syst\u00e8me d'Alimentation Sans Interruption Eaton EBP-1613I 9 Ah 12 V d\u00e8s maintenant.","robots":{"index":"index","follow":"follow","max-snippet":"max-snippet:-1","max-image-preview":"max-image-preview:large","max-video-preview":"max-video-preview:-1"},"canonical":"https:\/\/tupique.com\/es\/producto\/batterie-pour-systeme-dalimentation-sans-interruption-eaton-ebp-1613i-9-ah-12-v\/","og_locale":"es_ES","og_type":"article","og_title":"Batterie pour Syst\u00e8me d'Alimentation Sans Interruption Eaton EBP-1613I 9 Ah 12 V - Tupique","og_description":"Vous cherchez Batterie pour Syst\u00e8me d'Alimentation Sans Interruption Eaton EBP-1613I 9 Ah 12 V ? Achetez des produits chez Tupique. Profitez de la livraison gratuite pour obtenir Batterie pour Syst\u00e8me d'Alimentation Sans Interruption Eaton EBP-1613I 9 Ah 12 V d\u00e8s maintenant.","og_url":"https:\/\/tupique.com\/es\/producto\/batterie-pour-systeme-dalimentation-sans-interruption-eaton-ebp-1613i-9-ah-12-v\/","og_site_name":"Tupique","twitter_card":"summary_large_image","schema":{"@context":"https:\/\/schema.org","@graph":[{"@type":"WebPage","@id":"https:\/\/tupique.com\/produit\/batterie-pour-systeme-dalimentation-sans-interruption-eaton-ebp-1613i-9-ah-12-v\/","url":"https:\/\/tupique.com\/produit\/batterie-pour-systeme-dalimentation-sans-interruption-eaton-ebp-1613i-9-ah-12-v\/","name":"Batterie pour Syst\u00e8me d'Alimentation Sans Interruption Eaton EBP-1613I 9 Ah 12 V - Tupique","isPartOf":{"@id":"https:\/\/tupique.com\/#website"},"primaryImageOfPage":{"@id":"https:\/\/tupique.com\/produit\/batterie-pour-systeme-dalimentation-sans-interruption-eaton-ebp-1613i-9-ah-12-v\/#primaryimage"},"image":{"@id":"https:\/\/tupique.com\/produit\/batterie-pour-systeme-dalimentation-sans-interruption-eaton-ebp-1613i-9-ah-12-v\/#primaryimage"},"thumbnailUrl":"https:\/\/tupique.com\/wp-content\/uploads\/2026\/04\/3553340800405_I00.jpg","datePublished":"2026-04-06T02:05:40+00:00","description":"Vous cherchez Batterie pour Syst\u00e8me d'Alimentation Sans Interruption Eaton EBP-1613I 9 Ah 12 V ? Achetez des produits chez Tupique. Profitez de la livraison gratuite pour obtenir Batterie pour Syst\u00e8me d'Alimentation Sans Interruption Eaton EBP-1613I 9 Ah 12 V d\u00e8s maintenant.","breadcrumb":{"@id":"https:\/\/tupique.com\/produit\/batterie-pour-systeme-dalimentation-sans-interruption-eaton-ebp-1613i-9-ah-12-v\/#breadcrumb"},"inLanguage":"es","potentialAction":[{"@type":"ReadAction","target":["https:\/\/tupique.com\/produit\/batterie-pour-systeme-dalimentation-sans-interruption-eaton-ebp-1613i-9-ah-12-v\/"]}]},{"@type":"ImageObject","inLanguage":"es","@id":"https:\/\/tupique.com\/produit\/batterie-pour-systeme-dalimentation-sans-interruption-eaton-ebp-1613i-9-ah-12-v\/#primaryimage","url":"https:\/\/tupique.com\/wp-content\/uploads\/2026\/04\/3553340800405_I00.jpg","contentUrl":"https:\/\/tupique.com\/wp-content\/uploads\/2026\/04\/3553340800405_I00.jpg","width":1200,"height":1200,"caption":"S55157417_0"},{"@type":"BreadcrumbList","@id":"https:\/\/tupique.com\/produit\/batterie-pour-systeme-dalimentation-sans-interruption-eaton-ebp-1613i-9-ah-12-v\/#breadcrumb","itemListElement":[{"@type":"ListItem","position":1,"name":"In\u00edcio","item":"https:\/\/tupique.com\/"},{"@type":"ListItem","position":2,"name":"Boutique","item":"https:\/\/tupique.com\/en\/boutique\/"},{"@type":"ListItem","position":3,"name":"Batterie pour Syst\u00e8me d&#8217;Alimentation Sans Interruption Eaton EBP-1613I 9 Ah 12 V"}]},{"@type":"WebSite","@id":"https:\/\/tupique.com\/#website","url":"https:\/\/tupique.com\/","name":"Tupique","description":"Marketplace","publisher":{"@id":"https:\/\/tupique.com\/#organization"},"potentialAction":[{"@type":"SearchAction","target":{"@type":"EntryPoint","urlTemplate":"https:\/\/tupique.com\/?s={search_term_string}"},"query-input":{"@type":"PropertyValueSpecification","valueRequired":true,"valueName":"search_term_string"}}],"inLanguage":"es"},{"@type":"Organization","@id":"https:\/\/tupique.com\/#organization","name":"Tupique","url":"https:\/\/tupique.com\/","logo":{"@type":"ImageObject","inLanguage":"es","@id":"https:\/\/tupique.com\/#\/schema\/logo\/image\/","url":"https:\/\/tupique.com\/wp-content\/uploads\/2024\/09\/logo.png","contentUrl":"https:\/\/tupique.com\/wp-content\/uploads\/2024\/09\/logo.png","width":1118,"height":310,"caption":"Tupique"},"image":{"@id":"https:\/\/tupique.com\/#\/schema\/logo\/image\/"}}]}},"jetpack_sharing_enabled":true,"_links":{"self":[{"href":"https:\/\/tupique.com\/es\/wp-json\/wp\/v2\/product\/4381010","targetHints":{"allow":["GET"]}}],"collection":[{"href":"https:\/\/tupique.com\/es\/wp-json\/wp\/v2\/product"}],"about":[{"href":"https:\/\/tupique.com\/es\/wp-json\/wp\/v2\/types\/product"}],"replies":[{"embeddable":true,"href":"https:\/\/tupique.com\/es\/wp-json\/wp\/v2\/comments?post=4381010"}],"wp:featuredmedia":[{"embeddable":true,"href":"https:\/\/tupique.com\/es\/wp-json\/wp\/v2\/media\/4381007"}],"wp:attachment":[{"href":"https:\/\/tupique.com\/es\/wp-json\/wp\/v2\/media?parent=4381010"}],"wp:term":[{"taxonomy":"product_brand","embeddable":true,"href":"https:\/\/tupique.com\/es\/wp-json\/wp\/v2\/product_brand?post=4381010"},{"taxonomy":"product_cat","embeddable":true,"href":"https:\/\/tupique.com\/es\/wp-json\/wp\/v2\/product_cat?post=4381010"},{"taxonomy":"product_tag","embeddable":true,"href":"https:\/\/tupique.com\/es\/wp-json\/wp\/v2\/product_tag?post=4381010"}],"curies":[{"name":"wp","href":"https:\/\/api.w.org\/{rel}","templated":true}]}}