{"id":4381125,"date":"2026-04-06T06:56:51","date_gmt":"2026-04-06T05:56:51","guid":{"rendered":"https:\/\/tupique.com\/produit\/air-conditionne-pour-conduits-daitsu-electric-acd24kdbs-a-a-2000-w\/"},"modified":"2026-04-06T06:56:51","modified_gmt":"2026-04-06T05:56:51","slug":"air-conditionne-pour-conduits-daitsu-electric-acd24kdbs-a-a-2000-w","status":"publish","type":"product","link":"https:\/\/tupique.com\/es\/producto\/air-conditionne-pour-conduits-daitsu-electric-acd24kdbs-a-a-2000-w\/","title":{"rendered":"Air Conditionn\u00e9 pour Conduits DAITSU ELECTRIC ACD24KDBS A+ A++ 2000 W"},"content":{"rendered":"<p>Si buscas electrodom\u00e9sticos para tu hogar a los mejores precios, no te pierdas <b>Air Conditionn\u00e9 pour Conduits DAITSU ELECTRIC ACD24KDBS A+ A++ 2000 W<\/b> y una amplia selecci\u00f3n de peque\u00f1os electrodom\u00e9sticos de calidad.<\/p>\n<ul>\n<li>Color: Gris<\/li>\n<li>Clasificaci\u00f3n energ\u00e9tica:\n<ul>\n<li>A+<\/li>\n<li>A++<\/li>\n<\/ul>\n<\/li>\n<li>puissance: 2000 W<\/li>\n<li>Gasolina: R32<\/li>\n<\/ul>","protected":false},"excerpt":{"rendered":"<p>Si vous recherchez des \u00e9lectrom\u00e9nagers pour votre maison aux meilleurs prix, ne manquez pas Air Conditionn\u00e9 pour Conduits DAITSU ELECTRIC<\/p>","protected":false},"featured_media":4381122,"comment_status":"open","ping_status":"closed","template":"","meta":{"_joinchat":[]},"product_brand":[158178],"product_cat":[158005,158006,157535],"product_tag":[157553,157531],"class_list":{"0":"post-4381125","1":"product","2":"type-product","3":"status-publish","4":"has-post-thumbnail","6":"product_brand-brandp_1177","7":"product_cat-climatisation-et-chauffage","8":"product_cat-climatiseurs-et-ventilateurs","9":"product_cat-maison-jardin","10":"product_tag-tag_124","11":"product_tag-tag_25","13":"first","14":"instock","15":"taxable","16":"shipping-taxable","17":"purchasable","18":"product-type-simple"},"yoast_head":"<!-- This site is optimized with the Yoast SEO plugin v27.2 - https:\/\/yoast.com\/product\/yoast-seo-wordpress\/ -->\n<title>Air Conditionn\u00e9 pour Conduits DAITSU ELECTRIC ACD24KDBS A+ A++ 2000 W - Tupique<\/title>\n<meta name=\"description\" content=\"Vous cherchez Air Conditionn\u00e9 pour Conduits DAITSU ELECTRIC ACD24KDBS A+ A++ 2000 W ? Achetez des produits chez Tupique. Profitez de la livraison gratuite pour obtenir Air Conditionn\u00e9 pour Conduits DAITSU ELECTRIC ACD24KDBS A+ A++ 2000 W d\u00e8s maintenant.\" \/>\n<meta name=\"robots\" content=\"index, follow, max-snippet:-1, max-image-preview:large, max-video-preview:-1\" \/>\n<link rel=\"canonical\" href=\"https:\/\/tupique.com\/es\/producto\/air-conditionne-pour-conduits-daitsu-electric-acd24kdbs-a-a-2000-w\/\" \/>\n<meta property=\"og:locale\" content=\"es_ES\" \/>\n<meta property=\"og:type\" content=\"article\" \/>\n<meta property=\"og:title\" content=\"Air Conditionn\u00e9 pour Conduits DAITSU ELECTRIC ACD24KDBS A+ A++ 2000 W - Tupique\" \/>\n<meta property=\"og:description\" content=\"Vous cherchez Air Conditionn\u00e9 pour Conduits DAITSU ELECTRIC ACD24KDBS A+ A++ 2000 W ? Achetez des produits chez Tupique. Profitez de la livraison gratuite pour obtenir Air Conditionn\u00e9 pour Conduits DAITSU ELECTRIC ACD24KDBS A+ A++ 2000 W d\u00e8s maintenant.\" \/>\n<meta property=\"og:url\" content=\"https:\/\/tupique.com\/es\/producto\/air-conditionne-pour-conduits-daitsu-electric-acd24kdbs-a-a-2000-w\/\" \/>\n<meta property=\"og:site_name\" content=\"Tupique\" \/>\n<meta name=\"twitter:card\" content=\"summary_large_image\" \/>\n<script type=\"application\/ld+json\" class=\"yoast-schema-graph\">{\"@context\":\"https:\/\/schema.org\",\"@graph\":[{\"@type\":\"WebPage\",\"@id\":\"https:\/\/tupique.com\/produit\/air-conditionne-pour-conduits-daitsu-electric-acd24kdbs-a-a-2000-w\/\",\"url\":\"https:\/\/tupique.com\/produit\/air-conditionne-pour-conduits-daitsu-electric-acd24kdbs-a-a-2000-w\/\",\"name\":\"Air Conditionn\u00e9 pour Conduits DAITSU ELECTRIC ACD24KDBS A+ A++ 2000 W - Tupique\",\"isPartOf\":{\"@id\":\"https:\/\/tupique.com\/#website\"},\"primaryImageOfPage\":{\"@id\":\"https:\/\/tupique.com\/produit\/air-conditionne-pour-conduits-daitsu-electric-acd24kdbs-a-a-2000-w\/#primaryimage\"},\"image\":{\"@id\":\"https:\/\/tupique.com\/produit\/air-conditionne-pour-conduits-daitsu-electric-acd24kdbs-a-a-2000-w\/#primaryimage\"},\"thumbnailUrl\":\"https:\/\/tupique.com\/wp-content\/uploads\/2026\/04\/S0449845_84328846273320.jpg\",\"datePublished\":\"2026-04-06T05:56:51+00:00\",\"description\":\"Vous cherchez Air Conditionn\u00e9 pour Conduits DAITSU ELECTRIC ACD24KDBS A+ A++ 2000 W ? Achetez des produits chez Tupique. Profitez de la livraison gratuite pour obtenir Air Conditionn\u00e9 pour Conduits DAITSU ELECTRIC ACD24KDBS A+ A++ 2000 W d\u00e8s maintenant.\",\"breadcrumb\":{\"@id\":\"https:\/\/tupique.com\/produit\/air-conditionne-pour-conduits-daitsu-electric-acd24kdbs-a-a-2000-w\/#breadcrumb\"},\"inLanguage\":\"es\",\"potentialAction\":[{\"@type\":\"ReadAction\",\"target\":[\"https:\/\/tupique.com\/produit\/air-conditionne-pour-conduits-daitsu-electric-acd24kdbs-a-a-2000-w\/\"]}]},{\"@type\":\"ImageObject\",\"inLanguage\":\"es\",\"@id\":\"https:\/\/tupique.com\/produit\/air-conditionne-pour-conduits-daitsu-electric-acd24kdbs-a-a-2000-w\/#primaryimage\",\"url\":\"https:\/\/tupique.com\/wp-content\/uploads\/2026\/04\/S0449845_84328846273320.jpg\",\"contentUrl\":\"https:\/\/tupique.com\/wp-content\/uploads\/2026\/04\/S0449845_84328846273320.jpg\",\"width\":1200,\"height\":1200,\"caption\":\"S0449845_0\"},{\"@type\":\"BreadcrumbList\",\"@id\":\"https:\/\/tupique.com\/produit\/air-conditionne-pour-conduits-daitsu-electric-acd24kdbs-a-a-2000-w\/#breadcrumb\",\"itemListElement\":[{\"@type\":\"ListItem\",\"position\":1,\"name\":\"In\u00edcio\",\"item\":\"https:\/\/tupique.com\/\"},{\"@type\":\"ListItem\",\"position\":2,\"name\":\"Boutique\",\"item\":\"https:\/\/tupique.com\/en\/boutique\/\"},{\"@type\":\"ListItem\",\"position\":3,\"name\":\"Air Conditionn\u00e9 pour Conduits DAITSU ELECTRIC ACD24KDBS A+ A++ 2000 W\"}]},{\"@type\":\"WebSite\",\"@id\":\"https:\/\/tupique.com\/#website\",\"url\":\"https:\/\/tupique.com\/\",\"name\":\"Tupique\",\"description\":\"Marketplace\",\"publisher\":{\"@id\":\"https:\/\/tupique.com\/#organization\"},\"potentialAction\":[{\"@type\":\"SearchAction\",\"target\":{\"@type\":\"EntryPoint\",\"urlTemplate\":\"https:\/\/tupique.com\/?s={search_term_string}\"},\"query-input\":{\"@type\":\"PropertyValueSpecification\",\"valueRequired\":true,\"valueName\":\"search_term_string\"}}],\"inLanguage\":\"es\"},{\"@type\":\"Organization\",\"@id\":\"https:\/\/tupique.com\/#organization\",\"name\":\"Tupique\",\"url\":\"https:\/\/tupique.com\/\",\"logo\":{\"@type\":\"ImageObject\",\"inLanguage\":\"es\",\"@id\":\"https:\/\/tupique.com\/#\/schema\/logo\/image\/\",\"url\":\"https:\/\/tupique.com\/wp-content\/uploads\/2024\/09\/logo.png\",\"contentUrl\":\"https:\/\/tupique.com\/wp-content\/uploads\/2024\/09\/logo.png\",\"width\":1118,\"height\":310,\"caption\":\"Tupique\"},\"image\":{\"@id\":\"https:\/\/tupique.com\/#\/schema\/logo\/image\/\"}}]}<\/script>\n<!-- \/ Yoast SEO plugin. -->","yoast_head_json":{"title":"Air Conditionn\u00e9 pour Conduits DAITSU ELECTRIC ACD24KDBS A+ A++ 2000 W - Tupique","description":"Vous cherchez Air Conditionn\u00e9 pour Conduits DAITSU ELECTRIC ACD24KDBS A+ A++ 2000 W ? Achetez des produits chez Tupique. Profitez de la livraison gratuite pour obtenir Air Conditionn\u00e9 pour Conduits DAITSU ELECTRIC ACD24KDBS A+ A++ 2000 W d\u00e8s maintenant.","robots":{"index":"index","follow":"follow","max-snippet":"max-snippet:-1","max-image-preview":"max-image-preview:large","max-video-preview":"max-video-preview:-1"},"canonical":"https:\/\/tupique.com\/es\/producto\/air-conditionne-pour-conduits-daitsu-electric-acd24kdbs-a-a-2000-w\/","og_locale":"es_ES","og_type":"article","og_title":"Air Conditionn\u00e9 pour Conduits DAITSU ELECTRIC ACD24KDBS A+ A++ 2000 W - Tupique","og_description":"Vous cherchez Air Conditionn\u00e9 pour Conduits DAITSU ELECTRIC ACD24KDBS A+ A++ 2000 W ? Achetez des produits chez Tupique. Profitez de la livraison gratuite pour obtenir Air Conditionn\u00e9 pour Conduits DAITSU ELECTRIC ACD24KDBS A+ A++ 2000 W d\u00e8s maintenant.","og_url":"https:\/\/tupique.com\/es\/producto\/air-conditionne-pour-conduits-daitsu-electric-acd24kdbs-a-a-2000-w\/","og_site_name":"Tupique","twitter_card":"summary_large_image","schema":{"@context":"https:\/\/schema.org","@graph":[{"@type":"WebPage","@id":"https:\/\/tupique.com\/produit\/air-conditionne-pour-conduits-daitsu-electric-acd24kdbs-a-a-2000-w\/","url":"https:\/\/tupique.com\/produit\/air-conditionne-pour-conduits-daitsu-electric-acd24kdbs-a-a-2000-w\/","name":"Air Conditionn\u00e9 pour Conduits DAITSU ELECTRIC ACD24KDBS A+ A++ 2000 W - Tupique","isPartOf":{"@id":"https:\/\/tupique.com\/#website"},"primaryImageOfPage":{"@id":"https:\/\/tupique.com\/produit\/air-conditionne-pour-conduits-daitsu-electric-acd24kdbs-a-a-2000-w\/#primaryimage"},"image":{"@id":"https:\/\/tupique.com\/produit\/air-conditionne-pour-conduits-daitsu-electric-acd24kdbs-a-a-2000-w\/#primaryimage"},"thumbnailUrl":"https:\/\/tupique.com\/wp-content\/uploads\/2026\/04\/S0449845_84328846273320.jpg","datePublished":"2026-04-06T05:56:51+00:00","description":"Vous cherchez Air Conditionn\u00e9 pour Conduits DAITSU ELECTRIC ACD24KDBS A+ A++ 2000 W ? Achetez des produits chez Tupique. Profitez de la livraison gratuite pour obtenir Air Conditionn\u00e9 pour Conduits DAITSU ELECTRIC ACD24KDBS A+ A++ 2000 W d\u00e8s maintenant.","breadcrumb":{"@id":"https:\/\/tupique.com\/produit\/air-conditionne-pour-conduits-daitsu-electric-acd24kdbs-a-a-2000-w\/#breadcrumb"},"inLanguage":"es","potentialAction":[{"@type":"ReadAction","target":["https:\/\/tupique.com\/produit\/air-conditionne-pour-conduits-daitsu-electric-acd24kdbs-a-a-2000-w\/"]}]},{"@type":"ImageObject","inLanguage":"es","@id":"https:\/\/tupique.com\/produit\/air-conditionne-pour-conduits-daitsu-electric-acd24kdbs-a-a-2000-w\/#primaryimage","url":"https:\/\/tupique.com\/wp-content\/uploads\/2026\/04\/S0449845_84328846273320.jpg","contentUrl":"https:\/\/tupique.com\/wp-content\/uploads\/2026\/04\/S0449845_84328846273320.jpg","width":1200,"height":1200,"caption":"S0449845_0"},{"@type":"BreadcrumbList","@id":"https:\/\/tupique.com\/produit\/air-conditionne-pour-conduits-daitsu-electric-acd24kdbs-a-a-2000-w\/#breadcrumb","itemListElement":[{"@type":"ListItem","position":1,"name":"In\u00edcio","item":"https:\/\/tupique.com\/"},{"@type":"ListItem","position":2,"name":"Boutique","item":"https:\/\/tupique.com\/en\/boutique\/"},{"@type":"ListItem","position":3,"name":"Air Conditionn\u00e9 pour Conduits DAITSU ELECTRIC ACD24KDBS A+ A++ 2000 W"}]},{"@type":"WebSite","@id":"https:\/\/tupique.com\/#website","url":"https:\/\/tupique.com\/","name":"Tupique","description":"Marketplace","publisher":{"@id":"https:\/\/tupique.com\/#organization"},"potentialAction":[{"@type":"SearchAction","target":{"@type":"EntryPoint","urlTemplate":"https:\/\/tupique.com\/?s={search_term_string}"},"query-input":{"@type":"PropertyValueSpecification","valueRequired":true,"valueName":"search_term_string"}}],"inLanguage":"es"},{"@type":"Organization","@id":"https:\/\/tupique.com\/#organization","name":"Tupique","url":"https:\/\/tupique.com\/","logo":{"@type":"ImageObject","inLanguage":"es","@id":"https:\/\/tupique.com\/#\/schema\/logo\/image\/","url":"https:\/\/tupique.com\/wp-content\/uploads\/2024\/09\/logo.png","contentUrl":"https:\/\/tupique.com\/wp-content\/uploads\/2024\/09\/logo.png","width":1118,"height":310,"caption":"Tupique"},"image":{"@id":"https:\/\/tupique.com\/#\/schema\/logo\/image\/"}}]}},"jetpack_sharing_enabled":true,"_links":{"self":[{"href":"https:\/\/tupique.com\/es\/wp-json\/wp\/v2\/product\/4381125","targetHints":{"allow":["GET"]}}],"collection":[{"href":"https:\/\/tupique.com\/es\/wp-json\/wp\/v2\/product"}],"about":[{"href":"https:\/\/tupique.com\/es\/wp-json\/wp\/v2\/types\/product"}],"replies":[{"embeddable":true,"href":"https:\/\/tupique.com\/es\/wp-json\/wp\/v2\/comments?post=4381125"}],"wp:featuredmedia":[{"embeddable":true,"href":"https:\/\/tupique.com\/es\/wp-json\/wp\/v2\/media\/4381122"}],"wp:attachment":[{"href":"https:\/\/tupique.com\/es\/wp-json\/wp\/v2\/media?parent=4381125"}],"wp:term":[{"taxonomy":"product_brand","embeddable":true,"href":"https:\/\/tupique.com\/es\/wp-json\/wp\/v2\/product_brand?post=4381125"},{"taxonomy":"product_cat","embeddable":true,"href":"https:\/\/tupique.com\/es\/wp-json\/wp\/v2\/product_cat?post=4381125"},{"taxonomy":"product_tag","embeddable":true,"href":"https:\/\/tupique.com\/es\/wp-json\/wp\/v2\/product_tag?post=4381125"}],"curies":[{"name":"wp","href":"https:\/\/api.w.org\/{rel}","templated":true}]}}