{"id":4381729,"date":"2026-04-07T15:58:20","date_gmt":"2026-04-07T14:58:20","guid":{"rendered":"https:\/\/tupique.com\/produit\/camera-de-sport-insta360-x4-air-noir-25\/"},"modified":"2026-04-07T15:58:20","modified_gmt":"2026-04-07T14:58:20","slug":"camera-de-sport-insta360-x4-air-noir-25","status":"publish","type":"product","link":"https:\/\/tupique.com\/es\/producto\/camera-de-sport-insta360-x4-air-noir-25\/","title":{"rendered":"Cam\u00e9ra de sport Insta360 X4 AIR Noir 2,5&#8243;"},"content":{"rendered":"<p>Si buscas las \u00faltimas tendencias del mercado, nosotros te ayudamos. <b>Cam\u00e9ra de sport Insta360 X4 AIR Noir 2,5&#8243;<\/b> !<\/p>\n<ul>\n<li>Producto enchufable: S\u00ed<\/li>\n<li>Type: Cam\u00e9ra de sport<\/li>\n<li>Color: Negro<\/li>\n<li>Connexions: USB<\/li>\n<li>Conectividad:\n<ul>\n<li>Bluetooth<\/li>\n<li>Wi-Fi<\/li>\n<\/ul>\n<\/li>\n<li>Ecran: 2,5&#8243;<\/li>\n<li>R\u00e9solution d&#8217;enregistrement de vid\u00e9o: 3840 x 2160 px<\/li>\n<li>R\u00e9solution: 8K Ultra HD<\/li>\n<li>Tipo de bater\u00eda: Litio Ion<\/li>\n<\/ul>","protected":false},"excerpt":{"rendered":"<p>Si vous \u00eates \u00e0 la recherche de nouvelles tendances sur le march\u00e9, nous vous pr\u00e9sentons Cam\u00e9ra de sport Insta360 X4<\/p>","protected":false},"featured_media":4381724,"comment_status":"open","ping_status":"closed","template":"","meta":{"_joinchat":[]},"product_brand":[158030],"product_cat":[158031,157899,157516],"product_tag":[],"class_list":{"0":"post-4381729","1":"product","2":"type-product","3":"status-publish","4":"has-post-thumbnail","6":"product_brand-brandp_2530","7":"product_cat-appareils-photo-sport","8":"product_cat-electronique-photo-et-video","9":"product_cat-informatique-electronique","11":"first","12":"outofstock","13":"taxable","14":"shipping-taxable","15":"purchasable","16":"product-type-simple"},"yoast_head":"<!-- This site is optimized with the Yoast SEO plugin v27.2 - https:\/\/yoast.com\/product\/yoast-seo-wordpress\/ -->\n<title>Cam\u00e9ra de sport Insta360 X4 AIR Noir 2,5&quot; - Tupique<\/title>\n<meta name=\"description\" content=\"Vous cherchez Cam\u00e9ra de sport Insta360 X4 AIR Noir 2,5&quot; ? Achetez des produits chez Tupique. Profitez de la livraison gratuite pour obtenir Cam\u00e9ra de sport Insta360 X4 AIR Noir 2,5&quot; d\u00e8s maintenant.\" \/>\n<meta name=\"robots\" content=\"index, follow, max-snippet:-1, max-image-preview:large, max-video-preview:-1\" \/>\n<link rel=\"canonical\" href=\"https:\/\/tupique.com\/es\/producto\/camera-de-sport-insta360-x4-air-noir-25\/\" \/>\n<meta property=\"og:locale\" content=\"es_ES\" \/>\n<meta property=\"og:type\" content=\"article\" \/>\n<meta property=\"og:title\" content=\"Cam\u00e9ra de sport Insta360 X4 AIR Noir 2,5&quot; - Tupique\" \/>\n<meta property=\"og:description\" content=\"Vous cherchez Cam\u00e9ra de sport Insta360 X4 AIR Noir 2,5&quot; ? Achetez des produits chez Tupique. Profitez de la livraison gratuite pour obtenir Cam\u00e9ra de sport Insta360 X4 AIR Noir 2,5&quot; d\u00e8s maintenant.\" \/>\n<meta property=\"og:url\" content=\"https:\/\/tupique.com\/es\/producto\/camera-de-sport-insta360-x4-air-noir-25\/\" \/>\n<meta property=\"og:site_name\" content=\"Tupique\" \/>\n<meta name=\"twitter:card\" content=\"summary_large_image\" \/>\n<script type=\"application\/ld+json\" class=\"yoast-schema-graph\">{\"@context\":\"https:\/\/schema.org\",\"@graph\":[{\"@type\":\"WebPage\",\"@id\":\"https:\/\/tupique.com\/produit\/camera-de-sport-insta360-x4-air-noir-25\/\",\"url\":\"https:\/\/tupique.com\/produit\/camera-de-sport-insta360-x4-air-noir-25\/\",\"name\":\"Cam\u00e9ra de sport Insta360 X4 AIR Noir 2,5\\\" - Tupique\",\"isPartOf\":{\"@id\":\"https:\/\/tupique.com\/#website\"},\"primaryImageOfPage\":{\"@id\":\"https:\/\/tupique.com\/produit\/camera-de-sport-insta360-x4-air-noir-25\/#primaryimage\"},\"image\":{\"@id\":\"https:\/\/tupique.com\/produit\/camera-de-sport-insta360-x4-air-noir-25\/#primaryimage\"},\"thumbnailUrl\":\"https:\/\/tupique.com\/wp-content\/uploads\/2026\/04\/6977644764763_S0471094_P00.jpg\",\"datePublished\":\"2026-04-07T14:58:20+00:00\",\"description\":\"Vous cherchez Cam\u00e9ra de sport Insta360 X4 AIR Noir 2,5\\\" ? Achetez des produits chez Tupique. Profitez de la livraison gratuite pour obtenir Cam\u00e9ra de sport Insta360 X4 AIR Noir 2,5\\\" d\u00e8s maintenant.\",\"breadcrumb\":{\"@id\":\"https:\/\/tupique.com\/produit\/camera-de-sport-insta360-x4-air-noir-25\/#breadcrumb\"},\"inLanguage\":\"es\",\"potentialAction\":[{\"@type\":\"ReadAction\",\"target\":[\"https:\/\/tupique.com\/produit\/camera-de-sport-insta360-x4-air-noir-25\/\"]}]},{\"@type\":\"ImageObject\",\"inLanguage\":\"es\",\"@id\":\"https:\/\/tupique.com\/produit\/camera-de-sport-insta360-x4-air-noir-25\/#primaryimage\",\"url\":\"https:\/\/tupique.com\/wp-content\/uploads\/2026\/04\/6977644764763_S0471094_P00.jpg\",\"contentUrl\":\"https:\/\/tupique.com\/wp-content\/uploads\/2026\/04\/6977644764763_S0471094_P00.jpg\",\"width\":1200,\"height\":1200,\"caption\":\"S0471094_0\"},{\"@type\":\"BreadcrumbList\",\"@id\":\"https:\/\/tupique.com\/produit\/camera-de-sport-insta360-x4-air-noir-25\/#breadcrumb\",\"itemListElement\":[{\"@type\":\"ListItem\",\"position\":1,\"name\":\"In\u00edcio\",\"item\":\"https:\/\/tupique.com\/\"},{\"@type\":\"ListItem\",\"position\":2,\"name\":\"Boutique\",\"item\":\"https:\/\/tupique.com\/en\/boutique\/\"},{\"@type\":\"ListItem\",\"position\":3,\"name\":\"Cam\u00e9ra de sport Insta360 X4 AIR Noir 2,5&#8243;\"}]},{\"@type\":\"WebSite\",\"@id\":\"https:\/\/tupique.com\/#website\",\"url\":\"https:\/\/tupique.com\/\",\"name\":\"Tupique\",\"description\":\"Marketplace\",\"publisher\":{\"@id\":\"https:\/\/tupique.com\/#organization\"},\"potentialAction\":[{\"@type\":\"SearchAction\",\"target\":{\"@type\":\"EntryPoint\",\"urlTemplate\":\"https:\/\/tupique.com\/?s={search_term_string}\"},\"query-input\":{\"@type\":\"PropertyValueSpecification\",\"valueRequired\":true,\"valueName\":\"search_term_string\"}}],\"inLanguage\":\"es\"},{\"@type\":\"Organization\",\"@id\":\"https:\/\/tupique.com\/#organization\",\"name\":\"Tupique\",\"url\":\"https:\/\/tupique.com\/\",\"logo\":{\"@type\":\"ImageObject\",\"inLanguage\":\"es\",\"@id\":\"https:\/\/tupique.com\/#\/schema\/logo\/image\/\",\"url\":\"https:\/\/tupique.com\/wp-content\/uploads\/2024\/09\/logo.png\",\"contentUrl\":\"https:\/\/tupique.com\/wp-content\/uploads\/2024\/09\/logo.png\",\"width\":1118,\"height\":310,\"caption\":\"Tupique\"},\"image\":{\"@id\":\"https:\/\/tupique.com\/#\/schema\/logo\/image\/\"}}]}<\/script>\n<!-- \/ Yoast SEO plugin. -->","yoast_head_json":{"title":"Cam\u00e9ra de sport Insta360 X4 AIR Noir 2,5\" - Tupique","description":"Vous cherchez Cam\u00e9ra de sport Insta360 X4 AIR Noir 2,5\" ? Achetez des produits chez Tupique. Profitez de la livraison gratuite pour obtenir Cam\u00e9ra de sport Insta360 X4 AIR Noir 2,5\" d\u00e8s maintenant.","robots":{"index":"index","follow":"follow","max-snippet":"max-snippet:-1","max-image-preview":"max-image-preview:large","max-video-preview":"max-video-preview:-1"},"canonical":"https:\/\/tupique.com\/es\/producto\/camera-de-sport-insta360-x4-air-noir-25\/","og_locale":"es_ES","og_type":"article","og_title":"Cam\u00e9ra de sport Insta360 X4 AIR Noir 2,5\" - Tupique","og_description":"Vous cherchez Cam\u00e9ra de sport Insta360 X4 AIR Noir 2,5\" ? Achetez des produits chez Tupique. Profitez de la livraison gratuite pour obtenir Cam\u00e9ra de sport Insta360 X4 AIR Noir 2,5\" d\u00e8s maintenant.","og_url":"https:\/\/tupique.com\/es\/producto\/camera-de-sport-insta360-x4-air-noir-25\/","og_site_name":"Tupique","twitter_card":"summary_large_image","schema":{"@context":"https:\/\/schema.org","@graph":[{"@type":"WebPage","@id":"https:\/\/tupique.com\/produit\/camera-de-sport-insta360-x4-air-noir-25\/","url":"https:\/\/tupique.com\/produit\/camera-de-sport-insta360-x4-air-noir-25\/","name":"Cam\u00e9ra de sport Insta360 X4 AIR Noir 2,5\" - Tupique","isPartOf":{"@id":"https:\/\/tupique.com\/#website"},"primaryImageOfPage":{"@id":"https:\/\/tupique.com\/produit\/camera-de-sport-insta360-x4-air-noir-25\/#primaryimage"},"image":{"@id":"https:\/\/tupique.com\/produit\/camera-de-sport-insta360-x4-air-noir-25\/#primaryimage"},"thumbnailUrl":"https:\/\/tupique.com\/wp-content\/uploads\/2026\/04\/6977644764763_S0471094_P00.jpg","datePublished":"2026-04-07T14:58:20+00:00","description":"Vous cherchez Cam\u00e9ra de sport Insta360 X4 AIR Noir 2,5\" ? Achetez des produits chez Tupique. Profitez de la livraison gratuite pour obtenir Cam\u00e9ra de sport Insta360 X4 AIR Noir 2,5\" d\u00e8s maintenant.","breadcrumb":{"@id":"https:\/\/tupique.com\/produit\/camera-de-sport-insta360-x4-air-noir-25\/#breadcrumb"},"inLanguage":"es","potentialAction":[{"@type":"ReadAction","target":["https:\/\/tupique.com\/produit\/camera-de-sport-insta360-x4-air-noir-25\/"]}]},{"@type":"ImageObject","inLanguage":"es","@id":"https:\/\/tupique.com\/produit\/camera-de-sport-insta360-x4-air-noir-25\/#primaryimage","url":"https:\/\/tupique.com\/wp-content\/uploads\/2026\/04\/6977644764763_S0471094_P00.jpg","contentUrl":"https:\/\/tupique.com\/wp-content\/uploads\/2026\/04\/6977644764763_S0471094_P00.jpg","width":1200,"height":1200,"caption":"S0471094_0"},{"@type":"BreadcrumbList","@id":"https:\/\/tupique.com\/produit\/camera-de-sport-insta360-x4-air-noir-25\/#breadcrumb","itemListElement":[{"@type":"ListItem","position":1,"name":"In\u00edcio","item":"https:\/\/tupique.com\/"},{"@type":"ListItem","position":2,"name":"Boutique","item":"https:\/\/tupique.com\/en\/boutique\/"},{"@type":"ListItem","position":3,"name":"Cam\u00e9ra de sport Insta360 X4 AIR Noir 2,5&#8243;"}]},{"@type":"WebSite","@id":"https:\/\/tupique.com\/#website","url":"https:\/\/tupique.com\/","name":"Tupique","description":"Marketplace","publisher":{"@id":"https:\/\/tupique.com\/#organization"},"potentialAction":[{"@type":"SearchAction","target":{"@type":"EntryPoint","urlTemplate":"https:\/\/tupique.com\/?s={search_term_string}"},"query-input":{"@type":"PropertyValueSpecification","valueRequired":true,"valueName":"search_term_string"}}],"inLanguage":"es"},{"@type":"Organization","@id":"https:\/\/tupique.com\/#organization","name":"Tupique","url":"https:\/\/tupique.com\/","logo":{"@type":"ImageObject","inLanguage":"es","@id":"https:\/\/tupique.com\/#\/schema\/logo\/image\/","url":"https:\/\/tupique.com\/wp-content\/uploads\/2024\/09\/logo.png","contentUrl":"https:\/\/tupique.com\/wp-content\/uploads\/2024\/09\/logo.png","width":1118,"height":310,"caption":"Tupique"},"image":{"@id":"https:\/\/tupique.com\/#\/schema\/logo\/image\/"}}]}},"jetpack_sharing_enabled":true,"_links":{"self":[{"href":"https:\/\/tupique.com\/es\/wp-json\/wp\/v2\/product\/4381729","targetHints":{"allow":["GET"]}}],"collection":[{"href":"https:\/\/tupique.com\/es\/wp-json\/wp\/v2\/product"}],"about":[{"href":"https:\/\/tupique.com\/es\/wp-json\/wp\/v2\/types\/product"}],"replies":[{"embeddable":true,"href":"https:\/\/tupique.com\/es\/wp-json\/wp\/v2\/comments?post=4381729"}],"wp:featuredmedia":[{"embeddable":true,"href":"https:\/\/tupique.com\/es\/wp-json\/wp\/v2\/media\/4381724"}],"wp:attachment":[{"href":"https:\/\/tupique.com\/es\/wp-json\/wp\/v2\/media?parent=4381729"}],"wp:term":[{"taxonomy":"product_brand","embeddable":true,"href":"https:\/\/tupique.com\/es\/wp-json\/wp\/v2\/product_brand?post=4381729"},{"taxonomy":"product_cat","embeddable":true,"href":"https:\/\/tupique.com\/es\/wp-json\/wp\/v2\/product_cat?post=4381729"},{"taxonomy":"product_tag","embeddable":true,"href":"https:\/\/tupique.com\/es\/wp-json\/wp\/v2\/product_tag?post=4381729"}],"curies":[{"name":"wp","href":"https:\/\/api.w.org\/{rel}","templated":true}]}}