{"id":4381799,"date":"2026-04-07T15:59:46","date_gmt":"2026-04-07T14:59:46","guid":{"rendered":"https:\/\/tupique.com\/produit\/projecteur-acer-mr-jxg11-001\/"},"modified":"2026-04-07T15:59:46","modified_gmt":"2026-04-07T14:59:46","slug":"projecteur-acer-mr-jxg11-001","status":"publish","type":"product","link":"https:\/\/tupique.com\/es\/producto\/projecteur-acer-mr-jxg11-001\/","title":{"rendered":"Projecteur Acer MR.JXG11.001"},"content":{"rendered":"<p>Si le apasiona\u2019<b>inform\u00e1tica y electr\u00f3nica<\/b>, Si est\u00e1s a la \u00faltima en tecnolog\u00eda y no quieres perderte nada, compra <b>Projecteur Acer MR.JXG11.001<\/b> al mejor precio.<\/p>\n<p>Le <b>projecteur<\/b> Acer MR.JXG11.001 est une solution professionnelle con\u00e7ue pour offrir des projections de haute qualit\u00e9 dans les bureaux, les salles de classe et les environnements domestiques n\u00e9cessitant flexibilit\u00e9 et fiabilit\u00e9. Ce mod\u00e8le, pr\u00e9sent\u00e9 dans une \u00e9l\u00e9gante <b>couleur noire<\/b> et dot\u00e9 d\u2019un design compact d\u2019environ <b>30 cm<\/b>, s\u2019int\u00e8gre facilement dans tout espace sans attirer l\u2019attention. Il int\u00e8gre la technologie DLP avec un remarquable <b>format d\u2019image 16:9<\/b>, garantissant des images panoramiques adapt\u00e9es aussi bien aux pr\u00e9sentations qu\u2019aux contenus cin\u00e9matographiques. Il se distingue par sa <b>connectivit\u00e9 USB<\/b>, qui permet la lecture de contenus depuis des appareils externes en toute simplicit\u00e9, optimisant son utilisation lorsque rapidit\u00e9 et praticit\u00e9 sont essentielles. Son alimentation de <b>50 W<\/b> assure une gestion \u00e9nerg\u00e9tique efficace, id\u00e9ale pour une utilisation prolong\u00e9e. L\u2019ensemble de ces caract\u00e9ristiques, alli\u00e9 \u00e0 la fiabilit\u00e9 reconnue d\u2019Acer dans le domaine de la projection, fait du projecteur MR.JXG11.001 un outil polyvalent et performant pour ceux qui recherchent des images nettes, une utilisation simple et une compatibilit\u00e9 avec les exigences actuelles en mati\u00e8re de pr\u00e9sentations et de divertissement. Ce mod\u00e8le s\u2019impose comme une alternative efficace pour les utilisateurs qui appr\u00e9cient \u00e0 la fois la qualit\u00e9 d\u2019image et la facilit\u00e9 d\u2019int\u00e9gration dans diff\u00e9rents environnements.<\/p>\n<ul>\n<li>Type: Projecteur<\/li>\n<li>Color: Negro<\/li>\n<li>Largeur: 30 cm<\/li>\n<li>Connexions: USB<\/li>\n<li>Relaci\u00f3n de aspecto: 16:9<\/li>\n<li>puissance: 50 W<\/li>\n<li>Tipo de bater\u00eda: Litio Ion<\/li>\n<\/ul>","protected":false},"excerpt":{"rendered":"<p>Si vous \u00eates passionn\u00e9 d&#8217;informatique et d&#8217;\u00e9lectronique, si vous \u00eates \u00e0 la pointe de la technologie et qu&#8217;aucun d\u00e9tail ne<\/p>","protected":false},"featured_media":4381791,"comment_status":"open","ping_status":"closed","template":"","meta":{"_joinchat":[]},"product_brand":[158077],"product_cat":[157516,157517,157805],"product_tag":[],"class_list":{"0":"post-4381799","1":"product","2":"type-product","3":"status-publish","4":"has-post-thumbnail","6":"product_brand-brandp_529","7":"product_cat-informatique-electronique","8":"product_cat-informatique-peripheriques-et-consommables","9":"product_cat-projecteurs","11":"first","12":"outofstock","13":"taxable","14":"shipping-taxable","15":"purchasable","16":"product-type-simple"},"yoast_head":"<!-- This site is optimized with the Yoast SEO plugin v27.2 - https:\/\/yoast.com\/product\/yoast-seo-wordpress\/ -->\n<title>Projecteur Acer MR.JXG11.001 - Tupique<\/title>\n<meta name=\"description\" content=\"Vous cherchez Projecteur Acer MR.JXG11.001 ? Achetez des produits chez Tupique. Profitez de la livraison gratuite pour obtenir Projecteur Acer MR.JXG11.001 d\u00e8s maintenant.\" \/>\n<meta name=\"robots\" content=\"index, follow, max-snippet:-1, max-image-preview:large, max-video-preview:-1\" \/>\n<link rel=\"canonical\" href=\"https:\/\/tupique.com\/es\/producto\/projecteur-acer-mr-jxg11-001\/\" \/>\n<meta property=\"og:locale\" content=\"es_ES\" \/>\n<meta property=\"og:type\" content=\"article\" \/>\n<meta property=\"og:title\" content=\"Projecteur Acer MR.JXG11.001 - Tupique\" \/>\n<meta property=\"og:description\" content=\"Vous cherchez Projecteur Acer MR.JXG11.001 ? Achetez des produits chez Tupique. Profitez de la livraison gratuite pour obtenir Projecteur Acer MR.JXG11.001 d\u00e8s maintenant.\" \/>\n<meta property=\"og:url\" content=\"https:\/\/tupique.com\/es\/producto\/projecteur-acer-mr-jxg11-001\/\" \/>\n<meta property=\"og:site_name\" content=\"Tupique\" \/>\n<meta name=\"twitter:card\" content=\"summary_large_image\" \/>\n<meta name=\"twitter:label1\" content=\"Tiempo de lectura\" \/>\n\t<meta name=\"twitter:data1\" content=\"1 minuto\" \/>\n<script type=\"application\/ld+json\" class=\"yoast-schema-graph\">{\"@context\":\"https:\/\/schema.org\",\"@graph\":[{\"@type\":\"WebPage\",\"@id\":\"https:\/\/tupique.com\/produit\/projecteur-acer-mr-jxg11-001\/\",\"url\":\"https:\/\/tupique.com\/produit\/projecteur-acer-mr-jxg11-001\/\",\"name\":\"Projecteur Acer MR.JXG11.001 - Tupique\",\"isPartOf\":{\"@id\":\"https:\/\/tupique.com\/#website\"},\"primaryImageOfPage\":{\"@id\":\"https:\/\/tupique.com\/produit\/projecteur-acer-mr-jxg11-001\/#primaryimage\"},\"image\":{\"@id\":\"https:\/\/tupique.com\/produit\/projecteur-acer-mr-jxg11-001\/#primaryimage\"},\"thumbnailUrl\":\"https:\/\/tupique.com\/wp-content\/uploads\/2026\/04\/4711474104489_R00.jpg\",\"datePublished\":\"2026-04-07T14:59:46+00:00\",\"description\":\"Vous cherchez Projecteur Acer MR.JXG11.001 ? Achetez des produits chez Tupique. Profitez de la livraison gratuite pour obtenir Projecteur Acer MR.JXG11.001 d\u00e8s maintenant.\",\"breadcrumb\":{\"@id\":\"https:\/\/tupique.com\/produit\/projecteur-acer-mr-jxg11-001\/#breadcrumb\"},\"inLanguage\":\"es\",\"potentialAction\":[{\"@type\":\"ReadAction\",\"target\":[\"https:\/\/tupique.com\/produit\/projecteur-acer-mr-jxg11-001\/\"]}]},{\"@type\":\"ImageObject\",\"inLanguage\":\"es\",\"@id\":\"https:\/\/tupique.com\/produit\/projecteur-acer-mr-jxg11-001\/#primaryimage\",\"url\":\"https:\/\/tupique.com\/wp-content\/uploads\/2026\/04\/4711474104489_R00.jpg\",\"contentUrl\":\"https:\/\/tupique.com\/wp-content\/uploads\/2026\/04\/4711474104489_R00.jpg\",\"width\":1200,\"height\":1200,\"caption\":\"S55315045_0\"},{\"@type\":\"BreadcrumbList\",\"@id\":\"https:\/\/tupique.com\/produit\/projecteur-acer-mr-jxg11-001\/#breadcrumb\",\"itemListElement\":[{\"@type\":\"ListItem\",\"position\":1,\"name\":\"In\u00edcio\",\"item\":\"https:\/\/tupique.com\/\"},{\"@type\":\"ListItem\",\"position\":2,\"name\":\"Boutique\",\"item\":\"https:\/\/tupique.com\/en\/boutique\/\"},{\"@type\":\"ListItem\",\"position\":3,\"name\":\"Projecteur Acer MR.JXG11.001\"}]},{\"@type\":\"WebSite\",\"@id\":\"https:\/\/tupique.com\/#website\",\"url\":\"https:\/\/tupique.com\/\",\"name\":\"Tupique\",\"description\":\"Marketplace\",\"publisher\":{\"@id\":\"https:\/\/tupique.com\/#organization\"},\"potentialAction\":[{\"@type\":\"SearchAction\",\"target\":{\"@type\":\"EntryPoint\",\"urlTemplate\":\"https:\/\/tupique.com\/?s={search_term_string}\"},\"query-input\":{\"@type\":\"PropertyValueSpecification\",\"valueRequired\":true,\"valueName\":\"search_term_string\"}}],\"inLanguage\":\"es\"},{\"@type\":\"Organization\",\"@id\":\"https:\/\/tupique.com\/#organization\",\"name\":\"Tupique\",\"url\":\"https:\/\/tupique.com\/\",\"logo\":{\"@type\":\"ImageObject\",\"inLanguage\":\"es\",\"@id\":\"https:\/\/tupique.com\/#\/schema\/logo\/image\/\",\"url\":\"https:\/\/tupique.com\/wp-content\/uploads\/2024\/09\/logo.png\",\"contentUrl\":\"https:\/\/tupique.com\/wp-content\/uploads\/2024\/09\/logo.png\",\"width\":1118,\"height\":310,\"caption\":\"Tupique\"},\"image\":{\"@id\":\"https:\/\/tupique.com\/#\/schema\/logo\/image\/\"}}]}<\/script>\n<!-- \/ Yoast SEO plugin. -->","yoast_head_json":{"title":"Projecteur Acer MR.JXG11.001 - Tupique","description":"Vous cherchez Projecteur Acer MR.JXG11.001 ? Achetez des produits chez Tupique. Profitez de la livraison gratuite pour obtenir Projecteur Acer MR.JXG11.001 d\u00e8s maintenant.","robots":{"index":"index","follow":"follow","max-snippet":"max-snippet:-1","max-image-preview":"max-image-preview:large","max-video-preview":"max-video-preview:-1"},"canonical":"https:\/\/tupique.com\/es\/producto\/projecteur-acer-mr-jxg11-001\/","og_locale":"es_ES","og_type":"article","og_title":"Projecteur Acer MR.JXG11.001 - Tupique","og_description":"Vous cherchez Projecteur Acer MR.JXG11.001 ? Achetez des produits chez Tupique. Profitez de la livraison gratuite pour obtenir Projecteur Acer MR.JXG11.001 d\u00e8s maintenant.","og_url":"https:\/\/tupique.com\/es\/producto\/projecteur-acer-mr-jxg11-001\/","og_site_name":"Tupique","twitter_card":"summary_large_image","twitter_misc":{"Tiempo de lectura":"1 minuto"},"schema":{"@context":"https:\/\/schema.org","@graph":[{"@type":"WebPage","@id":"https:\/\/tupique.com\/produit\/projecteur-acer-mr-jxg11-001\/","url":"https:\/\/tupique.com\/produit\/projecteur-acer-mr-jxg11-001\/","name":"Projecteur Acer MR.JXG11.001 - Tupique","isPartOf":{"@id":"https:\/\/tupique.com\/#website"},"primaryImageOfPage":{"@id":"https:\/\/tupique.com\/produit\/projecteur-acer-mr-jxg11-001\/#primaryimage"},"image":{"@id":"https:\/\/tupique.com\/produit\/projecteur-acer-mr-jxg11-001\/#primaryimage"},"thumbnailUrl":"https:\/\/tupique.com\/wp-content\/uploads\/2026\/04\/4711474104489_R00.jpg","datePublished":"2026-04-07T14:59:46+00:00","description":"Vous cherchez Projecteur Acer MR.JXG11.001 ? Achetez des produits chez Tupique. Profitez de la livraison gratuite pour obtenir Projecteur Acer MR.JXG11.001 d\u00e8s maintenant.","breadcrumb":{"@id":"https:\/\/tupique.com\/produit\/projecteur-acer-mr-jxg11-001\/#breadcrumb"},"inLanguage":"es","potentialAction":[{"@type":"ReadAction","target":["https:\/\/tupique.com\/produit\/projecteur-acer-mr-jxg11-001\/"]}]},{"@type":"ImageObject","inLanguage":"es","@id":"https:\/\/tupique.com\/produit\/projecteur-acer-mr-jxg11-001\/#primaryimage","url":"https:\/\/tupique.com\/wp-content\/uploads\/2026\/04\/4711474104489_R00.jpg","contentUrl":"https:\/\/tupique.com\/wp-content\/uploads\/2026\/04\/4711474104489_R00.jpg","width":1200,"height":1200,"caption":"S55315045_0"},{"@type":"BreadcrumbList","@id":"https:\/\/tupique.com\/produit\/projecteur-acer-mr-jxg11-001\/#breadcrumb","itemListElement":[{"@type":"ListItem","position":1,"name":"In\u00edcio","item":"https:\/\/tupique.com\/"},{"@type":"ListItem","position":2,"name":"Boutique","item":"https:\/\/tupique.com\/en\/boutique\/"},{"@type":"ListItem","position":3,"name":"Projecteur Acer MR.JXG11.001"}]},{"@type":"WebSite","@id":"https:\/\/tupique.com\/#website","url":"https:\/\/tupique.com\/","name":"Tupique","description":"Marketplace","publisher":{"@id":"https:\/\/tupique.com\/#organization"},"potentialAction":[{"@type":"SearchAction","target":{"@type":"EntryPoint","urlTemplate":"https:\/\/tupique.com\/?s={search_term_string}"},"query-input":{"@type":"PropertyValueSpecification","valueRequired":true,"valueName":"search_term_string"}}],"inLanguage":"es"},{"@type":"Organization","@id":"https:\/\/tupique.com\/#organization","name":"Tupique","url":"https:\/\/tupique.com\/","logo":{"@type":"ImageObject","inLanguage":"es","@id":"https:\/\/tupique.com\/#\/schema\/logo\/image\/","url":"https:\/\/tupique.com\/wp-content\/uploads\/2024\/09\/logo.png","contentUrl":"https:\/\/tupique.com\/wp-content\/uploads\/2024\/09\/logo.png","width":1118,"height":310,"caption":"Tupique"},"image":{"@id":"https:\/\/tupique.com\/#\/schema\/logo\/image\/"}}]}},"jetpack_sharing_enabled":true,"_links":{"self":[{"href":"https:\/\/tupique.com\/es\/wp-json\/wp\/v2\/product\/4381799","targetHints":{"allow":["GET"]}}],"collection":[{"href":"https:\/\/tupique.com\/es\/wp-json\/wp\/v2\/product"}],"about":[{"href":"https:\/\/tupique.com\/es\/wp-json\/wp\/v2\/types\/product"}],"replies":[{"embeddable":true,"href":"https:\/\/tupique.com\/es\/wp-json\/wp\/v2\/comments?post=4381799"}],"wp:featuredmedia":[{"embeddable":true,"href":"https:\/\/tupique.com\/es\/wp-json\/wp\/v2\/media\/4381791"}],"wp:attachment":[{"href":"https:\/\/tupique.com\/es\/wp-json\/wp\/v2\/media?parent=4381799"}],"wp:term":[{"taxonomy":"product_brand","embeddable":true,"href":"https:\/\/tupique.com\/es\/wp-json\/wp\/v2\/product_brand?post=4381799"},{"taxonomy":"product_cat","embeddable":true,"href":"https:\/\/tupique.com\/es\/wp-json\/wp\/v2\/product_cat?post=4381799"},{"taxonomy":"product_tag","embeddable":true,"href":"https:\/\/tupique.com\/es\/wp-json\/wp\/v2\/product_tag?post=4381799"}],"curies":[{"name":"wp","href":"https:\/\/api.w.org\/{rel}","templated":true}]}}