{"id":4381808,"date":"2026-04-07T15:59:59","date_gmt":"2026-04-07T14:59:59","guid":{"rendered":"https:\/\/tupique.com\/produit\/mini-pc-dell-jftv9-8-gb-ram-512-gb-ssd\/"},"modified":"2026-04-07T15:59:59","modified_gmt":"2026-04-07T14:59:59","slug":"mini-pc-dell-jftv9-8-gb-ram-512-gb-ssd","status":"publish","type":"product","link":"https:\/\/tupique.com\/es\/producto\/mini-pc-dell-jftv9-8-gb-ram-512-gb-ssd\/","title":{"rendered":"Mini PC Dell JFTV9 8 GB RAM 512 GB SSD"},"content":{"rendered":"<p>Si le apasiona\u2019<b>inform\u00e1tica y electr\u00f3nica<\/b>, Si est\u00e1s a la \u00faltima en tecnolog\u00eda y no quieres perderte nada, compra <b>Mini PC Dell JFTV9 8 GB RAM 512 GB SSD<\/b> al mejor precio.<\/p>\n<p>Le <b>mini PC Dell JFTV9<\/b> est un appareil compact et polyvalent con\u00e7u pour offrir un \u00e9quilibre optimal entre performance et connectivit\u00e9 dans un format r\u00e9duit. Il dispose d\u2019une capacit\u00e9 de stockage de <b>512\u00a0GB SSD<\/b>, garantissant des vitesses de lecture et d\u2019\u00e9criture rapides pour am\u00e9liorer l\u2019acc\u00e8s aux fichiers et le lancement des applications. Sa <b>m\u00e9moire RAM de 8\u00a0GB<\/b> offre une capacit\u00e9 suffisante pour ex\u00e9cuter plusieurs t\u00e2ches simultan\u00e9ment sans perte de fluidit\u00e9, ce qui le rend id\u00e9al pour les environnements de travail modernes, un usage domestique ou comme support dans des projets multim\u00e9dias. Son <b>design noir<\/b> apporte une finition \u00e9l\u00e9gante et discr\u00e8te, adaptable \u00e0 tout espace de bureau ou studio. C\u00f4t\u00e9 connectivit\u00e9, il int\u00e8gre des technologies avanc\u00e9es telles que le <b>Bluetooth<\/b> pour la connexion avec des p\u00e9riph\u00e9riques sans fil, ainsi qu\u2019une connexion Wi-Fi compatible avec la bande <b>6\u00a0GHz (Wi-Fi 6)<\/b>, offrant une connexion sans fil plus rapide et stable, am\u00e9liorant l\u2019exp\u00e9rience en transmission de donn\u00e9es, visioconf\u00e9rences et navigation intensive. Ce mini PC exploite les derni\u00e8res normes sans fil pour fournir une connectivit\u00e9 fiable et optimis\u00e9e dans les r\u00e9seaux encombr\u00e9s ou avec plusieurs appareils connect\u00e9s. Sa taille compacte facilite son int\u00e9gration dans les espaces restreints sans sacrifier les performances professionnelles. Le Dell JFTV9 s\u2019adresse aux utilisateurs recherchant un appareil efficace, avec un bon stockage et une connectivit\u00e9 \u00e0 jour, sans recourir \u00e0 des \u00e9quipements volumineux. C\u2019est une solution id\u00e9ale pour ceux qui veulent un bon \u00e9quilibre de performance dans un format r\u00e9duit et un design sobre.<\/p>\n<ul>\n<li>Fuente de alimentaci\u00f3n:\n<ul>\n<li>r\u00e9seau \u00e9lectrique<\/li>\n<li>90 W<\/li>\n<li>CC<\/li>\n<li>90 V<\/li>\n<\/ul>\n<\/li>\n<li>Tipo de enchufe: enchufe UE<\/li>\n<li>Type: Mini PC<\/li>\n<li>Producto enchufable: S\u00ed<\/li>\n<li>Disco duro:\n<ul>\n<li>8 GB<\/li>\n<li>512 GB SSD<\/li>\n<\/ul>\n<\/li>\n<li>Conexiones:\n<ul>\n<li>Ethernet LAN<\/li>\n<li>HDMI<\/li>\n<li>USB 2.0<\/li>\n<li>RJ45<\/li>\n<li>HDMI 2.1 x 1<\/li>\n<li>USB-C 3.2 Gen 2 (3.1 Gen 2)<\/li>\n<li>DisplayPort 1.4a<\/li>\n<li>PCI Express 4.0<\/li>\n<li>USB-A 3.2<\/li>\n<li>DisplayPort x 1<\/li>\n<li>C\u00e2ble jack 3,3 mm<\/li>\n<\/ul>\n<\/li>\n<li>Bluetooth: S\u00ed<\/li>\n<li>Type d&#8217;unit\u00e9 optique: Non<\/li>\n<li>velocidad:\n<ul>\n<li>4,4 Ghz<\/li>\n<li>10\/100\/1000 Mbps<\/li>\n<li>4.4 GHz<\/li>\n<\/ul>\n<\/li>\n<li>Nombre de fils: 8<\/li>\n<li>Largeur: 36 mm<\/li>\n<li>Color: Negro<\/li>\n<li>Type de m\u00e9moire: DDR5 SDRAM<\/li>\n<li>Conectividad:\n<ul>\n<li>Bluetooth<\/li>\n<li>Wi-Fi<\/li>\n<li>Ethernet LAN<\/li>\n<li>Wi-Fi de 6 GHz<\/li>\n<li>Wi-Fi 6E ghz<\/li>\n<\/ul>\n<\/li>\n<li>Cache: 12 MB<\/li>\n<li>Memoria RAM: 8 GB RAM<\/li>\n<li>Contr\u00f4leur graphique:\n<ul>\n<li>Intel UHD Graphics<\/li>\n<li>INTEL UHD GRAPHICS 730<\/li>\n<\/ul>\n<\/li>\n<li>Frecuencia: 50 - 60 Hz<\/li>\n<li>Tensi\u00f3n: 100 - 240 V<\/li>\n<li>Non Inclus:\n<ul>\n<li>Type d&#8217;unit\u00e9 optique<\/li>\n<li>Adaptateur graphique discret<\/li>\n<\/ul>\n<\/li>\n<li>Exigences: 64 bits<\/li>\n<li>Format:\n<ul>\n<li>M.2<\/li>\n<li>1 x 8 GB<\/li>\n<\/ul>\n<\/li>\n<li>Double orientation: Horizontal-vertical<\/li>\n<li>Facteur de forme: SO-DIMM<\/li>\n<li>Pr\u00e9cision (humidit\u00e9 relative): 20 % &#8211; 80 %<\/li>\n<li>Connecteurs: Kensington<\/li>\n<li>Caract\u00e9ristiques: Adaptateur graphique int\u00e9gr\u00e9<\/li>\n<li>Utilisation recommand\u00e9e: Entreprise et commerce<\/li>\n<li>Inclut: SSD x 1<\/li>\n<li>Type de stockage: SSD<\/li>\n<li>Syst\u00e8me d&#8217;exploitation: Windows 11 Pro<\/li>\n<li>N\u00facleos: 4 n\u00facleos<\/li>\n<li>Familia de procesadores:\n<ul>\n<li>Intel Core i3<\/li>\n<li>Intel<\/li>\n<\/ul>\n<\/li>\n<li>M\u00e9moire RAM maximale: 64 GB<\/li>\n<\/ul>","protected":false},"excerpt":{"rendered":"<p>Si vous \u00eates passionn\u00e9 d&#8217;informatique et d&#8217;\u00e9lectronique, si vous \u00eates \u00e0 la pointe de la technologie et qu&#8217;aucun d\u00e9tail ne<\/p>","protected":false},"featured_media":4381807,"comment_status":"open","ping_status":"closed","template":"","meta":{"_joinchat":[]},"product_brand":[158204],"product_cat":[157516,157583,158108],"product_tag":[],"class_list":{"0":"post-4381808","1":"product","2":"type-product","3":"status-publish","4":"has-post-thumbnail","6":"product_brand-brandp_637","7":"product_cat-informatique-electronique","8":"product_cat-informatique-ordinateurs","9":"product_cat-mini-pc","11":"first","12":"instock","13":"taxable","14":"shipping-taxable","15":"purchasable","16":"product-type-simple"},"yoast_head":"<!-- This site is optimized with the Yoast SEO plugin v27.2 - https:\/\/yoast.com\/product\/yoast-seo-wordpress\/ -->\n<title>Mini PC Dell JFTV9 8 GB RAM 512 GB SSD - Tupique<\/title>\n<meta name=\"description\" content=\"Vous cherchez Mini PC Dell JFTV9 8 GB RAM 512 GB SSD ? Achetez des produits chez Tupique. Profitez de la livraison gratuite pour obtenir Mini PC Dell JFTV9 8 GB RAM 512 GB SSD d\u00e8s maintenant.\" \/>\n<meta name=\"robots\" content=\"index, follow, max-snippet:-1, max-image-preview:large, max-video-preview:-1\" \/>\n<link rel=\"canonical\" href=\"https:\/\/tupique.com\/es\/producto\/mini-pc-dell-jftv9-8-gb-ram-512-gb-ssd\/\" \/>\n<meta property=\"og:locale\" content=\"es_ES\" \/>\n<meta property=\"og:type\" content=\"article\" \/>\n<meta property=\"og:title\" content=\"Mini PC Dell JFTV9 8 GB RAM 512 GB SSD - Tupique\" \/>\n<meta property=\"og:description\" content=\"Vous cherchez Mini PC Dell JFTV9 8 GB RAM 512 GB SSD ? Achetez des produits chez Tupique. Profitez de la livraison gratuite pour obtenir Mini PC Dell JFTV9 8 GB RAM 512 GB SSD d\u00e8s maintenant.\" \/>\n<meta property=\"og:url\" content=\"https:\/\/tupique.com\/es\/producto\/mini-pc-dell-jftv9-8-gb-ram-512-gb-ssd\/\" \/>\n<meta property=\"og:site_name\" content=\"Tupique\" \/>\n<meta name=\"twitter:card\" content=\"summary_large_image\" \/>\n<meta name=\"twitter:label1\" content=\"Tiempo de lectura\" \/>\n\t<meta name=\"twitter:data1\" content=\"2 minutos\" \/>\n<script type=\"application\/ld+json\" class=\"yoast-schema-graph\">{\"@context\":\"https:\/\/schema.org\",\"@graph\":[{\"@type\":\"WebPage\",\"@id\":\"https:\/\/tupique.com\/produit\/mini-pc-dell-jftv9-8-gb-ram-512-gb-ssd\/\",\"url\":\"https:\/\/tupique.com\/produit\/mini-pc-dell-jftv9-8-gb-ram-512-gb-ssd\/\",\"name\":\"Mini PC Dell JFTV9 8 GB RAM 512 GB SSD - Tupique\",\"isPartOf\":{\"@id\":\"https:\/\/tupique.com\/#website\"},\"primaryImageOfPage\":{\"@id\":\"https:\/\/tupique.com\/produit\/mini-pc-dell-jftv9-8-gb-ram-512-gb-ssd\/#primaryimage\"},\"image\":{\"@id\":\"https:\/\/tupique.com\/produit\/mini-pc-dell-jftv9-8-gb-ram-512-gb-ssd\/#primaryimage\"},\"thumbnailUrl\":\"https:\/\/tupique.com\/wp-content\/uploads\/2026\/04\/5397184936177_S0471282_P00.jpg\",\"datePublished\":\"2026-04-07T14:59:59+00:00\",\"description\":\"Vous cherchez Mini PC Dell JFTV9 8 GB RAM 512 GB SSD ? Achetez des produits chez Tupique. Profitez de la livraison gratuite pour obtenir Mini PC Dell JFTV9 8 GB RAM 512 GB SSD d\u00e8s maintenant.\",\"breadcrumb\":{\"@id\":\"https:\/\/tupique.com\/produit\/mini-pc-dell-jftv9-8-gb-ram-512-gb-ssd\/#breadcrumb\"},\"inLanguage\":\"es\",\"potentialAction\":[{\"@type\":\"ReadAction\",\"target\":[\"https:\/\/tupique.com\/produit\/mini-pc-dell-jftv9-8-gb-ram-512-gb-ssd\/\"]}]},{\"@type\":\"ImageObject\",\"inLanguage\":\"es\",\"@id\":\"https:\/\/tupique.com\/produit\/mini-pc-dell-jftv9-8-gb-ram-512-gb-ssd\/#primaryimage\",\"url\":\"https:\/\/tupique.com\/wp-content\/uploads\/2026\/04\/5397184936177_S0471282_P00.jpg\",\"contentUrl\":\"https:\/\/tupique.com\/wp-content\/uploads\/2026\/04\/5397184936177_S0471282_P00.jpg\",\"width\":1200,\"height\":1200,\"caption\":\"S0471282_0\"},{\"@type\":\"BreadcrumbList\",\"@id\":\"https:\/\/tupique.com\/produit\/mini-pc-dell-jftv9-8-gb-ram-512-gb-ssd\/#breadcrumb\",\"itemListElement\":[{\"@type\":\"ListItem\",\"position\":1,\"name\":\"In\u00edcio\",\"item\":\"https:\/\/tupique.com\/\"},{\"@type\":\"ListItem\",\"position\":2,\"name\":\"Boutique\",\"item\":\"https:\/\/tupique.com\/en\/boutique\/\"},{\"@type\":\"ListItem\",\"position\":3,\"name\":\"Mini PC Dell JFTV9 8 GB RAM 512 GB SSD\"}]},{\"@type\":\"WebSite\",\"@id\":\"https:\/\/tupique.com\/#website\",\"url\":\"https:\/\/tupique.com\/\",\"name\":\"Tupique\",\"description\":\"Marketplace\",\"publisher\":{\"@id\":\"https:\/\/tupique.com\/#organization\"},\"potentialAction\":[{\"@type\":\"SearchAction\",\"target\":{\"@type\":\"EntryPoint\",\"urlTemplate\":\"https:\/\/tupique.com\/?s={search_term_string}\"},\"query-input\":{\"@type\":\"PropertyValueSpecification\",\"valueRequired\":true,\"valueName\":\"search_term_string\"}}],\"inLanguage\":\"es\"},{\"@type\":\"Organization\",\"@id\":\"https:\/\/tupique.com\/#organization\",\"name\":\"Tupique\",\"url\":\"https:\/\/tupique.com\/\",\"logo\":{\"@type\":\"ImageObject\",\"inLanguage\":\"es\",\"@id\":\"https:\/\/tupique.com\/#\/schema\/logo\/image\/\",\"url\":\"https:\/\/tupique.com\/wp-content\/uploads\/2024\/09\/logo.png\",\"contentUrl\":\"https:\/\/tupique.com\/wp-content\/uploads\/2024\/09\/logo.png\",\"width\":1118,\"height\":310,\"caption\":\"Tupique\"},\"image\":{\"@id\":\"https:\/\/tupique.com\/#\/schema\/logo\/image\/\"}}]}<\/script>\n<!-- \/ Yoast SEO plugin. -->","yoast_head_json":{"title":"Mini PC Dell JFTV9 8 GB RAM 512 GB SSD - Tupique","description":"Vous cherchez Mini PC Dell JFTV9 8 GB RAM 512 GB SSD ? Achetez des produits chez Tupique. Profitez de la livraison gratuite pour obtenir Mini PC Dell JFTV9 8 GB RAM 512 GB SSD d\u00e8s maintenant.","robots":{"index":"index","follow":"follow","max-snippet":"max-snippet:-1","max-image-preview":"max-image-preview:large","max-video-preview":"max-video-preview:-1"},"canonical":"https:\/\/tupique.com\/es\/producto\/mini-pc-dell-jftv9-8-gb-ram-512-gb-ssd\/","og_locale":"es_ES","og_type":"article","og_title":"Mini PC Dell JFTV9 8 GB RAM 512 GB SSD - Tupique","og_description":"Vous cherchez Mini PC Dell JFTV9 8 GB RAM 512 GB SSD ? Achetez des produits chez Tupique. Profitez de la livraison gratuite pour obtenir Mini PC Dell JFTV9 8 GB RAM 512 GB SSD d\u00e8s maintenant.","og_url":"https:\/\/tupique.com\/es\/producto\/mini-pc-dell-jftv9-8-gb-ram-512-gb-ssd\/","og_site_name":"Tupique","twitter_card":"summary_large_image","twitter_misc":{"Tiempo de lectura":"2 minutos"},"schema":{"@context":"https:\/\/schema.org","@graph":[{"@type":"WebPage","@id":"https:\/\/tupique.com\/produit\/mini-pc-dell-jftv9-8-gb-ram-512-gb-ssd\/","url":"https:\/\/tupique.com\/produit\/mini-pc-dell-jftv9-8-gb-ram-512-gb-ssd\/","name":"Mini PC Dell JFTV9 8 GB RAM 512 GB SSD - Tupique","isPartOf":{"@id":"https:\/\/tupique.com\/#website"},"primaryImageOfPage":{"@id":"https:\/\/tupique.com\/produit\/mini-pc-dell-jftv9-8-gb-ram-512-gb-ssd\/#primaryimage"},"image":{"@id":"https:\/\/tupique.com\/produit\/mini-pc-dell-jftv9-8-gb-ram-512-gb-ssd\/#primaryimage"},"thumbnailUrl":"https:\/\/tupique.com\/wp-content\/uploads\/2026\/04\/5397184936177_S0471282_P00.jpg","datePublished":"2026-04-07T14:59:59+00:00","description":"Vous cherchez Mini PC Dell JFTV9 8 GB RAM 512 GB SSD ? Achetez des produits chez Tupique. Profitez de la livraison gratuite pour obtenir Mini PC Dell JFTV9 8 GB RAM 512 GB SSD d\u00e8s maintenant.","breadcrumb":{"@id":"https:\/\/tupique.com\/produit\/mini-pc-dell-jftv9-8-gb-ram-512-gb-ssd\/#breadcrumb"},"inLanguage":"es","potentialAction":[{"@type":"ReadAction","target":["https:\/\/tupique.com\/produit\/mini-pc-dell-jftv9-8-gb-ram-512-gb-ssd\/"]}]},{"@type":"ImageObject","inLanguage":"es","@id":"https:\/\/tupique.com\/produit\/mini-pc-dell-jftv9-8-gb-ram-512-gb-ssd\/#primaryimage","url":"https:\/\/tupique.com\/wp-content\/uploads\/2026\/04\/5397184936177_S0471282_P00.jpg","contentUrl":"https:\/\/tupique.com\/wp-content\/uploads\/2026\/04\/5397184936177_S0471282_P00.jpg","width":1200,"height":1200,"caption":"S0471282_0"},{"@type":"BreadcrumbList","@id":"https:\/\/tupique.com\/produit\/mini-pc-dell-jftv9-8-gb-ram-512-gb-ssd\/#breadcrumb","itemListElement":[{"@type":"ListItem","position":1,"name":"In\u00edcio","item":"https:\/\/tupique.com\/"},{"@type":"ListItem","position":2,"name":"Boutique","item":"https:\/\/tupique.com\/en\/boutique\/"},{"@type":"ListItem","position":3,"name":"Mini PC Dell JFTV9 8 GB RAM 512 GB SSD"}]},{"@type":"WebSite","@id":"https:\/\/tupique.com\/#website","url":"https:\/\/tupique.com\/","name":"Tupique","description":"Marketplace","publisher":{"@id":"https:\/\/tupique.com\/#organization"},"potentialAction":[{"@type":"SearchAction","target":{"@type":"EntryPoint","urlTemplate":"https:\/\/tupique.com\/?s={search_term_string}"},"query-input":{"@type":"PropertyValueSpecification","valueRequired":true,"valueName":"search_term_string"}}],"inLanguage":"es"},{"@type":"Organization","@id":"https:\/\/tupique.com\/#organization","name":"Tupique","url":"https:\/\/tupique.com\/","logo":{"@type":"ImageObject","inLanguage":"es","@id":"https:\/\/tupique.com\/#\/schema\/logo\/image\/","url":"https:\/\/tupique.com\/wp-content\/uploads\/2024\/09\/logo.png","contentUrl":"https:\/\/tupique.com\/wp-content\/uploads\/2024\/09\/logo.png","width":1118,"height":310,"caption":"Tupique"},"image":{"@id":"https:\/\/tupique.com\/#\/schema\/logo\/image\/"}}]}},"jetpack_sharing_enabled":true,"_links":{"self":[{"href":"https:\/\/tupique.com\/es\/wp-json\/wp\/v2\/product\/4381808","targetHints":{"allow":["GET"]}}],"collection":[{"href":"https:\/\/tupique.com\/es\/wp-json\/wp\/v2\/product"}],"about":[{"href":"https:\/\/tupique.com\/es\/wp-json\/wp\/v2\/types\/product"}],"replies":[{"embeddable":true,"href":"https:\/\/tupique.com\/es\/wp-json\/wp\/v2\/comments?post=4381808"}],"wp:featuredmedia":[{"embeddable":true,"href":"https:\/\/tupique.com\/es\/wp-json\/wp\/v2\/media\/4381807"}],"wp:attachment":[{"href":"https:\/\/tupique.com\/es\/wp-json\/wp\/v2\/media?parent=4381808"}],"wp:term":[{"taxonomy":"product_brand","embeddable":true,"href":"https:\/\/tupique.com\/es\/wp-json\/wp\/v2\/product_brand?post=4381808"},{"taxonomy":"product_cat","embeddable":true,"href":"https:\/\/tupique.com\/es\/wp-json\/wp\/v2\/product_cat?post=4381808"},{"taxonomy":"product_tag","embeddable":true,"href":"https:\/\/tupique.com\/es\/wp-json\/wp\/v2\/product_tag?post=4381808"}],"curies":[{"name":"wp","href":"https:\/\/api.w.org\/{rel}","templated":true}]}}