{"id":4381849,"date":"2026-04-07T16:56:08","date_gmt":"2026-04-07T15:56:08","guid":{"rendered":"https:\/\/tupique.com\/produit\/tablette-samsung-sm-x620b-131-octa-core-8-gb-ram-128-gb-argente\/"},"modified":"2026-04-07T16:56:08","modified_gmt":"2026-04-07T15:56:08","slug":"tablette-samsung-sm-x620b-131-octa-core-8-gb-ram-128-gb-argente","status":"publish","type":"product","link":"https:\/\/tupique.com\/es\/producto\/tablette-samsung-sm-x620b-131-octa-core-8-gb-ram-128-gb-argente\/","title":{"rendered":"Tablette Samsung SM-X620B 13,1&#8243; Octa Core 8 GB RAM 128 GB Argent\u00e9"},"content":{"rendered":"<p>Si le apasiona\u2019<b>inform\u00e1tica y electr\u00f3nica<\/b>, Si est\u00e1s a la \u00faltima en tecnolog\u00eda y no quieres perderte nada, compra <b>Tablette Samsung SM-X620B 13,1&#8243; Octa Core 8 GB RAM 128 GB Argent\u00e9<\/b> al mejor precio.<\/p>\n<p>La <b>Samsung Galaxy Tab S10 FE+<\/b> es un <b>tableta<\/b> hautes performances qui allie design, puissance et fonctionnalit\u00e9 pour les utilisateurs exigeants. \u00c9quip\u00e9e d\u2019un <b>\u00e9cran de 13,1 pouces<\/b>, le plus grand de la s\u00e9rie FE \u00e0 ce jour, elle offre une visualisation large et nette pour une exp\u00e9rience immersive, aussi bien pour le divertissement que pour les t\u00e2ches professionnelles. Sa <b>m\u00e9moire RAM de 8 Go<\/b> garantit des performances fluides, facilitant l\u2019ex\u00e9cution simultan\u00e9e d\u2019applications et le multit\u00e2che sans interruption. Elle dispose d\u2019une capacit\u00e9 de <b>stockage de 128 Go<\/b>, suffisante pour conserver fichiers, applications et contenus multim\u00e9dias, extensible via cartes microSD jusqu\u2019\u00e0 2 To. Ce mod\u00e8le se distingue \u00e9galement par sa connectivit\u00e9 <b>Bluetooth<\/b>, facilitant la liaison sans fil avec accessoires et p\u00e9riph\u00e9riques compatibles. Le design en couleur <b>argent\u00e9e<\/b> apporte une finition \u00e9l\u00e9gante et moderne, adapt\u00e9e \u00e0 tout environnement. C\u00f4t\u00e9 puissance, elle est anim\u00e9e par le processeur Exynos 1580, offrant un \u00e9quilibre optimal entre efficacit\u00e9 et performance pour cr\u00e9ation, \u00e9tudes et loisirs. Son \u00e9cran avec un taux de rafra\u00eechissement de <b>90 Hz<\/b> et une luminosit\u00e9 jusqu\u2019\u00e0 800 nits en mode High Brightness assure des images fluides et lumineuses m\u00eame en ext\u00e9rieur, tandis que le filtre lumi\u00e8re bleue prot\u00e8ge la vue lors d\u2019une utilisation prolong\u00e9e. La r\u00e9sistance \u00e0 l\u2019eau et \u00e0 la poussi\u00e8re certifi\u00e9e <b>IP68<\/b> ajoute de la durabilit\u00e9 pour une utilisation en diverses conditions. De plus, elle int\u00e8gre un appareil photo arri\u00e8re am\u00e9lior\u00e9 de <b>13 MP<\/b>, id\u00e9al pour capturer photos et vid\u00e9os avec beaucoup de d\u00e9tails et qualit\u00e9. En r\u00e9sum\u00e9, la Samsung Galaxy Tab S10 FE+ offre une solution polyvalente et puissante dans le segment des tablettes premium, pens\u00e9e pour ceux qui recherchent productivit\u00e9 et divertissement dans un seul appareil grand format au design soign\u00e9.<\/p>\n<ul>\n<li>Type: Tablette<\/li>\n<li>Tipo de enchufe: enchufe UE<\/li>\n<li>Producto enchufable: S\u00ed<\/li>\n<li>Diagonal de pantalla (cm):\n<ul>\n<li>33 cm<\/li>\n<li>33,3 cm<\/li>\n<li>33,8 cm<\/li>\n<\/ul>\n<\/li>\n<li>Fuente de alimentaci\u00f3n:\n<ul>\n<li>r\u00e9seau \u00e9lectrique<\/li>\n<li>USB<\/li>\n<\/ul>\n<\/li>\n<li>Tecnolog\u00eda:\n<ul>\n<li>IPS LCD<\/li>\n<li>TFT<\/li>\n<\/ul>\n<\/li>\n<li>Capacit\u00e9 de la batterie: 10090 mAh<\/li>\n<li>Sistema operativo: Android<\/li>\n<li>Conectividad:\n<ul>\n<li>Wi-Fi<\/li>\n<li>Bluetooth<\/li>\n<li>GPS<\/li>\n<li>Galileo<\/li>\n<li>Wi-Fi de 6 GHz<\/li>\n<li>Bluetooth 5.3<\/li>\n<\/ul>\n<\/li>\n<li>C\u00e1mara:\n<ul>\n<li>12 mpx<\/li>\n<li>13 mpx<\/li>\n<li>13 MP<\/li>\n<li>Trasera<\/li>\n<\/ul>\n<\/li>\n<li>Conexiones:\n<ul>\n<li>USB-C<\/li>\n<li>USB-C 2.0<\/li>\n<\/ul>\n<\/li>\n<li>Pantalla:\n<ul>\n<li>13,1&#8243;<\/li>\n<li>13&#8243;<\/li>\n<\/ul>\n<\/li>\n<li>Processeur: Octa Core<\/li>\n<li>Memoria RAM: 8 GB RAM<\/li>\n<li>Memoria interna: 128 GB<\/li>\n<li>Couleur: Argent\u00e9<\/li>\n<li>Material: Pl\u00e1stico<\/li>\n<li>Caracter\u00edsticas:\n<ul>\n<li>C\u00e1mara frontal<\/li>\n<li>Autoenfoque<\/li>\n<li>Lector de tarjetas<\/li>\n<li>Lector de huellas dactilares<\/li>\n<li>Br\u00fajula electr\u00f3nica<\/li>\n<\/ul>\n<\/li>\n<li>Relaci\u00f3n de aspecto: 16:9<\/li>\n<li>Grado de protecci\u00f3n: IP68<\/li>\n<li>Disque dur: 128 GB SSD<\/li>\n<li>Funciones: Aceler\u00f3metro<\/li>\n<li>Autonomie de reproduction approx.: 20 heures<\/li>\n<li>Non Inclus:\n<ul>\n<li>Adaptateur AC<\/li>\n<li>Conexi\u00f3n a la red m\u00f3vil<\/li>\n<\/ul>\n<\/li>\n<li>Taille maximale de la carte m\u00e9moire: 2 TB<\/li>\n<li>Cartes M\u00e9moire Compatibles: MicroSD (TransFlash)<\/li>\n<li>Resoluci\u00f3n:\n<ul>\n<li>2880 x 1800 px<\/li>\n<li>WQXGA+<\/li>\n<\/ul>\n<\/li>\n<li>Batterie au lithium rechargeable: 10090 mAh<\/li>\n<li>Inclut: Crayon tactile<\/li>\n<li>N\u00facleos: 8 n\u00facleos<\/li>\n<li>Resoluci\u00f3n (px): 3840 x 2160 px<\/li>\n<\/ul>","protected":false},"excerpt":{"rendered":"<p>Si vous \u00eates passionn\u00e9 d&#8217;informatique et d&#8217;\u00e9lectronique, si vous \u00eates \u00e0 la pointe de la technologie et qu&#8217;aucun d\u00e9tail ne<\/p>","protected":false},"featured_media":4381842,"comment_status":"open","ping_status":"closed","template":"","meta":{"_joinchat":[]},"product_brand":[157883],"product_cat":[157523,157516,157560],"product_tag":[157522,157515],"class_list":{"0":"post-4381849","1":"product","2":"type-product","3":"status-publish","4":"has-post-thumbnail","6":"product_brand-brandp_576","7":"product_cat-electronique-telephonie-et-tablettes","8":"product_cat-informatique-electronique","9":"product_cat-tablettes","10":"product_tag-tag_547","11":"product_tag-tag_1295","13":"first","14":"outofstock","15":"taxable","16":"shipping-taxable","17":"purchasable","18":"product-type-simple"},"yoast_head":"<!-- This site is optimized with the Yoast SEO plugin v27.2 - https:\/\/yoast.com\/product\/yoast-seo-wordpress\/ -->\n<title>Tablette Samsung SM-X620B 13,1&quot; Octa Core 8 GB RAM 128 GB Argent\u00e9 - Tupique<\/title>\n<meta name=\"description\" content=\"Vous cherchez Tablette Samsung SM-X620B 13,1&quot; Octa Core 8 GB RAM 128 GB Argent\u00e9 ? Achetez des produits chez Tupique. Profitez de la livraison gratuite pour obtenir Tablette Samsung SM-X620B 13,1&quot; Octa Core 8 GB RAM 128 GB Argent\u00e9 d\u00e8s maintenant.\" \/>\n<meta name=\"robots\" content=\"index, follow, max-snippet:-1, max-image-preview:large, max-video-preview:-1\" \/>\n<link rel=\"canonical\" href=\"https:\/\/tupique.com\/es\/producto\/tablette-samsung-sm-x620b-131-octa-core-8-gb-ram-128-gb-argente\/\" \/>\n<meta property=\"og:locale\" content=\"es_ES\" \/>\n<meta property=\"og:type\" content=\"article\" \/>\n<meta property=\"og:title\" content=\"Tablette Samsung SM-X620B 13,1&quot; Octa Core 8 GB RAM 128 GB Argent\u00e9 - Tupique\" \/>\n<meta property=\"og:description\" content=\"Vous cherchez Tablette Samsung SM-X620B 13,1&quot; Octa Core 8 GB RAM 128 GB Argent\u00e9 ? Achetez des produits chez Tupique. Profitez de la livraison gratuite pour obtenir Tablette Samsung SM-X620B 13,1&quot; Octa Core 8 GB RAM 128 GB Argent\u00e9 d\u00e8s maintenant.\" \/>\n<meta property=\"og:url\" content=\"https:\/\/tupique.com\/es\/producto\/tablette-samsung-sm-x620b-131-octa-core-8-gb-ram-128-gb-argente\/\" \/>\n<meta property=\"og:site_name\" content=\"Tupique\" \/>\n<meta name=\"twitter:card\" content=\"summary_large_image\" \/>\n<meta name=\"twitter:label1\" content=\"Tiempo de lectura\" \/>\n\t<meta name=\"twitter:data1\" content=\"2 minutos\" \/>\n<script type=\"application\/ld+json\" class=\"yoast-schema-graph\">{\"@context\":\"https:\/\/schema.org\",\"@graph\":[{\"@type\":\"WebPage\",\"@id\":\"https:\/\/tupique.com\/produit\/tablette-samsung-sm-x620b-131-octa-core-8-gb-ram-128-gb-argente\/\",\"url\":\"https:\/\/tupique.com\/produit\/tablette-samsung-sm-x620b-131-octa-core-8-gb-ram-128-gb-argente\/\",\"name\":\"Tablette Samsung SM-X620B 13,1\\\" Octa Core 8 GB RAM 128 GB Argent\u00e9 - Tupique\",\"isPartOf\":{\"@id\":\"https:\/\/tupique.com\/#website\"},\"primaryImageOfPage\":{\"@id\":\"https:\/\/tupique.com\/produit\/tablette-samsung-sm-x620b-131-octa-core-8-gb-ram-128-gb-argente\/#primaryimage\"},\"image\":{\"@id\":\"https:\/\/tupique.com\/produit\/tablette-samsung-sm-x620b-131-octa-core-8-gb-ram-128-gb-argente\/#primaryimage\"},\"thumbnailUrl\":\"https:\/\/tupique.com\/wp-content\/uploads\/2026\/04\/8806097196891_S8110759_P00.jpg\",\"datePublished\":\"2026-04-07T15:56:08+00:00\",\"description\":\"Vous cherchez Tablette Samsung SM-X620B 13,1\\\" Octa Core 8 GB RAM 128 GB Argent\u00e9 ? Achetez des produits chez Tupique. Profitez de la livraison gratuite pour obtenir Tablette Samsung SM-X620B 13,1\\\" Octa Core 8 GB RAM 128 GB Argent\u00e9 d\u00e8s maintenant.\",\"breadcrumb\":{\"@id\":\"https:\/\/tupique.com\/produit\/tablette-samsung-sm-x620b-131-octa-core-8-gb-ram-128-gb-argente\/#breadcrumb\"},\"inLanguage\":\"es\",\"potentialAction\":[{\"@type\":\"ReadAction\",\"target\":[\"https:\/\/tupique.com\/produit\/tablette-samsung-sm-x620b-131-octa-core-8-gb-ram-128-gb-argente\/\"]}]},{\"@type\":\"ImageObject\",\"inLanguage\":\"es\",\"@id\":\"https:\/\/tupique.com\/produit\/tablette-samsung-sm-x620b-131-octa-core-8-gb-ram-128-gb-argente\/#primaryimage\",\"url\":\"https:\/\/tupique.com\/wp-content\/uploads\/2026\/04\/8806097196891_S8110759_P00.jpg\",\"contentUrl\":\"https:\/\/tupique.com\/wp-content\/uploads\/2026\/04\/8806097196891_S8110759_P00.jpg\",\"width\":1200,\"height\":1200,\"caption\":\"M0806055_0\"},{\"@type\":\"BreadcrumbList\",\"@id\":\"https:\/\/tupique.com\/produit\/tablette-samsung-sm-x620b-131-octa-core-8-gb-ram-128-gb-argente\/#breadcrumb\",\"itemListElement\":[{\"@type\":\"ListItem\",\"position\":1,\"name\":\"In\u00edcio\",\"item\":\"https:\/\/tupique.com\/\"},{\"@type\":\"ListItem\",\"position\":2,\"name\":\"Boutique\",\"item\":\"https:\/\/tupique.com\/en\/boutique\/\"},{\"@type\":\"ListItem\",\"position\":3,\"name\":\"Tablette Samsung SM-X620B 13,1&#8243; Octa Core 8 GB RAM 128 GB Argent\u00e9\"}]},{\"@type\":\"WebSite\",\"@id\":\"https:\/\/tupique.com\/#website\",\"url\":\"https:\/\/tupique.com\/\",\"name\":\"Tupique\",\"description\":\"Marketplace\",\"publisher\":{\"@id\":\"https:\/\/tupique.com\/#organization\"},\"potentialAction\":[{\"@type\":\"SearchAction\",\"target\":{\"@type\":\"EntryPoint\",\"urlTemplate\":\"https:\/\/tupique.com\/?s={search_term_string}\"},\"query-input\":{\"@type\":\"PropertyValueSpecification\",\"valueRequired\":true,\"valueName\":\"search_term_string\"}}],\"inLanguage\":\"es\"},{\"@type\":\"Organization\",\"@id\":\"https:\/\/tupique.com\/#organization\",\"name\":\"Tupique\",\"url\":\"https:\/\/tupique.com\/\",\"logo\":{\"@type\":\"ImageObject\",\"inLanguage\":\"es\",\"@id\":\"https:\/\/tupique.com\/#\/schema\/logo\/image\/\",\"url\":\"https:\/\/tupique.com\/wp-content\/uploads\/2024\/09\/logo.png\",\"contentUrl\":\"https:\/\/tupique.com\/wp-content\/uploads\/2024\/09\/logo.png\",\"width\":1118,\"height\":310,\"caption\":\"Tupique\"},\"image\":{\"@id\":\"https:\/\/tupique.com\/#\/schema\/logo\/image\/\"}}]}<\/script>\n<!-- \/ Yoast SEO plugin. -->","yoast_head_json":{"title":"Tablette Samsung SM-X620B 13,1\" Octa Core 8 GB RAM 128 GB Argent\u00e9 - Tupique","description":"Vous cherchez Tablette Samsung SM-X620B 13,1\" Octa Core 8 GB RAM 128 GB Argent\u00e9 ? Achetez des produits chez Tupique. Profitez de la livraison gratuite pour obtenir Tablette Samsung SM-X620B 13,1\" Octa Core 8 GB RAM 128 GB Argent\u00e9 d\u00e8s maintenant.","robots":{"index":"index","follow":"follow","max-snippet":"max-snippet:-1","max-image-preview":"max-image-preview:large","max-video-preview":"max-video-preview:-1"},"canonical":"https:\/\/tupique.com\/es\/producto\/tablette-samsung-sm-x620b-131-octa-core-8-gb-ram-128-gb-argente\/","og_locale":"es_ES","og_type":"article","og_title":"Tablette Samsung SM-X620B 13,1\" Octa Core 8 GB RAM 128 GB Argent\u00e9 - Tupique","og_description":"Vous cherchez Tablette Samsung SM-X620B 13,1\" Octa Core 8 GB RAM 128 GB Argent\u00e9 ? Achetez des produits chez Tupique. Profitez de la livraison gratuite pour obtenir Tablette Samsung SM-X620B 13,1\" Octa Core 8 GB RAM 128 GB Argent\u00e9 d\u00e8s maintenant.","og_url":"https:\/\/tupique.com\/es\/producto\/tablette-samsung-sm-x620b-131-octa-core-8-gb-ram-128-gb-argente\/","og_site_name":"Tupique","twitter_card":"summary_large_image","twitter_misc":{"Tiempo de lectura":"2 minutos"},"schema":{"@context":"https:\/\/schema.org","@graph":[{"@type":"WebPage","@id":"https:\/\/tupique.com\/produit\/tablette-samsung-sm-x620b-131-octa-core-8-gb-ram-128-gb-argente\/","url":"https:\/\/tupique.com\/produit\/tablette-samsung-sm-x620b-131-octa-core-8-gb-ram-128-gb-argente\/","name":"Tablette Samsung SM-X620B 13,1\" Octa Core 8 GB RAM 128 GB Argent\u00e9 - Tupique","isPartOf":{"@id":"https:\/\/tupique.com\/#website"},"primaryImageOfPage":{"@id":"https:\/\/tupique.com\/produit\/tablette-samsung-sm-x620b-131-octa-core-8-gb-ram-128-gb-argente\/#primaryimage"},"image":{"@id":"https:\/\/tupique.com\/produit\/tablette-samsung-sm-x620b-131-octa-core-8-gb-ram-128-gb-argente\/#primaryimage"},"thumbnailUrl":"https:\/\/tupique.com\/wp-content\/uploads\/2026\/04\/8806097196891_S8110759_P00.jpg","datePublished":"2026-04-07T15:56:08+00:00","description":"Vous cherchez Tablette Samsung SM-X620B 13,1\" Octa Core 8 GB RAM 128 GB Argent\u00e9 ? Achetez des produits chez Tupique. Profitez de la livraison gratuite pour obtenir Tablette Samsung SM-X620B 13,1\" Octa Core 8 GB RAM 128 GB Argent\u00e9 d\u00e8s maintenant.","breadcrumb":{"@id":"https:\/\/tupique.com\/produit\/tablette-samsung-sm-x620b-131-octa-core-8-gb-ram-128-gb-argente\/#breadcrumb"},"inLanguage":"es","potentialAction":[{"@type":"ReadAction","target":["https:\/\/tupique.com\/produit\/tablette-samsung-sm-x620b-131-octa-core-8-gb-ram-128-gb-argente\/"]}]},{"@type":"ImageObject","inLanguage":"es","@id":"https:\/\/tupique.com\/produit\/tablette-samsung-sm-x620b-131-octa-core-8-gb-ram-128-gb-argente\/#primaryimage","url":"https:\/\/tupique.com\/wp-content\/uploads\/2026\/04\/8806097196891_S8110759_P00.jpg","contentUrl":"https:\/\/tupique.com\/wp-content\/uploads\/2026\/04\/8806097196891_S8110759_P00.jpg","width":1200,"height":1200,"caption":"M0806055_0"},{"@type":"BreadcrumbList","@id":"https:\/\/tupique.com\/produit\/tablette-samsung-sm-x620b-131-octa-core-8-gb-ram-128-gb-argente\/#breadcrumb","itemListElement":[{"@type":"ListItem","position":1,"name":"In\u00edcio","item":"https:\/\/tupique.com\/"},{"@type":"ListItem","position":2,"name":"Boutique","item":"https:\/\/tupique.com\/en\/boutique\/"},{"@type":"ListItem","position":3,"name":"Tablette Samsung SM-X620B 13,1&#8243; Octa Core 8 GB RAM 128 GB Argent\u00e9"}]},{"@type":"WebSite","@id":"https:\/\/tupique.com\/#website","url":"https:\/\/tupique.com\/","name":"Tupique","description":"Marketplace","publisher":{"@id":"https:\/\/tupique.com\/#organization"},"potentialAction":[{"@type":"SearchAction","target":{"@type":"EntryPoint","urlTemplate":"https:\/\/tupique.com\/?s={search_term_string}"},"query-input":{"@type":"PropertyValueSpecification","valueRequired":true,"valueName":"search_term_string"}}],"inLanguage":"es"},{"@type":"Organization","@id":"https:\/\/tupique.com\/#organization","name":"Tupique","url":"https:\/\/tupique.com\/","logo":{"@type":"ImageObject","inLanguage":"es","@id":"https:\/\/tupique.com\/#\/schema\/logo\/image\/","url":"https:\/\/tupique.com\/wp-content\/uploads\/2024\/09\/logo.png","contentUrl":"https:\/\/tupique.com\/wp-content\/uploads\/2024\/09\/logo.png","width":1118,"height":310,"caption":"Tupique"},"image":{"@id":"https:\/\/tupique.com\/#\/schema\/logo\/image\/"}}]}},"jetpack_sharing_enabled":true,"_links":{"self":[{"href":"https:\/\/tupique.com\/es\/wp-json\/wp\/v2\/product\/4381849","targetHints":{"allow":["GET"]}}],"collection":[{"href":"https:\/\/tupique.com\/es\/wp-json\/wp\/v2\/product"}],"about":[{"href":"https:\/\/tupique.com\/es\/wp-json\/wp\/v2\/types\/product"}],"replies":[{"embeddable":true,"href":"https:\/\/tupique.com\/es\/wp-json\/wp\/v2\/comments?post=4381849"}],"wp:featuredmedia":[{"embeddable":true,"href":"https:\/\/tupique.com\/es\/wp-json\/wp\/v2\/media\/4381842"}],"wp:attachment":[{"href":"https:\/\/tupique.com\/es\/wp-json\/wp\/v2\/media?parent=4381849"}],"wp:term":[{"taxonomy":"product_brand","embeddable":true,"href":"https:\/\/tupique.com\/es\/wp-json\/wp\/v2\/product_brand?post=4381849"},{"taxonomy":"product_cat","embeddable":true,"href":"https:\/\/tupique.com\/es\/wp-json\/wp\/v2\/product_cat?post=4381849"},{"taxonomy":"product_tag","embeddable":true,"href":"https:\/\/tupique.com\/es\/wp-json\/wp\/v2\/product_tag?post=4381849"}],"curies":[{"name":"wp","href":"https:\/\/api.w.org\/{rel}","templated":true}]}}