{"id":4382248,"date":"2026-04-08T00:02:08","date_gmt":"2026-04-07T23:02:08","guid":{"rendered":"https:\/\/tupique.com\/produit\/ecran-elo-touch-systems-et1517l-7cwb-1-bl-zb-g-15-50-60-hz\/"},"modified":"2026-04-08T00:55:40","modified_gmt":"2026-04-07T23:55:40","slug":"ecran-elo-touch-systems-et1517l-7cwb-1-bl-zb-g-15-50-60-hz","status":"publish","type":"product","link":"https:\/\/tupique.com\/es\/producto\/ecran-elo-touch-systems-et1517l-7cwb-1-bl-zb-g-15-50-60-hz\/","title":{"rendered":"\u00c9cran Elo Touch Systems ET1517L-7CWB-1-BL-ZB-G 15&#8243; 50-60 Hz"},"content":{"rendered":"<p>Si le apasiona\u2019<b>inform\u00e1tica y electr\u00f3nica<\/b>, Si est\u00e1s a la \u00faltima en tecnolog\u00eda y no quieres perderte nada, compra <b>\u00c9cran Elo Touch Systems ET1517L-7CWB-1-BL-ZB-G 15&#8243; 50-60 Hz<\/b> al mejor precio.<\/p>\n<ul>\n<li>Producto enchufable: S\u00ed<\/li>\n<li>Tipo de enchufe: enchufe UE<\/li>\n<li>Diagonale de l&#8217;\u00e9cran (cm): 38,1 cm<\/li>\n<li>Tecnolog\u00eda:\n<ul>\n<li>LED<\/li>\n<li>TFT<\/li>\n<\/ul>\n<\/li>\n<li>Type: \u00c9cran<\/li>\n<li>Fuente de alimentaci\u00f3n:\n<ul>\n<li>r\u00e9seau \u00e9lectrique<\/li>\n<li>CA<\/li>\n<\/ul>\n<\/li>\n<li>Color: Negro<\/li>\n<li>VESA: 7,5 x 7,5 cm<\/li>\n<li>Tensi\u00f3n:\n<ul>\n<li>100-240 V<\/li>\n<li>240 V<\/li>\n<li>100 - 240 V<\/li>\n<\/ul>\n<\/li>\n<li>Ecran: 15&#8243;<\/li>\n<li>poder:\n<ul>\n<li>5 W<\/li>\n<li>12 W<\/li>\n<\/ul>\n<\/li>\n<li>Connexions: VGA D-sub<\/li>\n<li>Caracter\u00edsticas:\n<ul>\n<li>Pantalla t\u00e1ctil<\/li>\n<li>Montaje en pared<\/li>\n<li>Con soporte<\/li>\n<li>Indicador LED<\/li>\n<\/ul>\n<\/li>\n<li>R\u00e9solution (px): 1024 x 768 px<\/li>\n<li>Frecuencia:\n<ul>\n<li>50-60 Hz<\/li>\n<li>50 - 60 Hz<\/li>\n<li>60 Hz<\/li>\n<\/ul>\n<\/li>\n<li>Rapport d&#8217;aspect: 4:3<\/li>\n<li>R\u00e9solution: XGA<\/li>\n<li>Certificado: CE - RoHS<\/li>\n<li>Pr\u00e9cision (humidit\u00e9 relative): 20 % &#8211; 80 %<\/li>\n<li>Montaje: VESA<\/li>\n<\/ul>","protected":false},"excerpt":{"rendered":"<p>Si vous \u00eates passionn\u00e9 d&#8217;informatique et d&#8217;\u00e9lectronique, si vous \u00eates \u00e0 la pointe de la technologie et qu&#8217;aucun d\u00e9tail ne<\/p>","protected":false},"featured_media":4382247,"comment_status":"open","ping_status":"closed","template":"","meta":{"_joinchat":[]},"product_brand":[158041],"product_cat":[157516,157517,157816],"product_tag":[157514,157515],"class_list":{"0":"post-4382248","1":"product","2":"type-product","3":"status-publish","4":"has-post-thumbnail","6":"product_brand-brandp_4775","7":"product_cat-informatique-electronique","8":"product_cat-informatique-peripheriques-et-consommables","9":"product_cat-moniteurs","10":"product_tag-tag_933","11":"product_tag-tag_1295","13":"first","14":"instock","15":"taxable","16":"shipping-taxable","17":"purchasable","18":"product-type-simple"},"yoast_head":"<!-- This site is optimized with the Yoast SEO plugin v27.2 - https:\/\/yoast.com\/product\/yoast-seo-wordpress\/ -->\n<title>\u00c9cran Elo Touch Systems ET1517L-7CWB-1-BL-ZB-G 15&quot; 50-60 Hz - Tupique<\/title>\n<meta name=\"description\" content=\"Vous cherchez \u00c9cran Elo Touch Systems ET1517L-7CWB-1-BL-ZB-G 15&quot; 50-60 Hz ? Achetez des produits chez Tupique. Profitez de la livraison gratuite pour obtenir \u00c9cran Elo Touch Systems ET1517L-7CWB-1-BL-ZB-G 15&quot; 50-60 Hz d\u00e8s maintenant.\" \/>\n<meta name=\"robots\" content=\"index, follow, max-snippet:-1, max-image-preview:large, max-video-preview:-1\" \/>\n<link rel=\"canonical\" href=\"https:\/\/tupique.com\/es\/producto\/ecran-elo-touch-systems-et1517l-7cwb-1-bl-zb-g-15-50-60-hz\/\" \/>\n<meta property=\"og:locale\" content=\"es_ES\" \/>\n<meta property=\"og:type\" content=\"article\" \/>\n<meta property=\"og:title\" content=\"\u00c9cran Elo Touch Systems ET1517L-7CWB-1-BL-ZB-G 15&quot; 50-60 Hz - Tupique\" \/>\n<meta property=\"og:description\" content=\"Vous cherchez \u00c9cran Elo Touch Systems ET1517L-7CWB-1-BL-ZB-G 15&quot; 50-60 Hz ? Achetez des produits chez Tupique. Profitez de la livraison gratuite pour obtenir \u00c9cran Elo Touch Systems ET1517L-7CWB-1-BL-ZB-G 15&quot; 50-60 Hz d\u00e8s maintenant.\" \/>\n<meta property=\"og:url\" content=\"https:\/\/tupique.com\/es\/producto\/ecran-elo-touch-systems-et1517l-7cwb-1-bl-zb-g-15-50-60-hz\/\" \/>\n<meta property=\"og:site_name\" content=\"Tupique\" \/>\n<meta property=\"article:modified_time\" content=\"2026-04-07T23:55:40+00:00\" \/>\n<meta property=\"og:image\" content=\"https:\/\/tupique.com\/wp-content\/uploads\/2026\/04\/154083010.jpg\" \/>\n\t<meta property=\"og:image:width\" content=\"1200\" \/>\n\t<meta property=\"og:image:height\" content=\"1200\" \/>\n\t<meta property=\"og:image:type\" content=\"image\/jpeg\" \/>\n<meta name=\"twitter:card\" content=\"summary_large_image\" \/>\n<script type=\"application\/ld+json\" class=\"yoast-schema-graph\">{\"@context\":\"https:\/\/schema.org\",\"@graph\":[{\"@type\":\"WebPage\",\"@id\":\"https:\/\/tupique.com\/produit\/ecran-elo-touch-systems-et1517l-7cwb-1-bl-zb-g-15-50-60-hz\/\",\"url\":\"https:\/\/tupique.com\/produit\/ecran-elo-touch-systems-et1517l-7cwb-1-bl-zb-g-15-50-60-hz\/\",\"name\":\"\u00c9cran Elo Touch Systems ET1517L-7CWB-1-BL-ZB-G 15\\\" 50-60 Hz - Tupique\",\"isPartOf\":{\"@id\":\"https:\/\/tupique.com\/#website\"},\"primaryImageOfPage\":{\"@id\":\"https:\/\/tupique.com\/produit\/ecran-elo-touch-systems-et1517l-7cwb-1-bl-zb-g-15-50-60-hz\/#primaryimage\"},\"image\":{\"@id\":\"https:\/\/tupique.com\/produit\/ecran-elo-touch-systems-et1517l-7cwb-1-bl-zb-g-15-50-60-hz\/#primaryimage\"},\"thumbnailUrl\":\"https:\/\/tupique.com\/wp-content\/uploads\/2026\/04\/154083010.jpg\",\"datePublished\":\"2026-04-07T23:02:08+00:00\",\"dateModified\":\"2026-04-07T23:55:40+00:00\",\"description\":\"Vous cherchez \u00c9cran Elo Touch Systems ET1517L-7CWB-1-BL-ZB-G 15\\\" 50-60 Hz ? Achetez des produits chez Tupique. Profitez de la livraison gratuite pour obtenir \u00c9cran Elo Touch Systems ET1517L-7CWB-1-BL-ZB-G 15\\\" 50-60 Hz d\u00e8s maintenant.\",\"breadcrumb\":{\"@id\":\"https:\/\/tupique.com\/produit\/ecran-elo-touch-systems-et1517l-7cwb-1-bl-zb-g-15-50-60-hz\/#breadcrumb\"},\"inLanguage\":\"es\",\"potentialAction\":[{\"@type\":\"ReadAction\",\"target\":[\"https:\/\/tupique.com\/produit\/ecran-elo-touch-systems-et1517l-7cwb-1-bl-zb-g-15-50-60-hz\/\"]}]},{\"@type\":\"ImageObject\",\"inLanguage\":\"es\",\"@id\":\"https:\/\/tupique.com\/produit\/ecran-elo-touch-systems-et1517l-7cwb-1-bl-zb-g-15-50-60-hz\/#primaryimage\",\"url\":\"https:\/\/tupique.com\/wp-content\/uploads\/2026\/04\/154083010.jpg\",\"contentUrl\":\"https:\/\/tupique.com\/wp-content\/uploads\/2026\/04\/154083010.jpg\",\"width\":1200,\"height\":1200,\"caption\":\"S55068189_0\"},{\"@type\":\"BreadcrumbList\",\"@id\":\"https:\/\/tupique.com\/produit\/ecran-elo-touch-systems-et1517l-7cwb-1-bl-zb-g-15-50-60-hz\/#breadcrumb\",\"itemListElement\":[{\"@type\":\"ListItem\",\"position\":1,\"name\":\"In\u00edcio\",\"item\":\"https:\/\/tupique.com\/\"},{\"@type\":\"ListItem\",\"position\":2,\"name\":\"Boutique\",\"item\":\"https:\/\/tupique.com\/en\/boutique\/\"},{\"@type\":\"ListItem\",\"position\":3,\"name\":\"\u00c9cran Elo Touch Systems ET1517L-7CWB-1-BL-ZB-G 15&#8243; 50-60 Hz\"}]},{\"@type\":\"WebSite\",\"@id\":\"https:\/\/tupique.com\/#website\",\"url\":\"https:\/\/tupique.com\/\",\"name\":\"Tupique\",\"description\":\"Marketplace\",\"publisher\":{\"@id\":\"https:\/\/tupique.com\/#organization\"},\"potentialAction\":[{\"@type\":\"SearchAction\",\"target\":{\"@type\":\"EntryPoint\",\"urlTemplate\":\"https:\/\/tupique.com\/?s={search_term_string}\"},\"query-input\":{\"@type\":\"PropertyValueSpecification\",\"valueRequired\":true,\"valueName\":\"search_term_string\"}}],\"inLanguage\":\"es\"},{\"@type\":\"Organization\",\"@id\":\"https:\/\/tupique.com\/#organization\",\"name\":\"Tupique\",\"url\":\"https:\/\/tupique.com\/\",\"logo\":{\"@type\":\"ImageObject\",\"inLanguage\":\"es\",\"@id\":\"https:\/\/tupique.com\/#\/schema\/logo\/image\/\",\"url\":\"https:\/\/tupique.com\/wp-content\/uploads\/2024\/09\/logo.png\",\"contentUrl\":\"https:\/\/tupique.com\/wp-content\/uploads\/2024\/09\/logo.png\",\"width\":1118,\"height\":310,\"caption\":\"Tupique\"},\"image\":{\"@id\":\"https:\/\/tupique.com\/#\/schema\/logo\/image\/\"}}]}<\/script>\n<!-- \/ Yoast SEO plugin. -->","yoast_head_json":{"title":"\u00c9cran Elo Touch Systems ET1517L-7CWB-1-BL-ZB-G 15\" 50-60 Hz - Tupique","description":"Vous cherchez \u00c9cran Elo Touch Systems ET1517L-7CWB-1-BL-ZB-G 15\" 50-60 Hz ? Achetez des produits chez Tupique. Profitez de la livraison gratuite pour obtenir \u00c9cran Elo Touch Systems ET1517L-7CWB-1-BL-ZB-G 15\" 50-60 Hz d\u00e8s maintenant.","robots":{"index":"index","follow":"follow","max-snippet":"max-snippet:-1","max-image-preview":"max-image-preview:large","max-video-preview":"max-video-preview:-1"},"canonical":"https:\/\/tupique.com\/es\/producto\/ecran-elo-touch-systems-et1517l-7cwb-1-bl-zb-g-15-50-60-hz\/","og_locale":"es_ES","og_type":"article","og_title":"\u00c9cran Elo Touch Systems ET1517L-7CWB-1-BL-ZB-G 15\" 50-60 Hz - Tupique","og_description":"Vous cherchez \u00c9cran Elo Touch Systems ET1517L-7CWB-1-BL-ZB-G 15\" 50-60 Hz ? Achetez des produits chez Tupique. Profitez de la livraison gratuite pour obtenir \u00c9cran Elo Touch Systems ET1517L-7CWB-1-BL-ZB-G 15\" 50-60 Hz d\u00e8s maintenant.","og_url":"https:\/\/tupique.com\/es\/producto\/ecran-elo-touch-systems-et1517l-7cwb-1-bl-zb-g-15-50-60-hz\/","og_site_name":"Tupique","article_modified_time":"2026-04-07T23:55:40+00:00","og_image":[{"width":1200,"height":1200,"url":"https:\/\/tupique.com\/wp-content\/uploads\/2026\/04\/154083010.jpg","type":"image\/jpeg"}],"twitter_card":"summary_large_image","schema":{"@context":"https:\/\/schema.org","@graph":[{"@type":"WebPage","@id":"https:\/\/tupique.com\/produit\/ecran-elo-touch-systems-et1517l-7cwb-1-bl-zb-g-15-50-60-hz\/","url":"https:\/\/tupique.com\/produit\/ecran-elo-touch-systems-et1517l-7cwb-1-bl-zb-g-15-50-60-hz\/","name":"\u00c9cran Elo Touch Systems ET1517L-7CWB-1-BL-ZB-G 15\" 50-60 Hz - Tupique","isPartOf":{"@id":"https:\/\/tupique.com\/#website"},"primaryImageOfPage":{"@id":"https:\/\/tupique.com\/produit\/ecran-elo-touch-systems-et1517l-7cwb-1-bl-zb-g-15-50-60-hz\/#primaryimage"},"image":{"@id":"https:\/\/tupique.com\/produit\/ecran-elo-touch-systems-et1517l-7cwb-1-bl-zb-g-15-50-60-hz\/#primaryimage"},"thumbnailUrl":"https:\/\/tupique.com\/wp-content\/uploads\/2026\/04\/154083010.jpg","datePublished":"2026-04-07T23:02:08+00:00","dateModified":"2026-04-07T23:55:40+00:00","description":"Vous cherchez \u00c9cran Elo Touch Systems ET1517L-7CWB-1-BL-ZB-G 15\" 50-60 Hz ? Achetez des produits chez Tupique. Profitez de la livraison gratuite pour obtenir \u00c9cran Elo Touch Systems ET1517L-7CWB-1-BL-ZB-G 15\" 50-60 Hz d\u00e8s maintenant.","breadcrumb":{"@id":"https:\/\/tupique.com\/produit\/ecran-elo-touch-systems-et1517l-7cwb-1-bl-zb-g-15-50-60-hz\/#breadcrumb"},"inLanguage":"es","potentialAction":[{"@type":"ReadAction","target":["https:\/\/tupique.com\/produit\/ecran-elo-touch-systems-et1517l-7cwb-1-bl-zb-g-15-50-60-hz\/"]}]},{"@type":"ImageObject","inLanguage":"es","@id":"https:\/\/tupique.com\/produit\/ecran-elo-touch-systems-et1517l-7cwb-1-bl-zb-g-15-50-60-hz\/#primaryimage","url":"https:\/\/tupique.com\/wp-content\/uploads\/2026\/04\/154083010.jpg","contentUrl":"https:\/\/tupique.com\/wp-content\/uploads\/2026\/04\/154083010.jpg","width":1200,"height":1200,"caption":"S55068189_0"},{"@type":"BreadcrumbList","@id":"https:\/\/tupique.com\/produit\/ecran-elo-touch-systems-et1517l-7cwb-1-bl-zb-g-15-50-60-hz\/#breadcrumb","itemListElement":[{"@type":"ListItem","position":1,"name":"In\u00edcio","item":"https:\/\/tupique.com\/"},{"@type":"ListItem","position":2,"name":"Boutique","item":"https:\/\/tupique.com\/en\/boutique\/"},{"@type":"ListItem","position":3,"name":"\u00c9cran Elo Touch Systems ET1517L-7CWB-1-BL-ZB-G 15&#8243; 50-60 Hz"}]},{"@type":"WebSite","@id":"https:\/\/tupique.com\/#website","url":"https:\/\/tupique.com\/","name":"Tupique","description":"Marketplace","publisher":{"@id":"https:\/\/tupique.com\/#organization"},"potentialAction":[{"@type":"SearchAction","target":{"@type":"EntryPoint","urlTemplate":"https:\/\/tupique.com\/?s={search_term_string}"},"query-input":{"@type":"PropertyValueSpecification","valueRequired":true,"valueName":"search_term_string"}}],"inLanguage":"es"},{"@type":"Organization","@id":"https:\/\/tupique.com\/#organization","name":"Tupique","url":"https:\/\/tupique.com\/","logo":{"@type":"ImageObject","inLanguage":"es","@id":"https:\/\/tupique.com\/#\/schema\/logo\/image\/","url":"https:\/\/tupique.com\/wp-content\/uploads\/2024\/09\/logo.png","contentUrl":"https:\/\/tupique.com\/wp-content\/uploads\/2024\/09\/logo.png","width":1118,"height":310,"caption":"Tupique"},"image":{"@id":"https:\/\/tupique.com\/#\/schema\/logo\/image\/"}}]}},"jetpack_sharing_enabled":true,"_links":{"self":[{"href":"https:\/\/tupique.com\/es\/wp-json\/wp\/v2\/product\/4382248","targetHints":{"allow":["GET"]}}],"collection":[{"href":"https:\/\/tupique.com\/es\/wp-json\/wp\/v2\/product"}],"about":[{"href":"https:\/\/tupique.com\/es\/wp-json\/wp\/v2\/types\/product"}],"replies":[{"embeddable":true,"href":"https:\/\/tupique.com\/es\/wp-json\/wp\/v2\/comments?post=4382248"}],"wp:featuredmedia":[{"embeddable":true,"href":"https:\/\/tupique.com\/es\/wp-json\/wp\/v2\/media\/4382247"}],"wp:attachment":[{"href":"https:\/\/tupique.com\/es\/wp-json\/wp\/v2\/media?parent=4382248"}],"wp:term":[{"taxonomy":"product_brand","embeddable":true,"href":"https:\/\/tupique.com\/es\/wp-json\/wp\/v2\/product_brand?post=4382248"},{"taxonomy":"product_cat","embeddable":true,"href":"https:\/\/tupique.com\/es\/wp-json\/wp\/v2\/product_cat?post=4382248"},{"taxonomy":"product_tag","embeddable":true,"href":"https:\/\/tupique.com\/es\/wp-json\/wp\/v2\/product_tag?post=4382248"}],"curies":[{"name":"wp","href":"https:\/\/api.w.org\/{rel}","templated":true}]}}