{"id":4382419,"date":"2026-04-08T01:56:43","date_gmt":"2026-04-08T00:56:43","guid":{"rendered":"https:\/\/tupique.com\/produit\/parure-de-couette-today-funny-2-8-noir-lit-simple-140-x-200-cm\/"},"modified":"2026-04-08T01:56:43","modified_gmt":"2026-04-08T00:56:43","slug":"parure-de-couette-today-funny-2-8-noir-lit-simple-140-x-200-cm","status":"publish","type":"product","link":"https:\/\/tupique.com\/es\/producto\/parure-de-couette-today-funny-2-8-noir-lit-simple-140-x-200-cm\/","title":{"rendered":"Parure de couette TODAY Funny 2.8 Noir Lit simple 140 x 200 cm"},"content":{"rendered":"<p>Si te gusta cuidar cada detalle de tu hogar y estar al d\u00eda de las \u00faltimas tendencias en productos que te har\u00e1n la vida m\u00e1s f\u00e1cil, compra <b>Parure de couette TODAY Funny 2.8 Noir Lit simple 140 x 200 cm<\/b> al mejor precio.<\/p>\n<ul>\n<li>Incluye:\n<ul>\n<li>Taie d&#8217;oreiller x 2<\/li>\n<li>Housse de Couette<\/li>\n<\/ul>\n<\/li>\n<li>Taille-taie d\u2019oreiller: 63 x 63 cm<\/li>\n<li>Taille: Lit simple<\/li>\n<li>Largeur: 140 cm<\/li>\n<li>Long: 200 cm<\/li>\n<li>Color:\n<ul>\n<li>Blanco<\/li>\n<li>Negro<\/li>\n<\/ul>\n<\/li>\n<li>Type: Housse de Couette<\/li>\n<li>Dimensions approx.: 140 x 200 cm<\/li>\n<\/ul>","protected":false},"excerpt":{"rendered":"<p>Si vous aimez prendre soin de chaque d\u00e9tail de votre maison et d&#8217;\u00eatre \u00e0 la derni\u00e8re mode en mati\u00e8re de<\/p>","protected":false},"featured_media":4382416,"comment_status":"open","ping_status":"closed","template":"","meta":{"_joinchat":[]},"product_brand":[158233],"product_cat":[158226,157535,158227],"product_tag":[157546,157695],"class_list":{"0":"post-4382419","1":"product","2":"type-product","3":"status-publish","4":"has-post-thumbnail","6":"product_brand-brandp_6093","7":"product_cat-linge-de-maison","8":"product_cat-maison-jardin","9":"product_cat-tapis-et-couvertures","10":"product_tag-tag_1304","11":"product_tag-tag_587","13":"first","14":"instock","15":"taxable","16":"shipping-taxable","17":"purchasable","18":"product-type-simple"},"yoast_head":"<!-- This site is optimized with the Yoast SEO plugin v27.2 - https:\/\/yoast.com\/product\/yoast-seo-wordpress\/ -->\n<title>Parure de couette TODAY Funny 2.8 Noir Lit simple 140 x 200 cm - Tupique<\/title>\n<meta name=\"description\" content=\"Vous cherchez Parure de couette TODAY Funny 2.8 Noir Lit simple 140 x 200 cm ? Achetez des produits chez Tupique. Profitez de la livraison gratuite pour obtenir Parure de couette TODAY Funny 2.8 Noir Lit simple 140 x 200 cm d\u00e8s maintenant.\" \/>\n<meta name=\"robots\" content=\"index, follow, max-snippet:-1, max-image-preview:large, max-video-preview:-1\" \/>\n<link rel=\"canonical\" href=\"https:\/\/tupique.com\/es\/producto\/parure-de-couette-today-funny-2-8-noir-lit-simple-140-x-200-cm\/\" \/>\n<meta property=\"og:locale\" content=\"es_ES\" \/>\n<meta property=\"og:type\" content=\"article\" \/>\n<meta property=\"og:title\" content=\"Parure de couette TODAY Funny 2.8 Noir Lit simple 140 x 200 cm - Tupique\" \/>\n<meta property=\"og:description\" content=\"Vous cherchez Parure de couette TODAY Funny 2.8 Noir Lit simple 140 x 200 cm ? Achetez des produits chez Tupique. Profitez de la livraison gratuite pour obtenir Parure de couette TODAY Funny 2.8 Noir Lit simple 140 x 200 cm d\u00e8s maintenant.\" \/>\n<meta property=\"og:url\" content=\"https:\/\/tupique.com\/es\/producto\/parure-de-couette-today-funny-2-8-noir-lit-simple-140-x-200-cm\/\" \/>\n<meta property=\"og:site_name\" content=\"Tupique\" \/>\n<meta name=\"twitter:card\" content=\"summary_large_image\" \/>\n<script type=\"application\/ld+json\" class=\"yoast-schema-graph\">{\"@context\":\"https:\/\/schema.org\",\"@graph\":[{\"@type\":\"WebPage\",\"@id\":\"https:\/\/tupique.com\/produit\/parure-de-couette-today-funny-2-8-noir-lit-simple-140-x-200-cm\/\",\"url\":\"https:\/\/tupique.com\/produit\/parure-de-couette-today-funny-2-8-noir-lit-simple-140-x-200-cm\/\",\"name\":\"Parure de couette TODAY Funny 2.8 Noir Lit simple 140 x 200 cm - Tupique\",\"isPartOf\":{\"@id\":\"https:\/\/tupique.com\/#website\"},\"primaryImageOfPage\":{\"@id\":\"https:\/\/tupique.com\/produit\/parure-de-couette-today-funny-2-8-noir-lit-simple-140-x-200-cm\/#primaryimage\"},\"image\":{\"@id\":\"https:\/\/tupique.com\/produit\/parure-de-couette-today-funny-2-8-noir-lit-simple-140-x-200-cm\/#primaryimage\"},\"thumbnailUrl\":\"https:\/\/tupique.com\/wp-content\/uploads\/2026\/04\/3574641208318_S7192543_P00.jpg\",\"datePublished\":\"2026-04-08T00:56:43+00:00\",\"description\":\"Vous cherchez Parure de couette TODAY Funny 2.8 Noir Lit simple 140 x 200 cm ? Achetez des produits chez Tupique. Profitez de la livraison gratuite pour obtenir Parure de couette TODAY Funny 2.8 Noir Lit simple 140 x 200 cm d\u00e8s maintenant.\",\"breadcrumb\":{\"@id\":\"https:\/\/tupique.com\/produit\/parure-de-couette-today-funny-2-8-noir-lit-simple-140-x-200-cm\/#breadcrumb\"},\"inLanguage\":\"es\",\"potentialAction\":[{\"@type\":\"ReadAction\",\"target\":[\"https:\/\/tupique.com\/produit\/parure-de-couette-today-funny-2-8-noir-lit-simple-140-x-200-cm\/\"]}]},{\"@type\":\"ImageObject\",\"inLanguage\":\"es\",\"@id\":\"https:\/\/tupique.com\/produit\/parure-de-couette-today-funny-2-8-noir-lit-simple-140-x-200-cm\/#primaryimage\",\"url\":\"https:\/\/tupique.com\/wp-content\/uploads\/2026\/04\/3574641208318_S7192543_P00.jpg\",\"contentUrl\":\"https:\/\/tupique.com\/wp-content\/uploads\/2026\/04\/3574641208318_S7192543_P00.jpg\",\"width\":1200,\"height\":1200,\"caption\":\"S7192543_0\"},{\"@type\":\"BreadcrumbList\",\"@id\":\"https:\/\/tupique.com\/produit\/parure-de-couette-today-funny-2-8-noir-lit-simple-140-x-200-cm\/#breadcrumb\",\"itemListElement\":[{\"@type\":\"ListItem\",\"position\":1,\"name\":\"In\u00edcio\",\"item\":\"https:\/\/tupique.com\/\"},{\"@type\":\"ListItem\",\"position\":2,\"name\":\"Boutique\",\"item\":\"https:\/\/tupique.com\/en\/boutique\/\"},{\"@type\":\"ListItem\",\"position\":3,\"name\":\"Parure de couette TODAY Funny 2.8 Noir Lit simple 140 x 200 cm\"}]},{\"@type\":\"WebSite\",\"@id\":\"https:\/\/tupique.com\/#website\",\"url\":\"https:\/\/tupique.com\/\",\"name\":\"Tupique\",\"description\":\"Marketplace\",\"publisher\":{\"@id\":\"https:\/\/tupique.com\/#organization\"},\"potentialAction\":[{\"@type\":\"SearchAction\",\"target\":{\"@type\":\"EntryPoint\",\"urlTemplate\":\"https:\/\/tupique.com\/?s={search_term_string}\"},\"query-input\":{\"@type\":\"PropertyValueSpecification\",\"valueRequired\":true,\"valueName\":\"search_term_string\"}}],\"inLanguage\":\"es\"},{\"@type\":\"Organization\",\"@id\":\"https:\/\/tupique.com\/#organization\",\"name\":\"Tupique\",\"url\":\"https:\/\/tupique.com\/\",\"logo\":{\"@type\":\"ImageObject\",\"inLanguage\":\"es\",\"@id\":\"https:\/\/tupique.com\/#\/schema\/logo\/image\/\",\"url\":\"https:\/\/tupique.com\/wp-content\/uploads\/2024\/09\/logo.png\",\"contentUrl\":\"https:\/\/tupique.com\/wp-content\/uploads\/2024\/09\/logo.png\",\"width\":1118,\"height\":310,\"caption\":\"Tupique\"},\"image\":{\"@id\":\"https:\/\/tupique.com\/#\/schema\/logo\/image\/\"}}]}<\/script>\n<!-- \/ Yoast SEO plugin. -->","yoast_head_json":{"title":"Parure de couette TODAY Funny 2.8 Noir Lit simple 140 x 200 cm - Tupique","description":"Vous cherchez Parure de couette TODAY Funny 2.8 Noir Lit simple 140 x 200 cm ? Achetez des produits chez Tupique. Profitez de la livraison gratuite pour obtenir Parure de couette TODAY Funny 2.8 Noir Lit simple 140 x 200 cm d\u00e8s maintenant.","robots":{"index":"index","follow":"follow","max-snippet":"max-snippet:-1","max-image-preview":"max-image-preview:large","max-video-preview":"max-video-preview:-1"},"canonical":"https:\/\/tupique.com\/es\/producto\/parure-de-couette-today-funny-2-8-noir-lit-simple-140-x-200-cm\/","og_locale":"es_ES","og_type":"article","og_title":"Parure de couette TODAY Funny 2.8 Noir Lit simple 140 x 200 cm - Tupique","og_description":"Vous cherchez Parure de couette TODAY Funny 2.8 Noir Lit simple 140 x 200 cm ? Achetez des produits chez Tupique. Profitez de la livraison gratuite pour obtenir Parure de couette TODAY Funny 2.8 Noir Lit simple 140 x 200 cm d\u00e8s maintenant.","og_url":"https:\/\/tupique.com\/es\/producto\/parure-de-couette-today-funny-2-8-noir-lit-simple-140-x-200-cm\/","og_site_name":"Tupique","twitter_card":"summary_large_image","schema":{"@context":"https:\/\/schema.org","@graph":[{"@type":"WebPage","@id":"https:\/\/tupique.com\/produit\/parure-de-couette-today-funny-2-8-noir-lit-simple-140-x-200-cm\/","url":"https:\/\/tupique.com\/produit\/parure-de-couette-today-funny-2-8-noir-lit-simple-140-x-200-cm\/","name":"Parure de couette TODAY Funny 2.8 Noir Lit simple 140 x 200 cm - Tupique","isPartOf":{"@id":"https:\/\/tupique.com\/#website"},"primaryImageOfPage":{"@id":"https:\/\/tupique.com\/produit\/parure-de-couette-today-funny-2-8-noir-lit-simple-140-x-200-cm\/#primaryimage"},"image":{"@id":"https:\/\/tupique.com\/produit\/parure-de-couette-today-funny-2-8-noir-lit-simple-140-x-200-cm\/#primaryimage"},"thumbnailUrl":"https:\/\/tupique.com\/wp-content\/uploads\/2026\/04\/3574641208318_S7192543_P00.jpg","datePublished":"2026-04-08T00:56:43+00:00","description":"Vous cherchez Parure de couette TODAY Funny 2.8 Noir Lit simple 140 x 200 cm ? Achetez des produits chez Tupique. Profitez de la livraison gratuite pour obtenir Parure de couette TODAY Funny 2.8 Noir Lit simple 140 x 200 cm d\u00e8s maintenant.","breadcrumb":{"@id":"https:\/\/tupique.com\/produit\/parure-de-couette-today-funny-2-8-noir-lit-simple-140-x-200-cm\/#breadcrumb"},"inLanguage":"es","potentialAction":[{"@type":"ReadAction","target":["https:\/\/tupique.com\/produit\/parure-de-couette-today-funny-2-8-noir-lit-simple-140-x-200-cm\/"]}]},{"@type":"ImageObject","inLanguage":"es","@id":"https:\/\/tupique.com\/produit\/parure-de-couette-today-funny-2-8-noir-lit-simple-140-x-200-cm\/#primaryimage","url":"https:\/\/tupique.com\/wp-content\/uploads\/2026\/04\/3574641208318_S7192543_P00.jpg","contentUrl":"https:\/\/tupique.com\/wp-content\/uploads\/2026\/04\/3574641208318_S7192543_P00.jpg","width":1200,"height":1200,"caption":"S7192543_0"},{"@type":"BreadcrumbList","@id":"https:\/\/tupique.com\/produit\/parure-de-couette-today-funny-2-8-noir-lit-simple-140-x-200-cm\/#breadcrumb","itemListElement":[{"@type":"ListItem","position":1,"name":"In\u00edcio","item":"https:\/\/tupique.com\/"},{"@type":"ListItem","position":2,"name":"Boutique","item":"https:\/\/tupique.com\/en\/boutique\/"},{"@type":"ListItem","position":3,"name":"Parure de couette TODAY Funny 2.8 Noir Lit simple 140 x 200 cm"}]},{"@type":"WebSite","@id":"https:\/\/tupique.com\/#website","url":"https:\/\/tupique.com\/","name":"Tupique","description":"Marketplace","publisher":{"@id":"https:\/\/tupique.com\/#organization"},"potentialAction":[{"@type":"SearchAction","target":{"@type":"EntryPoint","urlTemplate":"https:\/\/tupique.com\/?s={search_term_string}"},"query-input":{"@type":"PropertyValueSpecification","valueRequired":true,"valueName":"search_term_string"}}],"inLanguage":"es"},{"@type":"Organization","@id":"https:\/\/tupique.com\/#organization","name":"Tupique","url":"https:\/\/tupique.com\/","logo":{"@type":"ImageObject","inLanguage":"es","@id":"https:\/\/tupique.com\/#\/schema\/logo\/image\/","url":"https:\/\/tupique.com\/wp-content\/uploads\/2024\/09\/logo.png","contentUrl":"https:\/\/tupique.com\/wp-content\/uploads\/2024\/09\/logo.png","width":1118,"height":310,"caption":"Tupique"},"image":{"@id":"https:\/\/tupique.com\/#\/schema\/logo\/image\/"}}]}},"jetpack_sharing_enabled":true,"_links":{"self":[{"href":"https:\/\/tupique.com\/es\/wp-json\/wp\/v2\/product\/4382419","targetHints":{"allow":["GET"]}}],"collection":[{"href":"https:\/\/tupique.com\/es\/wp-json\/wp\/v2\/product"}],"about":[{"href":"https:\/\/tupique.com\/es\/wp-json\/wp\/v2\/types\/product"}],"replies":[{"embeddable":true,"href":"https:\/\/tupique.com\/es\/wp-json\/wp\/v2\/comments?post=4382419"}],"wp:featuredmedia":[{"embeddable":true,"href":"https:\/\/tupique.com\/es\/wp-json\/wp\/v2\/media\/4382416"}],"wp:attachment":[{"href":"https:\/\/tupique.com\/es\/wp-json\/wp\/v2\/media?parent=4382419"}],"wp:term":[{"taxonomy":"product_brand","embeddable":true,"href":"https:\/\/tupique.com\/es\/wp-json\/wp\/v2\/product_brand?post=4382419"},{"taxonomy":"product_cat","embeddable":true,"href":"https:\/\/tupique.com\/es\/wp-json\/wp\/v2\/product_cat?post=4382419"},{"taxonomy":"product_tag","embeddable":true,"href":"https:\/\/tupique.com\/es\/wp-json\/wp\/v2\/product_tag?post=4382419"}],"curies":[{"name":"wp","href":"https:\/\/api.w.org\/{rel}","templated":true}]}}