{"id":4382441,"date":"2026-04-08T01:57:08","date_gmt":"2026-04-08T00:57:08","guid":{"rendered":"https:\/\/tupique.com\/produit\/pate-a-modeler-en-argile-play-doh-kitchen-vert\/"},"modified":"2026-04-08T01:57:08","modified_gmt":"2026-04-08T00:57:08","slug":"pate-a-modeler-en-argile-play-doh-kitchen-vert","status":"publish","type":"product","link":"https:\/\/tupique.com\/es\/producto\/pate-a-modeler-en-argile-play-doh-kitchen-vert\/","title":{"rendered":"P\u00e2te \u00e0 modeler en argile Play-Doh Kitchen Vert"},"content":{"rendered":"<p>Les enfants m\u00e9ritent ce qu\u2019il y a de mieux, nous vous pr\u00e9sentons donc <b>P\u00e2te \u00e0 modeler en argile Play-Doh Kitchen Vert<\/b>, id\u00e9al pour ceux qui cherchent des produits de qualit\u00e9 pour les plus petits ! Procurez-vous <b>Play-Doh<\/b> et bien d\u2019autres marques et licences aux meilleurs prix !<\/p>\n<p>Le <b>jeu de p\u00e2te \u00e0 modeler Kitchen<\/b> de la c\u00e9l\u00e8bre marque <b>Play-Doh<\/b> est un ensemble cr\u00e9atif con\u00e7u sp\u00e9cialement pour les enfants d\u00e8s <b>3 ans<\/b>, qui stimule l\u2019imagination et la motricit\u00e9 fine \u00e0 travers la simulation d\u2019activit\u00e9s culinaires. Ce produit comprend de la p\u00e2te \u00e0 modeler de haute qualit\u00e9 fabriqu\u00e9e en <b>plastique<\/b> r\u00e9sistant et s\u00fbr pour les enfants, avec une vari\u00e9t\u00e9 de couleurs <b>jaune, verte et multicolore<\/b> permettant aux plus petits d\u2019explorer des combinaisons et cr\u00e9ations ludiques. Son emballage d\u2019origine, non ouvert, garantit un contenu en parfait \u00e9tat pour une utilisation imm\u00e9diate. Le jeu inclut des ustensiles et moules de cuisine, offrant une exp\u00e9rience de jeu r\u00e9aliste qui aide \u00e0 d\u00e9velopper la coordination \u0153il-main et les habilet\u00e9s motrices fines. Fabriqu\u00e9 en <b>Chine<\/b>, ce produit respecte les normes europ\u00e9ennes de s\u00e9curit\u00e9 et qualit\u00e9, assurant un divertissement adapt\u00e9 aux enfants en \u00e2ge pr\u00e9scolaire. Le <b>jeu de p\u00e2te \u00e0 modeler<\/b> Play-Doh allie plaisir et apprentissage en un seul set, devenant un outil id\u00e9al pour encourager cr\u00e9ativit\u00e9 et apprentissage par le jeu. En r\u00e9sum\u00e9, ce produit constitue une option solide et divertissante pour stimuler l\u2019expression artistique et les capacit\u00e9s cognitives des plus jeunes.<\/p>\n<ul>\n<li>Tipo:\n<ul>\n<li>P\u00e2te \u00e0 modeler<\/li>\n<li>P\u00e2te \u00e0 modeler en argile<\/li>\n<\/ul>\n<\/li>\n<li>Pa\u00eds\/regi\u00f3n de fabricaci\u00f3n: China<\/li>\n<li>Couleur: Vert<\/li>\n<li>Mat\u00e9riel: Plastique<\/li>\n<li>Emballage: original (sin abrir)<\/li>\n<li>Edad recomendada:\n<ul>\n<li>+ 3 ans<\/li>\n<li>Ni\u00f1os<\/li>\n<li>Enfant<\/li>\n<\/ul>\n<\/li>\n<li>Nombre de joueurs: 1 Joueurs<\/li>\n<\/ul>","protected":false},"excerpt":{"rendered":"<p>Les enfants m\u00e9ritent ce qu\u2019il y a de mieux, nous vous pr\u00e9sentons donc P\u00e2te \u00e0 modeler en argile Play-Doh Kitchen<\/p>","protected":false},"featured_media":4382435,"comment_status":"open","ping_status":"closed","template":"","meta":{"_joinchat":[]},"product_brand":[158235],"product_cat":[158229,157660,157912],"product_tag":[157622,157546],"class_list":{"0":"post-4382441","1":"product","2":"type-product","3":"status-publish","4":"has-post-thumbnail","6":"product_brand-brandp_2433","7":"product_cat-jeux-educatifs","8":"product_cat-jouets-deguisements","9":"product_cat-jouets-et-jeux","10":"product_tag-tag_1275","11":"product_tag-tag_1304","13":"first","14":"instock","15":"taxable","16":"shipping-taxable","17":"purchasable","18":"product-type-simple"},"yoast_head":"<!-- This site is optimized with the Yoast SEO plugin v27.2 - https:\/\/yoast.com\/product\/yoast-seo-wordpress\/ -->\n<title>P\u00e2te \u00e0 modeler en argile Play-Doh Kitchen Vert - Tupique<\/title>\n<meta name=\"description\" content=\"Vous cherchez P\u00e2te \u00e0 modeler en argile Play-Doh Kitchen Vert ? Achetez des produits chez Tupique. Profitez de la livraison gratuite pour obtenir P\u00e2te \u00e0 modeler en argile Play-Doh Kitchen Vert d\u00e8s maintenant.\" \/>\n<meta name=\"robots\" content=\"index, follow, max-snippet:-1, max-image-preview:large, max-video-preview:-1\" \/>\n<link rel=\"canonical\" href=\"https:\/\/tupique.com\/es\/producto\/pate-a-modeler-en-argile-play-doh-kitchen-vert\/\" \/>\n<meta property=\"og:locale\" content=\"es_ES\" \/>\n<meta property=\"og:type\" content=\"article\" \/>\n<meta property=\"og:title\" content=\"P\u00e2te \u00e0 modeler en argile Play-Doh Kitchen Vert - Tupique\" \/>\n<meta property=\"og:description\" content=\"Vous cherchez P\u00e2te \u00e0 modeler en argile Play-Doh Kitchen Vert ? Achetez des produits chez Tupique. Profitez de la livraison gratuite pour obtenir P\u00e2te \u00e0 modeler en argile Play-Doh Kitchen Vert d\u00e8s maintenant.\" \/>\n<meta property=\"og:url\" content=\"https:\/\/tupique.com\/es\/producto\/pate-a-modeler-en-argile-play-doh-kitchen-vert\/\" \/>\n<meta property=\"og:site_name\" content=\"Tupique\" \/>\n<meta name=\"twitter:card\" content=\"summary_large_image\" \/>\n<meta name=\"twitter:label1\" content=\"Tiempo de lectura\" \/>\n\t<meta name=\"twitter:data1\" content=\"1 minuto\" \/>\n<script type=\"application\/ld+json\" class=\"yoast-schema-graph\">{\"@context\":\"https:\/\/schema.org\",\"@graph\":[{\"@type\":\"WebPage\",\"@id\":\"https:\/\/tupique.com\/produit\/pate-a-modeler-en-argile-play-doh-kitchen-vert\/\",\"url\":\"https:\/\/tupique.com\/produit\/pate-a-modeler-en-argile-play-doh-kitchen-vert\/\",\"name\":\"P\u00e2te \u00e0 modeler en argile Play-Doh Kitchen Vert - Tupique\",\"isPartOf\":{\"@id\":\"https:\/\/tupique.com\/#website\"},\"primaryImageOfPage\":{\"@id\":\"https:\/\/tupique.com\/produit\/pate-a-modeler-en-argile-play-doh-kitchen-vert\/#primaryimage\"},\"image\":{\"@id\":\"https:\/\/tupique.com\/produit\/pate-a-modeler-en-argile-play-doh-kitchen-vert\/#primaryimage\"},\"thumbnailUrl\":\"https:\/\/tupique.com\/wp-content\/uploads\/2026\/04\/5010996216557_S7197826_P00.jpg\",\"datePublished\":\"2026-04-08T00:57:08+00:00\",\"description\":\"Vous cherchez P\u00e2te \u00e0 modeler en argile Play-Doh Kitchen Vert ? Achetez des produits chez Tupique. Profitez de la livraison gratuite pour obtenir P\u00e2te \u00e0 modeler en argile Play-Doh Kitchen Vert d\u00e8s maintenant.\",\"breadcrumb\":{\"@id\":\"https:\/\/tupique.com\/produit\/pate-a-modeler-en-argile-play-doh-kitchen-vert\/#breadcrumb\"},\"inLanguage\":\"es\",\"potentialAction\":[{\"@type\":\"ReadAction\",\"target\":[\"https:\/\/tupique.com\/produit\/pate-a-modeler-en-argile-play-doh-kitchen-vert\/\"]}]},{\"@type\":\"ImageObject\",\"inLanguage\":\"es\",\"@id\":\"https:\/\/tupique.com\/produit\/pate-a-modeler-en-argile-play-doh-kitchen-vert\/#primaryimage\",\"url\":\"https:\/\/tupique.com\/wp-content\/uploads\/2026\/04\/5010996216557_S7197826_P00.jpg\",\"contentUrl\":\"https:\/\/tupique.com\/wp-content\/uploads\/2026\/04\/5010996216557_S7197826_P00.jpg\",\"width\":1200,\"height\":1200,\"caption\":\"S7197826_0\"},{\"@type\":\"BreadcrumbList\",\"@id\":\"https:\/\/tupique.com\/produit\/pate-a-modeler-en-argile-play-doh-kitchen-vert\/#breadcrumb\",\"itemListElement\":[{\"@type\":\"ListItem\",\"position\":1,\"name\":\"In\u00edcio\",\"item\":\"https:\/\/tupique.com\/\"},{\"@type\":\"ListItem\",\"position\":2,\"name\":\"Boutique\",\"item\":\"https:\/\/tupique.com\/en\/boutique\/\"},{\"@type\":\"ListItem\",\"position\":3,\"name\":\"P\u00e2te \u00e0 modeler en argile Play-Doh Kitchen Vert\"}]},{\"@type\":\"WebSite\",\"@id\":\"https:\/\/tupique.com\/#website\",\"url\":\"https:\/\/tupique.com\/\",\"name\":\"Tupique\",\"description\":\"Marketplace\",\"publisher\":{\"@id\":\"https:\/\/tupique.com\/#organization\"},\"potentialAction\":[{\"@type\":\"SearchAction\",\"target\":{\"@type\":\"EntryPoint\",\"urlTemplate\":\"https:\/\/tupique.com\/?s={search_term_string}\"},\"query-input\":{\"@type\":\"PropertyValueSpecification\",\"valueRequired\":true,\"valueName\":\"search_term_string\"}}],\"inLanguage\":\"es\"},{\"@type\":\"Organization\",\"@id\":\"https:\/\/tupique.com\/#organization\",\"name\":\"Tupique\",\"url\":\"https:\/\/tupique.com\/\",\"logo\":{\"@type\":\"ImageObject\",\"inLanguage\":\"es\",\"@id\":\"https:\/\/tupique.com\/#\/schema\/logo\/image\/\",\"url\":\"https:\/\/tupique.com\/wp-content\/uploads\/2024\/09\/logo.png\",\"contentUrl\":\"https:\/\/tupique.com\/wp-content\/uploads\/2024\/09\/logo.png\",\"width\":1118,\"height\":310,\"caption\":\"Tupique\"},\"image\":{\"@id\":\"https:\/\/tupique.com\/#\/schema\/logo\/image\/\"}}]}<\/script>\n<!-- \/ Yoast SEO plugin. -->","yoast_head_json":{"title":"P\u00e2te \u00e0 modeler en argile Play-Doh Kitchen Vert - Tupique","description":"Vous cherchez P\u00e2te \u00e0 modeler en argile Play-Doh Kitchen Vert ? Achetez des produits chez Tupique. Profitez de la livraison gratuite pour obtenir P\u00e2te \u00e0 modeler en argile Play-Doh Kitchen Vert d\u00e8s maintenant.","robots":{"index":"index","follow":"follow","max-snippet":"max-snippet:-1","max-image-preview":"max-image-preview:large","max-video-preview":"max-video-preview:-1"},"canonical":"https:\/\/tupique.com\/es\/producto\/pate-a-modeler-en-argile-play-doh-kitchen-vert\/","og_locale":"es_ES","og_type":"article","og_title":"P\u00e2te \u00e0 modeler en argile Play-Doh Kitchen Vert - Tupique","og_description":"Vous cherchez P\u00e2te \u00e0 modeler en argile Play-Doh Kitchen Vert ? Achetez des produits chez Tupique. Profitez de la livraison gratuite pour obtenir P\u00e2te \u00e0 modeler en argile Play-Doh Kitchen Vert d\u00e8s maintenant.","og_url":"https:\/\/tupique.com\/es\/producto\/pate-a-modeler-en-argile-play-doh-kitchen-vert\/","og_site_name":"Tupique","twitter_card":"summary_large_image","twitter_misc":{"Tiempo de lectura":"1 minuto"},"schema":{"@context":"https:\/\/schema.org","@graph":[{"@type":"WebPage","@id":"https:\/\/tupique.com\/produit\/pate-a-modeler-en-argile-play-doh-kitchen-vert\/","url":"https:\/\/tupique.com\/produit\/pate-a-modeler-en-argile-play-doh-kitchen-vert\/","name":"P\u00e2te \u00e0 modeler en argile Play-Doh Kitchen Vert - Tupique","isPartOf":{"@id":"https:\/\/tupique.com\/#website"},"primaryImageOfPage":{"@id":"https:\/\/tupique.com\/produit\/pate-a-modeler-en-argile-play-doh-kitchen-vert\/#primaryimage"},"image":{"@id":"https:\/\/tupique.com\/produit\/pate-a-modeler-en-argile-play-doh-kitchen-vert\/#primaryimage"},"thumbnailUrl":"https:\/\/tupique.com\/wp-content\/uploads\/2026\/04\/5010996216557_S7197826_P00.jpg","datePublished":"2026-04-08T00:57:08+00:00","description":"Vous cherchez P\u00e2te \u00e0 modeler en argile Play-Doh Kitchen Vert ? Achetez des produits chez Tupique. Profitez de la livraison gratuite pour obtenir P\u00e2te \u00e0 modeler en argile Play-Doh Kitchen Vert d\u00e8s maintenant.","breadcrumb":{"@id":"https:\/\/tupique.com\/produit\/pate-a-modeler-en-argile-play-doh-kitchen-vert\/#breadcrumb"},"inLanguage":"es","potentialAction":[{"@type":"ReadAction","target":["https:\/\/tupique.com\/produit\/pate-a-modeler-en-argile-play-doh-kitchen-vert\/"]}]},{"@type":"ImageObject","inLanguage":"es","@id":"https:\/\/tupique.com\/produit\/pate-a-modeler-en-argile-play-doh-kitchen-vert\/#primaryimage","url":"https:\/\/tupique.com\/wp-content\/uploads\/2026\/04\/5010996216557_S7197826_P00.jpg","contentUrl":"https:\/\/tupique.com\/wp-content\/uploads\/2026\/04\/5010996216557_S7197826_P00.jpg","width":1200,"height":1200,"caption":"S7197826_0"},{"@type":"BreadcrumbList","@id":"https:\/\/tupique.com\/produit\/pate-a-modeler-en-argile-play-doh-kitchen-vert\/#breadcrumb","itemListElement":[{"@type":"ListItem","position":1,"name":"In\u00edcio","item":"https:\/\/tupique.com\/"},{"@type":"ListItem","position":2,"name":"Boutique","item":"https:\/\/tupique.com\/en\/boutique\/"},{"@type":"ListItem","position":3,"name":"P\u00e2te \u00e0 modeler en argile Play-Doh Kitchen Vert"}]},{"@type":"WebSite","@id":"https:\/\/tupique.com\/#website","url":"https:\/\/tupique.com\/","name":"Tupique","description":"Marketplace","publisher":{"@id":"https:\/\/tupique.com\/#organization"},"potentialAction":[{"@type":"SearchAction","target":{"@type":"EntryPoint","urlTemplate":"https:\/\/tupique.com\/?s={search_term_string}"},"query-input":{"@type":"PropertyValueSpecification","valueRequired":true,"valueName":"search_term_string"}}],"inLanguage":"es"},{"@type":"Organization","@id":"https:\/\/tupique.com\/#organization","name":"Tupique","url":"https:\/\/tupique.com\/","logo":{"@type":"ImageObject","inLanguage":"es","@id":"https:\/\/tupique.com\/#\/schema\/logo\/image\/","url":"https:\/\/tupique.com\/wp-content\/uploads\/2024\/09\/logo.png","contentUrl":"https:\/\/tupique.com\/wp-content\/uploads\/2024\/09\/logo.png","width":1118,"height":310,"caption":"Tupique"},"image":{"@id":"https:\/\/tupique.com\/#\/schema\/logo\/image\/"}}]}},"jetpack_sharing_enabled":true,"_links":{"self":[{"href":"https:\/\/tupique.com\/es\/wp-json\/wp\/v2\/product\/4382441","targetHints":{"allow":["GET"]}}],"collection":[{"href":"https:\/\/tupique.com\/es\/wp-json\/wp\/v2\/product"}],"about":[{"href":"https:\/\/tupique.com\/es\/wp-json\/wp\/v2\/types\/product"}],"replies":[{"embeddable":true,"href":"https:\/\/tupique.com\/es\/wp-json\/wp\/v2\/comments?post=4382441"}],"wp:featuredmedia":[{"embeddable":true,"href":"https:\/\/tupique.com\/es\/wp-json\/wp\/v2\/media\/4382435"}],"wp:attachment":[{"href":"https:\/\/tupique.com\/es\/wp-json\/wp\/v2\/media?parent=4382441"}],"wp:term":[{"taxonomy":"product_brand","embeddable":true,"href":"https:\/\/tupique.com\/es\/wp-json\/wp\/v2\/product_brand?post=4382441"},{"taxonomy":"product_cat","embeddable":true,"href":"https:\/\/tupique.com\/es\/wp-json\/wp\/v2\/product_cat?post=4382441"},{"taxonomy":"product_tag","embeddable":true,"href":"https:\/\/tupique.com\/es\/wp-json\/wp\/v2\/product_tag?post=4382441"}],"curies":[{"name":"wp","href":"https:\/\/api.w.org\/{rel}","templated":true}]}}