{"id":4382482,"date":"2026-04-08T01:57:52","date_gmt":"2026-04-08T00:57:52","guid":{"rendered":"https:\/\/tupique.com\/produit\/ensemble-pour-activites-manuelles-clementoni-my-soap-lab-set-de-fabrication-de-savon\/"},"modified":"2026-04-08T01:57:52","modified_gmt":"2026-04-08T00:57:52","slug":"ensemble-pour-activites-manuelles-clementoni-my-soap-lab-set-de-fabrication-de-savon","status":"publish","type":"product","link":"https:\/\/tupique.com\/es\/producto\/ensemble-pour-activites-manuelles-clementoni-my-soap-lab-set-de-fabrication-de-savon\/","title":{"rendered":"Ensemble pour activit\u00e9s manuelles Clementoni My Soap Lab  Set de fabrication de savon"},"content":{"rendered":"<p>Les enfants m\u00e9ritent ce qu\u2019il y a de mieux, nous vous pr\u00e9sentons donc <b>Ensemble pour activit\u00e9s manuelles Clementoni My Soap Lab  Set de fabrication de savon<\/b>, id\u00e9al pour ceux qui cherchent des produits de qualit\u00e9 pour les plus petits ! Procurez-vous <b>Clementoni<\/b> et bien d\u2019autres marques et licences aux meilleurs prix !<\/p>\n<p>Le <b>My Soap Lab<\/b> de <b>Clementoni<\/b> es un <b>kit de loisirs cr\u00e9atifs<\/b> con\u00e7u pour les enfants \u00e0 partir de 8 ans, qui permet de d\u00e9couvrir le monde fascinant de la fabrication artisanale de savons. Ce kit complet comprend tous les \u00e9l\u00e9ments n\u00e9cessaires pour cr\u00e9er des savons parfum\u00e9s faits main, pr\u00e9sent\u00e9s dans un attrayant <b>coloris bleu et multicolore<\/b> stimulant la cr\u00e9ativit\u00e9 tout au long du processus. Avec des instructions d\u00e9taill\u00e9es et un manuel illustr\u00e9 en <b>fran\u00e7ais<\/b>, ce produit allie divertissement et apprentissage, facilitant la compr\u00e9hension des principes scientifiques derri\u00e8re la fabrication de savons gr\u00e2ce \u00e0 des exp\u00e9riences s\u00fbres et \u00e9ducatives. La possibilit\u00e9 d\u2019explorer et de fabriquer des produits de bain personnalis\u00e9s fait de ce set un outil id\u00e9al pour encourager la curiosit\u00e9, la dext\u00e9rit\u00e9 manuelle et l\u2019int\u00e9r\u00eat pour les sciences d\u00e8s le plus jeune \u00e2ge. De plus, il inclut une vari\u00e9t\u00e9 d\u2019<b>accessoires<\/b> sp\u00e9cifiques \u00e0 la fabrication, garantissant une exp\u00e9rience pratique compl\u00e8te et satisfaisante. Le <b>My Soap Lab<\/b> propose ainsi une approche didactique et cr\u00e9ative dans le domaine des sciences appliqu\u00e9es aux loisirs cr\u00e9atifs, offrant aux jeunes utilisateurs non seulement du plaisir, mais aussi un savoir-faire pratique applicable dans des contextes r\u00e9els. En r\u00e9sum\u00e9, ce kit de fabrication de savon repr\u00e9sente une offre \u00e9ducative solide et ludique pour stimuler la cr\u00e9ativit\u00e9 et l\u2019apprentissage scientifique chez les enfants.<\/p>\n<ul>\n<li>Tipo:\n<ul>\n<li>Set de fabrication de savon<\/li>\n<li>Ensemble pour activit\u00e9s manuelles<\/li>\n<\/ul>\n<\/li>\n<li>Edad recomendada: + 8 a\u00f1os<\/li>\n<li>Inclut: Accessoires<\/li>\n<\/ul>","protected":false},"excerpt":{"rendered":"<p>Les enfants m\u00e9ritent ce qu\u2019il y a de mieux, nous vous pr\u00e9sentons donc Ensemble pour activit\u00e9s manuelles Clementoni My Soap<\/p>","protected":false},"featured_media":4382481,"comment_status":"open","ping_status":"closed","template":"","meta":{"_joinchat":[]},"product_brand":[158234],"product_cat":[158229,157660,157912],"product_tag":[157622,157546],"class_list":{"0":"post-4382482","1":"product","2":"type-product","3":"status-publish","4":"has-post-thumbnail","6":"product_brand-brandp_1887","7":"product_cat-jeux-educatifs","8":"product_cat-jouets-deguisements","9":"product_cat-jouets-et-jeux","10":"product_tag-tag_1275","11":"product_tag-tag_1304","13":"first","14":"instock","15":"taxable","16":"shipping-taxable","17":"purchasable","18":"product-type-simple"},"yoast_head":"<!-- This site is optimized with the Yoast SEO plugin v27.2 - https:\/\/yoast.com\/product\/yoast-seo-wordpress\/ -->\n<title>Ensemble pour activit\u00e9s manuelles Clementoni My Soap Lab Set de fabrication de savon - Tupique<\/title>\n<meta name=\"description\" content=\"Vous cherchez Ensemble pour activit\u00e9s manuelles Clementoni My Soap Lab Set de fabrication de savon ? Achetez des produits chez Tupique. Profitez de la livraison gratuite pour obtenir Ensemble pour activit\u00e9s manuelles Clementoni My Soap Lab Set de fabrication de savon d\u00e8s maintenant.\" \/>\n<meta name=\"robots\" content=\"index, follow, max-snippet:-1, max-image-preview:large, max-video-preview:-1\" \/>\n<link rel=\"canonical\" href=\"https:\/\/tupique.com\/es\/producto\/ensemble-pour-activites-manuelles-clementoni-my-soap-lab-set-de-fabrication-de-savon\/\" \/>\n<meta property=\"og:locale\" content=\"es_ES\" \/>\n<meta property=\"og:type\" content=\"article\" \/>\n<meta property=\"og:title\" content=\"Ensemble pour activit\u00e9s manuelles Clementoni My Soap Lab Set de fabrication de savon - Tupique\" \/>\n<meta property=\"og:description\" content=\"Vous cherchez Ensemble pour activit\u00e9s manuelles Clementoni My Soap Lab Set de fabrication de savon ? Achetez des produits chez Tupique. Profitez de la livraison gratuite pour obtenir Ensemble pour activit\u00e9s manuelles Clementoni My Soap Lab Set de fabrication de savon d\u00e8s maintenant.\" \/>\n<meta property=\"og:url\" content=\"https:\/\/tupique.com\/es\/producto\/ensemble-pour-activites-manuelles-clementoni-my-soap-lab-set-de-fabrication-de-savon\/\" \/>\n<meta property=\"og:site_name\" content=\"Tupique\" \/>\n<meta name=\"twitter:card\" content=\"summary_large_image\" \/>\n<meta name=\"twitter:label1\" content=\"Tiempo de lectura\" \/>\n\t<meta name=\"twitter:data1\" content=\"2 minutos\" \/>\n<script type=\"application\/ld+json\" class=\"yoast-schema-graph\">{\"@context\":\"https:\/\/schema.org\",\"@graph\":[{\"@type\":\"WebPage\",\"@id\":\"https:\/\/tupique.com\/produit\/ensemble-pour-activites-manuelles-clementoni-my-soap-lab-set-de-fabrication-de-savon\/\",\"url\":\"https:\/\/tupique.com\/produit\/ensemble-pour-activites-manuelles-clementoni-my-soap-lab-set-de-fabrication-de-savon\/\",\"name\":\"Ensemble pour activit\u00e9s manuelles Clementoni My Soap Lab Set de fabrication de savon - Tupique\",\"isPartOf\":{\"@id\":\"https:\/\/tupique.com\/#website\"},\"primaryImageOfPage\":{\"@id\":\"https:\/\/tupique.com\/produit\/ensemble-pour-activites-manuelles-clementoni-my-soap-lab-set-de-fabrication-de-savon\/#primaryimage\"},\"image\":{\"@id\":\"https:\/\/tupique.com\/produit\/ensemble-pour-activites-manuelles-clementoni-my-soap-lab-set-de-fabrication-de-savon\/#primaryimage\"},\"thumbnailUrl\":\"https:\/\/tupique.com\/wp-content\/uploads\/2026\/04\/8005125522774_S7177954_P01.jpg\",\"datePublished\":\"2026-04-08T00:57:52+00:00\",\"description\":\"Vous cherchez Ensemble pour activit\u00e9s manuelles Clementoni My Soap Lab Set de fabrication de savon ? Achetez des produits chez Tupique. Profitez de la livraison gratuite pour obtenir Ensemble pour activit\u00e9s manuelles Clementoni My Soap Lab Set de fabrication de savon d\u00e8s maintenant.\",\"breadcrumb\":{\"@id\":\"https:\/\/tupique.com\/produit\/ensemble-pour-activites-manuelles-clementoni-my-soap-lab-set-de-fabrication-de-savon\/#breadcrumb\"},\"inLanguage\":\"es\",\"potentialAction\":[{\"@type\":\"ReadAction\",\"target\":[\"https:\/\/tupique.com\/produit\/ensemble-pour-activites-manuelles-clementoni-my-soap-lab-set-de-fabrication-de-savon\/\"]}]},{\"@type\":\"ImageObject\",\"inLanguage\":\"es\",\"@id\":\"https:\/\/tupique.com\/produit\/ensemble-pour-activites-manuelles-clementoni-my-soap-lab-set-de-fabrication-de-savon\/#primaryimage\",\"url\":\"https:\/\/tupique.com\/wp-content\/uploads\/2026\/04\/8005125522774_S7177954_P01.jpg\",\"contentUrl\":\"https:\/\/tupique.com\/wp-content\/uploads\/2026\/04\/8005125522774_S7177954_P01.jpg\",\"width\":1200,\"height\":1200,\"caption\":\"S7177954_0\"},{\"@type\":\"BreadcrumbList\",\"@id\":\"https:\/\/tupique.com\/produit\/ensemble-pour-activites-manuelles-clementoni-my-soap-lab-set-de-fabrication-de-savon\/#breadcrumb\",\"itemListElement\":[{\"@type\":\"ListItem\",\"position\":1,\"name\":\"In\u00edcio\",\"item\":\"https:\/\/tupique.com\/\"},{\"@type\":\"ListItem\",\"position\":2,\"name\":\"Boutique\",\"item\":\"https:\/\/tupique.com\/en\/boutique\/\"},{\"@type\":\"ListItem\",\"position\":3,\"name\":\"Ensemble pour activit\u00e9s manuelles Clementoni My Soap Lab Set de fabrication de savon\"}]},{\"@type\":\"WebSite\",\"@id\":\"https:\/\/tupique.com\/#website\",\"url\":\"https:\/\/tupique.com\/\",\"name\":\"Tupique\",\"description\":\"Marketplace\",\"publisher\":{\"@id\":\"https:\/\/tupique.com\/#organization\"},\"potentialAction\":[{\"@type\":\"SearchAction\",\"target\":{\"@type\":\"EntryPoint\",\"urlTemplate\":\"https:\/\/tupique.com\/?s={search_term_string}\"},\"query-input\":{\"@type\":\"PropertyValueSpecification\",\"valueRequired\":true,\"valueName\":\"search_term_string\"}}],\"inLanguage\":\"es\"},{\"@type\":\"Organization\",\"@id\":\"https:\/\/tupique.com\/#organization\",\"name\":\"Tupique\",\"url\":\"https:\/\/tupique.com\/\",\"logo\":{\"@type\":\"ImageObject\",\"inLanguage\":\"es\",\"@id\":\"https:\/\/tupique.com\/#\/schema\/logo\/image\/\",\"url\":\"https:\/\/tupique.com\/wp-content\/uploads\/2024\/09\/logo.png\",\"contentUrl\":\"https:\/\/tupique.com\/wp-content\/uploads\/2024\/09\/logo.png\",\"width\":1118,\"height\":310,\"caption\":\"Tupique\"},\"image\":{\"@id\":\"https:\/\/tupique.com\/#\/schema\/logo\/image\/\"}}]}<\/script>\n<!-- \/ Yoast SEO plugin. -->","yoast_head_json":{"title":"Ensemble pour activit\u00e9s manuelles Clementoni My Soap Lab Set de fabrication de savon - Tupique","description":"Vous cherchez Ensemble pour activit\u00e9s manuelles Clementoni My Soap Lab Set de fabrication de savon ? Achetez des produits chez Tupique. Profitez de la livraison gratuite pour obtenir Ensemble pour activit\u00e9s manuelles Clementoni My Soap Lab Set de fabrication de savon d\u00e8s maintenant.","robots":{"index":"index","follow":"follow","max-snippet":"max-snippet:-1","max-image-preview":"max-image-preview:large","max-video-preview":"max-video-preview:-1"},"canonical":"https:\/\/tupique.com\/es\/producto\/ensemble-pour-activites-manuelles-clementoni-my-soap-lab-set-de-fabrication-de-savon\/","og_locale":"es_ES","og_type":"article","og_title":"Ensemble pour activit\u00e9s manuelles Clementoni My Soap Lab Set de fabrication de savon - Tupique","og_description":"Vous cherchez Ensemble pour activit\u00e9s manuelles Clementoni My Soap Lab Set de fabrication de savon ? Achetez des produits chez Tupique. Profitez de la livraison gratuite pour obtenir Ensemble pour activit\u00e9s manuelles Clementoni My Soap Lab Set de fabrication de savon d\u00e8s maintenant.","og_url":"https:\/\/tupique.com\/es\/producto\/ensemble-pour-activites-manuelles-clementoni-my-soap-lab-set-de-fabrication-de-savon\/","og_site_name":"Tupique","twitter_card":"summary_large_image","twitter_misc":{"Tiempo de lectura":"2 minutos"},"schema":{"@context":"https:\/\/schema.org","@graph":[{"@type":"WebPage","@id":"https:\/\/tupique.com\/produit\/ensemble-pour-activites-manuelles-clementoni-my-soap-lab-set-de-fabrication-de-savon\/","url":"https:\/\/tupique.com\/produit\/ensemble-pour-activites-manuelles-clementoni-my-soap-lab-set-de-fabrication-de-savon\/","name":"Ensemble pour activit\u00e9s manuelles Clementoni My Soap Lab Set de fabrication de savon - Tupique","isPartOf":{"@id":"https:\/\/tupique.com\/#website"},"primaryImageOfPage":{"@id":"https:\/\/tupique.com\/produit\/ensemble-pour-activites-manuelles-clementoni-my-soap-lab-set-de-fabrication-de-savon\/#primaryimage"},"image":{"@id":"https:\/\/tupique.com\/produit\/ensemble-pour-activites-manuelles-clementoni-my-soap-lab-set-de-fabrication-de-savon\/#primaryimage"},"thumbnailUrl":"https:\/\/tupique.com\/wp-content\/uploads\/2026\/04\/8005125522774_S7177954_P01.jpg","datePublished":"2026-04-08T00:57:52+00:00","description":"Vous cherchez Ensemble pour activit\u00e9s manuelles Clementoni My Soap Lab Set de fabrication de savon ? Achetez des produits chez Tupique. Profitez de la livraison gratuite pour obtenir Ensemble pour activit\u00e9s manuelles Clementoni My Soap Lab Set de fabrication de savon d\u00e8s maintenant.","breadcrumb":{"@id":"https:\/\/tupique.com\/produit\/ensemble-pour-activites-manuelles-clementoni-my-soap-lab-set-de-fabrication-de-savon\/#breadcrumb"},"inLanguage":"es","potentialAction":[{"@type":"ReadAction","target":["https:\/\/tupique.com\/produit\/ensemble-pour-activites-manuelles-clementoni-my-soap-lab-set-de-fabrication-de-savon\/"]}]},{"@type":"ImageObject","inLanguage":"es","@id":"https:\/\/tupique.com\/produit\/ensemble-pour-activites-manuelles-clementoni-my-soap-lab-set-de-fabrication-de-savon\/#primaryimage","url":"https:\/\/tupique.com\/wp-content\/uploads\/2026\/04\/8005125522774_S7177954_P01.jpg","contentUrl":"https:\/\/tupique.com\/wp-content\/uploads\/2026\/04\/8005125522774_S7177954_P01.jpg","width":1200,"height":1200,"caption":"S7177954_0"},{"@type":"BreadcrumbList","@id":"https:\/\/tupique.com\/produit\/ensemble-pour-activites-manuelles-clementoni-my-soap-lab-set-de-fabrication-de-savon\/#breadcrumb","itemListElement":[{"@type":"ListItem","position":1,"name":"In\u00edcio","item":"https:\/\/tupique.com\/"},{"@type":"ListItem","position":2,"name":"Boutique","item":"https:\/\/tupique.com\/en\/boutique\/"},{"@type":"ListItem","position":3,"name":"Ensemble pour activit\u00e9s manuelles Clementoni My Soap Lab Set de fabrication de savon"}]},{"@type":"WebSite","@id":"https:\/\/tupique.com\/#website","url":"https:\/\/tupique.com\/","name":"Tupique","description":"Marketplace","publisher":{"@id":"https:\/\/tupique.com\/#organization"},"potentialAction":[{"@type":"SearchAction","target":{"@type":"EntryPoint","urlTemplate":"https:\/\/tupique.com\/?s={search_term_string}"},"query-input":{"@type":"PropertyValueSpecification","valueRequired":true,"valueName":"search_term_string"}}],"inLanguage":"es"},{"@type":"Organization","@id":"https:\/\/tupique.com\/#organization","name":"Tupique","url":"https:\/\/tupique.com\/","logo":{"@type":"ImageObject","inLanguage":"es","@id":"https:\/\/tupique.com\/#\/schema\/logo\/image\/","url":"https:\/\/tupique.com\/wp-content\/uploads\/2024\/09\/logo.png","contentUrl":"https:\/\/tupique.com\/wp-content\/uploads\/2024\/09\/logo.png","width":1118,"height":310,"caption":"Tupique"},"image":{"@id":"https:\/\/tupique.com\/#\/schema\/logo\/image\/"}}]}},"jetpack_sharing_enabled":true,"_links":{"self":[{"href":"https:\/\/tupique.com\/es\/wp-json\/wp\/v2\/product\/4382482","targetHints":{"allow":["GET"]}}],"collection":[{"href":"https:\/\/tupique.com\/es\/wp-json\/wp\/v2\/product"}],"about":[{"href":"https:\/\/tupique.com\/es\/wp-json\/wp\/v2\/types\/product"}],"replies":[{"embeddable":true,"href":"https:\/\/tupique.com\/es\/wp-json\/wp\/v2\/comments?post=4382482"}],"wp:featuredmedia":[{"embeddable":true,"href":"https:\/\/tupique.com\/es\/wp-json\/wp\/v2\/media\/4382481"}],"wp:attachment":[{"href":"https:\/\/tupique.com\/es\/wp-json\/wp\/v2\/media?parent=4382482"}],"wp:term":[{"taxonomy":"product_brand","embeddable":true,"href":"https:\/\/tupique.com\/es\/wp-json\/wp\/v2\/product_brand?post=4382482"},{"taxonomy":"product_cat","embeddable":true,"href":"https:\/\/tupique.com\/es\/wp-json\/wp\/v2\/product_cat?post=4382482"},{"taxonomy":"product_tag","embeddable":true,"href":"https:\/\/tupique.com\/es\/wp-json\/wp\/v2\/product_tag?post=4382482"}],"curies":[{"name":"wp","href":"https:\/\/api.w.org\/{rel}","templated":true}]}}