{"id":4382510,"date":"2026-04-08T01:58:29","date_gmt":"2026-04-08T00:58:29","guid":{"rendered":"https:\/\/tupique.com\/produit\/systeme-dalarme-axis-02026-001\/"},"modified":"2026-04-08T01:58:29","modified_gmt":"2026-04-08T00:58:29","slug":"systeme-dalarme-axis-02026-001","status":"publish","type":"product","link":"https:\/\/tupique.com\/es\/producto\/systeme-dalarme-axis-02026-001\/","title":{"rendered":"Syst\u00e8me d\u00b4alarme Axis 02026-001"},"content":{"rendered":"<p>Si le apasiona\u2019<b>inform\u00e1tica y electr\u00f3nica<\/b>, Si est\u00e1s a la \u00faltima en tecnolog\u00eda y no quieres perderte nada, compra <b>Syst\u00e8me d\u00b4alarme Axis 02026-001<\/b> al mejor precio.<\/p>\n<ul>\n<li>Tipo:\n<ul>\n<li>Con cable<\/li>\n<li>Syst\u00e8me d\u00b4alarme<\/li>\n<\/ul>\n<\/li>\n<li>Color:\n<ul>\n<li>Gris<\/li>\n<li>Noir\/Gris<\/li>\n<\/ul>\n<\/li>\n<li>Caracter\u00edsticas:\n<ul>\n<li>Appareil photo int\u00e9gr\u00e9<\/li>\n<li>Gu\u00eda de instalaci\u00f3n incluida<\/li>\n<li>Carte de lecture int\u00e9gr\u00e9e<\/li>\n<\/ul>\n<\/li>\n<li>Fuente de alimentaci\u00f3n:\n<ul>\n<li>DC<\/li>\n<li>Con cable<\/li>\n<\/ul>\n<\/li>\n<li>Classification IP: IP66<\/li>\n<li>Sensor: CMOS<\/li>\n<\/ul>","protected":false},"excerpt":{"rendered":"<p>Si vous \u00eates passionn\u00e9 d&#8217;informatique et d&#8217;\u00e9lectronique, si vous \u00eates \u00e0 la pointe de la technologie et qu&#8217;aucun d\u00e9tail ne<\/p>","protected":false},"featured_media":4382509,"comment_status":"open","ping_status":"closed","template":"","meta":{"_joinchat":[]},"product_brand":[157974],"product_cat":[157535,157581,158116],"product_tag":[157580,157531],"class_list":{"0":"post-4382510","1":"product","2":"type-product","3":"status-publish","4":"has-post-thumbnail","6":"product_brand-brandp_4776","7":"product_cat-maison-jardin","8":"product_cat-securite-a-la-maison","9":"product_cat-systemes-de-securite","10":"product_tag-tag_556","11":"product_tag-tag_25","13":"first","14":"instock","15":"taxable","16":"shipping-taxable","17":"purchasable","18":"product-type-simple"},"yoast_head":"<!-- This site is optimized with the Yoast SEO plugin v27.2 - https:\/\/yoast.com\/product\/yoast-seo-wordpress\/ -->\n<title>Syst\u00e8me d\u00b4alarme Axis 02026-001 - Tupique<\/title>\n<meta name=\"description\" content=\"Vous cherchez Syst\u00e8me d\u00b4alarme Axis 02026-001 ? Achetez des produits chez Tupique. Profitez de la livraison gratuite pour obtenir Syst\u00e8me d\u00b4alarme Axis 02026-001 d\u00e8s maintenant.\" \/>\n<meta name=\"robots\" content=\"index, follow, max-snippet:-1, max-image-preview:large, max-video-preview:-1\" \/>\n<link rel=\"canonical\" href=\"https:\/\/tupique.com\/es\/producto\/systeme-dalarme-axis-02026-001\/\" \/>\n<meta property=\"og:locale\" content=\"es_ES\" \/>\n<meta property=\"og:type\" content=\"article\" \/>\n<meta property=\"og:title\" content=\"Syst\u00e8me d\u00b4alarme Axis 02026-001 - Tupique\" \/>\n<meta property=\"og:description\" content=\"Vous cherchez Syst\u00e8me d\u00b4alarme Axis 02026-001 ? Achetez des produits chez Tupique. Profitez de la livraison gratuite pour obtenir Syst\u00e8me d\u00b4alarme Axis 02026-001 d\u00e8s maintenant.\" \/>\n<meta property=\"og:url\" content=\"https:\/\/tupique.com\/es\/producto\/systeme-dalarme-axis-02026-001\/\" \/>\n<meta property=\"og:site_name\" content=\"Tupique\" \/>\n<meta name=\"twitter:card\" content=\"summary_large_image\" \/>\n<script type=\"application\/ld+json\" class=\"yoast-schema-graph\">{\"@context\":\"https:\/\/schema.org\",\"@graph\":[{\"@type\":\"WebPage\",\"@id\":\"https:\/\/tupique.com\/produit\/systeme-dalarme-axis-02026-001\/\",\"url\":\"https:\/\/tupique.com\/produit\/systeme-dalarme-axis-02026-001\/\",\"name\":\"Syst\u00e8me d\u00b4alarme Axis 02026-001 - Tupique\",\"isPartOf\":{\"@id\":\"https:\/\/tupique.com\/#website\"},\"primaryImageOfPage\":{\"@id\":\"https:\/\/tupique.com\/produit\/systeme-dalarme-axis-02026-001\/#primaryimage\"},\"image\":{\"@id\":\"https:\/\/tupique.com\/produit\/systeme-dalarme-axis-02026-001\/#primaryimage\"},\"thumbnailUrl\":\"https:\/\/tupique.com\/wp-content\/uploads\/2026\/04\/469693021.jpg\",\"datePublished\":\"2026-04-08T00:58:29+00:00\",\"description\":\"Vous cherchez Syst\u00e8me d\u00b4alarme Axis 02026-001 ? Achetez des produits chez Tupique. Profitez de la livraison gratuite pour obtenir Syst\u00e8me d\u00b4alarme Axis 02026-001 d\u00e8s maintenant.\",\"breadcrumb\":{\"@id\":\"https:\/\/tupique.com\/produit\/systeme-dalarme-axis-02026-001\/#breadcrumb\"},\"inLanguage\":\"es\",\"potentialAction\":[{\"@type\":\"ReadAction\",\"target\":[\"https:\/\/tupique.com\/produit\/systeme-dalarme-axis-02026-001\/\"]}]},{\"@type\":\"ImageObject\",\"inLanguage\":\"es\",\"@id\":\"https:\/\/tupique.com\/produit\/systeme-dalarme-axis-02026-001\/#primaryimage\",\"url\":\"https:\/\/tupique.com\/wp-content\/uploads\/2026\/04\/469693021.jpg\",\"contentUrl\":\"https:\/\/tupique.com\/wp-content\/uploads\/2026\/04\/469693021.jpg\",\"width\":1200,\"height\":1200,\"caption\":\"S55000988_0\"},{\"@type\":\"BreadcrumbList\",\"@id\":\"https:\/\/tupique.com\/produit\/systeme-dalarme-axis-02026-001\/#breadcrumb\",\"itemListElement\":[{\"@type\":\"ListItem\",\"position\":1,\"name\":\"In\u00edcio\",\"item\":\"https:\/\/tupique.com\/\"},{\"@type\":\"ListItem\",\"position\":2,\"name\":\"Boutique\",\"item\":\"https:\/\/tupique.com\/en\/boutique\/\"},{\"@type\":\"ListItem\",\"position\":3,\"name\":\"Syst\u00e8me d\u00b4alarme Axis 02026-001\"}]},{\"@type\":\"WebSite\",\"@id\":\"https:\/\/tupique.com\/#website\",\"url\":\"https:\/\/tupique.com\/\",\"name\":\"Tupique\",\"description\":\"Marketplace\",\"publisher\":{\"@id\":\"https:\/\/tupique.com\/#organization\"},\"potentialAction\":[{\"@type\":\"SearchAction\",\"target\":{\"@type\":\"EntryPoint\",\"urlTemplate\":\"https:\/\/tupique.com\/?s={search_term_string}\"},\"query-input\":{\"@type\":\"PropertyValueSpecification\",\"valueRequired\":true,\"valueName\":\"search_term_string\"}}],\"inLanguage\":\"es\"},{\"@type\":\"Organization\",\"@id\":\"https:\/\/tupique.com\/#organization\",\"name\":\"Tupique\",\"url\":\"https:\/\/tupique.com\/\",\"logo\":{\"@type\":\"ImageObject\",\"inLanguage\":\"es\",\"@id\":\"https:\/\/tupique.com\/#\/schema\/logo\/image\/\",\"url\":\"https:\/\/tupique.com\/wp-content\/uploads\/2024\/09\/logo.png\",\"contentUrl\":\"https:\/\/tupique.com\/wp-content\/uploads\/2024\/09\/logo.png\",\"width\":1118,\"height\":310,\"caption\":\"Tupique\"},\"image\":{\"@id\":\"https:\/\/tupique.com\/#\/schema\/logo\/image\/\"}}]}<\/script>\n<!-- \/ Yoast SEO plugin. -->","yoast_head_json":{"title":"Syst\u00e8me d\u00b4alarme Axis 02026-001 - Tupique","description":"Vous cherchez Syst\u00e8me d\u00b4alarme Axis 02026-001 ? Achetez des produits chez Tupique. Profitez de la livraison gratuite pour obtenir Syst\u00e8me d\u00b4alarme Axis 02026-001 d\u00e8s maintenant.","robots":{"index":"index","follow":"follow","max-snippet":"max-snippet:-1","max-image-preview":"max-image-preview:large","max-video-preview":"max-video-preview:-1"},"canonical":"https:\/\/tupique.com\/es\/producto\/systeme-dalarme-axis-02026-001\/","og_locale":"es_ES","og_type":"article","og_title":"Syst\u00e8me d\u00b4alarme Axis 02026-001 - Tupique","og_description":"Vous cherchez Syst\u00e8me d\u00b4alarme Axis 02026-001 ? Achetez des produits chez Tupique. Profitez de la livraison gratuite pour obtenir Syst\u00e8me d\u00b4alarme Axis 02026-001 d\u00e8s maintenant.","og_url":"https:\/\/tupique.com\/es\/producto\/systeme-dalarme-axis-02026-001\/","og_site_name":"Tupique","twitter_card":"summary_large_image","schema":{"@context":"https:\/\/schema.org","@graph":[{"@type":"WebPage","@id":"https:\/\/tupique.com\/produit\/systeme-dalarme-axis-02026-001\/","url":"https:\/\/tupique.com\/produit\/systeme-dalarme-axis-02026-001\/","name":"Syst\u00e8me d\u00b4alarme Axis 02026-001 - Tupique","isPartOf":{"@id":"https:\/\/tupique.com\/#website"},"primaryImageOfPage":{"@id":"https:\/\/tupique.com\/produit\/systeme-dalarme-axis-02026-001\/#primaryimage"},"image":{"@id":"https:\/\/tupique.com\/produit\/systeme-dalarme-axis-02026-001\/#primaryimage"},"thumbnailUrl":"https:\/\/tupique.com\/wp-content\/uploads\/2026\/04\/469693021.jpg","datePublished":"2026-04-08T00:58:29+00:00","description":"Vous cherchez Syst\u00e8me d\u00b4alarme Axis 02026-001 ? Achetez des produits chez Tupique. Profitez de la livraison gratuite pour obtenir Syst\u00e8me d\u00b4alarme Axis 02026-001 d\u00e8s maintenant.","breadcrumb":{"@id":"https:\/\/tupique.com\/produit\/systeme-dalarme-axis-02026-001\/#breadcrumb"},"inLanguage":"es","potentialAction":[{"@type":"ReadAction","target":["https:\/\/tupique.com\/produit\/systeme-dalarme-axis-02026-001\/"]}]},{"@type":"ImageObject","inLanguage":"es","@id":"https:\/\/tupique.com\/produit\/systeme-dalarme-axis-02026-001\/#primaryimage","url":"https:\/\/tupique.com\/wp-content\/uploads\/2026\/04\/469693021.jpg","contentUrl":"https:\/\/tupique.com\/wp-content\/uploads\/2026\/04\/469693021.jpg","width":1200,"height":1200,"caption":"S55000988_0"},{"@type":"BreadcrumbList","@id":"https:\/\/tupique.com\/produit\/systeme-dalarme-axis-02026-001\/#breadcrumb","itemListElement":[{"@type":"ListItem","position":1,"name":"In\u00edcio","item":"https:\/\/tupique.com\/"},{"@type":"ListItem","position":2,"name":"Boutique","item":"https:\/\/tupique.com\/en\/boutique\/"},{"@type":"ListItem","position":3,"name":"Syst\u00e8me d\u00b4alarme Axis 02026-001"}]},{"@type":"WebSite","@id":"https:\/\/tupique.com\/#website","url":"https:\/\/tupique.com\/","name":"Tupique","description":"Marketplace","publisher":{"@id":"https:\/\/tupique.com\/#organization"},"potentialAction":[{"@type":"SearchAction","target":{"@type":"EntryPoint","urlTemplate":"https:\/\/tupique.com\/?s={search_term_string}"},"query-input":{"@type":"PropertyValueSpecification","valueRequired":true,"valueName":"search_term_string"}}],"inLanguage":"es"},{"@type":"Organization","@id":"https:\/\/tupique.com\/#organization","name":"Tupique","url":"https:\/\/tupique.com\/","logo":{"@type":"ImageObject","inLanguage":"es","@id":"https:\/\/tupique.com\/#\/schema\/logo\/image\/","url":"https:\/\/tupique.com\/wp-content\/uploads\/2024\/09\/logo.png","contentUrl":"https:\/\/tupique.com\/wp-content\/uploads\/2024\/09\/logo.png","width":1118,"height":310,"caption":"Tupique"},"image":{"@id":"https:\/\/tupique.com\/#\/schema\/logo\/image\/"}}]}},"jetpack_sharing_enabled":true,"_links":{"self":[{"href":"https:\/\/tupique.com\/es\/wp-json\/wp\/v2\/product\/4382510","targetHints":{"allow":["GET"]}}],"collection":[{"href":"https:\/\/tupique.com\/es\/wp-json\/wp\/v2\/product"}],"about":[{"href":"https:\/\/tupique.com\/es\/wp-json\/wp\/v2\/types\/product"}],"replies":[{"embeddable":true,"href":"https:\/\/tupique.com\/es\/wp-json\/wp\/v2\/comments?post=4382510"}],"wp:featuredmedia":[{"embeddable":true,"href":"https:\/\/tupique.com\/es\/wp-json\/wp\/v2\/media\/4382509"}],"wp:attachment":[{"href":"https:\/\/tupique.com\/es\/wp-json\/wp\/v2\/media?parent=4382510"}],"wp:term":[{"taxonomy":"product_brand","embeddable":true,"href":"https:\/\/tupique.com\/es\/wp-json\/wp\/v2\/product_brand?post=4382510"},{"taxonomy":"product_cat","embeddable":true,"href":"https:\/\/tupique.com\/es\/wp-json\/wp\/v2\/product_cat?post=4382510"},{"taxonomy":"product_tag","embeddable":true,"href":"https:\/\/tupique.com\/es\/wp-json\/wp\/v2\/product_tag?post=4382510"}],"curies":[{"name":"wp","href":"https:\/\/api.w.org\/{rel}","templated":true}]}}