{"id":4382543,"date":"2026-04-08T01:59:07","date_gmt":"2026-04-08T00:59:07","guid":{"rendered":"https:\/\/tupique.com\/produit\/ordinateur-portable-apple-macbook-pro-m4-pro-512-gb-ssd-3\/"},"modified":"2026-04-08T01:59:07","modified_gmt":"2026-04-08T00:59:07","slug":"ordinateur-portable-apple-macbook-pro-m4-pro-512-gb-ssd-3","status":"publish","type":"product","link":"https:\/\/tupique.com\/es\/producto\/ordinateur-portable-apple-macbook-pro-m4-pro-512-gb-ssd-3\/","title":{"rendered":"Ordinateur Portable Apple MacBook Pro M4 Pro 512 GB SSD"},"content":{"rendered":"<p>Si le apasiona\u2019<b>inform\u00e1tica y electr\u00f3nica<\/b>, Si est\u00e1s a la \u00faltima en tecnolog\u00eda y no quieres perderte nada, compra <b>Ordinateur Portable Apple MacBook Pro M4 Pro 512 GB SSD<\/b> al mejor precio.<\/p>\n<p>Le <b>MacBook Pro M4 Pro<\/b> d\u2019Apple est un <b>ordinateur portable<\/b> sophistiqu\u00e9 qui allie puissance, design et fonctionnalit\u00e9 pour les professionnels exigeants. Il est \u00e9quip\u00e9 d\u2019un processeur avanc\u00e9 avec un CPU \u00e0 <b>14 c\u0153urs<\/b> et un GPU \u00e0 <b>20 c\u0153urs<\/b>, garantissant des performances exceptionnelles pour les t\u00e2ches intensives comme le montage vid\u00e9o, le design graphique et le d\u00e9veloppement logiciel. Ce mod\u00e8le dispose de <b>24 Go de m\u00e9moire RAM<\/b>, facilitant le multit\u00e2che fluide et l\u2019ex\u00e9cution d\u2019applications lourdes sans ralentissements. Son stockage repose sur un <b>disque dur SSD de 512 Go<\/b>, offrant des vitesses de lecture et d\u2019\u00e9criture rapides, am\u00e9liorant nettement les temps de d\u00e9marrage et de chargement des programmes. C\u00f4t\u00e9 design, il se distingue par sa finition en <b>noir spatial<\/b> et sa construction en <b>aluminio<\/b>, alliant r\u00e9sistance et \u00e9l\u00e9gance tout en restant l\u00e9ger. Ce portable est dot\u00e9 d\u2019un clavier <b>AZERTY fran\u00e7ais<\/b>, adapt\u00e9 aux besoins des utilisateurs francophones, et comprend une <b>cam\u00e9ra frontale int\u00e9gr\u00e9e<\/b> pour des visioconf\u00e9rences de haute qualit\u00e9. De plus, il int\u00e8gre des technologies telles que le <b>HDR<\/b> pour une meilleure reproduction des couleurs et un <b>micr\u00f3fono integrado<\/b> avec r\u00e9duction de bruit, facilitant tant le travail cr\u00e9atif que les communications professionnelles. Son \u00e9cran de 16 pouces offre un large espace de travail, id\u00e9al pour les professionnels recherchant un \u00e9quilibre entre portabilit\u00e9 et fonctionnalit\u00e9s avanc\u00e9es. En r\u00e9sum\u00e9, ce MacBook Pro est un outil technologique robuste et polyvalent, con\u00e7u pour r\u00e9pondre aux exigences des utilisateurs n\u00e9cessitant haute performance et fiabilit\u00e9.<\/p>\n<ul>\n<li>Tipo:\n<ul>\n<li>Ordinateur Portable<\/li>\n<li>SSD<\/li>\n<\/ul>\n<\/li>\n<li>Producto enchufable: S\u00ed<\/li>\n<li>Type de m\u00e9moire: SDRAM<\/li>\n<li>Tipo de enchufe: enchufe UE<\/li>\n<li>Teclado:\n<ul>\n<li>Azerty Franc\u00e9s<\/li>\n<li>AZERTY<\/li>\n<\/ul>\n<\/li>\n<li>Bloc d\u2019Alimentation: r\u00e9seau \u00e9lectrique<\/li>\n<li>Diagonale de l&#8217;\u00e9cran (cm): 41,1 cm<\/li>\n<li>Indice de r\u00e9parabilit\u00e9: 7.1<\/li>\n<li>Syst\u00e8me d&#8217;exploitation: macOS<\/li>\n<li>Resoluci\u00f3n:\n<ul>\n<li>1080 p<\/li>\n<li>Full HD<\/li>\n<li>4K Ultra HD<\/li>\n<\/ul>\n<\/li>\n<li>Type de stockage: SSD<\/li>\n<li>Color: Negro<\/li>\n<li>M\u00e9moire RAM: 24 GB RAM<\/li>\n<li>Disque dur: 512 GB SSD<\/li>\n<li>Dimensions approx.: 1,68 cm<\/li>\n<li>Material: Aluminio<\/li>\n<li>Caracter\u00edsticas:\n<ul>\n<li>C\u00e1mara frontal<\/li>\n<li>HDR<\/li>\n<li>Micr\u00f3fono incorporado<\/li>\n<li>R\u00e9tro-\u00e9clair\u00e9<\/li>\n<li>Lector de tarjetas<\/li>\n<li>Lector de huellas dactilares<\/li>\n<li>Adaptateur graphique int\u00e9gr\u00e9<\/li>\n<\/ul>\n<\/li>\n<li>Conexiones:\n<ul>\n<li>HDMI<\/li>\n<li>C\u00e2ble jack 3,3 mm<\/li>\n<\/ul>\n<\/li>\n<li>Conectividad:\n<ul>\n<li>Bluetooth<\/li>\n<li>Wi-Fi de 6 GHz<\/li>\n<li>Bluetooth 5.3<\/li>\n<\/ul>\n<\/li>\n<li>Cartes M\u00e9moire Compatibles: SDXC<\/li>\n<li>Frecuencia:\n<ul>\n<li>50 - 60 Hz<\/li>\n<li>120 Hz<\/li>\n<\/ul>\n<\/li>\n<li>puissance: 140 W<\/li>\n<li>Tensi\u00f3n: 100 - 240 V<\/li>\n<li>Non Inclus:\n<ul>\n<li>Type d&#8217;unit\u00e9 optique<\/li>\n<li>Clavier num\u00e9rique<\/li>\n<li>Conexi\u00f3n a la red m\u00f3vil<\/li>\n<li>Adaptateur graphique discret<\/li>\n<\/ul>\n<\/li>\n<li>Ethernet: Non<\/li>\n<li>Brille: 1000 cd\/m\u00b2<\/li>\n<li>Pantalla t\u00e1ctil: No<\/li>\n<li>Pr\u00e9cision (humidit\u00e9 relative): 0 % &#8211; 90 %<\/li>\n<li>Certificado: ENERGY STAR<\/li>\n<li>Inclut: SSD x 1<\/li>\n<li>Rapport de contraste: 1000000:1<\/li>\n<li>Capacit\u00e9: 100 mAh<\/li>\n<li>Tipo de bater\u00eda: Litio Ion<\/li>\n<li>N\u00facleos:\n<ul>\n<li>16 n\u00facleos<\/li>\n<li>14 Noyaux<\/li>\n<\/ul>\n<\/li>\n<li>Resoluci\u00f3n (px):\n<ul>\n<li>1920 x 1080 px<\/li>\n<li>3456 x 2234 px<\/li>\n<\/ul>\n<\/li>\n<\/ul>","protected":false},"excerpt":{"rendered":"<p>Si vous \u00eates passionn\u00e9 d&#8217;informatique et d&#8217;\u00e9lectronique, si vous \u00eates \u00e0 la pointe de la technologie et qu&#8217;aucun d\u00e9tail ne<\/p>","protected":false},"featured_media":4382538,"comment_status":"open","ping_status":"closed","template":"","meta":{"_joinchat":[]},"product_brand":[157892],"product_cat":[157516,157583,155043],"product_tag":[157514,157546,157515],"class_list":{"0":"post-4382543","1":"product","2":"type-product","3":"status-publish","4":"has-post-thumbnail","6":"product_brand-brandp_533","7":"product_cat-informatique-electronique","8":"product_cat-informatique-ordinateurs","9":"product_cat-notebooks","10":"product_tag-tag_933","11":"product_tag-tag_1304","12":"product_tag-tag_1295","14":"first","15":"instock","16":"taxable","17":"shipping-taxable","18":"purchasable","19":"product-type-simple"},"yoast_head":"<!-- This site is optimized with the Yoast SEO plugin v27.2 - https:\/\/yoast.com\/product\/yoast-seo-wordpress\/ -->\n<title>Ordinateur Portable Apple MacBook Pro M4 Pro 512 GB SSD - Tupique<\/title>\n<meta name=\"description\" content=\"Vous cherchez Ordinateur Portable Apple MacBook Pro M4 Pro 512 GB SSD ? Achetez des produits chez Tupique. Profitez de la livraison gratuite pour obtenir Ordinateur Portable Apple MacBook Pro M4 Pro 512 GB SSD d\u00e8s maintenant.\" \/>\n<meta name=\"robots\" content=\"index, follow, max-snippet:-1, max-image-preview:large, max-video-preview:-1\" \/>\n<link rel=\"canonical\" href=\"https:\/\/tupique.com\/es\/producto\/ordinateur-portable-apple-macbook-pro-m4-pro-512-gb-ssd-3\/\" \/>\n<meta property=\"og:locale\" content=\"es_ES\" \/>\n<meta property=\"og:type\" content=\"article\" \/>\n<meta property=\"og:title\" content=\"Ordinateur Portable Apple MacBook Pro M4 Pro 512 GB SSD - Tupique\" \/>\n<meta property=\"og:description\" content=\"Vous cherchez Ordinateur Portable Apple MacBook Pro M4 Pro 512 GB SSD ? Achetez des produits chez Tupique. Profitez de la livraison gratuite pour obtenir Ordinateur Portable Apple MacBook Pro M4 Pro 512 GB SSD d\u00e8s maintenant.\" \/>\n<meta property=\"og:url\" content=\"https:\/\/tupique.com\/es\/producto\/ordinateur-portable-apple-macbook-pro-m4-pro-512-gb-ssd-3\/\" \/>\n<meta property=\"og:site_name\" content=\"Tupique\" \/>\n<meta name=\"twitter:card\" content=\"summary_large_image\" \/>\n<meta name=\"twitter:label1\" content=\"Tiempo de lectura\" \/>\n\t<meta name=\"twitter:data1\" content=\"2 minutos\" \/>\n<script type=\"application\/ld+json\" class=\"yoast-schema-graph\">{\"@context\":\"https:\/\/schema.org\",\"@graph\":[{\"@type\":\"WebPage\",\"@id\":\"https:\/\/tupique.com\/produit\/ordinateur-portable-apple-macbook-pro-m4-pro-512-gb-ssd-3\/\",\"url\":\"https:\/\/tupique.com\/produit\/ordinateur-portable-apple-macbook-pro-m4-pro-512-gb-ssd-3\/\",\"name\":\"Ordinateur Portable Apple MacBook Pro M4 Pro 512 GB SSD - Tupique\",\"isPartOf\":{\"@id\":\"https:\/\/tupique.com\/#website\"},\"primaryImageOfPage\":{\"@id\":\"https:\/\/tupique.com\/produit\/ordinateur-portable-apple-macbook-pro-m4-pro-512-gb-ssd-3\/#primaryimage\"},\"image\":{\"@id\":\"https:\/\/tupique.com\/produit\/ordinateur-portable-apple-macbook-pro-m4-pro-512-gb-ssd-3\/#primaryimage\"},\"thumbnailUrl\":\"https:\/\/tupique.com\/wp-content\/uploads\/2026\/04\/0195949869518_S71011373_P00.jpg\",\"datePublished\":\"2026-04-08T00:59:07+00:00\",\"description\":\"Vous cherchez Ordinateur Portable Apple MacBook Pro M4 Pro 512 GB SSD ? Achetez des produits chez Tupique. Profitez de la livraison gratuite pour obtenir Ordinateur Portable Apple MacBook Pro M4 Pro 512 GB SSD d\u00e8s maintenant.\",\"breadcrumb\":{\"@id\":\"https:\/\/tupique.com\/produit\/ordinateur-portable-apple-macbook-pro-m4-pro-512-gb-ssd-3\/#breadcrumb\"},\"inLanguage\":\"es\",\"potentialAction\":[{\"@type\":\"ReadAction\",\"target\":[\"https:\/\/tupique.com\/produit\/ordinateur-portable-apple-macbook-pro-m4-pro-512-gb-ssd-3\/\"]}]},{\"@type\":\"ImageObject\",\"inLanguage\":\"es\",\"@id\":\"https:\/\/tupique.com\/produit\/ordinateur-portable-apple-macbook-pro-m4-pro-512-gb-ssd-3\/#primaryimage\",\"url\":\"https:\/\/tupique.com\/wp-content\/uploads\/2026\/04\/0195949869518_S71011373_P00.jpg\",\"contentUrl\":\"https:\/\/tupique.com\/wp-content\/uploads\/2026\/04\/0195949869518_S71011373_P00.jpg\",\"width\":1200,\"height\":1200,\"caption\":\"S71011373_0\"},{\"@type\":\"BreadcrumbList\",\"@id\":\"https:\/\/tupique.com\/produit\/ordinateur-portable-apple-macbook-pro-m4-pro-512-gb-ssd-3\/#breadcrumb\",\"itemListElement\":[{\"@type\":\"ListItem\",\"position\":1,\"name\":\"In\u00edcio\",\"item\":\"https:\/\/tupique.com\/\"},{\"@type\":\"ListItem\",\"position\":2,\"name\":\"Boutique\",\"item\":\"https:\/\/tupique.com\/en\/boutique\/\"},{\"@type\":\"ListItem\",\"position\":3,\"name\":\"Ordinateur Portable Apple MacBook Pro M4 Pro 512 GB SSD\"}]},{\"@type\":\"WebSite\",\"@id\":\"https:\/\/tupique.com\/#website\",\"url\":\"https:\/\/tupique.com\/\",\"name\":\"Tupique\",\"description\":\"Marketplace\",\"publisher\":{\"@id\":\"https:\/\/tupique.com\/#organization\"},\"potentialAction\":[{\"@type\":\"SearchAction\",\"target\":{\"@type\":\"EntryPoint\",\"urlTemplate\":\"https:\/\/tupique.com\/?s={search_term_string}\"},\"query-input\":{\"@type\":\"PropertyValueSpecification\",\"valueRequired\":true,\"valueName\":\"search_term_string\"}}],\"inLanguage\":\"es\"},{\"@type\":\"Organization\",\"@id\":\"https:\/\/tupique.com\/#organization\",\"name\":\"Tupique\",\"url\":\"https:\/\/tupique.com\/\",\"logo\":{\"@type\":\"ImageObject\",\"inLanguage\":\"es\",\"@id\":\"https:\/\/tupique.com\/#\/schema\/logo\/image\/\",\"url\":\"https:\/\/tupique.com\/wp-content\/uploads\/2024\/09\/logo.png\",\"contentUrl\":\"https:\/\/tupique.com\/wp-content\/uploads\/2024\/09\/logo.png\",\"width\":1118,\"height\":310,\"caption\":\"Tupique\"},\"image\":{\"@id\":\"https:\/\/tupique.com\/#\/schema\/logo\/image\/\"}}]}<\/script>\n<!-- \/ Yoast SEO plugin. -->","yoast_head_json":{"title":"Ordinateur Portable Apple MacBook Pro M4 Pro 512 GB SSD - Tupique","description":"Vous cherchez Ordinateur Portable Apple MacBook Pro M4 Pro 512 GB SSD ? Achetez des produits chez Tupique. Profitez de la livraison gratuite pour obtenir Ordinateur Portable Apple MacBook Pro M4 Pro 512 GB SSD d\u00e8s maintenant.","robots":{"index":"index","follow":"follow","max-snippet":"max-snippet:-1","max-image-preview":"max-image-preview:large","max-video-preview":"max-video-preview:-1"},"canonical":"https:\/\/tupique.com\/es\/producto\/ordinateur-portable-apple-macbook-pro-m4-pro-512-gb-ssd-3\/","og_locale":"es_ES","og_type":"article","og_title":"Ordinateur Portable Apple MacBook Pro M4 Pro 512 GB SSD - Tupique","og_description":"Vous cherchez Ordinateur Portable Apple MacBook Pro M4 Pro 512 GB SSD ? Achetez des produits chez Tupique. Profitez de la livraison gratuite pour obtenir Ordinateur Portable Apple MacBook Pro M4 Pro 512 GB SSD d\u00e8s maintenant.","og_url":"https:\/\/tupique.com\/es\/producto\/ordinateur-portable-apple-macbook-pro-m4-pro-512-gb-ssd-3\/","og_site_name":"Tupique","twitter_card":"summary_large_image","twitter_misc":{"Tiempo de lectura":"2 minutos"},"schema":{"@context":"https:\/\/schema.org","@graph":[{"@type":"WebPage","@id":"https:\/\/tupique.com\/produit\/ordinateur-portable-apple-macbook-pro-m4-pro-512-gb-ssd-3\/","url":"https:\/\/tupique.com\/produit\/ordinateur-portable-apple-macbook-pro-m4-pro-512-gb-ssd-3\/","name":"Ordinateur Portable Apple MacBook Pro M4 Pro 512 GB SSD - Tupique","isPartOf":{"@id":"https:\/\/tupique.com\/#website"},"primaryImageOfPage":{"@id":"https:\/\/tupique.com\/produit\/ordinateur-portable-apple-macbook-pro-m4-pro-512-gb-ssd-3\/#primaryimage"},"image":{"@id":"https:\/\/tupique.com\/produit\/ordinateur-portable-apple-macbook-pro-m4-pro-512-gb-ssd-3\/#primaryimage"},"thumbnailUrl":"https:\/\/tupique.com\/wp-content\/uploads\/2026\/04\/0195949869518_S71011373_P00.jpg","datePublished":"2026-04-08T00:59:07+00:00","description":"Vous cherchez Ordinateur Portable Apple MacBook Pro M4 Pro 512 GB SSD ? Achetez des produits chez Tupique. Profitez de la livraison gratuite pour obtenir Ordinateur Portable Apple MacBook Pro M4 Pro 512 GB SSD d\u00e8s maintenant.","breadcrumb":{"@id":"https:\/\/tupique.com\/produit\/ordinateur-portable-apple-macbook-pro-m4-pro-512-gb-ssd-3\/#breadcrumb"},"inLanguage":"es","potentialAction":[{"@type":"ReadAction","target":["https:\/\/tupique.com\/produit\/ordinateur-portable-apple-macbook-pro-m4-pro-512-gb-ssd-3\/"]}]},{"@type":"ImageObject","inLanguage":"es","@id":"https:\/\/tupique.com\/produit\/ordinateur-portable-apple-macbook-pro-m4-pro-512-gb-ssd-3\/#primaryimage","url":"https:\/\/tupique.com\/wp-content\/uploads\/2026\/04\/0195949869518_S71011373_P00.jpg","contentUrl":"https:\/\/tupique.com\/wp-content\/uploads\/2026\/04\/0195949869518_S71011373_P00.jpg","width":1200,"height":1200,"caption":"S71011373_0"},{"@type":"BreadcrumbList","@id":"https:\/\/tupique.com\/produit\/ordinateur-portable-apple-macbook-pro-m4-pro-512-gb-ssd-3\/#breadcrumb","itemListElement":[{"@type":"ListItem","position":1,"name":"In\u00edcio","item":"https:\/\/tupique.com\/"},{"@type":"ListItem","position":2,"name":"Boutique","item":"https:\/\/tupique.com\/en\/boutique\/"},{"@type":"ListItem","position":3,"name":"Ordinateur Portable Apple MacBook Pro M4 Pro 512 GB SSD"}]},{"@type":"WebSite","@id":"https:\/\/tupique.com\/#website","url":"https:\/\/tupique.com\/","name":"Tupique","description":"Marketplace","publisher":{"@id":"https:\/\/tupique.com\/#organization"},"potentialAction":[{"@type":"SearchAction","target":{"@type":"EntryPoint","urlTemplate":"https:\/\/tupique.com\/?s={search_term_string}"},"query-input":{"@type":"PropertyValueSpecification","valueRequired":true,"valueName":"search_term_string"}}],"inLanguage":"es"},{"@type":"Organization","@id":"https:\/\/tupique.com\/#organization","name":"Tupique","url":"https:\/\/tupique.com\/","logo":{"@type":"ImageObject","inLanguage":"es","@id":"https:\/\/tupique.com\/#\/schema\/logo\/image\/","url":"https:\/\/tupique.com\/wp-content\/uploads\/2024\/09\/logo.png","contentUrl":"https:\/\/tupique.com\/wp-content\/uploads\/2024\/09\/logo.png","width":1118,"height":310,"caption":"Tupique"},"image":{"@id":"https:\/\/tupique.com\/#\/schema\/logo\/image\/"}}]}},"jetpack_sharing_enabled":true,"_links":{"self":[{"href":"https:\/\/tupique.com\/es\/wp-json\/wp\/v2\/product\/4382543","targetHints":{"allow":["GET"]}}],"collection":[{"href":"https:\/\/tupique.com\/es\/wp-json\/wp\/v2\/product"}],"about":[{"href":"https:\/\/tupique.com\/es\/wp-json\/wp\/v2\/types\/product"}],"replies":[{"embeddable":true,"href":"https:\/\/tupique.com\/es\/wp-json\/wp\/v2\/comments?post=4382543"}],"wp:featuredmedia":[{"embeddable":true,"href":"https:\/\/tupique.com\/es\/wp-json\/wp\/v2\/media\/4382538"}],"wp:attachment":[{"href":"https:\/\/tupique.com\/es\/wp-json\/wp\/v2\/media?parent=4382543"}],"wp:term":[{"taxonomy":"product_brand","embeddable":true,"href":"https:\/\/tupique.com\/es\/wp-json\/wp\/v2\/product_brand?post=4382543"},{"taxonomy":"product_cat","embeddable":true,"href":"https:\/\/tupique.com\/es\/wp-json\/wp\/v2\/product_cat?post=4382543"},{"taxonomy":"product_tag","embeddable":true,"href":"https:\/\/tupique.com\/es\/wp-json\/wp\/v2\/product_tag?post=4382543"}],"curies":[{"name":"wp","href":"https:\/\/api.w.org\/{rel}","templated":true}]}}