{"id":4382599,"date":"2026-04-08T02:00:22","date_gmt":"2026-04-08T01:00:22","guid":{"rendered":"https:\/\/tupique.com\/produit\/smartphone-samsung-galaxy-s24-plus-67-12-gb-ram-512-gb-gris\/"},"modified":"2026-04-08T02:00:22","modified_gmt":"2026-04-08T01:00:22","slug":"smartphone-samsung-galaxy-s24-plus-67-12-gb-ram-512-gb-gris","status":"publish","type":"product","link":"https:\/\/tupique.com\/es\/producto\/smartphone-samsung-galaxy-s24-plus-67-12-gb-ram-512-gb-gris\/","title":{"rendered":"Smartphone Samsung Galaxy S24 Plus 6,7&#8243; 12 GB RAM 512 GB Gris"},"content":{"rendered":"<p>Si le apasiona\u2019<b>inform\u00e1tica y electr\u00f3nica<\/b>, Si est\u00e1s a la \u00faltima en tecnolog\u00eda y no quieres perderte nada, compra <b>Smartphone Samsung Galaxy S24 Plus 6,7&#8243; 12 GB RAM 512 GB Gris<\/b> al mejor precio.<\/p>\n<p>Le <b>Samsung Galaxy S24 Plus<\/b> es un <b>smartphone<\/b> avanc\u00e9 qui allie un design sophistiqu\u00e9 \u00e0 des fonctionnalit\u00e9s de pointe pour offrir une exp\u00e9rience mobile haut de gamme. Il pr\u00e9sente une finition en <b>gris<\/b> qui souligne son style \u00e9l\u00e9gant et moderne, ainsi qu\u2019un large <b>\u00e9cran de 6,7 pouces<\/b> avec r\u00e9solution <b>QHD+<\/b> et des bordures ultra-fines, offrant des images nettes et vibrantes, id\u00e9ales pour le multim\u00e9dia comme pour la productivit\u00e9. C\u00f4t\u00e9 capacit\u00e9 et performance, il dispose d\u2019une impressionnante <b>12 GB de memoria RAM<\/b> et d\u2019une version basique avec 1 Go pour s\u2019adapter aux besoins, ainsi qu\u2019une notable <b>capacit\u00e9 de stockage de 512 Go<\/b> permettant de conserver de nombreuses applications, fichiers et contenus sans souci d\u2019espace. Son syst\u00e8me photo se distingue par un capteur principal de <b>50 m\u00e9gapixels<\/b> \u00e9quip\u00e9 de la technologie AI ISP qui am\u00e9liore la qualit\u00e9 des images, m\u00eame en faible luminosit\u00e9, et permet un zoom 2x et 3x sans perte de d\u00e9finition gr\u00e2ce \u00e0 l\u2019innovant <b>AI Zoom<\/b>. La fonction am\u00e9lior\u00e9e de <b>Super HDR avec intelligence artificielle<\/b> garantit des clich\u00e9s aux couleurs fid\u00e8les et aux d\u00e9tails pr\u00e9cis, de la pr\u00e9visualisation \u00e0 l\u2019image finale, compatible avec des applications comme Instagram. Sa batterie intelligente offre une autonomie prolong\u00e9e pour un usage continu en lecture multim\u00e9dia ou jeux, tout en int\u00e9grant un syst\u00e8me avanc\u00e9 de dissipation thermique par chambre \u00e0 vapeur avec interface thermique liquide, maintenant des performances optimales lors de longues sessions. De plus, le Galaxy S24 Plus est r\u00e9sistant \u00e0 l\u2019eau, ajoutant durabilit\u00e9 et protection contre les \u00e9claboussures accidentelles. L\u2019int\u00e9gration de fonctions d\u2019intelligence artificielle s\u2019\u00e9tend \u00e0 l\u2019\u00e9dition photo avanc\u00e9e, avec des outils comme Generative Edit pour supprimer facilement les objets ind\u00e9sirables et am\u00e9liorer les images, ainsi que Live Translate, facilitant la communication multilingue lors d\u2019appels et messages. La fonction Circle to Search am\u00e9liore aussi la recherche visuelle en entourant les objets du doigt. En r\u00e9sum\u00e9, le Samsung Galaxy S24 Plus repr\u00e9sente une offre technologique avanc\u00e9e dans le haut de gamme, id\u00e9ale pour les utilisateurs recherchant puissance, qualit\u00e9 audiovisuelle et capacit\u00e9s intelligentes dans un mobile.<\/p>\n<ul>\n<li>Processeur: Exynos 2400<\/li>\n<li>Poids approx.: 196 g<\/li>\n<li>Aceler\u00f3metro: S\u00ed<\/li>\n<li>Stabilisateur d&#8217;image: Oui<\/li>\n<li>Glonass: S\u00ed<\/li>\n<li>Giroscopio: S\u00ed<\/li>\n<li>Conectividad:\n<ul>\n<li>5G<\/li>\n<li>Galileo<\/li>\n<li>BeiDou<\/li>\n<li>nano SIM<\/li>\n<li>Bluetooth 5.3<\/li>\n<li>Wi-Fi de 6 GHz<\/li>\n<li>Wi-Fi 5 GHz<\/li>\n<li>NFC<\/li>\n<li>Bluetooth<\/li>\n<li>GPS<\/li>\n<li>4G<\/li>\n<li>Wi-Fi<\/li>\n<li>WCDMA<\/li>\n<\/ul>\n<\/li>\n<li>Caracter\u00edsticas:\n<ul>\n<li>Tactile<\/li>\n<li>Sensores<\/li>\n<li>Lector de huellas dactilares<\/li>\n<li>Interface USB<\/li>\n<li>Android<\/li>\n<li>St\u00e9r\u00e9o<\/li>\n<li>Ecran<\/li>\n<li>Batterie<\/li>\n<li>NFC<\/li>\n<li>R\u00e9sistant \u00e0 la poussi\u00e8re<\/li>\n<li>Cam\u00e9ra\/Appareil Photo<\/li>\n<li>Resistente al agua<\/li>\n<li>GPS<\/li>\n<li>Bar\u00f3metro<\/li>\n<li>Pantalla t\u00e1ctil<\/li>\n<li>Sensor de luz ambiental<\/li>\n<li>R\u00e9sistant \u00e0 l&#8217;eau et \u00e0 la poussi\u00e8re<\/li>\n<li>Autoenfoque<\/li>\n<li>Sensor geomagn\u00e9tico<\/li>\n<li>Capteur de proximit\u00e9<\/li>\n<li>Pantalla plana<\/li>\n<\/ul>\n<\/li>\n<li>Frecuencia: 120 Hz<\/li>\n<li>Diagonale de l&#8217;\u00e9cran (cm): 17 cm<\/li>\n<li>Resoluci\u00f3n (px): 7680 x 4320 px<\/li>\n<li>Tecnolog\u00eda:\n<ul>\n<li>52.1 Dynamic AMOLED 2X<\/li>\n<li>Mimo<\/li>\n<li>Glonass<\/li>\n<\/ul>\n<\/li>\n<li>Zoom digital: 30x<\/li>\n<li>Memoria interna: 512 GB<\/li>\n<li>Inclut: C\u00e2ble USB-C<\/li>\n<li>Conexiones:\n<ul>\n<li>USB 3.2<\/li>\n<li>USB-C<\/li>\n<li>Doble SIM<\/li>\n<li>USB<\/li>\n<\/ul>\n<\/li>\n<li>Fonctions: Barom\u00e8tre<\/li>\n<li>Zoom Optique: 3x<\/li>\n<li>Ecran: 6,7&#8243;<\/li>\n<li>GPS: Oui<\/li>\n<li>M\u00e9moire RAM:\n<ul>\n<li>12 GB RAM<\/li>\n<li>1 GB RAM<\/li>\n<\/ul>\n<\/li>\n<li>Grado de protecci\u00f3n: IP68<\/li>\n<li>Capteurs:\n<ul>\n<li>Magn\u00e9tom\u00e8tre<\/li>\n<li>Aceler\u00f3metro<\/li>\n<li>Giroscopio<\/li>\n<\/ul>\n<\/li>\n<li>Color: Gris<\/li>\n<li>Producto enchufable: S\u00ed<\/li>\n<li>Tipo: Smartphone<\/li>\n<li>Tipo de enchufe: enchufe UE<\/li>\n<li>Bloc d\u2019Alimentation: r\u00e9seau \u00e9lectrique<\/li>\n<li>Indice de r\u00e9parabilit\u00e9: 8.5<\/li>\n<li>Capacit\u00e9 de la batterie: 4900 mAh<\/li>\n<li>Sistema operativo: Android<\/li>\n<li>puissance: 45 W<\/li>\n<li>C\u00e1mara:\n<ul>\n<li>12 mpx<\/li>\n<li>50 Mp<\/li>\n<li>Frontal<\/li>\n<li>10 Mp<\/li>\n<li>Triple<\/li>\n<\/ul>\n<\/li>\n<li>Apertura: F\/1,8<\/li>\n<li>Noyaux: 10 Noyaux<\/li>\n<li>vitesse: 3.2 GHz<\/li>\n<\/ul>","protected":false},"excerpt":{"rendered":"<p>Si vous \u00eates passionn\u00e9 d&#8217;informatique et d&#8217;\u00e9lectronique, si vous \u00eates \u00e0 la pointe de la technologie et qu&#8217;aucun d\u00e9tail ne<\/p>","protected":false},"featured_media":4382596,"comment_status":"open","ping_status":"closed","template":"","meta":{"_joinchat":[]},"product_brand":[157883],"product_cat":[157523,157516,157524],"product_tag":[157514,157522,157515],"class_list":{"0":"post-4382599","1":"product","2":"type-product","3":"status-publish","4":"has-post-thumbnail","6":"product_brand-brandp_576","7":"product_cat-electronique-telephonie-et-tablettes","8":"product_cat-informatique-electronique","9":"product_cat-telephones-portables","10":"product_tag-tag_933","11":"product_tag-tag_547","12":"product_tag-tag_1295","14":"first","15":"instock","16":"taxable","17":"shipping-taxable","18":"purchasable","19":"product-type-simple"},"yoast_head":"<!-- This site is optimized with the Yoast SEO plugin v27.2 - https:\/\/yoast.com\/product\/yoast-seo-wordpress\/ -->\n<title>Smartphone Samsung Galaxy S24 Plus 6,7&quot; 12 GB RAM 512 GB Gris - Tupique<\/title>\n<meta name=\"description\" content=\"Vous cherchez Smartphone Samsung Galaxy S24 Plus 6,7&quot; 12 GB RAM 512 GB Gris ? Achetez des produits chez Tupique. Profitez de la livraison gratuite pour obtenir Smartphone Samsung Galaxy S24 Plus 6,7&quot; 12 GB RAM 512 GB Gris d\u00e8s maintenant.\" \/>\n<meta name=\"robots\" content=\"index, follow, max-snippet:-1, max-image-preview:large, max-video-preview:-1\" \/>\n<link rel=\"canonical\" href=\"https:\/\/tupique.com\/es\/producto\/smartphone-samsung-galaxy-s24-plus-67-12-gb-ram-512-gb-gris\/\" \/>\n<meta property=\"og:locale\" content=\"es_ES\" \/>\n<meta property=\"og:type\" content=\"article\" \/>\n<meta property=\"og:title\" content=\"Smartphone Samsung Galaxy S24 Plus 6,7&quot; 12 GB RAM 512 GB Gris - Tupique\" \/>\n<meta property=\"og:description\" content=\"Vous cherchez Smartphone Samsung Galaxy S24 Plus 6,7&quot; 12 GB RAM 512 GB Gris ? Achetez des produits chez Tupique. Profitez de la livraison gratuite pour obtenir Smartphone Samsung Galaxy S24 Plus 6,7&quot; 12 GB RAM 512 GB Gris d\u00e8s maintenant.\" \/>\n<meta property=\"og:url\" content=\"https:\/\/tupique.com\/es\/producto\/smartphone-samsung-galaxy-s24-plus-67-12-gb-ram-512-gb-gris\/\" \/>\n<meta property=\"og:site_name\" content=\"Tupique\" \/>\n<meta name=\"twitter:card\" content=\"summary_large_image\" \/>\n<meta name=\"twitter:label1\" content=\"Tiempo de lectura\" \/>\n\t<meta name=\"twitter:data1\" content=\"3 minutos\" \/>\n<script type=\"application\/ld+json\" class=\"yoast-schema-graph\">{\"@context\":\"https:\/\/schema.org\",\"@graph\":[{\"@type\":\"WebPage\",\"@id\":\"https:\/\/tupique.com\/produit\/smartphone-samsung-galaxy-s24-plus-67-12-gb-ram-512-gb-gris\/\",\"url\":\"https:\/\/tupique.com\/produit\/smartphone-samsung-galaxy-s24-plus-67-12-gb-ram-512-gb-gris\/\",\"name\":\"Smartphone Samsung Galaxy S24 Plus 6,7\\\" 12 GB RAM 512 GB Gris - Tupique\",\"isPartOf\":{\"@id\":\"https:\/\/tupique.com\/#website\"},\"primaryImageOfPage\":{\"@id\":\"https:\/\/tupique.com\/produit\/smartphone-samsung-galaxy-s24-plus-67-12-gb-ram-512-gb-gris\/#primaryimage\"},\"image\":{\"@id\":\"https:\/\/tupique.com\/produit\/smartphone-samsung-galaxy-s24-plus-67-12-gb-ram-512-gb-gris\/#primaryimage\"},\"thumbnailUrl\":\"https:\/\/tupique.com\/wp-content\/uploads\/2026\/04\/8806095307633_M0803344_P00.jpg\",\"datePublished\":\"2026-04-08T01:00:22+00:00\",\"description\":\"Vous cherchez Smartphone Samsung Galaxy S24 Plus 6,7\\\" 12 GB RAM 512 GB Gris ? Achetez des produits chez Tupique. Profitez de la livraison gratuite pour obtenir Smartphone Samsung Galaxy S24 Plus 6,7\\\" 12 GB RAM 512 GB Gris d\u00e8s maintenant.\",\"breadcrumb\":{\"@id\":\"https:\/\/tupique.com\/produit\/smartphone-samsung-galaxy-s24-plus-67-12-gb-ram-512-gb-gris\/#breadcrumb\"},\"inLanguage\":\"es\",\"potentialAction\":[{\"@type\":\"ReadAction\",\"target\":[\"https:\/\/tupique.com\/produit\/smartphone-samsung-galaxy-s24-plus-67-12-gb-ram-512-gb-gris\/\"]}]},{\"@type\":\"ImageObject\",\"inLanguage\":\"es\",\"@id\":\"https:\/\/tupique.com\/produit\/smartphone-samsung-galaxy-s24-plus-67-12-gb-ram-512-gb-gris\/#primaryimage\",\"url\":\"https:\/\/tupique.com\/wp-content\/uploads\/2026\/04\/8806095307633_M0803344_P00.jpg\",\"contentUrl\":\"https:\/\/tupique.com\/wp-content\/uploads\/2026\/04\/8806095307633_M0803344_P00.jpg\",\"width\":1200,\"height\":1200,\"caption\":\"M0803344_0\"},{\"@type\":\"BreadcrumbList\",\"@id\":\"https:\/\/tupique.com\/produit\/smartphone-samsung-galaxy-s24-plus-67-12-gb-ram-512-gb-gris\/#breadcrumb\",\"itemListElement\":[{\"@type\":\"ListItem\",\"position\":1,\"name\":\"In\u00edcio\",\"item\":\"https:\/\/tupique.com\/\"},{\"@type\":\"ListItem\",\"position\":2,\"name\":\"Boutique\",\"item\":\"https:\/\/tupique.com\/en\/boutique\/\"},{\"@type\":\"ListItem\",\"position\":3,\"name\":\"Smartphone Samsung Galaxy S24 Plus 6,7&#8243; 12 GB RAM 512 GB Gris\"}]},{\"@type\":\"WebSite\",\"@id\":\"https:\/\/tupique.com\/#website\",\"url\":\"https:\/\/tupique.com\/\",\"name\":\"Tupique\",\"description\":\"Marketplace\",\"publisher\":{\"@id\":\"https:\/\/tupique.com\/#organization\"},\"potentialAction\":[{\"@type\":\"SearchAction\",\"target\":{\"@type\":\"EntryPoint\",\"urlTemplate\":\"https:\/\/tupique.com\/?s={search_term_string}\"},\"query-input\":{\"@type\":\"PropertyValueSpecification\",\"valueRequired\":true,\"valueName\":\"search_term_string\"}}],\"inLanguage\":\"es\"},{\"@type\":\"Organization\",\"@id\":\"https:\/\/tupique.com\/#organization\",\"name\":\"Tupique\",\"url\":\"https:\/\/tupique.com\/\",\"logo\":{\"@type\":\"ImageObject\",\"inLanguage\":\"es\",\"@id\":\"https:\/\/tupique.com\/#\/schema\/logo\/image\/\",\"url\":\"https:\/\/tupique.com\/wp-content\/uploads\/2024\/09\/logo.png\",\"contentUrl\":\"https:\/\/tupique.com\/wp-content\/uploads\/2024\/09\/logo.png\",\"width\":1118,\"height\":310,\"caption\":\"Tupique\"},\"image\":{\"@id\":\"https:\/\/tupique.com\/#\/schema\/logo\/image\/\"}}]}<\/script>\n<!-- \/ Yoast SEO plugin. -->","yoast_head_json":{"title":"Smartphone Samsung Galaxy S24 Plus 6,7\" 12 GB RAM 512 GB Gris - Tupique","description":"Vous cherchez Smartphone Samsung Galaxy S24 Plus 6,7\" 12 GB RAM 512 GB Gris ? Achetez des produits chez Tupique. Profitez de la livraison gratuite pour obtenir Smartphone Samsung Galaxy S24 Plus 6,7\" 12 GB RAM 512 GB Gris d\u00e8s maintenant.","robots":{"index":"index","follow":"follow","max-snippet":"max-snippet:-1","max-image-preview":"max-image-preview:large","max-video-preview":"max-video-preview:-1"},"canonical":"https:\/\/tupique.com\/es\/producto\/smartphone-samsung-galaxy-s24-plus-67-12-gb-ram-512-gb-gris\/","og_locale":"es_ES","og_type":"article","og_title":"Smartphone Samsung Galaxy S24 Plus 6,7\" 12 GB RAM 512 GB Gris - Tupique","og_description":"Vous cherchez Smartphone Samsung Galaxy S24 Plus 6,7\" 12 GB RAM 512 GB Gris ? Achetez des produits chez Tupique. Profitez de la livraison gratuite pour obtenir Smartphone Samsung Galaxy S24 Plus 6,7\" 12 GB RAM 512 GB Gris d\u00e8s maintenant.","og_url":"https:\/\/tupique.com\/es\/producto\/smartphone-samsung-galaxy-s24-plus-67-12-gb-ram-512-gb-gris\/","og_site_name":"Tupique","twitter_card":"summary_large_image","twitter_misc":{"Tiempo de lectura":"3 minutos"},"schema":{"@context":"https:\/\/schema.org","@graph":[{"@type":"WebPage","@id":"https:\/\/tupique.com\/produit\/smartphone-samsung-galaxy-s24-plus-67-12-gb-ram-512-gb-gris\/","url":"https:\/\/tupique.com\/produit\/smartphone-samsung-galaxy-s24-plus-67-12-gb-ram-512-gb-gris\/","name":"Smartphone Samsung Galaxy S24 Plus 6,7\" 12 GB RAM 512 GB Gris - Tupique","isPartOf":{"@id":"https:\/\/tupique.com\/#website"},"primaryImageOfPage":{"@id":"https:\/\/tupique.com\/produit\/smartphone-samsung-galaxy-s24-plus-67-12-gb-ram-512-gb-gris\/#primaryimage"},"image":{"@id":"https:\/\/tupique.com\/produit\/smartphone-samsung-galaxy-s24-plus-67-12-gb-ram-512-gb-gris\/#primaryimage"},"thumbnailUrl":"https:\/\/tupique.com\/wp-content\/uploads\/2026\/04\/8806095307633_M0803344_P00.jpg","datePublished":"2026-04-08T01:00:22+00:00","description":"Vous cherchez Smartphone Samsung Galaxy S24 Plus 6,7\" 12 GB RAM 512 GB Gris ? Achetez des produits chez Tupique. Profitez de la livraison gratuite pour obtenir Smartphone Samsung Galaxy S24 Plus 6,7\" 12 GB RAM 512 GB Gris d\u00e8s maintenant.","breadcrumb":{"@id":"https:\/\/tupique.com\/produit\/smartphone-samsung-galaxy-s24-plus-67-12-gb-ram-512-gb-gris\/#breadcrumb"},"inLanguage":"es","potentialAction":[{"@type":"ReadAction","target":["https:\/\/tupique.com\/produit\/smartphone-samsung-galaxy-s24-plus-67-12-gb-ram-512-gb-gris\/"]}]},{"@type":"ImageObject","inLanguage":"es","@id":"https:\/\/tupique.com\/produit\/smartphone-samsung-galaxy-s24-plus-67-12-gb-ram-512-gb-gris\/#primaryimage","url":"https:\/\/tupique.com\/wp-content\/uploads\/2026\/04\/8806095307633_M0803344_P00.jpg","contentUrl":"https:\/\/tupique.com\/wp-content\/uploads\/2026\/04\/8806095307633_M0803344_P00.jpg","width":1200,"height":1200,"caption":"M0803344_0"},{"@type":"BreadcrumbList","@id":"https:\/\/tupique.com\/produit\/smartphone-samsung-galaxy-s24-plus-67-12-gb-ram-512-gb-gris\/#breadcrumb","itemListElement":[{"@type":"ListItem","position":1,"name":"In\u00edcio","item":"https:\/\/tupique.com\/"},{"@type":"ListItem","position":2,"name":"Boutique","item":"https:\/\/tupique.com\/en\/boutique\/"},{"@type":"ListItem","position":3,"name":"Smartphone Samsung Galaxy S24 Plus 6,7&#8243; 12 GB RAM 512 GB Gris"}]},{"@type":"WebSite","@id":"https:\/\/tupique.com\/#website","url":"https:\/\/tupique.com\/","name":"Tupique","description":"Marketplace","publisher":{"@id":"https:\/\/tupique.com\/#organization"},"potentialAction":[{"@type":"SearchAction","target":{"@type":"EntryPoint","urlTemplate":"https:\/\/tupique.com\/?s={search_term_string}"},"query-input":{"@type":"PropertyValueSpecification","valueRequired":true,"valueName":"search_term_string"}}],"inLanguage":"es"},{"@type":"Organization","@id":"https:\/\/tupique.com\/#organization","name":"Tupique","url":"https:\/\/tupique.com\/","logo":{"@type":"ImageObject","inLanguage":"es","@id":"https:\/\/tupique.com\/#\/schema\/logo\/image\/","url":"https:\/\/tupique.com\/wp-content\/uploads\/2024\/09\/logo.png","contentUrl":"https:\/\/tupique.com\/wp-content\/uploads\/2024\/09\/logo.png","width":1118,"height":310,"caption":"Tupique"},"image":{"@id":"https:\/\/tupique.com\/#\/schema\/logo\/image\/"}}]}},"jetpack_sharing_enabled":true,"_links":{"self":[{"href":"https:\/\/tupique.com\/es\/wp-json\/wp\/v2\/product\/4382599","targetHints":{"allow":["GET"]}}],"collection":[{"href":"https:\/\/tupique.com\/es\/wp-json\/wp\/v2\/product"}],"about":[{"href":"https:\/\/tupique.com\/es\/wp-json\/wp\/v2\/types\/product"}],"replies":[{"embeddable":true,"href":"https:\/\/tupique.com\/es\/wp-json\/wp\/v2\/comments?post=4382599"}],"wp:featuredmedia":[{"embeddable":true,"href":"https:\/\/tupique.com\/es\/wp-json\/wp\/v2\/media\/4382596"}],"wp:attachment":[{"href":"https:\/\/tupique.com\/es\/wp-json\/wp\/v2\/media?parent=4382599"}],"wp:term":[{"taxonomy":"product_brand","embeddable":true,"href":"https:\/\/tupique.com\/es\/wp-json\/wp\/v2\/product_brand?post=4382599"},{"taxonomy":"product_cat","embeddable":true,"href":"https:\/\/tupique.com\/es\/wp-json\/wp\/v2\/product_cat?post=4382599"},{"taxonomy":"product_tag","embeddable":true,"href":"https:\/\/tupique.com\/es\/wp-json\/wp\/v2\/product_tag?post=4382599"}],"curies":[{"name":"wp","href":"https:\/\/api.w.org\/{rel}","templated":true}]}}