{"id":4382605,"date":"2026-04-08T02:00:30","date_gmt":"2026-04-08T01:00:30","guid":{"rendered":"https:\/\/tupique.com\/produit\/tablette-samsung-x920n-146-octa-core-12-gb-ram-512-gb-gris\/"},"modified":"2026-04-08T02:00:30","modified_gmt":"2026-04-08T01:00:30","slug":"tablette-samsung-x920n-146-octa-core-12-gb-ram-512-gb-gris","status":"publish","type":"product","link":"https:\/\/tupique.com\/es\/producto\/tablette-samsung-x920n-146-octa-core-12-gb-ram-512-gb-gris\/","title":{"rendered":"Tablette Samsung X920N 14,6&#8243; Octa Core 12 GB RAM 512 GB Gris"},"content":{"rendered":"<p>Si le apasiona\u2019<b>inform\u00e1tica y electr\u00f3nica<\/b>, Si est\u00e1s a la \u00faltima en tecnolog\u00eda y no quieres perderte nada, compra <b>Tablette Samsung X920N 14,6&#8243; Octa Core 12 GB RAM 512 GB Gris<\/b> al mejor precio.<\/p>\n<p>La <b>Samsung Galaxy Tab S10 Ultra<\/b> es un <b>tableta<\/b> haute performance qui se distingue par son design \u00e9l\u00e9gant en couleur <b>gris<\/b> et une finition soign\u00e9e garantissant une exp\u00e9rience tactile premium. \u00c9quip\u00e9e d\u2019un impressionnant <b>\u00e9cran Dynamic AMOLED 2X de 14,6 pouces<\/b>, elle offre des couleurs vives, des noirs profonds, une excellente r\u00e9solution et une meilleure visibilit\u00e9 gr\u00e2ce \u00e0 la technologie antireflet et au puissant Vision Booster, id\u00e9ale pour les professionnels et utilisateurs exigeants n\u00e9cessitant une image claire et fid\u00e8le. Sa configuration puissante inclut <b>12 Go de RAM<\/b> assurant une fluidit\u00e9 en multit\u00e2che et applications lourdes, ainsi qu\u2019une grande capacit\u00e9 de stockage de <b>512 Go<\/b>, suffisante pour conserver de nombreux fichiers, applications ou contenus multim\u00e9dias sans souci d\u2019espace. Elle dispose de connexions modernes via <b>USB-C<\/b>, facilitant transferts rapides et charge efficace. La Galaxy Tab S10 Ultra int\u00e8gre des fonctionnalit\u00e9s avanc\u00e9es comme le S Pen renouvel\u00e9 assorti \u00e0 la couleur de la tablette et un syst\u00e8me de refroidissement \u00e0 chambre \u00e0 vapeur qui maintient l\u2019appareil frais m\u00eame lors de sessions intensives de jeu ou de visionnage prolong\u00e9. Sa <b>batterie de 11200 mAh<\/b> garantit de longues heures d\u2019utilisation continue et est compatible avec la charge rapide Super Fast Charge, pour une recharge rapide. Autre point fort, l\u2019int\u00e9gration de Galaxy AI, un assistant personnel pour des t\u00e2ches telles que la transcription automatique audio-texte, le formatage, le r\u00e9sum\u00e9 de notes, l\u2019aide \u00e0 la r\u00e9solution math\u00e9matique et l\u2019am\u00e9lioration de l\u2019\u00e9criture manuscrite, augmentant la productivit\u00e9 surtout en milieu professionnel ou \u00e9ducatif. Pour la photo et les appels vid\u00e9o, elle dispose d\u2019une cam\u00e9ra frontale ultra grand-angle assurant un cadrage parfait et permettant la capture vid\u00e9o et photo en haute d\u00e9finition, avec l\u2019avantage d\u2019\u00e9diter directement sur l\u2019appareil. En r\u00e9sum\u00e9, cette tablette repr\u00e9sente une solution technologique avanc\u00e9e, con\u00e7ue pour ceux qui recherchent un appareil puissant, avec un grand \u00e9cran et des fonctions intelligentes am\u00e9liorant l\u2019exp\u00e9rience quotidienne aussi bien au travail qu\u2019en multim\u00e9dia.<\/p>\n<ul>\n<li>Diagonale de l&#8217;\u00e9cran (cm): 37,1 cm<\/li>\n<li>Type: Tablette<\/li>\n<li>Producto enchufable: S\u00ed<\/li>\n<li>Tipo de enchufe: enchufe UE<\/li>\n<li>Bloc d\u2019Alimentation: r\u00e9seau \u00e9lectrique<\/li>\n<li>Capacit\u00e9 de la batterie: 11200 mAh<\/li>\n<li>Sistema operativo: Android<\/li>\n<li>Conectividad: Wi-Fi<\/li>\n<li>C\u00e1mara:\n<ul>\n<li>12 mpx<\/li>\n<li>13 mpx<\/li>\n<li>Doble<\/li>\n<li>8 MP<\/li>\n<li>13 MP<\/li>\n<\/ul>\n<\/li>\n<li>Conexiones: USB-C<\/li>\n<li>Ecran: 14,6&#8243;<\/li>\n<li>Processeur: Octa Core<\/li>\n<li>Memoria RAM: 12 GB RAM<\/li>\n<li>Memoria interna: 512 GB<\/li>\n<li>Color: Gris<\/li>\n<li>Material: Aluminio<\/li>\n<li>Caracter\u00edsticas:\n<ul>\n<li>C\u00e1mara frontal<\/li>\n<li>Lector de tarjetas<\/li>\n<\/ul>\n<\/li>\n<li>Grado de protecci\u00f3n: IP68<\/li>\n<li>Cartes M\u00e9moire Compatibles: MicroSD (TransFlash)<\/li>\n<li>R\u00e9solution: 2960 x 1848 px<\/li>\n<li>N\u00facleos: 8 n\u00facleos<\/li>\n<li>vitesse: 3.4 GHz<\/li>\n<\/ul>","protected":false},"excerpt":{"rendered":"<p>Si vous \u00eates passionn\u00e9 d&#8217;informatique et d&#8217;\u00e9lectronique, si vous \u00eates \u00e0 la pointe de la technologie et qu&#8217;aucun d\u00e9tail ne<\/p>","protected":false},"featured_media":4382600,"comment_status":"open","ping_status":"closed","template":"","meta":{"_joinchat":[]},"product_brand":[157883],"product_cat":[157523,157516,157560],"product_tag":[157522,157515],"class_list":{"0":"post-4382605","1":"product","2":"type-product","3":"status-publish","4":"has-post-thumbnail","6":"product_brand-brandp_576","7":"product_cat-electronique-telephonie-et-tablettes","8":"product_cat-informatique-electronique","9":"product_cat-tablettes","10":"product_tag-tag_547","11":"product_tag-tag_1295","13":"first","14":"outofstock","15":"taxable","16":"shipping-taxable","17":"purchasable","18":"product-type-simple"},"yoast_head":"<!-- This site is optimized with the Yoast SEO plugin v27.2 - https:\/\/yoast.com\/product\/yoast-seo-wordpress\/ -->\n<title>Tablette Samsung X920N 14,6&quot; Octa Core 12 GB RAM 512 GB Gris - Tupique<\/title>\n<meta name=\"description\" content=\"Vous cherchez Tablette Samsung X920N 14,6&quot; Octa Core 12 GB RAM 512 GB Gris ? Achetez des produits chez Tupique. Profitez de la livraison gratuite pour obtenir Tablette Samsung X920N 14,6&quot; Octa Core 12 GB RAM 512 GB Gris d\u00e8s maintenant.\" \/>\n<meta name=\"robots\" content=\"index, follow, max-snippet:-1, max-image-preview:large, max-video-preview:-1\" \/>\n<link rel=\"canonical\" href=\"https:\/\/tupique.com\/es\/producto\/tablette-samsung-x920n-146-octa-core-12-gb-ram-512-gb-gris\/\" \/>\n<meta property=\"og:locale\" content=\"es_ES\" \/>\n<meta property=\"og:type\" content=\"article\" \/>\n<meta property=\"og:title\" content=\"Tablette Samsung X920N 14,6&quot; Octa Core 12 GB RAM 512 GB Gris - Tupique\" \/>\n<meta property=\"og:description\" content=\"Vous cherchez Tablette Samsung X920N 14,6&quot; Octa Core 12 GB RAM 512 GB Gris ? Achetez des produits chez Tupique. Profitez de la livraison gratuite pour obtenir Tablette Samsung X920N 14,6&quot; Octa Core 12 GB RAM 512 GB Gris d\u00e8s maintenant.\" \/>\n<meta property=\"og:url\" content=\"https:\/\/tupique.com\/es\/producto\/tablette-samsung-x920n-146-octa-core-12-gb-ram-512-gb-gris\/\" \/>\n<meta property=\"og:site_name\" content=\"Tupique\" \/>\n<meta name=\"twitter:card\" content=\"summary_large_image\" \/>\n<meta name=\"twitter:label1\" content=\"Tiempo de lectura\" \/>\n\t<meta name=\"twitter:data1\" content=\"2 minutos\" \/>\n<script type=\"application\/ld+json\" class=\"yoast-schema-graph\">{\"@context\":\"https:\/\/schema.org\",\"@graph\":[{\"@type\":\"WebPage\",\"@id\":\"https:\/\/tupique.com\/produit\/tablette-samsung-x920n-146-octa-core-12-gb-ram-512-gb-gris\/\",\"url\":\"https:\/\/tupique.com\/produit\/tablette-samsung-x920n-146-octa-core-12-gb-ram-512-gb-gris\/\",\"name\":\"Tablette Samsung X920N 14,6\\\" Octa Core 12 GB RAM 512 GB Gris - Tupique\",\"isPartOf\":{\"@id\":\"https:\/\/tupique.com\/#website\"},\"primaryImageOfPage\":{\"@id\":\"https:\/\/tupique.com\/produit\/tablette-samsung-x920n-146-octa-core-12-gb-ram-512-gb-gris\/#primaryimage\"},\"image\":{\"@id\":\"https:\/\/tupique.com\/produit\/tablette-samsung-x920n-146-octa-core-12-gb-ram-512-gb-gris\/#primaryimage\"},\"thumbnailUrl\":\"https:\/\/tupique.com\/wp-content\/uploads\/2026\/04\/8806095596938_M0803565_P01.jpg\",\"datePublished\":\"2026-04-08T01:00:30+00:00\",\"description\":\"Vous cherchez Tablette Samsung X920N 14,6\\\" Octa Core 12 GB RAM 512 GB Gris ? Achetez des produits chez Tupique. Profitez de la livraison gratuite pour obtenir Tablette Samsung X920N 14,6\\\" Octa Core 12 GB RAM 512 GB Gris d\u00e8s maintenant.\",\"breadcrumb\":{\"@id\":\"https:\/\/tupique.com\/produit\/tablette-samsung-x920n-146-octa-core-12-gb-ram-512-gb-gris\/#breadcrumb\"},\"inLanguage\":\"es\",\"potentialAction\":[{\"@type\":\"ReadAction\",\"target\":[\"https:\/\/tupique.com\/produit\/tablette-samsung-x920n-146-octa-core-12-gb-ram-512-gb-gris\/\"]}]},{\"@type\":\"ImageObject\",\"inLanguage\":\"es\",\"@id\":\"https:\/\/tupique.com\/produit\/tablette-samsung-x920n-146-octa-core-12-gb-ram-512-gb-gris\/#primaryimage\",\"url\":\"https:\/\/tupique.com\/wp-content\/uploads\/2026\/04\/8806095596938_M0803565_P01.jpg\",\"contentUrl\":\"https:\/\/tupique.com\/wp-content\/uploads\/2026\/04\/8806095596938_M0803565_P01.jpg\",\"width\":1200,\"height\":1200,\"caption\":\"M0803565_0\"},{\"@type\":\"BreadcrumbList\",\"@id\":\"https:\/\/tupique.com\/produit\/tablette-samsung-x920n-146-octa-core-12-gb-ram-512-gb-gris\/#breadcrumb\",\"itemListElement\":[{\"@type\":\"ListItem\",\"position\":1,\"name\":\"In\u00edcio\",\"item\":\"https:\/\/tupique.com\/\"},{\"@type\":\"ListItem\",\"position\":2,\"name\":\"Boutique\",\"item\":\"https:\/\/tupique.com\/en\/boutique\/\"},{\"@type\":\"ListItem\",\"position\":3,\"name\":\"Tablette Samsung X920N 14,6&#8243; Octa Core 12 GB RAM 512 GB Gris\"}]},{\"@type\":\"WebSite\",\"@id\":\"https:\/\/tupique.com\/#website\",\"url\":\"https:\/\/tupique.com\/\",\"name\":\"Tupique\",\"description\":\"Marketplace\",\"publisher\":{\"@id\":\"https:\/\/tupique.com\/#organization\"},\"potentialAction\":[{\"@type\":\"SearchAction\",\"target\":{\"@type\":\"EntryPoint\",\"urlTemplate\":\"https:\/\/tupique.com\/?s={search_term_string}\"},\"query-input\":{\"@type\":\"PropertyValueSpecification\",\"valueRequired\":true,\"valueName\":\"search_term_string\"}}],\"inLanguage\":\"es\"},{\"@type\":\"Organization\",\"@id\":\"https:\/\/tupique.com\/#organization\",\"name\":\"Tupique\",\"url\":\"https:\/\/tupique.com\/\",\"logo\":{\"@type\":\"ImageObject\",\"inLanguage\":\"es\",\"@id\":\"https:\/\/tupique.com\/#\/schema\/logo\/image\/\",\"url\":\"https:\/\/tupique.com\/wp-content\/uploads\/2024\/09\/logo.png\",\"contentUrl\":\"https:\/\/tupique.com\/wp-content\/uploads\/2024\/09\/logo.png\",\"width\":1118,\"height\":310,\"caption\":\"Tupique\"},\"image\":{\"@id\":\"https:\/\/tupique.com\/#\/schema\/logo\/image\/\"}}]}<\/script>\n<!-- \/ Yoast SEO plugin. -->","yoast_head_json":{"title":"Tablette Samsung X920N 14,6\" Octa Core 12 GB RAM 512 GB Gris - Tupique","description":"Vous cherchez Tablette Samsung X920N 14,6\" Octa Core 12 GB RAM 512 GB Gris ? Achetez des produits chez Tupique. Profitez de la livraison gratuite pour obtenir Tablette Samsung X920N 14,6\" Octa Core 12 GB RAM 512 GB Gris d\u00e8s maintenant.","robots":{"index":"index","follow":"follow","max-snippet":"max-snippet:-1","max-image-preview":"max-image-preview:large","max-video-preview":"max-video-preview:-1"},"canonical":"https:\/\/tupique.com\/es\/producto\/tablette-samsung-x920n-146-octa-core-12-gb-ram-512-gb-gris\/","og_locale":"es_ES","og_type":"article","og_title":"Tablette Samsung X920N 14,6\" Octa Core 12 GB RAM 512 GB Gris - Tupique","og_description":"Vous cherchez Tablette Samsung X920N 14,6\" Octa Core 12 GB RAM 512 GB Gris ? Achetez des produits chez Tupique. Profitez de la livraison gratuite pour obtenir Tablette Samsung X920N 14,6\" Octa Core 12 GB RAM 512 GB Gris d\u00e8s maintenant.","og_url":"https:\/\/tupique.com\/es\/producto\/tablette-samsung-x920n-146-octa-core-12-gb-ram-512-gb-gris\/","og_site_name":"Tupique","twitter_card":"summary_large_image","twitter_misc":{"Tiempo de lectura":"2 minutos"},"schema":{"@context":"https:\/\/schema.org","@graph":[{"@type":"WebPage","@id":"https:\/\/tupique.com\/produit\/tablette-samsung-x920n-146-octa-core-12-gb-ram-512-gb-gris\/","url":"https:\/\/tupique.com\/produit\/tablette-samsung-x920n-146-octa-core-12-gb-ram-512-gb-gris\/","name":"Tablette Samsung X920N 14,6\" Octa Core 12 GB RAM 512 GB Gris - Tupique","isPartOf":{"@id":"https:\/\/tupique.com\/#website"},"primaryImageOfPage":{"@id":"https:\/\/tupique.com\/produit\/tablette-samsung-x920n-146-octa-core-12-gb-ram-512-gb-gris\/#primaryimage"},"image":{"@id":"https:\/\/tupique.com\/produit\/tablette-samsung-x920n-146-octa-core-12-gb-ram-512-gb-gris\/#primaryimage"},"thumbnailUrl":"https:\/\/tupique.com\/wp-content\/uploads\/2026\/04\/8806095596938_M0803565_P01.jpg","datePublished":"2026-04-08T01:00:30+00:00","description":"Vous cherchez Tablette Samsung X920N 14,6\" Octa Core 12 GB RAM 512 GB Gris ? Achetez des produits chez Tupique. Profitez de la livraison gratuite pour obtenir Tablette Samsung X920N 14,6\" Octa Core 12 GB RAM 512 GB Gris d\u00e8s maintenant.","breadcrumb":{"@id":"https:\/\/tupique.com\/produit\/tablette-samsung-x920n-146-octa-core-12-gb-ram-512-gb-gris\/#breadcrumb"},"inLanguage":"es","potentialAction":[{"@type":"ReadAction","target":["https:\/\/tupique.com\/produit\/tablette-samsung-x920n-146-octa-core-12-gb-ram-512-gb-gris\/"]}]},{"@type":"ImageObject","inLanguage":"es","@id":"https:\/\/tupique.com\/produit\/tablette-samsung-x920n-146-octa-core-12-gb-ram-512-gb-gris\/#primaryimage","url":"https:\/\/tupique.com\/wp-content\/uploads\/2026\/04\/8806095596938_M0803565_P01.jpg","contentUrl":"https:\/\/tupique.com\/wp-content\/uploads\/2026\/04\/8806095596938_M0803565_P01.jpg","width":1200,"height":1200,"caption":"M0803565_0"},{"@type":"BreadcrumbList","@id":"https:\/\/tupique.com\/produit\/tablette-samsung-x920n-146-octa-core-12-gb-ram-512-gb-gris\/#breadcrumb","itemListElement":[{"@type":"ListItem","position":1,"name":"In\u00edcio","item":"https:\/\/tupique.com\/"},{"@type":"ListItem","position":2,"name":"Boutique","item":"https:\/\/tupique.com\/en\/boutique\/"},{"@type":"ListItem","position":3,"name":"Tablette Samsung X920N 14,6&#8243; Octa Core 12 GB RAM 512 GB Gris"}]},{"@type":"WebSite","@id":"https:\/\/tupique.com\/#website","url":"https:\/\/tupique.com\/","name":"Tupique","description":"Marketplace","publisher":{"@id":"https:\/\/tupique.com\/#organization"},"potentialAction":[{"@type":"SearchAction","target":{"@type":"EntryPoint","urlTemplate":"https:\/\/tupique.com\/?s={search_term_string}"},"query-input":{"@type":"PropertyValueSpecification","valueRequired":true,"valueName":"search_term_string"}}],"inLanguage":"es"},{"@type":"Organization","@id":"https:\/\/tupique.com\/#organization","name":"Tupique","url":"https:\/\/tupique.com\/","logo":{"@type":"ImageObject","inLanguage":"es","@id":"https:\/\/tupique.com\/#\/schema\/logo\/image\/","url":"https:\/\/tupique.com\/wp-content\/uploads\/2024\/09\/logo.png","contentUrl":"https:\/\/tupique.com\/wp-content\/uploads\/2024\/09\/logo.png","width":1118,"height":310,"caption":"Tupique"},"image":{"@id":"https:\/\/tupique.com\/#\/schema\/logo\/image\/"}}]}},"jetpack_sharing_enabled":true,"_links":{"self":[{"href":"https:\/\/tupique.com\/es\/wp-json\/wp\/v2\/product\/4382605","targetHints":{"allow":["GET"]}}],"collection":[{"href":"https:\/\/tupique.com\/es\/wp-json\/wp\/v2\/product"}],"about":[{"href":"https:\/\/tupique.com\/es\/wp-json\/wp\/v2\/types\/product"}],"replies":[{"embeddable":true,"href":"https:\/\/tupique.com\/es\/wp-json\/wp\/v2\/comments?post=4382605"}],"wp:featuredmedia":[{"embeddable":true,"href":"https:\/\/tupique.com\/es\/wp-json\/wp\/v2\/media\/4382600"}],"wp:attachment":[{"href":"https:\/\/tupique.com\/es\/wp-json\/wp\/v2\/media?parent=4382605"}],"wp:term":[{"taxonomy":"product_brand","embeddable":true,"href":"https:\/\/tupique.com\/es\/wp-json\/wp\/v2\/product_brand?post=4382605"},{"taxonomy":"product_cat","embeddable":true,"href":"https:\/\/tupique.com\/es\/wp-json\/wp\/v2\/product_cat?post=4382605"},{"taxonomy":"product_tag","embeddable":true,"href":"https:\/\/tupique.com\/es\/wp-json\/wp\/v2\/product_tag?post=4382605"}],"curies":[{"name":"wp","href":"https:\/\/api.w.org\/{rel}","templated":true}]}}