{"id":4382831,"date":"2026-04-08T02:58:39","date_gmt":"2026-04-08T01:58:39","guid":{"rendered":"https:\/\/tupique.com\/produit\/ordinateur-portable-samsung-np964xha-kg2es-16-32-gb-ram-512-gb-ssd\/"},"modified":"2026-04-08T02:58:39","modified_gmt":"2026-04-08T01:58:39","slug":"ordinateur-portable-samsung-np964xha-kg2es-16-32-gb-ram-512-gb-ssd","status":"publish","type":"product","link":"https:\/\/tupique.com\/es\/producto\/ordinateur-portable-samsung-np964xha-kg2es-16-32-gb-ram-512-gb-ssd\/","title":{"rendered":"Ordinateur Portable Samsung NP964XHA-KG2ES 16&#8243; 32 GB RAM 512 GB SSD"},"content":{"rendered":"<p>Si buscas las \u00faltimas tendencias del mercado, nosotros te ayudamos. <b>Ordinateur Portable Samsung NP964XHA-KG2ES 16&#8243; 32 GB RAM 512 GB SSD<\/b> !<\/p>\n<p>L\u2019<b>ordinateur portable Samsung<\/b> pr\u00e9sente un design \u00e9l\u00e9gant en <b>gris<\/b> alliant style et fonctionnalit\u00e9 pour les utilisateurs professionnels exigeants. Il int\u00e8gre un <b>processeur Intel<\/b> de derni\u00e8re g\u00e9n\u00e9ration assurant des performances puissantes et stables, id\u00e9al pour le multit\u00e2che, l\u2019\u00e9dition avanc\u00e9e et les applications n\u00e9cessitant une forte capacit\u00e9 de calcul. Son <b>\u00e9cran de 16 pouces<\/b> offre un espace visuel large et confortable pour travailler sur documents, contenus multim\u00e9dias ou logiciels sp\u00e9cialis\u00e9s, am\u00e9liorant la productivit\u00e9 sans compromettre la portabilit\u00e9. Il dispose de <b>32 Go de RAM<\/b>, garantissant une r\u00e9activit\u00e9 rapide m\u00eame sous charges intensives ou avec plusieurs applications ouvertes simultan\u00e9ment. C\u00f4t\u00e9 stockage, il est \u00e9quip\u00e9 d\u2019un <b>SSD de 512 Go<\/b>, qui assure rapidit\u00e9 et efficacit\u00e9 pour l\u2019acc\u00e8s aux fichiers et programmes, r\u00e9duisant les temps de chargement et optimisant l\u2019exp\u00e9rience utilisateur. Le clavier <b>QWERTY en espagnol<\/b> est con\u00e7u pour offrir confort et pr\u00e9cision \u00e0 la frappe, facilitant l\u2019usage quotidien et s\u2019adaptant aux besoins des utilisateurs hispanophones. Ce mod\u00e8le, alliant sp\u00e9cifications techniques avanc\u00e9es et format pratique, est destin\u00e9 aux professionnels recherchant puissance, rapidit\u00e9 et maniabilit\u00e9 dans un appareil fiable et bien con\u00e7u. Cet ordinateur portable Samsung repr\u00e9sente une solution polyvalente et comp\u00e9titive sur le march\u00e9 des portables haute performance.<\/p>\n<ul>\n<li>Tipo de enchufe: enchufe UE<\/li>\n<li>Tipo de memoria:\n<ul>\n<li>SDRAM<\/li>\n<li>LPDDR5X<\/li>\n<\/ul>\n<\/li>\n<li>Clavier: Espagnol Qwerty<\/li>\n<li>Tipo:\n<ul>\n<li>Ordinateur Portable<\/li>\n<li>Clavier num\u00e9rique<\/li>\n<\/ul>\n<\/li>\n<li>Producto enchufable: S\u00ed<\/li>\n<li>Diagonale de l&#8217;\u00e9cran (cm): 40,6 cm<\/li>\n<li>Bloc d\u2019Alimentation: r\u00e9seau \u00e9lectrique<\/li>\n<li>Color: Gris<\/li>\n<li>Type d&#8217;unit\u00e9 optique: Non<\/li>\n<li>Incluye:\n<ul>\n<li>C\u00e1mara web<\/li>\n<li>SSD x 1<\/li>\n<\/ul>\n<\/li>\n<li>Tarjetas de memoria compatibles: MicroSD (TransFlash),MicroSDHC,MicroSDXC<\/li>\n<li>Indice de r\u00e9parabilit\u00e9: 8.7<\/li>\n<li>Syst\u00e8me d&#8217;exploitation: Windows 11 Pro<\/li>\n<li>Type de stockage: SSD<\/li>\n<li>Conectividad: Bluetooth<\/li>\n<li>Conexiones:\n<ul>\n<li>HDMI<\/li>\n<li>2<\/li>\n<li>HDMI 2.1 x 1<\/li>\n<li>Thunderbolt 4 x 2<\/li>\n<li>C\u00e2ble jack 3,3 mm<\/li>\n<\/ul>\n<\/li>\n<li>Caracter\u00edsticas:\n<ul>\n<li>Pantalla t\u00e1ctil<\/li>\n<li>C\u00e1mara frontal<\/li>\n<li>Micr\u00f3fono incorporado<\/li>\n<li>HDR<\/li>\n<li>R\u00e9tro-\u00e9clair\u00e9<\/li>\n<li>Lector de tarjetas<\/li>\n<li>4 altavoces<\/li>\n<li>Lector de huellas dactilares<\/li>\n<li>Adaptateur graphique int\u00e9gr\u00e9<\/li>\n<\/ul>\n<\/li>\n<li>Ecran: 16&#8243;<\/li>\n<li>Procesador:\n<ul>\n<li>Intel Core Ultra 7 258V<\/li>\n<li>intel core ultra 7<\/li>\n<\/ul>\n<\/li>\n<li>M\u00e9moire RAM: 32 GB RAM<\/li>\n<li>Disque dur: 512 GB SSD<\/li>\n<li>Rapport d&#8217;aspect: 16:10<\/li>\n<li>Cache: 12 MB<\/li>\n<li>Frecuencia:\n<ul>\n<li>50 - 60 Hz<\/li>\n<li>120 Hz<\/li>\n<li>4,8 GHz<\/li>\n<\/ul>\n<\/li>\n<li>puissance: 65 W<\/li>\n<li>C\u00e1mara: 2 Mp<\/li>\n<li>Tecnolog\u00eda:\n<ul>\n<li>AMOLED<\/li>\n<li>Dolby Atmos<\/li>\n<\/ul>\n<\/li>\n<li>Tensi\u00f3n: 100 - 240 V<\/li>\n<li>Non Inclus:\n<ul>\n<li>Type d&#8217;unit\u00e9 optique<\/li>\n<li>Adaptateur AC<\/li>\n<li>Conexi\u00f3n a la red m\u00f3vil<\/li>\n<li>Adaptateur graphique discret<\/li>\n<\/ul>\n<\/li>\n<li>Flux lumineux: 400 lm<\/li>\n<li>Pr\u00e9cision (humidit\u00e9 relative): 20 % &#8211; 80 %<\/li>\n<li>Resoluci\u00f3n:\n<ul>\n<li>2880 x 1800 px<\/li>\n<li>WQXGA+<\/li>\n<\/ul>\n<\/li>\n<li>N\u00facleos: 8 n\u00facleos<\/li>\n<li>Famille de processeurs: Intel<\/li>\n<li>Resoluci\u00f3n (px): 1920 x 1080 px<\/li>\n<li>Autonomie approx.: 21 heures<\/li>\n<\/ul>","protected":false},"excerpt":{"rendered":"<p>Si vous \u00eates \u00e0 la recherche de nouvelles tendances sur le march\u00e9, nous vous pr\u00e9sentons Ordinateur Portable Samsung NP964XHA-KG2ES 16&#8243;<\/p>","protected":false},"featured_media":4382829,"comment_status":"open","ping_status":"closed","template":"","meta":{"_joinchat":[]},"product_brand":[157883],"product_cat":[157516,157583,155043],"product_tag":[157514,157515],"class_list":{"0":"post-4382831","1":"product","2":"type-product","3":"status-publish","4":"has-post-thumbnail","6":"product_brand-brandp_576","7":"product_cat-informatique-electronique","8":"product_cat-informatique-ordinateurs","9":"product_cat-notebooks","10":"product_tag-tag_933","11":"product_tag-tag_1295","13":"first","14":"instock","15":"taxable","16":"shipping-taxable","17":"purchasable","18":"product-type-simple"},"yoast_head":"<!-- This site is optimized with the Yoast SEO plugin v27.2 - https:\/\/yoast.com\/product\/yoast-seo-wordpress\/ -->\n<title>Ordinateur Portable Samsung NP964XHA-KG2ES 16&quot; 32 GB RAM 512 GB SSD - Tupique<\/title>\n<meta name=\"description\" content=\"Vous cherchez Ordinateur Portable Samsung NP964XHA-KG2ES 16&quot; 32 GB RAM 512 GB SSD ? Achetez des produits chez Tupique. Profitez de la livraison gratuite pour obtenir Ordinateur Portable Samsung NP964XHA-KG2ES 16&quot; 32 GB RAM 512 GB SSD d\u00e8s maintenant.\" \/>\n<meta name=\"robots\" content=\"index, follow, max-snippet:-1, max-image-preview:large, max-video-preview:-1\" \/>\n<link rel=\"canonical\" href=\"https:\/\/tupique.com\/es\/producto\/ordinateur-portable-samsung-np964xha-kg2es-16-32-gb-ram-512-gb-ssd\/\" \/>\n<meta property=\"og:locale\" content=\"es_ES\" \/>\n<meta property=\"og:type\" content=\"article\" \/>\n<meta property=\"og:title\" content=\"Ordinateur Portable Samsung NP964XHA-KG2ES 16&quot; 32 GB RAM 512 GB SSD - Tupique\" \/>\n<meta property=\"og:description\" content=\"Vous cherchez Ordinateur Portable Samsung NP964XHA-KG2ES 16&quot; 32 GB RAM 512 GB SSD ? Achetez des produits chez Tupique. Profitez de la livraison gratuite pour obtenir Ordinateur Portable Samsung NP964XHA-KG2ES 16&quot; 32 GB RAM 512 GB SSD d\u00e8s maintenant.\" \/>\n<meta property=\"og:url\" content=\"https:\/\/tupique.com\/es\/producto\/ordinateur-portable-samsung-np964xha-kg2es-16-32-gb-ram-512-gb-ssd\/\" \/>\n<meta property=\"og:site_name\" content=\"Tupique\" \/>\n<meta name=\"twitter:card\" content=\"summary_large_image\" \/>\n<meta name=\"twitter:label1\" content=\"Tiempo de lectura\" \/>\n\t<meta name=\"twitter:data1\" content=\"2 minutos\" \/>\n<script type=\"application\/ld+json\" class=\"yoast-schema-graph\">{\"@context\":\"https:\/\/schema.org\",\"@graph\":[{\"@type\":\"WebPage\",\"@id\":\"https:\/\/tupique.com\/produit\/ordinateur-portable-samsung-np964xha-kg2es-16-32-gb-ram-512-gb-ssd\/\",\"url\":\"https:\/\/tupique.com\/produit\/ordinateur-portable-samsung-np964xha-kg2es-16-32-gb-ram-512-gb-ssd\/\",\"name\":\"Ordinateur Portable Samsung NP964XHA-KG2ES 16\\\" 32 GB RAM 512 GB SSD - Tupique\",\"isPartOf\":{\"@id\":\"https:\/\/tupique.com\/#website\"},\"primaryImageOfPage\":{\"@id\":\"https:\/\/tupique.com\/produit\/ordinateur-portable-samsung-np964xha-kg2es-16-32-gb-ram-512-gb-ssd\/#primaryimage\"},\"image\":{\"@id\":\"https:\/\/tupique.com\/produit\/ordinateur-portable-samsung-np964xha-kg2es-16-32-gb-ram-512-gb-ssd\/#primaryimage\"},\"thumbnailUrl\":\"https:\/\/tupique.com\/wp-content\/uploads\/2026\/04\/8806097034025_I00.jpg\",\"datePublished\":\"2026-04-08T01:58:39+00:00\",\"description\":\"Vous cherchez Ordinateur Portable Samsung NP964XHA-KG2ES 16\\\" 32 GB RAM 512 GB SSD ? Achetez des produits chez Tupique. Profitez de la livraison gratuite pour obtenir Ordinateur Portable Samsung NP964XHA-KG2ES 16\\\" 32 GB RAM 512 GB SSD d\u00e8s maintenant.\",\"breadcrumb\":{\"@id\":\"https:\/\/tupique.com\/produit\/ordinateur-portable-samsung-np964xha-kg2es-16-32-gb-ram-512-gb-ssd\/#breadcrumb\"},\"inLanguage\":\"es\",\"potentialAction\":[{\"@type\":\"ReadAction\",\"target\":[\"https:\/\/tupique.com\/produit\/ordinateur-portable-samsung-np964xha-kg2es-16-32-gb-ram-512-gb-ssd\/\"]}]},{\"@type\":\"ImageObject\",\"inLanguage\":\"es\",\"@id\":\"https:\/\/tupique.com\/produit\/ordinateur-portable-samsung-np964xha-kg2es-16-32-gb-ram-512-gb-ssd\/#primaryimage\",\"url\":\"https:\/\/tupique.com\/wp-content\/uploads\/2026\/04\/8806097034025_I00.jpg\",\"contentUrl\":\"https:\/\/tupique.com\/wp-content\/uploads\/2026\/04\/8806097034025_I00.jpg\",\"width\":1200,\"height\":1200,\"caption\":\"S55297204_0\"},{\"@type\":\"BreadcrumbList\",\"@id\":\"https:\/\/tupique.com\/produit\/ordinateur-portable-samsung-np964xha-kg2es-16-32-gb-ram-512-gb-ssd\/#breadcrumb\",\"itemListElement\":[{\"@type\":\"ListItem\",\"position\":1,\"name\":\"In\u00edcio\",\"item\":\"https:\/\/tupique.com\/\"},{\"@type\":\"ListItem\",\"position\":2,\"name\":\"Boutique\",\"item\":\"https:\/\/tupique.com\/en\/boutique\/\"},{\"@type\":\"ListItem\",\"position\":3,\"name\":\"Ordinateur Portable Samsung NP964XHA-KG2ES 16&#8243; 32 GB RAM 512 GB SSD\"}]},{\"@type\":\"WebSite\",\"@id\":\"https:\/\/tupique.com\/#website\",\"url\":\"https:\/\/tupique.com\/\",\"name\":\"Tupique\",\"description\":\"Marketplace\",\"publisher\":{\"@id\":\"https:\/\/tupique.com\/#organization\"},\"potentialAction\":[{\"@type\":\"SearchAction\",\"target\":{\"@type\":\"EntryPoint\",\"urlTemplate\":\"https:\/\/tupique.com\/?s={search_term_string}\"},\"query-input\":{\"@type\":\"PropertyValueSpecification\",\"valueRequired\":true,\"valueName\":\"search_term_string\"}}],\"inLanguage\":\"es\"},{\"@type\":\"Organization\",\"@id\":\"https:\/\/tupique.com\/#organization\",\"name\":\"Tupique\",\"url\":\"https:\/\/tupique.com\/\",\"logo\":{\"@type\":\"ImageObject\",\"inLanguage\":\"es\",\"@id\":\"https:\/\/tupique.com\/#\/schema\/logo\/image\/\",\"url\":\"https:\/\/tupique.com\/wp-content\/uploads\/2024\/09\/logo.png\",\"contentUrl\":\"https:\/\/tupique.com\/wp-content\/uploads\/2024\/09\/logo.png\",\"width\":1118,\"height\":310,\"caption\":\"Tupique\"},\"image\":{\"@id\":\"https:\/\/tupique.com\/#\/schema\/logo\/image\/\"}}]}<\/script>\n<!-- \/ Yoast SEO plugin. -->","yoast_head_json":{"title":"Ordinateur Portable Samsung NP964XHA-KG2ES 16\" 32 GB RAM 512 GB SSD - Tupique","description":"Vous cherchez Ordinateur Portable Samsung NP964XHA-KG2ES 16\" 32 GB RAM 512 GB SSD ? Achetez des produits chez Tupique. Profitez de la livraison gratuite pour obtenir Ordinateur Portable Samsung NP964XHA-KG2ES 16\" 32 GB RAM 512 GB SSD d\u00e8s maintenant.","robots":{"index":"index","follow":"follow","max-snippet":"max-snippet:-1","max-image-preview":"max-image-preview:large","max-video-preview":"max-video-preview:-1"},"canonical":"https:\/\/tupique.com\/es\/producto\/ordinateur-portable-samsung-np964xha-kg2es-16-32-gb-ram-512-gb-ssd\/","og_locale":"es_ES","og_type":"article","og_title":"Ordinateur Portable Samsung NP964XHA-KG2ES 16\" 32 GB RAM 512 GB SSD - Tupique","og_description":"Vous cherchez Ordinateur Portable Samsung NP964XHA-KG2ES 16\" 32 GB RAM 512 GB SSD ? Achetez des produits chez Tupique. Profitez de la livraison gratuite pour obtenir Ordinateur Portable Samsung NP964XHA-KG2ES 16\" 32 GB RAM 512 GB SSD d\u00e8s maintenant.","og_url":"https:\/\/tupique.com\/es\/producto\/ordinateur-portable-samsung-np964xha-kg2es-16-32-gb-ram-512-gb-ssd\/","og_site_name":"Tupique","twitter_card":"summary_large_image","twitter_misc":{"Tiempo de lectura":"2 minutos"},"schema":{"@context":"https:\/\/schema.org","@graph":[{"@type":"WebPage","@id":"https:\/\/tupique.com\/produit\/ordinateur-portable-samsung-np964xha-kg2es-16-32-gb-ram-512-gb-ssd\/","url":"https:\/\/tupique.com\/produit\/ordinateur-portable-samsung-np964xha-kg2es-16-32-gb-ram-512-gb-ssd\/","name":"Ordinateur Portable Samsung NP964XHA-KG2ES 16\" 32 GB RAM 512 GB SSD - Tupique","isPartOf":{"@id":"https:\/\/tupique.com\/#website"},"primaryImageOfPage":{"@id":"https:\/\/tupique.com\/produit\/ordinateur-portable-samsung-np964xha-kg2es-16-32-gb-ram-512-gb-ssd\/#primaryimage"},"image":{"@id":"https:\/\/tupique.com\/produit\/ordinateur-portable-samsung-np964xha-kg2es-16-32-gb-ram-512-gb-ssd\/#primaryimage"},"thumbnailUrl":"https:\/\/tupique.com\/wp-content\/uploads\/2026\/04\/8806097034025_I00.jpg","datePublished":"2026-04-08T01:58:39+00:00","description":"Vous cherchez Ordinateur Portable Samsung NP964XHA-KG2ES 16\" 32 GB RAM 512 GB SSD ? Achetez des produits chez Tupique. Profitez de la livraison gratuite pour obtenir Ordinateur Portable Samsung NP964XHA-KG2ES 16\" 32 GB RAM 512 GB SSD d\u00e8s maintenant.","breadcrumb":{"@id":"https:\/\/tupique.com\/produit\/ordinateur-portable-samsung-np964xha-kg2es-16-32-gb-ram-512-gb-ssd\/#breadcrumb"},"inLanguage":"es","potentialAction":[{"@type":"ReadAction","target":["https:\/\/tupique.com\/produit\/ordinateur-portable-samsung-np964xha-kg2es-16-32-gb-ram-512-gb-ssd\/"]}]},{"@type":"ImageObject","inLanguage":"es","@id":"https:\/\/tupique.com\/produit\/ordinateur-portable-samsung-np964xha-kg2es-16-32-gb-ram-512-gb-ssd\/#primaryimage","url":"https:\/\/tupique.com\/wp-content\/uploads\/2026\/04\/8806097034025_I00.jpg","contentUrl":"https:\/\/tupique.com\/wp-content\/uploads\/2026\/04\/8806097034025_I00.jpg","width":1200,"height":1200,"caption":"S55297204_0"},{"@type":"BreadcrumbList","@id":"https:\/\/tupique.com\/produit\/ordinateur-portable-samsung-np964xha-kg2es-16-32-gb-ram-512-gb-ssd\/#breadcrumb","itemListElement":[{"@type":"ListItem","position":1,"name":"In\u00edcio","item":"https:\/\/tupique.com\/"},{"@type":"ListItem","position":2,"name":"Boutique","item":"https:\/\/tupique.com\/en\/boutique\/"},{"@type":"ListItem","position":3,"name":"Ordinateur Portable Samsung NP964XHA-KG2ES 16&#8243; 32 GB RAM 512 GB SSD"}]},{"@type":"WebSite","@id":"https:\/\/tupique.com\/#website","url":"https:\/\/tupique.com\/","name":"Tupique","description":"Marketplace","publisher":{"@id":"https:\/\/tupique.com\/#organization"},"potentialAction":[{"@type":"SearchAction","target":{"@type":"EntryPoint","urlTemplate":"https:\/\/tupique.com\/?s={search_term_string}"},"query-input":{"@type":"PropertyValueSpecification","valueRequired":true,"valueName":"search_term_string"}}],"inLanguage":"es"},{"@type":"Organization","@id":"https:\/\/tupique.com\/#organization","name":"Tupique","url":"https:\/\/tupique.com\/","logo":{"@type":"ImageObject","inLanguage":"es","@id":"https:\/\/tupique.com\/#\/schema\/logo\/image\/","url":"https:\/\/tupique.com\/wp-content\/uploads\/2024\/09\/logo.png","contentUrl":"https:\/\/tupique.com\/wp-content\/uploads\/2024\/09\/logo.png","width":1118,"height":310,"caption":"Tupique"},"image":{"@id":"https:\/\/tupique.com\/#\/schema\/logo\/image\/"}}]}},"jetpack_sharing_enabled":true,"_links":{"self":[{"href":"https:\/\/tupique.com\/es\/wp-json\/wp\/v2\/product\/4382831","targetHints":{"allow":["GET"]}}],"collection":[{"href":"https:\/\/tupique.com\/es\/wp-json\/wp\/v2\/product"}],"about":[{"href":"https:\/\/tupique.com\/es\/wp-json\/wp\/v2\/types\/product"}],"replies":[{"embeddable":true,"href":"https:\/\/tupique.com\/es\/wp-json\/wp\/v2\/comments?post=4382831"}],"wp:featuredmedia":[{"embeddable":true,"href":"https:\/\/tupique.com\/es\/wp-json\/wp\/v2\/media\/4382829"}],"wp:attachment":[{"href":"https:\/\/tupique.com\/es\/wp-json\/wp\/v2\/media?parent=4382831"}],"wp:term":[{"taxonomy":"product_brand","embeddable":true,"href":"https:\/\/tupique.com\/es\/wp-json\/wp\/v2\/product_brand?post=4382831"},{"taxonomy":"product_cat","embeddable":true,"href":"https:\/\/tupique.com\/es\/wp-json\/wp\/v2\/product_cat?post=4382831"},{"taxonomy":"product_tag","embeddable":true,"href":"https:\/\/tupique.com\/es\/wp-json\/wp\/v2\/product_tag?post=4382831"}],"curies":[{"name":"wp","href":"https:\/\/api.w.org\/{rel}","templated":true}]}}