{"id":4382985,"date":"2026-04-08T03:57:24","date_gmt":"2026-04-08T02:57:24","guid":{"rendered":"https:\/\/tupique.com\/produit\/intercom-stilo-dg20-intercom\/"},"modified":"2026-04-08T03:57:24","modified_gmt":"2026-04-08T02:57:24","slug":"intercom-stilo-dg20-intercom","status":"publish","type":"product","link":"https:\/\/tupique.com\/es\/producto\/intercom-stilo-dg20-intercom\/","title":{"rendered":"Intercom Stilo DG20 INTERCOM"},"content":{"rendered":"<p>Si buscas las \u00faltimas tendencias del mercado, nosotros te ayudamos. <b>Intercom Stilo DG20 INTERCOM<\/b> !<\/p>","protected":false},"excerpt":{"rendered":"<p>Si vous \u00eates \u00e0 la recherche de nouvelles tendances sur le march\u00e9, nous vous pr\u00e9sentons Intercom Stilo DG20 INTERCOM !<\/p>","protected":false},"featured_media":4382984,"comment_status":"open","ping_status":"closed","template":"","meta":{"_joinchat":[]},"product_brand":[158254],"product_cat":[157943,157516,158114],"product_tag":[],"class_list":{"0":"post-4382985","1":"product","2":"type-product","3":"status-publish","4":"has-post-thumbnail","6":"product_brand-brandp_4760","7":"product_cat-electronique-son","8":"product_cat-informatique-electronique","9":"product_cat-radio-cd","11":"first","12":"outofstock","13":"taxable","14":"shipping-taxable","15":"purchasable","16":"product-type-simple"},"yoast_head":"<!-- This site is optimized with the Yoast SEO plugin v27.2 - https:\/\/yoast.com\/product\/yoast-seo-wordpress\/ -->\n<title>Intercom Stilo DG20 INTERCOM - Tupique<\/title>\n<meta name=\"description\" content=\"Vous cherchez Intercom Stilo DG20 INTERCOM ? Achetez des produits chez Tupique. Profitez de la livraison gratuite pour obtenir Intercom Stilo DG20 INTERCOM d\u00e8s maintenant.\" \/>\n<meta name=\"robots\" content=\"index, follow, max-snippet:-1, max-image-preview:large, max-video-preview:-1\" \/>\n<link rel=\"canonical\" href=\"https:\/\/tupique.com\/es\/producto\/intercom-stilo-dg20-intercom\/\" \/>\n<meta property=\"og:locale\" content=\"es_ES\" \/>\n<meta property=\"og:type\" content=\"article\" \/>\n<meta property=\"og:title\" content=\"Intercom Stilo DG20 INTERCOM - Tupique\" \/>\n<meta property=\"og:description\" content=\"Vous cherchez Intercom Stilo DG20 INTERCOM ? Achetez des produits chez Tupique. Profitez de la livraison gratuite pour obtenir Intercom Stilo DG20 INTERCOM d\u00e8s maintenant.\" \/>\n<meta property=\"og:url\" content=\"https:\/\/tupique.com\/es\/producto\/intercom-stilo-dg20-intercom\/\" \/>\n<meta property=\"og:site_name\" content=\"Tupique\" \/>\n<meta name=\"twitter:card\" content=\"summary_large_image\" \/>\n<script type=\"application\/ld+json\" class=\"yoast-schema-graph\">{\"@context\":\"https:\/\/schema.org\",\"@graph\":[{\"@type\":\"WebPage\",\"@id\":\"https:\/\/tupique.com\/produit\/intercom-stilo-dg20-intercom\/\",\"url\":\"https:\/\/tupique.com\/produit\/intercom-stilo-dg20-intercom\/\",\"name\":\"Intercom Stilo DG20 INTERCOM - Tupique\",\"isPartOf\":{\"@id\":\"https:\/\/tupique.com\/#website\"},\"primaryImageOfPage\":{\"@id\":\"https:\/\/tupique.com\/produit\/intercom-stilo-dg20-intercom\/#primaryimage\"},\"image\":{\"@id\":\"https:\/\/tupique.com\/produit\/intercom-stilo-dg20-intercom\/#primaryimage\"},\"thumbnailUrl\":\"https:\/\/tupique.com\/wp-content\/uploads\/2026\/04\/8055304392285_S37116979_P00.jpg\",\"datePublished\":\"2026-04-08T02:57:24+00:00\",\"description\":\"Vous cherchez Intercom Stilo DG20 INTERCOM ? Achetez des produits chez Tupique. Profitez de la livraison gratuite pour obtenir Intercom Stilo DG20 INTERCOM d\u00e8s maintenant.\",\"breadcrumb\":{\"@id\":\"https:\/\/tupique.com\/produit\/intercom-stilo-dg20-intercom\/#breadcrumb\"},\"inLanguage\":\"es\",\"potentialAction\":[{\"@type\":\"ReadAction\",\"target\":[\"https:\/\/tupique.com\/produit\/intercom-stilo-dg20-intercom\/\"]}]},{\"@type\":\"ImageObject\",\"inLanguage\":\"es\",\"@id\":\"https:\/\/tupique.com\/produit\/intercom-stilo-dg20-intercom\/#primaryimage\",\"url\":\"https:\/\/tupique.com\/wp-content\/uploads\/2026\/04\/8055304392285_S37116979_P00.jpg\",\"contentUrl\":\"https:\/\/tupique.com\/wp-content\/uploads\/2026\/04\/8055304392285_S37116979_P00.jpg\",\"width\":1200,\"height\":1200,\"caption\":\"S37116979_0\"},{\"@type\":\"BreadcrumbList\",\"@id\":\"https:\/\/tupique.com\/produit\/intercom-stilo-dg20-intercom\/#breadcrumb\",\"itemListElement\":[{\"@type\":\"ListItem\",\"position\":1,\"name\":\"In\u00edcio\",\"item\":\"https:\/\/tupique.com\/\"},{\"@type\":\"ListItem\",\"position\":2,\"name\":\"Boutique\",\"item\":\"https:\/\/tupique.com\/en\/boutique\/\"},{\"@type\":\"ListItem\",\"position\":3,\"name\":\"Intercom Stilo DG20 INTERCOM\"}]},{\"@type\":\"WebSite\",\"@id\":\"https:\/\/tupique.com\/#website\",\"url\":\"https:\/\/tupique.com\/\",\"name\":\"Tupique\",\"description\":\"Marketplace\",\"publisher\":{\"@id\":\"https:\/\/tupique.com\/#organization\"},\"potentialAction\":[{\"@type\":\"SearchAction\",\"target\":{\"@type\":\"EntryPoint\",\"urlTemplate\":\"https:\/\/tupique.com\/?s={search_term_string}\"},\"query-input\":{\"@type\":\"PropertyValueSpecification\",\"valueRequired\":true,\"valueName\":\"search_term_string\"}}],\"inLanguage\":\"es\"},{\"@type\":\"Organization\",\"@id\":\"https:\/\/tupique.com\/#organization\",\"name\":\"Tupique\",\"url\":\"https:\/\/tupique.com\/\",\"logo\":{\"@type\":\"ImageObject\",\"inLanguage\":\"es\",\"@id\":\"https:\/\/tupique.com\/#\/schema\/logo\/image\/\",\"url\":\"https:\/\/tupique.com\/wp-content\/uploads\/2024\/09\/logo.png\",\"contentUrl\":\"https:\/\/tupique.com\/wp-content\/uploads\/2024\/09\/logo.png\",\"width\":1118,\"height\":310,\"caption\":\"Tupique\"},\"image\":{\"@id\":\"https:\/\/tupique.com\/#\/schema\/logo\/image\/\"}}]}<\/script>\n<!-- \/ Yoast SEO plugin. -->","yoast_head_json":{"title":"Intercom Stilo DG20 INTERCOM - Tupique","description":"Vous cherchez Intercom Stilo DG20 INTERCOM ? Achetez des produits chez Tupique. Profitez de la livraison gratuite pour obtenir Intercom Stilo DG20 INTERCOM d\u00e8s maintenant.","robots":{"index":"index","follow":"follow","max-snippet":"max-snippet:-1","max-image-preview":"max-image-preview:large","max-video-preview":"max-video-preview:-1"},"canonical":"https:\/\/tupique.com\/es\/producto\/intercom-stilo-dg20-intercom\/","og_locale":"es_ES","og_type":"article","og_title":"Intercom Stilo DG20 INTERCOM - Tupique","og_description":"Vous cherchez Intercom Stilo DG20 INTERCOM ? Achetez des produits chez Tupique. Profitez de la livraison gratuite pour obtenir Intercom Stilo DG20 INTERCOM d\u00e8s maintenant.","og_url":"https:\/\/tupique.com\/es\/producto\/intercom-stilo-dg20-intercom\/","og_site_name":"Tupique","twitter_card":"summary_large_image","schema":{"@context":"https:\/\/schema.org","@graph":[{"@type":"WebPage","@id":"https:\/\/tupique.com\/produit\/intercom-stilo-dg20-intercom\/","url":"https:\/\/tupique.com\/produit\/intercom-stilo-dg20-intercom\/","name":"Intercom Stilo DG20 INTERCOM - Tupique","isPartOf":{"@id":"https:\/\/tupique.com\/#website"},"primaryImageOfPage":{"@id":"https:\/\/tupique.com\/produit\/intercom-stilo-dg20-intercom\/#primaryimage"},"image":{"@id":"https:\/\/tupique.com\/produit\/intercom-stilo-dg20-intercom\/#primaryimage"},"thumbnailUrl":"https:\/\/tupique.com\/wp-content\/uploads\/2026\/04\/8055304392285_S37116979_P00.jpg","datePublished":"2026-04-08T02:57:24+00:00","description":"Vous cherchez Intercom Stilo DG20 INTERCOM ? Achetez des produits chez Tupique. Profitez de la livraison gratuite pour obtenir Intercom Stilo DG20 INTERCOM d\u00e8s maintenant.","breadcrumb":{"@id":"https:\/\/tupique.com\/produit\/intercom-stilo-dg20-intercom\/#breadcrumb"},"inLanguage":"es","potentialAction":[{"@type":"ReadAction","target":["https:\/\/tupique.com\/produit\/intercom-stilo-dg20-intercom\/"]}]},{"@type":"ImageObject","inLanguage":"es","@id":"https:\/\/tupique.com\/produit\/intercom-stilo-dg20-intercom\/#primaryimage","url":"https:\/\/tupique.com\/wp-content\/uploads\/2026\/04\/8055304392285_S37116979_P00.jpg","contentUrl":"https:\/\/tupique.com\/wp-content\/uploads\/2026\/04\/8055304392285_S37116979_P00.jpg","width":1200,"height":1200,"caption":"S37116979_0"},{"@type":"BreadcrumbList","@id":"https:\/\/tupique.com\/produit\/intercom-stilo-dg20-intercom\/#breadcrumb","itemListElement":[{"@type":"ListItem","position":1,"name":"In\u00edcio","item":"https:\/\/tupique.com\/"},{"@type":"ListItem","position":2,"name":"Boutique","item":"https:\/\/tupique.com\/en\/boutique\/"},{"@type":"ListItem","position":3,"name":"Intercom Stilo DG20 INTERCOM"}]},{"@type":"WebSite","@id":"https:\/\/tupique.com\/#website","url":"https:\/\/tupique.com\/","name":"Tupique","description":"Marketplace","publisher":{"@id":"https:\/\/tupique.com\/#organization"},"potentialAction":[{"@type":"SearchAction","target":{"@type":"EntryPoint","urlTemplate":"https:\/\/tupique.com\/?s={search_term_string}"},"query-input":{"@type":"PropertyValueSpecification","valueRequired":true,"valueName":"search_term_string"}}],"inLanguage":"es"},{"@type":"Organization","@id":"https:\/\/tupique.com\/#organization","name":"Tupique","url":"https:\/\/tupique.com\/","logo":{"@type":"ImageObject","inLanguage":"es","@id":"https:\/\/tupique.com\/#\/schema\/logo\/image\/","url":"https:\/\/tupique.com\/wp-content\/uploads\/2024\/09\/logo.png","contentUrl":"https:\/\/tupique.com\/wp-content\/uploads\/2024\/09\/logo.png","width":1118,"height":310,"caption":"Tupique"},"image":{"@id":"https:\/\/tupique.com\/#\/schema\/logo\/image\/"}}]}},"jetpack_sharing_enabled":true,"_links":{"self":[{"href":"https:\/\/tupique.com\/es\/wp-json\/wp\/v2\/product\/4382985","targetHints":{"allow":["GET"]}}],"collection":[{"href":"https:\/\/tupique.com\/es\/wp-json\/wp\/v2\/product"}],"about":[{"href":"https:\/\/tupique.com\/es\/wp-json\/wp\/v2\/types\/product"}],"replies":[{"embeddable":true,"href":"https:\/\/tupique.com\/es\/wp-json\/wp\/v2\/comments?post=4382985"}],"wp:featuredmedia":[{"embeddable":true,"href":"https:\/\/tupique.com\/es\/wp-json\/wp\/v2\/media\/4382984"}],"wp:attachment":[{"href":"https:\/\/tupique.com\/es\/wp-json\/wp\/v2\/media?parent=4382985"}],"wp:term":[{"taxonomy":"product_brand","embeddable":true,"href":"https:\/\/tupique.com\/es\/wp-json\/wp\/v2\/product_brand?post=4382985"},{"taxonomy":"product_cat","embeddable":true,"href":"https:\/\/tupique.com\/es\/wp-json\/wp\/v2\/product_cat?post=4382985"},{"taxonomy":"product_tag","embeddable":true,"href":"https:\/\/tupique.com\/es\/wp-json\/wp\/v2\/product_tag?post=4382985"}],"curies":[{"name":"wp","href":"https:\/\/api.w.org\/{rel}","templated":true}]}}