{"id":4383045,"date":"2026-04-08T03:58:34","date_gmt":"2026-04-08T02:58:34","guid":{"rendered":"https:\/\/tupique.com\/produit\/serum-anti-age-chanel-sublimage-30-ml\/"},"modified":"2026-04-08T03:58:34","modified_gmt":"2026-04-08T02:58:34","slug":"serum-anti-age-chanel-sublimage-30-ml","status":"publish","type":"product","link":"https:\/\/tupique.com\/es\/producto\/serum-anti-age-chanel-sublimage-30-ml\/","title":{"rendered":"S\u00e9rum anti-\u00e2ge Chanel SUBLIMAGE 30 ml"},"content":{"rendered":"<\/p>\n<p><b>S\u00e9rum anti-\u00e2ge Chanel SUBLIMAGE 30 ml<\/b> est un produit de qualit\u00e9 con\u00e7u pour les personnes exigeantes qui prennent soin de leur image et recherchent les meilleurs cosm\u00e9tiques pour mettre en valeur leur beaut\u00e9. Si vous en faites partie, les produits 100 % originaux <b>Chanel<\/b> sont faits pour vous.<\/p>\n<p>Le <b>S\u00e9rum Anti\u2011\u00c2ge SUBLIMAGE<\/b> de <b>Chanel<\/b> est un soin de luxe formul\u00e9 pour celles qui souhaitent prot\u00e9ger et revitaliser leur peau avec une efficacit\u00e9 maximale. Ce <b>s\u00e9rum<\/b> est pr\u00e9sent\u00e9 dans un flacon de <b>30 ml<\/b> avec pompe doseuse pour une application pr\u00e9cise et hygi\u00e9nique, adapt\u00e9 \u00e0 <b>tous les types de peau<\/b>, m\u00eame les plus sensibles. \u00c9labor\u00e9 en <b>France<\/b>, il int\u00e8gre une s\u00e9lection avanc\u00e9e d\u2019ingr\u00e9dients, parmi lesquels l\u2019<b>extrait de graine de seigle (Secale cereale)<\/b>, reconnu pour ses propri\u00e9t\u00e9s raffermissantes, l\u2019<b>acide hyaluronique (Sodium hyaluronate)<\/b> pour une hydratation intense et durable, ainsi que l\u2019<b>extrait de vanille planifolia<\/b>, qui aide \u00e0 combattre les signes du vieillissement. Sa formule contient \u00e9galement du <b>tocopherol (vitamine E)<\/b> et du <b>palmitoyl tetrapeptide-7<\/b>, actifs appr\u00e9ci\u00e9s en cosm\u00e9tique haut de gamme pour leur pouvoir antioxydant et leur capacit\u00e9 \u00e0 stimuler la r\u00e9g\u00e9n\u00e9ration cellulaire, contribuant \u00e0 une peau plus uniforme et lumineuse. D\u2019autres ingr\u00e9dients comme le <b>propanediol<\/b>, el <b>glyc\u00e9rine<\/b> y el <b>camellia oleifera seed oil<\/b> renforcent l\u2019hydratation et l\u2019\u00e9lasticit\u00e9 de la peau, tandis que le parfum subtil offre une exp\u00e9rience sensorielle raffin\u00e9e sans \u00eatre envahissant. Con\u00e7u pour un public f\u00e9minin, son association \u00e9quilibr\u00e9e et avanc\u00e9e le rend id\u00e9al pour les routines de jour comme de nuit, r\u00e9pondant aux attentes des utilisatrices en qu\u00eate d\u2019une solution visible et continue contre les signes de l\u2019\u00e2ge et la perte de fermet\u00e9. Chanel SUBLIMAGE S\u00e9rum Anti\u2011\u00c2ge offre des r\u00e9sultats visibles sur la texture, la luminosit\u00e9 et la vitalit\u00e9 de la peau, et s\u2019impose comme une r\u00e9f\u00e9rence du soin visage haut de gamme.<\/p>\n<ul>\n<li>G\u00e9nero: Mujer<\/li>\n<li>Texture: S\u00e9rum<\/li>\n<li>Inclut: Doseur<\/li>\n<li>Ingr\u00e9dients:\n<ul>\n<li>Potassium sorbate<\/li>\n<li>Propanediol<\/li>\n<li>Propylene glycol<\/li>\n<li>Secale cereale (rye) seed extract<\/li>\n<li>Sodium hyaluronate<\/li>\n<li>Sodium benzoate<\/li>\n<li>Sodium citrate<\/li>\n<li>Sodium hydroxide<\/li>\n<li>Sodium pca<\/li>\n<li>Tocopherol<\/li>\n<li>Water (Aqua)<\/li>\n<li>Acrylates\/c 10-30 alkyl acrylate crosspolymer<\/li>\n<li>Adenosine<\/li>\n<li>Arginine<\/li>\n<li>Camellia oleifera seed oil<\/li>\n<li>Caprylyl glycol<\/li>\n<li>Chlorphenesin<\/li>\n<li>Coco-caprylate<\/li>\n<li>Faex (yeast) extract<\/li>\n<li>Fragance (parfum)<\/li>\n<li>Palmitoyl tetrapeptide-7<\/li>\n<li>Pentylene glycol<\/li>\n<li>Glycerin<\/li>\n<li>Lactic acid<\/li>\n<li>Phytic acid<\/li>\n<li>Vanilla planifolia fruit extract<\/li>\n<li>2-hexanediol<\/li>\n<\/ul>\n<\/li>\n<li>Capacit\u00e9: 30 ml<\/li>\n<\/ul>","protected":false},"excerpt":{"rendered":"<p><span class=\"unit-info\">1533.3000 &euro; \/ 100 ml<\/span><\/p>","protected":false},"featured_media":4383042,"comment_status":"open","ping_status":"closed","template":"","meta":{"_joinchat":[]},"product_brand":[158256],"product_cat":[157592,158253,158085],"product_tag":[157589,158252],"class_list":{"0":"post-4383045","1":"product","2":"type-product","3":"status-publish","4":"has-post-thumbnail","6":"product_brand-brandp_344","7":"product_cat-parfum-cosmetique","8":"product_cat-serums","9":"product_cat-soin-du-visage","10":"product_tag-tag_923","11":"product_tag-tag_1280","13":"first","14":"instock","15":"taxable","16":"shipping-taxable","17":"purchasable","18":"product-type-simple"},"yoast_head":"<!-- This site is optimized with the Yoast SEO plugin v27.2 - https:\/\/yoast.com\/product\/yoast-seo-wordpress\/ -->\n<title>S\u00e9rum anti-\u00e2ge Chanel SUBLIMAGE 30 ml - Tupique<\/title>\n<meta name=\"description\" content=\"Vous cherchez S\u00e9rum anti-\u00e2ge Chanel SUBLIMAGE 30 ml ? Achetez des produits chez Tupique. Profitez de la livraison gratuite pour obtenir S\u00e9rum anti-\u00e2ge Chanel SUBLIMAGE 30 ml d\u00e8s maintenant.\" \/>\n<meta name=\"robots\" content=\"index, follow, max-snippet:-1, max-image-preview:large, max-video-preview:-1\" \/>\n<link rel=\"canonical\" href=\"https:\/\/tupique.com\/es\/producto\/serum-anti-age-chanel-sublimage-30-ml\/\" \/>\n<meta property=\"og:locale\" content=\"es_ES\" \/>\n<meta property=\"og:type\" content=\"article\" \/>\n<meta property=\"og:title\" content=\"S\u00e9rum anti-\u00e2ge Chanel SUBLIMAGE 30 ml - Tupique\" \/>\n<meta property=\"og:description\" content=\"Vous cherchez S\u00e9rum anti-\u00e2ge Chanel SUBLIMAGE 30 ml ? Achetez des produits chez Tupique. Profitez de la livraison gratuite pour obtenir S\u00e9rum anti-\u00e2ge Chanel SUBLIMAGE 30 ml d\u00e8s maintenant.\" \/>\n<meta property=\"og:url\" content=\"https:\/\/tupique.com\/es\/producto\/serum-anti-age-chanel-sublimage-30-ml\/\" \/>\n<meta property=\"og:site_name\" content=\"Tupique\" \/>\n<meta name=\"twitter:card\" content=\"summary_large_image\" \/>\n<meta name=\"twitter:label1\" content=\"Tiempo de lectura\" \/>\n\t<meta name=\"twitter:data1\" content=\"2 minutos\" \/>\n<script type=\"application\/ld+json\" class=\"yoast-schema-graph\">{\"@context\":\"https:\/\/schema.org\",\"@graph\":[{\"@type\":\"WebPage\",\"@id\":\"https:\/\/tupique.com\/produit\/serum-anti-age-chanel-sublimage-30-ml\/\",\"url\":\"https:\/\/tupique.com\/produit\/serum-anti-age-chanel-sublimage-30-ml\/\",\"name\":\"S\u00e9rum anti-\u00e2ge Chanel SUBLIMAGE 30 ml - Tupique\",\"isPartOf\":{\"@id\":\"https:\/\/tupique.com\/#website\"},\"primaryImageOfPage\":{\"@id\":\"https:\/\/tupique.com\/produit\/serum-anti-age-chanel-sublimage-30-ml\/#primaryimage\"},\"image\":{\"@id\":\"https:\/\/tupique.com\/produit\/serum-anti-age-chanel-sublimage-30-ml\/#primaryimage\"},\"thumbnailUrl\":\"https:\/\/tupique.com\/wp-content\/uploads\/2026\/04\/3145891475906_S05143664_P01.jpg\",\"datePublished\":\"2026-04-08T02:58:34+00:00\",\"description\":\"Vous cherchez S\u00e9rum anti-\u00e2ge Chanel SUBLIMAGE 30 ml ? Achetez des produits chez Tupique. Profitez de la livraison gratuite pour obtenir S\u00e9rum anti-\u00e2ge Chanel SUBLIMAGE 30 ml d\u00e8s maintenant.\",\"breadcrumb\":{\"@id\":\"https:\/\/tupique.com\/produit\/serum-anti-age-chanel-sublimage-30-ml\/#breadcrumb\"},\"inLanguage\":\"es\",\"potentialAction\":[{\"@type\":\"ReadAction\",\"target\":[\"https:\/\/tupique.com\/produit\/serum-anti-age-chanel-sublimage-30-ml\/\"]}]},{\"@type\":\"ImageObject\",\"inLanguage\":\"es\",\"@id\":\"https:\/\/tupique.com\/produit\/serum-anti-age-chanel-sublimage-30-ml\/#primaryimage\",\"url\":\"https:\/\/tupique.com\/wp-content\/uploads\/2026\/04\/3145891475906_S05143664_P01.jpg\",\"contentUrl\":\"https:\/\/tupique.com\/wp-content\/uploads\/2026\/04\/3145891475906_S05143664_P01.jpg\",\"width\":1200,\"height\":1200,\"caption\":\"S05143664_0\"},{\"@type\":\"BreadcrumbList\",\"@id\":\"https:\/\/tupique.com\/produit\/serum-anti-age-chanel-sublimage-30-ml\/#breadcrumb\",\"itemListElement\":[{\"@type\":\"ListItem\",\"position\":1,\"name\":\"In\u00edcio\",\"item\":\"https:\/\/tupique.com\/\"},{\"@type\":\"ListItem\",\"position\":2,\"name\":\"Boutique\",\"item\":\"https:\/\/tupique.com\/en\/boutique\/\"},{\"@type\":\"ListItem\",\"position\":3,\"name\":\"S\u00e9rum anti-\u00e2ge Chanel SUBLIMAGE 30 ml\"}]},{\"@type\":\"WebSite\",\"@id\":\"https:\/\/tupique.com\/#website\",\"url\":\"https:\/\/tupique.com\/\",\"name\":\"Tupique\",\"description\":\"Marketplace\",\"publisher\":{\"@id\":\"https:\/\/tupique.com\/#organization\"},\"potentialAction\":[{\"@type\":\"SearchAction\",\"target\":{\"@type\":\"EntryPoint\",\"urlTemplate\":\"https:\/\/tupique.com\/?s={search_term_string}\"},\"query-input\":{\"@type\":\"PropertyValueSpecification\",\"valueRequired\":true,\"valueName\":\"search_term_string\"}}],\"inLanguage\":\"es\"},{\"@type\":\"Organization\",\"@id\":\"https:\/\/tupique.com\/#organization\",\"name\":\"Tupique\",\"url\":\"https:\/\/tupique.com\/\",\"logo\":{\"@type\":\"ImageObject\",\"inLanguage\":\"es\",\"@id\":\"https:\/\/tupique.com\/#\/schema\/logo\/image\/\",\"url\":\"https:\/\/tupique.com\/wp-content\/uploads\/2024\/09\/logo.png\",\"contentUrl\":\"https:\/\/tupique.com\/wp-content\/uploads\/2024\/09\/logo.png\",\"width\":1118,\"height\":310,\"caption\":\"Tupique\"},\"image\":{\"@id\":\"https:\/\/tupique.com\/#\/schema\/logo\/image\/\"}}]}<\/script>\n<!-- \/ Yoast SEO plugin. -->","yoast_head_json":{"title":"S\u00e9rum anti-\u00e2ge Chanel SUBLIMAGE 30 ml - Tupique","description":"Vous cherchez S\u00e9rum anti-\u00e2ge Chanel SUBLIMAGE 30 ml ? Achetez des produits chez Tupique. Profitez de la livraison gratuite pour obtenir S\u00e9rum anti-\u00e2ge Chanel SUBLIMAGE 30 ml d\u00e8s maintenant.","robots":{"index":"index","follow":"follow","max-snippet":"max-snippet:-1","max-image-preview":"max-image-preview:large","max-video-preview":"max-video-preview:-1"},"canonical":"https:\/\/tupique.com\/es\/producto\/serum-anti-age-chanel-sublimage-30-ml\/","og_locale":"es_ES","og_type":"article","og_title":"S\u00e9rum anti-\u00e2ge Chanel SUBLIMAGE 30 ml - Tupique","og_description":"Vous cherchez S\u00e9rum anti-\u00e2ge Chanel SUBLIMAGE 30 ml ? Achetez des produits chez Tupique. Profitez de la livraison gratuite pour obtenir S\u00e9rum anti-\u00e2ge Chanel SUBLIMAGE 30 ml d\u00e8s maintenant.","og_url":"https:\/\/tupique.com\/es\/producto\/serum-anti-age-chanel-sublimage-30-ml\/","og_site_name":"Tupique","twitter_card":"summary_large_image","twitter_misc":{"Tiempo de lectura":"2 minutos"},"schema":{"@context":"https:\/\/schema.org","@graph":[{"@type":"WebPage","@id":"https:\/\/tupique.com\/produit\/serum-anti-age-chanel-sublimage-30-ml\/","url":"https:\/\/tupique.com\/produit\/serum-anti-age-chanel-sublimage-30-ml\/","name":"S\u00e9rum anti-\u00e2ge Chanel SUBLIMAGE 30 ml - Tupique","isPartOf":{"@id":"https:\/\/tupique.com\/#website"},"primaryImageOfPage":{"@id":"https:\/\/tupique.com\/produit\/serum-anti-age-chanel-sublimage-30-ml\/#primaryimage"},"image":{"@id":"https:\/\/tupique.com\/produit\/serum-anti-age-chanel-sublimage-30-ml\/#primaryimage"},"thumbnailUrl":"https:\/\/tupique.com\/wp-content\/uploads\/2026\/04\/3145891475906_S05143664_P01.jpg","datePublished":"2026-04-08T02:58:34+00:00","description":"Vous cherchez S\u00e9rum anti-\u00e2ge Chanel SUBLIMAGE 30 ml ? Achetez des produits chez Tupique. Profitez de la livraison gratuite pour obtenir S\u00e9rum anti-\u00e2ge Chanel SUBLIMAGE 30 ml d\u00e8s maintenant.","breadcrumb":{"@id":"https:\/\/tupique.com\/produit\/serum-anti-age-chanel-sublimage-30-ml\/#breadcrumb"},"inLanguage":"es","potentialAction":[{"@type":"ReadAction","target":["https:\/\/tupique.com\/produit\/serum-anti-age-chanel-sublimage-30-ml\/"]}]},{"@type":"ImageObject","inLanguage":"es","@id":"https:\/\/tupique.com\/produit\/serum-anti-age-chanel-sublimage-30-ml\/#primaryimage","url":"https:\/\/tupique.com\/wp-content\/uploads\/2026\/04\/3145891475906_S05143664_P01.jpg","contentUrl":"https:\/\/tupique.com\/wp-content\/uploads\/2026\/04\/3145891475906_S05143664_P01.jpg","width":1200,"height":1200,"caption":"S05143664_0"},{"@type":"BreadcrumbList","@id":"https:\/\/tupique.com\/produit\/serum-anti-age-chanel-sublimage-30-ml\/#breadcrumb","itemListElement":[{"@type":"ListItem","position":1,"name":"In\u00edcio","item":"https:\/\/tupique.com\/"},{"@type":"ListItem","position":2,"name":"Boutique","item":"https:\/\/tupique.com\/en\/boutique\/"},{"@type":"ListItem","position":3,"name":"S\u00e9rum anti-\u00e2ge Chanel SUBLIMAGE 30 ml"}]},{"@type":"WebSite","@id":"https:\/\/tupique.com\/#website","url":"https:\/\/tupique.com\/","name":"Tupique","description":"Marketplace","publisher":{"@id":"https:\/\/tupique.com\/#organization"},"potentialAction":[{"@type":"SearchAction","target":{"@type":"EntryPoint","urlTemplate":"https:\/\/tupique.com\/?s={search_term_string}"},"query-input":{"@type":"PropertyValueSpecification","valueRequired":true,"valueName":"search_term_string"}}],"inLanguage":"es"},{"@type":"Organization","@id":"https:\/\/tupique.com\/#organization","name":"Tupique","url":"https:\/\/tupique.com\/","logo":{"@type":"ImageObject","inLanguage":"es","@id":"https:\/\/tupique.com\/#\/schema\/logo\/image\/","url":"https:\/\/tupique.com\/wp-content\/uploads\/2024\/09\/logo.png","contentUrl":"https:\/\/tupique.com\/wp-content\/uploads\/2024\/09\/logo.png","width":1118,"height":310,"caption":"Tupique"},"image":{"@id":"https:\/\/tupique.com\/#\/schema\/logo\/image\/"}}]}},"jetpack_sharing_enabled":true,"_links":{"self":[{"href":"https:\/\/tupique.com\/es\/wp-json\/wp\/v2\/product\/4383045","targetHints":{"allow":["GET"]}}],"collection":[{"href":"https:\/\/tupique.com\/es\/wp-json\/wp\/v2\/product"}],"about":[{"href":"https:\/\/tupique.com\/es\/wp-json\/wp\/v2\/types\/product"}],"replies":[{"embeddable":true,"href":"https:\/\/tupique.com\/es\/wp-json\/wp\/v2\/comments?post=4383045"}],"wp:featuredmedia":[{"embeddable":true,"href":"https:\/\/tupique.com\/es\/wp-json\/wp\/v2\/media\/4383042"}],"wp:attachment":[{"href":"https:\/\/tupique.com\/es\/wp-json\/wp\/v2\/media?parent=4383045"}],"wp:term":[{"taxonomy":"product_brand","embeddable":true,"href":"https:\/\/tupique.com\/es\/wp-json\/wp\/v2\/product_brand?post=4383045"},{"taxonomy":"product_cat","embeddable":true,"href":"https:\/\/tupique.com\/es\/wp-json\/wp\/v2\/product_cat?post=4383045"},{"taxonomy":"product_tag","embeddable":true,"href":"https:\/\/tupique.com\/es\/wp-json\/wp\/v2\/product_tag?post=4383045"}],"curies":[{"name":"wp","href":"https:\/\/api.w.org\/{rel}","templated":true}]}}