{"id":4383400,"date":"2026-04-08T05:58:10","date_gmt":"2026-04-08T04:58:10","guid":{"rendered":"https:\/\/tupique.com\/produit\/ordinateur-portable-lenovo-153-intel-core-i5-13420h-16-gb-ram-512-gb-ssd\/"},"modified":"2026-04-08T05:58:10","modified_gmt":"2026-04-08T04:58:10","slug":"ordinateur-portable-lenovo-153-intel-core-i5-13420h-16-gb-ram-512-gb-ssd","status":"publish","type":"product","link":"https:\/\/tupique.com\/es\/producto\/ordinateur-portable-lenovo-153-intel-core-i5-13420h-16-gb-ram-512-gb-ssd\/","title":{"rendered":"Ordinateur Portable Lenovo 15,3&#8243; intel core i5-13420h 16 GB RAM 512 GB SSD"},"content":{"rendered":"<p>Si buscas las \u00faltimas tendencias del mercado, nosotros te ayudamos. <b>Ordinateur Portable Lenovo 15,3&#8243; intel core i5-13420h 16 GB RAM 512 GB SSD<\/b> !<\/p>\n<p>Le <b>Port\u00e1til Lenovo IdeaPad Slim 3 15IRH10<\/b> est un ordinateur portable con\u00e7u pour offrir des performances efficaces et une exp\u00e9rience visuelle confortable dans un format compact et l\u00e9ger. Il est \u00e9quip\u00e9 d\u2019un puissant processeur Intel Core <b>i5-13420H<\/b>, garantissant une r\u00e9activit\u00e9 rapide adapt\u00e9e aux t\u00e2ches multit\u00e2ches, au travail de bureau et \u00e0 l\u2019usage multim\u00e9dia. Ce mod\u00e8le se distingue par une g\u00e9n\u00e9reuse <b>m\u00e9moire RAM de 16 Go<\/b>, facilitant la gestion simultan\u00e9e de nombreuses applications et am\u00e9liorant la fluidit\u00e9 g\u00e9n\u00e9rale du syst\u00e8me. Son stockage est dot\u00e9 d\u2019un <b>SSD de 512 Go<\/b>, offrant un \u00e9quilibre optimal entre vitesse et capacit\u00e9 pour sauvegarder documents, programmes et fichiers sans d\u00e9lai d\u2019acc\u00e8s. L\u2019\u00e9cran de cet appareil est un <b>IPS WUXGA de 15,3 pouces<\/b>, qui fournit de larges angles de vision et des couleurs pr\u00e9cises, id\u00e9al pour visualiser les contenus avec fid\u00e9lit\u00e9 et clart\u00e9, tout en contribuant \u00e0 un meilleur confort lors de sessions prolong\u00e9es devant l\u2019appareil. Ce portable se distingue aussi par son design en <b>gris<\/b>, apportant un profil sobre et professionnel, ainsi que par un <b>clavier AZERTY en configuration fran\u00e7aise<\/b>, adapt\u00e9 aux utilisateurs n\u00e9cessitant cette disposition sp\u00e9cifique pour la saisie et l\u2019usage r\u00e9gional. Il est important de noter qu\u2019il est livr\u00e9 sans syst\u00e8me d\u2019exploitation Windows pr\u00e9install\u00e9, offrant ainsi la flexibilit\u00e9 \u00e0 l\u2019utilisateur de choisir le syst\u00e8me qu\u2019il pr\u00e9f\u00e8re selon ses besoins. En r\u00e9sum\u00e9, le Lenovo IdeaPad Slim 3 15IRH10 combine un mat\u00e9riel \u00e9quilibr\u00e9, un design fonctionnel et un \u00e9cran capable de r\u00e9pondre aux exigences quotidiennes, se positionnant comme une option polyvalente pour professionnels, \u00e9tudiants et utilisateurs domestiques recherchant un portable fiable et performant.<\/p>\n<ul>\n<li>Tipo:\n<ul>\n<li>Ordinateur Portable<\/li>\n<li>Touchpad<\/li>\n<li>SSD<\/li>\n<li>Clavier num\u00e9rique<\/li>\n<\/ul>\n<\/li>\n<li>Producto enchufable: S\u00ed<\/li>\n<li>Tipo de memoria:\n<ul>\n<li>SDRAM<\/li>\n<li>SDRAM DDR5<\/li>\n<\/ul>\n<\/li>\n<li>Teclado:\n<ul>\n<li>Azerty Franc\u00e9s<\/li>\n<li>AZERTY<\/li>\n<\/ul>\n<\/li>\n<li>Tipo de enchufe: enchufe UE<\/li>\n<li>Fuente de alimentaci\u00f3n:\n<ul>\n<li>r\u00e9seau \u00e9lectrique<\/li>\n<li>USB<\/li>\n<\/ul>\n<\/li>\n<li>Contr\u00f4leur graphique: Intel UHD Graphics<\/li>\n<li>Son: Dolby Audio<\/li>\n<li>Tecnolog\u00eda:\n<ul>\n<li>IPS<\/li>\n<li>SSD<\/li>\n<li>LED<\/li>\n<\/ul>\n<\/li>\n<li>Frecuencia:\n<ul>\n<li>60 Hz<\/li>\n<li>2,3 GHz<\/li>\n<li>50 - 60 Hz<\/li>\n<\/ul>\n<\/li>\n<li>Type de stockage: SSD<\/li>\n<li>Poids: 1,59 Kg<\/li>\n<li>Color: Gris<\/li>\n<li>Familia de procesadores:\n<ul>\n<li>Intel<\/li>\n<li>Intel Core i5<\/li>\n<\/ul>\n<\/li>\n<li>Procesador:\n<ul>\n<li>Core i5<\/li>\n<li>intel core i5-13420h<\/li>\n<\/ul>\n<\/li>\n<li>M\u00e9moire RAM: 16 GB RAM<\/li>\n<li>Disco duro:\n<ul>\n<li>512GB<\/li>\n<li>512 GB SSD<\/li>\n<\/ul>\n<\/li>\n<li>Caracter\u00edsticas:\n<ul>\n<li>C\u00e1mara frontal<\/li>\n<li>Micr\u00f3fono incorporado<\/li>\n<li>Lector de tarjetas<\/li>\n<li>2 altavoces<\/li>\n<li>Adaptateur graphique int\u00e9gr\u00e9<\/li>\n<\/ul>\n<\/li>\n<li>Conexiones:\n<ul>\n<li>HDMI<\/li>\n<li>HDMI 1.4<\/li>\n<li>USB-C 3.2 Gen 1 (3.1 Gen 1)<\/li>\n<li>PCI Express 4.0<\/li>\n<li>USB-A 3.2<\/li>\n<li>C\u00e2ble jack 3,3 mm<\/li>\n<\/ul>\n<\/li>\n<li>Rapport d&#8217;aspect: 16:10<\/li>\n<li>Conectividad:\n<ul>\n<li>Bluetooth<\/li>\n<li>Bluetooth 5.2<\/li>\n<li>Wi-Fi de 6 GHz<\/li>\n<\/ul>\n<\/li>\n<li>Langue: Fran\u00e7ais<\/li>\n<li>Cartes M\u00e9moire Compatibles: SD<\/li>\n<li>Standard: NTSC<\/li>\n<li>Cache: 12 MB<\/li>\n<li>puissance: 65 W<\/li>\n<li>R\u00e9solution: WUXGA<\/li>\n<li>Tensi\u00f3n: 100 - 240 V<\/li>\n<li>Syst\u00e8me d&#8217;exploitation: Non<\/li>\n<li>Non Inclus:\n<ul>\n<li>Type d&#8217;unit\u00e9 optique<\/li>\n<li>Adaptateur AC<\/li>\n<li>Conexi\u00f3n a la red m\u00f3vil<\/li>\n<li>Adaptateur graphique discret<\/li>\n<\/ul>\n<\/li>\n<li>Format:\n<ul>\n<li>M.2<\/li>\n<li>1 x 8 GB<\/li>\n<\/ul>\n<\/li>\n<li>Ethernet: Non<\/li>\n<li>Pantalla t\u00e1ctil: No<\/li>\n<li>Cam\u00e9ra\/Appareil Photo: HD<\/li>\n<li>Flux lumineux: 300 Lm<\/li>\n<li>Facteur de forme: SO-DIMM<\/li>\n<li>Chipset: Intel SoC<\/li>\n<li>Inclut: SSD x 1<\/li>\n<li>N\u00facleos: 8 n\u00facleos<\/li>\n<li>velocidad:\n<ul>\n<li>4.6 GHz<\/li>\n<li>4800 MHz<\/li>\n<\/ul>\n<\/li>\n<li>Resoluci\u00f3n (px):\n<ul>\n<li>1920 x 1200 px<\/li>\n<li>1280 x 720 px<\/li>\n<\/ul>\n<\/li>\n<li>Ecran: 15,3&#8243;<\/li>\n<\/ul>","protected":false},"excerpt":{"rendered":"<p>Si vous \u00eates \u00e0 la recherche de nouvelles tendances sur le march\u00e9, nous vous pr\u00e9sentons Ordinateur Portable Lenovo 15,3&#8243; intel<\/p>","protected":false},"featured_media":4383391,"comment_status":"open","ping_status":"closed","template":"","meta":{"_joinchat":[]},"product_brand":[157965],"product_cat":[157516,157583,155043],"product_tag":[157514,157546,157515],"class_list":{"0":"post-4383400","1":"product","2":"type-product","3":"status-publish","4":"has-post-thumbnail","6":"product_brand-brandp_558","7":"product_cat-informatique-electronique","8":"product_cat-informatique-ordinateurs","9":"product_cat-notebooks","10":"product_tag-tag_933","11":"product_tag-tag_1304","12":"product_tag-tag_1295","14":"first","15":"instock","16":"taxable","17":"shipping-taxable","18":"purchasable","19":"product-type-simple"},"yoast_head":"<!-- This site is optimized with the Yoast SEO plugin v27.2 - https:\/\/yoast.com\/product\/yoast-seo-wordpress\/ -->\n<title>Ordinateur Portable Lenovo 15,3&quot; intel core i5-13420h 16 GB RAM 512 GB SSD - Tupique<\/title>\n<meta name=\"description\" content=\"Vous cherchez Ordinateur Portable Lenovo 15,3&quot; intel core i5-13420h 16 GB RAM 512 GB SSD ? Achetez des produits chez Tupique. Profitez de la livraison gratuite pour obtenir Ordinateur Portable Lenovo 15,3&quot; intel core i5-13420h 16 GB RAM 512 GB SSD d\u00e8s maintenant.\" \/>\n<meta name=\"robots\" content=\"index, follow, max-snippet:-1, max-image-preview:large, max-video-preview:-1\" \/>\n<link rel=\"canonical\" href=\"https:\/\/tupique.com\/es\/producto\/ordinateur-portable-lenovo-153-intel-core-i5-13420h-16-gb-ram-512-gb-ssd\/\" \/>\n<meta property=\"og:locale\" content=\"es_ES\" \/>\n<meta property=\"og:type\" content=\"article\" \/>\n<meta property=\"og:title\" content=\"Ordinateur Portable Lenovo 15,3&quot; intel core i5-13420h 16 GB RAM 512 GB SSD - Tupique\" \/>\n<meta property=\"og:description\" content=\"Vous cherchez Ordinateur Portable Lenovo 15,3&quot; intel core i5-13420h 16 GB RAM 512 GB SSD ? Achetez des produits chez Tupique. Profitez de la livraison gratuite pour obtenir Ordinateur Portable Lenovo 15,3&quot; intel core i5-13420h 16 GB RAM 512 GB SSD d\u00e8s maintenant.\" \/>\n<meta property=\"og:url\" content=\"https:\/\/tupique.com\/es\/producto\/ordinateur-portable-lenovo-153-intel-core-i5-13420h-16-gb-ram-512-gb-ssd\/\" \/>\n<meta property=\"og:site_name\" content=\"Tupique\" \/>\n<meta name=\"twitter:card\" content=\"summary_large_image\" \/>\n<meta name=\"twitter:label1\" content=\"Tiempo de lectura\" \/>\n\t<meta name=\"twitter:data1\" content=\"2 minutos\" \/>\n<script type=\"application\/ld+json\" class=\"yoast-schema-graph\">{\"@context\":\"https:\/\/schema.org\",\"@graph\":[{\"@type\":\"WebPage\",\"@id\":\"https:\/\/tupique.com\/produit\/ordinateur-portable-lenovo-153-intel-core-i5-13420h-16-gb-ram-512-gb-ssd\/\",\"url\":\"https:\/\/tupique.com\/produit\/ordinateur-portable-lenovo-153-intel-core-i5-13420h-16-gb-ram-512-gb-ssd\/\",\"name\":\"Ordinateur Portable Lenovo 15,3\\\" intel core i5-13420h 16 GB RAM 512 GB SSD - Tupique\",\"isPartOf\":{\"@id\":\"https:\/\/tupique.com\/#website\"},\"primaryImageOfPage\":{\"@id\":\"https:\/\/tupique.com\/produit\/ordinateur-portable-lenovo-153-intel-core-i5-13420h-16-gb-ram-512-gb-ssd\/#primaryimage\"},\"image\":{\"@id\":\"https:\/\/tupique.com\/produit\/ordinateur-portable-lenovo-153-intel-core-i5-13420h-16-gb-ram-512-gb-ssd\/#primaryimage\"},\"thumbnailUrl\":\"https:\/\/tupique.com\/wp-content\/uploads\/2026\/04\/0198157006713_S71018320_P00.jpg\",\"datePublished\":\"2026-04-08T04:58:10+00:00\",\"description\":\"Vous cherchez Ordinateur Portable Lenovo 15,3\\\" intel core i5-13420h 16 GB RAM 512 GB SSD ? Achetez des produits chez Tupique. Profitez de la livraison gratuite pour obtenir Ordinateur Portable Lenovo 15,3\\\" intel core i5-13420h 16 GB RAM 512 GB SSD d\u00e8s maintenant.\",\"breadcrumb\":{\"@id\":\"https:\/\/tupique.com\/produit\/ordinateur-portable-lenovo-153-intel-core-i5-13420h-16-gb-ram-512-gb-ssd\/#breadcrumb\"},\"inLanguage\":\"es\",\"potentialAction\":[{\"@type\":\"ReadAction\",\"target\":[\"https:\/\/tupique.com\/produit\/ordinateur-portable-lenovo-153-intel-core-i5-13420h-16-gb-ram-512-gb-ssd\/\"]}]},{\"@type\":\"ImageObject\",\"inLanguage\":\"es\",\"@id\":\"https:\/\/tupique.com\/produit\/ordinateur-portable-lenovo-153-intel-core-i5-13420h-16-gb-ram-512-gb-ssd\/#primaryimage\",\"url\":\"https:\/\/tupique.com\/wp-content\/uploads\/2026\/04\/0198157006713_S71018320_P00.jpg\",\"contentUrl\":\"https:\/\/tupique.com\/wp-content\/uploads\/2026\/04\/0198157006713_S71018320_P00.jpg\",\"width\":1200,\"height\":1200,\"caption\":\"S71018320_0\"},{\"@type\":\"BreadcrumbList\",\"@id\":\"https:\/\/tupique.com\/produit\/ordinateur-portable-lenovo-153-intel-core-i5-13420h-16-gb-ram-512-gb-ssd\/#breadcrumb\",\"itemListElement\":[{\"@type\":\"ListItem\",\"position\":1,\"name\":\"In\u00edcio\",\"item\":\"https:\/\/tupique.com\/\"},{\"@type\":\"ListItem\",\"position\":2,\"name\":\"Boutique\",\"item\":\"https:\/\/tupique.com\/en\/boutique\/\"},{\"@type\":\"ListItem\",\"position\":3,\"name\":\"Ordinateur Portable Lenovo 15,3&#8243; intel core i5-13420h 16 GB RAM 512 GB SSD\"}]},{\"@type\":\"WebSite\",\"@id\":\"https:\/\/tupique.com\/#website\",\"url\":\"https:\/\/tupique.com\/\",\"name\":\"Tupique\",\"description\":\"Marketplace\",\"publisher\":{\"@id\":\"https:\/\/tupique.com\/#organization\"},\"potentialAction\":[{\"@type\":\"SearchAction\",\"target\":{\"@type\":\"EntryPoint\",\"urlTemplate\":\"https:\/\/tupique.com\/?s={search_term_string}\"},\"query-input\":{\"@type\":\"PropertyValueSpecification\",\"valueRequired\":true,\"valueName\":\"search_term_string\"}}],\"inLanguage\":\"es\"},{\"@type\":\"Organization\",\"@id\":\"https:\/\/tupique.com\/#organization\",\"name\":\"Tupique\",\"url\":\"https:\/\/tupique.com\/\",\"logo\":{\"@type\":\"ImageObject\",\"inLanguage\":\"es\",\"@id\":\"https:\/\/tupique.com\/#\/schema\/logo\/image\/\",\"url\":\"https:\/\/tupique.com\/wp-content\/uploads\/2024\/09\/logo.png\",\"contentUrl\":\"https:\/\/tupique.com\/wp-content\/uploads\/2024\/09\/logo.png\",\"width\":1118,\"height\":310,\"caption\":\"Tupique\"},\"image\":{\"@id\":\"https:\/\/tupique.com\/#\/schema\/logo\/image\/\"}}]}<\/script>\n<!-- \/ Yoast SEO plugin. -->","yoast_head_json":{"title":"Ordinateur Portable Lenovo 15,3\" intel core i5-13420h 16 GB RAM 512 GB SSD - Tupique","description":"Vous cherchez Ordinateur Portable Lenovo 15,3\" intel core i5-13420h 16 GB RAM 512 GB SSD ? Achetez des produits chez Tupique. Profitez de la livraison gratuite pour obtenir Ordinateur Portable Lenovo 15,3\" intel core i5-13420h 16 GB RAM 512 GB SSD d\u00e8s maintenant.","robots":{"index":"index","follow":"follow","max-snippet":"max-snippet:-1","max-image-preview":"max-image-preview:large","max-video-preview":"max-video-preview:-1"},"canonical":"https:\/\/tupique.com\/es\/producto\/ordinateur-portable-lenovo-153-intel-core-i5-13420h-16-gb-ram-512-gb-ssd\/","og_locale":"es_ES","og_type":"article","og_title":"Ordinateur Portable Lenovo 15,3\" intel core i5-13420h 16 GB RAM 512 GB SSD - Tupique","og_description":"Vous cherchez Ordinateur Portable Lenovo 15,3\" intel core i5-13420h 16 GB RAM 512 GB SSD ? Achetez des produits chez Tupique. Profitez de la livraison gratuite pour obtenir Ordinateur Portable Lenovo 15,3\" intel core i5-13420h 16 GB RAM 512 GB SSD d\u00e8s maintenant.","og_url":"https:\/\/tupique.com\/es\/producto\/ordinateur-portable-lenovo-153-intel-core-i5-13420h-16-gb-ram-512-gb-ssd\/","og_site_name":"Tupique","twitter_card":"summary_large_image","twitter_misc":{"Tiempo de lectura":"2 minutos"},"schema":{"@context":"https:\/\/schema.org","@graph":[{"@type":"WebPage","@id":"https:\/\/tupique.com\/produit\/ordinateur-portable-lenovo-153-intel-core-i5-13420h-16-gb-ram-512-gb-ssd\/","url":"https:\/\/tupique.com\/produit\/ordinateur-portable-lenovo-153-intel-core-i5-13420h-16-gb-ram-512-gb-ssd\/","name":"Ordinateur Portable Lenovo 15,3\" intel core i5-13420h 16 GB RAM 512 GB SSD - Tupique","isPartOf":{"@id":"https:\/\/tupique.com\/#website"},"primaryImageOfPage":{"@id":"https:\/\/tupique.com\/produit\/ordinateur-portable-lenovo-153-intel-core-i5-13420h-16-gb-ram-512-gb-ssd\/#primaryimage"},"image":{"@id":"https:\/\/tupique.com\/produit\/ordinateur-portable-lenovo-153-intel-core-i5-13420h-16-gb-ram-512-gb-ssd\/#primaryimage"},"thumbnailUrl":"https:\/\/tupique.com\/wp-content\/uploads\/2026\/04\/0198157006713_S71018320_P00.jpg","datePublished":"2026-04-08T04:58:10+00:00","description":"Vous cherchez Ordinateur Portable Lenovo 15,3\" intel core i5-13420h 16 GB RAM 512 GB SSD ? Achetez des produits chez Tupique. Profitez de la livraison gratuite pour obtenir Ordinateur Portable Lenovo 15,3\" intel core i5-13420h 16 GB RAM 512 GB SSD d\u00e8s maintenant.","breadcrumb":{"@id":"https:\/\/tupique.com\/produit\/ordinateur-portable-lenovo-153-intel-core-i5-13420h-16-gb-ram-512-gb-ssd\/#breadcrumb"},"inLanguage":"es","potentialAction":[{"@type":"ReadAction","target":["https:\/\/tupique.com\/produit\/ordinateur-portable-lenovo-153-intel-core-i5-13420h-16-gb-ram-512-gb-ssd\/"]}]},{"@type":"ImageObject","inLanguage":"es","@id":"https:\/\/tupique.com\/produit\/ordinateur-portable-lenovo-153-intel-core-i5-13420h-16-gb-ram-512-gb-ssd\/#primaryimage","url":"https:\/\/tupique.com\/wp-content\/uploads\/2026\/04\/0198157006713_S71018320_P00.jpg","contentUrl":"https:\/\/tupique.com\/wp-content\/uploads\/2026\/04\/0198157006713_S71018320_P00.jpg","width":1200,"height":1200,"caption":"S71018320_0"},{"@type":"BreadcrumbList","@id":"https:\/\/tupique.com\/produit\/ordinateur-portable-lenovo-153-intel-core-i5-13420h-16-gb-ram-512-gb-ssd\/#breadcrumb","itemListElement":[{"@type":"ListItem","position":1,"name":"In\u00edcio","item":"https:\/\/tupique.com\/"},{"@type":"ListItem","position":2,"name":"Boutique","item":"https:\/\/tupique.com\/en\/boutique\/"},{"@type":"ListItem","position":3,"name":"Ordinateur Portable Lenovo 15,3&#8243; intel core i5-13420h 16 GB RAM 512 GB SSD"}]},{"@type":"WebSite","@id":"https:\/\/tupique.com\/#website","url":"https:\/\/tupique.com\/","name":"Tupique","description":"Marketplace","publisher":{"@id":"https:\/\/tupique.com\/#organization"},"potentialAction":[{"@type":"SearchAction","target":{"@type":"EntryPoint","urlTemplate":"https:\/\/tupique.com\/?s={search_term_string}"},"query-input":{"@type":"PropertyValueSpecification","valueRequired":true,"valueName":"search_term_string"}}],"inLanguage":"es"},{"@type":"Organization","@id":"https:\/\/tupique.com\/#organization","name":"Tupique","url":"https:\/\/tupique.com\/","logo":{"@type":"ImageObject","inLanguage":"es","@id":"https:\/\/tupique.com\/#\/schema\/logo\/image\/","url":"https:\/\/tupique.com\/wp-content\/uploads\/2024\/09\/logo.png","contentUrl":"https:\/\/tupique.com\/wp-content\/uploads\/2024\/09\/logo.png","width":1118,"height":310,"caption":"Tupique"},"image":{"@id":"https:\/\/tupique.com\/#\/schema\/logo\/image\/"}}]}},"jetpack_sharing_enabled":true,"_links":{"self":[{"href":"https:\/\/tupique.com\/es\/wp-json\/wp\/v2\/product\/4383400","targetHints":{"allow":["GET"]}}],"collection":[{"href":"https:\/\/tupique.com\/es\/wp-json\/wp\/v2\/product"}],"about":[{"href":"https:\/\/tupique.com\/es\/wp-json\/wp\/v2\/types\/product"}],"replies":[{"embeddable":true,"href":"https:\/\/tupique.com\/es\/wp-json\/wp\/v2\/comments?post=4383400"}],"wp:featuredmedia":[{"embeddable":true,"href":"https:\/\/tupique.com\/es\/wp-json\/wp\/v2\/media\/4383391"}],"wp:attachment":[{"href":"https:\/\/tupique.com\/es\/wp-json\/wp\/v2\/media?parent=4383400"}],"wp:term":[{"taxonomy":"product_brand","embeddable":true,"href":"https:\/\/tupique.com\/es\/wp-json\/wp\/v2\/product_brand?post=4383400"},{"taxonomy":"product_cat","embeddable":true,"href":"https:\/\/tupique.com\/es\/wp-json\/wp\/v2\/product_cat?post=4383400"},{"taxonomy":"product_tag","embeddable":true,"href":"https:\/\/tupique.com\/es\/wp-json\/wp\/v2\/product_tag?post=4383400"}],"curies":[{"name":"wp","href":"https:\/\/api.w.org\/{rel}","templated":true}]}}