{"id":4383631,"date":"2026-04-08T06:57:18","date_gmt":"2026-04-08T05:57:18","guid":{"rendered":"https:\/\/tupique.com\/produit\/ordinateur-portable-apple-ssd-136-m4-16-gb-ram\/"},"modified":"2026-04-08T06:57:18","modified_gmt":"2026-04-08T05:57:18","slug":"ordinateur-portable-apple-ssd-136-m4-16-gb-ram","status":"publish","type":"product","link":"https:\/\/tupique.com\/es\/producto\/ordinateur-portable-apple-ssd-136-m4-16-gb-ram\/","title":{"rendered":"Ordinateur Portable Apple SSD 13,6&#8243; M4 16 GB RAM"},"content":{"rendered":"<p>Si le apasiona\u2019<b>inform\u00e1tica y electr\u00f3nica<\/b>, Si est\u00e1s a la \u00faltima en tecnolog\u00eda y no quieres perderte nada, compra <b>Ordinateur Portable Apple SSD 13,6&#8243; M4 16 GB RAM<\/b> al mejor precio.<\/p>\n<p>Le <b>MacBook Air M4 de 13,6 pouces<\/b> d\u2019Apple est un <b>ordinateur portable<\/b> qui allie un design ultral\u00e9ger et \u00e9l\u00e9gant en argent\u00e9 et gris \u00e0 des performances avanc\u00e9es gr\u00e2ce \u00e0 son puissant CPU et GPU \u00e0 10 c\u0153urs. Ce mod\u00e8le dispose de <b>512 Go de stockage SSD<\/b>, garantissant une grande vitesse de lecture et d\u2019\u00e9criture pour ouvrir les applications et g\u00e9rer les fichiers rapidement, ainsi que de <b>16 Go de m\u00e9moire RAM<\/b>, offrant une excellente capacit\u00e9 multit\u00e2che pour travailler avec des logiciels exigeants sans perte de fluidit\u00e9. Son \u00e9cran de <b>13,6 pouces<\/b> offre une exp\u00e9rience visuelle claire et nette, id\u00e9ale pour les professionnels cr\u00e9atifs comme pour les utilisateurs quotidiens, soutenue par la technologie HDR qui am\u00e9liore le contraste et la reproduction des couleurs. Con\u00e7u avec un ch\u00e2ssis en <b>aluminio<\/b> aux tons argent\u00e9s et gris, cet ordinateur portable se distingue aussi par sa robustesse et sa finition premium. Parmi ses caract\u00e9ristiques suppl\u00e9mentaires, il int\u00e8gre une <b>cam\u00e9ra frontale<\/b> efficace pour les visioconf\u00e9rences et un <b>micr\u00f3fono integrado<\/b> assurant une capture audio claire, tandis que le clavier est r\u00e9tro\u00e9clair\u00e9, facilitant l\u2019utilisation en faible luminosit\u00e9. Cet appareil appartient \u00e0 la g\u00e9n\u00e9ration 2025, refl\u00e9tant les derni\u00e8res innovations Apple en mat\u00e9riel et design, offrant un \u00e9quilibre id\u00e9al entre puissance, portabilit\u00e9 et sophistication. En r\u00e9sum\u00e9, le MacBook Air M4 repr\u00e9sente une solution informatique polyvalente pour les utilisateurs exigeants recherchant un \u00e9quipement moderne, rapide et de haute qualit\u00e9.<\/p>\n<ul>\n<li>Diagonale de l&#8217;\u00e9cran (cm): 34,5 cm<\/li>\n<li>Tipo:\n<ul>\n<li>Ordinateur Portable<\/li>\n<li>SSD<\/li>\n<\/ul>\n<\/li>\n<li>Producto enchufable: S\u00ed<\/li>\n<li>Type de m\u00e9moire: SDRAM<\/li>\n<li>Teclado:\n<ul>\n<li>Azerty Franc\u00e9s<\/li>\n<li>AZERTY<\/li>\n<\/ul>\n<\/li>\n<li>Tipo de enchufe: enchufe UE<\/li>\n<li>Bloc d\u2019Alimentation: r\u00e9seau \u00e9lectrique<\/li>\n<li>Compatible: PC<\/li>\n<li>USB: 2<\/li>\n<li>Syst\u00e8me d&#8217;exploitation: macOS<\/li>\n<li>Resoluci\u00f3n:\n<ul>\n<li>12 MP<\/li>\n<li>Full HD<\/li>\n<li>4K Ultra HD<\/li>\n<\/ul>\n<\/li>\n<li>Type de stockage: SSD<\/li>\n<li>Conectividad:\n<ul>\n<li>Bluetooth<\/li>\n<li>Wi-Fi de 6 GHz<\/li>\n<li>Bluetooth 5.3<\/li>\n<\/ul>\n<\/li>\n<li>Color:\n<ul>\n<li>Gris<\/li>\n<li>Plata<\/li>\n<\/ul>\n<\/li>\n<li>Conexiones:\n<ul>\n<li>2<\/li>\n<li>Thunderbolt 4 x 2<\/li>\n<\/ul>\n<\/li>\n<li>Indice de r\u00e9parabilit\u00e9: 6.7<\/li>\n<li>Relaci\u00f3n de aspecto: 16:9<\/li>\n<li>Poids: 1,24 Kg<\/li>\n<li>M\u00e9moire RAM: 16 GB RAM<\/li>\n<li>Disco duro:\n<ul>\n<li>512 GB SSD<\/li>\n<li>SSD<\/li>\n<\/ul>\n<\/li>\n<li>Dimensiones aprox.\n<ul>\n<li>21,5 cm<\/li>\n<li>1\/13 cm<\/li>\n<\/ul>\n<\/li>\n<li>Material: Aluminio<\/li>\n<li>Caracter\u00edsticas:\n<ul>\n<li>C\u00e1mara frontal<\/li>\n<li>HDR<\/li>\n<li>Micr\u00f3fono incorporado<\/li>\n<li>R\u00e9tro-\u00e9clair\u00e9<\/li>\n<li>4 altavoces<\/li>\n<li>Lector de huellas dactilares<\/li>\n<li>Adaptateur graphique int\u00e9gr\u00e9<\/li>\n<\/ul>\n<\/li>\n<li>Tecnolog\u00eda:\n<ul>\n<li>LED<\/li>\n<li>IPS<\/li>\n<\/ul>\n<\/li>\n<li>Frecuencia: 50 - 60 Hz<\/li>\n<li>Brillo: 500 cd\/m2<\/li>\n<li>Tensi\u00f3n: 100 - 240 V<\/li>\n<li>Non Inclus:\n<ul>\n<li>Type d&#8217;unit\u00e9 optique<\/li>\n<li>Adaptateur AC<\/li>\n<li>Clavier num\u00e9rique<\/li>\n<li>Conexi\u00f3n a la red m\u00f3vil<\/li>\n<li>Adaptateur graphique discret<\/li>\n<\/ul>\n<\/li>\n<li>Ethernet: Non<\/li>\n<li>Pantalla t\u00e1ctil: No<\/li>\n<li>Pr\u00e9cision (humidit\u00e9 relative): 0 % &#8211; 90 %<\/li>\n<li>Autonomie de reproduction approx.: 18 heures<\/li>\n<li>Certificado: ENERGY STAR<\/li>\n<li>Inclut: SSD x 1<\/li>\n<li>Tipo de bater\u00eda: Litio Ion<\/li>\n<li>Ecran: 13,6&#8243;<\/li>\n<li>N\u00facleos:\n<ul>\n<li>10 Noyaux<\/li>\n<li>16 n\u00facleos<\/li>\n<\/ul>\n<\/li>\n<li>Resoluci\u00f3n (px): 1920 x 1080 px<\/li>\n<li>Processeur: M4<\/li>\n<li>Dispositif intelligent: Apple Intelligence<\/li>\n<\/ul>","protected":false},"excerpt":{"rendered":"<p>Si vous \u00eates passionn\u00e9 d&#8217;informatique et d&#8217;\u00e9lectronique, si vous \u00eates \u00e0 la pointe de la technologie et qu&#8217;aucun d\u00e9tail ne<\/p>","protected":false},"featured_media":4383622,"comment_status":"open","ping_status":"closed","template":"","meta":{"_joinchat":[]},"product_brand":[157892],"product_cat":[157516,157583,155043],"product_tag":[157514,157546,157515],"class_list":{"0":"post-4383631","1":"product","2":"type-product","3":"status-publish","4":"has-post-thumbnail","6":"product_brand-brandp_533","7":"product_cat-informatique-electronique","8":"product_cat-informatique-ordinateurs","9":"product_cat-notebooks","10":"product_tag-tag_933","11":"product_tag-tag_1304","12":"product_tag-tag_1295","14":"first","15":"outofstock","16":"taxable","17":"shipping-taxable","18":"purchasable","19":"product-type-simple"},"yoast_head":"<!-- This site is optimized with the Yoast SEO plugin v27.2 - https:\/\/yoast.com\/product\/yoast-seo-wordpress\/ -->\n<title>Ordinateur Portable Apple SSD 13,6&quot; M4 16 GB RAM - Tupique<\/title>\n<meta name=\"description\" content=\"Vous cherchez Ordinateur Portable Apple SSD 13,6&quot; M4 16 GB RAM ? Achetez des produits chez Tupique. Profitez de la livraison gratuite pour obtenir Ordinateur Portable Apple SSD 13,6&quot; M4 16 GB RAM d\u00e8s maintenant.\" \/>\n<meta name=\"robots\" content=\"index, follow, max-snippet:-1, max-image-preview:large, max-video-preview:-1\" \/>\n<link rel=\"canonical\" href=\"https:\/\/tupique.com\/es\/producto\/ordinateur-portable-apple-ssd-136-m4-16-gb-ram\/\" \/>\n<meta property=\"og:locale\" content=\"es_ES\" \/>\n<meta property=\"og:type\" content=\"article\" \/>\n<meta property=\"og:title\" content=\"Ordinateur Portable Apple SSD 13,6&quot; M4 16 GB RAM - Tupique\" \/>\n<meta property=\"og:description\" content=\"Vous cherchez Ordinateur Portable Apple SSD 13,6&quot; M4 16 GB RAM ? Achetez des produits chez Tupique. Profitez de la livraison gratuite pour obtenir Ordinateur Portable Apple SSD 13,6&quot; M4 16 GB RAM d\u00e8s maintenant.\" \/>\n<meta property=\"og:url\" content=\"https:\/\/tupique.com\/es\/producto\/ordinateur-portable-apple-ssd-136-m4-16-gb-ram\/\" \/>\n<meta property=\"og:site_name\" content=\"Tupique\" \/>\n<meta name=\"twitter:card\" content=\"summary_large_image\" \/>\n<meta name=\"twitter:label1\" content=\"Tiempo de lectura\" \/>\n\t<meta name=\"twitter:data1\" content=\"2 minutos\" \/>\n<script type=\"application\/ld+json\" class=\"yoast-schema-graph\">{\"@context\":\"https:\/\/schema.org\",\"@graph\":[{\"@type\":\"WebPage\",\"@id\":\"https:\/\/tupique.com\/produit\/ordinateur-portable-apple-ssd-136-m4-16-gb-ram\/\",\"url\":\"https:\/\/tupique.com\/produit\/ordinateur-portable-apple-ssd-136-m4-16-gb-ram\/\",\"name\":\"Ordinateur Portable Apple SSD 13,6\\\" M4 16 GB RAM - Tupique\",\"isPartOf\":{\"@id\":\"https:\/\/tupique.com\/#website\"},\"primaryImageOfPage\":{\"@id\":\"https:\/\/tupique.com\/produit\/ordinateur-portable-apple-ssd-136-m4-16-gb-ram\/#primaryimage\"},\"image\":{\"@id\":\"https:\/\/tupique.com\/produit\/ordinateur-portable-apple-ssd-136-m4-16-gb-ram\/#primaryimage\"},\"thumbnailUrl\":\"https:\/\/tupique.com\/wp-content\/uploads\/2026\/04\/0195949836619_S71014951_P00.jpg\",\"datePublished\":\"2026-04-08T05:57:18+00:00\",\"description\":\"Vous cherchez Ordinateur Portable Apple SSD 13,6\\\" M4 16 GB RAM ? Achetez des produits chez Tupique. Profitez de la livraison gratuite pour obtenir Ordinateur Portable Apple SSD 13,6\\\" M4 16 GB RAM d\u00e8s maintenant.\",\"breadcrumb\":{\"@id\":\"https:\/\/tupique.com\/produit\/ordinateur-portable-apple-ssd-136-m4-16-gb-ram\/#breadcrumb\"},\"inLanguage\":\"es\",\"potentialAction\":[{\"@type\":\"ReadAction\",\"target\":[\"https:\/\/tupique.com\/produit\/ordinateur-portable-apple-ssd-136-m4-16-gb-ram\/\"]}]},{\"@type\":\"ImageObject\",\"inLanguage\":\"es\",\"@id\":\"https:\/\/tupique.com\/produit\/ordinateur-portable-apple-ssd-136-m4-16-gb-ram\/#primaryimage\",\"url\":\"https:\/\/tupique.com\/wp-content\/uploads\/2026\/04\/0195949836619_S71014951_P00.jpg\",\"contentUrl\":\"https:\/\/tupique.com\/wp-content\/uploads\/2026\/04\/0195949836619_S71014951_P00.jpg\",\"width\":1200,\"height\":1200,\"caption\":\"S71014951_0\"},{\"@type\":\"BreadcrumbList\",\"@id\":\"https:\/\/tupique.com\/produit\/ordinateur-portable-apple-ssd-136-m4-16-gb-ram\/#breadcrumb\",\"itemListElement\":[{\"@type\":\"ListItem\",\"position\":1,\"name\":\"In\u00edcio\",\"item\":\"https:\/\/tupique.com\/\"},{\"@type\":\"ListItem\",\"position\":2,\"name\":\"Boutique\",\"item\":\"https:\/\/tupique.com\/en\/boutique\/\"},{\"@type\":\"ListItem\",\"position\":3,\"name\":\"Ordinateur Portable Apple SSD 13,6&#8243; M4 16 GB RAM\"}]},{\"@type\":\"WebSite\",\"@id\":\"https:\/\/tupique.com\/#website\",\"url\":\"https:\/\/tupique.com\/\",\"name\":\"Tupique\",\"description\":\"Marketplace\",\"publisher\":{\"@id\":\"https:\/\/tupique.com\/#organization\"},\"potentialAction\":[{\"@type\":\"SearchAction\",\"target\":{\"@type\":\"EntryPoint\",\"urlTemplate\":\"https:\/\/tupique.com\/?s={search_term_string}\"},\"query-input\":{\"@type\":\"PropertyValueSpecification\",\"valueRequired\":true,\"valueName\":\"search_term_string\"}}],\"inLanguage\":\"es\"},{\"@type\":\"Organization\",\"@id\":\"https:\/\/tupique.com\/#organization\",\"name\":\"Tupique\",\"url\":\"https:\/\/tupique.com\/\",\"logo\":{\"@type\":\"ImageObject\",\"inLanguage\":\"es\",\"@id\":\"https:\/\/tupique.com\/#\/schema\/logo\/image\/\",\"url\":\"https:\/\/tupique.com\/wp-content\/uploads\/2024\/09\/logo.png\",\"contentUrl\":\"https:\/\/tupique.com\/wp-content\/uploads\/2024\/09\/logo.png\",\"width\":1118,\"height\":310,\"caption\":\"Tupique\"},\"image\":{\"@id\":\"https:\/\/tupique.com\/#\/schema\/logo\/image\/\"}}]}<\/script>\n<!-- \/ Yoast SEO plugin. -->","yoast_head_json":{"title":"Ordinateur Portable Apple SSD 13,6\" M4 16 GB RAM - Tupique","description":"Vous cherchez Ordinateur Portable Apple SSD 13,6\" M4 16 GB RAM ? Achetez des produits chez Tupique. Profitez de la livraison gratuite pour obtenir Ordinateur Portable Apple SSD 13,6\" M4 16 GB RAM d\u00e8s maintenant.","robots":{"index":"index","follow":"follow","max-snippet":"max-snippet:-1","max-image-preview":"max-image-preview:large","max-video-preview":"max-video-preview:-1"},"canonical":"https:\/\/tupique.com\/es\/producto\/ordinateur-portable-apple-ssd-136-m4-16-gb-ram\/","og_locale":"es_ES","og_type":"article","og_title":"Ordinateur Portable Apple SSD 13,6\" M4 16 GB RAM - Tupique","og_description":"Vous cherchez Ordinateur Portable Apple SSD 13,6\" M4 16 GB RAM ? Achetez des produits chez Tupique. Profitez de la livraison gratuite pour obtenir Ordinateur Portable Apple SSD 13,6\" M4 16 GB RAM d\u00e8s maintenant.","og_url":"https:\/\/tupique.com\/es\/producto\/ordinateur-portable-apple-ssd-136-m4-16-gb-ram\/","og_site_name":"Tupique","twitter_card":"summary_large_image","twitter_misc":{"Tiempo de lectura":"2 minutos"},"schema":{"@context":"https:\/\/schema.org","@graph":[{"@type":"WebPage","@id":"https:\/\/tupique.com\/produit\/ordinateur-portable-apple-ssd-136-m4-16-gb-ram\/","url":"https:\/\/tupique.com\/produit\/ordinateur-portable-apple-ssd-136-m4-16-gb-ram\/","name":"Ordinateur Portable Apple SSD 13,6\" M4 16 GB RAM - Tupique","isPartOf":{"@id":"https:\/\/tupique.com\/#website"},"primaryImageOfPage":{"@id":"https:\/\/tupique.com\/produit\/ordinateur-portable-apple-ssd-136-m4-16-gb-ram\/#primaryimage"},"image":{"@id":"https:\/\/tupique.com\/produit\/ordinateur-portable-apple-ssd-136-m4-16-gb-ram\/#primaryimage"},"thumbnailUrl":"https:\/\/tupique.com\/wp-content\/uploads\/2026\/04\/0195949836619_S71014951_P00.jpg","datePublished":"2026-04-08T05:57:18+00:00","description":"Vous cherchez Ordinateur Portable Apple SSD 13,6\" M4 16 GB RAM ? Achetez des produits chez Tupique. Profitez de la livraison gratuite pour obtenir Ordinateur Portable Apple SSD 13,6\" M4 16 GB RAM d\u00e8s maintenant.","breadcrumb":{"@id":"https:\/\/tupique.com\/produit\/ordinateur-portable-apple-ssd-136-m4-16-gb-ram\/#breadcrumb"},"inLanguage":"es","potentialAction":[{"@type":"ReadAction","target":["https:\/\/tupique.com\/produit\/ordinateur-portable-apple-ssd-136-m4-16-gb-ram\/"]}]},{"@type":"ImageObject","inLanguage":"es","@id":"https:\/\/tupique.com\/produit\/ordinateur-portable-apple-ssd-136-m4-16-gb-ram\/#primaryimage","url":"https:\/\/tupique.com\/wp-content\/uploads\/2026\/04\/0195949836619_S71014951_P00.jpg","contentUrl":"https:\/\/tupique.com\/wp-content\/uploads\/2026\/04\/0195949836619_S71014951_P00.jpg","width":1200,"height":1200,"caption":"S71014951_0"},{"@type":"BreadcrumbList","@id":"https:\/\/tupique.com\/produit\/ordinateur-portable-apple-ssd-136-m4-16-gb-ram\/#breadcrumb","itemListElement":[{"@type":"ListItem","position":1,"name":"In\u00edcio","item":"https:\/\/tupique.com\/"},{"@type":"ListItem","position":2,"name":"Boutique","item":"https:\/\/tupique.com\/en\/boutique\/"},{"@type":"ListItem","position":3,"name":"Ordinateur Portable Apple SSD 13,6&#8243; M4 16 GB RAM"}]},{"@type":"WebSite","@id":"https:\/\/tupique.com\/#website","url":"https:\/\/tupique.com\/","name":"Tupique","description":"Marketplace","publisher":{"@id":"https:\/\/tupique.com\/#organization"},"potentialAction":[{"@type":"SearchAction","target":{"@type":"EntryPoint","urlTemplate":"https:\/\/tupique.com\/?s={search_term_string}"},"query-input":{"@type":"PropertyValueSpecification","valueRequired":true,"valueName":"search_term_string"}}],"inLanguage":"es"},{"@type":"Organization","@id":"https:\/\/tupique.com\/#organization","name":"Tupique","url":"https:\/\/tupique.com\/","logo":{"@type":"ImageObject","inLanguage":"es","@id":"https:\/\/tupique.com\/#\/schema\/logo\/image\/","url":"https:\/\/tupique.com\/wp-content\/uploads\/2024\/09\/logo.png","contentUrl":"https:\/\/tupique.com\/wp-content\/uploads\/2024\/09\/logo.png","width":1118,"height":310,"caption":"Tupique"},"image":{"@id":"https:\/\/tupique.com\/#\/schema\/logo\/image\/"}}]}},"jetpack_sharing_enabled":true,"_links":{"self":[{"href":"https:\/\/tupique.com\/es\/wp-json\/wp\/v2\/product\/4383631","targetHints":{"allow":["GET"]}}],"collection":[{"href":"https:\/\/tupique.com\/es\/wp-json\/wp\/v2\/product"}],"about":[{"href":"https:\/\/tupique.com\/es\/wp-json\/wp\/v2\/types\/product"}],"replies":[{"embeddable":true,"href":"https:\/\/tupique.com\/es\/wp-json\/wp\/v2\/comments?post=4383631"}],"wp:featuredmedia":[{"embeddable":true,"href":"https:\/\/tupique.com\/es\/wp-json\/wp\/v2\/media\/4383622"}],"wp:attachment":[{"href":"https:\/\/tupique.com\/es\/wp-json\/wp\/v2\/media?parent=4383631"}],"wp:term":[{"taxonomy":"product_brand","embeddable":true,"href":"https:\/\/tupique.com\/es\/wp-json\/wp\/v2\/product_brand?post=4383631"},{"taxonomy":"product_cat","embeddable":true,"href":"https:\/\/tupique.com\/es\/wp-json\/wp\/v2\/product_cat?post=4383631"},{"taxonomy":"product_tag","embeddable":true,"href":"https:\/\/tupique.com\/es\/wp-json\/wp\/v2\/product_tag?post=4383631"}],"curies":[{"name":"wp","href":"https:\/\/api.w.org\/{rel}","templated":true}]}}