{"id":4383814,"date":"2026-04-08T07:01:15","date_gmt":"2026-04-08T06:01:15","guid":{"rendered":"https:\/\/tupique.com\/produit\/glaciere-dometic\/"},"modified":"2026-04-08T07:01:15","modified_gmt":"2026-04-08T06:01:15","slug":"glaciere-dometic","status":"publish","type":"product","link":"https:\/\/tupique.com\/es\/producto\/glaciere-dometic\/","title":{"rendered":"Enfriador Dometic"},"content":{"rendered":"<p>Si buscas las \u00faltimas tendencias del mercado, nosotros te ayudamos. <b>Enfriador Dometic<\/b> !<\/p>\n<p>Le <b>glaci\u00e8re portable<\/b> \u00e9lectrique Dometic CFF18 allie fonctionnalit\u00e9 et polyvalence pour garder vos aliments et boissons frais en toutes circonstances. Cette glaci\u00e8re se distingue par sa <b>capacit\u00e9 de 19 litres<\/b>, id\u00e9ale pour les petites sorties, les voyages en voiture ou les espaces r\u00e9duits n\u00e9cessitant un syst\u00e8me de refroidissement efficace. Son design compact et robuste est disponible en <b>noir et beige<\/b>, offrant des options adapt\u00e9es \u00e0 diff\u00e9rents styles et usages. \u00c9quip\u00e9 d\u2019un <b>compresseur<\/b> avanc\u00e9, ce mod\u00e8le garantit une performance de refroidissement sup\u00e9rieure pouvant fonctionner avec plusieurs sources d\u2019alimentation, notamment <b>12 V et 24 V<\/b> via l\u2019allume-cigare du v\u00e9hicule, ainsi qu\u2019en <b>230 V<\/b> pour une utilisation en courant domestique. Cette caract\u00e9ristique lui conf\u00e8re une grande polyvalence, aussi bien pour les v\u00e9hicules que pour la maison ou le bureau. L\u2019efficacit\u00e9 du compresseur permet d\u2019atteindre rapidement des temp\u00e9ratures basses et de les maintenir stables, optimisant la conservation de vos produits p\u00e9rissables sans consommation excessive d\u2019\u00e9nergie. De plus, sa structure et ses mat\u00e9riaux assurent durabilit\u00e9 et r\u00e9sistance, indispensables pour supporter les contraintes d\u2019une utilisation en ext\u00e9rieur. L\u2019association de sa taille, capacit\u00e9 et options de connectivit\u00e9 \u00e9lectrique fait de la <b>Dometic CFF18<\/b> une solution pratique pour ceux qui recherchent une glaci\u00e8re portable fiable et facile \u00e0 transporter. Son design pens\u00e9 pour la mobilit\u00e9 et sa compatibilit\u00e9 avec diverses sources d\u2019alimentation soulignent son r\u00f4le d\u2019outil indispensable pour les activit\u00e9s en plein air o\u00f9 conserver aliments et boissons dans des conditions optimales est prioritaire.<\/p>\n<ul>\n<li>Type: Glaci\u00e8re<\/li>\n<\/ul>","protected":false},"excerpt":{"rendered":"<p><span class=\"unit-info\">23.5258 &euro; \/ 1 l<\/span><\/p>","protected":false},"featured_media":4383808,"comment_status":"open","ping_status":"closed","template":"","meta":{"_joinchat":[]},"product_brand":[158262],"product_cat":[157659,158258,157554],"product_tag":[157546,157694],"class_list":{"0":"post-4383814","1":"product","2":"type-product","3":"status-publish","4":"has-post-thumbnail","6":"product_brand-brandp_5943","7":"product_cat-camping-et-montagne","8":"product_cat-frigos-portables","9":"product_cat-sports-loisirs","10":"product_tag-tag_1304","11":"product_tag-tag_3","13":"first","14":"instock","15":"taxable","16":"shipping-taxable","17":"purchasable","18":"product-type-simple"},"yoast_head":"<!-- This site is optimized with the Yoast SEO plugin v27.2 - https:\/\/yoast.com\/product\/yoast-seo-wordpress\/ -->\n<title>Glaci\u00e8re Dometic - Tupique<\/title>\n<meta name=\"description\" content=\"Vous cherchez Glaci\u00e8re Dometic ? Achetez des produits chez Tupique. Profitez de la livraison gratuite pour obtenir Glaci\u00e8re Dometic d\u00e8s maintenant.\" \/>\n<meta name=\"robots\" content=\"index, follow, max-snippet:-1, max-image-preview:large, max-video-preview:-1\" \/>\n<link rel=\"canonical\" href=\"https:\/\/tupique.com\/es\/producto\/glaciere-dometic\/\" \/>\n<meta property=\"og:locale\" content=\"es_ES\" \/>\n<meta property=\"og:type\" content=\"article\" \/>\n<meta property=\"og:title\" content=\"Glaci\u00e8re Dometic - Tupique\" \/>\n<meta property=\"og:description\" content=\"Vous cherchez Glaci\u00e8re Dometic ? Achetez des produits chez Tupique. Profitez de la livraison gratuite pour obtenir Glaci\u00e8re Dometic d\u00e8s maintenant.\" \/>\n<meta property=\"og:url\" content=\"https:\/\/tupique.com\/es\/producto\/glaciere-dometic\/\" \/>\n<meta property=\"og:site_name\" content=\"Tupique\" \/>\n<meta name=\"twitter:card\" content=\"summary_large_image\" \/>\n<meta name=\"twitter:label1\" content=\"Tiempo de lectura\" \/>\n\t<meta name=\"twitter:data1\" content=\"1 minuto\" \/>\n<script type=\"application\/ld+json\" class=\"yoast-schema-graph\">{\"@context\":\"https:\/\/schema.org\",\"@graph\":[{\"@type\":\"WebPage\",\"@id\":\"https:\/\/tupique.com\/produit\/glaciere-dometic\/\",\"url\":\"https:\/\/tupique.com\/produit\/glaciere-dometic\/\",\"name\":\"Glaci\u00e8re Dometic - Tupique\",\"isPartOf\":{\"@id\":\"https:\/\/tupique.com\/#website\"},\"primaryImageOfPage\":{\"@id\":\"https:\/\/tupique.com\/produit\/glaciere-dometic\/#primaryimage\"},\"image\":{\"@id\":\"https:\/\/tupique.com\/produit\/glaciere-dometic\/#primaryimage\"},\"thumbnailUrl\":\"https:\/\/tupique.com\/wp-content\/uploads\/2026\/04\/0034223331054_S71019932_P00.jpg\",\"datePublished\":\"2026-04-08T06:01:15+00:00\",\"description\":\"Vous cherchez Glaci\u00e8re Dometic ? Achetez des produits chez Tupique. Profitez de la livraison gratuite pour obtenir Glaci\u00e8re Dometic d\u00e8s maintenant.\",\"breadcrumb\":{\"@id\":\"https:\/\/tupique.com\/produit\/glaciere-dometic\/#breadcrumb\"},\"inLanguage\":\"es\",\"potentialAction\":[{\"@type\":\"ReadAction\",\"target\":[\"https:\/\/tupique.com\/produit\/glaciere-dometic\/\"]}]},{\"@type\":\"ImageObject\",\"inLanguage\":\"es\",\"@id\":\"https:\/\/tupique.com\/produit\/glaciere-dometic\/#primaryimage\",\"url\":\"https:\/\/tupique.com\/wp-content\/uploads\/2026\/04\/0034223331054_S71019932_P00.jpg\",\"contentUrl\":\"https:\/\/tupique.com\/wp-content\/uploads\/2026\/04\/0034223331054_S71019932_P00.jpg\",\"width\":1200,\"height\":1200,\"caption\":\"S71019932_0\"},{\"@type\":\"BreadcrumbList\",\"@id\":\"https:\/\/tupique.com\/produit\/glaciere-dometic\/#breadcrumb\",\"itemListElement\":[{\"@type\":\"ListItem\",\"position\":1,\"name\":\"In\u00edcio\",\"item\":\"https:\/\/tupique.com\/\"},{\"@type\":\"ListItem\",\"position\":2,\"name\":\"Boutique\",\"item\":\"https:\/\/tupique.com\/en\/boutique\/\"},{\"@type\":\"ListItem\",\"position\":3,\"name\":\"Glaci\u00e8re Dometic\"}]},{\"@type\":\"WebSite\",\"@id\":\"https:\/\/tupique.com\/#website\",\"url\":\"https:\/\/tupique.com\/\",\"name\":\"Tupique\",\"description\":\"Marketplace\",\"publisher\":{\"@id\":\"https:\/\/tupique.com\/#organization\"},\"potentialAction\":[{\"@type\":\"SearchAction\",\"target\":{\"@type\":\"EntryPoint\",\"urlTemplate\":\"https:\/\/tupique.com\/?s={search_term_string}\"},\"query-input\":{\"@type\":\"PropertyValueSpecification\",\"valueRequired\":true,\"valueName\":\"search_term_string\"}}],\"inLanguage\":\"es\"},{\"@type\":\"Organization\",\"@id\":\"https:\/\/tupique.com\/#organization\",\"name\":\"Tupique\",\"url\":\"https:\/\/tupique.com\/\",\"logo\":{\"@type\":\"ImageObject\",\"inLanguage\":\"es\",\"@id\":\"https:\/\/tupique.com\/#\/schema\/logo\/image\/\",\"url\":\"https:\/\/tupique.com\/wp-content\/uploads\/2024\/09\/logo.png\",\"contentUrl\":\"https:\/\/tupique.com\/wp-content\/uploads\/2024\/09\/logo.png\",\"width\":1118,\"height\":310,\"caption\":\"Tupique\"},\"image\":{\"@id\":\"https:\/\/tupique.com\/#\/schema\/logo\/image\/\"}}]}<\/script>\n<!-- \/ Yoast SEO plugin. -->","yoast_head_json":{"title":"Glaci\u00e8re Dometic - Tupique","description":"Vous cherchez Glaci\u00e8re Dometic ? Achetez des produits chez Tupique. Profitez de la livraison gratuite pour obtenir Glaci\u00e8re Dometic d\u00e8s maintenant.","robots":{"index":"index","follow":"follow","max-snippet":"max-snippet:-1","max-image-preview":"max-image-preview:large","max-video-preview":"max-video-preview:-1"},"canonical":"https:\/\/tupique.com\/es\/producto\/glaciere-dometic\/","og_locale":"es_ES","og_type":"article","og_title":"Glaci\u00e8re Dometic - Tupique","og_description":"Vous cherchez Glaci\u00e8re Dometic ? Achetez des produits chez Tupique. Profitez de la livraison gratuite pour obtenir Glaci\u00e8re Dometic d\u00e8s maintenant.","og_url":"https:\/\/tupique.com\/es\/producto\/glaciere-dometic\/","og_site_name":"Tupique","twitter_card":"summary_large_image","twitter_misc":{"Tiempo de lectura":"1 minuto"},"schema":{"@context":"https:\/\/schema.org","@graph":[{"@type":"WebPage","@id":"https:\/\/tupique.com\/produit\/glaciere-dometic\/","url":"https:\/\/tupique.com\/produit\/glaciere-dometic\/","name":"Glaci\u00e8re Dometic - Tupique","isPartOf":{"@id":"https:\/\/tupique.com\/#website"},"primaryImageOfPage":{"@id":"https:\/\/tupique.com\/produit\/glaciere-dometic\/#primaryimage"},"image":{"@id":"https:\/\/tupique.com\/produit\/glaciere-dometic\/#primaryimage"},"thumbnailUrl":"https:\/\/tupique.com\/wp-content\/uploads\/2026\/04\/0034223331054_S71019932_P00.jpg","datePublished":"2026-04-08T06:01:15+00:00","description":"Vous cherchez Glaci\u00e8re Dometic ? Achetez des produits chez Tupique. Profitez de la livraison gratuite pour obtenir Glaci\u00e8re Dometic d\u00e8s maintenant.","breadcrumb":{"@id":"https:\/\/tupique.com\/produit\/glaciere-dometic\/#breadcrumb"},"inLanguage":"es","potentialAction":[{"@type":"ReadAction","target":["https:\/\/tupique.com\/produit\/glaciere-dometic\/"]}]},{"@type":"ImageObject","inLanguage":"es","@id":"https:\/\/tupique.com\/produit\/glaciere-dometic\/#primaryimage","url":"https:\/\/tupique.com\/wp-content\/uploads\/2026\/04\/0034223331054_S71019932_P00.jpg","contentUrl":"https:\/\/tupique.com\/wp-content\/uploads\/2026\/04\/0034223331054_S71019932_P00.jpg","width":1200,"height":1200,"caption":"S71019932_0"},{"@type":"BreadcrumbList","@id":"https:\/\/tupique.com\/produit\/glaciere-dometic\/#breadcrumb","itemListElement":[{"@type":"ListItem","position":1,"name":"In\u00edcio","item":"https:\/\/tupique.com\/"},{"@type":"ListItem","position":2,"name":"Boutique","item":"https:\/\/tupique.com\/en\/boutique\/"},{"@type":"ListItem","position":3,"name":"Glaci\u00e8re Dometic"}]},{"@type":"WebSite","@id":"https:\/\/tupique.com\/#website","url":"https:\/\/tupique.com\/","name":"Tupique","description":"Marketplace","publisher":{"@id":"https:\/\/tupique.com\/#organization"},"potentialAction":[{"@type":"SearchAction","target":{"@type":"EntryPoint","urlTemplate":"https:\/\/tupique.com\/?s={search_term_string}"},"query-input":{"@type":"PropertyValueSpecification","valueRequired":true,"valueName":"search_term_string"}}],"inLanguage":"es"},{"@type":"Organization","@id":"https:\/\/tupique.com\/#organization","name":"Tupique","url":"https:\/\/tupique.com\/","logo":{"@type":"ImageObject","inLanguage":"es","@id":"https:\/\/tupique.com\/#\/schema\/logo\/image\/","url":"https:\/\/tupique.com\/wp-content\/uploads\/2024\/09\/logo.png","contentUrl":"https:\/\/tupique.com\/wp-content\/uploads\/2024\/09\/logo.png","width":1118,"height":310,"caption":"Tupique"},"image":{"@id":"https:\/\/tupique.com\/#\/schema\/logo\/image\/"}}]}},"jetpack_sharing_enabled":true,"_links":{"self":[{"href":"https:\/\/tupique.com\/es\/wp-json\/wp\/v2\/product\/4383814","targetHints":{"allow":["GET"]}}],"collection":[{"href":"https:\/\/tupique.com\/es\/wp-json\/wp\/v2\/product"}],"about":[{"href":"https:\/\/tupique.com\/es\/wp-json\/wp\/v2\/types\/product"}],"replies":[{"embeddable":true,"href":"https:\/\/tupique.com\/es\/wp-json\/wp\/v2\/comments?post=4383814"}],"wp:featuredmedia":[{"embeddable":true,"href":"https:\/\/tupique.com\/es\/wp-json\/wp\/v2\/media\/4383808"}],"wp:attachment":[{"href":"https:\/\/tupique.com\/es\/wp-json\/wp\/v2\/media?parent=4383814"}],"wp:term":[{"taxonomy":"product_brand","embeddable":true,"href":"https:\/\/tupique.com\/es\/wp-json\/wp\/v2\/product_brand?post=4383814"},{"taxonomy":"product_cat","embeddable":true,"href":"https:\/\/tupique.com\/es\/wp-json\/wp\/v2\/product_cat?post=4383814"},{"taxonomy":"product_tag","embeddable":true,"href":"https:\/\/tupique.com\/es\/wp-json\/wp\/v2\/product_tag?post=4383814"}],"curies":[{"name":"wp","href":"https:\/\/api.w.org\/{rel}","templated":true}]}}