{"id":4384083,"date":"2026-04-08T18:00:57","date_gmt":"2026-04-08T17:00:57","guid":{"rendered":"https:\/\/tupique.com\/produit\/ordinateur-portable-acer-nx-j7web-00d-39-amd-ryzen-5-5625u-8-gb-ram-512-gb-ssd\/"},"modified":"2026-04-08T18:55:30","modified_gmt":"2026-04-08T17:55:30","slug":"ordinateur-portable-acer-nx-j7web-00d-39-amd-ryzen-5-5625u-8-gb-ram-512-gb-ssd","status":"publish","type":"product","link":"https:\/\/tupique.com\/es\/producto\/ordinateur-portable-acer-nx-j7web-00d-39-amd-ryzen-5-5625u-8-gb-ram-512-gb-ssd\/","title":{"rendered":"Ordinateur Portable Acer NX.J7WEB.00D 39&#8243; AMD Ryzen 5 5625U 8 GB RAM 512 GB SSD"},"content":{"rendered":"<p>Si le apasiona\u2019<b>inform\u00e1tica y electr\u00f3nica<\/b>, Si est\u00e1s a la \u00faltima en tecnolog\u00eda y no quieres perderte nada, compra <b>Ordinateur Portable Acer NX.J7WEB.00D 39&#8243; AMD Ryzen 5 5625U 8 GB RAM 512 GB SSD<\/b> al mejor precio.<\/p>\n<p>Le <b>Port\u00e1til Acer Aspire Go 15<\/b> es un <b>ordinateur portable<\/b> qui allie un design \u00e9l\u00e9gant en <b>couleur argent\u00e9e<\/b> \u00e0 des performances solides pour les t\u00e2ches quotidiennes et professionnelles. \u00c9quip\u00e9 d\u2019un puissant processeur de la <b>famille AMD Ryzen 5, mod\u00e8le 5625U<\/b>, il offre une grande efficacit\u00e9 et rapidit\u00e9 dans l\u2019ex\u00e9cution des applications gr\u00e2ce \u00e0 son architecture moderne. Il dispose de <b>8 GB de memoria RAM<\/b>, garantissant un multit\u00e2che fluide et une bonne gestion des programmes exigeants ou de plusieurs fen\u00eatres ouvertes simultan\u00e9ment. Son <b>\u00e9cran de 15,6 pouces<\/b> offre une taille id\u00e9ale pour travailler, regarder du contenu ou passer des appels vid\u00e9o confortablement, avec un format favorisant une visualisation claire et large. Pour le stockage, il est dot\u00e9 d\u2019un rapide <b>SSD de 512 Go<\/b>, qui augmente non seulement la capacit\u00e9 de sauvegarde de documents, photos ou logiciels, mais am\u00e9liore aussi significativement les temps de d\u00e9marrage et de chargement des fichiers. Il comprend \u00e9galement un <b>clavier num\u00e9rique int\u00e9gr\u00e9<\/b>, particuli\u00e8rement utile pour les utilisateurs qui doivent saisir rapidement et confortablement des donn\u00e9es num\u00e9riques. Le syst\u00e8me d\u2019exploitation pr\u00e9install\u00e9 est <b>Windows 11 Home<\/b>, offrant une exp\u00e9rience utilisateur moderne, une meilleure s\u00e9curit\u00e9 et une compatibilit\u00e9 avec un large \u00e9ventail d\u2019applications actuelles. Cette combinaison de caract\u00e9ristiques fait de l\u2019Acer Aspire Go 15 une solution efficace et polyvalente pour les utilisateurs recherchant un \u00e9quilibre entre puissance, taille et fonctionnalit\u00e9 dans un portable polyvalent.<\/p>\n<ul>\n<li>Tipo de memoria:\n<ul>\n<li>SDRAM<\/li>\n<li>DDR4 SDRAM<\/li>\n<\/ul>\n<\/li>\n<li>Tipo:\n<ul>\n<li>Ordinateur Portable<\/li>\n<li>Clavier num\u00e9rique<\/li>\n<li>Touchpad<\/li>\n<\/ul>\n<\/li>\n<li>Producto enchufable: S\u00ed<\/li>\n<li>Diagonal de pantalla (cm):\n<ul>\n<li>99,1 cm<\/li>\n<li>39,6 cm<\/li>\n<\/ul>\n<\/li>\n<li>Tipo de enchufe: enchufe UE<\/li>\n<li>Clavier: Espagnol Qwerty<\/li>\n<li>Bloc d\u2019Alimentation: r\u00e9seau \u00e9lectrique<\/li>\n<li>Conectividad:\n<ul>\n<li>Wi-Fi de 6 GHz<\/li>\n<li>Bluetooth<\/li>\n<li>Ethernet LAN<\/li>\n<li>Bluetooth 5.1<\/li>\n<\/ul>\n<\/li>\n<li>Pantalla:\n<ul>\n<li>39&#8243;<\/li>\n<li>15,6&#8243;<\/li>\n<\/ul>\n<\/li>\n<li>Processeur: AMD Ryzen 5 5625U<\/li>\n<li>Caracter\u00edsticas:\n<ul>\n<li>C\u00e1mara frontal<\/li>\n<li>Micr\u00f3fono incorporado<\/li>\n<li>2 altavoces<\/li>\n<li>Adaptateur graphique int\u00e9gr\u00e9<\/li>\n<\/ul>\n<\/li>\n<li>Conexiones:\n<ul>\n<li>HDMI<\/li>\n<li>RJ45<\/li>\n<li>USB-C 3.2 Gen 2 (3.1 Gen 2)<\/li>\n<li>PCI Express 4.0<\/li>\n<li>USB-A 3.2<\/li>\n<li>C\u00e2ble jack 3,3 mm<\/li>\n<\/ul>\n<\/li>\n<li>Relaci\u00f3n de aspecto: 16:9<\/li>\n<li>Resoluci\u00f3n: Full HD<\/li>\n<li>Finition: Mat<\/li>\n<li>Couleur: Argent\u00e9<\/li>\n<li>Disque dur: 512 GB SSD<\/li>\n<li>Memoria RAM: 8 GB RAM<\/li>\n<li>puissance: 65 W<\/li>\n<li>Technologie: TN<\/li>\n<li>Exigences: 64 bits<\/li>\n<li>Format: M.2<\/li>\n<li>velocidad:\n<ul>\n<li>10\/100\/1000 Mbps<\/li>\n<li>2.3 GHz<\/li>\n<li>4.3 Ghz<\/li>\n<\/ul>\n<\/li>\n<li>Pantalla t\u00e1ctil: No<\/li>\n<li>Non Inclus:\n<ul>\n<li>Adaptateur AC<\/li>\n<li>Conexi\u00f3n a la red m\u00f3vil<\/li>\n<\/ul>\n<\/li>\n<li>Frecuencia: 60 Hz<\/li>\n<li>Connecteurs: Kensington<\/li>\n<li>Inclut: SSD x 1<\/li>\n<li>Type de stockage: SSD<\/li>\n<li>Tipo de bater\u00eda: Litio Ion<\/li>\n<li>Syst\u00e8me d&#8217;exploitation: Windows 11 Home<\/li>\n<li>N\u00facleos: 6 n\u00facleos<\/li>\n<li>Autonomie approx.: 12 heures<\/li>\n<li>Familia de procesadores:\n<ul>\n<li>AMD Ryzen 5<\/li>\n<li>AMD<\/li>\n<\/ul>\n<\/li>\n<li>Resoluci\u00f3n (px): 1920 x 1080 px<\/li>\n<li>Contr\u00f4leur graphique: AMD RADEON GRAPHICS<\/li>\n<\/ul>","protected":false},"excerpt":{"rendered":"<p>Si vous \u00eates passionn\u00e9 d&#8217;informatique et d&#8217;\u00e9lectronique, si vous \u00eates \u00e0 la pointe de la technologie et qu&#8217;aucun d\u00e9tail ne<\/p>","protected":false},"featured_media":4384078,"comment_status":"open","ping_status":"closed","template":"","meta":{"_joinchat":[]},"product_brand":[158077],"product_cat":[157516,157583,155043],"product_tag":[157514,157515],"class_list":{"0":"post-4384083","1":"product","2":"type-product","3":"status-publish","4":"has-post-thumbnail","6":"product_brand-brandp_529","7":"product_cat-informatique-electronique","8":"product_cat-informatique-ordinateurs","9":"product_cat-notebooks","10":"product_tag-tag_933","11":"product_tag-tag_1295","13":"first","14":"instock","15":"taxable","16":"shipping-taxable","17":"purchasable","18":"product-type-simple"},"yoast_head":"<!-- This site is optimized with the Yoast SEO plugin v27.2 - https:\/\/yoast.com\/product\/yoast-seo-wordpress\/ -->\n<title>Ordinateur Portable Acer NX.J7WEB.00D 39&quot; AMD Ryzen 5 5625U 8 GB RAM 512 GB SSD - Tupique<\/title>\n<meta name=\"description\" content=\"Vous cherchez Ordinateur Portable Acer NX.J7WEB.00D 39&quot; AMD Ryzen 5 5625U 8 GB RAM 512 GB SSD ? Achetez des produits chez Tupique. Profitez de la livraison gratuite pour obtenir Ordinateur Portable Acer NX.J7WEB.00D 39&quot; AMD Ryzen 5 5625U 8 GB RAM 512 GB SSD d\u00e8s maintenant.\" \/>\n<meta name=\"robots\" content=\"index, follow, max-snippet:-1, max-image-preview:large, max-video-preview:-1\" \/>\n<link rel=\"canonical\" href=\"https:\/\/tupique.com\/es\/producto\/ordinateur-portable-acer-nx-j7web-00d-39-amd-ryzen-5-5625u-8-gb-ram-512-gb-ssd\/\" \/>\n<meta property=\"og:locale\" content=\"es_ES\" \/>\n<meta property=\"og:type\" content=\"article\" \/>\n<meta property=\"og:title\" content=\"Ordinateur Portable Acer NX.J7WEB.00D 39&quot; AMD Ryzen 5 5625U 8 GB RAM 512 GB SSD - Tupique\" \/>\n<meta property=\"og:description\" content=\"Vous cherchez Ordinateur Portable Acer NX.J7WEB.00D 39&quot; AMD Ryzen 5 5625U 8 GB RAM 512 GB SSD ? Achetez des produits chez Tupique. Profitez de la livraison gratuite pour obtenir Ordinateur Portable Acer NX.J7WEB.00D 39&quot; AMD Ryzen 5 5625U 8 GB RAM 512 GB SSD d\u00e8s maintenant.\" \/>\n<meta property=\"og:url\" content=\"https:\/\/tupique.com\/es\/producto\/ordinateur-portable-acer-nx-j7web-00d-39-amd-ryzen-5-5625u-8-gb-ram-512-gb-ssd\/\" \/>\n<meta property=\"og:site_name\" content=\"Tupique\" \/>\n<meta property=\"article:modified_time\" content=\"2026-04-08T17:55:30+00:00\" \/>\n<meta property=\"og:image\" content=\"https:\/\/tupique.com\/wp-content\/uploads\/2026\/04\/4711474322739_I00.jpg\" \/>\n\t<meta property=\"og:image:width\" content=\"1200\" \/>\n\t<meta property=\"og:image:height\" content=\"1200\" \/>\n\t<meta property=\"og:image:type\" content=\"image\/jpeg\" \/>\n<meta name=\"twitter:card\" content=\"summary_large_image\" \/>\n<meta name=\"twitter:label1\" content=\"Tiempo de lectura\" \/>\n\t<meta name=\"twitter:data1\" content=\"2 minutos\" \/>\n<script type=\"application\/ld+json\" class=\"yoast-schema-graph\">{\"@context\":\"https:\/\/schema.org\",\"@graph\":[{\"@type\":\"WebPage\",\"@id\":\"https:\/\/tupique.com\/produit\/ordinateur-portable-acer-nx-j7web-00d-39-amd-ryzen-5-5625u-8-gb-ram-512-gb-ssd\/\",\"url\":\"https:\/\/tupique.com\/produit\/ordinateur-portable-acer-nx-j7web-00d-39-amd-ryzen-5-5625u-8-gb-ram-512-gb-ssd\/\",\"name\":\"Ordinateur Portable Acer NX.J7WEB.00D 39\\\" AMD Ryzen 5 5625U 8 GB RAM 512 GB SSD - Tupique\",\"isPartOf\":{\"@id\":\"https:\/\/tupique.com\/#website\"},\"primaryImageOfPage\":{\"@id\":\"https:\/\/tupique.com\/produit\/ordinateur-portable-acer-nx-j7web-00d-39-amd-ryzen-5-5625u-8-gb-ram-512-gb-ssd\/#primaryimage\"},\"image\":{\"@id\":\"https:\/\/tupique.com\/produit\/ordinateur-portable-acer-nx-j7web-00d-39-amd-ryzen-5-5625u-8-gb-ram-512-gb-ssd\/#primaryimage\"},\"thumbnailUrl\":\"https:\/\/tupique.com\/wp-content\/uploads\/2026\/04\/4711474322739_I00.jpg\",\"datePublished\":\"2026-04-08T17:00:57+00:00\",\"dateModified\":\"2026-04-08T17:55:30+00:00\",\"description\":\"Vous cherchez Ordinateur Portable Acer NX.J7WEB.00D 39\\\" AMD Ryzen 5 5625U 8 GB RAM 512 GB SSD ? Achetez des produits chez Tupique. Profitez de la livraison gratuite pour obtenir Ordinateur Portable Acer NX.J7WEB.00D 39\\\" AMD Ryzen 5 5625U 8 GB RAM 512 GB SSD d\u00e8s maintenant.\",\"breadcrumb\":{\"@id\":\"https:\/\/tupique.com\/produit\/ordinateur-portable-acer-nx-j7web-00d-39-amd-ryzen-5-5625u-8-gb-ram-512-gb-ssd\/#breadcrumb\"},\"inLanguage\":\"es\",\"potentialAction\":[{\"@type\":\"ReadAction\",\"target\":[\"https:\/\/tupique.com\/produit\/ordinateur-portable-acer-nx-j7web-00d-39-amd-ryzen-5-5625u-8-gb-ram-512-gb-ssd\/\"]}]},{\"@type\":\"ImageObject\",\"inLanguage\":\"es\",\"@id\":\"https:\/\/tupique.com\/produit\/ordinateur-portable-acer-nx-j7web-00d-39-amd-ryzen-5-5625u-8-gb-ram-512-gb-ssd\/#primaryimage\",\"url\":\"https:\/\/tupique.com\/wp-content\/uploads\/2026\/04\/4711474322739_I00.jpg\",\"contentUrl\":\"https:\/\/tupique.com\/wp-content\/uploads\/2026\/04\/4711474322739_I00.jpg\",\"width\":1200,\"height\":1200,\"caption\":\"S0466208_0\"},{\"@type\":\"BreadcrumbList\",\"@id\":\"https:\/\/tupique.com\/produit\/ordinateur-portable-acer-nx-j7web-00d-39-amd-ryzen-5-5625u-8-gb-ram-512-gb-ssd\/#breadcrumb\",\"itemListElement\":[{\"@type\":\"ListItem\",\"position\":1,\"name\":\"In\u00edcio\",\"item\":\"https:\/\/tupique.com\/\"},{\"@type\":\"ListItem\",\"position\":2,\"name\":\"Boutique\",\"item\":\"https:\/\/tupique.com\/en\/boutique\/\"},{\"@type\":\"ListItem\",\"position\":3,\"name\":\"Ordinateur Portable Acer NX.J7WEB.00D 39&#8243; AMD Ryzen 5 5625U 8 GB RAM 512 GB SSD\"}]},{\"@type\":\"WebSite\",\"@id\":\"https:\/\/tupique.com\/#website\",\"url\":\"https:\/\/tupique.com\/\",\"name\":\"Tupique\",\"description\":\"Marketplace\",\"publisher\":{\"@id\":\"https:\/\/tupique.com\/#organization\"},\"potentialAction\":[{\"@type\":\"SearchAction\",\"target\":{\"@type\":\"EntryPoint\",\"urlTemplate\":\"https:\/\/tupique.com\/?s={search_term_string}\"},\"query-input\":{\"@type\":\"PropertyValueSpecification\",\"valueRequired\":true,\"valueName\":\"search_term_string\"}}],\"inLanguage\":\"es\"},{\"@type\":\"Organization\",\"@id\":\"https:\/\/tupique.com\/#organization\",\"name\":\"Tupique\",\"url\":\"https:\/\/tupique.com\/\",\"logo\":{\"@type\":\"ImageObject\",\"inLanguage\":\"es\",\"@id\":\"https:\/\/tupique.com\/#\/schema\/logo\/image\/\",\"url\":\"https:\/\/tupique.com\/wp-content\/uploads\/2024\/09\/logo.png\",\"contentUrl\":\"https:\/\/tupique.com\/wp-content\/uploads\/2024\/09\/logo.png\",\"width\":1118,\"height\":310,\"caption\":\"Tupique\"},\"image\":{\"@id\":\"https:\/\/tupique.com\/#\/schema\/logo\/image\/\"}}]}<\/script>\n<!-- \/ Yoast SEO plugin. -->","yoast_head_json":{"title":"Ordinateur Portable Acer NX.J7WEB.00D 39\" AMD Ryzen 5 5625U 8 GB RAM 512 GB SSD - Tupique","description":"Vous cherchez Ordinateur Portable Acer NX.J7WEB.00D 39\" AMD Ryzen 5 5625U 8 GB RAM 512 GB SSD ? Achetez des produits chez Tupique. Profitez de la livraison gratuite pour obtenir Ordinateur Portable Acer NX.J7WEB.00D 39\" AMD Ryzen 5 5625U 8 GB RAM 512 GB SSD d\u00e8s maintenant.","robots":{"index":"index","follow":"follow","max-snippet":"max-snippet:-1","max-image-preview":"max-image-preview:large","max-video-preview":"max-video-preview:-1"},"canonical":"https:\/\/tupique.com\/es\/producto\/ordinateur-portable-acer-nx-j7web-00d-39-amd-ryzen-5-5625u-8-gb-ram-512-gb-ssd\/","og_locale":"es_ES","og_type":"article","og_title":"Ordinateur Portable Acer NX.J7WEB.00D 39\" AMD Ryzen 5 5625U 8 GB RAM 512 GB SSD - Tupique","og_description":"Vous cherchez Ordinateur Portable Acer NX.J7WEB.00D 39\" AMD Ryzen 5 5625U 8 GB RAM 512 GB SSD ? Achetez des produits chez Tupique. Profitez de la livraison gratuite pour obtenir Ordinateur Portable Acer NX.J7WEB.00D 39\" AMD Ryzen 5 5625U 8 GB RAM 512 GB SSD d\u00e8s maintenant.","og_url":"https:\/\/tupique.com\/es\/producto\/ordinateur-portable-acer-nx-j7web-00d-39-amd-ryzen-5-5625u-8-gb-ram-512-gb-ssd\/","og_site_name":"Tupique","article_modified_time":"2026-04-08T17:55:30+00:00","og_image":[{"width":1200,"height":1200,"url":"https:\/\/tupique.com\/wp-content\/uploads\/2026\/04\/4711474322739_I00.jpg","type":"image\/jpeg"}],"twitter_card":"summary_large_image","twitter_misc":{"Tiempo de lectura":"2 minutos"},"schema":{"@context":"https:\/\/schema.org","@graph":[{"@type":"WebPage","@id":"https:\/\/tupique.com\/produit\/ordinateur-portable-acer-nx-j7web-00d-39-amd-ryzen-5-5625u-8-gb-ram-512-gb-ssd\/","url":"https:\/\/tupique.com\/produit\/ordinateur-portable-acer-nx-j7web-00d-39-amd-ryzen-5-5625u-8-gb-ram-512-gb-ssd\/","name":"Ordinateur Portable Acer NX.J7WEB.00D 39\" AMD Ryzen 5 5625U 8 GB RAM 512 GB SSD - Tupique","isPartOf":{"@id":"https:\/\/tupique.com\/#website"},"primaryImageOfPage":{"@id":"https:\/\/tupique.com\/produit\/ordinateur-portable-acer-nx-j7web-00d-39-amd-ryzen-5-5625u-8-gb-ram-512-gb-ssd\/#primaryimage"},"image":{"@id":"https:\/\/tupique.com\/produit\/ordinateur-portable-acer-nx-j7web-00d-39-amd-ryzen-5-5625u-8-gb-ram-512-gb-ssd\/#primaryimage"},"thumbnailUrl":"https:\/\/tupique.com\/wp-content\/uploads\/2026\/04\/4711474322739_I00.jpg","datePublished":"2026-04-08T17:00:57+00:00","dateModified":"2026-04-08T17:55:30+00:00","description":"Vous cherchez Ordinateur Portable Acer NX.J7WEB.00D 39\" AMD Ryzen 5 5625U 8 GB RAM 512 GB SSD ? Achetez des produits chez Tupique. Profitez de la livraison gratuite pour obtenir Ordinateur Portable Acer NX.J7WEB.00D 39\" AMD Ryzen 5 5625U 8 GB RAM 512 GB SSD d\u00e8s maintenant.","breadcrumb":{"@id":"https:\/\/tupique.com\/produit\/ordinateur-portable-acer-nx-j7web-00d-39-amd-ryzen-5-5625u-8-gb-ram-512-gb-ssd\/#breadcrumb"},"inLanguage":"es","potentialAction":[{"@type":"ReadAction","target":["https:\/\/tupique.com\/produit\/ordinateur-portable-acer-nx-j7web-00d-39-amd-ryzen-5-5625u-8-gb-ram-512-gb-ssd\/"]}]},{"@type":"ImageObject","inLanguage":"es","@id":"https:\/\/tupique.com\/produit\/ordinateur-portable-acer-nx-j7web-00d-39-amd-ryzen-5-5625u-8-gb-ram-512-gb-ssd\/#primaryimage","url":"https:\/\/tupique.com\/wp-content\/uploads\/2026\/04\/4711474322739_I00.jpg","contentUrl":"https:\/\/tupique.com\/wp-content\/uploads\/2026\/04\/4711474322739_I00.jpg","width":1200,"height":1200,"caption":"S0466208_0"},{"@type":"BreadcrumbList","@id":"https:\/\/tupique.com\/produit\/ordinateur-portable-acer-nx-j7web-00d-39-amd-ryzen-5-5625u-8-gb-ram-512-gb-ssd\/#breadcrumb","itemListElement":[{"@type":"ListItem","position":1,"name":"In\u00edcio","item":"https:\/\/tupique.com\/"},{"@type":"ListItem","position":2,"name":"Boutique","item":"https:\/\/tupique.com\/en\/boutique\/"},{"@type":"ListItem","position":3,"name":"Ordinateur Portable Acer NX.J7WEB.00D 39&#8243; AMD Ryzen 5 5625U 8 GB RAM 512 GB SSD"}]},{"@type":"WebSite","@id":"https:\/\/tupique.com\/#website","url":"https:\/\/tupique.com\/","name":"Tupique","description":"Marketplace","publisher":{"@id":"https:\/\/tupique.com\/#organization"},"potentialAction":[{"@type":"SearchAction","target":{"@type":"EntryPoint","urlTemplate":"https:\/\/tupique.com\/?s={search_term_string}"},"query-input":{"@type":"PropertyValueSpecification","valueRequired":true,"valueName":"search_term_string"}}],"inLanguage":"es"},{"@type":"Organization","@id":"https:\/\/tupique.com\/#organization","name":"Tupique","url":"https:\/\/tupique.com\/","logo":{"@type":"ImageObject","inLanguage":"es","@id":"https:\/\/tupique.com\/#\/schema\/logo\/image\/","url":"https:\/\/tupique.com\/wp-content\/uploads\/2024\/09\/logo.png","contentUrl":"https:\/\/tupique.com\/wp-content\/uploads\/2024\/09\/logo.png","width":1118,"height":310,"caption":"Tupique"},"image":{"@id":"https:\/\/tupique.com\/#\/schema\/logo\/image\/"}}]}},"jetpack_sharing_enabled":true,"_links":{"self":[{"href":"https:\/\/tupique.com\/es\/wp-json\/wp\/v2\/product\/4384083","targetHints":{"allow":["GET"]}}],"collection":[{"href":"https:\/\/tupique.com\/es\/wp-json\/wp\/v2\/product"}],"about":[{"href":"https:\/\/tupique.com\/es\/wp-json\/wp\/v2\/types\/product"}],"replies":[{"embeddable":true,"href":"https:\/\/tupique.com\/es\/wp-json\/wp\/v2\/comments?post=4384083"}],"wp:featuredmedia":[{"embeddable":true,"href":"https:\/\/tupique.com\/es\/wp-json\/wp\/v2\/media\/4384078"}],"wp:attachment":[{"href":"https:\/\/tupique.com\/es\/wp-json\/wp\/v2\/media?parent=4384083"}],"wp:term":[{"taxonomy":"product_brand","embeddable":true,"href":"https:\/\/tupique.com\/es\/wp-json\/wp\/v2\/product_brand?post=4384083"},{"taxonomy":"product_cat","embeddable":true,"href":"https:\/\/tupique.com\/es\/wp-json\/wp\/v2\/product_cat?post=4384083"},{"taxonomy":"product_tag","embeddable":true,"href":"https:\/\/tupique.com\/es\/wp-json\/wp\/v2\/product_tag?post=4384083"}],"curies":[{"name":"wp","href":"https:\/\/api.w.org\/{rel}","templated":true}]}}