{"id":4384141,"date":"2026-04-08T18:02:08","date_gmt":"2026-04-08T17:02:08","guid":{"rendered":"https:\/\/tupique.com\/produit\/pc-de-bureau-lenovo-13b9001csp-8-gb-ram-256-gb-ssd\/"},"modified":"2026-04-08T18:55:35","modified_gmt":"2026-04-08T17:55:35","slug":"pc-de-bureau-lenovo-13b9001csp-8-gb-ram-256-gb-ssd","status":"publish","type":"product","link":"https:\/\/tupique.com\/es\/producto\/pc-de-bureau-lenovo-13b9001csp-8-gb-ram-256-gb-ssd\/","title":{"rendered":"PC de bureau Lenovo 13B9001CSP 8 GB RAM 256 GB SSD"},"content":{"rendered":"<p>Si buscas las \u00faltimas tendencias del mercado, nosotros te ayudamos. <b>PC de bureau Lenovo 13B9001CSP 8 GB RAM 256 GB SSD<\/b> !<\/p>\n<p>Le <b>ThinkCentre neo 50q Gen 5<\/b> de Lenovo est un <b>PC de sobremesa<\/b> compact et performant, con\u00e7u pour les environnements professionnels et domestiques n\u00e9cessitant fiabilit\u00e9 et efficacit\u00e9 dans un format discret. Ce mod\u00e8le, en <b>noir \u00e9l\u00e9gant<\/b>, int\u00e8gre un processeur Intel Core de derni\u00e8re g\u00e9n\u00e9ration qui, associ\u00e9 \u00e0 ses <b>8 Go de m\u00e9moire RAM DDR5 SDRAM<\/b>, assure un multit\u00e2che fluide et des temps de r\u00e9ponse rapides, aussi bien pour les applications bureautiques que pour la navigation intensive. Il dispose d\u2019un <b>SSD de 256 Go<\/b>, offrant des d\u00e9marrages rapides du syst\u00e8me et un acc\u00e8s instantan\u00e9 aux documents et fichiers essentiels, tout en optimisant la gestion de l\u2019espace de stockage. La connectivit\u00e9 est garantie gr\u00e2ce \u00e0 la compatibilit\u00e9 <b>Wi-Fi de 6 GHz<\/b> y <b>Bluetooth<\/b>, facilitant la connexion stable aux r\u00e9seaux sans fil haut d\u00e9bit et aux p\u00e9riph\u00e9riques comme les imprimantes ou les casques audio. Le syst\u00e8me comprend des <b>ports HDMI et USB 2.0<\/b> pour une int\u00e9gration ais\u00e9e avec les moniteurs et autres accessoires, ainsi que des haut-parleurs int\u00e9gr\u00e9s pratiques pour les r\u00e9unions en ligne ou les pr\u00e9sentations multim\u00e9dias. L\u2019int\u00e9gration de technologies r\u00e9centes, telles que la m\u00e9moire DDR5 et la prise en charge des r\u00e9seaux Wi-Fi de derni\u00e8re g\u00e9n\u00e9ration, positionne ce ThinkCentre comme une solution avanc\u00e9e dans le segment des ordinateurs de bureau compacts, id\u00e9ale pour les espaces de travail modernes o\u00f9 robustesse et connectivit\u00e9 sont essentielles sans sacrifier un design minimaliste. En r\u00e9sum\u00e9, cette solution Lenovo allie praticit\u00e9, performance et fiabilit\u00e9 dans un appareil con\u00e7u pour g\u00e9rer efficacement les t\u00e2ches quotidiennes et professionnelles.<\/p>\n<ul>\n<li>Tipo:\n<ul>\n<li>PC de sobremesa<\/li>\n<li>SSD<\/li>\n<li>Mini PC<\/li>\n<\/ul>\n<\/li>\n<li>Producto enchufable: S\u00ed<\/li>\n<li>Fuente de alimentaci\u00f3n:\n<ul>\n<li>r\u00e9seau \u00e9lectrique<\/li>\n<li>65 W<\/li>\n<li>65 V<\/li>\n<\/ul>\n<\/li>\n<li>Chipset:\n<ul>\n<li>INTEL\u00ae SOC<\/li>\n<li>Intel SoC<\/li>\n<\/ul>\n<\/li>\n<li>Type d&#8217;unit\u00e9 optique: Non<\/li>\n<li>Contr\u00f4leur graphique: Intel UHD Graphics<\/li>\n<li>Incluye:\n<ul>\n<li>Souris<\/li>\n<li>Teclado<\/li>\n<li>SSD x 1<\/li>\n<\/ul>\n<\/li>\n<li>Syst\u00e8me d&#8217;exploitation: Windows 11 Pro<\/li>\n<li>Conectividad:\n<ul>\n<li>Bluetooth<\/li>\n<li>Wi-Fi<\/li>\n<li>Ethernet LAN<\/li>\n<li>Wi-Fi de 6 GHz<\/li>\n<li>Bluetooth 5.3<\/li>\n<li>Wi-Fi 6E ghz<\/li>\n<\/ul>\n<\/li>\n<li>Tipo de memoria:\n<ul>\n<li>DDR5-SDRAM<\/li>\n<li>SDRAM DDR5<\/li>\n<\/ul>\n<\/li>\n<li>Conexiones:\n<ul>\n<li>HDMI<\/li>\n<li>USB 2.0<\/li>\n<li>DisplayPort<\/li>\n<li>Ethernet LAN<\/li>\n<li>USB 3.2<\/li>\n<li>M.2<\/li>\n<li>RJ45<\/li>\n<li>HDMI 2.1 x 1<\/li>\n<li>USB-C 3.2 Gen 2 (3.1 Gen 2)<\/li>\n<li>PCI Express 4.0<\/li>\n<li>DisplayPort x 1<\/li>\n<li>USB 3.2 x 3<\/li>\n<li>C\u00e2ble jack 3,3 mm<\/li>\n<\/ul>\n<\/li>\n<li>Color: Negro<\/li>\n<li>Nombre de fils: 8<\/li>\n<li>Memoria RAM: 8 GB RAM<\/li>\n<li>Disque dur: 256 GB SSD<\/li>\n<li>Caracter\u00edsticas:\n<ul>\n<li>Altavoces<\/li>\n<li>Adaptateur graphique int\u00e9gr\u00e9<\/li>\n<\/ul>\n<\/li>\n<li>Frecuencia:\n<ul>\n<li>50 - 60 Hz<\/li>\n<li>4,5 GHz<\/li>\n<\/ul>\n<\/li>\n<li>Tensi\u00f3n: 100 - 240 V<\/li>\n<li>Non Inclus:\n<ul>\n<li>Type d&#8217;unit\u00e9 optique<\/li>\n<li>Adaptateur graphique discret<\/li>\n<\/ul>\n<\/li>\n<li>Exigences: 64 bits<\/li>\n<li>Format:\n<ul>\n<li>M.2<\/li>\n<li>1 x 8 GB<\/li>\n<\/ul>\n<\/li>\n<li>Facteur de forme: SO-DIMM<\/li>\n<li>Connecteurs: Kensington<\/li>\n<li>vitesse: 100\/1000 Mbps<\/li>\n<li>Type de stockage: SSD<\/li>\n<li>N\u00facleos: 6 n\u00facleos<\/li>\n<li>Familia de procesadores:\n<ul>\n<li>Intel Core i3<\/li>\n<li>Intel<\/li>\n<\/ul>\n<\/li>\n<li>Processeur: I3-1315U<\/li>\n<li>M\u00e9moire RAM maximale: 64 GB<\/li>\n<\/ul>","protected":false},"excerpt":{"rendered":"<p>Si vous \u00eates \u00e0 la recherche de nouvelles tendances sur le march\u00e9, nous vous pr\u00e9sentons PC de bureau Lenovo 13B9001CSP<\/p>","protected":false},"featured_media":4384109,"comment_status":"open","ping_status":"closed","template":"","meta":{"_joinchat":[]},"product_brand":[157965],"product_cat":[157516,157583,157584],"product_tag":[157514,157515],"class_list":{"0":"post-4384141","1":"product","2":"type-product","3":"status-publish","4":"has-post-thumbnail","6":"product_brand-brandp_558","7":"product_cat-informatique-electronique","8":"product_cat-informatique-ordinateurs","9":"product_cat-ordinateur-de-bureau","10":"product_tag-tag_933","11":"product_tag-tag_1295","13":"first","14":"instock","15":"taxable","16":"shipping-taxable","17":"purchasable","18":"product-type-simple"},"yoast_head":"<!-- This site is optimized with the Yoast SEO plugin v27.2 - https:\/\/yoast.com\/product\/yoast-seo-wordpress\/ -->\n<title>PC de bureau Lenovo 13B9001CSP 8 GB RAM 256 GB SSD - Tupique<\/title>\n<meta name=\"description\" content=\"Vous cherchez PC de bureau Lenovo 13B9001CSP 8 GB RAM 256 GB SSD ? Achetez des produits chez Tupique. Profitez de la livraison gratuite pour obtenir PC de bureau Lenovo 13B9001CSP 8 GB RAM 256 GB SSD d\u00e8s maintenant.\" \/>\n<meta name=\"robots\" content=\"index, follow, max-snippet:-1, max-image-preview:large, max-video-preview:-1\" \/>\n<link rel=\"canonical\" href=\"https:\/\/tupique.com\/es\/producto\/pc-de-bureau-lenovo-13b9001csp-8-gb-ram-256-gb-ssd\/\" \/>\n<meta property=\"og:locale\" content=\"es_ES\" \/>\n<meta property=\"og:type\" content=\"article\" \/>\n<meta property=\"og:title\" content=\"PC de bureau Lenovo 13B9001CSP 8 GB RAM 256 GB SSD - Tupique\" \/>\n<meta property=\"og:description\" content=\"Vous cherchez PC de bureau Lenovo 13B9001CSP 8 GB RAM 256 GB SSD ? Achetez des produits chez Tupique. Profitez de la livraison gratuite pour obtenir PC de bureau Lenovo 13B9001CSP 8 GB RAM 256 GB SSD d\u00e8s maintenant.\" \/>\n<meta property=\"og:url\" content=\"https:\/\/tupique.com\/es\/producto\/pc-de-bureau-lenovo-13b9001csp-8-gb-ram-256-gb-ssd\/\" \/>\n<meta property=\"og:site_name\" content=\"Tupique\" \/>\n<meta property=\"article:modified_time\" content=\"2026-04-08T17:55:35+00:00\" \/>\n<meta property=\"og:image\" content=\"https:\/\/tupique.com\/wp-content\/uploads\/2026\/04\/0198158167130_S55306867_P00.jpg\" \/>\n\t<meta property=\"og:image:width\" content=\"1200\" \/>\n\t<meta property=\"og:image:height\" content=\"1200\" \/>\n\t<meta property=\"og:image:type\" content=\"image\/jpeg\" \/>\n<meta name=\"twitter:card\" content=\"summary_large_image\" \/>\n<meta name=\"twitter:label1\" content=\"Tiempo de lectura\" \/>\n\t<meta name=\"twitter:data1\" content=\"2 minutos\" \/>\n<script type=\"application\/ld+json\" class=\"yoast-schema-graph\">{\"@context\":\"https:\/\/schema.org\",\"@graph\":[{\"@type\":\"WebPage\",\"@id\":\"https:\/\/tupique.com\/produit\/pc-de-bureau-lenovo-13b9001csp-8-gb-ram-256-gb-ssd\/\",\"url\":\"https:\/\/tupique.com\/produit\/pc-de-bureau-lenovo-13b9001csp-8-gb-ram-256-gb-ssd\/\",\"name\":\"PC de bureau Lenovo 13B9001CSP 8 GB RAM 256 GB SSD - Tupique\",\"isPartOf\":{\"@id\":\"https:\/\/tupique.com\/#website\"},\"primaryImageOfPage\":{\"@id\":\"https:\/\/tupique.com\/produit\/pc-de-bureau-lenovo-13b9001csp-8-gb-ram-256-gb-ssd\/#primaryimage\"},\"image\":{\"@id\":\"https:\/\/tupique.com\/produit\/pc-de-bureau-lenovo-13b9001csp-8-gb-ram-256-gb-ssd\/#primaryimage\"},\"thumbnailUrl\":\"https:\/\/tupique.com\/wp-content\/uploads\/2026\/04\/0198158167130_S55306867_P00.jpg\",\"datePublished\":\"2026-04-08T17:02:08+00:00\",\"dateModified\":\"2026-04-08T17:55:35+00:00\",\"description\":\"Vous cherchez PC de bureau Lenovo 13B9001CSP 8 GB RAM 256 GB SSD ? Achetez des produits chez Tupique. Profitez de la livraison gratuite pour obtenir PC de bureau Lenovo 13B9001CSP 8 GB RAM 256 GB SSD d\u00e8s maintenant.\",\"breadcrumb\":{\"@id\":\"https:\/\/tupique.com\/produit\/pc-de-bureau-lenovo-13b9001csp-8-gb-ram-256-gb-ssd\/#breadcrumb\"},\"inLanguage\":\"es\",\"potentialAction\":[{\"@type\":\"ReadAction\",\"target\":[\"https:\/\/tupique.com\/produit\/pc-de-bureau-lenovo-13b9001csp-8-gb-ram-256-gb-ssd\/\"]}]},{\"@type\":\"ImageObject\",\"inLanguage\":\"es\",\"@id\":\"https:\/\/tupique.com\/produit\/pc-de-bureau-lenovo-13b9001csp-8-gb-ram-256-gb-ssd\/#primaryimage\",\"url\":\"https:\/\/tupique.com\/wp-content\/uploads\/2026\/04\/0198158167130_S55306867_P00.jpg\",\"contentUrl\":\"https:\/\/tupique.com\/wp-content\/uploads\/2026\/04\/0198158167130_S55306867_P00.jpg\",\"width\":1200,\"height\":1200,\"caption\":\"S55306867_0\"},{\"@type\":\"BreadcrumbList\",\"@id\":\"https:\/\/tupique.com\/produit\/pc-de-bureau-lenovo-13b9001csp-8-gb-ram-256-gb-ssd\/#breadcrumb\",\"itemListElement\":[{\"@type\":\"ListItem\",\"position\":1,\"name\":\"In\u00edcio\",\"item\":\"https:\/\/tupique.com\/\"},{\"@type\":\"ListItem\",\"position\":2,\"name\":\"Boutique\",\"item\":\"https:\/\/tupique.com\/en\/boutique\/\"},{\"@type\":\"ListItem\",\"position\":3,\"name\":\"PC de bureau Lenovo 13B9001CSP 8 GB RAM 256 GB SSD\"}]},{\"@type\":\"WebSite\",\"@id\":\"https:\/\/tupique.com\/#website\",\"url\":\"https:\/\/tupique.com\/\",\"name\":\"Tupique\",\"description\":\"Marketplace\",\"publisher\":{\"@id\":\"https:\/\/tupique.com\/#organization\"},\"potentialAction\":[{\"@type\":\"SearchAction\",\"target\":{\"@type\":\"EntryPoint\",\"urlTemplate\":\"https:\/\/tupique.com\/?s={search_term_string}\"},\"query-input\":{\"@type\":\"PropertyValueSpecification\",\"valueRequired\":true,\"valueName\":\"search_term_string\"}}],\"inLanguage\":\"es\"},{\"@type\":\"Organization\",\"@id\":\"https:\/\/tupique.com\/#organization\",\"name\":\"Tupique\",\"url\":\"https:\/\/tupique.com\/\",\"logo\":{\"@type\":\"ImageObject\",\"inLanguage\":\"es\",\"@id\":\"https:\/\/tupique.com\/#\/schema\/logo\/image\/\",\"url\":\"https:\/\/tupique.com\/wp-content\/uploads\/2024\/09\/logo.png\",\"contentUrl\":\"https:\/\/tupique.com\/wp-content\/uploads\/2024\/09\/logo.png\",\"width\":1118,\"height\":310,\"caption\":\"Tupique\"},\"image\":{\"@id\":\"https:\/\/tupique.com\/#\/schema\/logo\/image\/\"}}]}<\/script>\n<!-- \/ Yoast SEO plugin. -->","yoast_head_json":{"title":"PC de bureau Lenovo 13B9001CSP 8 GB RAM 256 GB SSD - Tupique","description":"Vous cherchez PC de bureau Lenovo 13B9001CSP 8 GB RAM 256 GB SSD ? Achetez des produits chez Tupique. Profitez de la livraison gratuite pour obtenir PC de bureau Lenovo 13B9001CSP 8 GB RAM 256 GB SSD d\u00e8s maintenant.","robots":{"index":"index","follow":"follow","max-snippet":"max-snippet:-1","max-image-preview":"max-image-preview:large","max-video-preview":"max-video-preview:-1"},"canonical":"https:\/\/tupique.com\/es\/producto\/pc-de-bureau-lenovo-13b9001csp-8-gb-ram-256-gb-ssd\/","og_locale":"es_ES","og_type":"article","og_title":"PC de bureau Lenovo 13B9001CSP 8 GB RAM 256 GB SSD - Tupique","og_description":"Vous cherchez PC de bureau Lenovo 13B9001CSP 8 GB RAM 256 GB SSD ? Achetez des produits chez Tupique. Profitez de la livraison gratuite pour obtenir PC de bureau Lenovo 13B9001CSP 8 GB RAM 256 GB SSD d\u00e8s maintenant.","og_url":"https:\/\/tupique.com\/es\/producto\/pc-de-bureau-lenovo-13b9001csp-8-gb-ram-256-gb-ssd\/","og_site_name":"Tupique","article_modified_time":"2026-04-08T17:55:35+00:00","og_image":[{"width":1200,"height":1200,"url":"https:\/\/tupique.com\/wp-content\/uploads\/2026\/04\/0198158167130_S55306867_P00.jpg","type":"image\/jpeg"}],"twitter_card":"summary_large_image","twitter_misc":{"Tiempo de lectura":"2 minutos"},"schema":{"@context":"https:\/\/schema.org","@graph":[{"@type":"WebPage","@id":"https:\/\/tupique.com\/produit\/pc-de-bureau-lenovo-13b9001csp-8-gb-ram-256-gb-ssd\/","url":"https:\/\/tupique.com\/produit\/pc-de-bureau-lenovo-13b9001csp-8-gb-ram-256-gb-ssd\/","name":"PC de bureau Lenovo 13B9001CSP 8 GB RAM 256 GB SSD - Tupique","isPartOf":{"@id":"https:\/\/tupique.com\/#website"},"primaryImageOfPage":{"@id":"https:\/\/tupique.com\/produit\/pc-de-bureau-lenovo-13b9001csp-8-gb-ram-256-gb-ssd\/#primaryimage"},"image":{"@id":"https:\/\/tupique.com\/produit\/pc-de-bureau-lenovo-13b9001csp-8-gb-ram-256-gb-ssd\/#primaryimage"},"thumbnailUrl":"https:\/\/tupique.com\/wp-content\/uploads\/2026\/04\/0198158167130_S55306867_P00.jpg","datePublished":"2026-04-08T17:02:08+00:00","dateModified":"2026-04-08T17:55:35+00:00","description":"Vous cherchez PC de bureau Lenovo 13B9001CSP 8 GB RAM 256 GB SSD ? Achetez des produits chez Tupique. Profitez de la livraison gratuite pour obtenir PC de bureau Lenovo 13B9001CSP 8 GB RAM 256 GB SSD d\u00e8s maintenant.","breadcrumb":{"@id":"https:\/\/tupique.com\/produit\/pc-de-bureau-lenovo-13b9001csp-8-gb-ram-256-gb-ssd\/#breadcrumb"},"inLanguage":"es","potentialAction":[{"@type":"ReadAction","target":["https:\/\/tupique.com\/produit\/pc-de-bureau-lenovo-13b9001csp-8-gb-ram-256-gb-ssd\/"]}]},{"@type":"ImageObject","inLanguage":"es","@id":"https:\/\/tupique.com\/produit\/pc-de-bureau-lenovo-13b9001csp-8-gb-ram-256-gb-ssd\/#primaryimage","url":"https:\/\/tupique.com\/wp-content\/uploads\/2026\/04\/0198158167130_S55306867_P00.jpg","contentUrl":"https:\/\/tupique.com\/wp-content\/uploads\/2026\/04\/0198158167130_S55306867_P00.jpg","width":1200,"height":1200,"caption":"S55306867_0"},{"@type":"BreadcrumbList","@id":"https:\/\/tupique.com\/produit\/pc-de-bureau-lenovo-13b9001csp-8-gb-ram-256-gb-ssd\/#breadcrumb","itemListElement":[{"@type":"ListItem","position":1,"name":"In\u00edcio","item":"https:\/\/tupique.com\/"},{"@type":"ListItem","position":2,"name":"Boutique","item":"https:\/\/tupique.com\/en\/boutique\/"},{"@type":"ListItem","position":3,"name":"PC de bureau Lenovo 13B9001CSP 8 GB RAM 256 GB SSD"}]},{"@type":"WebSite","@id":"https:\/\/tupique.com\/#website","url":"https:\/\/tupique.com\/","name":"Tupique","description":"Marketplace","publisher":{"@id":"https:\/\/tupique.com\/#organization"},"potentialAction":[{"@type":"SearchAction","target":{"@type":"EntryPoint","urlTemplate":"https:\/\/tupique.com\/?s={search_term_string}"},"query-input":{"@type":"PropertyValueSpecification","valueRequired":true,"valueName":"search_term_string"}}],"inLanguage":"es"},{"@type":"Organization","@id":"https:\/\/tupique.com\/#organization","name":"Tupique","url":"https:\/\/tupique.com\/","logo":{"@type":"ImageObject","inLanguage":"es","@id":"https:\/\/tupique.com\/#\/schema\/logo\/image\/","url":"https:\/\/tupique.com\/wp-content\/uploads\/2024\/09\/logo.png","contentUrl":"https:\/\/tupique.com\/wp-content\/uploads\/2024\/09\/logo.png","width":1118,"height":310,"caption":"Tupique"},"image":{"@id":"https:\/\/tupique.com\/#\/schema\/logo\/image\/"}}]}},"jetpack_sharing_enabled":true,"_links":{"self":[{"href":"https:\/\/tupique.com\/es\/wp-json\/wp\/v2\/product\/4384141","targetHints":{"allow":["GET"]}}],"collection":[{"href":"https:\/\/tupique.com\/es\/wp-json\/wp\/v2\/product"}],"about":[{"href":"https:\/\/tupique.com\/es\/wp-json\/wp\/v2\/types\/product"}],"replies":[{"embeddable":true,"href":"https:\/\/tupique.com\/es\/wp-json\/wp\/v2\/comments?post=4384141"}],"wp:featuredmedia":[{"embeddable":true,"href":"https:\/\/tupique.com\/es\/wp-json\/wp\/v2\/media\/4384109"}],"wp:attachment":[{"href":"https:\/\/tupique.com\/es\/wp-json\/wp\/v2\/media?parent=4384141"}],"wp:term":[{"taxonomy":"product_brand","embeddable":true,"href":"https:\/\/tupique.com\/es\/wp-json\/wp\/v2\/product_brand?post=4384141"},{"taxonomy":"product_cat","embeddable":true,"href":"https:\/\/tupique.com\/es\/wp-json\/wp\/v2\/product_cat?post=4384141"},{"taxonomy":"product_tag","embeddable":true,"href":"https:\/\/tupique.com\/es\/wp-json\/wp\/v2\/product_tag?post=4384141"}],"curies":[{"name":"wp","href":"https:\/\/api.w.org\/{rel}","templated":true}]}}