{"id":4384231,"date":"2026-04-08T18:56:46","date_gmt":"2026-04-08T17:56:46","guid":{"rendered":"https:\/\/tupique.com\/produit\/ordinateur-portable-hp-ad2z3etabe-16-intel-core-ultra-5-16-gb-ram-512-gb-ssd\/"},"modified":"2026-04-08T18:56:46","modified_gmt":"2026-04-08T17:56:46","slug":"ordinateur-portable-hp-ad2z3etabe-16-intel-core-ultra-5-16-gb-ram-512-gb-ssd","status":"publish","type":"product","link":"https:\/\/tupique.com\/es\/producto\/ordinateur-portable-hp-ad2z3etabe-16-intel-core-ultra-5-16-gb-ram-512-gb-ssd\/","title":{"rendered":"Ordinateur Portable HP AD2Z3ET#ABE 16&#8243; intel core ultra 5 16 GB RAM 512 GB SSD"},"content":{"rendered":"<p>Si buscas las \u00faltimas tendencias del mercado, nosotros te ayudamos. <b>Ordinateur Portable HP AD2Z3ET#ABE 16&#8243; intel core ultra 5 16 GB RAM 512 GB SSD<\/b> !<\/p>\n<p>Le <b>HP EliteBook 8 G1i<\/b> es un <b>laptop<\/b> professionnel con\u00e7u pour r\u00e9pondre aux besoins des utilisateurs exigeant performance, fiabilit\u00e9 et polyvalence dans un format moderne et \u00e9l\u00e9gant. Il se distingue par l&#8217;int\u00e9gration d&#8217;un <b>processeur de derni\u00e8re g\u00e9n\u00e9ration<\/b> et d&#8217;une g\u00e9n\u00e9reuse <b>m\u00e9moire RAM de 16 Go<\/b>, permettant d&#8217;ex\u00e9cuter plusieurs t\u00e2ches et applications de mani\u00e8re fluide, m\u00eame dans les situations les plus exigeantes. Son <b>SSD de 512 Go<\/b> offre une vitesse d&#8217;acc\u00e8s aux donn\u00e9es sup\u00e9rieure et un d\u00e9marrage quasi instantan\u00e9, optimisant le travail quotidien ainsi que la gestion de fichiers volumineux. L&#8217;<b>\u00e9cran de 16 pouces<\/b> propose une exp\u00e9rience visuelle large et d\u00e9taill\u00e9e, id\u00e9ale pour travailler sur des documents complexes, des feuilles de calcul ou du contenu multim\u00e9dia, avec une fid\u00e9lit\u00e9 des couleurs am\u00e9lior\u00e9e gr\u00e2ce \u00e0 la norme srgb. Le design en <b>plata<\/b> refl\u00e8te l&#8217;esth\u00e9tique contemporaine propre \u00e0 la gamme EliteBook, tandis que son <b>clavier QWERTY espagnol r\u00e9tro\u00e9clair\u00e9<\/b> facilite le travail dans des environnements peu \u00e9clair\u00e9s et am\u00e9liore le confort de frappe lors de longues sessions. Il int\u00e8gre un <b>clavier num\u00e9rique<\/b> pour acc\u00e9l\u00e9rer la saisie de donn\u00e9es, ainsi que des <b>altavoces integrados<\/b> pour les conf\u00e9rences et contenus audiovisuels, et une <b>cam\u00e9ra frontale avec microphone int\u00e9gr\u00e9<\/b>, faisant de ce mod\u00e8le un choix optimal pour les appels vid\u00e9o ou r\u00e9unions virtuelles. Cet ordinateur portable est \u00e9quip\u00e9 pour r\u00e9pondre aux exigences du milieu professionnel comme \u00e0 celles de l&#8217;utilisateur avanc\u00e9, combinant robustesse, technologie et facilit\u00e9 d&#8217;utilisation dans un seul appareil. Gr\u00e2ce \u00e0 son ensemble de caract\u00e9ristiques \u00e9quilibr\u00e9es, le HP EliteBook 8 G1i s&#8217;impose comme un outil polyvalent et fiable pour ceux qui recherchent productivit\u00e9 et efficacit\u00e9 sans compromis sur le confort.<\/p>\n<ul>\n<li>Clavier: Espagnol Qwerty<\/li>\n<li>Tipo:\n<ul>\n<li>Ordinateur Portable<\/li>\n<li>Clavier num\u00e9rique<\/li>\n<\/ul>\n<\/li>\n<li>Producto enchufable: S\u00ed<\/li>\n<li>Tipo de memoria:\n<ul>\n<li>SDRAM<\/li>\n<li>SDRAM DDR5<\/li>\n<\/ul>\n<\/li>\n<li>Tipo de enchufe: enchufe UE<\/li>\n<li>Fuente de alimentaci\u00f3n:\n<ul>\n<li>r\u00e9seau \u00e9lectrique<\/li>\n<li>USB<\/li>\n<\/ul>\n<\/li>\n<li>Color:\n<ul>\n<li>Plata<\/li>\n<li>sRGB<\/li>\n<\/ul>\n<\/li>\n<li>Pantalla t\u00e1ctil: No<\/li>\n<li>Type d&#8217;unit\u00e9 optique: Non<\/li>\n<li>Incluye:\n<ul>\n<li>C\u00e1mara web<\/li>\n<li>SSD x 1<\/li>\n<\/ul>\n<\/li>\n<li>Noyaux: 14 Noyaux<\/li>\n<li>Frecuencia:\n<ul>\n<li>50-60 Hz<\/li>\n<li>50 - 60 Hz<\/li>\n<\/ul>\n<\/li>\n<li>Technologie: IPS<\/li>\n<li>Resoluci\u00f3n (px): 1920 x 1200 px<\/li>\n<li>Syst\u00e8me d&#8217;exploitation: Windows 11 Pro<\/li>\n<li>R\u00e9solution: WUXGA<\/li>\n<li>Type de stockage: SSD<\/li>\n<li>Conectividad:\n<ul>\n<li>Bluetooth<\/li>\n<li>NFC<\/li>\n<li>WI-FI 7<\/li>\n<\/ul>\n<\/li>\n<li>Conexiones:\n<ul>\n<li>HDMI<\/li>\n<li>USB<\/li>\n<li>USB-C<\/li>\n<li>2<\/li>\n<li>SO-DIMM<\/li>\n<li>M.2<\/li>\n<li>USB 3.2<\/li>\n<li>HDMI 2.1 x 1<\/li>\n<li>Thunderbolt 4 x 2<\/li>\n<li>USB-C 3.2 Gen 2 (3.1 Gen 2)<\/li>\n<li>C\u00e2ble jack 3,3 mm<\/li>\n<\/ul>\n<\/li>\n<li>Ecran: 16&#8243;<\/li>\n<li>Processeur: intel core ultra 5<\/li>\n<li>M\u00e9moire RAM: 16 GB RAM<\/li>\n<li>Disque dur: 512 GB SSD<\/li>\n<li>Caracter\u00edsticas:\n<ul>\n<li>Altavoces integrados<\/li>\n<li>C\u00e1mara frontal<\/li>\n<li>Micr\u00f3fono incorporado<\/li>\n<li>R\u00e9tro-\u00e9clair\u00e9<\/li>\n<li>2 altavoces<\/li>\n<li>Lector de huellas dactilares<\/li>\n<li>Protecci\u00f3n de datos\/contrase\u00f1as<\/li>\n<li>Adaptateur graphique int\u00e9gr\u00e9<\/li>\n<\/ul>\n<\/li>\n<li>puissance: 100 W<\/li>\n<li>Compatible: PCI Express<\/li>\n<li>Cam\u00e9ra\/Appareil Photo: 5 Mp<\/li>\n<li>Tensi\u00f3n: 100 - 240 V<\/li>\n<li>Non Inclus:\n<ul>\n<li>Type d&#8217;unit\u00e9 optique<\/li>\n<li>Conexi\u00f3n a la red m\u00f3vil<\/li>\n<li>Adaptateur graphique discret<\/li>\n<\/ul>\n<\/li>\n<li>Format:\n<ul>\n<li>M.2<\/li>\n<li>1 x 16 GB<\/li>\n<\/ul>\n<\/li>\n<li>Flux lumineux: 300 Lm<\/li>\n<li>Facteur de forme: SO-DIMM<\/li>\n<li>Tipo de bater\u00eda: Litio Ion<\/li>\n<li>vitesse: 4.9 GHz<\/li>\n<li>Famille de processeurs: Intel<\/li>\n<li>Diagonale de l&#8217;\u00e9cran (cm): 40,6 cm<\/li>\n<li>M\u00e9moire RAM maximale: 64 GB<\/li>\n<\/ul>","protected":false},"excerpt":{"rendered":"<p>Si vous \u00eates \u00e0 la recherche de nouvelles tendances sur le march\u00e9, nous vous pr\u00e9sentons Ordinateur Portable HP AD2Z3ET#ABE 16&#8243;<\/p>","protected":false},"featured_media":4384228,"comment_status":"open","ping_status":"closed","template":"","meta":{"_joinchat":[]},"product_brand":[158040],"product_cat":[157516,157583,155043],"product_tag":[157514,157515],"class_list":{"0":"post-4384231","1":"product","2":"type-product","3":"status-publish","4":"has-post-thumbnail","6":"product_brand-brandp_909","7":"product_cat-informatique-electronique","8":"product_cat-informatique-ordinateurs","9":"product_cat-notebooks","10":"product_tag-tag_933","11":"product_tag-tag_1295","13":"first","14":"instock","15":"taxable","16":"shipping-taxable","17":"purchasable","18":"product-type-simple"},"yoast_head":"<!-- This site is optimized with the Yoast SEO plugin v27.2 - https:\/\/yoast.com\/product\/yoast-seo-wordpress\/ -->\n<title>Ordinateur Portable HP AD2Z3ET#ABE 16&quot; intel core ultra 5 16 GB RAM 512 GB SSD - Tupique<\/title>\n<meta name=\"description\" content=\"Vous cherchez Ordinateur Portable HP AD2Z3ET#ABE 16&quot; intel core ultra 5 16 GB RAM 512 GB SSD ? Achetez des produits chez Tupique. Profitez de la livraison gratuite pour obtenir Ordinateur Portable HP AD2Z3ET#ABE 16&quot; intel core ultra 5 16 GB RAM 512 GB SSD d\u00e8s maintenant.\" \/>\n<meta name=\"robots\" content=\"index, follow, max-snippet:-1, max-image-preview:large, max-video-preview:-1\" \/>\n<link rel=\"canonical\" href=\"https:\/\/tupique.com\/es\/producto\/ordinateur-portable-hp-ad2z3etabe-16-intel-core-ultra-5-16-gb-ram-512-gb-ssd\/\" \/>\n<meta property=\"og:locale\" content=\"es_ES\" \/>\n<meta property=\"og:type\" content=\"article\" \/>\n<meta property=\"og:title\" content=\"Ordinateur Portable HP AD2Z3ET#ABE 16&quot; intel core ultra 5 16 GB RAM 512 GB SSD - Tupique\" \/>\n<meta property=\"og:description\" content=\"Vous cherchez Ordinateur Portable HP AD2Z3ET#ABE 16&quot; intel core ultra 5 16 GB RAM 512 GB SSD ? Achetez des produits chez Tupique. Profitez de la livraison gratuite pour obtenir Ordinateur Portable HP AD2Z3ET#ABE 16&quot; intel core ultra 5 16 GB RAM 512 GB SSD d\u00e8s maintenant.\" \/>\n<meta property=\"og:url\" content=\"https:\/\/tupique.com\/es\/producto\/ordinateur-portable-hp-ad2z3etabe-16-intel-core-ultra-5-16-gb-ram-512-gb-ssd\/\" \/>\n<meta property=\"og:site_name\" content=\"Tupique\" \/>\n<meta name=\"twitter:card\" content=\"summary_large_image\" \/>\n<meta name=\"twitter:label1\" content=\"Tiempo de lectura\" \/>\n\t<meta name=\"twitter:data1\" content=\"2 minutos\" \/>\n<script type=\"application\/ld+json\" class=\"yoast-schema-graph\">{\"@context\":\"https:\/\/schema.org\",\"@graph\":[{\"@type\":\"WebPage\",\"@id\":\"https:\/\/tupique.com\/produit\/ordinateur-portable-hp-ad2z3etabe-16-intel-core-ultra-5-16-gb-ram-512-gb-ssd\/\",\"url\":\"https:\/\/tupique.com\/produit\/ordinateur-portable-hp-ad2z3etabe-16-intel-core-ultra-5-16-gb-ram-512-gb-ssd\/\",\"name\":\"Ordinateur Portable HP AD2Z3ET#ABE 16\\\" intel core ultra 5 16 GB RAM 512 GB SSD - Tupique\",\"isPartOf\":{\"@id\":\"https:\/\/tupique.com\/#website\"},\"primaryImageOfPage\":{\"@id\":\"https:\/\/tupique.com\/produit\/ordinateur-portable-hp-ad2z3etabe-16-intel-core-ultra-5-16-gb-ram-512-gb-ssd\/#primaryimage\"},\"image\":{\"@id\":\"https:\/\/tupique.com\/produit\/ordinateur-portable-hp-ad2z3etabe-16-intel-core-ultra-5-16-gb-ram-512-gb-ssd\/#primaryimage\"},\"thumbnailUrl\":\"https:\/\/tupique.com\/wp-content\/uploads\/2026\/04\/0199251416187_I00.jpg\",\"datePublished\":\"2026-04-08T17:56:46+00:00\",\"description\":\"Vous cherchez Ordinateur Portable HP AD2Z3ET#ABE 16\\\" intel core ultra 5 16 GB RAM 512 GB SSD ? Achetez des produits chez Tupique. Profitez de la livraison gratuite pour obtenir Ordinateur Portable HP AD2Z3ET#ABE 16\\\" intel core ultra 5 16 GB RAM 512 GB SSD d\u00e8s maintenant.\",\"breadcrumb\":{\"@id\":\"https:\/\/tupique.com\/produit\/ordinateur-portable-hp-ad2z3etabe-16-intel-core-ultra-5-16-gb-ram-512-gb-ssd\/#breadcrumb\"},\"inLanguage\":\"es\",\"potentialAction\":[{\"@type\":\"ReadAction\",\"target\":[\"https:\/\/tupique.com\/produit\/ordinateur-portable-hp-ad2z3etabe-16-intel-core-ultra-5-16-gb-ram-512-gb-ssd\/\"]}]},{\"@type\":\"ImageObject\",\"inLanguage\":\"es\",\"@id\":\"https:\/\/tupique.com\/produit\/ordinateur-portable-hp-ad2z3etabe-16-intel-core-ultra-5-16-gb-ram-512-gb-ssd\/#primaryimage\",\"url\":\"https:\/\/tupique.com\/wp-content\/uploads\/2026\/04\/0199251416187_I00.jpg\",\"contentUrl\":\"https:\/\/tupique.com\/wp-content\/uploads\/2026\/04\/0199251416187_I00.jpg\",\"width\":1200,\"height\":1200,\"caption\":\"S55302994_0\"},{\"@type\":\"BreadcrumbList\",\"@id\":\"https:\/\/tupique.com\/produit\/ordinateur-portable-hp-ad2z3etabe-16-intel-core-ultra-5-16-gb-ram-512-gb-ssd\/#breadcrumb\",\"itemListElement\":[{\"@type\":\"ListItem\",\"position\":1,\"name\":\"In\u00edcio\",\"item\":\"https:\/\/tupique.com\/\"},{\"@type\":\"ListItem\",\"position\":2,\"name\":\"Boutique\",\"item\":\"https:\/\/tupique.com\/en\/boutique\/\"},{\"@type\":\"ListItem\",\"position\":3,\"name\":\"Ordinateur Portable HP AD2Z3ET#ABE 16&#8243; intel core ultra 5 16 GB RAM 512 GB SSD\"}]},{\"@type\":\"WebSite\",\"@id\":\"https:\/\/tupique.com\/#website\",\"url\":\"https:\/\/tupique.com\/\",\"name\":\"Tupique\",\"description\":\"Marketplace\",\"publisher\":{\"@id\":\"https:\/\/tupique.com\/#organization\"},\"potentialAction\":[{\"@type\":\"SearchAction\",\"target\":{\"@type\":\"EntryPoint\",\"urlTemplate\":\"https:\/\/tupique.com\/?s={search_term_string}\"},\"query-input\":{\"@type\":\"PropertyValueSpecification\",\"valueRequired\":true,\"valueName\":\"search_term_string\"}}],\"inLanguage\":\"es\"},{\"@type\":\"Organization\",\"@id\":\"https:\/\/tupique.com\/#organization\",\"name\":\"Tupique\",\"url\":\"https:\/\/tupique.com\/\",\"logo\":{\"@type\":\"ImageObject\",\"inLanguage\":\"es\",\"@id\":\"https:\/\/tupique.com\/#\/schema\/logo\/image\/\",\"url\":\"https:\/\/tupique.com\/wp-content\/uploads\/2024\/09\/logo.png\",\"contentUrl\":\"https:\/\/tupique.com\/wp-content\/uploads\/2024\/09\/logo.png\",\"width\":1118,\"height\":310,\"caption\":\"Tupique\"},\"image\":{\"@id\":\"https:\/\/tupique.com\/#\/schema\/logo\/image\/\"}}]}<\/script>\n<!-- \/ Yoast SEO plugin. -->","yoast_head_json":{"title":"Ordinateur Portable HP AD2Z3ET#ABE 16\" intel core ultra 5 16 GB RAM 512 GB SSD - Tupique","description":"Vous cherchez Ordinateur Portable HP AD2Z3ET#ABE 16\" intel core ultra 5 16 GB RAM 512 GB SSD ? Achetez des produits chez Tupique. Profitez de la livraison gratuite pour obtenir Ordinateur Portable HP AD2Z3ET#ABE 16\" intel core ultra 5 16 GB RAM 512 GB SSD d\u00e8s maintenant.","robots":{"index":"index","follow":"follow","max-snippet":"max-snippet:-1","max-image-preview":"max-image-preview:large","max-video-preview":"max-video-preview:-1"},"canonical":"https:\/\/tupique.com\/es\/producto\/ordinateur-portable-hp-ad2z3etabe-16-intel-core-ultra-5-16-gb-ram-512-gb-ssd\/","og_locale":"es_ES","og_type":"article","og_title":"Ordinateur Portable HP AD2Z3ET#ABE 16\" intel core ultra 5 16 GB RAM 512 GB SSD - Tupique","og_description":"Vous cherchez Ordinateur Portable HP AD2Z3ET#ABE 16\" intel core ultra 5 16 GB RAM 512 GB SSD ? Achetez des produits chez Tupique. Profitez de la livraison gratuite pour obtenir Ordinateur Portable HP AD2Z3ET#ABE 16\" intel core ultra 5 16 GB RAM 512 GB SSD d\u00e8s maintenant.","og_url":"https:\/\/tupique.com\/es\/producto\/ordinateur-portable-hp-ad2z3etabe-16-intel-core-ultra-5-16-gb-ram-512-gb-ssd\/","og_site_name":"Tupique","twitter_card":"summary_large_image","twitter_misc":{"Tiempo de lectura":"2 minutos"},"schema":{"@context":"https:\/\/schema.org","@graph":[{"@type":"WebPage","@id":"https:\/\/tupique.com\/produit\/ordinateur-portable-hp-ad2z3etabe-16-intel-core-ultra-5-16-gb-ram-512-gb-ssd\/","url":"https:\/\/tupique.com\/produit\/ordinateur-portable-hp-ad2z3etabe-16-intel-core-ultra-5-16-gb-ram-512-gb-ssd\/","name":"Ordinateur Portable HP AD2Z3ET#ABE 16\" intel core ultra 5 16 GB RAM 512 GB SSD - Tupique","isPartOf":{"@id":"https:\/\/tupique.com\/#website"},"primaryImageOfPage":{"@id":"https:\/\/tupique.com\/produit\/ordinateur-portable-hp-ad2z3etabe-16-intel-core-ultra-5-16-gb-ram-512-gb-ssd\/#primaryimage"},"image":{"@id":"https:\/\/tupique.com\/produit\/ordinateur-portable-hp-ad2z3etabe-16-intel-core-ultra-5-16-gb-ram-512-gb-ssd\/#primaryimage"},"thumbnailUrl":"https:\/\/tupique.com\/wp-content\/uploads\/2026\/04\/0199251416187_I00.jpg","datePublished":"2026-04-08T17:56:46+00:00","description":"Vous cherchez Ordinateur Portable HP AD2Z3ET#ABE 16\" intel core ultra 5 16 GB RAM 512 GB SSD ? Achetez des produits chez Tupique. Profitez de la livraison gratuite pour obtenir Ordinateur Portable HP AD2Z3ET#ABE 16\" intel core ultra 5 16 GB RAM 512 GB SSD d\u00e8s maintenant.","breadcrumb":{"@id":"https:\/\/tupique.com\/produit\/ordinateur-portable-hp-ad2z3etabe-16-intel-core-ultra-5-16-gb-ram-512-gb-ssd\/#breadcrumb"},"inLanguage":"es","potentialAction":[{"@type":"ReadAction","target":["https:\/\/tupique.com\/produit\/ordinateur-portable-hp-ad2z3etabe-16-intel-core-ultra-5-16-gb-ram-512-gb-ssd\/"]}]},{"@type":"ImageObject","inLanguage":"es","@id":"https:\/\/tupique.com\/produit\/ordinateur-portable-hp-ad2z3etabe-16-intel-core-ultra-5-16-gb-ram-512-gb-ssd\/#primaryimage","url":"https:\/\/tupique.com\/wp-content\/uploads\/2026\/04\/0199251416187_I00.jpg","contentUrl":"https:\/\/tupique.com\/wp-content\/uploads\/2026\/04\/0199251416187_I00.jpg","width":1200,"height":1200,"caption":"S55302994_0"},{"@type":"BreadcrumbList","@id":"https:\/\/tupique.com\/produit\/ordinateur-portable-hp-ad2z3etabe-16-intel-core-ultra-5-16-gb-ram-512-gb-ssd\/#breadcrumb","itemListElement":[{"@type":"ListItem","position":1,"name":"In\u00edcio","item":"https:\/\/tupique.com\/"},{"@type":"ListItem","position":2,"name":"Boutique","item":"https:\/\/tupique.com\/en\/boutique\/"},{"@type":"ListItem","position":3,"name":"Ordinateur Portable HP AD2Z3ET#ABE 16&#8243; intel core ultra 5 16 GB RAM 512 GB SSD"}]},{"@type":"WebSite","@id":"https:\/\/tupique.com\/#website","url":"https:\/\/tupique.com\/","name":"Tupique","description":"Marketplace","publisher":{"@id":"https:\/\/tupique.com\/#organization"},"potentialAction":[{"@type":"SearchAction","target":{"@type":"EntryPoint","urlTemplate":"https:\/\/tupique.com\/?s={search_term_string}"},"query-input":{"@type":"PropertyValueSpecification","valueRequired":true,"valueName":"search_term_string"}}],"inLanguage":"es"},{"@type":"Organization","@id":"https:\/\/tupique.com\/#organization","name":"Tupique","url":"https:\/\/tupique.com\/","logo":{"@type":"ImageObject","inLanguage":"es","@id":"https:\/\/tupique.com\/#\/schema\/logo\/image\/","url":"https:\/\/tupique.com\/wp-content\/uploads\/2024\/09\/logo.png","contentUrl":"https:\/\/tupique.com\/wp-content\/uploads\/2024\/09\/logo.png","width":1118,"height":310,"caption":"Tupique"},"image":{"@id":"https:\/\/tupique.com\/#\/schema\/logo\/image\/"}}]}},"jetpack_sharing_enabled":true,"_links":{"self":[{"href":"https:\/\/tupique.com\/es\/wp-json\/wp\/v2\/product\/4384231","targetHints":{"allow":["GET"]}}],"collection":[{"href":"https:\/\/tupique.com\/es\/wp-json\/wp\/v2\/product"}],"about":[{"href":"https:\/\/tupique.com\/es\/wp-json\/wp\/v2\/types\/product"}],"replies":[{"embeddable":true,"href":"https:\/\/tupique.com\/es\/wp-json\/wp\/v2\/comments?post=4384231"}],"wp:featuredmedia":[{"embeddable":true,"href":"https:\/\/tupique.com\/es\/wp-json\/wp\/v2\/media\/4384228"}],"wp:attachment":[{"href":"https:\/\/tupique.com\/es\/wp-json\/wp\/v2\/media?parent=4384231"}],"wp:term":[{"taxonomy":"product_brand","embeddable":true,"href":"https:\/\/tupique.com\/es\/wp-json\/wp\/v2\/product_brand?post=4384231"},{"taxonomy":"product_cat","embeddable":true,"href":"https:\/\/tupique.com\/es\/wp-json\/wp\/v2\/product_cat?post=4384231"},{"taxonomy":"product_tag","embeddable":true,"href":"https:\/\/tupique.com\/es\/wp-json\/wp\/v2\/product_tag?post=4384231"}],"curies":[{"name":"wp","href":"https:\/\/api.w.org\/{rel}","templated":true}]}}