{"id":4384284,"date":"2026-04-08T18:57:48","date_gmt":"2026-04-08T17:57:48","guid":{"rendered":"https:\/\/tupique.com\/produit\/aspirateur-robot-dreame-ccr2\/"},"modified":"2026-04-08T18:57:48","modified_gmt":"2026-04-08T17:57:48","slug":"aspirateur-robot-dreame-ccr2","status":"publish","type":"product","link":"https:\/\/tupique.com\/es\/producto\/aspirateur-robot-dreame-ccr2\/","title":{"rendered":"Aspirateur robot Dreame CCR2"},"content":{"rendered":"<p>Si te gusta cuidar cada detalle de tu hogar y estar al d\u00eda de las \u00faltimas tendencias en productos que te har\u00e1n la vida m\u00e1s f\u00e1cil, compra <b>Aspirateur robot Dreame CCR2<\/b> al mejor precio.<\/p>\n<p>Le <b>L40s Pro Ultra<\/b> de Dreame est un <b>robot aspirateur<\/b> avanc\u00e9 qui assure un nettoyage efficace et pratique dans tout type de foyer gr\u00e2ce \u00e0 sa combinaison de technologie intelligente et de simplicit\u00e9 d\u2019utilisation. Ce mod\u00e8le, propos\u00e9 dans un \u00e9l\u00e9gant <b>coloris noir<\/b>, int\u00e8gre le <b>contr\u00f4le vocal<\/b>, permettant de g\u00e9rer le nettoyage par de simples commandes via les principaux assistants virtuels et de l\u2019int\u00e9grer facilement aux routines domestiques modernes. Sa <b>connectivit\u00e9 Wi-Fi<\/b> permet la programmation et le contr\u00f4le \u00e0 distance via des applications mobiles, offrant une flexibilit\u00e9 maximale pour organiser les sessions de nettoyage. Dot\u00e9 de capteurs qui <b>d\u00e9tectent les obstacles<\/b>, le L40s Pro Ultra optimise ses d\u00e9placements pour \u00e9viter les collisions et incidents, prot\u00e9geant ainsi les meubles et l\u2019appareil lui-m\u00eame. Son design <b>facile \u00e0 nettoyer<\/b> et son syst\u00e8me <b>rechargeable<\/b> garantissent un entretien simple et une r\u00e9utilisation efficace, tandis que la batterie interne, con\u00e7ue pour de grandes surfaces, lui permet de couvrir des pi\u00e8ces enti\u00e8res sans interruption. Il comprend un <b>c\u00e2ble d\u2019alimentation<\/b> essentiel pour recharger le robot apr\u00e8s chaque cycle. Ce mod\u00e8le se pr\u00e9sente comme une solution pratique et polyvalente pour ceux qui souhaitent automatiser le nettoyage quotidien sans compromis sur l\u2019efficacit\u00e9 ou la gestion intelligente.<\/p>\n<ul>\n<li>Producto enchufable: S\u00ed<\/li>\n<li>Tipo de enchufe: enchufe UE<\/li>\n<li>Color: Negro<\/li>\n<li>Indice de r\u00e9parabilit\u00e9: 8.2<\/li>\n<li>Mati\u00e8re: Caoutchouc<\/li>\n<li>Largeur: 35 cm<\/li>\n<li>Caracter\u00edsticas:\n<ul>\n<li>Pantalla integrada<\/li>\n<li>F\u00e1cil de limpiar<\/li>\n<li>D\u00e9tecte les obstacles<\/li>\n<\/ul>\n<\/li>\n<li>Tipo de bater\u00eda:\n<ul>\n<li>Rechargeable<\/li>\n<li>Litio Ion<\/li>\n<\/ul>\n<\/li>\n<li>Conectividad: Wi-Fi<\/li>\n<li>Forma: Redonda<\/li>\n<li>Tecnolog\u00eda: LED<\/li>\n<li>Pilas incluidas: S\u00ed<\/li>\n<li>Autonomie approx.: 3 heures<\/li>\n<li>Compatible:\n<ul>\n<li>Amazon Alexa<\/li>\n<li>Google Home<\/li>\n<\/ul>\n<\/li>\n<li>Incluye:\n<ul>\n<li>C\u00e2ble Alimentation<\/li>\n<li>Manual del usuario<\/li>\n<li>Sac \u00e0 poussi\u00e8re<\/li>\n<\/ul>\n<\/li>\n<li>Temps de charge approx.: 3,5 heures<\/li>\n<li>Filtre: HEPA<\/li>\n<li>Batterie rechargeable: 5200 mAh<\/li>\n<li>Niveau sonore: 74 dB<\/li>\n<\/ul>","protected":false},"excerpt":{"rendered":"<p>Si vous aimez prendre soin de chaque d\u00e9tail de votre maison et d&#8217;\u00eatre \u00e0 la derni\u00e8re mode en mati\u00e8re de<\/p>","protected":false},"featured_media":4384262,"comment_status":"open","ping_status":"closed","template":"","meta":{"_joinchat":[]},"product_brand":[158036],"product_cat":[157625,157535,157624],"product_tag":[157546,157545],"class_list":{"0":"post-4384284","1":"product","2":"type-product","3":"status-publish","4":"has-post-thumbnail","6":"product_brand-brandp_4590","7":"product_cat-aspirateurs-et-robots","8":"product_cat-maison-jardin","9":"product_cat-nettoyage-aspirateur-et-repassage","10":"product_tag-tag_1304","11":"product_tag-tag_930","13":"first","14":"outofstock","15":"taxable","16":"shipping-taxable","17":"purchasable","18":"product-type-simple"},"yoast_head":"<!-- This site is optimized with the Yoast SEO plugin v27.2 - https:\/\/yoast.com\/product\/yoast-seo-wordpress\/ -->\n<title>Aspirateur robot Dreame CCR2 - Tupique<\/title>\n<meta name=\"description\" content=\"Vous cherchez Aspirateur robot Dreame CCR2 ? Achetez des produits chez Tupique. Profitez de la livraison gratuite pour obtenir Aspirateur robot Dreame CCR2 d\u00e8s maintenant.\" \/>\n<meta name=\"robots\" content=\"index, follow, max-snippet:-1, max-image-preview:large, max-video-preview:-1\" \/>\n<link rel=\"canonical\" href=\"https:\/\/tupique.com\/es\/producto\/aspirateur-robot-dreame-ccr2\/\" \/>\n<meta property=\"og:locale\" content=\"es_ES\" \/>\n<meta property=\"og:type\" content=\"article\" \/>\n<meta property=\"og:title\" content=\"Aspirateur robot Dreame CCR2 - Tupique\" \/>\n<meta property=\"og:description\" content=\"Vous cherchez Aspirateur robot Dreame CCR2 ? Achetez des produits chez Tupique. Profitez de la livraison gratuite pour obtenir Aspirateur robot Dreame CCR2 d\u00e8s maintenant.\" \/>\n<meta property=\"og:url\" content=\"https:\/\/tupique.com\/es\/producto\/aspirateur-robot-dreame-ccr2\/\" \/>\n<meta property=\"og:site_name\" content=\"Tupique\" \/>\n<meta name=\"twitter:card\" content=\"summary_large_image\" \/>\n<meta name=\"twitter:label1\" content=\"Tiempo de lectura\" \/>\n\t<meta name=\"twitter:data1\" content=\"2 minutos\" \/>\n<script type=\"application\/ld+json\" class=\"yoast-schema-graph\">{\"@context\":\"https:\/\/schema.org\",\"@graph\":[{\"@type\":\"WebPage\",\"@id\":\"https:\/\/tupique.com\/produit\/aspirateur-robot-dreame-ccr2\/\",\"url\":\"https:\/\/tupique.com\/produit\/aspirateur-robot-dreame-ccr2\/\",\"name\":\"Aspirateur robot Dreame CCR2 - Tupique\",\"isPartOf\":{\"@id\":\"https:\/\/tupique.com\/#website\"},\"primaryImageOfPage\":{\"@id\":\"https:\/\/tupique.com\/produit\/aspirateur-robot-dreame-ccr2\/#primaryimage\"},\"image\":{\"@id\":\"https:\/\/tupique.com\/produit\/aspirateur-robot-dreame-ccr2\/#primaryimage\"},\"thumbnailUrl\":\"https:\/\/tupique.com\/wp-content\/uploads\/2026\/04\/6977328066206_S0466560_P00.jpg\",\"datePublished\":\"2026-04-08T17:57:48+00:00\",\"description\":\"Vous cherchez Aspirateur robot Dreame CCR2 ? Achetez des produits chez Tupique. Profitez de la livraison gratuite pour obtenir Aspirateur robot Dreame CCR2 d\u00e8s maintenant.\",\"breadcrumb\":{\"@id\":\"https:\/\/tupique.com\/produit\/aspirateur-robot-dreame-ccr2\/#breadcrumb\"},\"inLanguage\":\"es\",\"potentialAction\":[{\"@type\":\"ReadAction\",\"target\":[\"https:\/\/tupique.com\/produit\/aspirateur-robot-dreame-ccr2\/\"]}]},{\"@type\":\"ImageObject\",\"inLanguage\":\"es\",\"@id\":\"https:\/\/tupique.com\/produit\/aspirateur-robot-dreame-ccr2\/#primaryimage\",\"url\":\"https:\/\/tupique.com\/wp-content\/uploads\/2026\/04\/6977328066206_S0466560_P00.jpg\",\"contentUrl\":\"https:\/\/tupique.com\/wp-content\/uploads\/2026\/04\/6977328066206_S0466560_P00.jpg\",\"width\":1200,\"height\":1200,\"caption\":\"S71023211_0\"},{\"@type\":\"BreadcrumbList\",\"@id\":\"https:\/\/tupique.com\/produit\/aspirateur-robot-dreame-ccr2\/#breadcrumb\",\"itemListElement\":[{\"@type\":\"ListItem\",\"position\":1,\"name\":\"In\u00edcio\",\"item\":\"https:\/\/tupique.com\/\"},{\"@type\":\"ListItem\",\"position\":2,\"name\":\"Boutique\",\"item\":\"https:\/\/tupique.com\/en\/boutique\/\"},{\"@type\":\"ListItem\",\"position\":3,\"name\":\"Aspirateur robot Dreame CCR2\"}]},{\"@type\":\"WebSite\",\"@id\":\"https:\/\/tupique.com\/#website\",\"url\":\"https:\/\/tupique.com\/\",\"name\":\"Tupique\",\"description\":\"Marketplace\",\"publisher\":{\"@id\":\"https:\/\/tupique.com\/#organization\"},\"potentialAction\":[{\"@type\":\"SearchAction\",\"target\":{\"@type\":\"EntryPoint\",\"urlTemplate\":\"https:\/\/tupique.com\/?s={search_term_string}\"},\"query-input\":{\"@type\":\"PropertyValueSpecification\",\"valueRequired\":true,\"valueName\":\"search_term_string\"}}],\"inLanguage\":\"es\"},{\"@type\":\"Organization\",\"@id\":\"https:\/\/tupique.com\/#organization\",\"name\":\"Tupique\",\"url\":\"https:\/\/tupique.com\/\",\"logo\":{\"@type\":\"ImageObject\",\"inLanguage\":\"es\",\"@id\":\"https:\/\/tupique.com\/#\/schema\/logo\/image\/\",\"url\":\"https:\/\/tupique.com\/wp-content\/uploads\/2024\/09\/logo.png\",\"contentUrl\":\"https:\/\/tupique.com\/wp-content\/uploads\/2024\/09\/logo.png\",\"width\":1118,\"height\":310,\"caption\":\"Tupique\"},\"image\":{\"@id\":\"https:\/\/tupique.com\/#\/schema\/logo\/image\/\"}}]}<\/script>\n<!-- \/ Yoast SEO plugin. -->","yoast_head_json":{"title":"Aspirateur robot Dreame CCR2 - Tupique","description":"Vous cherchez Aspirateur robot Dreame CCR2 ? Achetez des produits chez Tupique. Profitez de la livraison gratuite pour obtenir Aspirateur robot Dreame CCR2 d\u00e8s maintenant.","robots":{"index":"index","follow":"follow","max-snippet":"max-snippet:-1","max-image-preview":"max-image-preview:large","max-video-preview":"max-video-preview:-1"},"canonical":"https:\/\/tupique.com\/es\/producto\/aspirateur-robot-dreame-ccr2\/","og_locale":"es_ES","og_type":"article","og_title":"Aspirateur robot Dreame CCR2 - Tupique","og_description":"Vous cherchez Aspirateur robot Dreame CCR2 ? Achetez des produits chez Tupique. Profitez de la livraison gratuite pour obtenir Aspirateur robot Dreame CCR2 d\u00e8s maintenant.","og_url":"https:\/\/tupique.com\/es\/producto\/aspirateur-robot-dreame-ccr2\/","og_site_name":"Tupique","twitter_card":"summary_large_image","twitter_misc":{"Tiempo de lectura":"2 minutos"},"schema":{"@context":"https:\/\/schema.org","@graph":[{"@type":"WebPage","@id":"https:\/\/tupique.com\/produit\/aspirateur-robot-dreame-ccr2\/","url":"https:\/\/tupique.com\/produit\/aspirateur-robot-dreame-ccr2\/","name":"Aspirateur robot Dreame CCR2 - Tupique","isPartOf":{"@id":"https:\/\/tupique.com\/#website"},"primaryImageOfPage":{"@id":"https:\/\/tupique.com\/produit\/aspirateur-robot-dreame-ccr2\/#primaryimage"},"image":{"@id":"https:\/\/tupique.com\/produit\/aspirateur-robot-dreame-ccr2\/#primaryimage"},"thumbnailUrl":"https:\/\/tupique.com\/wp-content\/uploads\/2026\/04\/6977328066206_S0466560_P00.jpg","datePublished":"2026-04-08T17:57:48+00:00","description":"Vous cherchez Aspirateur robot Dreame CCR2 ? Achetez des produits chez Tupique. Profitez de la livraison gratuite pour obtenir Aspirateur robot Dreame CCR2 d\u00e8s maintenant.","breadcrumb":{"@id":"https:\/\/tupique.com\/produit\/aspirateur-robot-dreame-ccr2\/#breadcrumb"},"inLanguage":"es","potentialAction":[{"@type":"ReadAction","target":["https:\/\/tupique.com\/produit\/aspirateur-robot-dreame-ccr2\/"]}]},{"@type":"ImageObject","inLanguage":"es","@id":"https:\/\/tupique.com\/produit\/aspirateur-robot-dreame-ccr2\/#primaryimage","url":"https:\/\/tupique.com\/wp-content\/uploads\/2026\/04\/6977328066206_S0466560_P00.jpg","contentUrl":"https:\/\/tupique.com\/wp-content\/uploads\/2026\/04\/6977328066206_S0466560_P00.jpg","width":1200,"height":1200,"caption":"S71023211_0"},{"@type":"BreadcrumbList","@id":"https:\/\/tupique.com\/produit\/aspirateur-robot-dreame-ccr2\/#breadcrumb","itemListElement":[{"@type":"ListItem","position":1,"name":"In\u00edcio","item":"https:\/\/tupique.com\/"},{"@type":"ListItem","position":2,"name":"Boutique","item":"https:\/\/tupique.com\/en\/boutique\/"},{"@type":"ListItem","position":3,"name":"Aspirateur robot Dreame CCR2"}]},{"@type":"WebSite","@id":"https:\/\/tupique.com\/#website","url":"https:\/\/tupique.com\/","name":"Tupique","description":"Marketplace","publisher":{"@id":"https:\/\/tupique.com\/#organization"},"potentialAction":[{"@type":"SearchAction","target":{"@type":"EntryPoint","urlTemplate":"https:\/\/tupique.com\/?s={search_term_string}"},"query-input":{"@type":"PropertyValueSpecification","valueRequired":true,"valueName":"search_term_string"}}],"inLanguage":"es"},{"@type":"Organization","@id":"https:\/\/tupique.com\/#organization","name":"Tupique","url":"https:\/\/tupique.com\/","logo":{"@type":"ImageObject","inLanguage":"es","@id":"https:\/\/tupique.com\/#\/schema\/logo\/image\/","url":"https:\/\/tupique.com\/wp-content\/uploads\/2024\/09\/logo.png","contentUrl":"https:\/\/tupique.com\/wp-content\/uploads\/2024\/09\/logo.png","width":1118,"height":310,"caption":"Tupique"},"image":{"@id":"https:\/\/tupique.com\/#\/schema\/logo\/image\/"}}]}},"jetpack_sharing_enabled":true,"_links":{"self":[{"href":"https:\/\/tupique.com\/es\/wp-json\/wp\/v2\/product\/4384284","targetHints":{"allow":["GET"]}}],"collection":[{"href":"https:\/\/tupique.com\/es\/wp-json\/wp\/v2\/product"}],"about":[{"href":"https:\/\/tupique.com\/es\/wp-json\/wp\/v2\/types\/product"}],"replies":[{"embeddable":true,"href":"https:\/\/tupique.com\/es\/wp-json\/wp\/v2\/comments?post=4384284"}],"wp:featuredmedia":[{"embeddable":true,"href":"https:\/\/tupique.com\/es\/wp-json\/wp\/v2\/media\/4384262"}],"wp:attachment":[{"href":"https:\/\/tupique.com\/es\/wp-json\/wp\/v2\/media?parent=4384284"}],"wp:term":[{"taxonomy":"product_brand","embeddable":true,"href":"https:\/\/tupique.com\/es\/wp-json\/wp\/v2\/product_brand?post=4384284"},{"taxonomy":"product_cat","embeddable":true,"href":"https:\/\/tupique.com\/es\/wp-json\/wp\/v2\/product_cat?post=4384284"},{"taxonomy":"product_tag","embeddable":true,"href":"https:\/\/tupique.com\/es\/wp-json\/wp\/v2\/product_tag?post=4384284"}],"curies":[{"name":"wp","href":"https:\/\/api.w.org\/{rel}","templated":true}]}}