{"id":4384381,"date":"2026-04-08T18:59:41","date_gmt":"2026-04-08T17:59:41","guid":{"rendered":"https:\/\/tupique.com\/produit\/tablette-apple-11-m3-8-gb-ram-1-tb-gris\/"},"modified":"2026-04-08T18:59:41","modified_gmt":"2026-04-08T17:59:41","slug":"tablette-apple-11-m3-8-gb-ram-1-tb-gris","status":"publish","type":"product","link":"https:\/\/tupique.com\/es\/producto\/tablette-apple-11-m3-8-gb-ram-1-tb-gris\/","title":{"rendered":"Apple Tablet 11\u2033 M3 8 GB RAM 1 TB Gris"},"content":{"rendered":"<p>Si le apasiona\u2019<b>inform\u00e1tica y electr\u00f3nica<\/b>, Si est\u00e1s a la \u00faltima en tecnolog\u00eda y no quieres perderte nada, compra <b>Apple Tablet 11\u2033 M3 8 GB RAM 1 TB Gris<\/b> al mejor precio.<\/p>\n<p>L\u2019<b>iPad Air<\/b> de Apple es un <b>tableta<\/b> avanc\u00e9e con\u00e7ue pour offrir un \u00e9quilibre remarquable entre polyvalence et puissance, id\u00e9ale aussi bien pour les professionnels que pour un usage quotidien. Cette version dispose de <b>8 GB de memoria RAM<\/b>, garantissant des performances fluides en multit\u00e2che et lors de l\u2019utilisation d\u2019applications exigeantes, tandis que son <b>\u00e9cran de 11 pouces<\/b> affiche des images nettes et lumineuses, parfait pour le multim\u00e9dia, la navigation ou la productivit\u00e9 en d\u00e9placement. Sa finition <b>grise<\/b> y su <b>ch\u00e2ssis en aluminium<\/b> renforcent l\u2019esth\u00e9tique haut de gamme et la robustesse du produit, des caract\u00e9ristiques typiques de la gamme Apple. Elle se distingue \u00e9galement par sa grande <b>capacit\u00e9 de stockage de 1 To<\/b>, rare dans ce segment, permettant de conserver de nombreux documents, applications, photos et vid\u00e9os sans contrainte d\u2019espace. L\u2019<b>appareil photo de 12 MP<\/b> permet de r\u00e9aliser des prises de vue et des appels vid\u00e9o en haute qualit\u00e9, soutenu par la <b>cam\u00e9ra frontale<\/b> y el <b>micr\u00f3fono integrado<\/b> qui am\u00e9liorent l\u2019exp\u00e9rience lors des conf\u00e9rences ou appels. Gr\u00e2ce \u00e0 la <b>connectivit\u00e9 Bluetooth<\/b>, il s\u2019int\u00e8gre facilement avec des accessoires et d\u2019autres appareils de l\u2019\u00e9cosyst\u00e8me Apple. L\u2019<b>iPad Air<\/b> s\u2019impose comme une solution flexible et puissante pour ceux qui recherchent une exp\u00e9rience utilisateur r\u00e9active, un stockage \u00e9tendu et un design raffin\u00e9 dans une tablette de derni\u00e8re g\u00e9n\u00e9ration.<\/p>\n<ul>\n<li>Tipo:\n<ul>\n<li>Tableta<\/li>\n<li>Flash<\/li>\n<\/ul>\n<\/li>\n<li>Tipo de enchufe: enchufe UE<\/li>\n<li>Producto enchufable: S\u00ed<\/li>\n<li>Caracter\u00edsticas:\n<ul>\n<li>Anti-trace<\/li>\n<li>Sensor de luz ambiental<\/li>\n<li>eSIM<\/li>\n<li>Contr\u00f4le vocal<\/li>\n<li>C\u00e1mara frontal<\/li>\n<li>Micr\u00f3fono incorporado<\/li>\n<li>Autoenfoque<\/li>\n<li>2 altavoces<\/li>\n<li>4 altavoces<\/li>\n<li>Lector de huellas dactilares<\/li>\n<li>Br\u00fajula electr\u00f3nica<\/li>\n<li>Pantalla con esquinas redondeadas<\/li>\n<\/ul>\n<\/li>\n<li>Zoom Num\u00e9rique: 5x<\/li>\n<li>Rapport d&#8217;aspect: 4:3<\/li>\n<li>Conectividad:\n<ul>\n<li>Wi-Fi<\/li>\n<li>Airplay<\/li>\n<li>Wi-Fi 6E ghz<\/li>\n<li>Bluetooth<\/li>\n<li>GPS<\/li>\n<li>Wi-Fi de 6 GHz<\/li>\n<li>Bluetooth 5.3<\/li>\n<\/ul>\n<\/li>\n<li>Poids approx.: 460 g<\/li>\n<li>Compatible:\n<ul>\n<li>Windows 10<\/li>\n<li>Windows 11<\/li>\n<li>MAC OS X 10.13 HIGH SIERRA<\/li>\n<li>MAC OS X 10.14 MOJAVE<\/li>\n<li>MAC OS X 10.15 CATALINA<\/li>\n<li>MAC OS X 10.15.3 CATALINA<\/li>\n<li>MAC OS X 11.0 BIG SUR<\/li>\n<li>iPadOS<\/li>\n<\/ul>\n<\/li>\n<li>Inclut: C\u00e2ble USB-C<\/li>\n<li>Giroscopio: S\u00ed<\/li>\n<li>Stabilisateur d&#8217;image: Oui<\/li>\n<li>Aceler\u00f3metro: S\u00ed<\/li>\n<li>Ne contient pas: Mercure<\/li>\n<li>Conexiones:\n<ul>\n<li>USB-C 3.2 x 1<\/li>\n<li>USB-C<\/li>\n<li>USB-C 3.2 Gen 2 (3.1 Gen 2)<\/li>\n<\/ul>\n<\/li>\n<li>Formatos: AAC<\/li>\n<li>Tecnolog\u00eda:\n<ul>\n<li>IPS<\/li>\n<li>LED<\/li>\n<li>Mimo<\/li>\n<\/ul>\n<\/li>\n<li>Batterie: Polym\u00e8re de lithium<\/li>\n<li>Syst\u00e8me d&#8217;exploitation:\n<ul>\n<li>iPadOS 15<\/li>\n<li>iPadOS<\/li>\n<li>iOS<\/li>\n<\/ul>\n<\/li>\n<li>Certificado:\n<ul>\n<li>ENERGY STAR<\/li>\n<li>Certification ENERGY STAR<\/li>\n<\/ul>\n<\/li>\n<li>Procesador:\n<ul>\n<li>M3-8100Y<\/li>\n<li>M3<\/li>\n<\/ul>\n<\/li>\n<li>Resoluci\u00f3n:\n<ul>\n<li>264 PPP<\/li>\n<li>12 MP<\/li>\n<li>2360 x 1640 px<\/li>\n<\/ul>\n<\/li>\n<li>Resoluci\u00f3n (px):\n<ul>\n<li>2360 X 1640 PX<\/li>\n<li>3840 x 2160 px<\/li>\n<li>2160 px<\/li>\n<\/ul>\n<\/li>\n<li>Fuente de alimentaci\u00f3n:\n<ul>\n<li>r\u00e9seau \u00e9lectrique<\/li>\n<li>USB<\/li>\n<\/ul>\n<\/li>\n<li>C\u00e1mara:\n<ul>\n<li>12 MP<\/li>\n<li>Trasera<\/li>\n<\/ul>\n<\/li>\n<li>Clasificaci\u00f3n energ\u00e9tica: G<\/li>\n<li>Color: Gris<\/li>\n<li>Material: Aluminio<\/li>\n<li>Funciones:\n<ul>\n<li>Bar\u00f3metro<\/li>\n<li>Aceler\u00f3metro<\/li>\n<li>Geolocalizaci\u00f3n<\/li>\n<\/ul>\n<\/li>\n<li>Apertura: F\/1,8<\/li>\n<li>Memoria RAM: 8 GB RAM<\/li>\n<li>Brillo: 500 cd\/m2<\/li>\n<li>Non Inclus:\n<ul>\n<li>Adaptateur AC<\/li>\n<li>Conexi\u00f3n a la red m\u00f3vil<\/li>\n<\/ul>\n<\/li>\n<li>Pantalla: 11\u2033<\/li>\n<li>Memoria interna: 1 TB<\/li>\n<li>Tipo de bater\u00eda: Litio Ion<\/li>\n<li>N\u00facleos:\n<ul>\n<li>8 n\u00facleos<\/li>\n<li>16 n\u00facleos<\/li>\n<\/ul>\n<\/li>\n<li>Diagonale de l&#8217;\u00e9cran (cm): 27,9 cm<\/li>\n<li>Tiempo de funcionamiento aproximado: 10 horas<\/li>\n<li>Dispositif intelligent: Apple Intelligence<\/li>\n<\/ul>","protected":false},"excerpt":{"rendered":"<p>Si vous \u00eates passionn\u00e9 d&#8217;informatique et d&#8217;\u00e9lectronique, si vous \u00eates \u00e0 la pointe de la technologie et qu&#8217;aucun d\u00e9tail ne<\/p>","protected":false},"featured_media":4384360,"comment_status":"open","ping_status":"closed","template":"","meta":{"_joinchat":[]},"product_brand":[157892],"product_cat":[157523,157516,157560],"product_tag":[157546,157522,157515],"class_list":{"0":"post-4384381","1":"product","2":"type-product","3":"status-publish","4":"has-post-thumbnail","6":"product_brand-brandp_533","7":"product_cat-electronique-telephonie-et-tablettes","8":"product_cat-informatique-electronique","9":"product_cat-tablettes","10":"product_tag-tag_1304","11":"product_tag-tag_547","12":"product_tag-tag_1295","14":"first","15":"outofstock","16":"taxable","17":"shipping-taxable","18":"purchasable","19":"product-type-simple"},"yoast_head":"<!-- This site is optimized with the Yoast SEO plugin v27.2 - https:\/\/yoast.com\/product\/yoast-seo-wordpress\/ -->\n<title>Tablette Apple 11&quot; M3 8 GB RAM 1 TB Gris - Tupique<\/title>\n<meta name=\"description\" content=\"Vous cherchez Tablette Apple 11&quot; M3 8 GB RAM 1 TB Gris ? Achetez des produits chez Tupique. Profitez de la livraison gratuite pour obtenir Tablette Apple 11&quot; M3 8 GB RAM 1 TB Gris d\u00e8s maintenant.\" \/>\n<meta name=\"robots\" content=\"index, follow, max-snippet:-1, max-image-preview:large, max-video-preview:-1\" \/>\n<link rel=\"canonical\" href=\"https:\/\/tupique.com\/es\/producto\/tablette-apple-11-m3-8-gb-ram-1-tb-gris\/\" \/>\n<meta property=\"og:locale\" content=\"es_ES\" \/>\n<meta property=\"og:type\" content=\"article\" \/>\n<meta property=\"og:title\" content=\"Tablette Apple 11&quot; M3 8 GB RAM 1 TB Gris - Tupique\" \/>\n<meta property=\"og:description\" content=\"Vous cherchez Tablette Apple 11&quot; M3 8 GB RAM 1 TB Gris ? Achetez des produits chez Tupique. Profitez de la livraison gratuite pour obtenir Tablette Apple 11&quot; M3 8 GB RAM 1 TB Gris d\u00e8s maintenant.\" \/>\n<meta property=\"og:url\" content=\"https:\/\/tupique.com\/es\/producto\/tablette-apple-11-m3-8-gb-ram-1-tb-gris\/\" \/>\n<meta property=\"og:site_name\" content=\"Tupique\" \/>\n<meta name=\"twitter:card\" content=\"summary_large_image\" \/>\n<meta name=\"twitter:label1\" content=\"Tiempo de lectura\" \/>\n\t<meta name=\"twitter:data1\" content=\"2 minutos\" \/>\n<script type=\"application\/ld+json\" class=\"yoast-schema-graph\">{\"@context\":\"https:\/\/schema.org\",\"@graph\":[{\"@type\":\"WebPage\",\"@id\":\"https:\/\/tupique.com\/produit\/tablette-apple-11-m3-8-gb-ram-1-tb-gris\/\",\"url\":\"https:\/\/tupique.com\/produit\/tablette-apple-11-m3-8-gb-ram-1-tb-gris\/\",\"name\":\"Tablette Apple 11\\\" M3 8 GB RAM 1 TB Gris - Tupique\",\"isPartOf\":{\"@id\":\"https:\/\/tupique.com\/#website\"},\"primaryImageOfPage\":{\"@id\":\"https:\/\/tupique.com\/produit\/tablette-apple-11-m3-8-gb-ram-1-tb-gris\/#primaryimage\"},\"image\":{\"@id\":\"https:\/\/tupique.com\/produit\/tablette-apple-11-m3-8-gb-ram-1-tb-gris\/#primaryimage\"},\"thumbnailUrl\":\"https:\/\/tupique.com\/wp-content\/uploads\/2026\/04\/0195950000108_R01.jpg\",\"datePublished\":\"2026-04-08T17:59:41+00:00\",\"description\":\"Vous cherchez Tablette Apple 11\\\" M3 8 GB RAM 1 TB Gris ? Achetez des produits chez Tupique. Profitez de la livraison gratuite pour obtenir Tablette Apple 11\\\" M3 8 GB RAM 1 TB Gris d\u00e8s maintenant.\",\"breadcrumb\":{\"@id\":\"https:\/\/tupique.com\/produit\/tablette-apple-11-m3-8-gb-ram-1-tb-gris\/#breadcrumb\"},\"inLanguage\":\"es\",\"potentialAction\":[{\"@type\":\"ReadAction\",\"target\":[\"https:\/\/tupique.com\/produit\/tablette-apple-11-m3-8-gb-ram-1-tb-gris\/\"]}]},{\"@type\":\"ImageObject\",\"inLanguage\":\"es\",\"@id\":\"https:\/\/tupique.com\/produit\/tablette-apple-11-m3-8-gb-ram-1-tb-gris\/#primaryimage\",\"url\":\"https:\/\/tupique.com\/wp-content\/uploads\/2026\/04\/0195950000108_R01.jpg\",\"contentUrl\":\"https:\/\/tupique.com\/wp-content\/uploads\/2026\/04\/0195950000108_R01.jpg\",\"width\":1200,\"height\":1200,\"caption\":\"S71017131_0\"},{\"@type\":\"BreadcrumbList\",\"@id\":\"https:\/\/tupique.com\/produit\/tablette-apple-11-m3-8-gb-ram-1-tb-gris\/#breadcrumb\",\"itemListElement\":[{\"@type\":\"ListItem\",\"position\":1,\"name\":\"In\u00edcio\",\"item\":\"https:\/\/tupique.com\/\"},{\"@type\":\"ListItem\",\"position\":2,\"name\":\"Boutique\",\"item\":\"https:\/\/tupique.com\/en\/boutique\/\"},{\"@type\":\"ListItem\",\"position\":3,\"name\":\"Tablette Apple 11&#8243; M3 8 GB RAM 1 TB Gris\"}]},{\"@type\":\"WebSite\",\"@id\":\"https:\/\/tupique.com\/#website\",\"url\":\"https:\/\/tupique.com\/\",\"name\":\"Tupique\",\"description\":\"Marketplace\",\"publisher\":{\"@id\":\"https:\/\/tupique.com\/#organization\"},\"potentialAction\":[{\"@type\":\"SearchAction\",\"target\":{\"@type\":\"EntryPoint\",\"urlTemplate\":\"https:\/\/tupique.com\/?s={search_term_string}\"},\"query-input\":{\"@type\":\"PropertyValueSpecification\",\"valueRequired\":true,\"valueName\":\"search_term_string\"}}],\"inLanguage\":\"es\"},{\"@type\":\"Organization\",\"@id\":\"https:\/\/tupique.com\/#organization\",\"name\":\"Tupique\",\"url\":\"https:\/\/tupique.com\/\",\"logo\":{\"@type\":\"ImageObject\",\"inLanguage\":\"es\",\"@id\":\"https:\/\/tupique.com\/#\/schema\/logo\/image\/\",\"url\":\"https:\/\/tupique.com\/wp-content\/uploads\/2024\/09\/logo.png\",\"contentUrl\":\"https:\/\/tupique.com\/wp-content\/uploads\/2024\/09\/logo.png\",\"width\":1118,\"height\":310,\"caption\":\"Tupique\"},\"image\":{\"@id\":\"https:\/\/tupique.com\/#\/schema\/logo\/image\/\"}}]}<\/script>\n<!-- \/ Yoast SEO plugin. -->","yoast_head_json":{"title":"Tablette Apple 11\" M3 8 GB RAM 1 TB Gris - Tupique","description":"Vous cherchez Tablette Apple 11\" M3 8 GB RAM 1 TB Gris ? Achetez des produits chez Tupique. Profitez de la livraison gratuite pour obtenir Tablette Apple 11\" M3 8 GB RAM 1 TB Gris d\u00e8s maintenant.","robots":{"index":"index","follow":"follow","max-snippet":"max-snippet:-1","max-image-preview":"max-image-preview:large","max-video-preview":"max-video-preview:-1"},"canonical":"https:\/\/tupique.com\/es\/producto\/tablette-apple-11-m3-8-gb-ram-1-tb-gris\/","og_locale":"es_ES","og_type":"article","og_title":"Tablette Apple 11\" M3 8 GB RAM 1 TB Gris - Tupique","og_description":"Vous cherchez Tablette Apple 11\" M3 8 GB RAM 1 TB Gris ? Achetez des produits chez Tupique. Profitez de la livraison gratuite pour obtenir Tablette Apple 11\" M3 8 GB RAM 1 TB Gris d\u00e8s maintenant.","og_url":"https:\/\/tupique.com\/es\/producto\/tablette-apple-11-m3-8-gb-ram-1-tb-gris\/","og_site_name":"Tupique","twitter_card":"summary_large_image","twitter_misc":{"Tiempo de lectura":"2 minutos"},"schema":{"@context":"https:\/\/schema.org","@graph":[{"@type":"WebPage","@id":"https:\/\/tupique.com\/produit\/tablette-apple-11-m3-8-gb-ram-1-tb-gris\/","url":"https:\/\/tupique.com\/produit\/tablette-apple-11-m3-8-gb-ram-1-tb-gris\/","name":"Tablette Apple 11\" M3 8 GB RAM 1 TB Gris - Tupique","isPartOf":{"@id":"https:\/\/tupique.com\/#website"},"primaryImageOfPage":{"@id":"https:\/\/tupique.com\/produit\/tablette-apple-11-m3-8-gb-ram-1-tb-gris\/#primaryimage"},"image":{"@id":"https:\/\/tupique.com\/produit\/tablette-apple-11-m3-8-gb-ram-1-tb-gris\/#primaryimage"},"thumbnailUrl":"https:\/\/tupique.com\/wp-content\/uploads\/2026\/04\/0195950000108_R01.jpg","datePublished":"2026-04-08T17:59:41+00:00","description":"Vous cherchez Tablette Apple 11\" M3 8 GB RAM 1 TB Gris ? Achetez des produits chez Tupique. Profitez de la livraison gratuite pour obtenir Tablette Apple 11\" M3 8 GB RAM 1 TB Gris d\u00e8s maintenant.","breadcrumb":{"@id":"https:\/\/tupique.com\/produit\/tablette-apple-11-m3-8-gb-ram-1-tb-gris\/#breadcrumb"},"inLanguage":"es","potentialAction":[{"@type":"ReadAction","target":["https:\/\/tupique.com\/produit\/tablette-apple-11-m3-8-gb-ram-1-tb-gris\/"]}]},{"@type":"ImageObject","inLanguage":"es","@id":"https:\/\/tupique.com\/produit\/tablette-apple-11-m3-8-gb-ram-1-tb-gris\/#primaryimage","url":"https:\/\/tupique.com\/wp-content\/uploads\/2026\/04\/0195950000108_R01.jpg","contentUrl":"https:\/\/tupique.com\/wp-content\/uploads\/2026\/04\/0195950000108_R01.jpg","width":1200,"height":1200,"caption":"S71017131_0"},{"@type":"BreadcrumbList","@id":"https:\/\/tupique.com\/produit\/tablette-apple-11-m3-8-gb-ram-1-tb-gris\/#breadcrumb","itemListElement":[{"@type":"ListItem","position":1,"name":"In\u00edcio","item":"https:\/\/tupique.com\/"},{"@type":"ListItem","position":2,"name":"Boutique","item":"https:\/\/tupique.com\/en\/boutique\/"},{"@type":"ListItem","position":3,"name":"Tablette Apple 11&#8243; M3 8 GB RAM 1 TB Gris"}]},{"@type":"WebSite","@id":"https:\/\/tupique.com\/#website","url":"https:\/\/tupique.com\/","name":"Tupique","description":"Marketplace","publisher":{"@id":"https:\/\/tupique.com\/#organization"},"potentialAction":[{"@type":"SearchAction","target":{"@type":"EntryPoint","urlTemplate":"https:\/\/tupique.com\/?s={search_term_string}"},"query-input":{"@type":"PropertyValueSpecification","valueRequired":true,"valueName":"search_term_string"}}],"inLanguage":"es"},{"@type":"Organization","@id":"https:\/\/tupique.com\/#organization","name":"Tupique","url":"https:\/\/tupique.com\/","logo":{"@type":"ImageObject","inLanguage":"es","@id":"https:\/\/tupique.com\/#\/schema\/logo\/image\/","url":"https:\/\/tupique.com\/wp-content\/uploads\/2024\/09\/logo.png","contentUrl":"https:\/\/tupique.com\/wp-content\/uploads\/2024\/09\/logo.png","width":1118,"height":310,"caption":"Tupique"},"image":{"@id":"https:\/\/tupique.com\/#\/schema\/logo\/image\/"}}]}},"jetpack_sharing_enabled":true,"_links":{"self":[{"href":"https:\/\/tupique.com\/es\/wp-json\/wp\/v2\/product\/4384381","targetHints":{"allow":["GET"]}}],"collection":[{"href":"https:\/\/tupique.com\/es\/wp-json\/wp\/v2\/product"}],"about":[{"href":"https:\/\/tupique.com\/es\/wp-json\/wp\/v2\/types\/product"}],"replies":[{"embeddable":true,"href":"https:\/\/tupique.com\/es\/wp-json\/wp\/v2\/comments?post=4384381"}],"wp:featuredmedia":[{"embeddable":true,"href":"https:\/\/tupique.com\/es\/wp-json\/wp\/v2\/media\/4384360"}],"wp:attachment":[{"href":"https:\/\/tupique.com\/es\/wp-json\/wp\/v2\/media?parent=4384381"}],"wp:term":[{"taxonomy":"product_brand","embeddable":true,"href":"https:\/\/tupique.com\/es\/wp-json\/wp\/v2\/product_brand?post=4384381"},{"taxonomy":"product_cat","embeddable":true,"href":"https:\/\/tupique.com\/es\/wp-json\/wp\/v2\/product_cat?post=4384381"},{"taxonomy":"product_tag","embeddable":true,"href":"https:\/\/tupique.com\/es\/wp-json\/wp\/v2\/product_tag?post=4384381"}],"curies":[{"name":"wp","href":"https:\/\/api.w.org\/{rel}","templated":true}]}}