{"id":4384672,"date":"2026-04-08T20:01:42","date_gmt":"2026-04-08T19:01:42","guid":{"rendered":"https:\/\/tupique.com\/produit\/ordinateur-portable-tecno-2\/"},"modified":"2026-04-08T22:55:36","modified_gmt":"2026-04-08T21:55:36","slug":"ordinateur-portable-tecno-2","status":"publish","type":"product","link":"https:\/\/tupique.com\/es\/producto\/ordinateur-portable-tecno-2\/","title":{"rendered":"Ordinateur Portable Tecno"},"content":{"rendered":"<p>Si buscas las \u00faltimas tendencias del mercado, nosotros te ayudamos. <b>Ordinateur Portable Tecno<\/b> !<\/p>\n<ul>\n<li>Tipo:\n<ul>\n<li>Ordinateur Portable<\/li>\n<li>SSD<\/li>\n<\/ul>\n<\/li>\n<li>Producto enchufable: S\u00ed<\/li>\n<li>Tipo de memoria:\n<ul>\n<li>SDRAM<\/li>\n<li>DDR4 SDRAM<\/li>\n<\/ul>\n<\/li>\n<li>Teclado:\n<ul>\n<li>Azerty Franc\u00e9s<\/li>\n<li>AZERTY<\/li>\n<\/ul>\n<\/li>\n<li>Bloc d\u2019Alimentation: r\u00e9seau \u00e9lectrique<\/li>\n<li>Familia de procesadores: AMD<\/li>\n<li>Contr\u00f4leur graphique: AMD Radeon\u2122<\/li>\n<li>USB: 1<\/li>\n<li>Puissance de charge: 65 W<\/li>\n<li>Tecnolog\u00eda:\n<ul>\n<li>DDR4<\/li>\n<li>IPS<\/li>\n<\/ul>\n<\/li>\n<li>vitesse: 4,3 ghz<\/li>\n<li>Resoluci\u00f3n (px): 1920 x 1080 px<\/li>\n<li>Syst\u00e8me d&#8217;exploitation:\n<ul>\n<li>Windows<\/li>\n<li>Windows 11<\/li>\n<\/ul>\n<\/li>\n<li>Type de stockage: SSD<\/li>\n<li>Color: Gris<\/li>\n<li>Caract\u00e9ristiques: Webcam<\/li>\n<li>Conexiones:\n<ul>\n<li>PCIe<\/li>\n<li>PCI Express<\/li>\n<\/ul>\n<\/li>\n<li>Relaci\u00f3n de aspecto: 16:9<\/li>\n<li>Poids: 1,65 Kg<\/li>\n<li>Conectividad: Wi-Fi<\/li>\n<li>Processeur: AMD Ryzen 5 7430U<\/li>\n<li>Disco duro:\n<ul>\n<li>512 GB SSD<\/li>\n<li>SSD<\/li>\n<\/ul>\n<\/li>\n<li>Dimensions approx.: 23,6 cm<\/li>\n<\/ul>","protected":false},"excerpt":{"rendered":"<p>Si vous \u00eates \u00e0 la recherche de nouvelles tendances sur le march\u00e9, nous vous pr\u00e9sentons Ordinateur Portable Tecno ! Type:<\/p>","protected":false},"featured_media":4384666,"comment_status":"open","ping_status":"closed","template":"","meta":{"_joinchat":[]},"product_brand":[158270],"product_cat":[157516,157583,155043],"product_tag":[157514,157546,157515],"class_list":{"0":"post-4384672","1":"product","2":"type-product","3":"status-publish","4":"has-post-thumbnail","6":"product_brand-brandp_9146","7":"product_cat-informatique-electronique","8":"product_cat-informatique-ordinateurs","9":"product_cat-notebooks","10":"product_tag-tag_933","11":"product_tag-tag_1304","12":"product_tag-tag_1295","14":"first","15":"instock","16":"taxable","17":"shipping-taxable","18":"purchasable","19":"product-type-simple"},"yoast_head":"<!-- This site is optimized with the Yoast SEO plugin v27.2 - https:\/\/yoast.com\/product\/yoast-seo-wordpress\/ -->\n<title>Ordinateur Portable Tecno - Tupique<\/title>\n<meta name=\"description\" content=\"Vous cherchez Ordinateur Portable Tecno ? Achetez des produits chez Tupique. Profitez de la livraison gratuite pour obtenir Ordinateur Portable Tecno d\u00e8s maintenant.\" \/>\n<meta name=\"robots\" content=\"index, follow, max-snippet:-1, max-image-preview:large, max-video-preview:-1\" \/>\n<link rel=\"canonical\" href=\"https:\/\/tupique.com\/es\/producto\/ordinateur-portable-tecno-2\/\" \/>\n<meta property=\"og:locale\" content=\"es_ES\" \/>\n<meta property=\"og:type\" content=\"article\" \/>\n<meta property=\"og:title\" content=\"Ordinateur Portable Tecno - Tupique\" \/>\n<meta property=\"og:description\" content=\"Vous cherchez Ordinateur Portable Tecno ? Achetez des produits chez Tupique. Profitez de la livraison gratuite pour obtenir Ordinateur Portable Tecno d\u00e8s maintenant.\" \/>\n<meta property=\"og:url\" content=\"https:\/\/tupique.com\/es\/producto\/ordinateur-portable-tecno-2\/\" \/>\n<meta property=\"og:site_name\" content=\"Tupique\" \/>\n<meta property=\"article:modified_time\" content=\"2026-04-08T21:55:36+00:00\" \/>\n<meta property=\"og:image\" content=\"https:\/\/tupique.com\/wp-content\/uploads\/2026\/04\/4894947067969_S71025602_P00.jpg\" \/>\n\t<meta property=\"og:image:width\" content=\"1200\" \/>\n\t<meta property=\"og:image:height\" content=\"1200\" \/>\n\t<meta property=\"og:image:type\" content=\"image\/jpeg\" \/>\n<meta name=\"twitter:card\" content=\"summary_large_image\" \/>\n<script type=\"application\/ld+json\" class=\"yoast-schema-graph\">{\"@context\":\"https:\/\/schema.org\",\"@graph\":[{\"@type\":\"WebPage\",\"@id\":\"https:\/\/tupique.com\/produit\/ordinateur-portable-tecno-2\/\",\"url\":\"https:\/\/tupique.com\/produit\/ordinateur-portable-tecno-2\/\",\"name\":\"Ordinateur Portable Tecno - Tupique\",\"isPartOf\":{\"@id\":\"https:\/\/tupique.com\/#website\"},\"primaryImageOfPage\":{\"@id\":\"https:\/\/tupique.com\/produit\/ordinateur-portable-tecno-2\/#primaryimage\"},\"image\":{\"@id\":\"https:\/\/tupique.com\/produit\/ordinateur-portable-tecno-2\/#primaryimage\"},\"thumbnailUrl\":\"https:\/\/tupique.com\/wp-content\/uploads\/2026\/04\/4894947067969_S71025602_P00.jpg\",\"datePublished\":\"2026-04-08T19:01:42+00:00\",\"dateModified\":\"2026-04-08T21:55:36+00:00\",\"description\":\"Vous cherchez Ordinateur Portable Tecno ? Achetez des produits chez Tupique. Profitez de la livraison gratuite pour obtenir Ordinateur Portable Tecno d\u00e8s maintenant.\",\"breadcrumb\":{\"@id\":\"https:\/\/tupique.com\/produit\/ordinateur-portable-tecno-2\/#breadcrumb\"},\"inLanguage\":\"es\",\"potentialAction\":[{\"@type\":\"ReadAction\",\"target\":[\"https:\/\/tupique.com\/produit\/ordinateur-portable-tecno-2\/\"]}]},{\"@type\":\"ImageObject\",\"inLanguage\":\"es\",\"@id\":\"https:\/\/tupique.com\/produit\/ordinateur-portable-tecno-2\/#primaryimage\",\"url\":\"https:\/\/tupique.com\/wp-content\/uploads\/2026\/04\/4894947067969_S71025602_P00.jpg\",\"contentUrl\":\"https:\/\/tupique.com\/wp-content\/uploads\/2026\/04\/4894947067969_S71025602_P00.jpg\",\"width\":1200,\"height\":1200,\"caption\":\"S71025602_0\"},{\"@type\":\"BreadcrumbList\",\"@id\":\"https:\/\/tupique.com\/produit\/ordinateur-portable-tecno-2\/#breadcrumb\",\"itemListElement\":[{\"@type\":\"ListItem\",\"position\":1,\"name\":\"In\u00edcio\",\"item\":\"https:\/\/tupique.com\/\"},{\"@type\":\"ListItem\",\"position\":2,\"name\":\"Boutique\",\"item\":\"https:\/\/tupique.com\/en\/boutique\/\"},{\"@type\":\"ListItem\",\"position\":3,\"name\":\"Ordinateur Portable Tecno\"}]},{\"@type\":\"WebSite\",\"@id\":\"https:\/\/tupique.com\/#website\",\"url\":\"https:\/\/tupique.com\/\",\"name\":\"Tupique\",\"description\":\"Marketplace\",\"publisher\":{\"@id\":\"https:\/\/tupique.com\/#organization\"},\"potentialAction\":[{\"@type\":\"SearchAction\",\"target\":{\"@type\":\"EntryPoint\",\"urlTemplate\":\"https:\/\/tupique.com\/?s={search_term_string}\"},\"query-input\":{\"@type\":\"PropertyValueSpecification\",\"valueRequired\":true,\"valueName\":\"search_term_string\"}}],\"inLanguage\":\"es\"},{\"@type\":\"Organization\",\"@id\":\"https:\/\/tupique.com\/#organization\",\"name\":\"Tupique\",\"url\":\"https:\/\/tupique.com\/\",\"logo\":{\"@type\":\"ImageObject\",\"inLanguage\":\"es\",\"@id\":\"https:\/\/tupique.com\/#\/schema\/logo\/image\/\",\"url\":\"https:\/\/tupique.com\/wp-content\/uploads\/2024\/09\/logo.png\",\"contentUrl\":\"https:\/\/tupique.com\/wp-content\/uploads\/2024\/09\/logo.png\",\"width\":1118,\"height\":310,\"caption\":\"Tupique\"},\"image\":{\"@id\":\"https:\/\/tupique.com\/#\/schema\/logo\/image\/\"}}]}<\/script>\n<!-- \/ Yoast SEO plugin. -->","yoast_head_json":{"title":"Ordinateur Portable Tecno - Tupique","description":"Vous cherchez Ordinateur Portable Tecno ? Achetez des produits chez Tupique. Profitez de la livraison gratuite pour obtenir Ordinateur Portable Tecno d\u00e8s maintenant.","robots":{"index":"index","follow":"follow","max-snippet":"max-snippet:-1","max-image-preview":"max-image-preview:large","max-video-preview":"max-video-preview:-1"},"canonical":"https:\/\/tupique.com\/es\/producto\/ordinateur-portable-tecno-2\/","og_locale":"es_ES","og_type":"article","og_title":"Ordinateur Portable Tecno - Tupique","og_description":"Vous cherchez Ordinateur Portable Tecno ? Achetez des produits chez Tupique. Profitez de la livraison gratuite pour obtenir Ordinateur Portable Tecno d\u00e8s maintenant.","og_url":"https:\/\/tupique.com\/es\/producto\/ordinateur-portable-tecno-2\/","og_site_name":"Tupique","article_modified_time":"2026-04-08T21:55:36+00:00","og_image":[{"width":1200,"height":1200,"url":"https:\/\/tupique.com\/wp-content\/uploads\/2026\/04\/4894947067969_S71025602_P00.jpg","type":"image\/jpeg"}],"twitter_card":"summary_large_image","schema":{"@context":"https:\/\/schema.org","@graph":[{"@type":"WebPage","@id":"https:\/\/tupique.com\/produit\/ordinateur-portable-tecno-2\/","url":"https:\/\/tupique.com\/produit\/ordinateur-portable-tecno-2\/","name":"Ordinateur Portable Tecno - Tupique","isPartOf":{"@id":"https:\/\/tupique.com\/#website"},"primaryImageOfPage":{"@id":"https:\/\/tupique.com\/produit\/ordinateur-portable-tecno-2\/#primaryimage"},"image":{"@id":"https:\/\/tupique.com\/produit\/ordinateur-portable-tecno-2\/#primaryimage"},"thumbnailUrl":"https:\/\/tupique.com\/wp-content\/uploads\/2026\/04\/4894947067969_S71025602_P00.jpg","datePublished":"2026-04-08T19:01:42+00:00","dateModified":"2026-04-08T21:55:36+00:00","description":"Vous cherchez Ordinateur Portable Tecno ? Achetez des produits chez Tupique. Profitez de la livraison gratuite pour obtenir Ordinateur Portable Tecno d\u00e8s maintenant.","breadcrumb":{"@id":"https:\/\/tupique.com\/produit\/ordinateur-portable-tecno-2\/#breadcrumb"},"inLanguage":"es","potentialAction":[{"@type":"ReadAction","target":["https:\/\/tupique.com\/produit\/ordinateur-portable-tecno-2\/"]}]},{"@type":"ImageObject","inLanguage":"es","@id":"https:\/\/tupique.com\/produit\/ordinateur-portable-tecno-2\/#primaryimage","url":"https:\/\/tupique.com\/wp-content\/uploads\/2026\/04\/4894947067969_S71025602_P00.jpg","contentUrl":"https:\/\/tupique.com\/wp-content\/uploads\/2026\/04\/4894947067969_S71025602_P00.jpg","width":1200,"height":1200,"caption":"S71025602_0"},{"@type":"BreadcrumbList","@id":"https:\/\/tupique.com\/produit\/ordinateur-portable-tecno-2\/#breadcrumb","itemListElement":[{"@type":"ListItem","position":1,"name":"In\u00edcio","item":"https:\/\/tupique.com\/"},{"@type":"ListItem","position":2,"name":"Boutique","item":"https:\/\/tupique.com\/en\/boutique\/"},{"@type":"ListItem","position":3,"name":"Ordinateur Portable Tecno"}]},{"@type":"WebSite","@id":"https:\/\/tupique.com\/#website","url":"https:\/\/tupique.com\/","name":"Tupique","description":"Marketplace","publisher":{"@id":"https:\/\/tupique.com\/#organization"},"potentialAction":[{"@type":"SearchAction","target":{"@type":"EntryPoint","urlTemplate":"https:\/\/tupique.com\/?s={search_term_string}"},"query-input":{"@type":"PropertyValueSpecification","valueRequired":true,"valueName":"search_term_string"}}],"inLanguage":"es"},{"@type":"Organization","@id":"https:\/\/tupique.com\/#organization","name":"Tupique","url":"https:\/\/tupique.com\/","logo":{"@type":"ImageObject","inLanguage":"es","@id":"https:\/\/tupique.com\/#\/schema\/logo\/image\/","url":"https:\/\/tupique.com\/wp-content\/uploads\/2024\/09\/logo.png","contentUrl":"https:\/\/tupique.com\/wp-content\/uploads\/2024\/09\/logo.png","width":1118,"height":310,"caption":"Tupique"},"image":{"@id":"https:\/\/tupique.com\/#\/schema\/logo\/image\/"}}]}},"jetpack_sharing_enabled":true,"_links":{"self":[{"href":"https:\/\/tupique.com\/es\/wp-json\/wp\/v2\/product\/4384672","targetHints":{"allow":["GET"]}}],"collection":[{"href":"https:\/\/tupique.com\/es\/wp-json\/wp\/v2\/product"}],"about":[{"href":"https:\/\/tupique.com\/es\/wp-json\/wp\/v2\/types\/product"}],"replies":[{"embeddable":true,"href":"https:\/\/tupique.com\/es\/wp-json\/wp\/v2\/comments?post=4384672"}],"wp:featuredmedia":[{"embeddable":true,"href":"https:\/\/tupique.com\/es\/wp-json\/wp\/v2\/media\/4384666"}],"wp:attachment":[{"href":"https:\/\/tupique.com\/es\/wp-json\/wp\/v2\/media?parent=4384672"}],"wp:term":[{"taxonomy":"product_brand","embeddable":true,"href":"https:\/\/tupique.com\/es\/wp-json\/wp\/v2\/product_brand?post=4384672"},{"taxonomy":"product_cat","embeddable":true,"href":"https:\/\/tupique.com\/es\/wp-json\/wp\/v2\/product_cat?post=4384672"},{"taxonomy":"product_tag","embeddable":true,"href":"https:\/\/tupique.com\/es\/wp-json\/wp\/v2\/product_tag?post=4384672"}],"curies":[{"name":"wp","href":"https:\/\/api.w.org\/{rel}","templated":true}]}}