{"id":4384735,"date":"2026-04-08T20:03:10","date_gmt":"2026-04-08T19:03:10","guid":{"rendered":"https:\/\/tupique.com\/produit\/ordinateur-portable-acer-nx-bmfeb-002-156-intel-core-ultra-7-155h-intel-core-ultra-7-16-gb-ram-512-gb-512-gb-ssd\/"},"modified":"2026-04-08T22:55:49","modified_gmt":"2026-04-08T21:55:49","slug":"ordinateur-portable-acer-nx-bmfeb-002-156-intel-core-ultra-7-155h-intel-core-ultra-7-16-gb-ram-512-gb-512-gb-ssd","status":"publish","type":"product","link":"https:\/\/tupique.com\/es\/producto\/ordinateur-portable-acer-nx-bmfeb-002-156-intel-core-ultra-7-155h-intel-core-ultra-7-16-gb-ram-512-gb-512-gb-ssd\/","title":{"rendered":"Ordinateur Portable Acer NX.BMFEB.002 15,6&#8243; Intel Core Ultra 7 155H intel core ultra 7 16 GB RAM 512 GB 512 GB SSD"},"content":{"rendered":"<p>Si buscas las \u00faltimas tendencias del mercado, nosotros te ayudamos. <b>Ordinateur Portable Acer NX.BMFEB.002 15,6&#8243; Intel Core Ultra 7 155H intel core ultra 7 16 GB RAM 512 GB 512 GB SSD<\/b> !<\/p>\n<ul>\n<li>Clavier: Espagnol Qwerty<\/li>\n<li>Type: Ordinateur Portable<\/li>\n<li>Producto enchufable: S\u00ed<\/li>\n<li>Type de m\u00e9moire: SDRAM<\/li>\n<li>Tipo de enchufe: enchufe UE<\/li>\n<li>Diagonale de l&#8217;\u00e9cran (cm): 39,6 cm<\/li>\n<li>Contr\u00f4leur graphique: Intel UHD Graphics<\/li>\n<li>Bloc d\u2019Alimentation: r\u00e9seau \u00e9lectrique<\/li>\n<li>Couleur: Argent\u00e9<\/li>\n<li>Pantalla t\u00e1ctil: No<\/li>\n<li>Type d&#8217;unit\u00e9 optique: Non<\/li>\n<li>Incluye:\n<ul>\n<li>Touchpad<\/li>\n<li>C\u00e1mara web<\/li>\n<\/ul>\n<\/li>\n<li>Frecuencia: 60 Hz<\/li>\n<li>Technologie: IPS<\/li>\n<li>Cartes M\u00e9moire Compatibles: MicroSD (TransFlash)<\/li>\n<li>Capacit\u00e9 de la batterie: 65 Wh<\/li>\n<li>Resoluci\u00f3n (px): 1920 x 1080 px<\/li>\n<li>Conexiones:\n<ul>\n<li>HDMI<\/li>\n<li>USB<\/li>\n<li>Ethernet LAN<\/li>\n<li>SO-DIMM<\/li>\n<li>M.2<\/li>\n<\/ul>\n<\/li>\n<li>Conectividad:\n<ul>\n<li>Bluetooth<\/li>\n<li>Wi-Fi de 6 GHz<\/li>\n<\/ul>\n<\/li>\n<li>Syst\u00e8me d&#8217;exploitation: Windows 11 Pro<\/li>\n<li>Resoluci\u00f3n: Full HD<\/li>\n<li>Type de stockage: SSD<\/li>\n<li>Ecran: 15,6&#8243;<\/li>\n<li>Procesador:\n<ul>\n<li>Intel Core Ultra 7 155H<\/li>\n<li>intel core ultra 7<\/li>\n<\/ul>\n<\/li>\n<li>M\u00e9moire RAM: 16 GB RAM<\/li>\n<li>Disque dur: 512 GB SSD<\/li>\n<\/ul>","protected":false},"excerpt":{"rendered":"<p>Si vous \u00eates \u00e0 la recherche de nouvelles tendances sur le march\u00e9, nous vous pr\u00e9sentons Ordinateur Portable Acer NX.BMFEB.002 15,6&#8243;<\/p>","protected":false},"featured_media":4384726,"comment_status":"open","ping_status":"closed","template":"","meta":{"_joinchat":[]},"product_brand":[158077],"product_cat":[157516,157583,155043],"product_tag":[157514,157515],"class_list":{"0":"post-4384735","1":"product","2":"type-product","3":"status-publish","4":"has-post-thumbnail","6":"product_brand-brandp_529","7":"product_cat-informatique-electronique","8":"product_cat-informatique-ordinateurs","9":"product_cat-notebooks","10":"product_tag-tag_933","11":"product_tag-tag_1295","13":"first","14":"instock","15":"taxable","16":"shipping-taxable","17":"purchasable","18":"product-type-simple"},"yoast_head":"<!-- This site is optimized with the Yoast SEO plugin v27.2 - https:\/\/yoast.com\/product\/yoast-seo-wordpress\/ -->\n<title>Ordinateur Portable Acer NX.BMFEB.002 15,6&quot; Intel Core Ultra 7 155H intel core ultra 7 16 GB RAM 512 GB 512 GB SSD - Tupique<\/title>\n<meta name=\"description\" content=\"Vous cherchez Ordinateur Portable Acer NX.BMFEB.002 15,6&quot; Intel Core Ultra 7 155H intel core ultra 7 16 GB RAM 512 GB 512 GB SSD ? Achetez des produits chez Tupique. Profitez de la livraison gratuite pour obtenir Ordinateur Portable Acer NX.BMFEB.002 15,6&quot; Intel Core Ultra 7 155H intel core ultra 7 16 GB RAM 512 GB 512 GB SSD d\u00e8s maintenant.\" \/>\n<meta name=\"robots\" content=\"index, follow, max-snippet:-1, max-image-preview:large, max-video-preview:-1\" \/>\n<link rel=\"canonical\" href=\"https:\/\/tupique.com\/es\/producto\/ordinateur-portable-acer-nx-bmfeb-002-156-intel-core-ultra-7-155h-intel-core-ultra-7-16-gb-ram-512-gb-512-gb-ssd\/\" \/>\n<meta property=\"og:locale\" content=\"es_ES\" \/>\n<meta property=\"og:type\" content=\"article\" \/>\n<meta property=\"og:title\" content=\"Ordinateur Portable Acer NX.BMFEB.002 15,6&quot; Intel Core Ultra 7 155H intel core ultra 7 16 GB RAM 512 GB 512 GB SSD - Tupique\" \/>\n<meta property=\"og:description\" content=\"Vous cherchez Ordinateur Portable Acer NX.BMFEB.002 15,6&quot; Intel Core Ultra 7 155H intel core ultra 7 16 GB RAM 512 GB 512 GB SSD ? Achetez des produits chez Tupique. Profitez de la livraison gratuite pour obtenir Ordinateur Portable Acer NX.BMFEB.002 15,6&quot; Intel Core Ultra 7 155H intel core ultra 7 16 GB RAM 512 GB 512 GB SSD d\u00e8s maintenant.\" \/>\n<meta property=\"og:url\" content=\"https:\/\/tupique.com\/es\/producto\/ordinateur-portable-acer-nx-bmfeb-002-156-intel-core-ultra-7-155h-intel-core-ultra-7-16-gb-ram-512-gb-512-gb-ssd\/\" \/>\n<meta property=\"og:site_name\" content=\"Tupique\" \/>\n<meta property=\"article:modified_time\" content=\"2026-04-08T21:55:49+00:00\" \/>\n<meta property=\"og:image\" content=\"https:\/\/tupique.com\/wp-content\/uploads\/2026\/04\/4711474546883_S55302445_P00.jpg\" \/>\n\t<meta property=\"og:image:width\" content=\"1200\" \/>\n\t<meta property=\"og:image:height\" content=\"1200\" \/>\n\t<meta property=\"og:image:type\" content=\"image\/jpeg\" \/>\n<meta name=\"twitter:card\" content=\"summary_large_image\" \/>\n<meta name=\"twitter:label1\" content=\"Tiempo de lectura\" \/>\n\t<meta name=\"twitter:data1\" content=\"1 minuto\" \/>\n<script type=\"application\/ld+json\" class=\"yoast-schema-graph\">{\"@context\":\"https:\/\/schema.org\",\"@graph\":[{\"@type\":\"WebPage\",\"@id\":\"https:\/\/tupique.com\/produit\/ordinateur-portable-acer-nx-bmfeb-002-156-intel-core-ultra-7-155h-intel-core-ultra-7-16-gb-ram-512-gb-512-gb-ssd\/\",\"url\":\"https:\/\/tupique.com\/produit\/ordinateur-portable-acer-nx-bmfeb-002-156-intel-core-ultra-7-155h-intel-core-ultra-7-16-gb-ram-512-gb-512-gb-ssd\/\",\"name\":\"Ordinateur Portable Acer NX.BMFEB.002 15,6\\\" Intel Core Ultra 7 155H intel core ultra 7 16 GB RAM 512 GB 512 GB SSD - Tupique\",\"isPartOf\":{\"@id\":\"https:\/\/tupique.com\/#website\"},\"primaryImageOfPage\":{\"@id\":\"https:\/\/tupique.com\/produit\/ordinateur-portable-acer-nx-bmfeb-002-156-intel-core-ultra-7-155h-intel-core-ultra-7-16-gb-ram-512-gb-512-gb-ssd\/#primaryimage\"},\"image\":{\"@id\":\"https:\/\/tupique.com\/produit\/ordinateur-portable-acer-nx-bmfeb-002-156-intel-core-ultra-7-155h-intel-core-ultra-7-16-gb-ram-512-gb-512-gb-ssd\/#primaryimage\"},\"thumbnailUrl\":\"https:\/\/tupique.com\/wp-content\/uploads\/2026\/04\/4711474546883_S55302445_P00.jpg\",\"datePublished\":\"2026-04-08T19:03:10+00:00\",\"dateModified\":\"2026-04-08T21:55:49+00:00\",\"description\":\"Vous cherchez Ordinateur Portable Acer NX.BMFEB.002 15,6\\\" Intel Core Ultra 7 155H intel core ultra 7 16 GB RAM 512 GB 512 GB SSD ? Achetez des produits chez Tupique. Profitez de la livraison gratuite pour obtenir Ordinateur Portable Acer NX.BMFEB.002 15,6\\\" Intel Core Ultra 7 155H intel core ultra 7 16 GB RAM 512 GB 512 GB SSD d\u00e8s maintenant.\",\"breadcrumb\":{\"@id\":\"https:\/\/tupique.com\/produit\/ordinateur-portable-acer-nx-bmfeb-002-156-intel-core-ultra-7-155h-intel-core-ultra-7-16-gb-ram-512-gb-512-gb-ssd\/#breadcrumb\"},\"inLanguage\":\"es\",\"potentialAction\":[{\"@type\":\"ReadAction\",\"target\":[\"https:\/\/tupique.com\/produit\/ordinateur-portable-acer-nx-bmfeb-002-156-intel-core-ultra-7-155h-intel-core-ultra-7-16-gb-ram-512-gb-512-gb-ssd\/\"]}]},{\"@type\":\"ImageObject\",\"inLanguage\":\"es\",\"@id\":\"https:\/\/tupique.com\/produit\/ordinateur-portable-acer-nx-bmfeb-002-156-intel-core-ultra-7-155h-intel-core-ultra-7-16-gb-ram-512-gb-512-gb-ssd\/#primaryimage\",\"url\":\"https:\/\/tupique.com\/wp-content\/uploads\/2026\/04\/4711474546883_S55302445_P00.jpg\",\"contentUrl\":\"https:\/\/tupique.com\/wp-content\/uploads\/2026\/04\/4711474546883_S55302445_P00.jpg\",\"width\":1200,\"height\":1200,\"caption\":\"S55302445_0\"},{\"@type\":\"BreadcrumbList\",\"@id\":\"https:\/\/tupique.com\/produit\/ordinateur-portable-acer-nx-bmfeb-002-156-intel-core-ultra-7-155h-intel-core-ultra-7-16-gb-ram-512-gb-512-gb-ssd\/#breadcrumb\",\"itemListElement\":[{\"@type\":\"ListItem\",\"position\":1,\"name\":\"In\u00edcio\",\"item\":\"https:\/\/tupique.com\/\"},{\"@type\":\"ListItem\",\"position\":2,\"name\":\"Boutique\",\"item\":\"https:\/\/tupique.com\/en\/boutique\/\"},{\"@type\":\"ListItem\",\"position\":3,\"name\":\"Ordinateur Portable Acer NX.BMFEB.002 15,6&#8243; Intel Core Ultra 7 155H intel core ultra 7 16 GB RAM 512 GB 512 GB SSD\"}]},{\"@type\":\"WebSite\",\"@id\":\"https:\/\/tupique.com\/#website\",\"url\":\"https:\/\/tupique.com\/\",\"name\":\"Tupique\",\"description\":\"Marketplace\",\"publisher\":{\"@id\":\"https:\/\/tupique.com\/#organization\"},\"potentialAction\":[{\"@type\":\"SearchAction\",\"target\":{\"@type\":\"EntryPoint\",\"urlTemplate\":\"https:\/\/tupique.com\/?s={search_term_string}\"},\"query-input\":{\"@type\":\"PropertyValueSpecification\",\"valueRequired\":true,\"valueName\":\"search_term_string\"}}],\"inLanguage\":\"es\"},{\"@type\":\"Organization\",\"@id\":\"https:\/\/tupique.com\/#organization\",\"name\":\"Tupique\",\"url\":\"https:\/\/tupique.com\/\",\"logo\":{\"@type\":\"ImageObject\",\"inLanguage\":\"es\",\"@id\":\"https:\/\/tupique.com\/#\/schema\/logo\/image\/\",\"url\":\"https:\/\/tupique.com\/wp-content\/uploads\/2024\/09\/logo.png\",\"contentUrl\":\"https:\/\/tupique.com\/wp-content\/uploads\/2024\/09\/logo.png\",\"width\":1118,\"height\":310,\"caption\":\"Tupique\"},\"image\":{\"@id\":\"https:\/\/tupique.com\/#\/schema\/logo\/image\/\"}}]}<\/script>\n<!-- \/ Yoast SEO plugin. -->","yoast_head_json":{"title":"Ordinateur Portable Acer NX.BMFEB.002 15,6\" Intel Core Ultra 7 155H intel core ultra 7 16 GB RAM 512 GB 512 GB SSD - Tupique","description":"Vous cherchez Ordinateur Portable Acer NX.BMFEB.002 15,6\" Intel Core Ultra 7 155H intel core ultra 7 16 GB RAM 512 GB 512 GB SSD ? Achetez des produits chez Tupique. Profitez de la livraison gratuite pour obtenir Ordinateur Portable Acer NX.BMFEB.002 15,6\" Intel Core Ultra 7 155H intel core ultra 7 16 GB RAM 512 GB 512 GB SSD d\u00e8s maintenant.","robots":{"index":"index","follow":"follow","max-snippet":"max-snippet:-1","max-image-preview":"max-image-preview:large","max-video-preview":"max-video-preview:-1"},"canonical":"https:\/\/tupique.com\/es\/producto\/ordinateur-portable-acer-nx-bmfeb-002-156-intel-core-ultra-7-155h-intel-core-ultra-7-16-gb-ram-512-gb-512-gb-ssd\/","og_locale":"es_ES","og_type":"article","og_title":"Ordinateur Portable Acer NX.BMFEB.002 15,6\" Intel Core Ultra 7 155H intel core ultra 7 16 GB RAM 512 GB 512 GB SSD - Tupique","og_description":"Vous cherchez Ordinateur Portable Acer NX.BMFEB.002 15,6\" Intel Core Ultra 7 155H intel core ultra 7 16 GB RAM 512 GB 512 GB SSD ? Achetez des produits chez Tupique. Profitez de la livraison gratuite pour obtenir Ordinateur Portable Acer NX.BMFEB.002 15,6\" Intel Core Ultra 7 155H intel core ultra 7 16 GB RAM 512 GB 512 GB SSD d\u00e8s maintenant.","og_url":"https:\/\/tupique.com\/es\/producto\/ordinateur-portable-acer-nx-bmfeb-002-156-intel-core-ultra-7-155h-intel-core-ultra-7-16-gb-ram-512-gb-512-gb-ssd\/","og_site_name":"Tupique","article_modified_time":"2026-04-08T21:55:49+00:00","og_image":[{"width":1200,"height":1200,"url":"https:\/\/tupique.com\/wp-content\/uploads\/2026\/04\/4711474546883_S55302445_P00.jpg","type":"image\/jpeg"}],"twitter_card":"summary_large_image","twitter_misc":{"Tiempo de lectura":"1 minuto"},"schema":{"@context":"https:\/\/schema.org","@graph":[{"@type":"WebPage","@id":"https:\/\/tupique.com\/produit\/ordinateur-portable-acer-nx-bmfeb-002-156-intel-core-ultra-7-155h-intel-core-ultra-7-16-gb-ram-512-gb-512-gb-ssd\/","url":"https:\/\/tupique.com\/produit\/ordinateur-portable-acer-nx-bmfeb-002-156-intel-core-ultra-7-155h-intel-core-ultra-7-16-gb-ram-512-gb-512-gb-ssd\/","name":"Ordinateur Portable Acer NX.BMFEB.002 15,6\" Intel Core Ultra 7 155H intel core ultra 7 16 GB RAM 512 GB 512 GB SSD - Tupique","isPartOf":{"@id":"https:\/\/tupique.com\/#website"},"primaryImageOfPage":{"@id":"https:\/\/tupique.com\/produit\/ordinateur-portable-acer-nx-bmfeb-002-156-intel-core-ultra-7-155h-intel-core-ultra-7-16-gb-ram-512-gb-512-gb-ssd\/#primaryimage"},"image":{"@id":"https:\/\/tupique.com\/produit\/ordinateur-portable-acer-nx-bmfeb-002-156-intel-core-ultra-7-155h-intel-core-ultra-7-16-gb-ram-512-gb-512-gb-ssd\/#primaryimage"},"thumbnailUrl":"https:\/\/tupique.com\/wp-content\/uploads\/2026\/04\/4711474546883_S55302445_P00.jpg","datePublished":"2026-04-08T19:03:10+00:00","dateModified":"2026-04-08T21:55:49+00:00","description":"Vous cherchez Ordinateur Portable Acer NX.BMFEB.002 15,6\" Intel Core Ultra 7 155H intel core ultra 7 16 GB RAM 512 GB 512 GB SSD ? Achetez des produits chez Tupique. Profitez de la livraison gratuite pour obtenir Ordinateur Portable Acer NX.BMFEB.002 15,6\" Intel Core Ultra 7 155H intel core ultra 7 16 GB RAM 512 GB 512 GB SSD d\u00e8s maintenant.","breadcrumb":{"@id":"https:\/\/tupique.com\/produit\/ordinateur-portable-acer-nx-bmfeb-002-156-intel-core-ultra-7-155h-intel-core-ultra-7-16-gb-ram-512-gb-512-gb-ssd\/#breadcrumb"},"inLanguage":"es","potentialAction":[{"@type":"ReadAction","target":["https:\/\/tupique.com\/produit\/ordinateur-portable-acer-nx-bmfeb-002-156-intel-core-ultra-7-155h-intel-core-ultra-7-16-gb-ram-512-gb-512-gb-ssd\/"]}]},{"@type":"ImageObject","inLanguage":"es","@id":"https:\/\/tupique.com\/produit\/ordinateur-portable-acer-nx-bmfeb-002-156-intel-core-ultra-7-155h-intel-core-ultra-7-16-gb-ram-512-gb-512-gb-ssd\/#primaryimage","url":"https:\/\/tupique.com\/wp-content\/uploads\/2026\/04\/4711474546883_S55302445_P00.jpg","contentUrl":"https:\/\/tupique.com\/wp-content\/uploads\/2026\/04\/4711474546883_S55302445_P00.jpg","width":1200,"height":1200,"caption":"S55302445_0"},{"@type":"BreadcrumbList","@id":"https:\/\/tupique.com\/produit\/ordinateur-portable-acer-nx-bmfeb-002-156-intel-core-ultra-7-155h-intel-core-ultra-7-16-gb-ram-512-gb-512-gb-ssd\/#breadcrumb","itemListElement":[{"@type":"ListItem","position":1,"name":"In\u00edcio","item":"https:\/\/tupique.com\/"},{"@type":"ListItem","position":2,"name":"Boutique","item":"https:\/\/tupique.com\/en\/boutique\/"},{"@type":"ListItem","position":3,"name":"Ordinateur Portable Acer NX.BMFEB.002 15,6&#8243; Intel Core Ultra 7 155H intel core ultra 7 16 GB RAM 512 GB 512 GB SSD"}]},{"@type":"WebSite","@id":"https:\/\/tupique.com\/#website","url":"https:\/\/tupique.com\/","name":"Tupique","description":"Marketplace","publisher":{"@id":"https:\/\/tupique.com\/#organization"},"potentialAction":[{"@type":"SearchAction","target":{"@type":"EntryPoint","urlTemplate":"https:\/\/tupique.com\/?s={search_term_string}"},"query-input":{"@type":"PropertyValueSpecification","valueRequired":true,"valueName":"search_term_string"}}],"inLanguage":"es"},{"@type":"Organization","@id":"https:\/\/tupique.com\/#organization","name":"Tupique","url":"https:\/\/tupique.com\/","logo":{"@type":"ImageObject","inLanguage":"es","@id":"https:\/\/tupique.com\/#\/schema\/logo\/image\/","url":"https:\/\/tupique.com\/wp-content\/uploads\/2024\/09\/logo.png","contentUrl":"https:\/\/tupique.com\/wp-content\/uploads\/2024\/09\/logo.png","width":1118,"height":310,"caption":"Tupique"},"image":{"@id":"https:\/\/tupique.com\/#\/schema\/logo\/image\/"}}]}},"jetpack_sharing_enabled":true,"_links":{"self":[{"href":"https:\/\/tupique.com\/es\/wp-json\/wp\/v2\/product\/4384735","targetHints":{"allow":["GET"]}}],"collection":[{"href":"https:\/\/tupique.com\/es\/wp-json\/wp\/v2\/product"}],"about":[{"href":"https:\/\/tupique.com\/es\/wp-json\/wp\/v2\/types\/product"}],"replies":[{"embeddable":true,"href":"https:\/\/tupique.com\/es\/wp-json\/wp\/v2\/comments?post=4384735"}],"wp:featuredmedia":[{"embeddable":true,"href":"https:\/\/tupique.com\/es\/wp-json\/wp\/v2\/media\/4384726"}],"wp:attachment":[{"href":"https:\/\/tupique.com\/es\/wp-json\/wp\/v2\/media?parent=4384735"}],"wp:term":[{"taxonomy":"product_brand","embeddable":true,"href":"https:\/\/tupique.com\/es\/wp-json\/wp\/v2\/product_brand?post=4384735"},{"taxonomy":"product_cat","embeddable":true,"href":"https:\/\/tupique.com\/es\/wp-json\/wp\/v2\/product_cat?post=4384735"},{"taxonomy":"product_tag","embeddable":true,"href":"https:\/\/tupique.com\/es\/wp-json\/wp\/v2\/product_tag?post=4384735"}],"curies":[{"name":"wp","href":"https:\/\/api.w.org\/{rel}","templated":true}]}}