{"id":4384865,"date":"2026-04-08T22:59:41","date_gmt":"2026-04-08T21:59:41","guid":{"rendered":"https:\/\/tupique.com\/produit\/ordinateur-portable-acer-ag15-42p-r5-5625u-8-512gb-hp-2810-amd-ryzen-5-5625u-156-8-gb-ram-512-gb\/"},"modified":"2026-04-08T23:55:33","modified_gmt":"2026-04-08T22:55:33","slug":"ordinateur-portable-acer-ag15-42p-r5-5625u-8-512gb-hp-2810-amd-ryzen-5-5625u-156-8-gb-ram-512-gb","status":"publish","type":"product","link":"https:\/\/tupique.com\/es\/producto\/ordinateur-portable-acer-ag15-42p-r5-5625u-8-512gb-hp-2810-amd-ryzen-5-5625u-156-8-gb-ram-512-gb\/","title":{"rendered":"Ordinateur Portable Acer AG15-42P R5-5625U 8\/512GB + HP 2810 AMD Ryzen 5 5625U 15,6&#8243; 8 GB RAM 512 GB"},"content":{"rendered":"<p>Si buscas las \u00faltimas tendencias del mercado, nosotros te ayudamos. <b>Ordinateur Portable Acer AG15-42P R5-5625U 8\/512GB + HP 2810 AMD Ryzen 5 5625U 15,6&#8243; 8 GB RAM 512 GB<\/b> !<\/p>\n<ul>\n<li>Clavier: Espagnol Qwerty<\/li>\n<li>Type: Ordinateur Portable<\/li>\n<li>Producto enchufable: S\u00ed<\/li>\n<li>Type de m\u00e9moire: SDRAM<\/li>\n<li>Bloc d\u2019Alimentation: r\u00e9seau \u00e9lectrique<\/li>\n<li>Syst\u00e8me d&#8217;exploitation: Windows 11 Home<\/li>\n<li>Famille de processeurs: AMD Ryzen 5<\/li>\n<li>Processeur: AMD Ryzen 5 5625U<\/li>\n<li>Color: Negro<\/li>\n<li>Caracter\u00edsticas:\n<ul>\n<li>Altavoces integrados<\/li>\n<li>Wi-Fi<\/li>\n<li>Micr\u00f3fono incorporado<\/li>\n<li>Batterie<\/li>\n<li>Ecran<\/li>\n<li>\u00c9cran HD<\/li>\n<li>Teclado<\/li>\n<li>M\u00e9moire<\/li>\n<li>C\u00e1mara web<\/li>\n<\/ul>\n<\/li>\n<li>Conexiones:\n<ul>\n<li>HDMI<\/li>\n<li>USB-C<\/li>\n<li>Toma de 3,5 mm<\/li>\n<li>USB 3.2<\/li>\n<\/ul>\n<\/li>\n<li>Conectividad:\n<ul>\n<li>Bluetooth<\/li>\n<li>Ethernet LAN 10\/100\/1000 Mbit<\/li>\n<li>Wi-Fi de 6 GHz<\/li>\n<\/ul>\n<\/li>\n<li>Resoluci\u00f3n: Full HD<\/li>\n<li>G\u00e9n\u00e9ration: sexta generacion<\/li>\n<li>Disque dur: 512 GB<\/li>\n<li>USB: 4<\/li>\n<li>Lecteur de Cartes: SD<\/li>\n<li>Memoria RAM: 8 GB RAM<\/li>\n<li>Ecran: 15,6&#8243;<\/li>\n<li>Incluye:\n<ul>\n<li>Souris<\/li>\n<li>C\u00e2ble d\u2019Alimentation<\/li>\n<li>Adaptateur AC<\/li>\n<li>C\u00e1mara web<\/li>\n<li>Teclado<\/li>\n<li>SSD x1<\/li>\n<\/ul>\n<\/li>\n<li>Technologie: IPS<\/li>\n<li>Pantalla t\u00e1ctil: No<\/li>\n<li>Cartes M\u00e9moire Compatibles: SD,SDHC,SDXC<\/li>\n<li>Tipo de enchufe: enchufe UE<\/li>\n<li>Poids: 1,8 kg<\/li>\n<li>Fr\u00e9quence: 2,3 GHz<\/li>\n<li>Autonomie approx.: 8 heures<\/li>\n<li>Type de stockage: SSD<\/li>\n<li>N\u00facleos: 6 n\u00facleos<\/li>\n<li>vitesse: 2.3 GHz<\/li>\n<li>Resoluci\u00f3n (px): 1920 x 1080 px<\/li>\n<li>Diagonale de l&#8217;\u00e9cran (cm): 39,6 cm<\/li>\n<li>Taille: 15,6&#8221;<\/li>\n<li>Puissance de charge: 65 W<\/li>\n<li>Contr\u00f4leur graphique: AMD RADEON GRAPHICS<\/li>\n<li>Adaptateur: 65 w<\/li>\n<\/ul>","protected":false},"excerpt":{"rendered":"<p>Si vous \u00eates \u00e0 la recherche de nouvelles tendances sur le march\u00e9, nous vous pr\u00e9sentons Ordinateur Portable Acer AG15-42P R5-5625U<\/p>","protected":false},"featured_media":4384864,"comment_status":"open","ping_status":"closed","template":"","meta":{"_joinchat":[]},"product_brand":[158077],"product_cat":[157516,157583,155043],"product_tag":[157514,157515],"class_list":{"0":"post-4384865","1":"product","2":"type-product","3":"status-publish","4":"has-post-thumbnail","6":"product_brand-brandp_529","7":"product_cat-informatique-electronique","8":"product_cat-informatique-ordinateurs","9":"product_cat-notebooks","10":"product_tag-tag_933","11":"product_tag-tag_1295","13":"first","14":"instock","15":"taxable","16":"shipping-taxable","17":"purchasable","18":"product-type-simple"},"yoast_head":"<!-- This site is optimized with the Yoast SEO plugin v27.2 - https:\/\/yoast.com\/product\/yoast-seo-wordpress\/ -->\n<title>Ordinateur Portable Acer AG15-42P R5-5625U 8\/512GB + HP 2810 AMD Ryzen 5 5625U 15,6&quot; 8 GB RAM 512 GB - Tupique<\/title>\n<meta name=\"description\" content=\"Vous cherchez Ordinateur Portable Acer AG15-42P R5-5625U 8\/512GB + HP 2810 AMD Ryzen 5 5625U 15,6&quot; 8 GB RAM 512 GB ? Achetez des produits chez Tupique. Profitez de la livraison gratuite pour obtenir Ordinateur Portable Acer AG15-42P R5-5625U 8\/512GB + HP 2810 AMD Ryzen 5 5625U 15,6&quot; 8 GB RAM 512 GB d\u00e8s maintenant.\" \/>\n<meta name=\"robots\" content=\"index, follow, max-snippet:-1, max-image-preview:large, max-video-preview:-1\" \/>\n<link rel=\"canonical\" href=\"https:\/\/tupique.com\/es\/producto\/ordinateur-portable-acer-ag15-42p-r5-5625u-8-512gb-hp-2810-amd-ryzen-5-5625u-156-8-gb-ram-512-gb\/\" \/>\n<meta property=\"og:locale\" content=\"es_ES\" \/>\n<meta property=\"og:type\" content=\"article\" \/>\n<meta property=\"og:title\" content=\"Ordinateur Portable Acer AG15-42P R5-5625U 8\/512GB + HP 2810 AMD Ryzen 5 5625U 15,6&quot; 8 GB RAM 512 GB - Tupique\" \/>\n<meta property=\"og:description\" content=\"Vous cherchez Ordinateur Portable Acer AG15-42P R5-5625U 8\/512GB + HP 2810 AMD Ryzen 5 5625U 15,6&quot; 8 GB RAM 512 GB ? Achetez des produits chez Tupique. Profitez de la livraison gratuite pour obtenir Ordinateur Portable Acer AG15-42P R5-5625U 8\/512GB + HP 2810 AMD Ryzen 5 5625U 15,6&quot; 8 GB RAM 512 GB d\u00e8s maintenant.\" \/>\n<meta property=\"og:url\" content=\"https:\/\/tupique.com\/es\/producto\/ordinateur-portable-acer-ag15-42p-r5-5625u-8-512gb-hp-2810-amd-ryzen-5-5625u-156-8-gb-ram-512-gb\/\" \/>\n<meta property=\"og:site_name\" content=\"Tupique\" \/>\n<meta property=\"article:modified_time\" content=\"2026-04-08T22:55:33+00:00\" \/>\n<meta property=\"og:image\" content=\"https:\/\/tupique.com\/wp-content\/uploads\/2026\/04\/8435480031336_S0468835_P00.jpg\" \/>\n\t<meta property=\"og:image:width\" content=\"1200\" \/>\n\t<meta property=\"og:image:height\" content=\"1200\" \/>\n\t<meta property=\"og:image:type\" content=\"image\/jpeg\" \/>\n<meta name=\"twitter:card\" content=\"summary_large_image\" \/>\n<meta name=\"twitter:label1\" content=\"Tiempo de lectura\" \/>\n\t<meta name=\"twitter:data1\" content=\"1 minuto\" \/>\n<script type=\"application\/ld+json\" class=\"yoast-schema-graph\">{\"@context\":\"https:\/\/schema.org\",\"@graph\":[{\"@type\":\"WebPage\",\"@id\":\"https:\/\/tupique.com\/produit\/ordinateur-portable-acer-ag15-42p-r5-5625u-8-512gb-hp-2810-amd-ryzen-5-5625u-156-8-gb-ram-512-gb\/\",\"url\":\"https:\/\/tupique.com\/produit\/ordinateur-portable-acer-ag15-42p-r5-5625u-8-512gb-hp-2810-amd-ryzen-5-5625u-156-8-gb-ram-512-gb\/\",\"name\":\"Ordinateur Portable Acer AG15-42P R5-5625U 8\/512GB + HP 2810 AMD Ryzen 5 5625U 15,6\\\" 8 GB RAM 512 GB - Tupique\",\"isPartOf\":{\"@id\":\"https:\/\/tupique.com\/#website\"},\"primaryImageOfPage\":{\"@id\":\"https:\/\/tupique.com\/produit\/ordinateur-portable-acer-ag15-42p-r5-5625u-8-512gb-hp-2810-amd-ryzen-5-5625u-156-8-gb-ram-512-gb\/#primaryimage\"},\"image\":{\"@id\":\"https:\/\/tupique.com\/produit\/ordinateur-portable-acer-ag15-42p-r5-5625u-8-512gb-hp-2810-amd-ryzen-5-5625u-156-8-gb-ram-512-gb\/#primaryimage\"},\"thumbnailUrl\":\"https:\/\/tupique.com\/wp-content\/uploads\/2026\/04\/8435480031336_S0468835_P00.jpg\",\"datePublished\":\"2026-04-08T21:59:41+00:00\",\"dateModified\":\"2026-04-08T22:55:33+00:00\",\"description\":\"Vous cherchez Ordinateur Portable Acer AG15-42P R5-5625U 8\/512GB + HP 2810 AMD Ryzen 5 5625U 15,6\\\" 8 GB RAM 512 GB ? Achetez des produits chez Tupique. Profitez de la livraison gratuite pour obtenir Ordinateur Portable Acer AG15-42P R5-5625U 8\/512GB + HP 2810 AMD Ryzen 5 5625U 15,6\\\" 8 GB RAM 512 GB d\u00e8s maintenant.\",\"breadcrumb\":{\"@id\":\"https:\/\/tupique.com\/produit\/ordinateur-portable-acer-ag15-42p-r5-5625u-8-512gb-hp-2810-amd-ryzen-5-5625u-156-8-gb-ram-512-gb\/#breadcrumb\"},\"inLanguage\":\"es\",\"potentialAction\":[{\"@type\":\"ReadAction\",\"target\":[\"https:\/\/tupique.com\/produit\/ordinateur-portable-acer-ag15-42p-r5-5625u-8-512gb-hp-2810-amd-ryzen-5-5625u-156-8-gb-ram-512-gb\/\"]}]},{\"@type\":\"ImageObject\",\"inLanguage\":\"es\",\"@id\":\"https:\/\/tupique.com\/produit\/ordinateur-portable-acer-ag15-42p-r5-5625u-8-512gb-hp-2810-amd-ryzen-5-5625u-156-8-gb-ram-512-gb\/#primaryimage\",\"url\":\"https:\/\/tupique.com\/wp-content\/uploads\/2026\/04\/8435480031336_S0468835_P00.jpg\",\"contentUrl\":\"https:\/\/tupique.com\/wp-content\/uploads\/2026\/04\/8435480031336_S0468835_P00.jpg\",\"width\":1200,\"height\":1200,\"caption\":\"S0468835_0\"},{\"@type\":\"BreadcrumbList\",\"@id\":\"https:\/\/tupique.com\/produit\/ordinateur-portable-acer-ag15-42p-r5-5625u-8-512gb-hp-2810-amd-ryzen-5-5625u-156-8-gb-ram-512-gb\/#breadcrumb\",\"itemListElement\":[{\"@type\":\"ListItem\",\"position\":1,\"name\":\"In\u00edcio\",\"item\":\"https:\/\/tupique.com\/\"},{\"@type\":\"ListItem\",\"position\":2,\"name\":\"Boutique\",\"item\":\"https:\/\/tupique.com\/en\/boutique\/\"},{\"@type\":\"ListItem\",\"position\":3,\"name\":\"Ordinateur Portable Acer AG15-42P R5-5625U 8\/512GB + HP 2810 AMD Ryzen 5 5625U 15,6&#8243; 8 GB RAM 512 GB\"}]},{\"@type\":\"WebSite\",\"@id\":\"https:\/\/tupique.com\/#website\",\"url\":\"https:\/\/tupique.com\/\",\"name\":\"Tupique\",\"description\":\"Marketplace\",\"publisher\":{\"@id\":\"https:\/\/tupique.com\/#organization\"},\"potentialAction\":[{\"@type\":\"SearchAction\",\"target\":{\"@type\":\"EntryPoint\",\"urlTemplate\":\"https:\/\/tupique.com\/?s={search_term_string}\"},\"query-input\":{\"@type\":\"PropertyValueSpecification\",\"valueRequired\":true,\"valueName\":\"search_term_string\"}}],\"inLanguage\":\"es\"},{\"@type\":\"Organization\",\"@id\":\"https:\/\/tupique.com\/#organization\",\"name\":\"Tupique\",\"url\":\"https:\/\/tupique.com\/\",\"logo\":{\"@type\":\"ImageObject\",\"inLanguage\":\"es\",\"@id\":\"https:\/\/tupique.com\/#\/schema\/logo\/image\/\",\"url\":\"https:\/\/tupique.com\/wp-content\/uploads\/2024\/09\/logo.png\",\"contentUrl\":\"https:\/\/tupique.com\/wp-content\/uploads\/2024\/09\/logo.png\",\"width\":1118,\"height\":310,\"caption\":\"Tupique\"},\"image\":{\"@id\":\"https:\/\/tupique.com\/#\/schema\/logo\/image\/\"}}]}<\/script>\n<!-- \/ Yoast SEO plugin. -->","yoast_head_json":{"title":"Ordinateur Portable Acer AG15-42P R5-5625U 8\/512GB + HP 2810 AMD Ryzen 5 5625U 15,6\" 8 GB RAM 512 GB - Tupique","description":"Vous cherchez Ordinateur Portable Acer AG15-42P R5-5625U 8\/512GB + HP 2810 AMD Ryzen 5 5625U 15,6\" 8 GB RAM 512 GB ? Achetez des produits chez Tupique. Profitez de la livraison gratuite pour obtenir Ordinateur Portable Acer AG15-42P R5-5625U 8\/512GB + HP 2810 AMD Ryzen 5 5625U 15,6\" 8 GB RAM 512 GB d\u00e8s maintenant.","robots":{"index":"index","follow":"follow","max-snippet":"max-snippet:-1","max-image-preview":"max-image-preview:large","max-video-preview":"max-video-preview:-1"},"canonical":"https:\/\/tupique.com\/es\/producto\/ordinateur-portable-acer-ag15-42p-r5-5625u-8-512gb-hp-2810-amd-ryzen-5-5625u-156-8-gb-ram-512-gb\/","og_locale":"es_ES","og_type":"article","og_title":"Ordinateur Portable Acer AG15-42P R5-5625U 8\/512GB + HP 2810 AMD Ryzen 5 5625U 15,6\" 8 GB RAM 512 GB - Tupique","og_description":"Vous cherchez Ordinateur Portable Acer AG15-42P R5-5625U 8\/512GB + HP 2810 AMD Ryzen 5 5625U 15,6\" 8 GB RAM 512 GB ? Achetez des produits chez Tupique. Profitez de la livraison gratuite pour obtenir Ordinateur Portable Acer AG15-42P R5-5625U 8\/512GB + HP 2810 AMD Ryzen 5 5625U 15,6\" 8 GB RAM 512 GB d\u00e8s maintenant.","og_url":"https:\/\/tupique.com\/es\/producto\/ordinateur-portable-acer-ag15-42p-r5-5625u-8-512gb-hp-2810-amd-ryzen-5-5625u-156-8-gb-ram-512-gb\/","og_site_name":"Tupique","article_modified_time":"2026-04-08T22:55:33+00:00","og_image":[{"width":1200,"height":1200,"url":"https:\/\/tupique.com\/wp-content\/uploads\/2026\/04\/8435480031336_S0468835_P00.jpg","type":"image\/jpeg"}],"twitter_card":"summary_large_image","twitter_misc":{"Tiempo de lectura":"1 minuto"},"schema":{"@context":"https:\/\/schema.org","@graph":[{"@type":"WebPage","@id":"https:\/\/tupique.com\/produit\/ordinateur-portable-acer-ag15-42p-r5-5625u-8-512gb-hp-2810-amd-ryzen-5-5625u-156-8-gb-ram-512-gb\/","url":"https:\/\/tupique.com\/produit\/ordinateur-portable-acer-ag15-42p-r5-5625u-8-512gb-hp-2810-amd-ryzen-5-5625u-156-8-gb-ram-512-gb\/","name":"Ordinateur Portable Acer AG15-42P R5-5625U 8\/512GB + HP 2810 AMD Ryzen 5 5625U 15,6\" 8 GB RAM 512 GB - Tupique","isPartOf":{"@id":"https:\/\/tupique.com\/#website"},"primaryImageOfPage":{"@id":"https:\/\/tupique.com\/produit\/ordinateur-portable-acer-ag15-42p-r5-5625u-8-512gb-hp-2810-amd-ryzen-5-5625u-156-8-gb-ram-512-gb\/#primaryimage"},"image":{"@id":"https:\/\/tupique.com\/produit\/ordinateur-portable-acer-ag15-42p-r5-5625u-8-512gb-hp-2810-amd-ryzen-5-5625u-156-8-gb-ram-512-gb\/#primaryimage"},"thumbnailUrl":"https:\/\/tupique.com\/wp-content\/uploads\/2026\/04\/8435480031336_S0468835_P00.jpg","datePublished":"2026-04-08T21:59:41+00:00","dateModified":"2026-04-08T22:55:33+00:00","description":"Vous cherchez Ordinateur Portable Acer AG15-42P R5-5625U 8\/512GB + HP 2810 AMD Ryzen 5 5625U 15,6\" 8 GB RAM 512 GB ? Achetez des produits chez Tupique. Profitez de la livraison gratuite pour obtenir Ordinateur Portable Acer AG15-42P R5-5625U 8\/512GB + HP 2810 AMD Ryzen 5 5625U 15,6\" 8 GB RAM 512 GB d\u00e8s maintenant.","breadcrumb":{"@id":"https:\/\/tupique.com\/produit\/ordinateur-portable-acer-ag15-42p-r5-5625u-8-512gb-hp-2810-amd-ryzen-5-5625u-156-8-gb-ram-512-gb\/#breadcrumb"},"inLanguage":"es","potentialAction":[{"@type":"ReadAction","target":["https:\/\/tupique.com\/produit\/ordinateur-portable-acer-ag15-42p-r5-5625u-8-512gb-hp-2810-amd-ryzen-5-5625u-156-8-gb-ram-512-gb\/"]}]},{"@type":"ImageObject","inLanguage":"es","@id":"https:\/\/tupique.com\/produit\/ordinateur-portable-acer-ag15-42p-r5-5625u-8-512gb-hp-2810-amd-ryzen-5-5625u-156-8-gb-ram-512-gb\/#primaryimage","url":"https:\/\/tupique.com\/wp-content\/uploads\/2026\/04\/8435480031336_S0468835_P00.jpg","contentUrl":"https:\/\/tupique.com\/wp-content\/uploads\/2026\/04\/8435480031336_S0468835_P00.jpg","width":1200,"height":1200,"caption":"S0468835_0"},{"@type":"BreadcrumbList","@id":"https:\/\/tupique.com\/produit\/ordinateur-portable-acer-ag15-42p-r5-5625u-8-512gb-hp-2810-amd-ryzen-5-5625u-156-8-gb-ram-512-gb\/#breadcrumb","itemListElement":[{"@type":"ListItem","position":1,"name":"In\u00edcio","item":"https:\/\/tupique.com\/"},{"@type":"ListItem","position":2,"name":"Boutique","item":"https:\/\/tupique.com\/en\/boutique\/"},{"@type":"ListItem","position":3,"name":"Ordinateur Portable Acer AG15-42P R5-5625U 8\/512GB + HP 2810 AMD Ryzen 5 5625U 15,6&#8243; 8 GB RAM 512 GB"}]},{"@type":"WebSite","@id":"https:\/\/tupique.com\/#website","url":"https:\/\/tupique.com\/","name":"Tupique","description":"Marketplace","publisher":{"@id":"https:\/\/tupique.com\/#organization"},"potentialAction":[{"@type":"SearchAction","target":{"@type":"EntryPoint","urlTemplate":"https:\/\/tupique.com\/?s={search_term_string}"},"query-input":{"@type":"PropertyValueSpecification","valueRequired":true,"valueName":"search_term_string"}}],"inLanguage":"es"},{"@type":"Organization","@id":"https:\/\/tupique.com\/#organization","name":"Tupique","url":"https:\/\/tupique.com\/","logo":{"@type":"ImageObject","inLanguage":"es","@id":"https:\/\/tupique.com\/#\/schema\/logo\/image\/","url":"https:\/\/tupique.com\/wp-content\/uploads\/2024\/09\/logo.png","contentUrl":"https:\/\/tupique.com\/wp-content\/uploads\/2024\/09\/logo.png","width":1118,"height":310,"caption":"Tupique"},"image":{"@id":"https:\/\/tupique.com\/#\/schema\/logo\/image\/"}}]}},"jetpack_sharing_enabled":true,"_links":{"self":[{"href":"https:\/\/tupique.com\/es\/wp-json\/wp\/v2\/product\/4384865","targetHints":{"allow":["GET"]}}],"collection":[{"href":"https:\/\/tupique.com\/es\/wp-json\/wp\/v2\/product"}],"about":[{"href":"https:\/\/tupique.com\/es\/wp-json\/wp\/v2\/types\/product"}],"replies":[{"embeddable":true,"href":"https:\/\/tupique.com\/es\/wp-json\/wp\/v2\/comments?post=4384865"}],"wp:featuredmedia":[{"embeddable":true,"href":"https:\/\/tupique.com\/es\/wp-json\/wp\/v2\/media\/4384864"}],"wp:attachment":[{"href":"https:\/\/tupique.com\/es\/wp-json\/wp\/v2\/media?parent=4384865"}],"wp:term":[{"taxonomy":"product_brand","embeddable":true,"href":"https:\/\/tupique.com\/es\/wp-json\/wp\/v2\/product_brand?post=4384865"},{"taxonomy":"product_cat","embeddable":true,"href":"https:\/\/tupique.com\/es\/wp-json\/wp\/v2\/product_cat?post=4384865"},{"taxonomy":"product_tag","embeddable":true,"href":"https:\/\/tupique.com\/es\/wp-json\/wp\/v2\/product_tag?post=4384865"}],"curies":[{"name":"wp","href":"https:\/\/api.w.org\/{rel}","templated":true}]}}