{"id":4385084,"date":"2026-04-08T23:59:27","date_gmt":"2026-04-08T22:59:27","guid":{"rendered":"https:\/\/tupique.com\/produit\/tablette-samsung-tab-s11-ultra-sm-x930-12-gb-ram-256-gb-gris-146\/"},"modified":"2026-04-08T23:59:27","modified_gmt":"2026-04-08T22:59:27","slug":"tablette-samsung-tab-s11-ultra-sm-x930-12-gb-ram-256-gb-gris-146","status":"publish","type":"product","link":"https:\/\/tupique.com\/es\/producto\/tablette-samsung-tab-s11-ultra-sm-x930-12-gb-ram-256-gb-gris-146\/","title":{"rendered":"Tablette Samsung TAB S11 ULTRA SM-X930 12 GB RAM 256 GB Gris 14,6&#8243;"},"content":{"rendered":"<p>Si le apasiona\u2019<b>inform\u00e1tica y electr\u00f3nica<\/b>, Si est\u00e1s a la \u00faltima en tecnolog\u00eda y no quieres perderte nada, compra <b>Tablette Samsung TAB S11 ULTRA SM-X930 12 GB RAM 256 GB Gris 14,6&#8243;<\/b> al mejor precio.<\/p>\n<ul>\n<li>Diagonale de l&#8217;\u00e9cran (cm): 37,1 cm<\/li>\n<li>Type: Tablette<\/li>\n<li>Producto enchufable: S\u00ed<\/li>\n<li>Cartes M\u00e9moire Compatibles: MicroSD (TransFlash)<\/li>\n<li>Grado de protecci\u00f3n: IP68<\/li>\n<li>Giroscopio: S\u00ed<\/li>\n<li>Glonass: S\u00ed<\/li>\n<li>Aceler\u00f3metro: S\u00ed<\/li>\n<li>Memoria RAM: 12 GB RAM<\/li>\n<li>Memoria interna: 256 GB<\/li>\n<li>Color: Gris<\/li>\n<li>Caracter\u00edsticas:\n<ul>\n<li>C\u00e1mara frontal<\/li>\n<li>Lector de tarjetas<\/li>\n<li>Lector de huellas dactilares<\/li>\n<\/ul>\n<\/li>\n<li>Conectividad:\n<ul>\n<li>Bluetooth<\/li>\n<li>Wi-Fi<\/li>\n<li>GPS<\/li>\n<li>Galileo<\/li>\n<\/ul>\n<\/li>\n<li>Clasificaci\u00f3n energ\u00e9tica: G<\/li>\n<li>Sistema operativo: Android<\/li>\n<li>Bloc d\u2019Alimentation: USB<\/li>\n<li>C\u00e1mara:\n<ul>\n<li>Doble<\/li>\n<li>8 MP<\/li>\n<li>13 MP<\/li>\n<\/ul>\n<\/li>\n<li>Funciones: Aceler\u00f3metro<\/li>\n<li>Tecnolog\u00eda: AMOLED<\/li>\n<li>vitesse: 30 fps<\/li>\n<li>No incluye: adaptador de CA<\/li>\n<li>Taille maximale de la carte m\u00e9moire: 2 TB<\/li>\n<li>Incluye:\n<ul>\n<li>USB Type-C &#8211; USB Type-C<\/li>\n<li>Crayon tactile<\/li>\n<\/ul>\n<\/li>\n<li>Ecran: 14,6&#8243;<\/li>\n<li>R\u00e9solution: 2960 x 1848 px<\/li>\n<li>N\u00facleos: 8 n\u00facleos<\/li>\n<li>Resoluci\u00f3n (px): 3840 x 2160 px<\/li>\n<\/ul>","protected":false},"excerpt":{"rendered":"<p>Si vous \u00eates passionn\u00e9 d&#8217;informatique et d&#8217;\u00e9lectronique, si vous \u00eates \u00e0 la pointe de la technologie et qu&#8217;aucun d\u00e9tail ne<\/p>","protected":false},"featured_media":4385081,"comment_status":"open","ping_status":"closed","template":"","meta":{"_joinchat":[]},"product_brand":[157883],"product_cat":[157523,157516,157560],"product_tag":[157522,157515],"class_list":{"0":"post-4385084","1":"product","2":"type-product","3":"status-publish","4":"has-post-thumbnail","6":"product_brand-brandp_576","7":"product_cat-electronique-telephonie-et-tablettes","8":"product_cat-informatique-electronique","9":"product_cat-tablettes","10":"product_tag-tag_547","11":"product_tag-tag_1295","13":"first","14":"instock","15":"taxable","16":"shipping-taxable","17":"purchasable","18":"product-type-simple"},"yoast_head":"<!-- This site is optimized with the Yoast SEO plugin v27.2 - https:\/\/yoast.com\/product\/yoast-seo-wordpress\/ -->\n<title>Tablette Samsung TAB S11 ULTRA SM-X930 12 GB RAM 256 GB Gris 14,6&quot; - Tupique<\/title>\n<meta name=\"description\" content=\"Vous cherchez Tablette Samsung TAB S11 ULTRA SM-X930 12 GB RAM 256 GB Gris 14,6&quot; ? Achetez des produits chez Tupique. Profitez de la livraison gratuite pour obtenir Tablette Samsung TAB S11 ULTRA SM-X930 12 GB RAM 256 GB Gris 14,6&quot; d\u00e8s maintenant.\" \/>\n<meta name=\"robots\" content=\"index, follow, max-snippet:-1, max-image-preview:large, max-video-preview:-1\" \/>\n<link rel=\"canonical\" href=\"https:\/\/tupique.com\/es\/producto\/tablette-samsung-tab-s11-ultra-sm-x930-12-gb-ram-256-gb-gris-146\/\" \/>\n<meta property=\"og:locale\" content=\"es_ES\" \/>\n<meta property=\"og:type\" content=\"article\" \/>\n<meta property=\"og:title\" content=\"Tablette Samsung TAB S11 ULTRA SM-X930 12 GB RAM 256 GB Gris 14,6&quot; - Tupique\" \/>\n<meta property=\"og:description\" content=\"Vous cherchez Tablette Samsung TAB S11 ULTRA SM-X930 12 GB RAM 256 GB Gris 14,6&quot; ? Achetez des produits chez Tupique. Profitez de la livraison gratuite pour obtenir Tablette Samsung TAB S11 ULTRA SM-X930 12 GB RAM 256 GB Gris 14,6&quot; d\u00e8s maintenant.\" \/>\n<meta property=\"og:url\" content=\"https:\/\/tupique.com\/es\/producto\/tablette-samsung-tab-s11-ultra-sm-x930-12-gb-ram-256-gb-gris-146\/\" \/>\n<meta property=\"og:site_name\" content=\"Tupique\" \/>\n<meta name=\"twitter:card\" content=\"summary_large_image\" \/>\n<meta name=\"twitter:label1\" content=\"Tiempo de lectura\" \/>\n\t<meta name=\"twitter:data1\" content=\"1 minuto\" \/>\n<script type=\"application\/ld+json\" class=\"yoast-schema-graph\">{\"@context\":\"https:\/\/schema.org\",\"@graph\":[{\"@type\":\"WebPage\",\"@id\":\"https:\/\/tupique.com\/produit\/tablette-samsung-tab-s11-ultra-sm-x930-12-gb-ram-256-gb-gris-146\/\",\"url\":\"https:\/\/tupique.com\/produit\/tablette-samsung-tab-s11-ultra-sm-x930-12-gb-ram-256-gb-gris-146\/\",\"name\":\"Tablette Samsung TAB S11 ULTRA SM-X930 12 GB RAM 256 GB Gris 14,6\\\" - Tupique\",\"isPartOf\":{\"@id\":\"https:\/\/tupique.com\/#website\"},\"primaryImageOfPage\":{\"@id\":\"https:\/\/tupique.com\/produit\/tablette-samsung-tab-s11-ultra-sm-x930-12-gb-ram-256-gb-gris-146\/#primaryimage\"},\"image\":{\"@id\":\"https:\/\/tupique.com\/produit\/tablette-samsung-tab-s11-ultra-sm-x930-12-gb-ram-256-gb-gris-146\/#primaryimage\"},\"thumbnailUrl\":\"https:\/\/tupique.com\/wp-content\/uploads\/2026\/04\/8806097711414_S8111551_P00.jpg\",\"datePublished\":\"2026-04-08T22:59:27+00:00\",\"description\":\"Vous cherchez Tablette Samsung TAB S11 ULTRA SM-X930 12 GB RAM 256 GB Gris 14,6\\\" ? Achetez des produits chez Tupique. Profitez de la livraison gratuite pour obtenir Tablette Samsung TAB S11 ULTRA SM-X930 12 GB RAM 256 GB Gris 14,6\\\" d\u00e8s maintenant.\",\"breadcrumb\":{\"@id\":\"https:\/\/tupique.com\/produit\/tablette-samsung-tab-s11-ultra-sm-x930-12-gb-ram-256-gb-gris-146\/#breadcrumb\"},\"inLanguage\":\"es\",\"potentialAction\":[{\"@type\":\"ReadAction\",\"target\":[\"https:\/\/tupique.com\/produit\/tablette-samsung-tab-s11-ultra-sm-x930-12-gb-ram-256-gb-gris-146\/\"]}]},{\"@type\":\"ImageObject\",\"inLanguage\":\"es\",\"@id\":\"https:\/\/tupique.com\/produit\/tablette-samsung-tab-s11-ultra-sm-x930-12-gb-ram-256-gb-gris-146\/#primaryimage\",\"url\":\"https:\/\/tupique.com\/wp-content\/uploads\/2026\/04\/8806097711414_S8111551_P00.jpg\",\"contentUrl\":\"https:\/\/tupique.com\/wp-content\/uploads\/2026\/04\/8806097711414_S8111551_P00.jpg\",\"width\":1200,\"height\":1200,\"caption\":\"S8111551_0\"},{\"@type\":\"BreadcrumbList\",\"@id\":\"https:\/\/tupique.com\/produit\/tablette-samsung-tab-s11-ultra-sm-x930-12-gb-ram-256-gb-gris-146\/#breadcrumb\",\"itemListElement\":[{\"@type\":\"ListItem\",\"position\":1,\"name\":\"In\u00edcio\",\"item\":\"https:\/\/tupique.com\/\"},{\"@type\":\"ListItem\",\"position\":2,\"name\":\"Boutique\",\"item\":\"https:\/\/tupique.com\/en\/boutique\/\"},{\"@type\":\"ListItem\",\"position\":3,\"name\":\"Tablette Samsung TAB S11 ULTRA SM-X930 12 GB RAM 256 GB Gris 14,6&#8243;\"}]},{\"@type\":\"WebSite\",\"@id\":\"https:\/\/tupique.com\/#website\",\"url\":\"https:\/\/tupique.com\/\",\"name\":\"Tupique\",\"description\":\"Marketplace\",\"publisher\":{\"@id\":\"https:\/\/tupique.com\/#organization\"},\"potentialAction\":[{\"@type\":\"SearchAction\",\"target\":{\"@type\":\"EntryPoint\",\"urlTemplate\":\"https:\/\/tupique.com\/?s={search_term_string}\"},\"query-input\":{\"@type\":\"PropertyValueSpecification\",\"valueRequired\":true,\"valueName\":\"search_term_string\"}}],\"inLanguage\":\"es\"},{\"@type\":\"Organization\",\"@id\":\"https:\/\/tupique.com\/#organization\",\"name\":\"Tupique\",\"url\":\"https:\/\/tupique.com\/\",\"logo\":{\"@type\":\"ImageObject\",\"inLanguage\":\"es\",\"@id\":\"https:\/\/tupique.com\/#\/schema\/logo\/image\/\",\"url\":\"https:\/\/tupique.com\/wp-content\/uploads\/2024\/09\/logo.png\",\"contentUrl\":\"https:\/\/tupique.com\/wp-content\/uploads\/2024\/09\/logo.png\",\"width\":1118,\"height\":310,\"caption\":\"Tupique\"},\"image\":{\"@id\":\"https:\/\/tupique.com\/#\/schema\/logo\/image\/\"}}]}<\/script>\n<!-- \/ Yoast SEO plugin. -->","yoast_head_json":{"title":"Tablette Samsung TAB S11 ULTRA SM-X930 12 GB RAM 256 GB Gris 14,6\" - Tupique","description":"Vous cherchez Tablette Samsung TAB S11 ULTRA SM-X930 12 GB RAM 256 GB Gris 14,6\" ? Achetez des produits chez Tupique. Profitez de la livraison gratuite pour obtenir Tablette Samsung TAB S11 ULTRA SM-X930 12 GB RAM 256 GB Gris 14,6\" d\u00e8s maintenant.","robots":{"index":"index","follow":"follow","max-snippet":"max-snippet:-1","max-image-preview":"max-image-preview:large","max-video-preview":"max-video-preview:-1"},"canonical":"https:\/\/tupique.com\/es\/producto\/tablette-samsung-tab-s11-ultra-sm-x930-12-gb-ram-256-gb-gris-146\/","og_locale":"es_ES","og_type":"article","og_title":"Tablette Samsung TAB S11 ULTRA SM-X930 12 GB RAM 256 GB Gris 14,6\" - Tupique","og_description":"Vous cherchez Tablette Samsung TAB S11 ULTRA SM-X930 12 GB RAM 256 GB Gris 14,6\" ? Achetez des produits chez Tupique. Profitez de la livraison gratuite pour obtenir Tablette Samsung TAB S11 ULTRA SM-X930 12 GB RAM 256 GB Gris 14,6\" d\u00e8s maintenant.","og_url":"https:\/\/tupique.com\/es\/producto\/tablette-samsung-tab-s11-ultra-sm-x930-12-gb-ram-256-gb-gris-146\/","og_site_name":"Tupique","twitter_card":"summary_large_image","twitter_misc":{"Tiempo de lectura":"1 minuto"},"schema":{"@context":"https:\/\/schema.org","@graph":[{"@type":"WebPage","@id":"https:\/\/tupique.com\/produit\/tablette-samsung-tab-s11-ultra-sm-x930-12-gb-ram-256-gb-gris-146\/","url":"https:\/\/tupique.com\/produit\/tablette-samsung-tab-s11-ultra-sm-x930-12-gb-ram-256-gb-gris-146\/","name":"Tablette Samsung TAB S11 ULTRA SM-X930 12 GB RAM 256 GB Gris 14,6\" - Tupique","isPartOf":{"@id":"https:\/\/tupique.com\/#website"},"primaryImageOfPage":{"@id":"https:\/\/tupique.com\/produit\/tablette-samsung-tab-s11-ultra-sm-x930-12-gb-ram-256-gb-gris-146\/#primaryimage"},"image":{"@id":"https:\/\/tupique.com\/produit\/tablette-samsung-tab-s11-ultra-sm-x930-12-gb-ram-256-gb-gris-146\/#primaryimage"},"thumbnailUrl":"https:\/\/tupique.com\/wp-content\/uploads\/2026\/04\/8806097711414_S8111551_P00.jpg","datePublished":"2026-04-08T22:59:27+00:00","description":"Vous cherchez Tablette Samsung TAB S11 ULTRA SM-X930 12 GB RAM 256 GB Gris 14,6\" ? Achetez des produits chez Tupique. Profitez de la livraison gratuite pour obtenir Tablette Samsung TAB S11 ULTRA SM-X930 12 GB RAM 256 GB Gris 14,6\" d\u00e8s maintenant.","breadcrumb":{"@id":"https:\/\/tupique.com\/produit\/tablette-samsung-tab-s11-ultra-sm-x930-12-gb-ram-256-gb-gris-146\/#breadcrumb"},"inLanguage":"es","potentialAction":[{"@type":"ReadAction","target":["https:\/\/tupique.com\/produit\/tablette-samsung-tab-s11-ultra-sm-x930-12-gb-ram-256-gb-gris-146\/"]}]},{"@type":"ImageObject","inLanguage":"es","@id":"https:\/\/tupique.com\/produit\/tablette-samsung-tab-s11-ultra-sm-x930-12-gb-ram-256-gb-gris-146\/#primaryimage","url":"https:\/\/tupique.com\/wp-content\/uploads\/2026\/04\/8806097711414_S8111551_P00.jpg","contentUrl":"https:\/\/tupique.com\/wp-content\/uploads\/2026\/04\/8806097711414_S8111551_P00.jpg","width":1200,"height":1200,"caption":"S8111551_0"},{"@type":"BreadcrumbList","@id":"https:\/\/tupique.com\/produit\/tablette-samsung-tab-s11-ultra-sm-x930-12-gb-ram-256-gb-gris-146\/#breadcrumb","itemListElement":[{"@type":"ListItem","position":1,"name":"In\u00edcio","item":"https:\/\/tupique.com\/"},{"@type":"ListItem","position":2,"name":"Boutique","item":"https:\/\/tupique.com\/en\/boutique\/"},{"@type":"ListItem","position":3,"name":"Tablette Samsung TAB S11 ULTRA SM-X930 12 GB RAM 256 GB Gris 14,6&#8243;"}]},{"@type":"WebSite","@id":"https:\/\/tupique.com\/#website","url":"https:\/\/tupique.com\/","name":"Tupique","description":"Marketplace","publisher":{"@id":"https:\/\/tupique.com\/#organization"},"potentialAction":[{"@type":"SearchAction","target":{"@type":"EntryPoint","urlTemplate":"https:\/\/tupique.com\/?s={search_term_string}"},"query-input":{"@type":"PropertyValueSpecification","valueRequired":true,"valueName":"search_term_string"}}],"inLanguage":"es"},{"@type":"Organization","@id":"https:\/\/tupique.com\/#organization","name":"Tupique","url":"https:\/\/tupique.com\/","logo":{"@type":"ImageObject","inLanguage":"es","@id":"https:\/\/tupique.com\/#\/schema\/logo\/image\/","url":"https:\/\/tupique.com\/wp-content\/uploads\/2024\/09\/logo.png","contentUrl":"https:\/\/tupique.com\/wp-content\/uploads\/2024\/09\/logo.png","width":1118,"height":310,"caption":"Tupique"},"image":{"@id":"https:\/\/tupique.com\/#\/schema\/logo\/image\/"}}]}},"jetpack_sharing_enabled":true,"_links":{"self":[{"href":"https:\/\/tupique.com\/es\/wp-json\/wp\/v2\/product\/4385084","targetHints":{"allow":["GET"]}}],"collection":[{"href":"https:\/\/tupique.com\/es\/wp-json\/wp\/v2\/product"}],"about":[{"href":"https:\/\/tupique.com\/es\/wp-json\/wp\/v2\/types\/product"}],"replies":[{"embeddable":true,"href":"https:\/\/tupique.com\/es\/wp-json\/wp\/v2\/comments?post=4385084"}],"wp:featuredmedia":[{"embeddable":true,"href":"https:\/\/tupique.com\/es\/wp-json\/wp\/v2\/media\/4385081"}],"wp:attachment":[{"href":"https:\/\/tupique.com\/es\/wp-json\/wp\/v2\/media?parent=4385084"}],"wp:term":[{"taxonomy":"product_brand","embeddable":true,"href":"https:\/\/tupique.com\/es\/wp-json\/wp\/v2\/product_brand?post=4385084"},{"taxonomy":"product_cat","embeddable":true,"href":"https:\/\/tupique.com\/es\/wp-json\/wp\/v2\/product_cat?post=4385084"},{"taxonomy":"product_tag","embeddable":true,"href":"https:\/\/tupique.com\/es\/wp-json\/wp\/v2\/product_tag?post=4385084"}],"curies":[{"name":"wp","href":"https:\/\/api.w.org\/{rel}","templated":true}]}}