{"id":4385144,"date":"2026-04-09T00:00:59","date_gmt":"2026-04-08T23:00:59","guid":{"rendered":"https:\/\/tupique.com\/produit\/montre-intelligente-apple-watch-ultra-3-gps-cellular-noir-49-mm\/"},"modified":"2026-04-09T00:55:13","modified_gmt":"2026-04-08T23:55:13","slug":"montre-intelligente-apple-watch-ultra-3-gps-cellular-noir-49-mm","status":"publish","type":"product","link":"https:\/\/tupique.com\/es\/producto\/montre-intelligente-apple-watch-ultra-3-gps-cellular-noir-49-mm\/","title":{"rendered":"Montre intelligente Apple Watch Ultra 3 GPS + Cellular Noir 49 mm"},"content":{"rendered":"<p>Si buscas las \u00faltimas tendencias del mercado, nosotros te ayudamos. <b>Montre intelligente Apple Watch Ultra 3 GPS + Cellular Noir 49 mm<\/b> !<\/p>\n<p>L\u2019<b>Apple Watch<\/b> es un <b>smartwatch<\/b> de derni\u00e8re g\u00e9n\u00e9ration qui offre une exp\u00e9rience compl\u00e8te aux utilisateurs recherchant une montre connect\u00e9e fonctionnelle et polyvalente, dans un design compact et \u00e9l\u00e9gant en <b>negro<\/b> avec un <b>format 38 mm<\/b>. Ce mod\u00e8le est dot\u00e9 d\u2019un <b>pantalla t\u00e1ctil<\/b> pour un contr\u00f4le intuitif, ainsi que d\u2019un <b>aceler\u00f3metro<\/b> et d\u2019un <b>sensor de luz ambiental<\/b>, optimisant le suivi de l\u2019activit\u00e9 physique et adaptant l\u2019affichage selon la luminosit\u00e9. Il comprend des <b>altavoces integrados<\/b> pour g\u00e9rer appels et notifications sans d\u00e9pendre d\u2019autres appareils. Ses options de <b>connectivit\u00e9 Bluetooth, Wi-Fi et GPS<\/b> assurent une synchronisation fiable avec le smartphone, ainsi qu\u2019une localisation et un suivi pr\u00e9cis des itin\u00e9raires et activit\u00e9s en ext\u00e9rieur. Son design minimaliste convient aussi bien \u00e0 un usage quotidien qu\u2019aux activit\u00e9s sportives, et gr\u00e2ce \u00e0 l\u2019int\u00e9gration Apple, il garantit une compatibilit\u00e9 et une synchronisation directe avec l\u2019\u00e9cosyst\u00e8me de la marque. Fabriqu\u00e9e avec des mat\u00e9riaux durables, cette Apple Watch r\u00e9pond aux besoins des utilisateurs actifs qui appr\u00e9cient une technologie avanc\u00e9e dans un format portable et sophistiqu\u00e9. C\u2019est un choix id\u00e9al pour ceux qui recherchent une montre connect\u00e9e aux fonctions polyvalentes et une int\u00e9gration totale dans l\u2019univers Apple.<\/p>\n<ul>\n<li>Tipo de reloj: Reloj inteligente<\/li>\n<li>Producto enchufable: S\u00ed<\/li>\n<li>Taille:\n<ul>\n<li>S\/M<\/li>\n<li>S<\/li>\n<li>38 mm<\/li>\n<\/ul>\n<\/li>\n<li>Largeur: 44 mm<\/li>\n<li>Compatible:\n<ul>\n<li>iOS<\/li>\n<li>Siri<\/li>\n<\/ul>\n<\/li>\n<li>Dimensions approx.: 12 X 4 X 22 CM<\/li>\n<li>Type: OLED<\/li>\n<li>R\u00e9sistant \u00e0 l&#8217;eau:\n<ul>\n<li>100 m<\/li>\n<li>10 atm<\/li>\n<\/ul>\n<\/li>\n<li>Tipo de enchufe: enchufe UE<\/li>\n<li>Bloc d\u2019Alimentation: r\u00e9seau \u00e9lectrique<\/li>\n<li>Color: Negro<\/li>\n<li>Memoria interna: 64 GB<\/li>\n<li>Procesador: Dual Core<\/li>\n<li>Caracter\u00edsticas:\n<ul>\n<li>Aceler\u00f3metro<\/li>\n<li>Altavoces integrados<\/li>\n<li>Pantalla t\u00e1ctil<\/li>\n<li>Sensor de luz ambiental<\/li>\n<li>Giroscopio<\/li>\n<li>Alt\u00edmetro<\/li>\n<li>Alarma<\/li>\n<li>Micr\u00f3fono incorporado<\/li>\n<li>Distancia recorrida<\/li>\n<li>Monitor de sue\u00f1o<\/li>\n<li>Conexi\u00f3n a la red m\u00f3vil<\/li>\n<li>Carga magn\u00e9tica<\/li>\n<li>Multideporte<\/li>\n<li>Sensor de nivel de ox\u00edgeno en sangre<\/li>\n<li>Pantalla con esquinas redondeadas<\/li>\n<\/ul>\n<\/li>\n<li>Funciones:\n<ul>\n<li>Pantalla en color<\/li>\n<li>Monitor de sue\u00f1o<\/li>\n<li>Puls\u00f3metro<\/li>\n<\/ul>\n<\/li>\n<li>Tipo de bater\u00eda:\n<ul>\n<li>Integrado<\/li>\n<li>Litio Ion<\/li>\n<\/ul>\n<\/li>\n<li>Conectividad:\n<ul>\n<li>Bluetooth<\/li>\n<li>Wi-Fi<\/li>\n<li>GPS<\/li>\n<li>NFC<\/li>\n<li>Glonass<\/li>\n<li>BeiDou<\/li>\n<li>Galileo<\/li>\n<li>5G<\/li>\n<li>Bluetooth de baja energ\u00eda<\/li>\n<li>LTE<\/li>\n<li>Bluetooth 5.3<\/li>\n<\/ul>\n<\/li>\n<li>Caja: 49 mm<\/li>\n<li>Forma: Rectangular<\/li>\n<li>C\u00e1mara: No<\/li>\n<li>Cargador inal\u00e1mbrico: S\u00ed<\/li>\n<li>Radio FM: No<\/li>\n<li>Tecnolog\u00eda: OLED<\/li>\n<li>Conexi\u00f3n USB: No<\/li>\n<li>Correa: extra\u00edble<\/li>\n<li>Memoria Flash: 64 MB<\/li>\n<li>N\u00facleos: 2 n\u00facleos<\/li>\n<\/ul>","protected":false},"excerpt":{"rendered":"<p><span class=\"unit-info\">29420.7895 &euro; \/ 1 m<\/span><\/p>","protected":false},"featured_media":4385142,"comment_status":"open","ping_status":"closed","template":"","meta":{"_joinchat":[]},"product_brand":[157892],"product_cat":[157523,157516,157601],"product_tag":[157530,157522,157515],"class_list":{"0":"post-4385144","1":"product","2":"type-product","3":"status-publish","4":"has-post-thumbnail","6":"product_brand-brandp_533","7":"product_cat-electronique-telephonie-et-tablettes","8":"product_cat-informatique-electronique","9":"product_cat-smartwatches","10":"product_tag-tag_1261","11":"product_tag-tag_547","12":"product_tag-tag_1295","14":"first","15":"outofstock","16":"taxable","17":"shipping-taxable","18":"purchasable","19":"product-type-simple"},"yoast_head":"<!-- This site is optimized with the Yoast SEO plugin v27.2 - https:\/\/yoast.com\/product\/yoast-seo-wordpress\/ -->\n<title>Montre intelligente Apple Watch Ultra 3 GPS + Cellular Noir 49 mm - Tupique<\/title>\n<meta name=\"description\" content=\"Vous cherchez Montre intelligente Apple Watch Ultra 3 GPS + Cellular Noir 49 mm ? Achetez des produits chez Tupique. Profitez de la livraison gratuite pour obtenir Montre intelligente Apple Watch Ultra 3 GPS + Cellular Noir 49 mm d\u00e8s maintenant.\" \/>\n<meta name=\"robots\" content=\"index, follow, max-snippet:-1, max-image-preview:large, max-video-preview:-1\" \/>\n<link rel=\"canonical\" href=\"https:\/\/tupique.com\/es\/producto\/montre-intelligente-apple-watch-ultra-3-gps-cellular-noir-49-mm\/\" \/>\n<meta property=\"og:locale\" content=\"es_ES\" \/>\n<meta property=\"og:type\" content=\"article\" \/>\n<meta property=\"og:title\" content=\"Montre intelligente Apple Watch Ultra 3 GPS + Cellular Noir 49 mm - Tupique\" \/>\n<meta property=\"og:description\" content=\"Vous cherchez Montre intelligente Apple Watch Ultra 3 GPS + Cellular Noir 49 mm ? Achetez des produits chez Tupique. Profitez de la livraison gratuite pour obtenir Montre intelligente Apple Watch Ultra 3 GPS + Cellular Noir 49 mm d\u00e8s maintenant.\" \/>\n<meta property=\"og:url\" content=\"https:\/\/tupique.com\/es\/producto\/montre-intelligente-apple-watch-ultra-3-gps-cellular-noir-49-mm\/\" \/>\n<meta property=\"og:site_name\" content=\"Tupique\" \/>\n<meta property=\"article:modified_time\" content=\"2026-04-08T23:55:13+00:00\" \/>\n<meta property=\"og:image\" content=\"https:\/\/tupique.com\/wp-content\/uploads\/2026\/04\/0195950610482_M0807090_P00.jpg\" \/>\n\t<meta property=\"og:image:width\" content=\"1200\" \/>\n\t<meta property=\"og:image:height\" content=\"1200\" \/>\n\t<meta property=\"og:image:type\" content=\"image\/jpeg\" \/>\n<meta name=\"twitter:card\" content=\"summary_large_image\" \/>\n<meta name=\"twitter:label1\" content=\"Tiempo de lectura\" \/>\n\t<meta name=\"twitter:data1\" content=\"2 minutos\" \/>\n<script type=\"application\/ld+json\" class=\"yoast-schema-graph\">{\"@context\":\"https:\/\/schema.org\",\"@graph\":[{\"@type\":\"WebPage\",\"@id\":\"https:\/\/tupique.com\/produit\/montre-intelligente-apple-watch-ultra-3-gps-cellular-noir-49-mm\/\",\"url\":\"https:\/\/tupique.com\/produit\/montre-intelligente-apple-watch-ultra-3-gps-cellular-noir-49-mm\/\",\"name\":\"Montre intelligente Apple Watch Ultra 3 GPS + Cellular Noir 49 mm - Tupique\",\"isPartOf\":{\"@id\":\"https:\/\/tupique.com\/#website\"},\"primaryImageOfPage\":{\"@id\":\"https:\/\/tupique.com\/produit\/montre-intelligente-apple-watch-ultra-3-gps-cellular-noir-49-mm\/#primaryimage\"},\"image\":{\"@id\":\"https:\/\/tupique.com\/produit\/montre-intelligente-apple-watch-ultra-3-gps-cellular-noir-49-mm\/#primaryimage\"},\"thumbnailUrl\":\"https:\/\/tupique.com\/wp-content\/uploads\/2026\/04\/0195950610482_M0807090_P00.jpg\",\"datePublished\":\"2026-04-08T23:00:59+00:00\",\"dateModified\":\"2026-04-08T23:55:13+00:00\",\"description\":\"Vous cherchez Montre intelligente Apple Watch Ultra 3 GPS + Cellular Noir 49 mm ? Achetez des produits chez Tupique. Profitez de la livraison gratuite pour obtenir Montre intelligente Apple Watch Ultra 3 GPS + Cellular Noir 49 mm d\u00e8s maintenant.\",\"breadcrumb\":{\"@id\":\"https:\/\/tupique.com\/produit\/montre-intelligente-apple-watch-ultra-3-gps-cellular-noir-49-mm\/#breadcrumb\"},\"inLanguage\":\"es\",\"potentialAction\":[{\"@type\":\"ReadAction\",\"target\":[\"https:\/\/tupique.com\/produit\/montre-intelligente-apple-watch-ultra-3-gps-cellular-noir-49-mm\/\"]}]},{\"@type\":\"ImageObject\",\"inLanguage\":\"es\",\"@id\":\"https:\/\/tupique.com\/produit\/montre-intelligente-apple-watch-ultra-3-gps-cellular-noir-49-mm\/#primaryimage\",\"url\":\"https:\/\/tupique.com\/wp-content\/uploads\/2026\/04\/0195950610482_M0807090_P00.jpg\",\"contentUrl\":\"https:\/\/tupique.com\/wp-content\/uploads\/2026\/04\/0195950610482_M0807090_P00.jpg\",\"width\":1200,\"height\":1200,\"caption\":\"M0807090_0\"},{\"@type\":\"BreadcrumbList\",\"@id\":\"https:\/\/tupique.com\/produit\/montre-intelligente-apple-watch-ultra-3-gps-cellular-noir-49-mm\/#breadcrumb\",\"itemListElement\":[{\"@type\":\"ListItem\",\"position\":1,\"name\":\"In\u00edcio\",\"item\":\"https:\/\/tupique.com\/\"},{\"@type\":\"ListItem\",\"position\":2,\"name\":\"Boutique\",\"item\":\"https:\/\/tupique.com\/en\/boutique\/\"},{\"@type\":\"ListItem\",\"position\":3,\"name\":\"Montre intelligente Apple Watch Ultra 3 GPS + Cellular Noir 49 mm\"}]},{\"@type\":\"WebSite\",\"@id\":\"https:\/\/tupique.com\/#website\",\"url\":\"https:\/\/tupique.com\/\",\"name\":\"Tupique\",\"description\":\"Marketplace\",\"publisher\":{\"@id\":\"https:\/\/tupique.com\/#organization\"},\"potentialAction\":[{\"@type\":\"SearchAction\",\"target\":{\"@type\":\"EntryPoint\",\"urlTemplate\":\"https:\/\/tupique.com\/?s={search_term_string}\"},\"query-input\":{\"@type\":\"PropertyValueSpecification\",\"valueRequired\":true,\"valueName\":\"search_term_string\"}}],\"inLanguage\":\"es\"},{\"@type\":\"Organization\",\"@id\":\"https:\/\/tupique.com\/#organization\",\"name\":\"Tupique\",\"url\":\"https:\/\/tupique.com\/\",\"logo\":{\"@type\":\"ImageObject\",\"inLanguage\":\"es\",\"@id\":\"https:\/\/tupique.com\/#\/schema\/logo\/image\/\",\"url\":\"https:\/\/tupique.com\/wp-content\/uploads\/2024\/09\/logo.png\",\"contentUrl\":\"https:\/\/tupique.com\/wp-content\/uploads\/2024\/09\/logo.png\",\"width\":1118,\"height\":310,\"caption\":\"Tupique\"},\"image\":{\"@id\":\"https:\/\/tupique.com\/#\/schema\/logo\/image\/\"}}]}<\/script>\n<!-- \/ Yoast SEO plugin. -->","yoast_head_json":{"title":"Montre intelligente Apple Watch Ultra 3 GPS + Cellular Noir 49 mm - Tupique","description":"Vous cherchez Montre intelligente Apple Watch Ultra 3 GPS + Cellular Noir 49 mm ? Achetez des produits chez Tupique. Profitez de la livraison gratuite pour obtenir Montre intelligente Apple Watch Ultra 3 GPS + Cellular Noir 49 mm d\u00e8s maintenant.","robots":{"index":"index","follow":"follow","max-snippet":"max-snippet:-1","max-image-preview":"max-image-preview:large","max-video-preview":"max-video-preview:-1"},"canonical":"https:\/\/tupique.com\/es\/producto\/montre-intelligente-apple-watch-ultra-3-gps-cellular-noir-49-mm\/","og_locale":"es_ES","og_type":"article","og_title":"Montre intelligente Apple Watch Ultra 3 GPS + Cellular Noir 49 mm - Tupique","og_description":"Vous cherchez Montre intelligente Apple Watch Ultra 3 GPS + Cellular Noir 49 mm ? Achetez des produits chez Tupique. Profitez de la livraison gratuite pour obtenir Montre intelligente Apple Watch Ultra 3 GPS + Cellular Noir 49 mm d\u00e8s maintenant.","og_url":"https:\/\/tupique.com\/es\/producto\/montre-intelligente-apple-watch-ultra-3-gps-cellular-noir-49-mm\/","og_site_name":"Tupique","article_modified_time":"2026-04-08T23:55:13+00:00","og_image":[{"width":1200,"height":1200,"url":"https:\/\/tupique.com\/wp-content\/uploads\/2026\/04\/0195950610482_M0807090_P00.jpg","type":"image\/jpeg"}],"twitter_card":"summary_large_image","twitter_misc":{"Tiempo de lectura":"2 minutos"},"schema":{"@context":"https:\/\/schema.org","@graph":[{"@type":"WebPage","@id":"https:\/\/tupique.com\/produit\/montre-intelligente-apple-watch-ultra-3-gps-cellular-noir-49-mm\/","url":"https:\/\/tupique.com\/produit\/montre-intelligente-apple-watch-ultra-3-gps-cellular-noir-49-mm\/","name":"Montre intelligente Apple Watch Ultra 3 GPS + Cellular Noir 49 mm - Tupique","isPartOf":{"@id":"https:\/\/tupique.com\/#website"},"primaryImageOfPage":{"@id":"https:\/\/tupique.com\/produit\/montre-intelligente-apple-watch-ultra-3-gps-cellular-noir-49-mm\/#primaryimage"},"image":{"@id":"https:\/\/tupique.com\/produit\/montre-intelligente-apple-watch-ultra-3-gps-cellular-noir-49-mm\/#primaryimage"},"thumbnailUrl":"https:\/\/tupique.com\/wp-content\/uploads\/2026\/04\/0195950610482_M0807090_P00.jpg","datePublished":"2026-04-08T23:00:59+00:00","dateModified":"2026-04-08T23:55:13+00:00","description":"Vous cherchez Montre intelligente Apple Watch Ultra 3 GPS + Cellular Noir 49 mm ? Achetez des produits chez Tupique. Profitez de la livraison gratuite pour obtenir Montre intelligente Apple Watch Ultra 3 GPS + Cellular Noir 49 mm d\u00e8s maintenant.","breadcrumb":{"@id":"https:\/\/tupique.com\/produit\/montre-intelligente-apple-watch-ultra-3-gps-cellular-noir-49-mm\/#breadcrumb"},"inLanguage":"es","potentialAction":[{"@type":"ReadAction","target":["https:\/\/tupique.com\/produit\/montre-intelligente-apple-watch-ultra-3-gps-cellular-noir-49-mm\/"]}]},{"@type":"ImageObject","inLanguage":"es","@id":"https:\/\/tupique.com\/produit\/montre-intelligente-apple-watch-ultra-3-gps-cellular-noir-49-mm\/#primaryimage","url":"https:\/\/tupique.com\/wp-content\/uploads\/2026\/04\/0195950610482_M0807090_P00.jpg","contentUrl":"https:\/\/tupique.com\/wp-content\/uploads\/2026\/04\/0195950610482_M0807090_P00.jpg","width":1200,"height":1200,"caption":"M0807090_0"},{"@type":"BreadcrumbList","@id":"https:\/\/tupique.com\/produit\/montre-intelligente-apple-watch-ultra-3-gps-cellular-noir-49-mm\/#breadcrumb","itemListElement":[{"@type":"ListItem","position":1,"name":"In\u00edcio","item":"https:\/\/tupique.com\/"},{"@type":"ListItem","position":2,"name":"Boutique","item":"https:\/\/tupique.com\/en\/boutique\/"},{"@type":"ListItem","position":3,"name":"Montre intelligente Apple Watch Ultra 3 GPS + Cellular Noir 49 mm"}]},{"@type":"WebSite","@id":"https:\/\/tupique.com\/#website","url":"https:\/\/tupique.com\/","name":"Tupique","description":"Marketplace","publisher":{"@id":"https:\/\/tupique.com\/#organization"},"potentialAction":[{"@type":"SearchAction","target":{"@type":"EntryPoint","urlTemplate":"https:\/\/tupique.com\/?s={search_term_string}"},"query-input":{"@type":"PropertyValueSpecification","valueRequired":true,"valueName":"search_term_string"}}],"inLanguage":"es"},{"@type":"Organization","@id":"https:\/\/tupique.com\/#organization","name":"Tupique","url":"https:\/\/tupique.com\/","logo":{"@type":"ImageObject","inLanguage":"es","@id":"https:\/\/tupique.com\/#\/schema\/logo\/image\/","url":"https:\/\/tupique.com\/wp-content\/uploads\/2024\/09\/logo.png","contentUrl":"https:\/\/tupique.com\/wp-content\/uploads\/2024\/09\/logo.png","width":1118,"height":310,"caption":"Tupique"},"image":{"@id":"https:\/\/tupique.com\/#\/schema\/logo\/image\/"}}]}},"jetpack_sharing_enabled":true,"_links":{"self":[{"href":"https:\/\/tupique.com\/es\/wp-json\/wp\/v2\/product\/4385144","targetHints":{"allow":["GET"]}}],"collection":[{"href":"https:\/\/tupique.com\/es\/wp-json\/wp\/v2\/product"}],"about":[{"href":"https:\/\/tupique.com\/es\/wp-json\/wp\/v2\/types\/product"}],"replies":[{"embeddable":true,"href":"https:\/\/tupique.com\/es\/wp-json\/wp\/v2\/comments?post=4385144"}],"wp:featuredmedia":[{"embeddable":true,"href":"https:\/\/tupique.com\/es\/wp-json\/wp\/v2\/media\/4385142"}],"wp:attachment":[{"href":"https:\/\/tupique.com\/es\/wp-json\/wp\/v2\/media?parent=4385144"}],"wp:term":[{"taxonomy":"product_brand","embeddable":true,"href":"https:\/\/tupique.com\/es\/wp-json\/wp\/v2\/product_brand?post=4385144"},{"taxonomy":"product_cat","embeddable":true,"href":"https:\/\/tupique.com\/es\/wp-json\/wp\/v2\/product_cat?post=4385144"},{"taxonomy":"product_tag","embeddable":true,"href":"https:\/\/tupique.com\/es\/wp-json\/wp\/v2\/product_tag?post=4385144"}],"curies":[{"name":"wp","href":"https:\/\/api.w.org\/{rel}","templated":true}]}}