{"id":4385175,"date":"2026-04-09T00:01:42","date_gmt":"2026-04-08T23:01:42","guid":{"rendered":"https:\/\/tupique.com\/produit\/ordinateur-portable-lenovo-21r7001qsp-133-intel-core-ultra-7-16-gb-ram-512-gb-ssd-espagnol-qwerty\/"},"modified":"2026-04-09T00:55:18","modified_gmt":"2026-04-08T23:55:18","slug":"ordinateur-portable-lenovo-21r7001qsp-133-intel-core-ultra-7-16-gb-ram-512-gb-ssd-espagnol-qwerty","status":"publish","type":"product","link":"https:\/\/tupique.com\/es\/producto\/ordinateur-portable-lenovo-21r7001qsp-133-intel-core-ultra-7-16-gb-ram-512-gb-ssd-espagnol-qwerty\/","title":{"rendered":"Ordinateur Portable Lenovo 21R7001QSP 13,3&#8243; intel core ultra 7 16 GB RAM 512 GB SSD Espagnol Qwerty"},"content":{"rendered":"<p>Si buscas las \u00faltimas tendencias del mercado, nosotros te ayudamos. <b>Ordinateur Portable Lenovo 21R7001QSP 13,3&#8243; intel core ultra 7 16 GB RAM 512 GB SSD Espagnol Qwerty<\/b> !<\/p>\n<ul>\n<li>Tipo de memoria:\n<ul>\n<li>SDRAM<\/li>\n<li>LPDDR5X<\/li>\n<\/ul>\n<\/li>\n<li>Tipo:\n<ul>\n<li>Ordinateur Portable<\/li>\n<li>Hybride<\/li>\n<\/ul>\n<\/li>\n<li>Producto enchufable: S\u00ed<\/li>\n<li>Diagonale de l&#8217;\u00e9cran (cm): 33,8 cm<\/li>\n<li>Tipo de enchufe: enchufe UE<\/li>\n<li>Fuente de alimentaci\u00f3n:\n<ul>\n<li>r\u00e9seau \u00e9lectrique<\/li>\n<li>USB<\/li>\n<\/ul>\n<\/li>\n<li>Color:\n<ul>\n<li>Gris<\/li>\n<li>sRGB<\/li>\n<\/ul>\n<\/li>\n<li>Type d&#8217;unit\u00e9 optique: Non<\/li>\n<li>Son: 2 W<\/li>\n<li>Frecuencia:\n<ul>\n<li>50-60 Hz<\/li>\n<li>50 - 60 Hz<\/li>\n<\/ul>\n<\/li>\n<li>Tecnolog\u00eda:\n<ul>\n<li>IPS<\/li>\n<li>LED<\/li>\n<\/ul>\n<\/li>\n<li>Capacit\u00e9 de la batterie: 54,7 WH<\/li>\n<li>Resoluci\u00f3n (px): 1920 x 1200 px<\/li>\n<li>Conectividad:\n<ul>\n<li>Bluetooth<\/li>\n<li>Wi-Fi<\/li>\n<li>Wi-Fi de 6 GHz<\/li>\n<li>Bluetooth 5.3<\/li>\n<li>Wi-Fi 6E ghz<\/li>\n<\/ul>\n<\/li>\n<li>Syst\u00e8me d&#8217;exploitation: Windows 11 Pro<\/li>\n<li>R\u00e9solution: WUXGA<\/li>\n<li>Type de stockage: SSD<\/li>\n<li>Caracter\u00edsticas:\n<ul>\n<li>Pantalla t\u00e1ctil<\/li>\n<li>Micr\u00f3fono incorporado<\/li>\n<li>R\u00e9tro-\u00e9clair\u00e9<\/li>\n<li>2 altavoces<\/li>\n<li>Lector de huellas dactilares<\/li>\n<li>Adaptateur graphique int\u00e9gr\u00e9<\/li>\n<\/ul>\n<\/li>\n<li>Conexiones:\n<ul>\n<li>HDMI<\/li>\n<li>USB<\/li>\n<li>2<\/li>\n<li>M.2<\/li>\n<li>HDMI 2.1 x 1<\/li>\n<li>Thunderbolt 4 x 2<\/li>\n<li>PCI Express 4.0<\/li>\n<li>USB-A 3.2<\/li>\n<li>C\u00e2ble jack 3,3 mm<\/li>\n<\/ul>\n<\/li>\n<li>Ecran: 13,3&#8243;<\/li>\n<li>Processeur: intel core ultra 7<\/li>\n<li>M\u00e9moire RAM: 16 GB RAM<\/li>\n<li>Disque dur: 512 GB SSD<\/li>\n<li>Material: Aluminio<\/li>\n<li>Rapport d&#8217;aspect: 16:10<\/li>\n<li>Cache: 12 MB<\/li>\n<li>puissance: 65 W<\/li>\n<li>Tensi\u00f3n: 100 - 240 V<\/li>\n<li>Non Inclus:\n<ul>\n<li>Type d&#8217;unit\u00e9 optique<\/li>\n<li>Adaptateur AC<\/li>\n<li>Clavier num\u00e9rique<\/li>\n<li>Conexi\u00f3n a la red m\u00f3vil<\/li>\n<li>Adaptateur graphique discret<\/li>\n<\/ul>\n<\/li>\n<li>Exigences: 64 bits<\/li>\n<li>Format: M.2<\/li>\n<li>Ethernet: Non<\/li>\n<li>Flux lumineux: 400 lm<\/li>\n<li>Connecteurs: Kensington<\/li>\n<li>Chipset: Intel SoC<\/li>\n<li>Facteur de forme: convertible (dossier)<\/li>\n<li>Incluye:\n<ul>\n<li>SSD x 1<\/li>\n<li>Crayon tactile<\/li>\n<\/ul>\n<\/li>\n<li>Clavier: Espagnol Qwerty<\/li>\n<li>Tipo de bater\u00eda: Litio Ion<\/li>\n<li>Noyaux: 12 Noyaux<\/li>\n<li>Famille de processeurs: Intel<\/li>\n<li>vitesse: 5.2 Ghz<\/li>\n<\/ul>","protected":false},"excerpt":{"rendered":"<p>Si vous \u00eates \u00e0 la recherche de nouvelles tendances sur le march\u00e9, nous vous pr\u00e9sentons Ordinateur Portable Lenovo 21R7001QSP 13,3&#8243;<\/p>","protected":false},"featured_media":4385156,"comment_status":"open","ping_status":"closed","template":"","meta":{"_joinchat":[]},"product_brand":[157965],"product_cat":[157516,157583,155043],"product_tag":[157514,157515],"class_list":{"0":"post-4385175","1":"product","2":"type-product","3":"status-publish","4":"has-post-thumbnail","6":"product_brand-brandp_558","7":"product_cat-informatique-electronique","8":"product_cat-informatique-ordinateurs","9":"product_cat-notebooks","10":"product_tag-tag_933","11":"product_tag-tag_1295","13":"first","14":"instock","15":"taxable","16":"shipping-taxable","17":"purchasable","18":"product-type-simple"},"yoast_head":"<!-- This site is optimized with the Yoast SEO plugin v27.2 - https:\/\/yoast.com\/product\/yoast-seo-wordpress\/ -->\n<title>Ordinateur Portable Lenovo 21R7001QSP 13,3&quot; intel core ultra 7 16 GB RAM 512 GB SSD Espagnol Qwerty - Tupique<\/title>\n<meta name=\"description\" content=\"Vous cherchez Ordinateur Portable Lenovo 21R7001QSP 13,3&quot; intel core ultra 7 16 GB RAM 512 GB SSD Espagnol Qwerty ? Achetez des produits chez Tupique. Profitez de la livraison gratuite pour obtenir Ordinateur Portable Lenovo 21R7001QSP 13,3&quot; intel core ultra 7 16 GB RAM 512 GB SSD Espagnol Qwerty d\u00e8s maintenant.\" \/>\n<meta name=\"robots\" content=\"index, follow, max-snippet:-1, max-image-preview:large, max-video-preview:-1\" \/>\n<link rel=\"canonical\" href=\"https:\/\/tupique.com\/es\/producto\/ordinateur-portable-lenovo-21r7001qsp-133-intel-core-ultra-7-16-gb-ram-512-gb-ssd-espagnol-qwerty\/\" \/>\n<meta property=\"og:locale\" content=\"es_ES\" \/>\n<meta property=\"og:type\" content=\"article\" \/>\n<meta property=\"og:title\" content=\"Ordinateur Portable Lenovo 21R7001QSP 13,3&quot; intel core ultra 7 16 GB RAM 512 GB SSD Espagnol Qwerty - Tupique\" \/>\n<meta property=\"og:description\" content=\"Vous cherchez Ordinateur Portable Lenovo 21R7001QSP 13,3&quot; intel core ultra 7 16 GB RAM 512 GB SSD Espagnol Qwerty ? Achetez des produits chez Tupique. Profitez de la livraison gratuite pour obtenir Ordinateur Portable Lenovo 21R7001QSP 13,3&quot; intel core ultra 7 16 GB RAM 512 GB SSD Espagnol Qwerty d\u00e8s maintenant.\" \/>\n<meta property=\"og:url\" content=\"https:\/\/tupique.com\/es\/producto\/ordinateur-portable-lenovo-21r7001qsp-133-intel-core-ultra-7-16-gb-ram-512-gb-ssd-espagnol-qwerty\/\" \/>\n<meta property=\"og:site_name\" content=\"Tupique\" \/>\n<meta property=\"article:modified_time\" content=\"2026-04-08T23:55:18+00:00\" \/>\n<meta property=\"og:image\" content=\"https:\/\/tupique.com\/wp-content\/uploads\/2026\/04\/0198158597869_I00.jpg\" \/>\n\t<meta property=\"og:image:width\" content=\"1200\" \/>\n\t<meta property=\"og:image:height\" content=\"1200\" \/>\n\t<meta property=\"og:image:type\" content=\"image\/jpeg\" \/>\n<meta name=\"twitter:card\" content=\"summary_large_image\" \/>\n<meta name=\"twitter:label1\" content=\"Tiempo de lectura\" \/>\n\t<meta name=\"twitter:data1\" content=\"1 minuto\" \/>\n<script type=\"application\/ld+json\" class=\"yoast-schema-graph\">{\"@context\":\"https:\/\/schema.org\",\"@graph\":[{\"@type\":\"WebPage\",\"@id\":\"https:\/\/tupique.com\/produit\/ordinateur-portable-lenovo-21r7001qsp-133-intel-core-ultra-7-16-gb-ram-512-gb-ssd-espagnol-qwerty\/\",\"url\":\"https:\/\/tupique.com\/produit\/ordinateur-portable-lenovo-21r7001qsp-133-intel-core-ultra-7-16-gb-ram-512-gb-ssd-espagnol-qwerty\/\",\"name\":\"Ordinateur Portable Lenovo 21R7001QSP 13,3\\\" intel core ultra 7 16 GB RAM 512 GB SSD Espagnol Qwerty - Tupique\",\"isPartOf\":{\"@id\":\"https:\/\/tupique.com\/#website\"},\"primaryImageOfPage\":{\"@id\":\"https:\/\/tupique.com\/produit\/ordinateur-portable-lenovo-21r7001qsp-133-intel-core-ultra-7-16-gb-ram-512-gb-ssd-espagnol-qwerty\/#primaryimage\"},\"image\":{\"@id\":\"https:\/\/tupique.com\/produit\/ordinateur-portable-lenovo-21r7001qsp-133-intel-core-ultra-7-16-gb-ram-512-gb-ssd-espagnol-qwerty\/#primaryimage\"},\"thumbnailUrl\":\"https:\/\/tupique.com\/wp-content\/uploads\/2026\/04\/0198158597869_I00.jpg\",\"datePublished\":\"2026-04-08T23:01:42+00:00\",\"dateModified\":\"2026-04-08T23:55:18+00:00\",\"description\":\"Vous cherchez Ordinateur Portable Lenovo 21R7001QSP 13,3\\\" intel core ultra 7 16 GB RAM 512 GB SSD Espagnol Qwerty ? Achetez des produits chez Tupique. Profitez de la livraison gratuite pour obtenir Ordinateur Portable Lenovo 21R7001QSP 13,3\\\" intel core ultra 7 16 GB RAM 512 GB SSD Espagnol Qwerty d\u00e8s maintenant.\",\"breadcrumb\":{\"@id\":\"https:\/\/tupique.com\/produit\/ordinateur-portable-lenovo-21r7001qsp-133-intel-core-ultra-7-16-gb-ram-512-gb-ssd-espagnol-qwerty\/#breadcrumb\"},\"inLanguage\":\"es\",\"potentialAction\":[{\"@type\":\"ReadAction\",\"target\":[\"https:\/\/tupique.com\/produit\/ordinateur-portable-lenovo-21r7001qsp-133-intel-core-ultra-7-16-gb-ram-512-gb-ssd-espagnol-qwerty\/\"]}]},{\"@type\":\"ImageObject\",\"inLanguage\":\"es\",\"@id\":\"https:\/\/tupique.com\/produit\/ordinateur-portable-lenovo-21r7001qsp-133-intel-core-ultra-7-16-gb-ram-512-gb-ssd-espagnol-qwerty\/#primaryimage\",\"url\":\"https:\/\/tupique.com\/wp-content\/uploads\/2026\/04\/0198158597869_I00.jpg\",\"contentUrl\":\"https:\/\/tupique.com\/wp-content\/uploads\/2026\/04\/0198158597869_I00.jpg\",\"width\":1200,\"height\":1200,\"caption\":\"S55315097_0\"},{\"@type\":\"BreadcrumbList\",\"@id\":\"https:\/\/tupique.com\/produit\/ordinateur-portable-lenovo-21r7001qsp-133-intel-core-ultra-7-16-gb-ram-512-gb-ssd-espagnol-qwerty\/#breadcrumb\",\"itemListElement\":[{\"@type\":\"ListItem\",\"position\":1,\"name\":\"In\u00edcio\",\"item\":\"https:\/\/tupique.com\/\"},{\"@type\":\"ListItem\",\"position\":2,\"name\":\"Boutique\",\"item\":\"https:\/\/tupique.com\/en\/boutique\/\"},{\"@type\":\"ListItem\",\"position\":3,\"name\":\"Ordinateur Portable Lenovo 21R7001QSP 13,3&#8243; intel core ultra 7 16 GB RAM 512 GB SSD Espagnol Qwerty\"}]},{\"@type\":\"WebSite\",\"@id\":\"https:\/\/tupique.com\/#website\",\"url\":\"https:\/\/tupique.com\/\",\"name\":\"Tupique\",\"description\":\"Marketplace\",\"publisher\":{\"@id\":\"https:\/\/tupique.com\/#organization\"},\"potentialAction\":[{\"@type\":\"SearchAction\",\"target\":{\"@type\":\"EntryPoint\",\"urlTemplate\":\"https:\/\/tupique.com\/?s={search_term_string}\"},\"query-input\":{\"@type\":\"PropertyValueSpecification\",\"valueRequired\":true,\"valueName\":\"search_term_string\"}}],\"inLanguage\":\"es\"},{\"@type\":\"Organization\",\"@id\":\"https:\/\/tupique.com\/#organization\",\"name\":\"Tupique\",\"url\":\"https:\/\/tupique.com\/\",\"logo\":{\"@type\":\"ImageObject\",\"inLanguage\":\"es\",\"@id\":\"https:\/\/tupique.com\/#\/schema\/logo\/image\/\",\"url\":\"https:\/\/tupique.com\/wp-content\/uploads\/2024\/09\/logo.png\",\"contentUrl\":\"https:\/\/tupique.com\/wp-content\/uploads\/2024\/09\/logo.png\",\"width\":1118,\"height\":310,\"caption\":\"Tupique\"},\"image\":{\"@id\":\"https:\/\/tupique.com\/#\/schema\/logo\/image\/\"}}]}<\/script>\n<!-- \/ Yoast SEO plugin. -->","yoast_head_json":{"title":"Ordinateur Portable Lenovo 21R7001QSP 13,3\" intel core ultra 7 16 GB RAM 512 GB SSD Espagnol Qwerty - Tupique","description":"Vous cherchez Ordinateur Portable Lenovo 21R7001QSP 13,3\" intel core ultra 7 16 GB RAM 512 GB SSD Espagnol Qwerty ? Achetez des produits chez Tupique. Profitez de la livraison gratuite pour obtenir Ordinateur Portable Lenovo 21R7001QSP 13,3\" intel core ultra 7 16 GB RAM 512 GB SSD Espagnol Qwerty d\u00e8s maintenant.","robots":{"index":"index","follow":"follow","max-snippet":"max-snippet:-1","max-image-preview":"max-image-preview:large","max-video-preview":"max-video-preview:-1"},"canonical":"https:\/\/tupique.com\/es\/producto\/ordinateur-portable-lenovo-21r7001qsp-133-intel-core-ultra-7-16-gb-ram-512-gb-ssd-espagnol-qwerty\/","og_locale":"es_ES","og_type":"article","og_title":"Ordinateur Portable Lenovo 21R7001QSP 13,3\" intel core ultra 7 16 GB RAM 512 GB SSD Espagnol Qwerty - Tupique","og_description":"Vous cherchez Ordinateur Portable Lenovo 21R7001QSP 13,3\" intel core ultra 7 16 GB RAM 512 GB SSD Espagnol Qwerty ? Achetez des produits chez Tupique. Profitez de la livraison gratuite pour obtenir Ordinateur Portable Lenovo 21R7001QSP 13,3\" intel core ultra 7 16 GB RAM 512 GB SSD Espagnol Qwerty d\u00e8s maintenant.","og_url":"https:\/\/tupique.com\/es\/producto\/ordinateur-portable-lenovo-21r7001qsp-133-intel-core-ultra-7-16-gb-ram-512-gb-ssd-espagnol-qwerty\/","og_site_name":"Tupique","article_modified_time":"2026-04-08T23:55:18+00:00","og_image":[{"width":1200,"height":1200,"url":"https:\/\/tupique.com\/wp-content\/uploads\/2026\/04\/0198158597869_I00.jpg","type":"image\/jpeg"}],"twitter_card":"summary_large_image","twitter_misc":{"Tiempo de lectura":"1 minuto"},"schema":{"@context":"https:\/\/schema.org","@graph":[{"@type":"WebPage","@id":"https:\/\/tupique.com\/produit\/ordinateur-portable-lenovo-21r7001qsp-133-intel-core-ultra-7-16-gb-ram-512-gb-ssd-espagnol-qwerty\/","url":"https:\/\/tupique.com\/produit\/ordinateur-portable-lenovo-21r7001qsp-133-intel-core-ultra-7-16-gb-ram-512-gb-ssd-espagnol-qwerty\/","name":"Ordinateur Portable Lenovo 21R7001QSP 13,3\" intel core ultra 7 16 GB RAM 512 GB SSD Espagnol Qwerty - Tupique","isPartOf":{"@id":"https:\/\/tupique.com\/#website"},"primaryImageOfPage":{"@id":"https:\/\/tupique.com\/produit\/ordinateur-portable-lenovo-21r7001qsp-133-intel-core-ultra-7-16-gb-ram-512-gb-ssd-espagnol-qwerty\/#primaryimage"},"image":{"@id":"https:\/\/tupique.com\/produit\/ordinateur-portable-lenovo-21r7001qsp-133-intel-core-ultra-7-16-gb-ram-512-gb-ssd-espagnol-qwerty\/#primaryimage"},"thumbnailUrl":"https:\/\/tupique.com\/wp-content\/uploads\/2026\/04\/0198158597869_I00.jpg","datePublished":"2026-04-08T23:01:42+00:00","dateModified":"2026-04-08T23:55:18+00:00","description":"Vous cherchez Ordinateur Portable Lenovo 21R7001QSP 13,3\" intel core ultra 7 16 GB RAM 512 GB SSD Espagnol Qwerty ? Achetez des produits chez Tupique. Profitez de la livraison gratuite pour obtenir Ordinateur Portable Lenovo 21R7001QSP 13,3\" intel core ultra 7 16 GB RAM 512 GB SSD Espagnol Qwerty d\u00e8s maintenant.","breadcrumb":{"@id":"https:\/\/tupique.com\/produit\/ordinateur-portable-lenovo-21r7001qsp-133-intel-core-ultra-7-16-gb-ram-512-gb-ssd-espagnol-qwerty\/#breadcrumb"},"inLanguage":"es","potentialAction":[{"@type":"ReadAction","target":["https:\/\/tupique.com\/produit\/ordinateur-portable-lenovo-21r7001qsp-133-intel-core-ultra-7-16-gb-ram-512-gb-ssd-espagnol-qwerty\/"]}]},{"@type":"ImageObject","inLanguage":"es","@id":"https:\/\/tupique.com\/produit\/ordinateur-portable-lenovo-21r7001qsp-133-intel-core-ultra-7-16-gb-ram-512-gb-ssd-espagnol-qwerty\/#primaryimage","url":"https:\/\/tupique.com\/wp-content\/uploads\/2026\/04\/0198158597869_I00.jpg","contentUrl":"https:\/\/tupique.com\/wp-content\/uploads\/2026\/04\/0198158597869_I00.jpg","width":1200,"height":1200,"caption":"S55315097_0"},{"@type":"BreadcrumbList","@id":"https:\/\/tupique.com\/produit\/ordinateur-portable-lenovo-21r7001qsp-133-intel-core-ultra-7-16-gb-ram-512-gb-ssd-espagnol-qwerty\/#breadcrumb","itemListElement":[{"@type":"ListItem","position":1,"name":"In\u00edcio","item":"https:\/\/tupique.com\/"},{"@type":"ListItem","position":2,"name":"Boutique","item":"https:\/\/tupique.com\/en\/boutique\/"},{"@type":"ListItem","position":3,"name":"Ordinateur Portable Lenovo 21R7001QSP 13,3&#8243; intel core ultra 7 16 GB RAM 512 GB SSD Espagnol Qwerty"}]},{"@type":"WebSite","@id":"https:\/\/tupique.com\/#website","url":"https:\/\/tupique.com\/","name":"Tupique","description":"Marketplace","publisher":{"@id":"https:\/\/tupique.com\/#organization"},"potentialAction":[{"@type":"SearchAction","target":{"@type":"EntryPoint","urlTemplate":"https:\/\/tupique.com\/?s={search_term_string}"},"query-input":{"@type":"PropertyValueSpecification","valueRequired":true,"valueName":"search_term_string"}}],"inLanguage":"es"},{"@type":"Organization","@id":"https:\/\/tupique.com\/#organization","name":"Tupique","url":"https:\/\/tupique.com\/","logo":{"@type":"ImageObject","inLanguage":"es","@id":"https:\/\/tupique.com\/#\/schema\/logo\/image\/","url":"https:\/\/tupique.com\/wp-content\/uploads\/2024\/09\/logo.png","contentUrl":"https:\/\/tupique.com\/wp-content\/uploads\/2024\/09\/logo.png","width":1118,"height":310,"caption":"Tupique"},"image":{"@id":"https:\/\/tupique.com\/#\/schema\/logo\/image\/"}}]}},"jetpack_sharing_enabled":true,"_links":{"self":[{"href":"https:\/\/tupique.com\/es\/wp-json\/wp\/v2\/product\/4385175","targetHints":{"allow":["GET"]}}],"collection":[{"href":"https:\/\/tupique.com\/es\/wp-json\/wp\/v2\/product"}],"about":[{"href":"https:\/\/tupique.com\/es\/wp-json\/wp\/v2\/types\/product"}],"replies":[{"embeddable":true,"href":"https:\/\/tupique.com\/es\/wp-json\/wp\/v2\/comments?post=4385175"}],"wp:featuredmedia":[{"embeddable":true,"href":"https:\/\/tupique.com\/es\/wp-json\/wp\/v2\/media\/4385156"}],"wp:attachment":[{"href":"https:\/\/tupique.com\/es\/wp-json\/wp\/v2\/media?parent=4385175"}],"wp:term":[{"taxonomy":"product_brand","embeddable":true,"href":"https:\/\/tupique.com\/es\/wp-json\/wp\/v2\/product_brand?post=4385175"},{"taxonomy":"product_cat","embeddable":true,"href":"https:\/\/tupique.com\/es\/wp-json\/wp\/v2\/product_cat?post=4385175"},{"taxonomy":"product_tag","embeddable":true,"href":"https:\/\/tupique.com\/es\/wp-json\/wp\/v2\/product_tag?post=4385175"}],"curies":[{"name":"wp","href":"https:\/\/api.w.org\/{rel}","templated":true}]}}