{"id":4385317,"date":"2026-04-09T00:56:44","date_gmt":"2026-04-08T23:56:44","guid":{"rendered":"https:\/\/tupique.com\/produit\/smartphone-apple-mg6l4zd-aat-63-a19-256-gb-bleu\/"},"modified":"2026-04-09T00:56:44","modified_gmt":"2026-04-08T23:56:44","slug":"smartphone-apple-mg6l4zd-aat-63-a19-256-gb-bleu","status":"publish","type":"product","link":"https:\/\/tupique.com\/es\/producto\/smartphone-apple-mg6l4zd-aat-63-a19-256-gb-bleu\/","title":{"rendered":"Smartphone Apple MG6L4ZD\/A?AT 6,3&#8243; A19 256 GB Bleu"},"content":{"rendered":"<p>Si buscas las \u00faltimas tendencias del mercado, nosotros te ayudamos. <b>Smartphone Apple MG6L4ZD\/A?AT 6,3&#8243; A19 256 GB Bleu<\/b> !<\/p>\n<ul>\n<li>Tipo: Smartphone<\/li>\n<li>Producto enchufable: S\u00ed<\/li>\n<li>Memoria RAM: 8 GB RAM<\/li>\n<li>puissance: 40 W<\/li>\n<li>Procesador:\n<ul>\n<li>Hexa Core<\/li>\n<li>A19<\/li>\n<\/ul>\n<\/li>\n<li>Tipo de enchufe: enchufe UE<\/li>\n<li>Couleur: Bleu<\/li>\n<li>Caracter\u00edsticas:\n<ul>\n<li>GPS<\/li>\n<li>Bar\u00f3metro<\/li>\n<li>Sensor de luz ambiental<\/li>\n<li>Appel vid\u00e9o<\/li>\n<li>HDR<\/li>\n<li>Autoenfoque<\/li>\n<li>Activation vocale<\/li>\n<li>Gu\u00eda de instalaci\u00f3n incluida<\/li>\n<li>Carga r\u00e1pida y fiable<\/li>\n<li>Cargador inal\u00e1mbrico<\/li>\n<li>Syst\u00e8me de reconnaissance faciale<\/li>\n<li>Stabilisateur d&#8217;image<\/li>\n<li>Capteur de proximit\u00e9<\/li>\n<li>Pantalla con esquinas redondeadas<\/li>\n<li>Pantalla plana<\/li>\n<\/ul>\n<\/li>\n<li>Conexiones:\n<ul>\n<li>USB<\/li>\n<li>USB-C<\/li>\n<li>USB 2.0<\/li>\n<li>Doble SIM<\/li>\n<\/ul>\n<\/li>\n<li>Zoom Num\u00e9rique: 10x<\/li>\n<li>Conectividad:\n<ul>\n<li>Bluetooth<\/li>\n<li>Wi-Fi<\/li>\n<li>NFC<\/li>\n<li>BeiDou<\/li>\n<li>5G<\/li>\n<li>Positionnement de Wi-Fi<\/li>\n<li>WI-FI 7<\/li>\n<\/ul>\n<\/li>\n<li>Clasificaci\u00f3n energ\u00e9tica: A<\/li>\n<li>Sistema operativo: iOS<\/li>\n<li>Capteurs:\n<ul>\n<li>Aceler\u00f3metro<\/li>\n<li>Giroscopio<\/li>\n<li>Magn\u00e9tique<\/li>\n<\/ul>\n<\/li>\n<li>Pilas incluidas: S\u00ed<\/li>\n<li>Bloc d\u2019Alimentation: USB<\/li>\n<li>Ecran: 6,3&#8243;<\/li>\n<li>Inclut: Haut-parleur<\/li>\n<li>3D: Non<\/li>\n<li>C\u00e1mara:\n<ul>\n<li>Doble<\/li>\n<li>Frontal<\/li>\n<li>48 MP<\/li>\n<\/ul>\n<\/li>\n<li>Funciones:\n<ul>\n<li>ECO<\/li>\n<li>Geolocalizaci\u00f3n<\/li>\n<li>Vibration<\/li>\n<\/ul>\n<\/li>\n<li>Tecnolog\u00eda:\n<ul>\n<li>Mimo<\/li>\n<li>Glonass<\/li>\n<li>OLED<\/li>\n<\/ul>\n<\/li>\n<li>Brille: 1000 cd\/m\u00b2<\/li>\n<li>No incluye: adaptador de CA<\/li>\n<li>Frecuencia: 120 Hz<\/li>\n<li>Angle: 120\u00ba<\/li>\n<li>Flash: Non<\/li>\n<li>Tipo de bater\u00eda: Litio Ion<\/li>\n<li>Memoria interna: 256 GB<\/li>\n<li>N\u00facleos: 6 n\u00facleos<\/li>\n<li>Resoluci\u00f3n (px):\n<ul>\n<li>3840 x 2160 px<\/li>\n<li>2160 px<\/li>\n<\/ul>\n<\/li>\n<li>Diagonale de l&#8217;\u00e9cran (cm): 16 cm<\/li>\n<li>Dispositif intelligent: Apple Intelligence<\/li>\n<\/ul>","protected":false},"excerpt":{"rendered":"<p>Si vous \u00eates \u00e0 la recherche de nouvelles tendances sur le march\u00e9, nous vous pr\u00e9sentons Smartphone Apple MG6L4ZD\/A?AT 6,3&#8243; A19<\/p>","protected":false},"featured_media":4385304,"comment_status":"open","ping_status":"closed","template":"","meta":{"_joinchat":[]},"product_brand":[157892],"product_cat":[157523,157516,157524],"product_tag":[157514,157522,157515],"class_list":{"0":"post-4385317","1":"product","2":"type-product","3":"status-publish","4":"has-post-thumbnail","6":"product_brand-brandp_533","7":"product_cat-electronique-telephonie-et-tablettes","8":"product_cat-informatique-electronique","9":"product_cat-telephones-portables","10":"product_tag-tag_933","11":"product_tag-tag_547","12":"product_tag-tag_1295","14":"first","15":"instock","16":"taxable","17":"shipping-taxable","18":"purchasable","19":"product-type-simple"},"yoast_head":"<!-- This site is optimized with the Yoast SEO plugin v27.2 - https:\/\/yoast.com\/product\/yoast-seo-wordpress\/ -->\n<title>Smartphone Apple MG6L4ZD\/A?AT 6,3&quot; A19 256 GB Bleu - Tupique<\/title>\n<meta name=\"description\" content=\"Vous cherchez Smartphone Apple MG6L4ZD\/A?AT 6,3&quot; A19 256 GB Bleu ? Achetez des produits chez Tupique. Profitez de la livraison gratuite pour obtenir Smartphone Apple MG6L4ZD\/A?AT 6,3&quot; A19 256 GB Bleu d\u00e8s maintenant.\" \/>\n<meta name=\"robots\" content=\"index, follow, max-snippet:-1, max-image-preview:large, max-video-preview:-1\" \/>\n<link rel=\"canonical\" href=\"https:\/\/tupique.com\/es\/producto\/smartphone-apple-mg6l4zd-aat-63-a19-256-gb-bleu\/\" \/>\n<meta property=\"og:locale\" content=\"es_ES\" \/>\n<meta property=\"og:type\" content=\"article\" \/>\n<meta property=\"og:title\" content=\"Smartphone Apple MG6L4ZD\/A?AT 6,3&quot; A19 256 GB Bleu - Tupique\" \/>\n<meta property=\"og:description\" content=\"Vous cherchez Smartphone Apple MG6L4ZD\/A?AT 6,3&quot; A19 256 GB Bleu ? Achetez des produits chez Tupique. Profitez de la livraison gratuite pour obtenir Smartphone Apple MG6L4ZD\/A?AT 6,3&quot; A19 256 GB Bleu d\u00e8s maintenant.\" \/>\n<meta property=\"og:url\" content=\"https:\/\/tupique.com\/es\/producto\/smartphone-apple-mg6l4zd-aat-63-a19-256-gb-bleu\/\" \/>\n<meta property=\"og:site_name\" content=\"Tupique\" \/>\n<meta name=\"twitter:card\" content=\"summary_large_image\" \/>\n<meta name=\"twitter:label1\" content=\"Tiempo de lectura\" \/>\n\t<meta name=\"twitter:data1\" content=\"1 minuto\" \/>\n<script type=\"application\/ld+json\" class=\"yoast-schema-graph\">{\"@context\":\"https:\/\/schema.org\",\"@graph\":[{\"@type\":\"WebPage\",\"@id\":\"https:\/\/tupique.com\/produit\/smartphone-apple-mg6l4zd-aat-63-a19-256-gb-bleu\/\",\"url\":\"https:\/\/tupique.com\/produit\/smartphone-apple-mg6l4zd-aat-63-a19-256-gb-bleu\/\",\"name\":\"Smartphone Apple MG6L4ZD\/A?AT 6,3\\\" A19 256 GB Bleu - Tupique\",\"isPartOf\":{\"@id\":\"https:\/\/tupique.com\/#website\"},\"primaryImageOfPage\":{\"@id\":\"https:\/\/tupique.com\/produit\/smartphone-apple-mg6l4zd-aat-63-a19-256-gb-bleu\/#primaryimage\"},\"image\":{\"@id\":\"https:\/\/tupique.com\/produit\/smartphone-apple-mg6l4zd-aat-63-a19-256-gb-bleu\/#primaryimage\"},\"thumbnailUrl\":\"https:\/\/tupique.com\/wp-content\/uploads\/2026\/04\/0195950643985_M0806673_P01.jpg\",\"datePublished\":\"2026-04-08T23:56:44+00:00\",\"description\":\"Vous cherchez Smartphone Apple MG6L4ZD\/A?AT 6,3\\\" A19 256 GB Bleu ? Achetez des produits chez Tupique. Profitez de la livraison gratuite pour obtenir Smartphone Apple MG6L4ZD\/A?AT 6,3\\\" A19 256 GB Bleu d\u00e8s maintenant.\",\"breadcrumb\":{\"@id\":\"https:\/\/tupique.com\/produit\/smartphone-apple-mg6l4zd-aat-63-a19-256-gb-bleu\/#breadcrumb\"},\"inLanguage\":\"es\",\"potentialAction\":[{\"@type\":\"ReadAction\",\"target\":[\"https:\/\/tupique.com\/produit\/smartphone-apple-mg6l4zd-aat-63-a19-256-gb-bleu\/\"]}]},{\"@type\":\"ImageObject\",\"inLanguage\":\"es\",\"@id\":\"https:\/\/tupique.com\/produit\/smartphone-apple-mg6l4zd-aat-63-a19-256-gb-bleu\/#primaryimage\",\"url\":\"https:\/\/tupique.com\/wp-content\/uploads\/2026\/04\/0195950643985_M0806673_P01.jpg\",\"contentUrl\":\"https:\/\/tupique.com\/wp-content\/uploads\/2026\/04\/0195950643985_M0806673_P01.jpg\",\"width\":1200,\"height\":1200,\"caption\":\"S8111832_0\"},{\"@type\":\"BreadcrumbList\",\"@id\":\"https:\/\/tupique.com\/produit\/smartphone-apple-mg6l4zd-aat-63-a19-256-gb-bleu\/#breadcrumb\",\"itemListElement\":[{\"@type\":\"ListItem\",\"position\":1,\"name\":\"In\u00edcio\",\"item\":\"https:\/\/tupique.com\/\"},{\"@type\":\"ListItem\",\"position\":2,\"name\":\"Boutique\",\"item\":\"https:\/\/tupique.com\/en\/boutique\/\"},{\"@type\":\"ListItem\",\"position\":3,\"name\":\"Smartphone Apple MG6L4ZD\/A?AT 6,3&#8243; A19 256 GB Bleu\"}]},{\"@type\":\"WebSite\",\"@id\":\"https:\/\/tupique.com\/#website\",\"url\":\"https:\/\/tupique.com\/\",\"name\":\"Tupique\",\"description\":\"Marketplace\",\"publisher\":{\"@id\":\"https:\/\/tupique.com\/#organization\"},\"potentialAction\":[{\"@type\":\"SearchAction\",\"target\":{\"@type\":\"EntryPoint\",\"urlTemplate\":\"https:\/\/tupique.com\/?s={search_term_string}\"},\"query-input\":{\"@type\":\"PropertyValueSpecification\",\"valueRequired\":true,\"valueName\":\"search_term_string\"}}],\"inLanguage\":\"es\"},{\"@type\":\"Organization\",\"@id\":\"https:\/\/tupique.com\/#organization\",\"name\":\"Tupique\",\"url\":\"https:\/\/tupique.com\/\",\"logo\":{\"@type\":\"ImageObject\",\"inLanguage\":\"es\",\"@id\":\"https:\/\/tupique.com\/#\/schema\/logo\/image\/\",\"url\":\"https:\/\/tupique.com\/wp-content\/uploads\/2024\/09\/logo.png\",\"contentUrl\":\"https:\/\/tupique.com\/wp-content\/uploads\/2024\/09\/logo.png\",\"width\":1118,\"height\":310,\"caption\":\"Tupique\"},\"image\":{\"@id\":\"https:\/\/tupique.com\/#\/schema\/logo\/image\/\"}}]}<\/script>\n<!-- \/ Yoast SEO plugin. -->","yoast_head_json":{"title":"Smartphone Apple MG6L4ZD\/A?AT 6,3\" A19 256 GB Bleu - Tupique","description":"Vous cherchez Smartphone Apple MG6L4ZD\/A?AT 6,3\" A19 256 GB Bleu ? Achetez des produits chez Tupique. Profitez de la livraison gratuite pour obtenir Smartphone Apple MG6L4ZD\/A?AT 6,3\" A19 256 GB Bleu d\u00e8s maintenant.","robots":{"index":"index","follow":"follow","max-snippet":"max-snippet:-1","max-image-preview":"max-image-preview:large","max-video-preview":"max-video-preview:-1"},"canonical":"https:\/\/tupique.com\/es\/producto\/smartphone-apple-mg6l4zd-aat-63-a19-256-gb-bleu\/","og_locale":"es_ES","og_type":"article","og_title":"Smartphone Apple MG6L4ZD\/A?AT 6,3\" A19 256 GB Bleu - Tupique","og_description":"Vous cherchez Smartphone Apple MG6L4ZD\/A?AT 6,3\" A19 256 GB Bleu ? Achetez des produits chez Tupique. Profitez de la livraison gratuite pour obtenir Smartphone Apple MG6L4ZD\/A?AT 6,3\" A19 256 GB Bleu d\u00e8s maintenant.","og_url":"https:\/\/tupique.com\/es\/producto\/smartphone-apple-mg6l4zd-aat-63-a19-256-gb-bleu\/","og_site_name":"Tupique","twitter_card":"summary_large_image","twitter_misc":{"Tiempo de lectura":"1 minuto"},"schema":{"@context":"https:\/\/schema.org","@graph":[{"@type":"WebPage","@id":"https:\/\/tupique.com\/produit\/smartphone-apple-mg6l4zd-aat-63-a19-256-gb-bleu\/","url":"https:\/\/tupique.com\/produit\/smartphone-apple-mg6l4zd-aat-63-a19-256-gb-bleu\/","name":"Smartphone Apple MG6L4ZD\/A?AT 6,3\" A19 256 GB Bleu - Tupique","isPartOf":{"@id":"https:\/\/tupique.com\/#website"},"primaryImageOfPage":{"@id":"https:\/\/tupique.com\/produit\/smartphone-apple-mg6l4zd-aat-63-a19-256-gb-bleu\/#primaryimage"},"image":{"@id":"https:\/\/tupique.com\/produit\/smartphone-apple-mg6l4zd-aat-63-a19-256-gb-bleu\/#primaryimage"},"thumbnailUrl":"https:\/\/tupique.com\/wp-content\/uploads\/2026\/04\/0195950643985_M0806673_P01.jpg","datePublished":"2026-04-08T23:56:44+00:00","description":"Vous cherchez Smartphone Apple MG6L4ZD\/A?AT 6,3\" A19 256 GB Bleu ? Achetez des produits chez Tupique. Profitez de la livraison gratuite pour obtenir Smartphone Apple MG6L4ZD\/A?AT 6,3\" A19 256 GB Bleu d\u00e8s maintenant.","breadcrumb":{"@id":"https:\/\/tupique.com\/produit\/smartphone-apple-mg6l4zd-aat-63-a19-256-gb-bleu\/#breadcrumb"},"inLanguage":"es","potentialAction":[{"@type":"ReadAction","target":["https:\/\/tupique.com\/produit\/smartphone-apple-mg6l4zd-aat-63-a19-256-gb-bleu\/"]}]},{"@type":"ImageObject","inLanguage":"es","@id":"https:\/\/tupique.com\/produit\/smartphone-apple-mg6l4zd-aat-63-a19-256-gb-bleu\/#primaryimage","url":"https:\/\/tupique.com\/wp-content\/uploads\/2026\/04\/0195950643985_M0806673_P01.jpg","contentUrl":"https:\/\/tupique.com\/wp-content\/uploads\/2026\/04\/0195950643985_M0806673_P01.jpg","width":1200,"height":1200,"caption":"S8111832_0"},{"@type":"BreadcrumbList","@id":"https:\/\/tupique.com\/produit\/smartphone-apple-mg6l4zd-aat-63-a19-256-gb-bleu\/#breadcrumb","itemListElement":[{"@type":"ListItem","position":1,"name":"In\u00edcio","item":"https:\/\/tupique.com\/"},{"@type":"ListItem","position":2,"name":"Boutique","item":"https:\/\/tupique.com\/en\/boutique\/"},{"@type":"ListItem","position":3,"name":"Smartphone Apple MG6L4ZD\/A?AT 6,3&#8243; A19 256 GB Bleu"}]},{"@type":"WebSite","@id":"https:\/\/tupique.com\/#website","url":"https:\/\/tupique.com\/","name":"Tupique","description":"Marketplace","publisher":{"@id":"https:\/\/tupique.com\/#organization"},"potentialAction":[{"@type":"SearchAction","target":{"@type":"EntryPoint","urlTemplate":"https:\/\/tupique.com\/?s={search_term_string}"},"query-input":{"@type":"PropertyValueSpecification","valueRequired":true,"valueName":"search_term_string"}}],"inLanguage":"es"},{"@type":"Organization","@id":"https:\/\/tupique.com\/#organization","name":"Tupique","url":"https:\/\/tupique.com\/","logo":{"@type":"ImageObject","inLanguage":"es","@id":"https:\/\/tupique.com\/#\/schema\/logo\/image\/","url":"https:\/\/tupique.com\/wp-content\/uploads\/2024\/09\/logo.png","contentUrl":"https:\/\/tupique.com\/wp-content\/uploads\/2024\/09\/logo.png","width":1118,"height":310,"caption":"Tupique"},"image":{"@id":"https:\/\/tupique.com\/#\/schema\/logo\/image\/"}}]}},"jetpack_sharing_enabled":true,"_links":{"self":[{"href":"https:\/\/tupique.com\/es\/wp-json\/wp\/v2\/product\/4385317","targetHints":{"allow":["GET"]}}],"collection":[{"href":"https:\/\/tupique.com\/es\/wp-json\/wp\/v2\/product"}],"about":[{"href":"https:\/\/tupique.com\/es\/wp-json\/wp\/v2\/types\/product"}],"replies":[{"embeddable":true,"href":"https:\/\/tupique.com\/es\/wp-json\/wp\/v2\/comments?post=4385317"}],"wp:featuredmedia":[{"embeddable":true,"href":"https:\/\/tupique.com\/es\/wp-json\/wp\/v2\/media\/4385304"}],"wp:attachment":[{"href":"https:\/\/tupique.com\/es\/wp-json\/wp\/v2\/media?parent=4385317"}],"wp:term":[{"taxonomy":"product_brand","embeddable":true,"href":"https:\/\/tupique.com\/es\/wp-json\/wp\/v2\/product_brand?post=4385317"},{"taxonomy":"product_cat","embeddable":true,"href":"https:\/\/tupique.com\/es\/wp-json\/wp\/v2\/product_cat?post=4385317"},{"taxonomy":"product_tag","embeddable":true,"href":"https:\/\/tupique.com\/es\/wp-json\/wp\/v2\/product_tag?post=4385317"}],"curies":[{"name":"wp","href":"https:\/\/api.w.org\/{rel}","templated":true}]}}