{"id":4385378,"date":"2026-04-09T00:57:55","date_gmt":"2026-04-08T23:57:55","guid":{"rendered":"https:\/\/tupique.com\/produit\/ordinateur-portable-hp-bt7p6ea2810-156-intel-core-i5-i5-1334u-16-gb-ram-512-gb-ssd\/"},"modified":"2026-04-09T00:57:55","modified_gmt":"2026-04-08T23:57:55","slug":"ordinateur-portable-hp-bt7p6ea2810-156-intel-core-i5-i5-1334u-16-gb-ram-512-gb-ssd","status":"publish","type":"product","link":"https:\/\/tupique.com\/es\/producto\/ordinateur-portable-hp-bt7p6ea2810-156-intel-core-i5-i5-1334u-16-gb-ram-512-gb-ssd\/","title":{"rendered":"Ordinateur Portable HP BT7P6EA+2810 15,6&#8243; Intel Core i5 i5-1334U 16 GB RAM 512 GB SSD"},"content":{"rendered":"<p>Si buscas las \u00faltimas tendencias del mercado, nosotros te ayudamos. <b>Ordinateur Portable HP BT7P6EA+2810 15,6&#8243; Intel Core i5 i5-1334U 16 GB RAM 512 GB SSD<\/b> !<\/p>\n<ul>\n<li>Clavier: Espagnol Qwerty<\/li>\n<li>Type: Ordinateur Portable<\/li>\n<li>Producto enchufable: S\u00ed<\/li>\n<li>Type de m\u00e9moire: SDRAM<\/li>\n<li>Incluye:\n<ul>\n<li>Imprimante<\/li>\n<li>SSD x1<\/li>\n<\/ul>\n<\/li>\n<li>Familia de procesadores:\n<ul>\n<li>Intel<\/li>\n<li>Intel Core i5<\/li>\n<\/ul>\n<\/li>\n<li>Contr\u00f4leur graphique:\n<ul>\n<li>Intel UHD Graphics<\/li>\n<li>intel iris xe graphics<\/li>\n<\/ul>\n<\/li>\n<li>Bloc d\u2019Alimentation: r\u00e9seau \u00e9lectrique<\/li>\n<li>Syst\u00e8me d&#8217;exploitation: Windows 11 Home<\/li>\n<li>Pantalla t\u00e1ctil: No<\/li>\n<li>Caracter\u00edsticas:\n<ul>\n<li>Ecran<\/li>\n<li>Wi-Fi<\/li>\n<li>M\u00e9moire<\/li>\n<\/ul>\n<\/li>\n<li>Conexiones:\n<ul>\n<li>HDMI<\/li>\n<li>USB-C<\/li>\n<li>USB 2.0<\/li>\n<li>USB 3.2<\/li>\n<\/ul>\n<\/li>\n<li>Conectividad:\n<ul>\n<li>Bluetooth<\/li>\n<li>Wi-Fi 6E ghz<\/li>\n<\/ul>\n<\/li>\n<li>G\u00e9n\u00e9ration: tercera generacion<\/li>\n<li>M\u00e9moire RAM: 16 GB RAM<\/li>\n<li>Lecteur de Cartes: SD, SDHC, MMC<\/li>\n<li>Disque dur: 512 GB SSD<\/li>\n<li>Ecran: 15,6&#8243;<\/li>\n<li>Type d&#8217;unit\u00e9 optique: Non<\/li>\n<li>Technologie: IPS<\/li>\n<li>R\u00e9solution: 1920 x 1080 px<\/li>\n<li>Tipo de enchufe: enchufe UE<\/li>\n<li>Poids: 1,55 Kg<\/li>\n<li>Procesador:\n<ul>\n<li>Intel Core i5<\/li>\n<li>i5-1334U<\/li>\n<\/ul>\n<\/li>\n<li>Type de stockage: SSD<\/li>\n<li>Noyaux: 10 Noyaux<\/li>\n<li>Resoluci\u00f3n (px): 1920 x 1080 px<\/li>\n<li>Diagonale de l&#8217;\u00e9cran (cm): 39,6 cm<\/li>\n<li>Taille: 15,6&#8221;<\/li>\n<li>Adaptateur: 65 w<\/li>\n<\/ul>","protected":false},"excerpt":{"rendered":"<p>Si vous \u00eates \u00e0 la recherche de nouvelles tendances sur le march\u00e9, nous vous pr\u00e9sentons Ordinateur Portable HP BT7P6EA+2810 15,6&#8243;<\/p>","protected":false},"featured_media":4385377,"comment_status":"open","ping_status":"closed","template":"","meta":{"_joinchat":[]},"product_brand":[158040],"product_cat":[157516,157583,155043],"product_tag":[157514,157515],"class_list":{"0":"post-4385378","1":"product","2":"type-product","3":"status-publish","4":"has-post-thumbnail","6":"product_brand-brandp_909","7":"product_cat-informatique-electronique","8":"product_cat-informatique-ordinateurs","9":"product_cat-notebooks","10":"product_tag-tag_933","11":"product_tag-tag_1295","13":"first","14":"instock","15":"taxable","16":"shipping-taxable","17":"purchasable","18":"product-type-simple"},"yoast_head":"<!-- This site is optimized with the Yoast SEO plugin v27.2 - https:\/\/yoast.com\/product\/yoast-seo-wordpress\/ -->\n<title>Ordinateur Portable HP BT7P6EA+2810 15,6&quot; Intel Core i5 i5-1334U 16 GB RAM 512 GB SSD - Tupique<\/title>\n<meta name=\"description\" content=\"Vous cherchez Ordinateur Portable HP BT7P6EA+2810 15,6&quot; Intel Core i5 i5-1334U 16 GB RAM 512 GB SSD ? Achetez des produits chez Tupique. Profitez de la livraison gratuite pour obtenir Ordinateur Portable HP BT7P6EA+2810 15,6&quot; Intel Core i5 i5-1334U 16 GB RAM 512 GB SSD d\u00e8s maintenant.\" \/>\n<meta name=\"robots\" content=\"index, follow, max-snippet:-1, max-image-preview:large, max-video-preview:-1\" \/>\n<link rel=\"canonical\" href=\"https:\/\/tupique.com\/es\/producto\/ordinateur-portable-hp-bt7p6ea2810-156-intel-core-i5-i5-1334u-16-gb-ram-512-gb-ssd\/\" \/>\n<meta property=\"og:locale\" content=\"es_ES\" \/>\n<meta property=\"og:type\" content=\"article\" \/>\n<meta property=\"og:title\" content=\"Ordinateur Portable HP BT7P6EA+2810 15,6&quot; Intel Core i5 i5-1334U 16 GB RAM 512 GB SSD - Tupique\" \/>\n<meta property=\"og:description\" content=\"Vous cherchez Ordinateur Portable HP BT7P6EA+2810 15,6&quot; Intel Core i5 i5-1334U 16 GB RAM 512 GB SSD ? Achetez des produits chez Tupique. Profitez de la livraison gratuite pour obtenir Ordinateur Portable HP BT7P6EA+2810 15,6&quot; Intel Core i5 i5-1334U 16 GB RAM 512 GB SSD d\u00e8s maintenant.\" \/>\n<meta property=\"og:url\" content=\"https:\/\/tupique.com\/es\/producto\/ordinateur-portable-hp-bt7p6ea2810-156-intel-core-i5-i5-1334u-16-gb-ram-512-gb-ssd\/\" \/>\n<meta property=\"og:site_name\" content=\"Tupique\" \/>\n<meta name=\"twitter:card\" content=\"summary_large_image\" \/>\n<meta name=\"twitter:label1\" content=\"Tiempo de lectura\" \/>\n\t<meta name=\"twitter:data1\" content=\"1 minuto\" \/>\n<script type=\"application\/ld+json\" class=\"yoast-schema-graph\">{\"@context\":\"https:\/\/schema.org\",\"@graph\":[{\"@type\":\"WebPage\",\"@id\":\"https:\/\/tupique.com\/produit\/ordinateur-portable-hp-bt7p6ea2810-156-intel-core-i5-i5-1334u-16-gb-ram-512-gb-ssd\/\",\"url\":\"https:\/\/tupique.com\/produit\/ordinateur-portable-hp-bt7p6ea2810-156-intel-core-i5-i5-1334u-16-gb-ram-512-gb-ssd\/\",\"name\":\"Ordinateur Portable HP BT7P6EA+2810 15,6\\\" Intel Core i5 i5-1334U 16 GB RAM 512 GB SSD - Tupique\",\"isPartOf\":{\"@id\":\"https:\/\/tupique.com\/#website\"},\"primaryImageOfPage\":{\"@id\":\"https:\/\/tupique.com\/produit\/ordinateur-portable-hp-bt7p6ea2810-156-intel-core-i5-i5-1334u-16-gb-ram-512-gb-ssd\/#primaryimage\"},\"image\":{\"@id\":\"https:\/\/tupique.com\/produit\/ordinateur-portable-hp-bt7p6ea2810-156-intel-core-i5-i5-1334u-16-gb-ram-512-gb-ssd\/#primaryimage\"},\"thumbnailUrl\":\"https:\/\/tupique.com\/wp-content\/uploads\/2026\/04\/8435480031602_S0469115_P00.jpg\",\"datePublished\":\"2026-04-08T23:57:55+00:00\",\"description\":\"Vous cherchez Ordinateur Portable HP BT7P6EA+2810 15,6\\\" Intel Core i5 i5-1334U 16 GB RAM 512 GB SSD ? Achetez des produits chez Tupique. Profitez de la livraison gratuite pour obtenir Ordinateur Portable HP BT7P6EA+2810 15,6\\\" Intel Core i5 i5-1334U 16 GB RAM 512 GB SSD d\u00e8s maintenant.\",\"breadcrumb\":{\"@id\":\"https:\/\/tupique.com\/produit\/ordinateur-portable-hp-bt7p6ea2810-156-intel-core-i5-i5-1334u-16-gb-ram-512-gb-ssd\/#breadcrumb\"},\"inLanguage\":\"es\",\"potentialAction\":[{\"@type\":\"ReadAction\",\"target\":[\"https:\/\/tupique.com\/produit\/ordinateur-portable-hp-bt7p6ea2810-156-intel-core-i5-i5-1334u-16-gb-ram-512-gb-ssd\/\"]}]},{\"@type\":\"ImageObject\",\"inLanguage\":\"es\",\"@id\":\"https:\/\/tupique.com\/produit\/ordinateur-portable-hp-bt7p6ea2810-156-intel-core-i5-i5-1334u-16-gb-ram-512-gb-ssd\/#primaryimage\",\"url\":\"https:\/\/tupique.com\/wp-content\/uploads\/2026\/04\/8435480031602_S0469115_P00.jpg\",\"contentUrl\":\"https:\/\/tupique.com\/wp-content\/uploads\/2026\/04\/8435480031602_S0469115_P00.jpg\",\"width\":1200,\"height\":1200,\"caption\":\"S0469115_0\"},{\"@type\":\"BreadcrumbList\",\"@id\":\"https:\/\/tupique.com\/produit\/ordinateur-portable-hp-bt7p6ea2810-156-intel-core-i5-i5-1334u-16-gb-ram-512-gb-ssd\/#breadcrumb\",\"itemListElement\":[{\"@type\":\"ListItem\",\"position\":1,\"name\":\"In\u00edcio\",\"item\":\"https:\/\/tupique.com\/\"},{\"@type\":\"ListItem\",\"position\":2,\"name\":\"Boutique\",\"item\":\"https:\/\/tupique.com\/en\/boutique\/\"},{\"@type\":\"ListItem\",\"position\":3,\"name\":\"Ordinateur Portable HP BT7P6EA+2810 15,6&#8243; Intel Core i5 i5-1334U 16 GB RAM 512 GB SSD\"}]},{\"@type\":\"WebSite\",\"@id\":\"https:\/\/tupique.com\/#website\",\"url\":\"https:\/\/tupique.com\/\",\"name\":\"Tupique\",\"description\":\"Marketplace\",\"publisher\":{\"@id\":\"https:\/\/tupique.com\/#organization\"},\"potentialAction\":[{\"@type\":\"SearchAction\",\"target\":{\"@type\":\"EntryPoint\",\"urlTemplate\":\"https:\/\/tupique.com\/?s={search_term_string}\"},\"query-input\":{\"@type\":\"PropertyValueSpecification\",\"valueRequired\":true,\"valueName\":\"search_term_string\"}}],\"inLanguage\":\"es\"},{\"@type\":\"Organization\",\"@id\":\"https:\/\/tupique.com\/#organization\",\"name\":\"Tupique\",\"url\":\"https:\/\/tupique.com\/\",\"logo\":{\"@type\":\"ImageObject\",\"inLanguage\":\"es\",\"@id\":\"https:\/\/tupique.com\/#\/schema\/logo\/image\/\",\"url\":\"https:\/\/tupique.com\/wp-content\/uploads\/2024\/09\/logo.png\",\"contentUrl\":\"https:\/\/tupique.com\/wp-content\/uploads\/2024\/09\/logo.png\",\"width\":1118,\"height\":310,\"caption\":\"Tupique\"},\"image\":{\"@id\":\"https:\/\/tupique.com\/#\/schema\/logo\/image\/\"}}]}<\/script>\n<!-- \/ Yoast SEO plugin. -->","yoast_head_json":{"title":"Ordinateur Portable HP BT7P6EA+2810 15,6\" Intel Core i5 i5-1334U 16 GB RAM 512 GB SSD - Tupique","description":"Vous cherchez Ordinateur Portable HP BT7P6EA+2810 15,6\" Intel Core i5 i5-1334U 16 GB RAM 512 GB SSD ? Achetez des produits chez Tupique. Profitez de la livraison gratuite pour obtenir Ordinateur Portable HP BT7P6EA+2810 15,6\" Intel Core i5 i5-1334U 16 GB RAM 512 GB SSD d\u00e8s maintenant.","robots":{"index":"index","follow":"follow","max-snippet":"max-snippet:-1","max-image-preview":"max-image-preview:large","max-video-preview":"max-video-preview:-1"},"canonical":"https:\/\/tupique.com\/es\/producto\/ordinateur-portable-hp-bt7p6ea2810-156-intel-core-i5-i5-1334u-16-gb-ram-512-gb-ssd\/","og_locale":"es_ES","og_type":"article","og_title":"Ordinateur Portable HP BT7P6EA+2810 15,6\" Intel Core i5 i5-1334U 16 GB RAM 512 GB SSD - Tupique","og_description":"Vous cherchez Ordinateur Portable HP BT7P6EA+2810 15,6\" Intel Core i5 i5-1334U 16 GB RAM 512 GB SSD ? Achetez des produits chez Tupique. Profitez de la livraison gratuite pour obtenir Ordinateur Portable HP BT7P6EA+2810 15,6\" Intel Core i5 i5-1334U 16 GB RAM 512 GB SSD d\u00e8s maintenant.","og_url":"https:\/\/tupique.com\/es\/producto\/ordinateur-portable-hp-bt7p6ea2810-156-intel-core-i5-i5-1334u-16-gb-ram-512-gb-ssd\/","og_site_name":"Tupique","twitter_card":"summary_large_image","twitter_misc":{"Tiempo de lectura":"1 minuto"},"schema":{"@context":"https:\/\/schema.org","@graph":[{"@type":"WebPage","@id":"https:\/\/tupique.com\/produit\/ordinateur-portable-hp-bt7p6ea2810-156-intel-core-i5-i5-1334u-16-gb-ram-512-gb-ssd\/","url":"https:\/\/tupique.com\/produit\/ordinateur-portable-hp-bt7p6ea2810-156-intel-core-i5-i5-1334u-16-gb-ram-512-gb-ssd\/","name":"Ordinateur Portable HP BT7P6EA+2810 15,6\" Intel Core i5 i5-1334U 16 GB RAM 512 GB SSD - Tupique","isPartOf":{"@id":"https:\/\/tupique.com\/#website"},"primaryImageOfPage":{"@id":"https:\/\/tupique.com\/produit\/ordinateur-portable-hp-bt7p6ea2810-156-intel-core-i5-i5-1334u-16-gb-ram-512-gb-ssd\/#primaryimage"},"image":{"@id":"https:\/\/tupique.com\/produit\/ordinateur-portable-hp-bt7p6ea2810-156-intel-core-i5-i5-1334u-16-gb-ram-512-gb-ssd\/#primaryimage"},"thumbnailUrl":"https:\/\/tupique.com\/wp-content\/uploads\/2026\/04\/8435480031602_S0469115_P00.jpg","datePublished":"2026-04-08T23:57:55+00:00","description":"Vous cherchez Ordinateur Portable HP BT7P6EA+2810 15,6\" Intel Core i5 i5-1334U 16 GB RAM 512 GB SSD ? Achetez des produits chez Tupique. Profitez de la livraison gratuite pour obtenir Ordinateur Portable HP BT7P6EA+2810 15,6\" Intel Core i5 i5-1334U 16 GB RAM 512 GB SSD d\u00e8s maintenant.","breadcrumb":{"@id":"https:\/\/tupique.com\/produit\/ordinateur-portable-hp-bt7p6ea2810-156-intel-core-i5-i5-1334u-16-gb-ram-512-gb-ssd\/#breadcrumb"},"inLanguage":"es","potentialAction":[{"@type":"ReadAction","target":["https:\/\/tupique.com\/produit\/ordinateur-portable-hp-bt7p6ea2810-156-intel-core-i5-i5-1334u-16-gb-ram-512-gb-ssd\/"]}]},{"@type":"ImageObject","inLanguage":"es","@id":"https:\/\/tupique.com\/produit\/ordinateur-portable-hp-bt7p6ea2810-156-intel-core-i5-i5-1334u-16-gb-ram-512-gb-ssd\/#primaryimage","url":"https:\/\/tupique.com\/wp-content\/uploads\/2026\/04\/8435480031602_S0469115_P00.jpg","contentUrl":"https:\/\/tupique.com\/wp-content\/uploads\/2026\/04\/8435480031602_S0469115_P00.jpg","width":1200,"height":1200,"caption":"S0469115_0"},{"@type":"BreadcrumbList","@id":"https:\/\/tupique.com\/produit\/ordinateur-portable-hp-bt7p6ea2810-156-intel-core-i5-i5-1334u-16-gb-ram-512-gb-ssd\/#breadcrumb","itemListElement":[{"@type":"ListItem","position":1,"name":"In\u00edcio","item":"https:\/\/tupique.com\/"},{"@type":"ListItem","position":2,"name":"Boutique","item":"https:\/\/tupique.com\/en\/boutique\/"},{"@type":"ListItem","position":3,"name":"Ordinateur Portable HP BT7P6EA+2810 15,6&#8243; Intel Core i5 i5-1334U 16 GB RAM 512 GB SSD"}]},{"@type":"WebSite","@id":"https:\/\/tupique.com\/#website","url":"https:\/\/tupique.com\/","name":"Tupique","description":"Marketplace","publisher":{"@id":"https:\/\/tupique.com\/#organization"},"potentialAction":[{"@type":"SearchAction","target":{"@type":"EntryPoint","urlTemplate":"https:\/\/tupique.com\/?s={search_term_string}"},"query-input":{"@type":"PropertyValueSpecification","valueRequired":true,"valueName":"search_term_string"}}],"inLanguage":"es"},{"@type":"Organization","@id":"https:\/\/tupique.com\/#organization","name":"Tupique","url":"https:\/\/tupique.com\/","logo":{"@type":"ImageObject","inLanguage":"es","@id":"https:\/\/tupique.com\/#\/schema\/logo\/image\/","url":"https:\/\/tupique.com\/wp-content\/uploads\/2024\/09\/logo.png","contentUrl":"https:\/\/tupique.com\/wp-content\/uploads\/2024\/09\/logo.png","width":1118,"height":310,"caption":"Tupique"},"image":{"@id":"https:\/\/tupique.com\/#\/schema\/logo\/image\/"}}]}},"jetpack_sharing_enabled":true,"_links":{"self":[{"href":"https:\/\/tupique.com\/es\/wp-json\/wp\/v2\/product\/4385378","targetHints":{"allow":["GET"]}}],"collection":[{"href":"https:\/\/tupique.com\/es\/wp-json\/wp\/v2\/product"}],"about":[{"href":"https:\/\/tupique.com\/es\/wp-json\/wp\/v2\/types\/product"}],"replies":[{"embeddable":true,"href":"https:\/\/tupique.com\/es\/wp-json\/wp\/v2\/comments?post=4385378"}],"wp:featuredmedia":[{"embeddable":true,"href":"https:\/\/tupique.com\/es\/wp-json\/wp\/v2\/media\/4385377"}],"wp:attachment":[{"href":"https:\/\/tupique.com\/es\/wp-json\/wp\/v2\/media?parent=4385378"}],"wp:term":[{"taxonomy":"product_brand","embeddable":true,"href":"https:\/\/tupique.com\/es\/wp-json\/wp\/v2\/product_brand?post=4385378"},{"taxonomy":"product_cat","embeddable":true,"href":"https:\/\/tupique.com\/es\/wp-json\/wp\/v2\/product_cat?post=4385378"},{"taxonomy":"product_tag","embeddable":true,"href":"https:\/\/tupique.com\/es\/wp-json\/wp\/v2\/product_tag?post=4385378"}],"curies":[{"name":"wp","href":"https:\/\/api.w.org\/{rel}","templated":true}]}}