{"id":4385586,"date":"2026-04-09T01:59:55","date_gmt":"2026-04-09T00:59:55","guid":{"rendered":"https:\/\/tupique.com\/produit\/stockage-en-reseau-nas-qnap-ts-673a-8g-noir\/"},"modified":"2026-04-09T01:59:55","modified_gmt":"2026-04-09T00:59:55","slug":"stockage-en-reseau-nas-qnap-ts-673a-8g-noir","status":"publish","type":"product","link":"https:\/\/tupique.com\/es\/producto\/stockage-en-reseau-nas-qnap-ts-673a-8g-noir\/","title":{"rendered":"Stockage en R\u00e9seau NAS Qnap TS-673A-8G           Noir"},"content":{"rendered":"<p>Si le apasiona\u2019<b>inform\u00e1tica y electr\u00f3nica<\/b>, Si est\u00e1s a la \u00faltima en tecnolog\u00eda y no quieres perderte nada, compra <b>Stockage en R\u00e9seau NAS Qnap TS-673A-8G           Noir<\/b> al mejor precio.<\/p>\n<p>Le <b>QNAP TS-673A<\/b> est un appareil avanc\u00e9 de <b>stockage en r\u00e9seau NAS<\/b> con\u00e7u pour les environnements professionnels et les entreprises n\u00e9cessitant performance, flexibilit\u00e9 et s\u00e9curit\u00e9 dans la gestion des donn\u00e9es. \u00c9quip\u00e9 d\u2019un puissant <b>processeur AMD Ryzen Embedded V1500B 4 c\u0153urs 8 threads \u00e0 2,2 GHz<\/b>, il offre une architecture 64 bits x86 garantissant une efficacit\u00e9 dans le traitement multit\u00e2che, compl\u00e9t\u00e9e par un moteur de chiffrement AES-NI pour une protection avanc\u00e9e des informations et des capacit\u00e9s optionnelles de traitement graphique et de transcodage acc\u00e9l\u00e9r\u00e9 via des adaptateurs PCIe. Il dispose d\u2019une m\u00e9moire interne DDR4 SODIMM de <b>8 Go extensible jusqu\u2019\u00e0 64 Go<\/b>, permettant de g\u00e9rer des charges de travail exigeantes et plusieurs utilisateurs simultan\u00e9s (jusqu\u2019\u00e0 2000 connexions CIFS avec m\u00e9moire maximale). Son stockage comprend <b>6 baies pour disques SATA 3,5 et 2,5 pouces<\/b>, compatibles HDD et SSD \u00e9changeables \u00e0 chaud, ainsi que <b>2 emplacements M.2 PCIe Gen 3<\/b> pour acc\u00e9l\u00e9rer le cache syst\u00e8me avec des SSD. C\u00f4t\u00e9 connectivit\u00e9, il int\u00e8gre <b>deux ports Ethernet 2,5 Gigabits<\/b> et offre des options \u00e9volutives pour r\u00e9seaux 5 \u00e0 10 Gigabit via PCIe, en plus de ports USB et d\u2019une sortie HDMI optionnelle, facilitant l\u2019int\u00e9gration dans les infrastructures existantes et l\u2019extension des performances r\u00e9seau. Son design tour avec structure m\u00e9tallique noire comprend des fonctions essentielles comme des voyants LED d\u2019\u00e9tat, boutons d\u2019alimentation, copie USB et r\u00e9initialisation, buzzer d\u2019alerte et emplacement de s\u00e9curit\u00e9 Kensington pour protection physique. Il inclut aussi une ventilation optimis\u00e9e avec ventilateurs d\u00e9di\u00e9s syst\u00e8me et CPU, garantissant un fonctionnement silencieux et efficace. Ses dimensions compactes de <b>188,2 x 264,3 x 280,8 mm<\/b> et un poids net de <b>5,78 kg<\/b> facilitent son installation dans des espaces de travail organis\u00e9s. Le TS-673A fonctionne dans une plage de temp\u00e9rature de 0 \u00e0 40 \u00baC avec de larges options de stockage et une double protection syst\u00e8me via une m\u00e9moire flash de 5 Go. Son alimentation 250 W assure une consommation ma\u00eetris\u00e9e, avec modes veille pour optimiser l\u2019\u00e9nergie, id\u00e9al pour les environnements demandant haute disponibilit\u00e9 et fiabilit\u00e9. En r\u00e9sum\u00e9, le <b>QNAP TS-673A<\/b> est un NAS robuste et polyvalent, parfait pour les entreprises recherchant un stockage s\u00e9curis\u00e9, \u00e9volutif et performant pour leurs applications critiques et gestion avanc\u00e9e des donn\u00e9es.<\/p>\n<ul>\n<li>Tipo:\n<ul>\n<li>Rangement<\/li>\n<li>DDR4<\/li>\n<li>NAS<\/li>\n<li>DISCO DURO\/SSD<\/li>\n<\/ul>\n<\/li>\n<li>N\u00facleos: 4 n\u00facleos<\/li>\n<li>Producto enchufable: S\u00ed<\/li>\n<li>Tipo de enchufe: enchufe UE<\/li>\n<li>Conexiones:\n<ul>\n<li>Ethernet LAN<\/li>\n<li>SO-DIMM<\/li>\n<li>RJ45 x 2<\/li>\n<li>3<\/li>\n<li>M.2<\/li>\n<li>USB<\/li>\n<li>RJ45<\/li>\n<li>SATA<\/li>\n<li>USB-C 3.2 Gen 1 (3.1 Gen 1)<\/li>\n<li>USB 3.2 x 3<\/li>\n<\/ul>\n<\/li>\n<li>Fuente de alimentaci\u00f3n:\n<ul>\n<li>r\u00e9seau \u00e9lectrique<\/li>\n<li>Interior<\/li>\n<\/ul>\n<\/li>\n<li>Color: Negro<\/li>\n<li>Memoria RAM: 8 GB RAM<\/li>\n<li>Tensi\u00f3n:\n<ul>\n<li>100-240 V<\/li>\n<li>100 - 240 V<\/li>\n<\/ul>\n<\/li>\n<li>Frecuencia:\n<ul>\n<li>50-60 Hz<\/li>\n<li>50 - 60 Hz<\/li>\n<\/ul>\n<\/li>\n<li>Niveau sonore: 20,3 dB<\/li>\n<li>Compatible:\n<ul>\n<li>DISCO DURO\/SSD<\/li>\n<li>PC<\/li>\n<\/ul>\n<\/li>\n<li>Material: Metal<\/li>\n<li>Caracter\u00edsticas:\n<ul>\n<li>Interruptor de encendido\/apagado<\/li>\n<li>Vibrador<\/li>\n<\/ul>\n<\/li>\n<li>Poids: 6 Kg<\/li>\n<li>Ventillateur: 3<\/li>\n<li>Connectivit\u00e9: Ethernet LAN<\/li>\n<li>Frecuencia de entrada de CA: 50-60 Hz<\/li>\n<li>Type de m\u00e9moire: DDR4<\/li>\n<li>Facteur de forme: SO-DIMM<\/li>\n<li>Connecteurs: Kensington<\/li>\n<li>M\u00e9moire: x 2<\/li>\n<li>Temperatura aproximada: - 20\u00baC \/ 70\u00b0C<\/li>\n<li>Processeur: AMD Ryzen V1500B<\/li>\n<li>vitesse: 2.2 GHz<\/li>\n<li>Familia de procesadores: AMD<\/li>\n<\/ul>","protected":false},"excerpt":{"rendered":"<p>Si vous \u00eates passionn\u00e9 d&#8217;informatique et d&#8217;\u00e9lectronique, si vous \u00eates \u00e0 la pointe de la technologie et qu&#8217;aucun d\u00e9tail ne<\/p>","protected":false},"featured_media":4385584,"comment_status":"open","ping_status":"closed","template":"","meta":{"_joinchat":[]},"product_brand":[157968],"product_cat":[157521,157516,157520],"product_tag":[157515],"class_list":{"0":"post-4385586","1":"product","2":"type-product","3":"status-publish","4":"has-post-thumbnail","6":"product_brand-brandp_4747","7":"product_cat-disques-durs","8":"product_cat-informatique-electronique","9":"product_cat-informatique-reseaux-et-composants","10":"product_tag-tag_1295","12":"first","13":"instock","14":"taxable","15":"shipping-taxable","16":"purchasable","17":"product-type-simple"},"yoast_head":"<!-- This site is optimized with the Yoast SEO plugin v27.2 - https:\/\/yoast.com\/product\/yoast-seo-wordpress\/ -->\n<title>Stockage en R\u00e9seau NAS Qnap TS-673A-8G      Noir - Tupique<\/title>\n<meta name=\"description\" content=\"Vous cherchez Stockage en R\u00e9seau NAS Qnap TS-673A-8G      Noir ? Achetez des produits chez Tupique. Profitez de la livraison gratuite pour obtenir Stockage en R\u00e9seau NAS Qnap TS-673A-8G      Noir d\u00e8s maintenant.\" \/>\n<meta name=\"robots\" content=\"index, follow, max-snippet:-1, max-image-preview:large, max-video-preview:-1\" \/>\n<link rel=\"canonical\" href=\"https:\/\/tupique.com\/es\/producto\/stockage-en-reseau-nas-qnap-ts-673a-8g-noir\/\" \/>\n<meta property=\"og:locale\" content=\"es_ES\" \/>\n<meta property=\"og:type\" content=\"article\" \/>\n<meta property=\"og:title\" content=\"Stockage en R\u00e9seau NAS Qnap TS-673A-8G      Noir - Tupique\" \/>\n<meta property=\"og:description\" content=\"Vous cherchez Stockage en R\u00e9seau NAS Qnap TS-673A-8G      Noir ? Achetez des produits chez Tupique. Profitez de la livraison gratuite pour obtenir Stockage en R\u00e9seau NAS Qnap TS-673A-8G      Noir d\u00e8s maintenant.\" \/>\n<meta property=\"og:url\" content=\"https:\/\/tupique.com\/es\/producto\/stockage-en-reseau-nas-qnap-ts-673a-8g-noir\/\" \/>\n<meta property=\"og:site_name\" content=\"Tupique\" \/>\n<meta name=\"twitter:card\" content=\"summary_large_image\" \/>\n<meta name=\"twitter:label1\" content=\"Tiempo de lectura\" \/>\n\t<meta name=\"twitter:data1\" content=\"3 minutos\" \/>\n<script type=\"application\/ld+json\" class=\"yoast-schema-graph\">{\"@context\":\"https:\/\/schema.org\",\"@graph\":[{\"@type\":\"WebPage\",\"@id\":\"https:\/\/tupique.com\/produit\/stockage-en-reseau-nas-qnap-ts-673a-8g-noir\/\",\"url\":\"https:\/\/tupique.com\/produit\/stockage-en-reseau-nas-qnap-ts-673a-8g-noir\/\",\"name\":\"Stockage en R\u00e9seau NAS Qnap TS-673A-8G Noir - Tupique\",\"isPartOf\":{\"@id\":\"https:\/\/tupique.com\/#website\"},\"primaryImageOfPage\":{\"@id\":\"https:\/\/tupique.com\/produit\/stockage-en-reseau-nas-qnap-ts-673a-8g-noir\/#primaryimage\"},\"image\":{\"@id\":\"https:\/\/tupique.com\/produit\/stockage-en-reseau-nas-qnap-ts-673a-8g-noir\/#primaryimage\"},\"thumbnailUrl\":\"https:\/\/tupique.com\/wp-content\/uploads\/2026\/04\/518087152.jpg\",\"datePublished\":\"2026-04-09T00:59:55+00:00\",\"description\":\"Vous cherchez Stockage en R\u00e9seau NAS Qnap TS-673A-8G Noir ? Achetez des produits chez Tupique. Profitez de la livraison gratuite pour obtenir Stockage en R\u00e9seau NAS Qnap TS-673A-8G Noir d\u00e8s maintenant.\",\"breadcrumb\":{\"@id\":\"https:\/\/tupique.com\/produit\/stockage-en-reseau-nas-qnap-ts-673a-8g-noir\/#breadcrumb\"},\"inLanguage\":\"es\",\"potentialAction\":[{\"@type\":\"ReadAction\",\"target\":[\"https:\/\/tupique.com\/produit\/stockage-en-reseau-nas-qnap-ts-673a-8g-noir\/\"]}]},{\"@type\":\"ImageObject\",\"inLanguage\":\"es\",\"@id\":\"https:\/\/tupique.com\/produit\/stockage-en-reseau-nas-qnap-ts-673a-8g-noir\/#primaryimage\",\"url\":\"https:\/\/tupique.com\/wp-content\/uploads\/2026\/04\/518087152.jpg\",\"contentUrl\":\"https:\/\/tupique.com\/wp-content\/uploads\/2026\/04\/518087152.jpg\",\"width\":1200,\"height\":1200,\"caption\":\"S55011360_0\"},{\"@type\":\"BreadcrumbList\",\"@id\":\"https:\/\/tupique.com\/produit\/stockage-en-reseau-nas-qnap-ts-673a-8g-noir\/#breadcrumb\",\"itemListElement\":[{\"@type\":\"ListItem\",\"position\":1,\"name\":\"In\u00edcio\",\"item\":\"https:\/\/tupique.com\/\"},{\"@type\":\"ListItem\",\"position\":2,\"name\":\"Boutique\",\"item\":\"https:\/\/tupique.com\/en\/boutique\/\"},{\"@type\":\"ListItem\",\"position\":3,\"name\":\"Stockage en R\u00e9seau NAS Qnap TS-673A-8G Noir\"}]},{\"@type\":\"WebSite\",\"@id\":\"https:\/\/tupique.com\/#website\",\"url\":\"https:\/\/tupique.com\/\",\"name\":\"Tupique\",\"description\":\"Marketplace\",\"publisher\":{\"@id\":\"https:\/\/tupique.com\/#organization\"},\"potentialAction\":[{\"@type\":\"SearchAction\",\"target\":{\"@type\":\"EntryPoint\",\"urlTemplate\":\"https:\/\/tupique.com\/?s={search_term_string}\"},\"query-input\":{\"@type\":\"PropertyValueSpecification\",\"valueRequired\":true,\"valueName\":\"search_term_string\"}}],\"inLanguage\":\"es\"},{\"@type\":\"Organization\",\"@id\":\"https:\/\/tupique.com\/#organization\",\"name\":\"Tupique\",\"url\":\"https:\/\/tupique.com\/\",\"logo\":{\"@type\":\"ImageObject\",\"inLanguage\":\"es\",\"@id\":\"https:\/\/tupique.com\/#\/schema\/logo\/image\/\",\"url\":\"https:\/\/tupique.com\/wp-content\/uploads\/2024\/09\/logo.png\",\"contentUrl\":\"https:\/\/tupique.com\/wp-content\/uploads\/2024\/09\/logo.png\",\"width\":1118,\"height\":310,\"caption\":\"Tupique\"},\"image\":{\"@id\":\"https:\/\/tupique.com\/#\/schema\/logo\/image\/\"}}]}<\/script>\n<!-- \/ Yoast SEO plugin. -->","yoast_head_json":{"title":"Stockage en R\u00e9seau NAS Qnap TS-673A-8G      Noir - Tupique","description":"Vous cherchez Stockage en R\u00e9seau NAS Qnap TS-673A-8G      Noir ? Achetez des produits chez Tupique. Profitez de la livraison gratuite pour obtenir Stockage en R\u00e9seau NAS Qnap TS-673A-8G      Noir d\u00e8s maintenant.","robots":{"index":"index","follow":"follow","max-snippet":"max-snippet:-1","max-image-preview":"max-image-preview:large","max-video-preview":"max-video-preview:-1"},"canonical":"https:\/\/tupique.com\/es\/producto\/stockage-en-reseau-nas-qnap-ts-673a-8g-noir\/","og_locale":"es_ES","og_type":"article","og_title":"Stockage en R\u00e9seau NAS Qnap TS-673A-8G      Noir - Tupique","og_description":"Vous cherchez Stockage en R\u00e9seau NAS Qnap TS-673A-8G      Noir ? Achetez des produits chez Tupique. Profitez de la livraison gratuite pour obtenir Stockage en R\u00e9seau NAS Qnap TS-673A-8G      Noir d\u00e8s maintenant.","og_url":"https:\/\/tupique.com\/es\/producto\/stockage-en-reseau-nas-qnap-ts-673a-8g-noir\/","og_site_name":"Tupique","twitter_card":"summary_large_image","twitter_misc":{"Tiempo de lectura":"3 minutos"},"schema":{"@context":"https:\/\/schema.org","@graph":[{"@type":"WebPage","@id":"https:\/\/tupique.com\/produit\/stockage-en-reseau-nas-qnap-ts-673a-8g-noir\/","url":"https:\/\/tupique.com\/produit\/stockage-en-reseau-nas-qnap-ts-673a-8g-noir\/","name":"Stockage en R\u00e9seau NAS Qnap TS-673A-8G Noir - Tupique","isPartOf":{"@id":"https:\/\/tupique.com\/#website"},"primaryImageOfPage":{"@id":"https:\/\/tupique.com\/produit\/stockage-en-reseau-nas-qnap-ts-673a-8g-noir\/#primaryimage"},"image":{"@id":"https:\/\/tupique.com\/produit\/stockage-en-reseau-nas-qnap-ts-673a-8g-noir\/#primaryimage"},"thumbnailUrl":"https:\/\/tupique.com\/wp-content\/uploads\/2026\/04\/518087152.jpg","datePublished":"2026-04-09T00:59:55+00:00","description":"Vous cherchez Stockage en R\u00e9seau NAS Qnap TS-673A-8G Noir ? Achetez des produits chez Tupique. Profitez de la livraison gratuite pour obtenir Stockage en R\u00e9seau NAS Qnap TS-673A-8G Noir d\u00e8s maintenant.","breadcrumb":{"@id":"https:\/\/tupique.com\/produit\/stockage-en-reseau-nas-qnap-ts-673a-8g-noir\/#breadcrumb"},"inLanguage":"es","potentialAction":[{"@type":"ReadAction","target":["https:\/\/tupique.com\/produit\/stockage-en-reseau-nas-qnap-ts-673a-8g-noir\/"]}]},{"@type":"ImageObject","inLanguage":"es","@id":"https:\/\/tupique.com\/produit\/stockage-en-reseau-nas-qnap-ts-673a-8g-noir\/#primaryimage","url":"https:\/\/tupique.com\/wp-content\/uploads\/2026\/04\/518087152.jpg","contentUrl":"https:\/\/tupique.com\/wp-content\/uploads\/2026\/04\/518087152.jpg","width":1200,"height":1200,"caption":"S55011360_0"},{"@type":"BreadcrumbList","@id":"https:\/\/tupique.com\/produit\/stockage-en-reseau-nas-qnap-ts-673a-8g-noir\/#breadcrumb","itemListElement":[{"@type":"ListItem","position":1,"name":"In\u00edcio","item":"https:\/\/tupique.com\/"},{"@type":"ListItem","position":2,"name":"Boutique","item":"https:\/\/tupique.com\/en\/boutique\/"},{"@type":"ListItem","position":3,"name":"Stockage en R\u00e9seau NAS Qnap TS-673A-8G Noir"}]},{"@type":"WebSite","@id":"https:\/\/tupique.com\/#website","url":"https:\/\/tupique.com\/","name":"Tupique","description":"Marketplace","publisher":{"@id":"https:\/\/tupique.com\/#organization"},"potentialAction":[{"@type":"SearchAction","target":{"@type":"EntryPoint","urlTemplate":"https:\/\/tupique.com\/?s={search_term_string}"},"query-input":{"@type":"PropertyValueSpecification","valueRequired":true,"valueName":"search_term_string"}}],"inLanguage":"es"},{"@type":"Organization","@id":"https:\/\/tupique.com\/#organization","name":"Tupique","url":"https:\/\/tupique.com\/","logo":{"@type":"ImageObject","inLanguage":"es","@id":"https:\/\/tupique.com\/#\/schema\/logo\/image\/","url":"https:\/\/tupique.com\/wp-content\/uploads\/2024\/09\/logo.png","contentUrl":"https:\/\/tupique.com\/wp-content\/uploads\/2024\/09\/logo.png","width":1118,"height":310,"caption":"Tupique"},"image":{"@id":"https:\/\/tupique.com\/#\/schema\/logo\/image\/"}}]}},"jetpack_sharing_enabled":true,"_links":{"self":[{"href":"https:\/\/tupique.com\/es\/wp-json\/wp\/v2\/product\/4385586","targetHints":{"allow":["GET"]}}],"collection":[{"href":"https:\/\/tupique.com\/es\/wp-json\/wp\/v2\/product"}],"about":[{"href":"https:\/\/tupique.com\/es\/wp-json\/wp\/v2\/types\/product"}],"replies":[{"embeddable":true,"href":"https:\/\/tupique.com\/es\/wp-json\/wp\/v2\/comments?post=4385586"}],"wp:featuredmedia":[{"embeddable":true,"href":"https:\/\/tupique.com\/es\/wp-json\/wp\/v2\/media\/4385584"}],"wp:attachment":[{"href":"https:\/\/tupique.com\/es\/wp-json\/wp\/v2\/media?parent=4385586"}],"wp:term":[{"taxonomy":"product_brand","embeddable":true,"href":"https:\/\/tupique.com\/es\/wp-json\/wp\/v2\/product_brand?post=4385586"},{"taxonomy":"product_cat","embeddable":true,"href":"https:\/\/tupique.com\/es\/wp-json\/wp\/v2\/product_cat?post=4385586"},{"taxonomy":"product_tag","embeddable":true,"href":"https:\/\/tupique.com\/es\/wp-json\/wp\/v2\/product_tag?post=4385586"}],"curies":[{"name":"wp","href":"https:\/\/api.w.org\/{rel}","templated":true}]}}