{"id":4385620,"date":"2026-04-09T02:00:50","date_gmt":"2026-04-09T01:00:50","guid":{"rendered":"https:\/\/tupique.com\/produit\/combinaison-racing-omp-first-evo-my2025-60-anthracite-jaune-noir\/"},"modified":"2026-04-09T02:00:50","modified_gmt":"2026-04-09T01:00:50","slug":"combinaison-racing-omp-first-evo-my2025-60-anthracite-jaune-noir","status":"publish","type":"product","link":"https:\/\/tupique.com\/es\/producto\/combinaison-racing-omp-first-evo-my2025-60-anthracite-jaune-noir\/","title":{"rendered":"Combinaison Racing OMP FIRST EVO MY2025 60 Anthracite Jaune\/Noir"},"content":{"rendered":"<p>Si buscas las \u00faltimas tendencias del mercado, nosotros te ayudamos. <b>Combinaison Racing OMP FIRST EVO MY2025 60 Anthracite Jaune\/Noir<\/b> !<\/p>\n<ul>\n<li>Type: Combinaison Racing<\/li>\n<li>Homologu\u00e9: FIA 8856-2018<\/li>\n<li>Taille: 60<\/li>\n<li>Color:\n<ul>\n<li>Anthracite<\/li>\n<li>Jaune\/Noir<\/li>\n<\/ul>\n<\/li>\n<li>Material:\n<ul>\n<li>Coton<\/li>\n<li>Nomex<\/li>\n<\/ul>\n<\/li>\n<li>Caracter\u00edsticas:\n<ul>\n<li>R\u00e9sistant<\/li>\n<li>Ajustable<\/li>\n<li>Respirant<\/li>\n<li>Flexible<\/li>\n<li>Approuv\u00e9 par la FIA<\/li>\n<li>Doux<\/li>\n<li>L\u00e9ger<\/li>\n<li>Haute r\u00e9sistance et duret\u00e9<\/li>\n<li>2 couches<\/li>\n<\/ul>\n<\/li>\n<li>Sexo: Unisex<\/li>\n<\/ul>","protected":false},"excerpt":{"rendered":"<p>Si vous \u00eates \u00e0 la recherche de nouvelles tendances sur le march\u00e9, nous vous pr\u00e9sentons Combinaison Racing OMP FIRST EVO<\/p>","protected":false},"featured_media":4385617,"comment_status":"open","ping_status":"closed","template":"","meta":{"_joinchat":[]},"product_brand":[157936],"product_cat":[157856,157554,158274],"product_tag":[],"class_list":{"0":"post-4385620","1":"product","2":"type-product","3":"status-publish","4":"has-post-thumbnail","6":"product_brand-brandp_3118","7":"product_cat-accessoires-pour-voitures","8":"product_cat-sports-loisirs","9":"product_cat-vetements-et-accessoires-de-racing","11":"first","12":"outofstock","13":"taxable","14":"shipping-taxable","15":"purchasable","16":"product-type-simple"},"yoast_head":"<!-- This site is optimized with the Yoast SEO plugin v27.2 - https:\/\/yoast.com\/product\/yoast-seo-wordpress\/ -->\n<title>Combinaison Racing OMP FIRST EVO MY2025 60 Anthracite Jaune\/Noir - Tupique<\/title>\n<meta name=\"description\" content=\"Vous cherchez Combinaison Racing OMP FIRST EVO MY2025 60 Anthracite Jaune\/Noir ? Achetez des produits chez Tupique. Profitez de la livraison gratuite pour obtenir Combinaison Racing OMP FIRST EVO MY2025 60 Anthracite Jaune\/Noir d\u00e8s maintenant.\" \/>\n<meta name=\"robots\" content=\"index, follow, max-snippet:-1, max-image-preview:large, max-video-preview:-1\" \/>\n<link rel=\"canonical\" href=\"https:\/\/tupique.com\/es\/producto\/combinaison-racing-omp-first-evo-my2025-60-anthracite-jaune-noir\/\" \/>\n<meta property=\"og:locale\" content=\"es_ES\" \/>\n<meta property=\"og:type\" content=\"article\" \/>\n<meta property=\"og:title\" content=\"Combinaison Racing OMP FIRST EVO MY2025 60 Anthracite Jaune\/Noir - Tupique\" \/>\n<meta property=\"og:description\" content=\"Vous cherchez Combinaison Racing OMP FIRST EVO MY2025 60 Anthracite Jaune\/Noir ? Achetez des produits chez Tupique. Profitez de la livraison gratuite pour obtenir Combinaison Racing OMP FIRST EVO MY2025 60 Anthracite Jaune\/Noir d\u00e8s maintenant.\" \/>\n<meta property=\"og:url\" content=\"https:\/\/tupique.com\/es\/producto\/combinaison-racing-omp-first-evo-my2025-60-anthracite-jaune-noir\/\" \/>\n<meta property=\"og:site_name\" content=\"Tupique\" \/>\n<meta name=\"twitter:card\" content=\"summary_large_image\" \/>\n<script type=\"application\/ld+json\" class=\"yoast-schema-graph\">{\"@context\":\"https:\/\/schema.org\",\"@graph\":[{\"@type\":\"WebPage\",\"@id\":\"https:\/\/tupique.com\/produit\/combinaison-racing-omp-first-evo-my2025-60-anthracite-jaune-noir\/\",\"url\":\"https:\/\/tupique.com\/produit\/combinaison-racing-omp-first-evo-my2025-60-anthracite-jaune-noir\/\",\"name\":\"Combinaison Racing OMP FIRST EVO MY2025 60 Anthracite Jaune\/Noir - Tupique\",\"isPartOf\":{\"@id\":\"https:\/\/tupique.com\/#website\"},\"primaryImageOfPage\":{\"@id\":\"https:\/\/tupique.com\/produit\/combinaison-racing-omp-first-evo-my2025-60-anthracite-jaune-noir\/#primaryimage\"},\"image\":{\"@id\":\"https:\/\/tupique.com\/produit\/combinaison-racing-omp-first-evo-my2025-60-anthracite-jaune-noir\/#primaryimage\"},\"thumbnailUrl\":\"https:\/\/tupique.com\/wp-content\/uploads\/2026\/04\/8056690623762_S37116916_P00.jpg\",\"datePublished\":\"2026-04-09T01:00:50+00:00\",\"description\":\"Vous cherchez Combinaison Racing OMP FIRST EVO MY2025 60 Anthracite Jaune\/Noir ? Achetez des produits chez Tupique. Profitez de la livraison gratuite pour obtenir Combinaison Racing OMP FIRST EVO MY2025 60 Anthracite Jaune\/Noir d\u00e8s maintenant.\",\"breadcrumb\":{\"@id\":\"https:\/\/tupique.com\/produit\/combinaison-racing-omp-first-evo-my2025-60-anthracite-jaune-noir\/#breadcrumb\"},\"inLanguage\":\"es\",\"potentialAction\":[{\"@type\":\"ReadAction\",\"target\":[\"https:\/\/tupique.com\/produit\/combinaison-racing-omp-first-evo-my2025-60-anthracite-jaune-noir\/\"]}]},{\"@type\":\"ImageObject\",\"inLanguage\":\"es\",\"@id\":\"https:\/\/tupique.com\/produit\/combinaison-racing-omp-first-evo-my2025-60-anthracite-jaune-noir\/#primaryimage\",\"url\":\"https:\/\/tupique.com\/wp-content\/uploads\/2026\/04\/8056690623762_S37116916_P00.jpg\",\"contentUrl\":\"https:\/\/tupique.com\/wp-content\/uploads\/2026\/04\/8056690623762_S37116916_P00.jpg\",\"width\":1200,\"height\":1200,\"caption\":\"S37116916_0\"},{\"@type\":\"BreadcrumbList\",\"@id\":\"https:\/\/tupique.com\/produit\/combinaison-racing-omp-first-evo-my2025-60-anthracite-jaune-noir\/#breadcrumb\",\"itemListElement\":[{\"@type\":\"ListItem\",\"position\":1,\"name\":\"In\u00edcio\",\"item\":\"https:\/\/tupique.com\/\"},{\"@type\":\"ListItem\",\"position\":2,\"name\":\"Boutique\",\"item\":\"https:\/\/tupique.com\/en\/boutique\/\"},{\"@type\":\"ListItem\",\"position\":3,\"name\":\"Combinaison Racing OMP FIRST EVO MY2025 60 Anthracite Jaune\/Noir\"}]},{\"@type\":\"WebSite\",\"@id\":\"https:\/\/tupique.com\/#website\",\"url\":\"https:\/\/tupique.com\/\",\"name\":\"Tupique\",\"description\":\"Marketplace\",\"publisher\":{\"@id\":\"https:\/\/tupique.com\/#organization\"},\"potentialAction\":[{\"@type\":\"SearchAction\",\"target\":{\"@type\":\"EntryPoint\",\"urlTemplate\":\"https:\/\/tupique.com\/?s={search_term_string}\"},\"query-input\":{\"@type\":\"PropertyValueSpecification\",\"valueRequired\":true,\"valueName\":\"search_term_string\"}}],\"inLanguage\":\"es\"},{\"@type\":\"Organization\",\"@id\":\"https:\/\/tupique.com\/#organization\",\"name\":\"Tupique\",\"url\":\"https:\/\/tupique.com\/\",\"logo\":{\"@type\":\"ImageObject\",\"inLanguage\":\"es\",\"@id\":\"https:\/\/tupique.com\/#\/schema\/logo\/image\/\",\"url\":\"https:\/\/tupique.com\/wp-content\/uploads\/2024\/09\/logo.png\",\"contentUrl\":\"https:\/\/tupique.com\/wp-content\/uploads\/2024\/09\/logo.png\",\"width\":1118,\"height\":310,\"caption\":\"Tupique\"},\"image\":{\"@id\":\"https:\/\/tupique.com\/#\/schema\/logo\/image\/\"}}]}<\/script>\n<!-- \/ Yoast SEO plugin. -->","yoast_head_json":{"title":"Combinaison Racing OMP FIRST EVO MY2025 60 Anthracite Jaune\/Noir - Tupique","description":"Vous cherchez Combinaison Racing OMP FIRST EVO MY2025 60 Anthracite Jaune\/Noir ? Achetez des produits chez Tupique. Profitez de la livraison gratuite pour obtenir Combinaison Racing OMP FIRST EVO MY2025 60 Anthracite Jaune\/Noir d\u00e8s maintenant.","robots":{"index":"index","follow":"follow","max-snippet":"max-snippet:-1","max-image-preview":"max-image-preview:large","max-video-preview":"max-video-preview:-1"},"canonical":"https:\/\/tupique.com\/es\/producto\/combinaison-racing-omp-first-evo-my2025-60-anthracite-jaune-noir\/","og_locale":"es_ES","og_type":"article","og_title":"Combinaison Racing OMP FIRST EVO MY2025 60 Anthracite Jaune\/Noir - Tupique","og_description":"Vous cherchez Combinaison Racing OMP FIRST EVO MY2025 60 Anthracite Jaune\/Noir ? Achetez des produits chez Tupique. Profitez de la livraison gratuite pour obtenir Combinaison Racing OMP FIRST EVO MY2025 60 Anthracite Jaune\/Noir d\u00e8s maintenant.","og_url":"https:\/\/tupique.com\/es\/producto\/combinaison-racing-omp-first-evo-my2025-60-anthracite-jaune-noir\/","og_site_name":"Tupique","twitter_card":"summary_large_image","schema":{"@context":"https:\/\/schema.org","@graph":[{"@type":"WebPage","@id":"https:\/\/tupique.com\/produit\/combinaison-racing-omp-first-evo-my2025-60-anthracite-jaune-noir\/","url":"https:\/\/tupique.com\/produit\/combinaison-racing-omp-first-evo-my2025-60-anthracite-jaune-noir\/","name":"Combinaison Racing OMP FIRST EVO MY2025 60 Anthracite Jaune\/Noir - Tupique","isPartOf":{"@id":"https:\/\/tupique.com\/#website"},"primaryImageOfPage":{"@id":"https:\/\/tupique.com\/produit\/combinaison-racing-omp-first-evo-my2025-60-anthracite-jaune-noir\/#primaryimage"},"image":{"@id":"https:\/\/tupique.com\/produit\/combinaison-racing-omp-first-evo-my2025-60-anthracite-jaune-noir\/#primaryimage"},"thumbnailUrl":"https:\/\/tupique.com\/wp-content\/uploads\/2026\/04\/8056690623762_S37116916_P00.jpg","datePublished":"2026-04-09T01:00:50+00:00","description":"Vous cherchez Combinaison Racing OMP FIRST EVO MY2025 60 Anthracite Jaune\/Noir ? Achetez des produits chez Tupique. Profitez de la livraison gratuite pour obtenir Combinaison Racing OMP FIRST EVO MY2025 60 Anthracite Jaune\/Noir d\u00e8s maintenant.","breadcrumb":{"@id":"https:\/\/tupique.com\/produit\/combinaison-racing-omp-first-evo-my2025-60-anthracite-jaune-noir\/#breadcrumb"},"inLanguage":"es","potentialAction":[{"@type":"ReadAction","target":["https:\/\/tupique.com\/produit\/combinaison-racing-omp-first-evo-my2025-60-anthracite-jaune-noir\/"]}]},{"@type":"ImageObject","inLanguage":"es","@id":"https:\/\/tupique.com\/produit\/combinaison-racing-omp-first-evo-my2025-60-anthracite-jaune-noir\/#primaryimage","url":"https:\/\/tupique.com\/wp-content\/uploads\/2026\/04\/8056690623762_S37116916_P00.jpg","contentUrl":"https:\/\/tupique.com\/wp-content\/uploads\/2026\/04\/8056690623762_S37116916_P00.jpg","width":1200,"height":1200,"caption":"S37116916_0"},{"@type":"BreadcrumbList","@id":"https:\/\/tupique.com\/produit\/combinaison-racing-omp-first-evo-my2025-60-anthracite-jaune-noir\/#breadcrumb","itemListElement":[{"@type":"ListItem","position":1,"name":"In\u00edcio","item":"https:\/\/tupique.com\/"},{"@type":"ListItem","position":2,"name":"Boutique","item":"https:\/\/tupique.com\/en\/boutique\/"},{"@type":"ListItem","position":3,"name":"Combinaison Racing OMP FIRST EVO MY2025 60 Anthracite Jaune\/Noir"}]},{"@type":"WebSite","@id":"https:\/\/tupique.com\/#website","url":"https:\/\/tupique.com\/","name":"Tupique","description":"Marketplace","publisher":{"@id":"https:\/\/tupique.com\/#organization"},"potentialAction":[{"@type":"SearchAction","target":{"@type":"EntryPoint","urlTemplate":"https:\/\/tupique.com\/?s={search_term_string}"},"query-input":{"@type":"PropertyValueSpecification","valueRequired":true,"valueName":"search_term_string"}}],"inLanguage":"es"},{"@type":"Organization","@id":"https:\/\/tupique.com\/#organization","name":"Tupique","url":"https:\/\/tupique.com\/","logo":{"@type":"ImageObject","inLanguage":"es","@id":"https:\/\/tupique.com\/#\/schema\/logo\/image\/","url":"https:\/\/tupique.com\/wp-content\/uploads\/2024\/09\/logo.png","contentUrl":"https:\/\/tupique.com\/wp-content\/uploads\/2024\/09\/logo.png","width":1118,"height":310,"caption":"Tupique"},"image":{"@id":"https:\/\/tupique.com\/#\/schema\/logo\/image\/"}}]}},"jetpack_sharing_enabled":true,"_links":{"self":[{"href":"https:\/\/tupique.com\/es\/wp-json\/wp\/v2\/product\/4385620","targetHints":{"allow":["GET"]}}],"collection":[{"href":"https:\/\/tupique.com\/es\/wp-json\/wp\/v2\/product"}],"about":[{"href":"https:\/\/tupique.com\/es\/wp-json\/wp\/v2\/types\/product"}],"replies":[{"embeddable":true,"href":"https:\/\/tupique.com\/es\/wp-json\/wp\/v2\/comments?post=4385620"}],"wp:featuredmedia":[{"embeddable":true,"href":"https:\/\/tupique.com\/es\/wp-json\/wp\/v2\/media\/4385617"}],"wp:attachment":[{"href":"https:\/\/tupique.com\/es\/wp-json\/wp\/v2\/media?parent=4385620"}],"wp:term":[{"taxonomy":"product_brand","embeddable":true,"href":"https:\/\/tupique.com\/es\/wp-json\/wp\/v2\/product_brand?post=4385620"},{"taxonomy":"product_cat","embeddable":true,"href":"https:\/\/tupique.com\/es\/wp-json\/wp\/v2\/product_cat?post=4385620"},{"taxonomy":"product_tag","embeddable":true,"href":"https:\/\/tupique.com\/es\/wp-json\/wp\/v2\/product_tag?post=4385620"}],"curies":[{"name":"wp","href":"https:\/\/api.w.org\/{rel}","templated":true}]}}