{"id":4385669,"date":"2026-04-09T02:01:58","date_gmt":"2026-04-09T01:01:58","guid":{"rendered":"https:\/\/tupique.com\/produit\/smartphone-google-ga10217-gb-12-gb-ram-256-gb-violet\/"},"modified":"2026-04-09T07:55:15","modified_gmt":"2026-04-09T06:55:15","slug":"smartphone-google-ga10217-gb-12-gb-ram-256-gb-violet","status":"publish","type":"product","link":"https:\/\/tupique.com\/es\/producto\/smartphone-google-ga10217-gb-12-gb-ram-256-gb-violet\/","title":{"rendered":"Smartphone Google GA10217-GB 12 GB RAM 256 GB Violet"},"content":{"rendered":"<p>Si le apasiona\u2019<b>inform\u00e1tica y electr\u00f3nica<\/b>, Si est\u00e1s a la \u00faltima en tecnolog\u00eda y no quieres perderte nada, compra <b>Smartphone Google GA10217-GB 12 GB RAM 256 GB Violet<\/b> al mejor precio.<\/p>\n<p>Le <b>smartphone<\/b> <b>Google<\/b> se d\u00e9cline en \u00e9l\u00e9gantes finitions <b>blanco<\/b> y <b>violet<\/b> et offre un \u00e9quilibre solide entre design moderne et fonctionnalit\u00e9s avanc\u00e9es, se distinguant notamment par sa m\u00e9moire <b>RAM de 12 Go<\/b> qui assure un fonctionnement fluide et rapide, m\u00eame en multit\u00e2che ou avec des applications exigeantes. Son <b>\u00e9cran de 6,3 pouces<\/b> garantit une exp\u00e9rience visuelle large et nette, id\u00e9ale pour la navigation, le multim\u00e9dia et l\u2019utilisation quotidienne des applications. Il dispose d\u2019une g\u00e9n\u00e9reuse <b>capacit\u00e9 de stockage de 256 Go<\/b>, suffisante pour stocker photos, vid\u00e9os, applications et documents sans souci d\u2019espace. L\u2019appareil int\u00e8gre des mat\u00e9riaux de qualit\u00e9 comme l\u2019aluminium, apportant l\u00e9g\u00e8ret\u00e9 et robustesse pour une sensation premium en main. Il embarque \u00e9galement des <b>capteurs avanc\u00e9s<\/b> tels que <b>GPS<\/b>, barom\u00e8tre et capteur de luminosit\u00e9 ambiante, am\u00e9liorant la pr\u00e9cision de la navigation, le suivi d\u2019activit\u00e9 et l\u2019ajustement automatique de la luminosit\u00e9 selon l\u2019environnement. Con\u00e7u pour les utilisateurs recherchant fiabilit\u00e9 et performance, ce smartphone s\u2019impose comme une option polyvalente et moderne dans la gamme Google.<\/p>\n<ul>\n<li>Tipo: Smartphone<\/li>\n<li>Producto enchufable: S\u00ed<\/li>\n<li>Color:\n<ul>\n<li>Blanco<\/li>\n<li>Morado<\/li>\n<li>Violeta<\/li>\n<\/ul>\n<\/li>\n<li>puissance: 30 W<\/li>\n<li>Ecran: 6,3&#8243;<\/li>\n<li>Processeur: Octa Core<\/li>\n<li>Tipo de enchufe: enchufe UE<\/li>\n<li>Diagonale de l&#8217;\u00e9cran (cm): 16 cm<\/li>\n<li>Caracter\u00edsticas:\n<ul>\n<li>St\u00e9r\u00e9o<\/li>\n<li>Chargement rapide<\/li>\n<li>Anti-trace<\/li>\n<li>GPS<\/li>\n<li>Bar\u00f3metro<\/li>\n<li>Sensor de luz ambiental<\/li>\n<li>HDR<\/li>\n<li>Autoenfoque<\/li>\n<li>Carga r\u00e1pida y fiable<\/li>\n<li>Syst\u00e8me de reconnaissance faciale<\/li>\n<li>Lector de huellas dactilares<\/li>\n<li>Capteur de proximit\u00e9<\/li>\n<li>Cristal Gorilla<\/li>\n<li>Pantalla plana<\/li>\n<\/ul>\n<\/li>\n<li>Aceler\u00f3metro: S\u00ed<\/li>\n<li>Stabilisateur d&#8217;image: Oui<\/li>\n<li>GPS: Oui<\/li>\n<li>Conectividad:\n<ul>\n<li>GPS<\/li>\n<li>Galileo<\/li>\n<li>4G<\/li>\n<li>Wi-Fi 6E ghz<\/li>\n<li>Bluetooth<\/li>\n<li>NFC<\/li>\n<li>BeiDou<\/li>\n<li>5G<\/li>\n<li>LTE<\/li>\n<li>Wi-Fi de 6 GHz<\/li>\n<\/ul>\n<\/li>\n<li>Glonass: S\u00ed<\/li>\n<li>Grado de protecci\u00f3n: IP68<\/li>\n<li>Giroscopio: S\u00ed<\/li>\n<li>Tecnolog\u00eda:\n<ul>\n<li>Corning Gorilla Glass<\/li>\n<li>Mimo<\/li>\n<li>Glonass<\/li>\n<li>OLED<\/li>\n<\/ul>\n<\/li>\n<li>Conexiones:\n<ul>\n<li>nano SIM<\/li>\n<li>USB-C<\/li>\n<li>Doble SIM<\/li>\n<\/ul>\n<\/li>\n<li>Funciones:\n<ul>\n<li>Bar\u00f3metro<\/li>\n<li>ECO<\/li>\n<\/ul>\n<\/li>\n<li>Poids approx.: 204 gr<\/li>\n<li>\u00c9lev\u00e9: 15,3 cm<\/li>\n<li>Material: Aluminio<\/li>\n<li>Clasificaci\u00f3n energ\u00e9tica: B<\/li>\n<li>Sistema operativo: Android<\/li>\n<li>Capteurs:\n<ul>\n<li>Aceler\u00f3metro<\/li>\n<li>Giroscopio<\/li>\n<li>Magn\u00e9tique<\/li>\n<\/ul>\n<\/li>\n<li>Memoria RAM: 12 GB RAM<\/li>\n<li>C\u00e1mara:\n<ul>\n<li>13 MP<\/li>\n<li>Frontal<\/li>\n<li>48 MP<\/li>\n<li>Triple<\/li>\n<\/ul>\n<\/li>\n<li>Frecuencia: 120 Hz<\/li>\n<li>Angle: 120\u00ba<\/li>\n<li>Rapport d&#8217;aspect: 20:9<\/li>\n<li>Apertura: F\/1,7<\/li>\n<li>Memoria interna: 256 GB<\/li>\n<li>R\u00e9solution (px): 1080 px<\/li>\n<\/ul>","protected":false},"excerpt":{"rendered":"<p>Si vous \u00eates passionn\u00e9 d&#8217;informatique et d&#8217;\u00e9lectronique, si vous \u00eates \u00e0 la pointe de la technologie et qu&#8217;aucun d\u00e9tail ne<\/p>","protected":false},"featured_media":4385650,"comment_status":"open","ping_status":"closed","template":"","meta":{"_joinchat":[]},"product_brand":[157939],"product_cat":[157523,157516,157524],"product_tag":[157514,157522,157515],"class_list":{"0":"post-4385669","1":"product","2":"type-product","3":"status-publish","4":"has-post-thumbnail","6":"product_brand-brandp_2817","7":"product_cat-electronique-telephonie-et-tablettes","8":"product_cat-informatique-electronique","9":"product_cat-telephones-portables","10":"product_tag-tag_933","11":"product_tag-tag_547","12":"product_tag-tag_1295","14":"first","15":"outofstock","16":"taxable","17":"shipping-taxable","18":"purchasable","19":"product-type-simple"},"yoast_head":"<!-- This site is optimized with the Yoast SEO plugin v27.2 - https:\/\/yoast.com\/product\/yoast-seo-wordpress\/ -->\n<title>Smartphone Google GA10217-GB 12 GB RAM 256 GB Violet - Tupique<\/title>\n<meta name=\"description\" content=\"Vous cherchez Smartphone Google GA10217-GB 12 GB RAM 256 GB Violet ? Achetez des produits chez Tupique. Profitez de la livraison gratuite pour obtenir Smartphone Google GA10217-GB 12 GB RAM 256 GB Violet d\u00e8s maintenant.\" \/>\n<meta name=\"robots\" content=\"index, follow, max-snippet:-1, max-image-preview:large, max-video-preview:-1\" \/>\n<link rel=\"canonical\" href=\"https:\/\/tupique.com\/es\/producto\/smartphone-google-ga10217-gb-12-gb-ram-256-gb-violet\/\" \/>\n<meta property=\"og:locale\" content=\"es_ES\" \/>\n<meta property=\"og:type\" content=\"article\" \/>\n<meta property=\"og:title\" content=\"Smartphone Google GA10217-GB 12 GB RAM 256 GB Violet - Tupique\" \/>\n<meta property=\"og:description\" content=\"Vous cherchez Smartphone Google GA10217-GB 12 GB RAM 256 GB Violet ? Achetez des produits chez Tupique. Profitez de la livraison gratuite pour obtenir Smartphone Google GA10217-GB 12 GB RAM 256 GB Violet d\u00e8s maintenant.\" \/>\n<meta property=\"og:url\" content=\"https:\/\/tupique.com\/es\/producto\/smartphone-google-ga10217-gb-12-gb-ram-256-gb-violet\/\" \/>\n<meta property=\"og:site_name\" content=\"Tupique\" \/>\n<meta property=\"article:modified_time\" content=\"2026-04-09T06:55:15+00:00\" \/>\n<meta property=\"og:image\" content=\"https:\/\/tupique.com\/wp-content\/uploads\/2026\/04\/0840353926646_M0806580_P00.jpg\" \/>\n\t<meta property=\"og:image:width\" content=\"1200\" \/>\n\t<meta property=\"og:image:height\" content=\"1200\" \/>\n\t<meta property=\"og:image:type\" content=\"image\/jpeg\" \/>\n<meta name=\"twitter:card\" content=\"summary_large_image\" \/>\n<meta name=\"twitter:label1\" content=\"Tiempo de lectura\" \/>\n\t<meta name=\"twitter:data1\" content=\"2 minutos\" \/>\n<script type=\"application\/ld+json\" class=\"yoast-schema-graph\">{\"@context\":\"https:\/\/schema.org\",\"@graph\":[{\"@type\":\"WebPage\",\"@id\":\"https:\/\/tupique.com\/produit\/smartphone-google-ga10217-gb-12-gb-ram-256-gb-violet\/\",\"url\":\"https:\/\/tupique.com\/produit\/smartphone-google-ga10217-gb-12-gb-ram-256-gb-violet\/\",\"name\":\"Smartphone Google GA10217-GB 12 GB RAM 256 GB Violet - Tupique\",\"isPartOf\":{\"@id\":\"https:\/\/tupique.com\/#website\"},\"primaryImageOfPage\":{\"@id\":\"https:\/\/tupique.com\/produit\/smartphone-google-ga10217-gb-12-gb-ram-256-gb-violet\/#primaryimage\"},\"image\":{\"@id\":\"https:\/\/tupique.com\/produit\/smartphone-google-ga10217-gb-12-gb-ram-256-gb-violet\/#primaryimage\"},\"thumbnailUrl\":\"https:\/\/tupique.com\/wp-content\/uploads\/2026\/04\/0840353926646_M0806580_P00.jpg\",\"datePublished\":\"2026-04-09T01:01:58+00:00\",\"dateModified\":\"2026-04-09T06:55:15+00:00\",\"description\":\"Vous cherchez Smartphone Google GA10217-GB 12 GB RAM 256 GB Violet ? Achetez des produits chez Tupique. Profitez de la livraison gratuite pour obtenir Smartphone Google GA10217-GB 12 GB RAM 256 GB Violet d\u00e8s maintenant.\",\"breadcrumb\":{\"@id\":\"https:\/\/tupique.com\/produit\/smartphone-google-ga10217-gb-12-gb-ram-256-gb-violet\/#breadcrumb\"},\"inLanguage\":\"es\",\"potentialAction\":[{\"@type\":\"ReadAction\",\"target\":[\"https:\/\/tupique.com\/produit\/smartphone-google-ga10217-gb-12-gb-ram-256-gb-violet\/\"]}]},{\"@type\":\"ImageObject\",\"inLanguage\":\"es\",\"@id\":\"https:\/\/tupique.com\/produit\/smartphone-google-ga10217-gb-12-gb-ram-256-gb-violet\/#primaryimage\",\"url\":\"https:\/\/tupique.com\/wp-content\/uploads\/2026\/04\/0840353926646_M0806580_P00.jpg\",\"contentUrl\":\"https:\/\/tupique.com\/wp-content\/uploads\/2026\/04\/0840353926646_M0806580_P00.jpg\",\"width\":1200,\"height\":1200,\"caption\":\"S8112058_0\"},{\"@type\":\"BreadcrumbList\",\"@id\":\"https:\/\/tupique.com\/produit\/smartphone-google-ga10217-gb-12-gb-ram-256-gb-violet\/#breadcrumb\",\"itemListElement\":[{\"@type\":\"ListItem\",\"position\":1,\"name\":\"In\u00edcio\",\"item\":\"https:\/\/tupique.com\/\"},{\"@type\":\"ListItem\",\"position\":2,\"name\":\"Boutique\",\"item\":\"https:\/\/tupique.com\/en\/boutique\/\"},{\"@type\":\"ListItem\",\"position\":3,\"name\":\"Smartphone Google GA10217-GB 12 GB RAM 256 GB Violet\"}]},{\"@type\":\"WebSite\",\"@id\":\"https:\/\/tupique.com\/#website\",\"url\":\"https:\/\/tupique.com\/\",\"name\":\"Tupique\",\"description\":\"Marketplace\",\"publisher\":{\"@id\":\"https:\/\/tupique.com\/#organization\"},\"potentialAction\":[{\"@type\":\"SearchAction\",\"target\":{\"@type\":\"EntryPoint\",\"urlTemplate\":\"https:\/\/tupique.com\/?s={search_term_string}\"},\"query-input\":{\"@type\":\"PropertyValueSpecification\",\"valueRequired\":true,\"valueName\":\"search_term_string\"}}],\"inLanguage\":\"es\"},{\"@type\":\"Organization\",\"@id\":\"https:\/\/tupique.com\/#organization\",\"name\":\"Tupique\",\"url\":\"https:\/\/tupique.com\/\",\"logo\":{\"@type\":\"ImageObject\",\"inLanguage\":\"es\",\"@id\":\"https:\/\/tupique.com\/#\/schema\/logo\/image\/\",\"url\":\"https:\/\/tupique.com\/wp-content\/uploads\/2024\/09\/logo.png\",\"contentUrl\":\"https:\/\/tupique.com\/wp-content\/uploads\/2024\/09\/logo.png\",\"width\":1118,\"height\":310,\"caption\":\"Tupique\"},\"image\":{\"@id\":\"https:\/\/tupique.com\/#\/schema\/logo\/image\/\"}}]}<\/script>\n<!-- \/ Yoast SEO plugin. -->","yoast_head_json":{"title":"Smartphone Google GA10217-GB 12 GB RAM 256 GB Violet - Tupique","description":"Vous cherchez Smartphone Google GA10217-GB 12 GB RAM 256 GB Violet ? Achetez des produits chez Tupique. Profitez de la livraison gratuite pour obtenir Smartphone Google GA10217-GB 12 GB RAM 256 GB Violet d\u00e8s maintenant.","robots":{"index":"index","follow":"follow","max-snippet":"max-snippet:-1","max-image-preview":"max-image-preview:large","max-video-preview":"max-video-preview:-1"},"canonical":"https:\/\/tupique.com\/es\/producto\/smartphone-google-ga10217-gb-12-gb-ram-256-gb-violet\/","og_locale":"es_ES","og_type":"article","og_title":"Smartphone Google GA10217-GB 12 GB RAM 256 GB Violet - Tupique","og_description":"Vous cherchez Smartphone Google GA10217-GB 12 GB RAM 256 GB Violet ? Achetez des produits chez Tupique. Profitez de la livraison gratuite pour obtenir Smartphone Google GA10217-GB 12 GB RAM 256 GB Violet d\u00e8s maintenant.","og_url":"https:\/\/tupique.com\/es\/producto\/smartphone-google-ga10217-gb-12-gb-ram-256-gb-violet\/","og_site_name":"Tupique","article_modified_time":"2026-04-09T06:55:15+00:00","og_image":[{"width":1200,"height":1200,"url":"https:\/\/tupique.com\/wp-content\/uploads\/2026\/04\/0840353926646_M0806580_P00.jpg","type":"image\/jpeg"}],"twitter_card":"summary_large_image","twitter_misc":{"Tiempo de lectura":"2 minutos"},"schema":{"@context":"https:\/\/schema.org","@graph":[{"@type":"WebPage","@id":"https:\/\/tupique.com\/produit\/smartphone-google-ga10217-gb-12-gb-ram-256-gb-violet\/","url":"https:\/\/tupique.com\/produit\/smartphone-google-ga10217-gb-12-gb-ram-256-gb-violet\/","name":"Smartphone Google GA10217-GB 12 GB RAM 256 GB Violet - Tupique","isPartOf":{"@id":"https:\/\/tupique.com\/#website"},"primaryImageOfPage":{"@id":"https:\/\/tupique.com\/produit\/smartphone-google-ga10217-gb-12-gb-ram-256-gb-violet\/#primaryimage"},"image":{"@id":"https:\/\/tupique.com\/produit\/smartphone-google-ga10217-gb-12-gb-ram-256-gb-violet\/#primaryimage"},"thumbnailUrl":"https:\/\/tupique.com\/wp-content\/uploads\/2026\/04\/0840353926646_M0806580_P00.jpg","datePublished":"2026-04-09T01:01:58+00:00","dateModified":"2026-04-09T06:55:15+00:00","description":"Vous cherchez Smartphone Google GA10217-GB 12 GB RAM 256 GB Violet ? Achetez des produits chez Tupique. Profitez de la livraison gratuite pour obtenir Smartphone Google GA10217-GB 12 GB RAM 256 GB Violet d\u00e8s maintenant.","breadcrumb":{"@id":"https:\/\/tupique.com\/produit\/smartphone-google-ga10217-gb-12-gb-ram-256-gb-violet\/#breadcrumb"},"inLanguage":"es","potentialAction":[{"@type":"ReadAction","target":["https:\/\/tupique.com\/produit\/smartphone-google-ga10217-gb-12-gb-ram-256-gb-violet\/"]}]},{"@type":"ImageObject","inLanguage":"es","@id":"https:\/\/tupique.com\/produit\/smartphone-google-ga10217-gb-12-gb-ram-256-gb-violet\/#primaryimage","url":"https:\/\/tupique.com\/wp-content\/uploads\/2026\/04\/0840353926646_M0806580_P00.jpg","contentUrl":"https:\/\/tupique.com\/wp-content\/uploads\/2026\/04\/0840353926646_M0806580_P00.jpg","width":1200,"height":1200,"caption":"S8112058_0"},{"@type":"BreadcrumbList","@id":"https:\/\/tupique.com\/produit\/smartphone-google-ga10217-gb-12-gb-ram-256-gb-violet\/#breadcrumb","itemListElement":[{"@type":"ListItem","position":1,"name":"In\u00edcio","item":"https:\/\/tupique.com\/"},{"@type":"ListItem","position":2,"name":"Boutique","item":"https:\/\/tupique.com\/en\/boutique\/"},{"@type":"ListItem","position":3,"name":"Smartphone Google GA10217-GB 12 GB RAM 256 GB Violet"}]},{"@type":"WebSite","@id":"https:\/\/tupique.com\/#website","url":"https:\/\/tupique.com\/","name":"Tupique","description":"Marketplace","publisher":{"@id":"https:\/\/tupique.com\/#organization"},"potentialAction":[{"@type":"SearchAction","target":{"@type":"EntryPoint","urlTemplate":"https:\/\/tupique.com\/?s={search_term_string}"},"query-input":{"@type":"PropertyValueSpecification","valueRequired":true,"valueName":"search_term_string"}}],"inLanguage":"es"},{"@type":"Organization","@id":"https:\/\/tupique.com\/#organization","name":"Tupique","url":"https:\/\/tupique.com\/","logo":{"@type":"ImageObject","inLanguage":"es","@id":"https:\/\/tupique.com\/#\/schema\/logo\/image\/","url":"https:\/\/tupique.com\/wp-content\/uploads\/2024\/09\/logo.png","contentUrl":"https:\/\/tupique.com\/wp-content\/uploads\/2024\/09\/logo.png","width":1118,"height":310,"caption":"Tupique"},"image":{"@id":"https:\/\/tupique.com\/#\/schema\/logo\/image\/"}}]}},"jetpack_sharing_enabled":true,"_links":{"self":[{"href":"https:\/\/tupique.com\/es\/wp-json\/wp\/v2\/product\/4385669","targetHints":{"allow":["GET"]}}],"collection":[{"href":"https:\/\/tupique.com\/es\/wp-json\/wp\/v2\/product"}],"about":[{"href":"https:\/\/tupique.com\/es\/wp-json\/wp\/v2\/types\/product"}],"replies":[{"embeddable":true,"href":"https:\/\/tupique.com\/es\/wp-json\/wp\/v2\/comments?post=4385669"}],"wp:featuredmedia":[{"embeddable":true,"href":"https:\/\/tupique.com\/es\/wp-json\/wp\/v2\/media\/4385650"}],"wp:attachment":[{"href":"https:\/\/tupique.com\/es\/wp-json\/wp\/v2\/media?parent=4385669"}],"wp:term":[{"taxonomy":"product_brand","embeddable":true,"href":"https:\/\/tupique.com\/es\/wp-json\/wp\/v2\/product_brand?post=4385669"},{"taxonomy":"product_cat","embeddable":true,"href":"https:\/\/tupique.com\/es\/wp-json\/wp\/v2\/product_cat?post=4385669"},{"taxonomy":"product_tag","embeddable":true,"href":"https:\/\/tupique.com\/es\/wp-json\/wp\/v2\/product_tag?post=4385669"}],"curies":[{"name":"wp","href":"https:\/\/api.w.org\/{rel}","templated":true}]}}