{"id":4385717,"date":"2026-04-09T02:02:57","date_gmt":"2026-04-09T01:02:57","guid":{"rendered":"https:\/\/tupique.com\/produit\/ordinateur-portable-msi-9s7-15a352-217-16-32-gb-ram-2-tb-ssd-intel-core-ultra-9-185h-intel-arc-140\/"},"modified":"2026-04-09T07:55:20","modified_gmt":"2026-04-09T06:55:20","slug":"ordinateur-portable-msi-9s7-15a352-217-16-32-gb-ram-2-tb-ssd-intel-core-ultra-9-185h-intel-arc-140","status":"publish","type":"product","link":"https:\/\/tupique.com\/es\/producto\/ordinateur-portable-msi-9s7-15a352-217-16-32-gb-ram-2-tb-ssd-intel-core-ultra-9-185h-intel-arc-140\/","title":{"rendered":"Ordinateur Portable MSI 9S7-15A352-217 16&#8243; 32 GB RAM 2 TB SSD Intel Core Ultra 9 185H intel arc 140"},"content":{"rendered":"<p>Si buscas las \u00faltimas tendencias del mercado, nosotros te ayudamos. <b>Ordinateur Portable MSI 9S7-15A352-217 16&#8243; 32 GB RAM 2 TB SSD Intel Core Ultra 9 185H intel arc 140<\/b> !<\/p>\n<ul>\n<li>Clavier: Espagnol Qwerty<\/li>\n<li>Tipo:\n<ul>\n<li>Ordinateur Portable<\/li>\n<li>Portable<\/li>\n<li>Clavier num\u00e9rique<\/li>\n<li>Touchpad<\/li>\n<\/ul>\n<\/li>\n<li>Conexiones:\n<ul>\n<li>USB-C<\/li>\n<li>USB 3.2<\/li>\n<li>USB 4.0<\/li>\n<li>HDMI<\/li>\n<li>Ethernet LAN<\/li>\n<li>2<\/li>\n<li>M.2<\/li>\n<li>RJ45<\/li>\n<li>HDMI 2.1 x 1<\/li>\n<li>Thunderbolt 4 x 2<\/li>\n<li>PCI Express 4.0<\/li>\n<li>C\u00e2ble jack 3,3 mm<\/li>\n<\/ul>\n<\/li>\n<li>Producto enchufable: S\u00ed<\/li>\n<li>Tipo de memoria:\n<ul>\n<li>SDRAM<\/li>\n<li>LPDDR5X<\/li>\n<\/ul>\n<\/li>\n<li>Incluye:\n<ul>\n<li>Lecteur de cartes m\u00e9moires flash<\/li>\n<li>Touchpad<\/li>\n<li>C\u00e1mara web<\/li>\n<li>SSD x 1<\/li>\n<\/ul>\n<\/li>\n<li>Type de batterie: Batterie au lithium rechargeable<\/li>\n<li>Contr\u00f4leur graphique:\n<ul>\n<li>Chipset int\u00e9gr\u00e9e<\/li>\n<li>Intel UHD Graphics<\/li>\n<li>INTEL ARC GRAPHICS<\/li>\n<\/ul>\n<\/li>\n<li>Cartes M\u00e9moire Compatibles:\n<ul>\n<li>SD<\/li>\n<li>SDHC<\/li>\n<li>SDXC<\/li>\n<li>SD,SDHC,SDXC<\/li>\n<\/ul>\n<\/li>\n<li>Material:\n<ul>\n<li>Pl\u00e1stico<\/li>\n<li>Metal<\/li>\n<\/ul>\n<\/li>\n<li>Illumination: Rouge<\/li>\n<li>Resoluci\u00f3n:\n<ul>\n<li>Quad HD+<\/li>\n<li>3840 x 2400<\/li>\n<\/ul>\n<\/li>\n<li>Conectividad:\n<ul>\n<li>Bluetooth 5.4<\/li>\n<li>Wi-Fi<\/li>\n<li>Bluetooth<\/li>\n<li>Ethernet LAN<\/li>\n<li>WI-FI 7<\/li>\n<\/ul>\n<\/li>\n<li>Fuente de alimentaci\u00f3n:\n<ul>\n<li>r\u00e9seau \u00e9lectrique<\/li>\n<li>USB<\/li>\n<\/ul>\n<\/li>\n<li>Couleur: Argent\u00e9<\/li>\n<li>Pantalla t\u00e1ctil: No<\/li>\n<li>Type d&#8217;unit\u00e9 optique: Non<\/li>\n<li>Son: 2 W<\/li>\n<li>Frecuencia:\n<ul>\n<li>60 Hz<\/li>\n<li>5,1 GHz<\/li>\n<\/ul>\n<\/li>\n<li>Capacit\u00e9 de la batterie: 99,9 Wh<\/li>\n<li>Syst\u00e8me d&#8217;exploitation: Windows 11 Pro<\/li>\n<li>Type de stockage: SSD<\/li>\n<li>R\u00e9solution (px): 3840 x 2400 Px<\/li>\n<li>Ecran: 16&#8243;<\/li>\n<li>M\u00e9moire RAM: 32 GB RAM<\/li>\n<li>Disque dur: 2 TB SSD<\/li>\n<li>Caracter\u00edsticas:\n<ul>\n<li>C\u00e1mara frontal<\/li>\n<li>HDR<\/li>\n<li>R\u00e9tro-\u00e9clair\u00e9<\/li>\n<li>Lector de tarjetas<\/li>\n<li>2 altavoces<\/li>\n<li>Adaptateur graphique int\u00e9gr\u00e9<\/li>\n<\/ul>\n<\/li>\n<li>Rapport d&#8217;aspect: 16:10<\/li>\n<li>Peso: 1,5 Kg<\/li>\n<li>puissance: 100 W<\/li>\n<li>velocidad:\n<ul>\n<li>2,40 GHz<\/li>\n<li>30 fps<\/li>\n<li>10\/100\/1000 Mbps<\/li>\n<\/ul>\n<\/li>\n<li>Cache: 12 MB<\/li>\n<li>USB: 4<\/li>\n<li>Lecteur de Cartes: Micro SD<\/li>\n<li>Cam\u00e9ra\/Appareil Photo: 5 Mp<\/li>\n<li>Non Inclus:\n<ul>\n<li>Type d&#8217;unit\u00e9 optique<\/li>\n<li>Adaptateur AC<\/li>\n<li>Conexi\u00f3n a la red m\u00f3vil<\/li>\n<li>Adaptateur graphique discret<\/li>\n<\/ul>\n<\/li>\n<li>Format: M.2<\/li>\n<li>Tipo de enchufe: enchufe UE<\/li>\n<li>Tecnolog\u00eda: OLED<\/li>\n<li>Flux lumineux: 400 lm<\/li>\n<li>Connecteurs: Kensington<\/li>\n<li>Tension d&#8217;entr\u00e9e AC: 90 &#8211; 264 V<\/li>\n<li>Taille: 16&#8243;<\/li>\n<li>Utilisation recommand\u00e9e: Entreprise et commerce<\/li>\n<li>N\u00facleos: 8 n\u00facleos<\/li>\n<li>Famille de processeurs: Intel<\/li>\n<li>Diagonale de l&#8217;\u00e9cran (cm): 40,6 cm<\/li>\n<li>Autonomie approx.: 10,3 heures<\/li>\n<li>Puissance de charge: 100 W<\/li>\n<li>Processeur: Intel Core Ultra 9 185H<\/li>\n<li>Adaptateur: 65 w<\/li>\n<li>Carte Graphique: intel arc 140<\/li>\n<\/ul>","protected":false},"excerpt":{"rendered":"<p>Si vous \u00eates \u00e0 la recherche de nouvelles tendances sur le march\u00e9, nous vous pr\u00e9sentons Ordinateur Portable MSI 9S7-15A352-217 16&#8243;<\/p>","protected":false},"featured_media":4385687,"comment_status":"open","ping_status":"closed","template":"","meta":{"_joinchat":[]},"product_brand":[158016],"product_cat":[157516,157583,155043],"product_tag":[157514,157515],"class_list":{"0":"post-4385717","1":"product","2":"type-product","3":"status-publish","4":"has-post-thumbnail","6":"product_brand-brandp_565","7":"product_cat-informatique-electronique","8":"product_cat-informatique-ordinateurs","9":"product_cat-notebooks","10":"product_tag-tag_933","11":"product_tag-tag_1295","13":"first","14":"instock","15":"taxable","16":"shipping-taxable","17":"purchasable","18":"product-type-simple"},"yoast_head":"<!-- This site is optimized with the Yoast SEO plugin v27.2 - https:\/\/yoast.com\/product\/yoast-seo-wordpress\/ -->\n<title>Ordinateur Portable MSI 9S7-15A352-217 16&quot; 32 GB RAM 2 TB SSD Intel Core Ultra 9 185H intel arc 140 - Tupique<\/title>\n<meta name=\"description\" content=\"Vous cherchez Ordinateur Portable MSI 9S7-15A352-217 16&quot; 32 GB RAM 2 TB SSD Intel Core Ultra 9 185H intel arc 140 ? Achetez des produits chez Tupique. Profitez de la livraison gratuite pour obtenir Ordinateur Portable MSI 9S7-15A352-217 16&quot; 32 GB RAM 2 TB SSD Intel Core Ultra 9 185H intel arc 140 d\u00e8s maintenant.\" \/>\n<meta name=\"robots\" content=\"index, follow, max-snippet:-1, max-image-preview:large, max-video-preview:-1\" \/>\n<link rel=\"canonical\" href=\"https:\/\/tupique.com\/es\/producto\/ordinateur-portable-msi-9s7-15a352-217-16-32-gb-ram-2-tb-ssd-intel-core-ultra-9-185h-intel-arc-140\/\" \/>\n<meta property=\"og:locale\" content=\"es_ES\" \/>\n<meta property=\"og:type\" content=\"article\" \/>\n<meta property=\"og:title\" content=\"Ordinateur Portable MSI 9S7-15A352-217 16&quot; 32 GB RAM 2 TB SSD Intel Core Ultra 9 185H intel arc 140 - Tupique\" \/>\n<meta property=\"og:description\" content=\"Vous cherchez Ordinateur Portable MSI 9S7-15A352-217 16&quot; 32 GB RAM 2 TB SSD Intel Core Ultra 9 185H intel arc 140 ? Achetez des produits chez Tupique. Profitez de la livraison gratuite pour obtenir Ordinateur Portable MSI 9S7-15A352-217 16&quot; 32 GB RAM 2 TB SSD Intel Core Ultra 9 185H intel arc 140 d\u00e8s maintenant.\" \/>\n<meta property=\"og:url\" content=\"https:\/\/tupique.com\/es\/producto\/ordinateur-portable-msi-9s7-15a352-217-16-32-gb-ram-2-tb-ssd-intel-core-ultra-9-185h-intel-arc-140\/\" \/>\n<meta property=\"og:site_name\" content=\"Tupique\" \/>\n<meta property=\"article:modified_time\" content=\"2026-04-09T06:55:20+00:00\" \/>\n<meta property=\"og:image\" content=\"https:\/\/tupique.com\/wp-content\/uploads\/2026\/04\/4711377398091_M0329885_P00.jpg\" \/>\n\t<meta property=\"og:image:width\" content=\"1200\" \/>\n\t<meta property=\"og:image:height\" content=\"1200\" \/>\n\t<meta property=\"og:image:type\" content=\"image\/jpeg\" \/>\n<meta name=\"twitter:card\" content=\"summary_large_image\" \/>\n<meta name=\"twitter:label1\" content=\"Tiempo de lectura\" \/>\n\t<meta name=\"twitter:data1\" content=\"1 minuto\" \/>\n<script type=\"application\/ld+json\" class=\"yoast-schema-graph\">{\"@context\":\"https:\/\/schema.org\",\"@graph\":[{\"@type\":\"WebPage\",\"@id\":\"https:\/\/tupique.com\/produit\/ordinateur-portable-msi-9s7-15a352-217-16-32-gb-ram-2-tb-ssd-intel-core-ultra-9-185h-intel-arc-140\/\",\"url\":\"https:\/\/tupique.com\/produit\/ordinateur-portable-msi-9s7-15a352-217-16-32-gb-ram-2-tb-ssd-intel-core-ultra-9-185h-intel-arc-140\/\",\"name\":\"Ordinateur Portable MSI 9S7-15A352-217 16\\\" 32 GB RAM 2 TB SSD Intel Core Ultra 9 185H intel arc 140 - Tupique\",\"isPartOf\":{\"@id\":\"https:\/\/tupique.com\/#website\"},\"primaryImageOfPage\":{\"@id\":\"https:\/\/tupique.com\/produit\/ordinateur-portable-msi-9s7-15a352-217-16-32-gb-ram-2-tb-ssd-intel-core-ultra-9-185h-intel-arc-140\/#primaryimage\"},\"image\":{\"@id\":\"https:\/\/tupique.com\/produit\/ordinateur-portable-msi-9s7-15a352-217-16-32-gb-ram-2-tb-ssd-intel-core-ultra-9-185h-intel-arc-140\/#primaryimage\"},\"thumbnailUrl\":\"https:\/\/tupique.com\/wp-content\/uploads\/2026\/04\/4711377398091_M0329885_P00.jpg\",\"datePublished\":\"2026-04-09T01:02:57+00:00\",\"dateModified\":\"2026-04-09T06:55:20+00:00\",\"description\":\"Vous cherchez Ordinateur Portable MSI 9S7-15A352-217 16\\\" 32 GB RAM 2 TB SSD Intel Core Ultra 9 185H intel arc 140 ? Achetez des produits chez Tupique. Profitez de la livraison gratuite pour obtenir Ordinateur Portable MSI 9S7-15A352-217 16\\\" 32 GB RAM 2 TB SSD Intel Core Ultra 9 185H intel arc 140 d\u00e8s maintenant.\",\"breadcrumb\":{\"@id\":\"https:\/\/tupique.com\/produit\/ordinateur-portable-msi-9s7-15a352-217-16-32-gb-ram-2-tb-ssd-intel-core-ultra-9-185h-intel-arc-140\/#breadcrumb\"},\"inLanguage\":\"es\",\"potentialAction\":[{\"@type\":\"ReadAction\",\"target\":[\"https:\/\/tupique.com\/produit\/ordinateur-portable-msi-9s7-15a352-217-16-32-gb-ram-2-tb-ssd-intel-core-ultra-9-185h-intel-arc-140\/\"]}]},{\"@type\":\"ImageObject\",\"inLanguage\":\"es\",\"@id\":\"https:\/\/tupique.com\/produit\/ordinateur-portable-msi-9s7-15a352-217-16-32-gb-ram-2-tb-ssd-intel-core-ultra-9-185h-intel-arc-140\/#primaryimage\",\"url\":\"https:\/\/tupique.com\/wp-content\/uploads\/2026\/04\/4711377398091_M0329885_P00.jpg\",\"contentUrl\":\"https:\/\/tupique.com\/wp-content\/uploads\/2026\/04\/4711377398091_M0329885_P00.jpg\",\"width\":1200,\"height\":1200,\"caption\":\"S55309289_0\"},{\"@type\":\"BreadcrumbList\",\"@id\":\"https:\/\/tupique.com\/produit\/ordinateur-portable-msi-9s7-15a352-217-16-32-gb-ram-2-tb-ssd-intel-core-ultra-9-185h-intel-arc-140\/#breadcrumb\",\"itemListElement\":[{\"@type\":\"ListItem\",\"position\":1,\"name\":\"In\u00edcio\",\"item\":\"https:\/\/tupique.com\/\"},{\"@type\":\"ListItem\",\"position\":2,\"name\":\"Boutique\",\"item\":\"https:\/\/tupique.com\/en\/boutique\/\"},{\"@type\":\"ListItem\",\"position\":3,\"name\":\"Ordinateur Portable MSI 9S7-15A352-217 16&#8243; 32 GB RAM 2 TB SSD Intel Core Ultra 9 185H intel arc 140\"}]},{\"@type\":\"WebSite\",\"@id\":\"https:\/\/tupique.com\/#website\",\"url\":\"https:\/\/tupique.com\/\",\"name\":\"Tupique\",\"description\":\"Marketplace\",\"publisher\":{\"@id\":\"https:\/\/tupique.com\/#organization\"},\"potentialAction\":[{\"@type\":\"SearchAction\",\"target\":{\"@type\":\"EntryPoint\",\"urlTemplate\":\"https:\/\/tupique.com\/?s={search_term_string}\"},\"query-input\":{\"@type\":\"PropertyValueSpecification\",\"valueRequired\":true,\"valueName\":\"search_term_string\"}}],\"inLanguage\":\"es\"},{\"@type\":\"Organization\",\"@id\":\"https:\/\/tupique.com\/#organization\",\"name\":\"Tupique\",\"url\":\"https:\/\/tupique.com\/\",\"logo\":{\"@type\":\"ImageObject\",\"inLanguage\":\"es\",\"@id\":\"https:\/\/tupique.com\/#\/schema\/logo\/image\/\",\"url\":\"https:\/\/tupique.com\/wp-content\/uploads\/2024\/09\/logo.png\",\"contentUrl\":\"https:\/\/tupique.com\/wp-content\/uploads\/2024\/09\/logo.png\",\"width\":1118,\"height\":310,\"caption\":\"Tupique\"},\"image\":{\"@id\":\"https:\/\/tupique.com\/#\/schema\/logo\/image\/\"}}]}<\/script>\n<!-- \/ Yoast SEO plugin. -->","yoast_head_json":{"title":"Ordinateur Portable MSI 9S7-15A352-217 16\" 32 GB RAM 2 TB SSD Intel Core Ultra 9 185H intel arc 140 - Tupique","description":"Vous cherchez Ordinateur Portable MSI 9S7-15A352-217 16\" 32 GB RAM 2 TB SSD Intel Core Ultra 9 185H intel arc 140 ? Achetez des produits chez Tupique. Profitez de la livraison gratuite pour obtenir Ordinateur Portable MSI 9S7-15A352-217 16\" 32 GB RAM 2 TB SSD Intel Core Ultra 9 185H intel arc 140 d\u00e8s maintenant.","robots":{"index":"index","follow":"follow","max-snippet":"max-snippet:-1","max-image-preview":"max-image-preview:large","max-video-preview":"max-video-preview:-1"},"canonical":"https:\/\/tupique.com\/es\/producto\/ordinateur-portable-msi-9s7-15a352-217-16-32-gb-ram-2-tb-ssd-intel-core-ultra-9-185h-intel-arc-140\/","og_locale":"es_ES","og_type":"article","og_title":"Ordinateur Portable MSI 9S7-15A352-217 16\" 32 GB RAM 2 TB SSD Intel Core Ultra 9 185H intel arc 140 - Tupique","og_description":"Vous cherchez Ordinateur Portable MSI 9S7-15A352-217 16\" 32 GB RAM 2 TB SSD Intel Core Ultra 9 185H intel arc 140 ? Achetez des produits chez Tupique. Profitez de la livraison gratuite pour obtenir Ordinateur Portable MSI 9S7-15A352-217 16\" 32 GB RAM 2 TB SSD Intel Core Ultra 9 185H intel arc 140 d\u00e8s maintenant.","og_url":"https:\/\/tupique.com\/es\/producto\/ordinateur-portable-msi-9s7-15a352-217-16-32-gb-ram-2-tb-ssd-intel-core-ultra-9-185h-intel-arc-140\/","og_site_name":"Tupique","article_modified_time":"2026-04-09T06:55:20+00:00","og_image":[{"width":1200,"height":1200,"url":"https:\/\/tupique.com\/wp-content\/uploads\/2026\/04\/4711377398091_M0329885_P00.jpg","type":"image\/jpeg"}],"twitter_card":"summary_large_image","twitter_misc":{"Tiempo de lectura":"1 minuto"},"schema":{"@context":"https:\/\/schema.org","@graph":[{"@type":"WebPage","@id":"https:\/\/tupique.com\/produit\/ordinateur-portable-msi-9s7-15a352-217-16-32-gb-ram-2-tb-ssd-intel-core-ultra-9-185h-intel-arc-140\/","url":"https:\/\/tupique.com\/produit\/ordinateur-portable-msi-9s7-15a352-217-16-32-gb-ram-2-tb-ssd-intel-core-ultra-9-185h-intel-arc-140\/","name":"Ordinateur Portable MSI 9S7-15A352-217 16\" 32 GB RAM 2 TB SSD Intel Core Ultra 9 185H intel arc 140 - Tupique","isPartOf":{"@id":"https:\/\/tupique.com\/#website"},"primaryImageOfPage":{"@id":"https:\/\/tupique.com\/produit\/ordinateur-portable-msi-9s7-15a352-217-16-32-gb-ram-2-tb-ssd-intel-core-ultra-9-185h-intel-arc-140\/#primaryimage"},"image":{"@id":"https:\/\/tupique.com\/produit\/ordinateur-portable-msi-9s7-15a352-217-16-32-gb-ram-2-tb-ssd-intel-core-ultra-9-185h-intel-arc-140\/#primaryimage"},"thumbnailUrl":"https:\/\/tupique.com\/wp-content\/uploads\/2026\/04\/4711377398091_M0329885_P00.jpg","datePublished":"2026-04-09T01:02:57+00:00","dateModified":"2026-04-09T06:55:20+00:00","description":"Vous cherchez Ordinateur Portable MSI 9S7-15A352-217 16\" 32 GB RAM 2 TB SSD Intel Core Ultra 9 185H intel arc 140 ? Achetez des produits chez Tupique. Profitez de la livraison gratuite pour obtenir Ordinateur Portable MSI 9S7-15A352-217 16\" 32 GB RAM 2 TB SSD Intel Core Ultra 9 185H intel arc 140 d\u00e8s maintenant.","breadcrumb":{"@id":"https:\/\/tupique.com\/produit\/ordinateur-portable-msi-9s7-15a352-217-16-32-gb-ram-2-tb-ssd-intel-core-ultra-9-185h-intel-arc-140\/#breadcrumb"},"inLanguage":"es","potentialAction":[{"@type":"ReadAction","target":["https:\/\/tupique.com\/produit\/ordinateur-portable-msi-9s7-15a352-217-16-32-gb-ram-2-tb-ssd-intel-core-ultra-9-185h-intel-arc-140\/"]}]},{"@type":"ImageObject","inLanguage":"es","@id":"https:\/\/tupique.com\/produit\/ordinateur-portable-msi-9s7-15a352-217-16-32-gb-ram-2-tb-ssd-intel-core-ultra-9-185h-intel-arc-140\/#primaryimage","url":"https:\/\/tupique.com\/wp-content\/uploads\/2026\/04\/4711377398091_M0329885_P00.jpg","contentUrl":"https:\/\/tupique.com\/wp-content\/uploads\/2026\/04\/4711377398091_M0329885_P00.jpg","width":1200,"height":1200,"caption":"S55309289_0"},{"@type":"BreadcrumbList","@id":"https:\/\/tupique.com\/produit\/ordinateur-portable-msi-9s7-15a352-217-16-32-gb-ram-2-tb-ssd-intel-core-ultra-9-185h-intel-arc-140\/#breadcrumb","itemListElement":[{"@type":"ListItem","position":1,"name":"In\u00edcio","item":"https:\/\/tupique.com\/"},{"@type":"ListItem","position":2,"name":"Boutique","item":"https:\/\/tupique.com\/en\/boutique\/"},{"@type":"ListItem","position":3,"name":"Ordinateur Portable MSI 9S7-15A352-217 16&#8243; 32 GB RAM 2 TB SSD Intel Core Ultra 9 185H intel arc 140"}]},{"@type":"WebSite","@id":"https:\/\/tupique.com\/#website","url":"https:\/\/tupique.com\/","name":"Tupique","description":"Marketplace","publisher":{"@id":"https:\/\/tupique.com\/#organization"},"potentialAction":[{"@type":"SearchAction","target":{"@type":"EntryPoint","urlTemplate":"https:\/\/tupique.com\/?s={search_term_string}"},"query-input":{"@type":"PropertyValueSpecification","valueRequired":true,"valueName":"search_term_string"}}],"inLanguage":"es"},{"@type":"Organization","@id":"https:\/\/tupique.com\/#organization","name":"Tupique","url":"https:\/\/tupique.com\/","logo":{"@type":"ImageObject","inLanguage":"es","@id":"https:\/\/tupique.com\/#\/schema\/logo\/image\/","url":"https:\/\/tupique.com\/wp-content\/uploads\/2024\/09\/logo.png","contentUrl":"https:\/\/tupique.com\/wp-content\/uploads\/2024\/09\/logo.png","width":1118,"height":310,"caption":"Tupique"},"image":{"@id":"https:\/\/tupique.com\/#\/schema\/logo\/image\/"}}]}},"jetpack_sharing_enabled":true,"_links":{"self":[{"href":"https:\/\/tupique.com\/es\/wp-json\/wp\/v2\/product\/4385717","targetHints":{"allow":["GET"]}}],"collection":[{"href":"https:\/\/tupique.com\/es\/wp-json\/wp\/v2\/product"}],"about":[{"href":"https:\/\/tupique.com\/es\/wp-json\/wp\/v2\/types\/product"}],"replies":[{"embeddable":true,"href":"https:\/\/tupique.com\/es\/wp-json\/wp\/v2\/comments?post=4385717"}],"wp:featuredmedia":[{"embeddable":true,"href":"https:\/\/tupique.com\/es\/wp-json\/wp\/v2\/media\/4385687"}],"wp:attachment":[{"href":"https:\/\/tupique.com\/es\/wp-json\/wp\/v2\/media?parent=4385717"}],"wp:term":[{"taxonomy":"product_brand","embeddable":true,"href":"https:\/\/tupique.com\/es\/wp-json\/wp\/v2\/product_brand?post=4385717"},{"taxonomy":"product_cat","embeddable":true,"href":"https:\/\/tupique.com\/es\/wp-json\/wp\/v2\/product_cat?post=4385717"},{"taxonomy":"product_tag","embeddable":true,"href":"https:\/\/tupique.com\/es\/wp-json\/wp\/v2\/product_tag?post=4385717"}],"curies":[{"name":"wp","href":"https:\/\/api.w.org\/{rel}","templated":true}]}}