{"id":4386167,"date":"2026-04-09T18:57:05","date_gmt":"2026-04-09T17:57:05","guid":{"rendered":"https:\/\/tupique.com\/produit\/ordinateur-portable-asus-90nb16t2-m002j0-16-32-gb-ram-1-tb-ssd\/"},"modified":"2026-04-09T18:57:05","modified_gmt":"2026-04-09T17:57:05","slug":"ordinateur-portable-asus-90nb16t2-m002j0-16-32-gb-ram-1-tb-ssd","status":"publish","type":"product","link":"https:\/\/tupique.com\/es\/producto\/ordinateur-portable-asus-90nb16t2-m002j0-16-32-gb-ram-1-tb-ssd\/","title":{"rendered":"Ordinateur Portable Asus 90NB16T2-M002J0 16&#8243; 32 GB RAM 1 TB SSD"},"content":{"rendered":"<p>Si le apasiona\u2019<b>inform\u00e1tica y electr\u00f3nica<\/b>, Si est\u00e1s a la \u00faltima en tecnolog\u00eda y no quieres perderte nada, compra <b>Ordinateur Portable Asus 90NB16T2-M002J0 16&#8243; 32 GB RAM 1 TB SSD<\/b> al mejor precio.<\/p>\n<p>Le <b>90NB16T2-M002J0<\/b> d\u2019Asus est un <b>laptop<\/b> con\u00e7u pour ceux qui recherchent puissance et polyvalence, aussi bien dans un environnement professionnel que pour un usage quotidien avanc\u00e9. Il int\u00e8gre une <b>m\u00e9moire RAM de 32 Go<\/b>, garantissant des performances fluides lors du multit\u00e2che intensif et avec des applications exigeantes, permettant de travailler sur des \u00e9diteurs graphiques, des feuilles de calcul complexes ou des logiciels de d\u00e9veloppement sans ralentissement. Pour le stockage, il propose un <b>SSD de 1 To<\/b>, offrant une grande rapidit\u00e9 d\u2019acc\u00e8s aux donn\u00e9es, des d\u00e9marrages rapides et un vaste espace pour les fichiers volumineux et les biblioth\u00e8ques multim\u00e9dias. L\u2019<b>\u00e9cran de 16 pouces<\/b> assure un confort visuel optimal, id\u00e9al pour l\u2019\u00e9dition de contenus comme pour le divertissement, accompagn\u00e9 d\u2019un design en <b>gris<\/b> y <b>argent\u00e9<\/b> qui conf\u00e8re une allure \u00e9l\u00e9gante et sobre. Il dispose d\u2019un <b>clavier qwerty espagnol<\/b> complet avec pav\u00e9 num\u00e9rique, facilitant la saisie de donn\u00e9es et am\u00e9liorant la productivit\u00e9 pour les t\u00e2ches administratives ou techniques. De plus, il est \u00e9quip\u00e9 d\u2019une <b>cam\u00e9ra frontale<\/b> et d\u2019un <b>micr\u00f3fono integrado<\/b>, essentiels pour les visioconf\u00e9rences et r\u00e9unions virtuelles, ainsi que d\u2019un touchpad haute pr\u00e9cision pour une utilisation confortable et efficace. Cet ordinateur portable offre une base mat\u00e9rielle solide et des solutions pratiques au quotidien, se positionnant comme un choix fiable et avanc\u00e9 pour ceux qui recherchent performance, capacit\u00e9 de stockage et confort d\u2019utilisation.<\/p>\n<ul>\n<li>Conexiones:\n<ul>\n<li>USB<\/li>\n<li>USB 3.2<\/li>\n<li>HDMI<\/li>\n<li>HDMI 2.1 x 1<\/li>\n<li>USB-C 3.2 Gen 1 (3.1 Gen 1) x 2<\/li>\n<li>PCI Express 4.0<\/li>\n<li>USB-A 3.2<\/li>\n<li>C\u00e2ble jack 3,3 mm<\/li>\n<\/ul>\n<\/li>\n<li>Cache: 4 MB<\/li>\n<li>Bluetooth: S\u00ed<\/li>\n<li>Tipo de enchufe: enchufe UE<\/li>\n<li>Poids: 1,7 kg<\/li>\n<li>Tipo de memoria:\n<ul>\n<li>SDRAM<\/li>\n<li>SDRAM DDR5<\/li>\n<\/ul>\n<\/li>\n<li>Facteur de forme:\n<ul>\n<li>Coquillage<\/li>\n<li>SO-DIMM<\/li>\n<\/ul>\n<\/li>\n<li>Taille: 16&#8243;<\/li>\n<li>Clavier: Espagnol Qwerty<\/li>\n<li>Tipo:\n<ul>\n<li>Ordinateur Portable<\/li>\n<li>Portable<\/li>\n<li>DDR5-SDRAM<\/li>\n<li>Clavier num\u00e9rique<\/li>\n<li>Touchpad<\/li>\n<li>Gloss<\/li>\n<\/ul>\n<\/li>\n<li>Producto enchufable: S\u00ed<\/li>\n<li>Diagonale de l&#8217;\u00e9cran (cm): 40,6 cm<\/li>\n<li>Capacit\u00e9 de la batterie: 70 Wh<\/li>\n<li>Nombre de fils: 8<\/li>\n<li>velocidad:\n<ul>\n<li>4,5 ghz<\/li>\n<li>2 GHz<\/li>\n<\/ul>\n<\/li>\n<li>Conectividad:\n<ul>\n<li>Wi-Fi<\/li>\n<li>Bluetooth<\/li>\n<li>Wi-Fi de 6 GHz<\/li>\n<li>Bluetooth 5.3<\/li>\n<\/ul>\n<\/li>\n<li>Material:\n<ul>\n<li>Pl\u00e1stico<\/li>\n<li>Aluminio<\/li>\n<\/ul>\n<\/li>\n<li>Type d&#8217;unit\u00e9 optique: Non<\/li>\n<li>Brille: 300 cd\/m\u00b2<\/li>\n<li>Micr\u00f3fono integrado: S\u00ed<\/li>\n<li>Syst\u00e8me d&#8217;exploitation:\n<ul>\n<li>Windows 11<\/li>\n<li>Windows 11 Home<\/li>\n<\/ul>\n<\/li>\n<li>Contr\u00f4leur graphique:\n<ul>\n<li>Chipset int\u00e9gr\u00e9e<\/li>\n<li>AMD RADEON GRAPHICS<\/li>\n<\/ul>\n<\/li>\n<li>Tipo de bater\u00eda:\n<ul>\n<li>Bater\u00eda de litio recargable<\/li>\n<li>Litio Ion<\/li>\n<\/ul>\n<\/li>\n<li>Familia de procesadores:\n<ul>\n<li>AMD Ryzen 5<\/li>\n<li>AMD<\/li>\n<\/ul>\n<\/li>\n<li>Disco duro:\n<ul>\n<li>32 GB<\/li>\n<li>1 TB SSD<\/li>\n<\/ul>\n<\/li>\n<li>Chargeur inclus: Oui<\/li>\n<li>Color:\n<ul>\n<li>Gris<\/li>\n<li>Plata<\/li>\n<\/ul>\n<\/li>\n<li>Caracter\u00edsticas:\n<ul>\n<li>C\u00e1mara frontal<\/li>\n<li>Micr\u00f3fono incorporado<\/li>\n<li>R\u00e9tro-\u00e9clair\u00e9<\/li>\n<li>Protecci\u00f3n de datos\/contrase\u00f1as<\/li>\n<li>Adaptateur graphique int\u00e9gr\u00e9<\/li>\n<\/ul>\n<\/li>\n<li>Rapport d&#8217;aspect: 16:10<\/li>\n<li>Resoluci\u00f3n:\n<ul>\n<li>Full HD<\/li>\n<li>WUXGA<\/li>\n<\/ul>\n<\/li>\n<li>Tension de sortie: 20 V<\/li>\n<li>\u00c2ge recommand\u00e9: + 5 Ans<\/li>\n<li>Bloc d\u2019Alimentation: USB<\/li>\n<li>Batterie au lithium rechargeable: 70 mAh<\/li>\n<li>Frecuencia:\n<ul>\n<li>50 - 60 Hz<\/li>\n<li>4,5 GHz<\/li>\n<\/ul>\n<\/li>\n<li>puissance: 65 W<\/li>\n<li>Tensi\u00f3n: 100 - 240 V<\/li>\n<li>Non Inclus:\n<ul>\n<li>Type d&#8217;unit\u00e9 optique<\/li>\n<li>Adaptateur AC<\/li>\n<li>Conexi\u00f3n a la red m\u00f3vil<\/li>\n<li>Adaptateur graphique discret<\/li>\n<\/ul>\n<\/li>\n<li>Exigences: 64 bits<\/li>\n<li>Format:\n<ul>\n<li>M.2<\/li>\n<li>1 x 16 GB<\/li>\n<\/ul>\n<\/li>\n<li>Ethernet: Non<\/li>\n<li>Pantalla t\u00e1ctil: No<\/li>\n<li>Tecnolog\u00eda: OLED<\/li>\n<li>Flux lumineux: 300 Lm<\/li>\n<li>Ecran: 16&#8243;<\/li>\n<li>Utilisation recommand\u00e9e: Maison<\/li>\n<li>Inclut: SSD x 1<\/li>\n<li>Type de stockage: SSD<\/li>\n<li>N\u00facleos: 4 n\u00facleos<\/li>\n<li>M\u00e9moire RAM: 32 GB RAM<\/li>\n<li>Resoluci\u00f3n (px):\n<ul>\n<li>1920 x 1080 px<\/li>\n<li>1920 x 1200 px<\/li>\n<\/ul>\n<\/li>\n<\/ul>","protected":false},"excerpt":{"rendered":"<p>Si vous \u00eates passionn\u00e9 d&#8217;informatique et d&#8217;\u00e9lectronique, si vous \u00eates \u00e0 la pointe de la technologie et qu&#8217;aucun d\u00e9tail ne<\/p>","protected":false},"featured_media":4386166,"comment_status":"open","ping_status":"closed","template":"","meta":{"_joinchat":[]},"product_brand":[158054],"product_cat":[157516,157583,155043],"product_tag":[157514,157515],"class_list":{"0":"post-4386167","1":"product","2":"type-product","3":"status-publish","4":"has-post-thumbnail","6":"product_brand-brandp_536","7":"product_cat-informatique-electronique","8":"product_cat-informatique-ordinateurs","9":"product_cat-notebooks","10":"product_tag-tag_933","11":"product_tag-tag_1295","13":"first","14":"outofstock","15":"taxable","16":"shipping-taxable","17":"purchasable","18":"product-type-simple"},"yoast_head":"<!-- This site is optimized with the Yoast SEO plugin v27.2 - https:\/\/yoast.com\/product\/yoast-seo-wordpress\/ -->\n<title>Ordinateur Portable Asus 90NB16T2-M002J0 16&quot; 32 GB RAM 1 TB SSD - Tupique<\/title>\n<meta name=\"description\" content=\"Vous cherchez Ordinateur Portable Asus 90NB16T2-M002J0 16&quot; 32 GB RAM 1 TB SSD ? Achetez des produits chez Tupique. Profitez de la livraison gratuite pour obtenir Ordinateur Portable Asus 90NB16T2-M002J0 16&quot; 32 GB RAM 1 TB SSD d\u00e8s maintenant.\" \/>\n<meta name=\"robots\" content=\"index, follow, max-snippet:-1, max-image-preview:large, max-video-preview:-1\" \/>\n<link rel=\"canonical\" href=\"https:\/\/tupique.com\/es\/producto\/ordinateur-portable-asus-90nb16t2-m002j0-16-32-gb-ram-1-tb-ssd\/\" \/>\n<meta property=\"og:locale\" content=\"es_ES\" \/>\n<meta property=\"og:type\" content=\"article\" \/>\n<meta property=\"og:title\" content=\"Ordinateur Portable Asus 90NB16T2-M002J0 16&quot; 32 GB RAM 1 TB SSD - Tupique\" \/>\n<meta property=\"og:description\" content=\"Vous cherchez Ordinateur Portable Asus 90NB16T2-M002J0 16&quot; 32 GB RAM 1 TB SSD ? Achetez des produits chez Tupique. Profitez de la livraison gratuite pour obtenir Ordinateur Portable Asus 90NB16T2-M002J0 16&quot; 32 GB RAM 1 TB SSD d\u00e8s maintenant.\" \/>\n<meta property=\"og:url\" content=\"https:\/\/tupique.com\/es\/producto\/ordinateur-portable-asus-90nb16t2-m002j0-16-32-gb-ram-1-tb-ssd\/\" \/>\n<meta property=\"og:site_name\" content=\"Tupique\" \/>\n<meta name=\"twitter:card\" content=\"summary_large_image\" \/>\n<meta name=\"twitter:label1\" content=\"Tiempo de lectura\" \/>\n\t<meta name=\"twitter:data1\" content=\"2 minutos\" \/>\n<script type=\"application\/ld+json\" class=\"yoast-schema-graph\">{\"@context\":\"https:\/\/schema.org\",\"@graph\":[{\"@type\":\"WebPage\",\"@id\":\"https:\/\/tupique.com\/produit\/ordinateur-portable-asus-90nb16t2-m002j0-16-32-gb-ram-1-tb-ssd\/\",\"url\":\"https:\/\/tupique.com\/produit\/ordinateur-portable-asus-90nb16t2-m002j0-16-32-gb-ram-1-tb-ssd\/\",\"name\":\"Ordinateur Portable Asus 90NB16T2-M002J0 16\\\" 32 GB RAM 1 TB SSD - Tupique\",\"isPartOf\":{\"@id\":\"https:\/\/tupique.com\/#website\"},\"primaryImageOfPage\":{\"@id\":\"https:\/\/tupique.com\/produit\/ordinateur-portable-asus-90nb16t2-m002j0-16-32-gb-ram-1-tb-ssd\/#primaryimage\"},\"image\":{\"@id\":\"https:\/\/tupique.com\/produit\/ordinateur-portable-asus-90nb16t2-m002j0-16-32-gb-ram-1-tb-ssd\/#primaryimage\"},\"thumbnailUrl\":\"https:\/\/tupique.com\/wp-content\/uploads\/2026\/04\/4711636073219_S0471026_P00.jpg\",\"datePublished\":\"2026-04-09T17:57:05+00:00\",\"description\":\"Vous cherchez Ordinateur Portable Asus 90NB16T2-M002J0 16\\\" 32 GB RAM 1 TB SSD ? Achetez des produits chez Tupique. Profitez de la livraison gratuite pour obtenir Ordinateur Portable Asus 90NB16T2-M002J0 16\\\" 32 GB RAM 1 TB SSD d\u00e8s maintenant.\",\"breadcrumb\":{\"@id\":\"https:\/\/tupique.com\/produit\/ordinateur-portable-asus-90nb16t2-m002j0-16-32-gb-ram-1-tb-ssd\/#breadcrumb\"},\"inLanguage\":\"es\",\"potentialAction\":[{\"@type\":\"ReadAction\",\"target\":[\"https:\/\/tupique.com\/produit\/ordinateur-portable-asus-90nb16t2-m002j0-16-32-gb-ram-1-tb-ssd\/\"]}]},{\"@type\":\"ImageObject\",\"inLanguage\":\"es\",\"@id\":\"https:\/\/tupique.com\/produit\/ordinateur-portable-asus-90nb16t2-m002j0-16-32-gb-ram-1-tb-ssd\/#primaryimage\",\"url\":\"https:\/\/tupique.com\/wp-content\/uploads\/2026\/04\/4711636073219_S0471026_P00.jpg\",\"contentUrl\":\"https:\/\/tupique.com\/wp-content\/uploads\/2026\/04\/4711636073219_S0471026_P00.jpg\",\"width\":1200,\"height\":1200,\"caption\":\"S0471026_0\"},{\"@type\":\"BreadcrumbList\",\"@id\":\"https:\/\/tupique.com\/produit\/ordinateur-portable-asus-90nb16t2-m002j0-16-32-gb-ram-1-tb-ssd\/#breadcrumb\",\"itemListElement\":[{\"@type\":\"ListItem\",\"position\":1,\"name\":\"In\u00edcio\",\"item\":\"https:\/\/tupique.com\/\"},{\"@type\":\"ListItem\",\"position\":2,\"name\":\"Boutique\",\"item\":\"https:\/\/tupique.com\/en\/boutique\/\"},{\"@type\":\"ListItem\",\"position\":3,\"name\":\"Ordinateur Portable Asus 90NB16T2-M002J0 16&#8243; 32 GB RAM 1 TB SSD\"}]},{\"@type\":\"WebSite\",\"@id\":\"https:\/\/tupique.com\/#website\",\"url\":\"https:\/\/tupique.com\/\",\"name\":\"Tupique\",\"description\":\"Marketplace\",\"publisher\":{\"@id\":\"https:\/\/tupique.com\/#organization\"},\"potentialAction\":[{\"@type\":\"SearchAction\",\"target\":{\"@type\":\"EntryPoint\",\"urlTemplate\":\"https:\/\/tupique.com\/?s={search_term_string}\"},\"query-input\":{\"@type\":\"PropertyValueSpecification\",\"valueRequired\":true,\"valueName\":\"search_term_string\"}}],\"inLanguage\":\"es\"},{\"@type\":\"Organization\",\"@id\":\"https:\/\/tupique.com\/#organization\",\"name\":\"Tupique\",\"url\":\"https:\/\/tupique.com\/\",\"logo\":{\"@type\":\"ImageObject\",\"inLanguage\":\"es\",\"@id\":\"https:\/\/tupique.com\/#\/schema\/logo\/image\/\",\"url\":\"https:\/\/tupique.com\/wp-content\/uploads\/2024\/09\/logo.png\",\"contentUrl\":\"https:\/\/tupique.com\/wp-content\/uploads\/2024\/09\/logo.png\",\"width\":1118,\"height\":310,\"caption\":\"Tupique\"},\"image\":{\"@id\":\"https:\/\/tupique.com\/#\/schema\/logo\/image\/\"}}]}<\/script>\n<!-- \/ Yoast SEO plugin. -->","yoast_head_json":{"title":"Ordinateur Portable Asus 90NB16T2-M002J0 16\" 32 GB RAM 1 TB SSD - Tupique","description":"Vous cherchez Ordinateur Portable Asus 90NB16T2-M002J0 16\" 32 GB RAM 1 TB SSD ? Achetez des produits chez Tupique. Profitez de la livraison gratuite pour obtenir Ordinateur Portable Asus 90NB16T2-M002J0 16\" 32 GB RAM 1 TB SSD d\u00e8s maintenant.","robots":{"index":"index","follow":"follow","max-snippet":"max-snippet:-1","max-image-preview":"max-image-preview:large","max-video-preview":"max-video-preview:-1"},"canonical":"https:\/\/tupique.com\/es\/producto\/ordinateur-portable-asus-90nb16t2-m002j0-16-32-gb-ram-1-tb-ssd\/","og_locale":"es_ES","og_type":"article","og_title":"Ordinateur Portable Asus 90NB16T2-M002J0 16\" 32 GB RAM 1 TB SSD - Tupique","og_description":"Vous cherchez Ordinateur Portable Asus 90NB16T2-M002J0 16\" 32 GB RAM 1 TB SSD ? Achetez des produits chez Tupique. Profitez de la livraison gratuite pour obtenir Ordinateur Portable Asus 90NB16T2-M002J0 16\" 32 GB RAM 1 TB SSD d\u00e8s maintenant.","og_url":"https:\/\/tupique.com\/es\/producto\/ordinateur-portable-asus-90nb16t2-m002j0-16-32-gb-ram-1-tb-ssd\/","og_site_name":"Tupique","twitter_card":"summary_large_image","twitter_misc":{"Tiempo de lectura":"2 minutos"},"schema":{"@context":"https:\/\/schema.org","@graph":[{"@type":"WebPage","@id":"https:\/\/tupique.com\/produit\/ordinateur-portable-asus-90nb16t2-m002j0-16-32-gb-ram-1-tb-ssd\/","url":"https:\/\/tupique.com\/produit\/ordinateur-portable-asus-90nb16t2-m002j0-16-32-gb-ram-1-tb-ssd\/","name":"Ordinateur Portable Asus 90NB16T2-M002J0 16\" 32 GB RAM 1 TB SSD - Tupique","isPartOf":{"@id":"https:\/\/tupique.com\/#website"},"primaryImageOfPage":{"@id":"https:\/\/tupique.com\/produit\/ordinateur-portable-asus-90nb16t2-m002j0-16-32-gb-ram-1-tb-ssd\/#primaryimage"},"image":{"@id":"https:\/\/tupique.com\/produit\/ordinateur-portable-asus-90nb16t2-m002j0-16-32-gb-ram-1-tb-ssd\/#primaryimage"},"thumbnailUrl":"https:\/\/tupique.com\/wp-content\/uploads\/2026\/04\/4711636073219_S0471026_P00.jpg","datePublished":"2026-04-09T17:57:05+00:00","description":"Vous cherchez Ordinateur Portable Asus 90NB16T2-M002J0 16\" 32 GB RAM 1 TB SSD ? Achetez des produits chez Tupique. Profitez de la livraison gratuite pour obtenir Ordinateur Portable Asus 90NB16T2-M002J0 16\" 32 GB RAM 1 TB SSD d\u00e8s maintenant.","breadcrumb":{"@id":"https:\/\/tupique.com\/produit\/ordinateur-portable-asus-90nb16t2-m002j0-16-32-gb-ram-1-tb-ssd\/#breadcrumb"},"inLanguage":"es","potentialAction":[{"@type":"ReadAction","target":["https:\/\/tupique.com\/produit\/ordinateur-portable-asus-90nb16t2-m002j0-16-32-gb-ram-1-tb-ssd\/"]}]},{"@type":"ImageObject","inLanguage":"es","@id":"https:\/\/tupique.com\/produit\/ordinateur-portable-asus-90nb16t2-m002j0-16-32-gb-ram-1-tb-ssd\/#primaryimage","url":"https:\/\/tupique.com\/wp-content\/uploads\/2026\/04\/4711636073219_S0471026_P00.jpg","contentUrl":"https:\/\/tupique.com\/wp-content\/uploads\/2026\/04\/4711636073219_S0471026_P00.jpg","width":1200,"height":1200,"caption":"S0471026_0"},{"@type":"BreadcrumbList","@id":"https:\/\/tupique.com\/produit\/ordinateur-portable-asus-90nb16t2-m002j0-16-32-gb-ram-1-tb-ssd\/#breadcrumb","itemListElement":[{"@type":"ListItem","position":1,"name":"In\u00edcio","item":"https:\/\/tupique.com\/"},{"@type":"ListItem","position":2,"name":"Boutique","item":"https:\/\/tupique.com\/en\/boutique\/"},{"@type":"ListItem","position":3,"name":"Ordinateur Portable Asus 90NB16T2-M002J0 16&#8243; 32 GB RAM 1 TB SSD"}]},{"@type":"WebSite","@id":"https:\/\/tupique.com\/#website","url":"https:\/\/tupique.com\/","name":"Tupique","description":"Marketplace","publisher":{"@id":"https:\/\/tupique.com\/#organization"},"potentialAction":[{"@type":"SearchAction","target":{"@type":"EntryPoint","urlTemplate":"https:\/\/tupique.com\/?s={search_term_string}"},"query-input":{"@type":"PropertyValueSpecification","valueRequired":true,"valueName":"search_term_string"}}],"inLanguage":"es"},{"@type":"Organization","@id":"https:\/\/tupique.com\/#organization","name":"Tupique","url":"https:\/\/tupique.com\/","logo":{"@type":"ImageObject","inLanguage":"es","@id":"https:\/\/tupique.com\/#\/schema\/logo\/image\/","url":"https:\/\/tupique.com\/wp-content\/uploads\/2024\/09\/logo.png","contentUrl":"https:\/\/tupique.com\/wp-content\/uploads\/2024\/09\/logo.png","width":1118,"height":310,"caption":"Tupique"},"image":{"@id":"https:\/\/tupique.com\/#\/schema\/logo\/image\/"}}]}},"jetpack_sharing_enabled":true,"_links":{"self":[{"href":"https:\/\/tupique.com\/es\/wp-json\/wp\/v2\/product\/4386167","targetHints":{"allow":["GET"]}}],"collection":[{"href":"https:\/\/tupique.com\/es\/wp-json\/wp\/v2\/product"}],"about":[{"href":"https:\/\/tupique.com\/es\/wp-json\/wp\/v2\/types\/product"}],"replies":[{"embeddable":true,"href":"https:\/\/tupique.com\/es\/wp-json\/wp\/v2\/comments?post=4386167"}],"wp:featuredmedia":[{"embeddable":true,"href":"https:\/\/tupique.com\/es\/wp-json\/wp\/v2\/media\/4386166"}],"wp:attachment":[{"href":"https:\/\/tupique.com\/es\/wp-json\/wp\/v2\/media?parent=4386167"}],"wp:term":[{"taxonomy":"product_brand","embeddable":true,"href":"https:\/\/tupique.com\/es\/wp-json\/wp\/v2\/product_brand?post=4386167"},{"taxonomy":"product_cat","embeddable":true,"href":"https:\/\/tupique.com\/es\/wp-json\/wp\/v2\/product_cat?post=4386167"},{"taxonomy":"product_tag","embeddable":true,"href":"https:\/\/tupique.com\/es\/wp-json\/wp\/v2\/product_tag?post=4386167"}],"curies":[{"name":"wp","href":"https:\/\/api.w.org\/{rel}","templated":true}]}}