{"id":4386284,"date":"2026-04-09T18:59:34","date_gmt":"2026-04-09T17:59:34","guid":{"rendered":"https:\/\/tupique.com\/produit\/aspirateur-robot-dreame-x40-ultra-700w-12000pa-240-min-autonomie-serpillere-auto-nettoyante\/"},"modified":"2026-04-09T18:59:34","modified_gmt":"2026-04-09T17:59:34","slug":"aspirateur-robot-dreame-x40-ultra-700w-12000pa-240-min-autonomie-serpillere-auto-nettoyante","status":"publish","type":"product","link":"https:\/\/tupique.com\/es\/producto\/aspirateur-robot-dreame-x40-ultra-700w-12000pa-240-min-autonomie-serpillere-auto-nettoyante\/","title":{"rendered":"Aspirateur Robot Dreame X40 Ultra 700W 12000Pa 240 min Autonomie Serpill\u00e8re Auto-nettoyante"},"content":{"rendered":"<p>Si buscas las \u00faltimas tendencias del mercado, nosotros te ayudamos. <b>Aspirateur robot Dreame X40 Ultra 6400 mAh<\/b> !<\/p>\n<p>Le <b>Dreame X40 Ultra<\/b> es un <b>robot aspirateur<\/b> de derni\u00e8re g\u00e9n\u00e9ration con\u00e7u pour offrir un nettoyage efficace et pratique dans les foyers modernes, int\u00e9grant une technologie avanc\u00e9e et des fonctionnalit\u00e9s pens\u00e9es pour simplifier l\u2019entretien quotidien. Il se distingue par sa <b>puissante capacit\u00e9 d\u2019aspiration de 12 000 Pa<\/b>, permettant de capturer efficacement la poussi\u00e8re, la salet\u00e9 et les particules fines sur diff\u00e9rents types de sols. Il dispose d\u2019un <b>r\u00e9servoir \u00e0 poussi\u00e8re de 0,3 litre<\/b> et d\u2019un design <b>rond<\/b> qui optimise la couverture de nettoyage, atteignant facilement les coins et les bords. Sa <b>couleur blanche<\/b> lui conf\u00e8re un aspect \u00e9l\u00e9gant et minimaliste qui s\u2019int\u00e8gre discr\u00e8tement dans tout int\u00e9rieur. Dot\u00e9 de la <b>connectivit\u00e9 Wi-Fi<\/b>, il permet un contr\u00f4le et une programmation \u00e0 distance via des applications mobiles, offrant ainsi une grande flexibilit\u00e9 pour g\u00e9rer le nettoyage m\u00eame en votre absence. \u00c9quip\u00e9 d\u2019une <b>batterie rechargeable<\/b> assurant une autonomie suffisante pour de longs cycles, le Dreame X40 Ultra n\u00e9cessite environ <b>4,5 heures de charge<\/b> et se recharge facilement en se connectant au <b>secteur<\/b> gr\u00e2ce au <b>c\u00e2ble d\u2019alimentation inclus<\/b>. Malgr\u00e9 sa puissance \u00e9lev\u00e9e, son <b>niveau sonore de 76 dB<\/b> reste dans la norme des robots aspirateurs performants, garantissant un \u00e9quilibre entre efficacit\u00e9 et confort. \u00c9galement dot\u00e9 d\u2019une fonction serpilli\u00e8re, ce mod\u00e8le est id\u00e9al pour ceux qui souhaitent automatiser \u00e0 la fois l\u2019aspiration et le lavage l\u00e9ger des sols. En r\u00e9sum\u00e9, le Dreame X40 Ultra s\u2019impose comme une solution intelligente et polyvalente pour le nettoyage quotidien, alliant efficacit\u00e9, connectivit\u00e9 et simplicit\u00e9 d\u2019utilisation dans un appareil haute technologie.<\/p>\n<ul>\n<li>Tipo de enchufe: enchufe UE<\/li>\n<li>Producto enchufable: S\u00ed<\/li>\n<li>Tipo:\n<ul>\n<li>Aspirateur robot<\/li>\n<li>Aspirateur cylindrique<\/li>\n<li>Robot Aspirateur et Serpilli\u00e8re<\/li>\n<\/ul>\n<\/li>\n<li>poder:\n<ul>\n<li>700 W<\/li>\n<li>75 W<\/li>\n<\/ul>\n<\/li>\n<li>Capacit\u00e9:\n<ul>\n<li>80 ml<\/li>\n<li>300 ml<\/li>\n<li>3,2 L<\/li>\n<li>0,3 L<\/li>\n<\/ul>\n<\/li>\n<li>Filtre:\n<ul>\n<li>Oui<\/li>\n<li>HEPA<\/li>\n<\/ul>\n<\/li>\n<li>Niveau sonore:\n<ul>\n<li>Silencieux<\/li>\n<li>59 dB<\/li>\n<li>76 dB<\/li>\n<\/ul>\n<\/li>\n<li>Caracter\u00edsticas:\n<ul>\n<li>Sans sac<\/li>\n<li>Auto-nettoyant<\/li>\n<li>S\u00e9chage rapide<\/li>\n<li>Balaye, passe l&#8217;aspirateur, passe la serpilli\u00e8re et lave le sol<\/li>\n<li>D\u00e9tecte les obstacles<\/li>\n<\/ul>\n<\/li>\n<li>Aspiration: 12000 Pa<\/li>\n<li>diam\u00e8tre approx.: 35 cm<\/li>\n<li>Fonctions: Frott\u00e9<\/li>\n<li>\u00c9lev\u00e9: 9,7 cm<\/li>\n<li>Indice de r\u00e9parabilit\u00e9: 8.1<\/li>\n<li>Dimensiones aprox.\n<ul>\n<li>35 cm<\/li>\n<li>35 x 35 x 10 cm<\/li>\n<\/ul>\n<\/li>\n<li>Fuente de alimentaci\u00f3n:\n<ul>\n<li>r\u00e9seau \u00e9lectrique<\/li>\n<li>Batterie<\/li>\n<\/ul>\n<\/li>\n<li>Volume sonore: 59 dB<\/li>\n<li>Autonomie approx.: 240 MIN<\/li>\n<li>Capacit\u00e9 du r\u00e9servoir d&#8217;eau: 4,5 l<\/li>\n<li>Color: blanco<\/li>\n<li>Tipo de bater\u00eda:\n<ul>\n<li>Rechargeable<\/li>\n<li>Litio Ion<\/li>\n<\/ul>\n<\/li>\n<li>Conectividad: Wi-Fi<\/li>\n<li>Forma: Redonda<\/li>\n<li>Compatible:\n<ul>\n<li>Amazon Alexa<\/li>\n<li>Google Home<\/li>\n<\/ul>\n<\/li>\n<li>Incluye:\n<ul>\n<li>C\u00e2ble Alimentation<\/li>\n<li>Manual del usuario<\/li>\n<\/ul>\n<\/li>\n<li>Temps de charge approx.: 4,5 heures<\/li>\n<li>Capacit\u00e9 de la batterie: 6400 mAh<\/li>\n<\/ul>","protected":false},"excerpt":{"rendered":"<p>Si vous \u00eates \u00e0 la recherche de nouvelles tendances sur le march\u00e9, nous vous pr\u00e9sentons Aspirateur robot Dreame X40 Ultra<\/p>","protected":false},"featured_media":4386226,"comment_status":"open","ping_status":"closed","template":"","meta":{"_joinchat":[]},"product_brand":[158036],"product_cat":[157625,157535,157624],"product_tag":[157545],"class_list":{"0":"post-4386284","1":"product","2":"type-product","3":"status-publish","4":"has-post-thumbnail","6":"product_brand-brandp_4590","7":"product_cat-aspirateurs-et-robots","8":"product_cat-maison-jardin","9":"product_cat-nettoyage-aspirateur-et-repassage","10":"product_tag-tag_930","12":"first","13":"instock","14":"taxable","15":"shipping-taxable","16":"purchasable","17":"product-type-simple"},"yoast_head":"<!-- This site is optimized with the Yoast SEO plugin v27.2 - https:\/\/yoast.com\/product\/yoast-seo-wordpress\/ -->\n<title>Aspirateur Robot Dreame X40 Ultra 700W 12000Pa 240 min Autonomie Serpill\u00e8re Auto-nettoyante - Tupique<\/title>\n<meta name=\"description\" content=\"Vous cherchez Aspirateur Robot Dreame X40 Ultra 700W 12000Pa 240 min Autonomie Serpill\u00e8re Auto-nettoyante ? Achetez des produits chez Tupique. Profitez de la livraison gratuite pour obtenir Aspirateur Robot Dreame X40 Ultra 700W 12000Pa 240 min Autonomie Serpill\u00e8re Auto-nettoyante d\u00e8s maintenant.\" \/>\n<meta name=\"robots\" content=\"index, follow, max-snippet:-1, max-image-preview:large, max-video-preview:-1\" \/>\n<link rel=\"canonical\" href=\"https:\/\/tupique.com\/es\/producto\/aspirateur-robot-dreame-x40-ultra-700w-12000pa-240-min-autonomie-serpillere-auto-nettoyante\/\" \/>\n<meta property=\"og:locale\" content=\"es_ES\" \/>\n<meta property=\"og:type\" content=\"article\" \/>\n<meta property=\"og:title\" content=\"Aspirateur Robot Dreame X40 Ultra 700W 12000Pa 240 min Autonomie Serpill\u00e8re Auto-nettoyante - Tupique\" \/>\n<meta property=\"og:description\" content=\"Vous cherchez Aspirateur Robot Dreame X40 Ultra 700W 12000Pa 240 min Autonomie Serpill\u00e8re Auto-nettoyante ? Achetez des produits chez Tupique. Profitez de la livraison gratuite pour obtenir Aspirateur Robot Dreame X40 Ultra 700W 12000Pa 240 min Autonomie Serpill\u00e8re Auto-nettoyante d\u00e8s maintenant.\" \/>\n<meta property=\"og:url\" content=\"https:\/\/tupique.com\/es\/producto\/aspirateur-robot-dreame-x40-ultra-700w-12000pa-240-min-autonomie-serpillere-auto-nettoyante\/\" \/>\n<meta property=\"og:site_name\" content=\"Tupique\" \/>\n<meta name=\"twitter:card\" content=\"summary_large_image\" \/>\n<meta name=\"twitter:label1\" content=\"Tiempo de lectura\" \/>\n\t<meta name=\"twitter:data1\" content=\"2 minutos\" \/>\n<script type=\"application\/ld+json\" class=\"yoast-schema-graph\">{\"@context\":\"https:\/\/schema.org\",\"@graph\":[{\"@type\":\"WebPage\",\"@id\":\"https:\/\/tupique.com\/produit\/aspirateur-robot-dreame-x40-ultra-700w-12000pa-240-min-autonomie-serpillere-auto-nettoyante\/\",\"url\":\"https:\/\/tupique.com\/produit\/aspirateur-robot-dreame-x40-ultra-700w-12000pa-240-min-autonomie-serpillere-auto-nettoyante\/\",\"name\":\"Aspirateur Robot Dreame X40 Ultra 700W 12000Pa 240 min Autonomie Serpill\u00e8re Auto-nettoyante - Tupique\",\"isPartOf\":{\"@id\":\"https:\/\/tupique.com\/#website\"},\"primaryImageOfPage\":{\"@id\":\"https:\/\/tupique.com\/produit\/aspirateur-robot-dreame-x40-ultra-700w-12000pa-240-min-autonomie-serpillere-auto-nettoyante\/#primaryimage\"},\"image\":{\"@id\":\"https:\/\/tupique.com\/produit\/aspirateur-robot-dreame-x40-ultra-700w-12000pa-240-min-autonomie-serpillere-auto-nettoyante\/#primaryimage\"},\"thumbnailUrl\":\"https:\/\/tupique.com\/wp-content\/uploads\/2026\/04\/6976233676128_S91116903_P00.jpg\",\"datePublished\":\"2026-04-09T17:59:34+00:00\",\"description\":\"Vous cherchez Aspirateur Robot Dreame X40 Ultra 700W 12000Pa 240 min Autonomie Serpill\u00e8re Auto-nettoyante ? Achetez des produits chez Tupique. Profitez de la livraison gratuite pour obtenir Aspirateur Robot Dreame X40 Ultra 700W 12000Pa 240 min Autonomie Serpill\u00e8re Auto-nettoyante d\u00e8s maintenant.\",\"breadcrumb\":{\"@id\":\"https:\/\/tupique.com\/produit\/aspirateur-robot-dreame-x40-ultra-700w-12000pa-240-min-autonomie-serpillere-auto-nettoyante\/#breadcrumb\"},\"inLanguage\":\"es\",\"potentialAction\":[{\"@type\":\"ReadAction\",\"target\":[\"https:\/\/tupique.com\/produit\/aspirateur-robot-dreame-x40-ultra-700w-12000pa-240-min-autonomie-serpillere-auto-nettoyante\/\"]}]},{\"@type\":\"ImageObject\",\"inLanguage\":\"es\",\"@id\":\"https:\/\/tupique.com\/produit\/aspirateur-robot-dreame-x40-ultra-700w-12000pa-240-min-autonomie-serpillere-auto-nettoyante\/#primaryimage\",\"url\":\"https:\/\/tupique.com\/wp-content\/uploads\/2026\/04\/6976233676128_S91116903_P00.jpg\",\"contentUrl\":\"https:\/\/tupique.com\/wp-content\/uploads\/2026\/04\/6976233676128_S91116903_P00.jpg\",\"width\":1200,\"height\":1200,\"caption\":\"S0466571_0\"},{\"@type\":\"BreadcrumbList\",\"@id\":\"https:\/\/tupique.com\/produit\/aspirateur-robot-dreame-x40-ultra-700w-12000pa-240-min-autonomie-serpillere-auto-nettoyante\/#breadcrumb\",\"itemListElement\":[{\"@type\":\"ListItem\",\"position\":1,\"name\":\"In\u00edcio\",\"item\":\"https:\/\/tupique.com\/\"},{\"@type\":\"ListItem\",\"position\":2,\"name\":\"Boutique\",\"item\":\"https:\/\/tupique.com\/en\/boutique\/\"},{\"@type\":\"ListItem\",\"position\":3,\"name\":\"Aspirateur Robot Dreame X40 Ultra 700W 12000Pa 240 min Autonomie Serpill\u00e8re Auto-nettoyante\"}]},{\"@type\":\"WebSite\",\"@id\":\"https:\/\/tupique.com\/#website\",\"url\":\"https:\/\/tupique.com\/\",\"name\":\"Tupique\",\"description\":\"Marketplace\",\"publisher\":{\"@id\":\"https:\/\/tupique.com\/#organization\"},\"potentialAction\":[{\"@type\":\"SearchAction\",\"target\":{\"@type\":\"EntryPoint\",\"urlTemplate\":\"https:\/\/tupique.com\/?s={search_term_string}\"},\"query-input\":{\"@type\":\"PropertyValueSpecification\",\"valueRequired\":true,\"valueName\":\"search_term_string\"}}],\"inLanguage\":\"es\"},{\"@type\":\"Organization\",\"@id\":\"https:\/\/tupique.com\/#organization\",\"name\":\"Tupique\",\"url\":\"https:\/\/tupique.com\/\",\"logo\":{\"@type\":\"ImageObject\",\"inLanguage\":\"es\",\"@id\":\"https:\/\/tupique.com\/#\/schema\/logo\/image\/\",\"url\":\"https:\/\/tupique.com\/wp-content\/uploads\/2024\/09\/logo.png\",\"contentUrl\":\"https:\/\/tupique.com\/wp-content\/uploads\/2024\/09\/logo.png\",\"width\":1118,\"height\":310,\"caption\":\"Tupique\"},\"image\":{\"@id\":\"https:\/\/tupique.com\/#\/schema\/logo\/image\/\"}}]}<\/script>\n<!-- \/ Yoast SEO plugin. -->","yoast_head_json":{"title":"Aspirateur Robot Dreame X40 Ultra 700W 12000Pa 240 min Autonomie Serpill\u00e8re Auto-nettoyante - Tupique","description":"Vous cherchez Aspirateur Robot Dreame X40 Ultra 700W 12000Pa 240 min Autonomie Serpill\u00e8re Auto-nettoyante ? Achetez des produits chez Tupique. Profitez de la livraison gratuite pour obtenir Aspirateur Robot Dreame X40 Ultra 700W 12000Pa 240 min Autonomie Serpill\u00e8re Auto-nettoyante d\u00e8s maintenant.","robots":{"index":"index","follow":"follow","max-snippet":"max-snippet:-1","max-image-preview":"max-image-preview:large","max-video-preview":"max-video-preview:-1"},"canonical":"https:\/\/tupique.com\/es\/producto\/aspirateur-robot-dreame-x40-ultra-700w-12000pa-240-min-autonomie-serpillere-auto-nettoyante\/","og_locale":"es_ES","og_type":"article","og_title":"Aspirateur Robot Dreame X40 Ultra 700W 12000Pa 240 min Autonomie Serpill\u00e8re Auto-nettoyante - Tupique","og_description":"Vous cherchez Aspirateur Robot Dreame X40 Ultra 700W 12000Pa 240 min Autonomie Serpill\u00e8re Auto-nettoyante ? Achetez des produits chez Tupique. Profitez de la livraison gratuite pour obtenir Aspirateur Robot Dreame X40 Ultra 700W 12000Pa 240 min Autonomie Serpill\u00e8re Auto-nettoyante d\u00e8s maintenant.","og_url":"https:\/\/tupique.com\/es\/producto\/aspirateur-robot-dreame-x40-ultra-700w-12000pa-240-min-autonomie-serpillere-auto-nettoyante\/","og_site_name":"Tupique","twitter_card":"summary_large_image","twitter_misc":{"Tiempo de lectura":"2 minutos"},"schema":{"@context":"https:\/\/schema.org","@graph":[{"@type":"WebPage","@id":"https:\/\/tupique.com\/produit\/aspirateur-robot-dreame-x40-ultra-700w-12000pa-240-min-autonomie-serpillere-auto-nettoyante\/","url":"https:\/\/tupique.com\/produit\/aspirateur-robot-dreame-x40-ultra-700w-12000pa-240-min-autonomie-serpillere-auto-nettoyante\/","name":"Aspirateur Robot Dreame X40 Ultra 700W 12000Pa 240 min Autonomie Serpill\u00e8re Auto-nettoyante - Tupique","isPartOf":{"@id":"https:\/\/tupique.com\/#website"},"primaryImageOfPage":{"@id":"https:\/\/tupique.com\/produit\/aspirateur-robot-dreame-x40-ultra-700w-12000pa-240-min-autonomie-serpillere-auto-nettoyante\/#primaryimage"},"image":{"@id":"https:\/\/tupique.com\/produit\/aspirateur-robot-dreame-x40-ultra-700w-12000pa-240-min-autonomie-serpillere-auto-nettoyante\/#primaryimage"},"thumbnailUrl":"https:\/\/tupique.com\/wp-content\/uploads\/2026\/04\/6976233676128_S91116903_P00.jpg","datePublished":"2026-04-09T17:59:34+00:00","description":"Vous cherchez Aspirateur Robot Dreame X40 Ultra 700W 12000Pa 240 min Autonomie Serpill\u00e8re Auto-nettoyante ? Achetez des produits chez Tupique. Profitez de la livraison gratuite pour obtenir Aspirateur Robot Dreame X40 Ultra 700W 12000Pa 240 min Autonomie Serpill\u00e8re Auto-nettoyante d\u00e8s maintenant.","breadcrumb":{"@id":"https:\/\/tupique.com\/produit\/aspirateur-robot-dreame-x40-ultra-700w-12000pa-240-min-autonomie-serpillere-auto-nettoyante\/#breadcrumb"},"inLanguage":"es","potentialAction":[{"@type":"ReadAction","target":["https:\/\/tupique.com\/produit\/aspirateur-robot-dreame-x40-ultra-700w-12000pa-240-min-autonomie-serpillere-auto-nettoyante\/"]}]},{"@type":"ImageObject","inLanguage":"es","@id":"https:\/\/tupique.com\/produit\/aspirateur-robot-dreame-x40-ultra-700w-12000pa-240-min-autonomie-serpillere-auto-nettoyante\/#primaryimage","url":"https:\/\/tupique.com\/wp-content\/uploads\/2026\/04\/6976233676128_S91116903_P00.jpg","contentUrl":"https:\/\/tupique.com\/wp-content\/uploads\/2026\/04\/6976233676128_S91116903_P00.jpg","width":1200,"height":1200,"caption":"S0466571_0"},{"@type":"BreadcrumbList","@id":"https:\/\/tupique.com\/produit\/aspirateur-robot-dreame-x40-ultra-700w-12000pa-240-min-autonomie-serpillere-auto-nettoyante\/#breadcrumb","itemListElement":[{"@type":"ListItem","position":1,"name":"In\u00edcio","item":"https:\/\/tupique.com\/"},{"@type":"ListItem","position":2,"name":"Boutique","item":"https:\/\/tupique.com\/en\/boutique\/"},{"@type":"ListItem","position":3,"name":"Aspirateur Robot Dreame X40 Ultra 700W 12000Pa 240 min Autonomie Serpill\u00e8re Auto-nettoyante"}]},{"@type":"WebSite","@id":"https:\/\/tupique.com\/#website","url":"https:\/\/tupique.com\/","name":"Tupique","description":"Marketplace","publisher":{"@id":"https:\/\/tupique.com\/#organization"},"potentialAction":[{"@type":"SearchAction","target":{"@type":"EntryPoint","urlTemplate":"https:\/\/tupique.com\/?s={search_term_string}"},"query-input":{"@type":"PropertyValueSpecification","valueRequired":true,"valueName":"search_term_string"}}],"inLanguage":"es"},{"@type":"Organization","@id":"https:\/\/tupique.com\/#organization","name":"Tupique","url":"https:\/\/tupique.com\/","logo":{"@type":"ImageObject","inLanguage":"es","@id":"https:\/\/tupique.com\/#\/schema\/logo\/image\/","url":"https:\/\/tupique.com\/wp-content\/uploads\/2024\/09\/logo.png","contentUrl":"https:\/\/tupique.com\/wp-content\/uploads\/2024\/09\/logo.png","width":1118,"height":310,"caption":"Tupique"},"image":{"@id":"https:\/\/tupique.com\/#\/schema\/logo\/image\/"}}]}},"jetpack_sharing_enabled":true,"_links":{"self":[{"href":"https:\/\/tupique.com\/es\/wp-json\/wp\/v2\/product\/4386284","targetHints":{"allow":["GET"]}}],"collection":[{"href":"https:\/\/tupique.com\/es\/wp-json\/wp\/v2\/product"}],"about":[{"href":"https:\/\/tupique.com\/es\/wp-json\/wp\/v2\/types\/product"}],"replies":[{"embeddable":true,"href":"https:\/\/tupique.com\/es\/wp-json\/wp\/v2\/comments?post=4386284"}],"wp:featuredmedia":[{"embeddable":true,"href":"https:\/\/tupique.com\/es\/wp-json\/wp\/v2\/media\/4386226"}],"wp:attachment":[{"href":"https:\/\/tupique.com\/es\/wp-json\/wp\/v2\/media?parent=4386284"}],"wp:term":[{"taxonomy":"product_brand","embeddable":true,"href":"https:\/\/tupique.com\/es\/wp-json\/wp\/v2\/product_brand?post=4386284"},{"taxonomy":"product_cat","embeddable":true,"href":"https:\/\/tupique.com\/es\/wp-json\/wp\/v2\/product_cat?post=4386284"},{"taxonomy":"product_tag","embeddable":true,"href":"https:\/\/tupique.com\/es\/wp-json\/wp\/v2\/product_tag?post=4386284"}],"curies":[{"name":"wp","href":"https:\/\/api.w.org\/{rel}","templated":true}]}}