{"id":4386377,"date":"2026-04-09T19:01:57","date_gmt":"2026-04-09T18:01:57","guid":{"rendered":"https:\/\/tupique.com\/produit\/pc-de-bureau-coolpc-prod-045391-16-gb-ram-1-tb-ssd-geforce-rtx-5060\/"},"modified":"2026-04-09T19:01:57","modified_gmt":"2026-04-09T18:01:57","slug":"pc-de-bureau-coolpc-prod-045391-16-gb-ram-1-tb-ssd-geforce-rtx-5060","status":"publish","type":"product","link":"https:\/\/tupique.com\/es\/producto\/pc-de-bureau-coolpc-prod-045391-16-gb-ram-1-tb-ssd-geforce-rtx-5060\/","title":{"rendered":"PC de bureau CoolPC PROD-045391 16 GB RAM 1 TB SSD geforce rtx 5060"},"content":{"rendered":"<p>Si buscas las \u00faltimas tendencias del mercado, nosotros te ayudamos. <b>PC de bureau CoolPC PROD-045391 16 GB RAM 1 TB SSD geforce rtx 5060<\/b> !<\/p>\n<ul>\n<li>Type: PC de bureau<\/li>\n<li>Producto enchufable: S\u00ed<\/li>\n<li>Inclut: \u00c9cran<\/li>\n<li>Tipo de enchufe: enchufe UE<\/li>\n<li>Fuente de alimentaci\u00f3n:\n<ul>\n<li>r\u00e9seau \u00e9lectrique<\/li>\n<li>ATX PS2<\/li>\n<\/ul>\n<\/li>\n<li>Color: Negro<\/li>\n<li>Conexiones:\n<ul>\n<li>HDMI<\/li>\n<li>USB<\/li>\n<li>VGA<\/li>\n<li>Ethernet (RJ-45)<\/li>\n<li>RJ45<\/li>\n<li>Toma de 3,5 mm<\/li>\n<li>Ethernet LAN<\/li>\n<li>MIni Jack 3.5 mm x 1<\/li>\n<li>Mic-in x 1<\/li>\n<li>S\/PDIF x 1<\/li>\n<li>SPDIF x 1<\/li>\n<li>PCI Express 3.0<\/li>\n<li>Mini Jack 3.5 mm<\/li>\n<li>DIMM x 4<\/li>\n<li>DIMM<\/li>\n<li>SO-DIMM<\/li>\n<li>SO-DIMM x 2<\/li>\n<li>M.2<\/li>\n<li>PCI Express 4.0<\/li>\n<li>PCI Express<\/li>\n<li>UDIMM<\/li>\n<li>M.2,NVMe,PCI Express<\/li>\n<\/ul>\n<\/li>\n<li>Type de m\u00e9moire: DDR5 SDRAM<\/li>\n<li>Resoluci\u00f3n: Full HD<\/li>\n<li>M\u00e9moire RAM: 16 GB RAM<\/li>\n<li>Disque dur: 1 TB SSD<\/li>\n<li>Compatible:\n<ul>\n<li>PC de sobremesa<\/li>\n<li>Ordinateurs<\/li>\n<\/ul>\n<\/li>\n<li>Uso recomendado: Juegos<\/li>\n<li>Mati\u00e8re: M\u00e9tal\/Plastique<\/li>\n<li>Type de stockage: SSD<\/li>\n<li>Sistema operativo: Windows 11<\/li>\n<li>Connectivit\u00e9: Wi-Fi 4 (802.11n)<\/li>\n<li>vitesse: 3.9 GHz<\/li>\n<li>Famille de processeurs: AMD Ryzen 5<\/li>\n<li>M\u00e9moire RAM maximale: 128 GB<\/li>\n<li>Carte Graphique: geforce rtx 5060<\/li>\n<\/ul>","protected":false},"excerpt":{"rendered":"<p>Si vous \u00eates \u00e0 la recherche de nouvelles tendances sur le march\u00e9, nous vous pr\u00e9sentons PC de bureau CoolPC PROD-045391<\/p>","protected":false},"featured_media":4386375,"comment_status":"open","ping_status":"closed","template":"","meta":{"_joinchat":[]},"product_brand":[158083],"product_cat":[157516,157583,157584],"product_tag":[157514,157515],"class_list":{"0":"post-4386377","1":"product","2":"type-product","3":"status-publish","4":"has-post-thumbnail","6":"product_brand-brandp_6629","7":"product_cat-informatique-electronique","8":"product_cat-informatique-ordinateurs","9":"product_cat-ordinateur-de-bureau","10":"product_tag-tag_933","11":"product_tag-tag_1295","13":"first","14":"instock","15":"taxable","16":"shipping-taxable","17":"purchasable","18":"product-type-simple"},"yoast_head":"<!-- This site is optimized with the Yoast SEO plugin v27.2 - https:\/\/yoast.com\/product\/yoast-seo-wordpress\/ -->\n<title>PC de bureau CoolPC PROD-045391 16 GB RAM 1 TB SSD geforce rtx 5060 - Tupique<\/title>\n<meta name=\"description\" content=\"Vous cherchez PC de bureau CoolPC PROD-045391 16 GB RAM 1 TB SSD geforce rtx 5060 ? Achetez des produits chez Tupique. Profitez de la livraison gratuite pour obtenir PC de bureau CoolPC PROD-045391 16 GB RAM 1 TB SSD geforce rtx 5060 d\u00e8s maintenant.\" \/>\n<meta name=\"robots\" content=\"index, follow, max-snippet:-1, max-image-preview:large, max-video-preview:-1\" \/>\n<link rel=\"canonical\" href=\"https:\/\/tupique.com\/es\/producto\/pc-de-bureau-coolpc-prod-045391-16-gb-ram-1-tb-ssd-geforce-rtx-5060\/\" \/>\n<meta property=\"og:locale\" content=\"es_ES\" \/>\n<meta property=\"og:type\" content=\"article\" \/>\n<meta property=\"og:title\" content=\"PC de bureau CoolPC PROD-045391 16 GB RAM 1 TB SSD geforce rtx 5060 - Tupique\" \/>\n<meta property=\"og:description\" content=\"Vous cherchez PC de bureau CoolPC PROD-045391 16 GB RAM 1 TB SSD geforce rtx 5060 ? Achetez des produits chez Tupique. Profitez de la livraison gratuite pour obtenir PC de bureau CoolPC PROD-045391 16 GB RAM 1 TB SSD geforce rtx 5060 d\u00e8s maintenant.\" \/>\n<meta property=\"og:url\" content=\"https:\/\/tupique.com\/es\/producto\/pc-de-bureau-coolpc-prod-045391-16-gb-ram-1-tb-ssd-geforce-rtx-5060\/\" \/>\n<meta property=\"og:site_name\" content=\"Tupique\" \/>\n<meta name=\"twitter:card\" content=\"summary_large_image\" \/>\n<meta name=\"twitter:label1\" content=\"Tiempo de lectura\" \/>\n\t<meta name=\"twitter:data1\" content=\"1 minuto\" \/>\n<script type=\"application\/ld+json\" class=\"yoast-schema-graph\">{\"@context\":\"https:\/\/schema.org\",\"@graph\":[{\"@type\":\"WebPage\",\"@id\":\"https:\/\/tupique.com\/produit\/pc-de-bureau-coolpc-prod-045391-16-gb-ram-1-tb-ssd-geforce-rtx-5060\/\",\"url\":\"https:\/\/tupique.com\/produit\/pc-de-bureau-coolpc-prod-045391-16-gb-ram-1-tb-ssd-geforce-rtx-5060\/\",\"name\":\"PC de bureau CoolPC PROD-045391 16 GB RAM 1 TB SSD geforce rtx 5060 - Tupique\",\"isPartOf\":{\"@id\":\"https:\/\/tupique.com\/#website\"},\"primaryImageOfPage\":{\"@id\":\"https:\/\/tupique.com\/produit\/pc-de-bureau-coolpc-prod-045391-16-gb-ram-1-tb-ssd-geforce-rtx-5060\/#primaryimage\"},\"image\":{\"@id\":\"https:\/\/tupique.com\/produit\/pc-de-bureau-coolpc-prod-045391-16-gb-ram-1-tb-ssd-geforce-rtx-5060\/#primaryimage\"},\"thumbnailUrl\":\"https:\/\/tupique.com\/wp-content\/uploads\/2026\/04\/8436626230026_S0471193_P00.jpg\",\"datePublished\":\"2026-04-09T18:01:57+00:00\",\"description\":\"Vous cherchez PC de bureau CoolPC PROD-045391 16 GB RAM 1 TB SSD geforce rtx 5060 ? Achetez des produits chez Tupique. Profitez de la livraison gratuite pour obtenir PC de bureau CoolPC PROD-045391 16 GB RAM 1 TB SSD geforce rtx 5060 d\u00e8s maintenant.\",\"breadcrumb\":{\"@id\":\"https:\/\/tupique.com\/produit\/pc-de-bureau-coolpc-prod-045391-16-gb-ram-1-tb-ssd-geforce-rtx-5060\/#breadcrumb\"},\"inLanguage\":\"es\",\"potentialAction\":[{\"@type\":\"ReadAction\",\"target\":[\"https:\/\/tupique.com\/produit\/pc-de-bureau-coolpc-prod-045391-16-gb-ram-1-tb-ssd-geforce-rtx-5060\/\"]}]},{\"@type\":\"ImageObject\",\"inLanguage\":\"es\",\"@id\":\"https:\/\/tupique.com\/produit\/pc-de-bureau-coolpc-prod-045391-16-gb-ram-1-tb-ssd-geforce-rtx-5060\/#primaryimage\",\"url\":\"https:\/\/tupique.com\/wp-content\/uploads\/2026\/04\/8436626230026_S0471193_P00.jpg\",\"contentUrl\":\"https:\/\/tupique.com\/wp-content\/uploads\/2026\/04\/8436626230026_S0471193_P00.jpg\",\"width\":1200,\"height\":1200,\"caption\":\"S0471193_0\"},{\"@type\":\"BreadcrumbList\",\"@id\":\"https:\/\/tupique.com\/produit\/pc-de-bureau-coolpc-prod-045391-16-gb-ram-1-tb-ssd-geforce-rtx-5060\/#breadcrumb\",\"itemListElement\":[{\"@type\":\"ListItem\",\"position\":1,\"name\":\"In\u00edcio\",\"item\":\"https:\/\/tupique.com\/\"},{\"@type\":\"ListItem\",\"position\":2,\"name\":\"Boutique\",\"item\":\"https:\/\/tupique.com\/en\/boutique\/\"},{\"@type\":\"ListItem\",\"position\":3,\"name\":\"PC de bureau CoolPC PROD-045391 16 GB RAM 1 TB SSD geforce rtx 5060\"}]},{\"@type\":\"WebSite\",\"@id\":\"https:\/\/tupique.com\/#website\",\"url\":\"https:\/\/tupique.com\/\",\"name\":\"Tupique\",\"description\":\"Marketplace\",\"publisher\":{\"@id\":\"https:\/\/tupique.com\/#organization\"},\"potentialAction\":[{\"@type\":\"SearchAction\",\"target\":{\"@type\":\"EntryPoint\",\"urlTemplate\":\"https:\/\/tupique.com\/?s={search_term_string}\"},\"query-input\":{\"@type\":\"PropertyValueSpecification\",\"valueRequired\":true,\"valueName\":\"search_term_string\"}}],\"inLanguage\":\"es\"},{\"@type\":\"Organization\",\"@id\":\"https:\/\/tupique.com\/#organization\",\"name\":\"Tupique\",\"url\":\"https:\/\/tupique.com\/\",\"logo\":{\"@type\":\"ImageObject\",\"inLanguage\":\"es\",\"@id\":\"https:\/\/tupique.com\/#\/schema\/logo\/image\/\",\"url\":\"https:\/\/tupique.com\/wp-content\/uploads\/2024\/09\/logo.png\",\"contentUrl\":\"https:\/\/tupique.com\/wp-content\/uploads\/2024\/09\/logo.png\",\"width\":1118,\"height\":310,\"caption\":\"Tupique\"},\"image\":{\"@id\":\"https:\/\/tupique.com\/#\/schema\/logo\/image\/\"}}]}<\/script>\n<!-- \/ Yoast SEO plugin. -->","yoast_head_json":{"title":"PC de bureau CoolPC PROD-045391 16 GB RAM 1 TB SSD geforce rtx 5060 - Tupique","description":"Vous cherchez PC de bureau CoolPC PROD-045391 16 GB RAM 1 TB SSD geforce rtx 5060 ? Achetez des produits chez Tupique. Profitez de la livraison gratuite pour obtenir PC de bureau CoolPC PROD-045391 16 GB RAM 1 TB SSD geforce rtx 5060 d\u00e8s maintenant.","robots":{"index":"index","follow":"follow","max-snippet":"max-snippet:-1","max-image-preview":"max-image-preview:large","max-video-preview":"max-video-preview:-1"},"canonical":"https:\/\/tupique.com\/es\/producto\/pc-de-bureau-coolpc-prod-045391-16-gb-ram-1-tb-ssd-geforce-rtx-5060\/","og_locale":"es_ES","og_type":"article","og_title":"PC de bureau CoolPC PROD-045391 16 GB RAM 1 TB SSD geforce rtx 5060 - Tupique","og_description":"Vous cherchez PC de bureau CoolPC PROD-045391 16 GB RAM 1 TB SSD geforce rtx 5060 ? Achetez des produits chez Tupique. Profitez de la livraison gratuite pour obtenir PC de bureau CoolPC PROD-045391 16 GB RAM 1 TB SSD geforce rtx 5060 d\u00e8s maintenant.","og_url":"https:\/\/tupique.com\/es\/producto\/pc-de-bureau-coolpc-prod-045391-16-gb-ram-1-tb-ssd-geforce-rtx-5060\/","og_site_name":"Tupique","twitter_card":"summary_large_image","twitter_misc":{"Tiempo de lectura":"1 minuto"},"schema":{"@context":"https:\/\/schema.org","@graph":[{"@type":"WebPage","@id":"https:\/\/tupique.com\/produit\/pc-de-bureau-coolpc-prod-045391-16-gb-ram-1-tb-ssd-geforce-rtx-5060\/","url":"https:\/\/tupique.com\/produit\/pc-de-bureau-coolpc-prod-045391-16-gb-ram-1-tb-ssd-geforce-rtx-5060\/","name":"PC de bureau CoolPC PROD-045391 16 GB RAM 1 TB SSD geforce rtx 5060 - Tupique","isPartOf":{"@id":"https:\/\/tupique.com\/#website"},"primaryImageOfPage":{"@id":"https:\/\/tupique.com\/produit\/pc-de-bureau-coolpc-prod-045391-16-gb-ram-1-tb-ssd-geforce-rtx-5060\/#primaryimage"},"image":{"@id":"https:\/\/tupique.com\/produit\/pc-de-bureau-coolpc-prod-045391-16-gb-ram-1-tb-ssd-geforce-rtx-5060\/#primaryimage"},"thumbnailUrl":"https:\/\/tupique.com\/wp-content\/uploads\/2026\/04\/8436626230026_S0471193_P00.jpg","datePublished":"2026-04-09T18:01:57+00:00","description":"Vous cherchez PC de bureau CoolPC PROD-045391 16 GB RAM 1 TB SSD geforce rtx 5060 ? Achetez des produits chez Tupique. Profitez de la livraison gratuite pour obtenir PC de bureau CoolPC PROD-045391 16 GB RAM 1 TB SSD geforce rtx 5060 d\u00e8s maintenant.","breadcrumb":{"@id":"https:\/\/tupique.com\/produit\/pc-de-bureau-coolpc-prod-045391-16-gb-ram-1-tb-ssd-geforce-rtx-5060\/#breadcrumb"},"inLanguage":"es","potentialAction":[{"@type":"ReadAction","target":["https:\/\/tupique.com\/produit\/pc-de-bureau-coolpc-prod-045391-16-gb-ram-1-tb-ssd-geforce-rtx-5060\/"]}]},{"@type":"ImageObject","inLanguage":"es","@id":"https:\/\/tupique.com\/produit\/pc-de-bureau-coolpc-prod-045391-16-gb-ram-1-tb-ssd-geforce-rtx-5060\/#primaryimage","url":"https:\/\/tupique.com\/wp-content\/uploads\/2026\/04\/8436626230026_S0471193_P00.jpg","contentUrl":"https:\/\/tupique.com\/wp-content\/uploads\/2026\/04\/8436626230026_S0471193_P00.jpg","width":1200,"height":1200,"caption":"S0471193_0"},{"@type":"BreadcrumbList","@id":"https:\/\/tupique.com\/produit\/pc-de-bureau-coolpc-prod-045391-16-gb-ram-1-tb-ssd-geforce-rtx-5060\/#breadcrumb","itemListElement":[{"@type":"ListItem","position":1,"name":"In\u00edcio","item":"https:\/\/tupique.com\/"},{"@type":"ListItem","position":2,"name":"Boutique","item":"https:\/\/tupique.com\/en\/boutique\/"},{"@type":"ListItem","position":3,"name":"PC de bureau CoolPC PROD-045391 16 GB RAM 1 TB SSD geforce rtx 5060"}]},{"@type":"WebSite","@id":"https:\/\/tupique.com\/#website","url":"https:\/\/tupique.com\/","name":"Tupique","description":"Marketplace","publisher":{"@id":"https:\/\/tupique.com\/#organization"},"potentialAction":[{"@type":"SearchAction","target":{"@type":"EntryPoint","urlTemplate":"https:\/\/tupique.com\/?s={search_term_string}"},"query-input":{"@type":"PropertyValueSpecification","valueRequired":true,"valueName":"search_term_string"}}],"inLanguage":"es"},{"@type":"Organization","@id":"https:\/\/tupique.com\/#organization","name":"Tupique","url":"https:\/\/tupique.com\/","logo":{"@type":"ImageObject","inLanguage":"es","@id":"https:\/\/tupique.com\/#\/schema\/logo\/image\/","url":"https:\/\/tupique.com\/wp-content\/uploads\/2024\/09\/logo.png","contentUrl":"https:\/\/tupique.com\/wp-content\/uploads\/2024\/09\/logo.png","width":1118,"height":310,"caption":"Tupique"},"image":{"@id":"https:\/\/tupique.com\/#\/schema\/logo\/image\/"}}]}},"jetpack_sharing_enabled":true,"_links":{"self":[{"href":"https:\/\/tupique.com\/es\/wp-json\/wp\/v2\/product\/4386377","targetHints":{"allow":["GET"]}}],"collection":[{"href":"https:\/\/tupique.com\/es\/wp-json\/wp\/v2\/product"}],"about":[{"href":"https:\/\/tupique.com\/es\/wp-json\/wp\/v2\/types\/product"}],"replies":[{"embeddable":true,"href":"https:\/\/tupique.com\/es\/wp-json\/wp\/v2\/comments?post=4386377"}],"wp:featuredmedia":[{"embeddable":true,"href":"https:\/\/tupique.com\/es\/wp-json\/wp\/v2\/media\/4386375"}],"wp:attachment":[{"href":"https:\/\/tupique.com\/es\/wp-json\/wp\/v2\/media?parent=4386377"}],"wp:term":[{"taxonomy":"product_brand","embeddable":true,"href":"https:\/\/tupique.com\/es\/wp-json\/wp\/v2\/product_brand?post=4386377"},{"taxonomy":"product_cat","embeddable":true,"href":"https:\/\/tupique.com\/es\/wp-json\/wp\/v2\/product_cat?post=4386377"},{"taxonomy":"product_tag","embeddable":true,"href":"https:\/\/tupique.com\/es\/wp-json\/wp\/v2\/product_tag?post=4386377"}],"curies":[{"name":"wp","href":"https:\/\/api.w.org\/{rel}","templated":true}]}}