{"id":4386434,"date":"2026-04-09T19:03:24","date_gmt":"2026-04-09T18:03:24","guid":{"rendered":"https:\/\/tupique.com\/produit\/refrigerateur-bosch-ksv33vlep-argente-acier\/"},"modified":"2026-04-09T22:55:20","modified_gmt":"2026-04-09T21:55:20","slug":"refrigerateur-bosch-ksv33vlep-argente-acier","status":"publish","type":"product","link":"https:\/\/tupique.com\/es\/producto\/refrigerateur-bosch-ksv33vlep-argente-acier\/","title":{"rendered":"R\u00e9frig\u00e9rateur BOSCH KSV33VLEP Argent\u00e9 Acier"},"content":{"rendered":"<p>Si est\u00e1 pensando en renovar su cocina, compre <b>R\u00e9frig\u00e9rateur BOSCH KSV33VLEP Argent\u00e9 Acier<\/b> y otros <b>Productos BOSCH<\/b> !<\/p>\n<ul>\n<li>Clasificaci\u00f3n energ\u00e9tica: E<\/li>\n<li>Dimensions approx.: 176 x 60 cm<\/li>\n<li>Bloc d\u2019Alimentation: r\u00e9seau \u00e9lectrique<\/li>\n<li>Largeur: 60 cm<\/li>\n<li>Producto enchufable: S\u00ed<\/li>\n<li>Color:\n<ul>\n<li>Acier<\/li>\n<li>Plata<\/li>\n<\/ul>\n<\/li>\n<li>Tipo de enchufe: enchufe UE<\/li>\n<li>Type d&#8217;installation:\n<ul>\n<li>Installation gratuite<\/li>\n<li>Ind\u00e9pendant<\/li>\n<\/ul>\n<\/li>\n<li>Capacit\u00e9 du r\u00e9frig\u00e9rateur: 324 L<\/li>\n<li>Portes: 1 porte<\/li>\n<\/ul>","protected":false},"excerpt":{"rendered":"<p>Si vous pensez r\u00e9nover votre cuisine, achetez R\u00e9frig\u00e9rateur BOSCH KSV33VLEP Argent\u00e9 Acier et d\u00b4autres produits BOSCH ! Classification \u00e9nerg\u00e9tique: E<\/p>","protected":false},"featured_media":4386431,"comment_status":"open","ping_status":"closed","template":"","meta":{"_joinchat":[]},"product_brand":[157932],"product_cat":[157538,157539,157541],"product_tag":[157545],"class_list":{"0":"post-4386434","1":"product","2":"type-product","3":"status-publish","4":"has-post-thumbnail","6":"product_brand-brandp_959","7":"product_cat-cuisine-gourmet","8":"product_cat-petit-electromenager","9":"product_cat-refrigerateurs-et-congelateurs","10":"product_tag-tag_930","12":"first","13":"instock","14":"taxable","15":"shipping-taxable","16":"purchasable","17":"product-type-simple"},"yoast_head":"<!-- This site is optimized with the Yoast SEO plugin v27.2 - https:\/\/yoast.com\/product\/yoast-seo-wordpress\/ -->\n<title>R\u00e9frig\u00e9rateur BOSCH KSV33VLEP Argent\u00e9 Acier - Tupique<\/title>\n<meta name=\"description\" content=\"Vous cherchez R\u00e9frig\u00e9rateur BOSCH KSV33VLEP Argent\u00e9 Acier ? Achetez des produits chez Tupique. Profitez de la livraison gratuite pour obtenir R\u00e9frig\u00e9rateur BOSCH KSV33VLEP Argent\u00e9 Acier d\u00e8s maintenant.\" \/>\n<meta name=\"robots\" content=\"index, follow, max-snippet:-1, max-image-preview:large, max-video-preview:-1\" \/>\n<link rel=\"canonical\" href=\"https:\/\/tupique.com\/es\/producto\/refrigerateur-bosch-ksv33vlep-argente-acier\/\" \/>\n<meta property=\"og:locale\" content=\"es_ES\" \/>\n<meta property=\"og:type\" content=\"article\" \/>\n<meta property=\"og:title\" content=\"R\u00e9frig\u00e9rateur BOSCH KSV33VLEP Argent\u00e9 Acier - Tupique\" \/>\n<meta property=\"og:description\" content=\"Vous cherchez R\u00e9frig\u00e9rateur BOSCH KSV33VLEP Argent\u00e9 Acier ? Achetez des produits chez Tupique. Profitez de la livraison gratuite pour obtenir R\u00e9frig\u00e9rateur BOSCH KSV33VLEP Argent\u00e9 Acier d\u00e8s maintenant.\" \/>\n<meta property=\"og:url\" content=\"https:\/\/tupique.com\/es\/producto\/refrigerateur-bosch-ksv33vlep-argente-acier\/\" \/>\n<meta property=\"og:site_name\" content=\"Tupique\" \/>\n<meta property=\"article:modified_time\" content=\"2026-04-09T21:55:20+00:00\" \/>\n<meta property=\"og:image\" content=\"https:\/\/tupique.com\/wp-content\/uploads\/2026\/04\/4242005205707_S0431728_P04.jpg\" \/>\n\t<meta property=\"og:image:width\" content=\"1200\" \/>\n\t<meta property=\"og:image:height\" content=\"1200\" \/>\n\t<meta property=\"og:image:type\" content=\"image\/jpeg\" \/>\n<meta name=\"twitter:card\" content=\"summary_large_image\" \/>\n<script type=\"application\/ld+json\" class=\"yoast-schema-graph\">{\"@context\":\"https:\/\/schema.org\",\"@graph\":[{\"@type\":\"WebPage\",\"@id\":\"https:\/\/tupique.com\/produit\/refrigerateur-bosch-ksv33vlep-argente-acier\/\",\"url\":\"https:\/\/tupique.com\/produit\/refrigerateur-bosch-ksv33vlep-argente-acier\/\",\"name\":\"R\u00e9frig\u00e9rateur BOSCH KSV33VLEP Argent\u00e9 Acier - Tupique\",\"isPartOf\":{\"@id\":\"https:\/\/tupique.com\/#website\"},\"primaryImageOfPage\":{\"@id\":\"https:\/\/tupique.com\/produit\/refrigerateur-bosch-ksv33vlep-argente-acier\/#primaryimage\"},\"image\":{\"@id\":\"https:\/\/tupique.com\/produit\/refrigerateur-bosch-ksv33vlep-argente-acier\/#primaryimage\"},\"thumbnailUrl\":\"https:\/\/tupique.com\/wp-content\/uploads\/2026\/04\/4242005205707_S0431728_P04.jpg\",\"datePublished\":\"2026-04-09T18:03:24+00:00\",\"dateModified\":\"2026-04-09T21:55:20+00:00\",\"description\":\"Vous cherchez R\u00e9frig\u00e9rateur BOSCH KSV33VLEP Argent\u00e9 Acier ? Achetez des produits chez Tupique. Profitez de la livraison gratuite pour obtenir R\u00e9frig\u00e9rateur BOSCH KSV33VLEP Argent\u00e9 Acier d\u00e8s maintenant.\",\"breadcrumb\":{\"@id\":\"https:\/\/tupique.com\/produit\/refrigerateur-bosch-ksv33vlep-argente-acier\/#breadcrumb\"},\"inLanguage\":\"es\",\"potentialAction\":[{\"@type\":\"ReadAction\",\"target\":[\"https:\/\/tupique.com\/produit\/refrigerateur-bosch-ksv33vlep-argente-acier\/\"]}]},{\"@type\":\"ImageObject\",\"inLanguage\":\"es\",\"@id\":\"https:\/\/tupique.com\/produit\/refrigerateur-bosch-ksv33vlep-argente-acier\/#primaryimage\",\"url\":\"https:\/\/tupique.com\/wp-content\/uploads\/2026\/04\/4242005205707_S0431728_P04.jpg\",\"contentUrl\":\"https:\/\/tupique.com\/wp-content\/uploads\/2026\/04\/4242005205707_S0431728_P04.jpg\",\"width\":1200,\"height\":1200,\"caption\":\"S0431728_0\"},{\"@type\":\"BreadcrumbList\",\"@id\":\"https:\/\/tupique.com\/produit\/refrigerateur-bosch-ksv33vlep-argente-acier\/#breadcrumb\",\"itemListElement\":[{\"@type\":\"ListItem\",\"position\":1,\"name\":\"In\u00edcio\",\"item\":\"https:\/\/tupique.com\/\"},{\"@type\":\"ListItem\",\"position\":2,\"name\":\"Boutique\",\"item\":\"https:\/\/tupique.com\/en\/boutique\/\"},{\"@type\":\"ListItem\",\"position\":3,\"name\":\"R\u00e9frig\u00e9rateur BOSCH KSV33VLEP Argent\u00e9 Acier\"}]},{\"@type\":\"WebSite\",\"@id\":\"https:\/\/tupique.com\/#website\",\"url\":\"https:\/\/tupique.com\/\",\"name\":\"Tupique\",\"description\":\"Marketplace\",\"publisher\":{\"@id\":\"https:\/\/tupique.com\/#organization\"},\"potentialAction\":[{\"@type\":\"SearchAction\",\"target\":{\"@type\":\"EntryPoint\",\"urlTemplate\":\"https:\/\/tupique.com\/?s={search_term_string}\"},\"query-input\":{\"@type\":\"PropertyValueSpecification\",\"valueRequired\":true,\"valueName\":\"search_term_string\"}}],\"inLanguage\":\"es\"},{\"@type\":\"Organization\",\"@id\":\"https:\/\/tupique.com\/#organization\",\"name\":\"Tupique\",\"url\":\"https:\/\/tupique.com\/\",\"logo\":{\"@type\":\"ImageObject\",\"inLanguage\":\"es\",\"@id\":\"https:\/\/tupique.com\/#\/schema\/logo\/image\/\",\"url\":\"https:\/\/tupique.com\/wp-content\/uploads\/2024\/09\/logo.png\",\"contentUrl\":\"https:\/\/tupique.com\/wp-content\/uploads\/2024\/09\/logo.png\",\"width\":1118,\"height\":310,\"caption\":\"Tupique\"},\"image\":{\"@id\":\"https:\/\/tupique.com\/#\/schema\/logo\/image\/\"}}]}<\/script>\n<!-- \/ Yoast SEO plugin. -->","yoast_head_json":{"title":"R\u00e9frig\u00e9rateur BOSCH KSV33VLEP Argent\u00e9 Acier - Tupique","description":"Vous cherchez R\u00e9frig\u00e9rateur BOSCH KSV33VLEP Argent\u00e9 Acier ? Achetez des produits chez Tupique. Profitez de la livraison gratuite pour obtenir R\u00e9frig\u00e9rateur BOSCH KSV33VLEP Argent\u00e9 Acier d\u00e8s maintenant.","robots":{"index":"index","follow":"follow","max-snippet":"max-snippet:-1","max-image-preview":"max-image-preview:large","max-video-preview":"max-video-preview:-1"},"canonical":"https:\/\/tupique.com\/es\/producto\/refrigerateur-bosch-ksv33vlep-argente-acier\/","og_locale":"es_ES","og_type":"article","og_title":"R\u00e9frig\u00e9rateur BOSCH KSV33VLEP Argent\u00e9 Acier - Tupique","og_description":"Vous cherchez R\u00e9frig\u00e9rateur BOSCH KSV33VLEP Argent\u00e9 Acier ? Achetez des produits chez Tupique. Profitez de la livraison gratuite pour obtenir R\u00e9frig\u00e9rateur BOSCH KSV33VLEP Argent\u00e9 Acier d\u00e8s maintenant.","og_url":"https:\/\/tupique.com\/es\/producto\/refrigerateur-bosch-ksv33vlep-argente-acier\/","og_site_name":"Tupique","article_modified_time":"2026-04-09T21:55:20+00:00","og_image":[{"width":1200,"height":1200,"url":"https:\/\/tupique.com\/wp-content\/uploads\/2026\/04\/4242005205707_S0431728_P04.jpg","type":"image\/jpeg"}],"twitter_card":"summary_large_image","schema":{"@context":"https:\/\/schema.org","@graph":[{"@type":"WebPage","@id":"https:\/\/tupique.com\/produit\/refrigerateur-bosch-ksv33vlep-argente-acier\/","url":"https:\/\/tupique.com\/produit\/refrigerateur-bosch-ksv33vlep-argente-acier\/","name":"R\u00e9frig\u00e9rateur BOSCH KSV33VLEP Argent\u00e9 Acier - Tupique","isPartOf":{"@id":"https:\/\/tupique.com\/#website"},"primaryImageOfPage":{"@id":"https:\/\/tupique.com\/produit\/refrigerateur-bosch-ksv33vlep-argente-acier\/#primaryimage"},"image":{"@id":"https:\/\/tupique.com\/produit\/refrigerateur-bosch-ksv33vlep-argente-acier\/#primaryimage"},"thumbnailUrl":"https:\/\/tupique.com\/wp-content\/uploads\/2026\/04\/4242005205707_S0431728_P04.jpg","datePublished":"2026-04-09T18:03:24+00:00","dateModified":"2026-04-09T21:55:20+00:00","description":"Vous cherchez R\u00e9frig\u00e9rateur BOSCH KSV33VLEP Argent\u00e9 Acier ? Achetez des produits chez Tupique. Profitez de la livraison gratuite pour obtenir R\u00e9frig\u00e9rateur BOSCH KSV33VLEP Argent\u00e9 Acier d\u00e8s maintenant.","breadcrumb":{"@id":"https:\/\/tupique.com\/produit\/refrigerateur-bosch-ksv33vlep-argente-acier\/#breadcrumb"},"inLanguage":"es","potentialAction":[{"@type":"ReadAction","target":["https:\/\/tupique.com\/produit\/refrigerateur-bosch-ksv33vlep-argente-acier\/"]}]},{"@type":"ImageObject","inLanguage":"es","@id":"https:\/\/tupique.com\/produit\/refrigerateur-bosch-ksv33vlep-argente-acier\/#primaryimage","url":"https:\/\/tupique.com\/wp-content\/uploads\/2026\/04\/4242005205707_S0431728_P04.jpg","contentUrl":"https:\/\/tupique.com\/wp-content\/uploads\/2026\/04\/4242005205707_S0431728_P04.jpg","width":1200,"height":1200,"caption":"S0431728_0"},{"@type":"BreadcrumbList","@id":"https:\/\/tupique.com\/produit\/refrigerateur-bosch-ksv33vlep-argente-acier\/#breadcrumb","itemListElement":[{"@type":"ListItem","position":1,"name":"In\u00edcio","item":"https:\/\/tupique.com\/"},{"@type":"ListItem","position":2,"name":"Boutique","item":"https:\/\/tupique.com\/en\/boutique\/"},{"@type":"ListItem","position":3,"name":"R\u00e9frig\u00e9rateur BOSCH KSV33VLEP Argent\u00e9 Acier"}]},{"@type":"WebSite","@id":"https:\/\/tupique.com\/#website","url":"https:\/\/tupique.com\/","name":"Tupique","description":"Marketplace","publisher":{"@id":"https:\/\/tupique.com\/#organization"},"potentialAction":[{"@type":"SearchAction","target":{"@type":"EntryPoint","urlTemplate":"https:\/\/tupique.com\/?s={search_term_string}"},"query-input":{"@type":"PropertyValueSpecification","valueRequired":true,"valueName":"search_term_string"}}],"inLanguage":"es"},{"@type":"Organization","@id":"https:\/\/tupique.com\/#organization","name":"Tupique","url":"https:\/\/tupique.com\/","logo":{"@type":"ImageObject","inLanguage":"es","@id":"https:\/\/tupique.com\/#\/schema\/logo\/image\/","url":"https:\/\/tupique.com\/wp-content\/uploads\/2024\/09\/logo.png","contentUrl":"https:\/\/tupique.com\/wp-content\/uploads\/2024\/09\/logo.png","width":1118,"height":310,"caption":"Tupique"},"image":{"@id":"https:\/\/tupique.com\/#\/schema\/logo\/image\/"}}]}},"jetpack_sharing_enabled":true,"_links":{"self":[{"href":"https:\/\/tupique.com\/es\/wp-json\/wp\/v2\/product\/4386434","targetHints":{"allow":["GET"]}}],"collection":[{"href":"https:\/\/tupique.com\/es\/wp-json\/wp\/v2\/product"}],"about":[{"href":"https:\/\/tupique.com\/es\/wp-json\/wp\/v2\/types\/product"}],"replies":[{"embeddable":true,"href":"https:\/\/tupique.com\/es\/wp-json\/wp\/v2\/comments?post=4386434"}],"wp:featuredmedia":[{"embeddable":true,"href":"https:\/\/tupique.com\/es\/wp-json\/wp\/v2\/media\/4386431"}],"wp:attachment":[{"href":"https:\/\/tupique.com\/es\/wp-json\/wp\/v2\/media?parent=4386434"}],"wp:term":[{"taxonomy":"product_brand","embeddable":true,"href":"https:\/\/tupique.com\/es\/wp-json\/wp\/v2\/product_brand?post=4386434"},{"taxonomy":"product_cat","embeddable":true,"href":"https:\/\/tupique.com\/es\/wp-json\/wp\/v2\/product_cat?post=4386434"},{"taxonomy":"product_tag","embeddable":true,"href":"https:\/\/tupique.com\/es\/wp-json\/wp\/v2\/product_tag?post=4386434"}],"curies":[{"name":"wp","href":"https:\/\/api.w.org\/{rel}","templated":true}]}}