{"id":4386551,"date":"2026-04-09T22:57:40","date_gmt":"2026-04-09T21:57:40","guid":{"rendered":"https:\/\/tupique.com\/produit\/monitor-gaming-benq-pv3200u-315-4k-ultra-hd\/"},"modified":"2026-04-09T22:57:40","modified_gmt":"2026-04-09T21:57:40","slug":"monitor-gaming-benq-pv3200u-315-4k-ultra-hd","status":"publish","type":"product","link":"https:\/\/tupique.com\/es\/producto\/monitor-gaming-benq-pv3200u-315-4k-ultra-hd\/","title":{"rendered":"Monitor Gaming BenQ PV3200U 31,5&#8243; 4K Ultra HD"},"content":{"rendered":"<p>Si buscas las \u00faltimas tendencias del mercado, nosotros te ayudamos. <b>Monitor Gaming BenQ PV3200U 31,5&#8243; 4K Ultra HD<\/b> !<\/p>\n<p>Le <b>moniteur gaming 32&#8243;<\/b> de BenQ est une solution avanc\u00e9e destin\u00e9e aux utilisateurs exigeant une qualit\u00e9 visuelle sup\u00e9rieure et une grande pr\u00e9cision, aussi bien pour le jeu que pour l\u2019\u00e9dition professionnelle. Ce mod\u00e8le propose un <b>\u00e9cran de 31,5&#8243;\/32&#8243;<\/b> avec une r\u00e9solution <b>4K UHD (3840 x 2160)<\/b>, \u00e9quip\u00e9 des technologies <b>LED et IPS<\/b> pour garantir des couleurs homog\u00e8nes et de larges angles de vision, id\u00e9als pour le gaming et les travaux graphiques. Il se distingue par sa compatibilit\u00e9 <b>HDR10<\/b>, offrant une plage dynamique \u00e9tendue et un r\u00e9alisme accru dans les sc\u00e8nes sombres et lumineuses, ainsi que par la certification <b>AQCOLOR<\/b> et un calibrage d\u2019usine avec rapport (<b>Delta E \u2264 2<\/b>), couvrant <b>95% de l\u2019espace DCI-P3<\/b>, <b>100% Rec.709<\/b> y <b>100% sRGB<\/b>, ce qui le rend parfait pour l\u2019\u00e9dition vid\u00e9o et photo avec une fid\u00e9lit\u00e9 chromatique totale. La connectivit\u00e9 est un autre atout, avec un <b>USB-C 65W<\/b> pour la transmission vid\u00e9o, donn\u00e9es et recharge simultan\u00e9e, assurant une compatibilit\u00e9 directe avec les appareils Mac et Thunderbolt 3\/4, et facilitant l\u2019int\u00e9gration dans les stations de travail modernes. Le moniteur int\u00e8gre des <b>haut-parleurs 2.1 avec caisson de basses et Mode Studio<\/b>, ainsi qu\u2019un r\u00e9glage ergonomique complet \u2014 hauteur, inclinaison, rotation, pivot et orientation \u2014 ; le fini noir mat et l\u2019axe rotatif permettent d\u2019adapter l\u2019espace de travail ou de jeu selon les pr\u00e9f\u00e9rences de chacun. \u00c0 noter, le logiciel Display Pilot 2 et la fonction ICCsync pour une gestion pr\u00e9cise des couleurs, ainsi que le mode M-book d\u00e9di\u00e9 aux environnements Mac. Le hotkey puck sans fil permet un acc\u00e8s rapide aux r\u00e9glages du moniteur, optimisant l\u2019exp\u00e9rience utilisateur en toute situation. En r\u00e9sum\u00e9, ce moniteur BenQ 32 pouces s\u2019impose comme une solution polyvalente, robuste et con\u00e7ue pour ceux qui recherchent l\u2019excellence visuelle, la pr\u00e9cision des couleurs et une connectivit\u00e9 \u00e9tendue dans un seul appareil.<\/p>\n<ul>\n<li>Pantalla:\n<ul>\n<li>32&#8243;<\/li>\n<li>31,5&#8243;<\/li>\n<\/ul>\n<\/li>\n<li>Type: Axe<\/li>\n<li>Color: Negro<\/li>\n<li>Caracter\u00edsticas:\n<ul>\n<li>Mat<\/li>\n<li>Ajustable<\/li>\n<li>Plato giratorio<\/li>\n<li>HDR<\/li>\n<li>Con soporte<\/li>\n<li>Inclinaci\u00f3n ajustable<\/li>\n<li>Gu\u00eda de instalaci\u00f3n incluida<\/li>\n<li>Altavoces integrados<\/li>\n<li>Pantalla plana<\/li>\n<\/ul>\n<\/li>\n<li>Conexiones:\n<ul>\n<li>HDMI<\/li>\n<li>USB<\/li>\n<li>USB-C<\/li>\n<li>HDMI 2.0<\/li>\n<li>HDCP<\/li>\n<li>HDMI 1.4<\/li>\n<\/ul>\n<\/li>\n<li>Relaci\u00f3n de aspecto: 16:9<\/li>\n<li>Clasificaci\u00f3n energ\u00e9tica: G<\/li>\n<li>Tecnolog\u00eda:\n<ul>\n<li>LED<\/li>\n<li>IPS<\/li>\n<li>HDR10<\/li>\n<li>LCD<\/li>\n<li>Sin parpadeos<\/li>\n<\/ul>\n<\/li>\n<li>Relaci\u00f3n de contraste: 1000:1<\/li>\n<li>Puertos: 3<\/li>\n<li>VESA: 10 x 10 cm<\/li>\n<li>Resoluci\u00f3n: 4K Ultra HD<\/li>\n<li>Tensi\u00f3n: 100 - 240 V<\/li>\n<li>poder:\n<ul>\n<li>4 W<\/li>\n<li>50 W<\/li>\n<\/ul>\n<\/li>\n<li>Brillo: 350 lm ANSI<\/li>\n<li>Pantalla t\u00e1ctil: No<\/li>\n<li>Incluye: Salida de auriculares<\/li>\n<li>Frecuencia: 60 Hz<\/li>\n<li>\u00c1ngulo: 178<\/li>\n<li>Inclinaison: -5\u00ba \/ 20\u00ba<\/li>\n<li>Montaje: VESA<\/li>\n<li>Utilisation recommand\u00e9e: Design graphique<\/li>\n<li>Couverture: 100% sRGB<\/li>\n<li>Rotation: -15\u00ba \/ 15\u00b0<\/li>\n<li>Resoluci\u00f3n (px): 3840 x 2160 px<\/li>\n<li>Diagonal de pantalla (cm):\n<ul>\n<li>81,3 cm<\/li>\n<li>80 cm<\/li>\n<\/ul>\n<\/li>\n<li>Tiempo de respuesta: 5 ms<\/li>\n<\/ul>","protected":false},"excerpt":{"rendered":"<p>Si vous \u00eates \u00e0 la recherche de nouvelles tendances sur le march\u00e9, nous vous pr\u00e9sentons Monitor Gaming BenQ PV3200U 31,5&#8243;<\/p>","protected":false},"featured_media":4386530,"comment_status":"open","ping_status":"closed","template":"","meta":{"_joinchat":[]},"product_brand":[158075],"product_cat":[157516,157517,157816],"product_tag":[157514,157515],"class_list":{"0":"post-4386551","1":"product","2":"type-product","3":"status-publish","4":"has-post-thumbnail","6":"product_brand-brandp_537","7":"product_cat-informatique-electronique","8":"product_cat-informatique-peripheriques-et-consommables","9":"product_cat-moniteurs","10":"product_tag-tag_933","11":"product_tag-tag_1295","13":"first","14":"instock","15":"taxable","16":"shipping-taxable","17":"purchasable","18":"product-type-simple"},"yoast_head":"<!-- This site is optimized with the Yoast SEO plugin v27.2 - https:\/\/yoast.com\/product\/yoast-seo-wordpress\/ -->\n<title>Monitor Gaming BenQ PV3200U 31,5&quot; 4K Ultra HD - Tupique<\/title>\n<meta name=\"description\" content=\"Vous cherchez Monitor Gaming BenQ PV3200U 31,5&quot; 4K Ultra HD ? Achetez des produits chez Tupique. Profitez de la livraison gratuite pour obtenir Monitor Gaming BenQ PV3200U 31,5&quot; 4K Ultra HD d\u00e8s maintenant.\" \/>\n<meta name=\"robots\" content=\"index, follow, max-snippet:-1, max-image-preview:large, max-video-preview:-1\" \/>\n<link rel=\"canonical\" href=\"https:\/\/tupique.com\/es\/producto\/monitor-gaming-benq-pv3200u-315-4k-ultra-hd\/\" \/>\n<meta property=\"og:locale\" content=\"es_ES\" \/>\n<meta property=\"og:type\" content=\"article\" \/>\n<meta property=\"og:title\" content=\"Monitor Gaming BenQ PV3200U 31,5&quot; 4K Ultra HD - Tupique\" \/>\n<meta property=\"og:description\" content=\"Vous cherchez Monitor Gaming BenQ PV3200U 31,5&quot; 4K Ultra HD ? Achetez des produits chez Tupique. Profitez de la livraison gratuite pour obtenir Monitor Gaming BenQ PV3200U 31,5&quot; 4K Ultra HD d\u00e8s maintenant.\" \/>\n<meta property=\"og:url\" content=\"https:\/\/tupique.com\/es\/producto\/monitor-gaming-benq-pv3200u-315-4k-ultra-hd\/\" \/>\n<meta property=\"og:site_name\" content=\"Tupique\" \/>\n<meta name=\"twitter:card\" content=\"summary_large_image\" \/>\n<meta name=\"twitter:label1\" content=\"Tiempo de lectura\" \/>\n\t<meta name=\"twitter:data1\" content=\"2 minutos\" \/>\n<script type=\"application\/ld+json\" class=\"yoast-schema-graph\">{\"@context\":\"https:\/\/schema.org\",\"@graph\":[{\"@type\":\"WebPage\",\"@id\":\"https:\/\/tupique.com\/produit\/monitor-gaming-benq-pv3200u-315-4k-ultra-hd\/\",\"url\":\"https:\/\/tupique.com\/produit\/monitor-gaming-benq-pv3200u-315-4k-ultra-hd\/\",\"name\":\"Monitor Gaming BenQ PV3200U 31,5\\\" 4K Ultra HD - Tupique\",\"isPartOf\":{\"@id\":\"https:\/\/tupique.com\/#website\"},\"primaryImageOfPage\":{\"@id\":\"https:\/\/tupique.com\/produit\/monitor-gaming-benq-pv3200u-315-4k-ultra-hd\/#primaryimage\"},\"image\":{\"@id\":\"https:\/\/tupique.com\/produit\/monitor-gaming-benq-pv3200u-315-4k-ultra-hd\/#primaryimage\"},\"thumbnailUrl\":\"https:\/\/tupique.com\/wp-content\/uploads\/2026\/04\/4718755096211_M0327988_P00.jpg\",\"datePublished\":\"2026-04-09T21:57:40+00:00\",\"description\":\"Vous cherchez Monitor Gaming BenQ PV3200U 31,5\\\" 4K Ultra HD ? Achetez des produits chez Tupique. Profitez de la livraison gratuite pour obtenir Monitor Gaming BenQ PV3200U 31,5\\\" 4K Ultra HD d\u00e8s maintenant.\",\"breadcrumb\":{\"@id\":\"https:\/\/tupique.com\/produit\/monitor-gaming-benq-pv3200u-315-4k-ultra-hd\/#breadcrumb\"},\"inLanguage\":\"es\",\"potentialAction\":[{\"@type\":\"ReadAction\",\"target\":[\"https:\/\/tupique.com\/produit\/monitor-gaming-benq-pv3200u-315-4k-ultra-hd\/\"]}]},{\"@type\":\"ImageObject\",\"inLanguage\":\"es\",\"@id\":\"https:\/\/tupique.com\/produit\/monitor-gaming-benq-pv3200u-315-4k-ultra-hd\/#primaryimage\",\"url\":\"https:\/\/tupique.com\/wp-content\/uploads\/2026\/04\/4718755096211_M0327988_P00.jpg\",\"contentUrl\":\"https:\/\/tupique.com\/wp-content\/uploads\/2026\/04\/4718755096211_M0327988_P00.jpg\",\"width\":1200,\"height\":1200,\"caption\":\"S55321573_0\"},{\"@type\":\"BreadcrumbList\",\"@id\":\"https:\/\/tupique.com\/produit\/monitor-gaming-benq-pv3200u-315-4k-ultra-hd\/#breadcrumb\",\"itemListElement\":[{\"@type\":\"ListItem\",\"position\":1,\"name\":\"In\u00edcio\",\"item\":\"https:\/\/tupique.com\/\"},{\"@type\":\"ListItem\",\"position\":2,\"name\":\"Boutique\",\"item\":\"https:\/\/tupique.com\/en\/boutique\/\"},{\"@type\":\"ListItem\",\"position\":3,\"name\":\"Monitor Gaming BenQ PV3200U 31,5&#8243; 4K Ultra HD\"}]},{\"@type\":\"WebSite\",\"@id\":\"https:\/\/tupique.com\/#website\",\"url\":\"https:\/\/tupique.com\/\",\"name\":\"Tupique\",\"description\":\"Marketplace\",\"publisher\":{\"@id\":\"https:\/\/tupique.com\/#organization\"},\"potentialAction\":[{\"@type\":\"SearchAction\",\"target\":{\"@type\":\"EntryPoint\",\"urlTemplate\":\"https:\/\/tupique.com\/?s={search_term_string}\"},\"query-input\":{\"@type\":\"PropertyValueSpecification\",\"valueRequired\":true,\"valueName\":\"search_term_string\"}}],\"inLanguage\":\"es\"},{\"@type\":\"Organization\",\"@id\":\"https:\/\/tupique.com\/#organization\",\"name\":\"Tupique\",\"url\":\"https:\/\/tupique.com\/\",\"logo\":{\"@type\":\"ImageObject\",\"inLanguage\":\"es\",\"@id\":\"https:\/\/tupique.com\/#\/schema\/logo\/image\/\",\"url\":\"https:\/\/tupique.com\/wp-content\/uploads\/2024\/09\/logo.png\",\"contentUrl\":\"https:\/\/tupique.com\/wp-content\/uploads\/2024\/09\/logo.png\",\"width\":1118,\"height\":310,\"caption\":\"Tupique\"},\"image\":{\"@id\":\"https:\/\/tupique.com\/#\/schema\/logo\/image\/\"}}]}<\/script>\n<!-- \/ Yoast SEO plugin. -->","yoast_head_json":{"title":"Monitor Gaming BenQ PV3200U 31,5\" 4K Ultra HD - Tupique","description":"Vous cherchez Monitor Gaming BenQ PV3200U 31,5\" 4K Ultra HD ? Achetez des produits chez Tupique. Profitez de la livraison gratuite pour obtenir Monitor Gaming BenQ PV3200U 31,5\" 4K Ultra HD d\u00e8s maintenant.","robots":{"index":"index","follow":"follow","max-snippet":"max-snippet:-1","max-image-preview":"max-image-preview:large","max-video-preview":"max-video-preview:-1"},"canonical":"https:\/\/tupique.com\/es\/producto\/monitor-gaming-benq-pv3200u-315-4k-ultra-hd\/","og_locale":"es_ES","og_type":"article","og_title":"Monitor Gaming BenQ PV3200U 31,5\" 4K Ultra HD - Tupique","og_description":"Vous cherchez Monitor Gaming BenQ PV3200U 31,5\" 4K Ultra HD ? Achetez des produits chez Tupique. Profitez de la livraison gratuite pour obtenir Monitor Gaming BenQ PV3200U 31,5\" 4K Ultra HD d\u00e8s maintenant.","og_url":"https:\/\/tupique.com\/es\/producto\/monitor-gaming-benq-pv3200u-315-4k-ultra-hd\/","og_site_name":"Tupique","twitter_card":"summary_large_image","twitter_misc":{"Tiempo de lectura":"2 minutos"},"schema":{"@context":"https:\/\/schema.org","@graph":[{"@type":"WebPage","@id":"https:\/\/tupique.com\/produit\/monitor-gaming-benq-pv3200u-315-4k-ultra-hd\/","url":"https:\/\/tupique.com\/produit\/monitor-gaming-benq-pv3200u-315-4k-ultra-hd\/","name":"Monitor Gaming BenQ PV3200U 31,5\" 4K Ultra HD - Tupique","isPartOf":{"@id":"https:\/\/tupique.com\/#website"},"primaryImageOfPage":{"@id":"https:\/\/tupique.com\/produit\/monitor-gaming-benq-pv3200u-315-4k-ultra-hd\/#primaryimage"},"image":{"@id":"https:\/\/tupique.com\/produit\/monitor-gaming-benq-pv3200u-315-4k-ultra-hd\/#primaryimage"},"thumbnailUrl":"https:\/\/tupique.com\/wp-content\/uploads\/2026\/04\/4718755096211_M0327988_P00.jpg","datePublished":"2026-04-09T21:57:40+00:00","description":"Vous cherchez Monitor Gaming BenQ PV3200U 31,5\" 4K Ultra HD ? Achetez des produits chez Tupique. Profitez de la livraison gratuite pour obtenir Monitor Gaming BenQ PV3200U 31,5\" 4K Ultra HD d\u00e8s maintenant.","breadcrumb":{"@id":"https:\/\/tupique.com\/produit\/monitor-gaming-benq-pv3200u-315-4k-ultra-hd\/#breadcrumb"},"inLanguage":"es","potentialAction":[{"@type":"ReadAction","target":["https:\/\/tupique.com\/produit\/monitor-gaming-benq-pv3200u-315-4k-ultra-hd\/"]}]},{"@type":"ImageObject","inLanguage":"es","@id":"https:\/\/tupique.com\/produit\/monitor-gaming-benq-pv3200u-315-4k-ultra-hd\/#primaryimage","url":"https:\/\/tupique.com\/wp-content\/uploads\/2026\/04\/4718755096211_M0327988_P00.jpg","contentUrl":"https:\/\/tupique.com\/wp-content\/uploads\/2026\/04\/4718755096211_M0327988_P00.jpg","width":1200,"height":1200,"caption":"S55321573_0"},{"@type":"BreadcrumbList","@id":"https:\/\/tupique.com\/produit\/monitor-gaming-benq-pv3200u-315-4k-ultra-hd\/#breadcrumb","itemListElement":[{"@type":"ListItem","position":1,"name":"In\u00edcio","item":"https:\/\/tupique.com\/"},{"@type":"ListItem","position":2,"name":"Boutique","item":"https:\/\/tupique.com\/en\/boutique\/"},{"@type":"ListItem","position":3,"name":"Monitor Gaming BenQ PV3200U 31,5&#8243; 4K Ultra HD"}]},{"@type":"WebSite","@id":"https:\/\/tupique.com\/#website","url":"https:\/\/tupique.com\/","name":"Tupique","description":"Marketplace","publisher":{"@id":"https:\/\/tupique.com\/#organization"},"potentialAction":[{"@type":"SearchAction","target":{"@type":"EntryPoint","urlTemplate":"https:\/\/tupique.com\/?s={search_term_string}"},"query-input":{"@type":"PropertyValueSpecification","valueRequired":true,"valueName":"search_term_string"}}],"inLanguage":"es"},{"@type":"Organization","@id":"https:\/\/tupique.com\/#organization","name":"Tupique","url":"https:\/\/tupique.com\/","logo":{"@type":"ImageObject","inLanguage":"es","@id":"https:\/\/tupique.com\/#\/schema\/logo\/image\/","url":"https:\/\/tupique.com\/wp-content\/uploads\/2024\/09\/logo.png","contentUrl":"https:\/\/tupique.com\/wp-content\/uploads\/2024\/09\/logo.png","width":1118,"height":310,"caption":"Tupique"},"image":{"@id":"https:\/\/tupique.com\/#\/schema\/logo\/image\/"}}]}},"jetpack_sharing_enabled":true,"_links":{"self":[{"href":"https:\/\/tupique.com\/es\/wp-json\/wp\/v2\/product\/4386551","targetHints":{"allow":["GET"]}}],"collection":[{"href":"https:\/\/tupique.com\/es\/wp-json\/wp\/v2\/product"}],"about":[{"href":"https:\/\/tupique.com\/es\/wp-json\/wp\/v2\/types\/product"}],"replies":[{"embeddable":true,"href":"https:\/\/tupique.com\/es\/wp-json\/wp\/v2\/comments?post=4386551"}],"wp:featuredmedia":[{"embeddable":true,"href":"https:\/\/tupique.com\/es\/wp-json\/wp\/v2\/media\/4386530"}],"wp:attachment":[{"href":"https:\/\/tupique.com\/es\/wp-json\/wp\/v2\/media?parent=4386551"}],"wp:term":[{"taxonomy":"product_brand","embeddable":true,"href":"https:\/\/tupique.com\/es\/wp-json\/wp\/v2\/product_brand?post=4386551"},{"taxonomy":"product_cat","embeddable":true,"href":"https:\/\/tupique.com\/es\/wp-json\/wp\/v2\/product_cat?post=4386551"},{"taxonomy":"product_tag","embeddable":true,"href":"https:\/\/tupique.com\/es\/wp-json\/wp\/v2\/product_tag?post=4386551"}],"curies":[{"name":"wp","href":"https:\/\/api.w.org\/{rel}","templated":true}]}}