{"id":4386598,"date":"2026-04-09T22:58:42","date_gmt":"2026-04-09T21:58:42","guid":{"rendered":"https:\/\/tupique.com\/produit\/lunettes-de-soleil-unisexe-porsche-design-p8942\/"},"modified":"2026-04-09T22:58:42","modified_gmt":"2026-04-09T21:58:42","slug":"lunettes-de-soleil-unisexe-porsche-design-p8942","status":"publish","type":"product","link":"https:\/\/tupique.com\/es\/producto\/lunettes-de-soleil-unisexe-porsche-design-p8942\/","title":{"rendered":"Lunettes de soleil Unisexe Porsche Design P8942"},"content":{"rendered":"<p>Si vous aimez avoir les derni\u00e8res nouveaut\u00e9s en<b>mode et accessoires<\/b> et si les accessoires sont indispensables pour l&#8217;ensemble de votre image, ne passez pas \u00e0 c\u00f4t\u00e9 de <b>Lunettes de soleil Unisexe Porsche Design P8942<\/b> ! B\u00e9n\u00e9ficiez des meilleures marques de <b>lunettes de soleil<\/b>.<\/p>\n<ul>\n<li>Type: Lunettes de soleil Unisexe<\/li>\n<li>Protection: Prot\u00e8gent contre 100 % des rayons UV (UV400)<\/li>\n<li>Genre:\n<ul>\n<li>Unisexe<\/li>\n<li>Homme<\/li>\n<\/ul>\n<\/li>\n<li>Material: Pl\u00e1stico<\/li>\n<\/ul>","protected":false},"excerpt":{"rendered":"<p>Si vous aimez avoir les derni\u00e8res nouveaut\u00e9s enmode et accessoires et si les accessoires sont indispensables pour l&#8217;ensemble de votre<\/p>","protected":false},"featured_media":4386595,"comment_status":"open","ping_status":"closed","template":"","meta":{"_joinchat":[]},"product_brand":[158291],"product_cat":[158282,158283,157532],"product_tag":[157530,157553,157529],"class_list":{"0":"post-4386598","1":"product","2":"type-product","3":"status-publish","4":"has-post-thumbnail","6":"product_brand-brandp_1753","7":"product_cat-lunettes-de-soleil","8":"product_cat-lunettes-de-soleil-homme","9":"product_cat-mode-accessoires","10":"product_tag-tag_1261","11":"product_tag-tag_124","12":"product_tag-tag_61","14":"first","15":"instock","16":"taxable","17":"shipping-taxable","18":"purchasable","19":"product-type-simple"},"yoast_head":"<!-- This site is optimized with the Yoast SEO plugin v27.2 - https:\/\/yoast.com\/product\/yoast-seo-wordpress\/ -->\n<title>Lunettes de soleil Unisexe Porsche Design P8942 - Tupique<\/title>\n<meta name=\"description\" content=\"Vous cherchez Lunettes de soleil Unisexe Porsche Design P8942 ? Achetez des produits chez Tupique. Profitez de la livraison gratuite pour obtenir Lunettes de soleil Unisexe Porsche Design P8942 d\u00e8s maintenant.\" \/>\n<meta name=\"robots\" content=\"index, follow, max-snippet:-1, max-image-preview:large, max-video-preview:-1\" \/>\n<link rel=\"canonical\" href=\"https:\/\/tupique.com\/es\/producto\/lunettes-de-soleil-unisexe-porsche-design-p8942\/\" \/>\n<meta property=\"og:locale\" content=\"es_ES\" \/>\n<meta property=\"og:type\" content=\"article\" \/>\n<meta property=\"og:title\" content=\"Lunettes de soleil Unisexe Porsche Design P8942 - Tupique\" \/>\n<meta property=\"og:description\" content=\"Vous cherchez Lunettes de soleil Unisexe Porsche Design P8942 ? Achetez des produits chez Tupique. Profitez de la livraison gratuite pour obtenir Lunettes de soleil Unisexe Porsche Design P8942 d\u00e8s maintenant.\" \/>\n<meta property=\"og:url\" content=\"https:\/\/tupique.com\/es\/producto\/lunettes-de-soleil-unisexe-porsche-design-p8942\/\" \/>\n<meta property=\"og:site_name\" content=\"Tupique\" \/>\n<meta name=\"twitter:card\" content=\"summary_large_image\" \/>\n<script type=\"application\/ld+json\" class=\"yoast-schema-graph\">{\"@context\":\"https:\/\/schema.org\",\"@graph\":[{\"@type\":\"WebPage\",\"@id\":\"https:\/\/tupique.com\/produit\/lunettes-de-soleil-unisexe-porsche-design-p8942\/\",\"url\":\"https:\/\/tupique.com\/produit\/lunettes-de-soleil-unisexe-porsche-design-p8942\/\",\"name\":\"Lunettes de soleil Unisexe Porsche Design P8942 - Tupique\",\"isPartOf\":{\"@id\":\"https:\/\/tupique.com\/#website\"},\"primaryImageOfPage\":{\"@id\":\"https:\/\/tupique.com\/produit\/lunettes-de-soleil-unisexe-porsche-design-p8942\/#primaryimage\"},\"image\":{\"@id\":\"https:\/\/tupique.com\/produit\/lunettes-de-soleil-unisexe-porsche-design-p8942\/#primaryimage\"},\"thumbnailUrl\":\"https:\/\/tupique.com\/wp-content\/uploads\/2026\/04\/S72137393_1773223049-remove-background0.jpg\",\"datePublished\":\"2026-04-09T21:58:42+00:00\",\"description\":\"Vous cherchez Lunettes de soleil Unisexe Porsche Design P8942 ? Achetez des produits chez Tupique. Profitez de la livraison gratuite pour obtenir Lunettes de soleil Unisexe Porsche Design P8942 d\u00e8s maintenant.\",\"breadcrumb\":{\"@id\":\"https:\/\/tupique.com\/produit\/lunettes-de-soleil-unisexe-porsche-design-p8942\/#breadcrumb\"},\"inLanguage\":\"es\",\"potentialAction\":[{\"@type\":\"ReadAction\",\"target\":[\"https:\/\/tupique.com\/produit\/lunettes-de-soleil-unisexe-porsche-design-p8942\/\"]}]},{\"@type\":\"ImageObject\",\"inLanguage\":\"es\",\"@id\":\"https:\/\/tupique.com\/produit\/lunettes-de-soleil-unisexe-porsche-design-p8942\/#primaryimage\",\"url\":\"https:\/\/tupique.com\/wp-content\/uploads\/2026\/04\/S72137393_1773223049-remove-background0.jpg\",\"contentUrl\":\"https:\/\/tupique.com\/wp-content\/uploads\/2026\/04\/S72137393_1773223049-remove-background0.jpg\",\"width\":1200,\"height\":1200,\"caption\":\"S72137393_0\"},{\"@type\":\"BreadcrumbList\",\"@id\":\"https:\/\/tupique.com\/produit\/lunettes-de-soleil-unisexe-porsche-design-p8942\/#breadcrumb\",\"itemListElement\":[{\"@type\":\"ListItem\",\"position\":1,\"name\":\"In\u00edcio\",\"item\":\"https:\/\/tupique.com\/\"},{\"@type\":\"ListItem\",\"position\":2,\"name\":\"Boutique\",\"item\":\"https:\/\/tupique.com\/en\/boutique\/\"},{\"@type\":\"ListItem\",\"position\":3,\"name\":\"Lunettes de soleil Unisexe Porsche Design P8942\"}]},{\"@type\":\"WebSite\",\"@id\":\"https:\/\/tupique.com\/#website\",\"url\":\"https:\/\/tupique.com\/\",\"name\":\"Tupique\",\"description\":\"Marketplace\",\"publisher\":{\"@id\":\"https:\/\/tupique.com\/#organization\"},\"potentialAction\":[{\"@type\":\"SearchAction\",\"target\":{\"@type\":\"EntryPoint\",\"urlTemplate\":\"https:\/\/tupique.com\/?s={search_term_string}\"},\"query-input\":{\"@type\":\"PropertyValueSpecification\",\"valueRequired\":true,\"valueName\":\"search_term_string\"}}],\"inLanguage\":\"es\"},{\"@type\":\"Organization\",\"@id\":\"https:\/\/tupique.com\/#organization\",\"name\":\"Tupique\",\"url\":\"https:\/\/tupique.com\/\",\"logo\":{\"@type\":\"ImageObject\",\"inLanguage\":\"es\",\"@id\":\"https:\/\/tupique.com\/#\/schema\/logo\/image\/\",\"url\":\"https:\/\/tupique.com\/wp-content\/uploads\/2024\/09\/logo.png\",\"contentUrl\":\"https:\/\/tupique.com\/wp-content\/uploads\/2024\/09\/logo.png\",\"width\":1118,\"height\":310,\"caption\":\"Tupique\"},\"image\":{\"@id\":\"https:\/\/tupique.com\/#\/schema\/logo\/image\/\"}}]}<\/script>\n<!-- \/ Yoast SEO plugin. -->","yoast_head_json":{"title":"Lunettes de soleil Unisexe Porsche Design P8942 - Tupique","description":"Vous cherchez Lunettes de soleil Unisexe Porsche Design P8942 ? Achetez des produits chez Tupique. Profitez de la livraison gratuite pour obtenir Lunettes de soleil Unisexe Porsche Design P8942 d\u00e8s maintenant.","robots":{"index":"index","follow":"follow","max-snippet":"max-snippet:-1","max-image-preview":"max-image-preview:large","max-video-preview":"max-video-preview:-1"},"canonical":"https:\/\/tupique.com\/es\/producto\/lunettes-de-soleil-unisexe-porsche-design-p8942\/","og_locale":"es_ES","og_type":"article","og_title":"Lunettes de soleil Unisexe Porsche Design P8942 - Tupique","og_description":"Vous cherchez Lunettes de soleil Unisexe Porsche Design P8942 ? Achetez des produits chez Tupique. Profitez de la livraison gratuite pour obtenir Lunettes de soleil Unisexe Porsche Design P8942 d\u00e8s maintenant.","og_url":"https:\/\/tupique.com\/es\/producto\/lunettes-de-soleil-unisexe-porsche-design-p8942\/","og_site_name":"Tupique","twitter_card":"summary_large_image","schema":{"@context":"https:\/\/schema.org","@graph":[{"@type":"WebPage","@id":"https:\/\/tupique.com\/produit\/lunettes-de-soleil-unisexe-porsche-design-p8942\/","url":"https:\/\/tupique.com\/produit\/lunettes-de-soleil-unisexe-porsche-design-p8942\/","name":"Lunettes de soleil Unisexe Porsche Design P8942 - Tupique","isPartOf":{"@id":"https:\/\/tupique.com\/#website"},"primaryImageOfPage":{"@id":"https:\/\/tupique.com\/produit\/lunettes-de-soleil-unisexe-porsche-design-p8942\/#primaryimage"},"image":{"@id":"https:\/\/tupique.com\/produit\/lunettes-de-soleil-unisexe-porsche-design-p8942\/#primaryimage"},"thumbnailUrl":"https:\/\/tupique.com\/wp-content\/uploads\/2026\/04\/S72137393_1773223049-remove-background0.jpg","datePublished":"2026-04-09T21:58:42+00:00","description":"Vous cherchez Lunettes de soleil Unisexe Porsche Design P8942 ? Achetez des produits chez Tupique. Profitez de la livraison gratuite pour obtenir Lunettes de soleil Unisexe Porsche Design P8942 d\u00e8s maintenant.","breadcrumb":{"@id":"https:\/\/tupique.com\/produit\/lunettes-de-soleil-unisexe-porsche-design-p8942\/#breadcrumb"},"inLanguage":"es","potentialAction":[{"@type":"ReadAction","target":["https:\/\/tupique.com\/produit\/lunettes-de-soleil-unisexe-porsche-design-p8942\/"]}]},{"@type":"ImageObject","inLanguage":"es","@id":"https:\/\/tupique.com\/produit\/lunettes-de-soleil-unisexe-porsche-design-p8942\/#primaryimage","url":"https:\/\/tupique.com\/wp-content\/uploads\/2026\/04\/S72137393_1773223049-remove-background0.jpg","contentUrl":"https:\/\/tupique.com\/wp-content\/uploads\/2026\/04\/S72137393_1773223049-remove-background0.jpg","width":1200,"height":1200,"caption":"S72137393_0"},{"@type":"BreadcrumbList","@id":"https:\/\/tupique.com\/produit\/lunettes-de-soleil-unisexe-porsche-design-p8942\/#breadcrumb","itemListElement":[{"@type":"ListItem","position":1,"name":"In\u00edcio","item":"https:\/\/tupique.com\/"},{"@type":"ListItem","position":2,"name":"Boutique","item":"https:\/\/tupique.com\/en\/boutique\/"},{"@type":"ListItem","position":3,"name":"Lunettes de soleil Unisexe Porsche Design P8942"}]},{"@type":"WebSite","@id":"https:\/\/tupique.com\/#website","url":"https:\/\/tupique.com\/","name":"Tupique","description":"Marketplace","publisher":{"@id":"https:\/\/tupique.com\/#organization"},"potentialAction":[{"@type":"SearchAction","target":{"@type":"EntryPoint","urlTemplate":"https:\/\/tupique.com\/?s={search_term_string}"},"query-input":{"@type":"PropertyValueSpecification","valueRequired":true,"valueName":"search_term_string"}}],"inLanguage":"es"},{"@type":"Organization","@id":"https:\/\/tupique.com\/#organization","name":"Tupique","url":"https:\/\/tupique.com\/","logo":{"@type":"ImageObject","inLanguage":"es","@id":"https:\/\/tupique.com\/#\/schema\/logo\/image\/","url":"https:\/\/tupique.com\/wp-content\/uploads\/2024\/09\/logo.png","contentUrl":"https:\/\/tupique.com\/wp-content\/uploads\/2024\/09\/logo.png","width":1118,"height":310,"caption":"Tupique"},"image":{"@id":"https:\/\/tupique.com\/#\/schema\/logo\/image\/"}}]}},"jetpack_sharing_enabled":true,"_links":{"self":[{"href":"https:\/\/tupique.com\/es\/wp-json\/wp\/v2\/product\/4386598","targetHints":{"allow":["GET"]}}],"collection":[{"href":"https:\/\/tupique.com\/es\/wp-json\/wp\/v2\/product"}],"about":[{"href":"https:\/\/tupique.com\/es\/wp-json\/wp\/v2\/types\/product"}],"replies":[{"embeddable":true,"href":"https:\/\/tupique.com\/es\/wp-json\/wp\/v2\/comments?post=4386598"}],"wp:featuredmedia":[{"embeddable":true,"href":"https:\/\/tupique.com\/es\/wp-json\/wp\/v2\/media\/4386595"}],"wp:attachment":[{"href":"https:\/\/tupique.com\/es\/wp-json\/wp\/v2\/media?parent=4386598"}],"wp:term":[{"taxonomy":"product_brand","embeddable":true,"href":"https:\/\/tupique.com\/es\/wp-json\/wp\/v2\/product_brand?post=4386598"},{"taxonomy":"product_cat","embeddable":true,"href":"https:\/\/tupique.com\/es\/wp-json\/wp\/v2\/product_cat?post=4386598"},{"taxonomy":"product_tag","embeddable":true,"href":"https:\/\/tupique.com\/es\/wp-json\/wp\/v2\/product_tag?post=4386598"}],"curies":[{"name":"wp","href":"https:\/\/api.w.org\/{rel}","templated":true}]}}