{"id":4386702,"date":"2026-04-09T23:01:15","date_gmt":"2026-04-09T22:01:15","guid":{"rendered":"https:\/\/tupique.com\/produit\/ecran-hp-e27u-g5-27-75-hz-ips-lcd\/"},"modified":"2026-04-09T23:01:15","modified_gmt":"2026-04-09T22:01:15","slug":"ecran-hp-e27u-g5-27-75-hz-ips-lcd","status":"publish","type":"product","link":"https:\/\/tupique.com\/es\/producto\/ecran-hp-e27u-g5-27-75-hz-ips-lcd\/","title":{"rendered":"\u00c9cran HP E27U G5 27&#8243; 75 Hz IPS LCD"},"content":{"rendered":"<p>Si le apasiona\u2019<b>inform\u00e1tica y electr\u00f3nica<\/b>, Si est\u00e1s a la \u00faltima en tecnolog\u00eda y no quieres perderte nada, compra <b>\u00c9cran HP E27U G5 27&#8243; 75 Hz IPS LCD<\/b> al mejor precio.<\/p>\n<ul>\n<li>Producto enchufable: S\u00ed<\/li>\n<li>Tipo de enchufe: enchufe UE<\/li>\n<li>Tipo:\n<ul>\n<li>Pantalla<\/li>\n<li>Eje<\/li>\n<\/ul>\n<\/li>\n<li>Caracter\u00edsticas:\n<ul>\n<li>Montaje en pared<\/li>\n<li>Plato giratorio<\/li>\n<li>Ajustable<\/li>\n<li>Pantalla plana<\/li>\n<\/ul>\n<\/li>\n<li>Conexiones:\n<ul>\n<li>HDMI<\/li>\n<li>USB-C<\/li>\n<li>DisplayPort<\/li>\n<li>Ethernet LAN<\/li>\n<li>DisplayPort 1.2<\/li>\n<li>USB<\/li>\n<li>HDMI 1.4<\/li>\n<li>DisplayPort x 2<\/li>\n<li>USB A x 3<\/li>\n<\/ul>\n<\/li>\n<li>Clasificaci\u00f3n energ\u00e9tica: F<\/li>\n<li>Color:\n<ul>\n<li>Plata<\/li>\n<li>Negro<\/li>\n<li>sRGB<\/li>\n<\/ul>\n<\/li>\n<li>Pantalla: 27<\/li>\n<li>Frecuencia:\n<ul>\n<li>75 Hz<\/li>\n<li>50 - 60 Hz<\/li>\n<\/ul>\n<\/li>\n<li>Brilla:\n<ul>\n<li>350 cd\/m\u00b2 (1)<\/li>\n<li>350 lm ANSI<\/li>\n<\/ul>\n<\/li>\n<li>Tecnolog\u00eda:\n<ul>\n<li>IPS<\/li>\n<li>LED<\/li>\n<li>LCD<\/li>\n<\/ul>\n<\/li>\n<li>Compatible: VESA 100 x 100 mm<\/li>\n<li>Resoluci\u00f3n (px): 2560 x 1440 px<\/li>\n<li>Diagonal de pantalla (cm): 68,6 cm<\/li>\n<li>Resoluci\u00f3n: Quad HD<\/li>\n<li>Tiempo de respuesta: 5 ms<\/li>\n<li>Inclut: C\u00e2ble USB-C<\/li>\n<li>VESA: 10 x 10 cm<\/li>\n<li>Tensi\u00f3n:\n<ul>\n<li>100-240 V<\/li>\n<li>100 - 240 V<\/li>\n<\/ul>\n<\/li>\n<li>Relaci\u00f3n de aspecto: 16:9<\/li>\n<li>Pa\u00eds\/regi\u00f3n de fabricaci\u00f3n: China<\/li>\n<li>Relaci\u00f3n de contraste: 1000:1<\/li>\n<li>Memoria RAM: 8 GB RAM<\/li>\n<li>Inclinaison: -90 \/ 90\u00b0<\/li>\n<li>Frecuencia de entrada de CA: 50-60 Hz<\/li>\n<li>consommation d&#8217;\u00e9nergie: 160 kWh<\/li>\n<li>Pantalla t\u00e1ctil: No<\/li>\n<li>\u00c1ngulo: 178<\/li>\n<li>Pr\u00e9cision (humidit\u00e9 relative): 20 % &#8211; 80 %<\/li>\n<li>Non inclut: AMD FreeSync<\/li>\n<li>Montaje: VESA<\/li>\n<li>Certificado: ENERGY STAR<\/li>\n<li>Uso recomendado:\n<ul>\n<li>Entreprise et commerce<\/li>\n<li>Professionnel<\/li>\n<\/ul>\n<\/li>\n<li>Rotaci\u00f3n: -45\u00ba \/ 45\u00b0<\/li>\n<li>Densit\u00e9 des pixels (dpi): 109 dpi<\/li>\n<\/ul>","protected":false},"excerpt":{"rendered":"<p>Si vous \u00eates passionn\u00e9 d&#8217;informatique et d&#8217;\u00e9lectronique, si vous \u00eates \u00e0 la pointe de la technologie et qu&#8217;aucun d\u00e9tail ne<\/p>","protected":false},"featured_media":4386698,"comment_status":"open","ping_status":"closed","template":"","meta":{"_joinchat":[]},"product_brand":[158040],"product_cat":[157516,157517,157816],"product_tag":[157514,157515],"class_list":{"0":"post-4386702","1":"product","2":"type-product","3":"status-publish","4":"has-post-thumbnail","6":"product_brand-brandp_909","7":"product_cat-informatique-electronique","8":"product_cat-informatique-peripheriques-et-consommables","9":"product_cat-moniteurs","10":"product_tag-tag_933","11":"product_tag-tag_1295","13":"first","14":"instock","15":"taxable","16":"shipping-taxable","17":"purchasable","18":"product-type-simple"},"yoast_head":"<!-- This site is optimized with the Yoast SEO plugin v27.2 - https:\/\/yoast.com\/product\/yoast-seo-wordpress\/ -->\n<title>\u00c9cran HP E27U G5 27&quot; 75 Hz IPS LCD - Tupique<\/title>\n<meta name=\"description\" content=\"Vous cherchez \u00c9cran HP E27U G5 27&quot; 75 Hz IPS LCD ? Achetez des produits chez Tupique. Profitez de la livraison gratuite pour obtenir \u00c9cran HP E27U G5 27&quot; 75 Hz IPS LCD d\u00e8s maintenant.\" \/>\n<meta name=\"robots\" content=\"index, follow, max-snippet:-1, max-image-preview:large, max-video-preview:-1\" \/>\n<link rel=\"canonical\" href=\"https:\/\/tupique.com\/es\/producto\/ecran-hp-e27u-g5-27-75-hz-ips-lcd\/\" \/>\n<meta property=\"og:locale\" content=\"es_ES\" \/>\n<meta property=\"og:type\" content=\"article\" \/>\n<meta property=\"og:title\" content=\"\u00c9cran HP E27U G5 27&quot; 75 Hz IPS LCD - Tupique\" \/>\n<meta property=\"og:description\" content=\"Vous cherchez \u00c9cran HP E27U G5 27&quot; 75 Hz IPS LCD ? Achetez des produits chez Tupique. Profitez de la livraison gratuite pour obtenir \u00c9cran HP E27U G5 27&quot; 75 Hz IPS LCD d\u00e8s maintenant.\" \/>\n<meta property=\"og:url\" content=\"https:\/\/tupique.com\/es\/producto\/ecran-hp-e27u-g5-27-75-hz-ips-lcd\/\" \/>\n<meta property=\"og:site_name\" content=\"Tupique\" \/>\n<meta name=\"twitter:card\" content=\"summary_large_image\" \/>\n<meta name=\"twitter:label1\" content=\"Tiempo de lectura\" \/>\n\t<meta name=\"twitter:data1\" content=\"1 minuto\" \/>\n<script type=\"application\/ld+json\" class=\"yoast-schema-graph\">{\"@context\":\"https:\/\/schema.org\",\"@graph\":[{\"@type\":\"WebPage\",\"@id\":\"https:\/\/tupique.com\/produit\/ecran-hp-e27u-g5-27-75-hz-ips-lcd\/\",\"url\":\"https:\/\/tupique.com\/produit\/ecran-hp-e27u-g5-27-75-hz-ips-lcd\/\",\"name\":\"\u00c9cran HP E27U G5 27\\\" 75 Hz IPS LCD - Tupique\",\"isPartOf\":{\"@id\":\"https:\/\/tupique.com\/#website\"},\"primaryImageOfPage\":{\"@id\":\"https:\/\/tupique.com\/produit\/ecran-hp-e27u-g5-27-75-hz-ips-lcd\/#primaryimage\"},\"image\":{\"@id\":\"https:\/\/tupique.com\/produit\/ecran-hp-e27u-g5-27-75-hz-ips-lcd\/#primaryimage\"},\"thumbnailUrl\":\"https:\/\/tupique.com\/wp-content\/uploads\/2026\/04\/710272931.jpg\",\"datePublished\":\"2026-04-09T22:01:15+00:00\",\"description\":\"Vous cherchez \u00c9cran HP E27U G5 27\\\" 75 Hz IPS LCD ? Achetez des produits chez Tupique. Profitez de la livraison gratuite pour obtenir \u00c9cran HP E27U G5 27\\\" 75 Hz IPS LCD d\u00e8s maintenant.\",\"breadcrumb\":{\"@id\":\"https:\/\/tupique.com\/produit\/ecran-hp-e27u-g5-27-75-hz-ips-lcd\/#breadcrumb\"},\"inLanguage\":\"es\",\"potentialAction\":[{\"@type\":\"ReadAction\",\"target\":[\"https:\/\/tupique.com\/produit\/ecran-hp-e27u-g5-27-75-hz-ips-lcd\/\"]}]},{\"@type\":\"ImageObject\",\"inLanguage\":\"es\",\"@id\":\"https:\/\/tupique.com\/produit\/ecran-hp-e27u-g5-27-75-hz-ips-lcd\/#primaryimage\",\"url\":\"https:\/\/tupique.com\/wp-content\/uploads\/2026\/04\/710272931.jpg\",\"contentUrl\":\"https:\/\/tupique.com\/wp-content\/uploads\/2026\/04\/710272931.jpg\",\"width\":1200,\"height\":1200,\"caption\":\"S55174840_0\"},{\"@type\":\"BreadcrumbList\",\"@id\":\"https:\/\/tupique.com\/produit\/ecran-hp-e27u-g5-27-75-hz-ips-lcd\/#breadcrumb\",\"itemListElement\":[{\"@type\":\"ListItem\",\"position\":1,\"name\":\"In\u00edcio\",\"item\":\"https:\/\/tupique.com\/\"},{\"@type\":\"ListItem\",\"position\":2,\"name\":\"Boutique\",\"item\":\"https:\/\/tupique.com\/en\/boutique\/\"},{\"@type\":\"ListItem\",\"position\":3,\"name\":\"\u00c9cran HP E27U G5 27&#8243; 75 Hz IPS LCD\"}]},{\"@type\":\"WebSite\",\"@id\":\"https:\/\/tupique.com\/#website\",\"url\":\"https:\/\/tupique.com\/\",\"name\":\"Tupique\",\"description\":\"Marketplace\",\"publisher\":{\"@id\":\"https:\/\/tupique.com\/#organization\"},\"potentialAction\":[{\"@type\":\"SearchAction\",\"target\":{\"@type\":\"EntryPoint\",\"urlTemplate\":\"https:\/\/tupique.com\/?s={search_term_string}\"},\"query-input\":{\"@type\":\"PropertyValueSpecification\",\"valueRequired\":true,\"valueName\":\"search_term_string\"}}],\"inLanguage\":\"es\"},{\"@type\":\"Organization\",\"@id\":\"https:\/\/tupique.com\/#organization\",\"name\":\"Tupique\",\"url\":\"https:\/\/tupique.com\/\",\"logo\":{\"@type\":\"ImageObject\",\"inLanguage\":\"es\",\"@id\":\"https:\/\/tupique.com\/#\/schema\/logo\/image\/\",\"url\":\"https:\/\/tupique.com\/wp-content\/uploads\/2024\/09\/logo.png\",\"contentUrl\":\"https:\/\/tupique.com\/wp-content\/uploads\/2024\/09\/logo.png\",\"width\":1118,\"height\":310,\"caption\":\"Tupique\"},\"image\":{\"@id\":\"https:\/\/tupique.com\/#\/schema\/logo\/image\/\"}}]}<\/script>\n<!-- \/ Yoast SEO plugin. -->","yoast_head_json":{"title":"\u00c9cran HP E27U G5 27\" 75 Hz IPS LCD - Tupique","description":"Vous cherchez \u00c9cran HP E27U G5 27\" 75 Hz IPS LCD ? Achetez des produits chez Tupique. Profitez de la livraison gratuite pour obtenir \u00c9cran HP E27U G5 27\" 75 Hz IPS LCD d\u00e8s maintenant.","robots":{"index":"index","follow":"follow","max-snippet":"max-snippet:-1","max-image-preview":"max-image-preview:large","max-video-preview":"max-video-preview:-1"},"canonical":"https:\/\/tupique.com\/es\/producto\/ecran-hp-e27u-g5-27-75-hz-ips-lcd\/","og_locale":"es_ES","og_type":"article","og_title":"\u00c9cran HP E27U G5 27\" 75 Hz IPS LCD - Tupique","og_description":"Vous cherchez \u00c9cran HP E27U G5 27\" 75 Hz IPS LCD ? Achetez des produits chez Tupique. Profitez de la livraison gratuite pour obtenir \u00c9cran HP E27U G5 27\" 75 Hz IPS LCD d\u00e8s maintenant.","og_url":"https:\/\/tupique.com\/es\/producto\/ecran-hp-e27u-g5-27-75-hz-ips-lcd\/","og_site_name":"Tupique","twitter_card":"summary_large_image","twitter_misc":{"Tiempo de lectura":"1 minuto"},"schema":{"@context":"https:\/\/schema.org","@graph":[{"@type":"WebPage","@id":"https:\/\/tupique.com\/produit\/ecran-hp-e27u-g5-27-75-hz-ips-lcd\/","url":"https:\/\/tupique.com\/produit\/ecran-hp-e27u-g5-27-75-hz-ips-lcd\/","name":"\u00c9cran HP E27U G5 27\" 75 Hz IPS LCD - Tupique","isPartOf":{"@id":"https:\/\/tupique.com\/#website"},"primaryImageOfPage":{"@id":"https:\/\/tupique.com\/produit\/ecran-hp-e27u-g5-27-75-hz-ips-lcd\/#primaryimage"},"image":{"@id":"https:\/\/tupique.com\/produit\/ecran-hp-e27u-g5-27-75-hz-ips-lcd\/#primaryimage"},"thumbnailUrl":"https:\/\/tupique.com\/wp-content\/uploads\/2026\/04\/710272931.jpg","datePublished":"2026-04-09T22:01:15+00:00","description":"Vous cherchez \u00c9cran HP E27U G5 27\" 75 Hz IPS LCD ? Achetez des produits chez Tupique. Profitez de la livraison gratuite pour obtenir \u00c9cran HP E27U G5 27\" 75 Hz IPS LCD d\u00e8s maintenant.","breadcrumb":{"@id":"https:\/\/tupique.com\/produit\/ecran-hp-e27u-g5-27-75-hz-ips-lcd\/#breadcrumb"},"inLanguage":"es","potentialAction":[{"@type":"ReadAction","target":["https:\/\/tupique.com\/produit\/ecran-hp-e27u-g5-27-75-hz-ips-lcd\/"]}]},{"@type":"ImageObject","inLanguage":"es","@id":"https:\/\/tupique.com\/produit\/ecran-hp-e27u-g5-27-75-hz-ips-lcd\/#primaryimage","url":"https:\/\/tupique.com\/wp-content\/uploads\/2026\/04\/710272931.jpg","contentUrl":"https:\/\/tupique.com\/wp-content\/uploads\/2026\/04\/710272931.jpg","width":1200,"height":1200,"caption":"S55174840_0"},{"@type":"BreadcrumbList","@id":"https:\/\/tupique.com\/produit\/ecran-hp-e27u-g5-27-75-hz-ips-lcd\/#breadcrumb","itemListElement":[{"@type":"ListItem","position":1,"name":"In\u00edcio","item":"https:\/\/tupique.com\/"},{"@type":"ListItem","position":2,"name":"Boutique","item":"https:\/\/tupique.com\/en\/boutique\/"},{"@type":"ListItem","position":3,"name":"\u00c9cran HP E27U G5 27&#8243; 75 Hz IPS LCD"}]},{"@type":"WebSite","@id":"https:\/\/tupique.com\/#website","url":"https:\/\/tupique.com\/","name":"Tupique","description":"Marketplace","publisher":{"@id":"https:\/\/tupique.com\/#organization"},"potentialAction":[{"@type":"SearchAction","target":{"@type":"EntryPoint","urlTemplate":"https:\/\/tupique.com\/?s={search_term_string}"},"query-input":{"@type":"PropertyValueSpecification","valueRequired":true,"valueName":"search_term_string"}}],"inLanguage":"es"},{"@type":"Organization","@id":"https:\/\/tupique.com\/#organization","name":"Tupique","url":"https:\/\/tupique.com\/","logo":{"@type":"ImageObject","inLanguage":"es","@id":"https:\/\/tupique.com\/#\/schema\/logo\/image\/","url":"https:\/\/tupique.com\/wp-content\/uploads\/2024\/09\/logo.png","contentUrl":"https:\/\/tupique.com\/wp-content\/uploads\/2024\/09\/logo.png","width":1118,"height":310,"caption":"Tupique"},"image":{"@id":"https:\/\/tupique.com\/#\/schema\/logo\/image\/"}}]}},"jetpack_sharing_enabled":true,"_links":{"self":[{"href":"https:\/\/tupique.com\/es\/wp-json\/wp\/v2\/product\/4386702","targetHints":{"allow":["GET"]}}],"collection":[{"href":"https:\/\/tupique.com\/es\/wp-json\/wp\/v2\/product"}],"about":[{"href":"https:\/\/tupique.com\/es\/wp-json\/wp\/v2\/types\/product"}],"replies":[{"embeddable":true,"href":"https:\/\/tupique.com\/es\/wp-json\/wp\/v2\/comments?post=4386702"}],"wp:featuredmedia":[{"embeddable":true,"href":"https:\/\/tupique.com\/es\/wp-json\/wp\/v2\/media\/4386698"}],"wp:attachment":[{"href":"https:\/\/tupique.com\/es\/wp-json\/wp\/v2\/media?parent=4386702"}],"wp:term":[{"taxonomy":"product_brand","embeddable":true,"href":"https:\/\/tupique.com\/es\/wp-json\/wp\/v2\/product_brand?post=4386702"},{"taxonomy":"product_cat","embeddable":true,"href":"https:\/\/tupique.com\/es\/wp-json\/wp\/v2\/product_cat?post=4386702"},{"taxonomy":"product_tag","embeddable":true,"href":"https:\/\/tupique.com\/es\/wp-json\/wp\/v2\/product_tag?post=4386702"}],"curies":[{"name":"wp","href":"https:\/\/api.w.org\/{rel}","templated":true}]}}