{"id":1526044,"date":"2025-03-21T16:43:27","date_gmt":"2025-03-21T16:43:27","guid":{"rendered":"https:\/\/tupique.com\/?page_id=1526044"},"modified":"2026-02-06T14:07:47","modified_gmt":"2026-02-06T13:07:47","slug":"politique-de-livraisons-et-retours","status":"publish","type":"page","link":"https:\/\/tupique.com\/pt\/politique-de-livraisons-et-retours\/","title":{"rendered":"Pol\u00edtica de entrega e devolu\u00e7\u00e3o"},"content":{"rendered":"<div data-elementor-type=\"wp-page\" data-elementor-id=\"1526044\" class=\"elementor elementor-1526044\" data-elementor-post-type=\"page\">\n\t\t\t\t<div class=\"elementor-element elementor-element-2043eb2 e-flex e-con-boxed e-con e-parent\" data-id=\"2043eb2\" data-element_type=\"container\" data-e-type=\"container\">\n\t\t\t\t\t<div class=\"e-con-inner\">\n\t\t\t\t<div class=\"elementor-element elementor-element-096db58 elementor-widget elementor-widget-heading\" data-id=\"096db58\" data-element_type=\"widget\" data-e-type=\"widget\" data-widget_type=\"heading.default\">\n\t\t\t\t<div class=\"elementor-widget-container\">\n\t\t\t\t\t<h2 class=\"elementor-heading-title elementor-size-default\">Pol\u00edtica de entrega e devolu\u00e7\u00e3o<\/h2>\t\t\t\t<\/div>\n\t\t\t\t<\/div>\n\t\t\t\t<div class=\"elementor-element elementor-element-6c78e58 color-scheme-inherit text-left elementor-widget elementor-widget-text-editor\" data-id=\"6c78e58\" data-element_type=\"widget\" data-e-type=\"widget\" data-widget_type=\"text-editor.default\">\n\t\t\t\t<div class=\"elementor-widget-container\">\n\t\t\t\t\t\t\t\t\t<p class=\"p1\">Em <span class=\"s1\"><b>TUPIC<\/b><\/span>, Estamos empenhados em proporcionar uma experi\u00eancia de compra em linha transparente e segura. Para garantir a conformidade com a regulamenta\u00e7\u00e3o em vigor, a nossa pol\u00edtica de entregas, devolu\u00e7\u00f5es e trocas foi concebida para responder eficazmente \u00e0s necessidades dos nossos clientes.<\/p><hr \/><h3><b>1. ENTREGA<\/b><\/h3><ul><li><p class=\"p1\">Os produtos s\u00e3o expedidos <span class=\"s1\"><b>diretamente dos nossos fornecedores<\/b><\/span> parceiros (modelo dropshipping).<\/p><\/li><li><p class=\"p1\">O nosso <span class=\"s1\"><b>o principal parceiro log\u00edstico est\u00e1 sediado em Espanha<\/b><\/span>, Isto permite-nos garantir tempos de processamento \u00f3ptimos em toda a Uni\u00e3o Europeia.<\/p><\/li><li><p class=\"p1\">O <span class=\"s1\"><b>prazos de entrega<\/b><\/span> variam consoante o fornecedor e o destino, sendo geralmente de <span class=\"s1\"><b>1 a 17 dias \u00fateis<\/b><\/span>.<\/p><\/li><li><p class=\"p1\"><b>Entrega gratuita em toda a Uni\u00e3o Europeia<\/b><span class=\"s1\">, sem compra m\u00ednima.<\/span><\/p><\/li><li><p class=\"p1\">O <span class=\"s1\"><b>os prazos s\u00e3o indicados apenas a t\u00edtulo indicativo<\/b><\/span> e pode ser afetado por factores externos (alf\u00e2ndegas, greves, cat\u00e1strofes naturais, etc.).<\/p><\/li><li><p class=\"p1\"><span class=\"s1\"><b>A TUPIQUE n\u00e3o pode ser responsabilizada por<\/b><\/span> atrasos ou erros na entrega imput\u00e1veis aos transportadores ou \u00e0s informa\u00e7\u00f5es fornecidas pelo cliente.<\/p><\/li><\/ul><hr \/><h3><b>2. DIREITO DE RETRACTA\u00c7\u00c3O E DEVOLU\u00c7\u00c3O<\/b><\/h3><p class=\"p1\">De acordo com a legisla\u00e7\u00e3o de prote\u00e7\u00e3o do consumidor, o cliente tem direito a <span class=\"s1\"><b>14 dias de calend\u00e1rio<\/b><\/span> a contar da data de rece\u00e7\u00e3o da ordem para exercer o seu direito de retrata\u00e7\u00e3o, sem ter de justificar a sua decis\u00e3o.<\/p><h4><b>Condi\u00e7\u00f5es de elegibilidade :<\/b><\/h4><ul><li><p class=\"p1\">O produto deve estar em <span class=\"s1\"><b>perfeito estado<\/b><\/span>, sem sinais de utiliza\u00e7\u00e3o, desgaste ou danos.<\/p><\/li><li><p class=\"p1\"><span class=\"s1\">Deve ser devolvido ao seu <\/span><b>embalagem original<\/b><span class=\"s1\">, com <\/span><b>todas as suas etiquetas e acess\u00f3rios<\/b><span class=\"s1\">.<\/span><\/p><\/li><li><p class=\"p1\"><span class=\"s1\">O produto <\/span><b>n\u00e3o deve ser inclu\u00eddo na lista de excep\u00e7\u00f5es<\/b><span class=\"s1\"> (ver sec\u00e7\u00e3o 4).<\/span><\/p><\/li><\/ul><hr \/><h3><b>3. PROCEDIMENTO DE PEDIDO DE DEVOLU\u00c7\u00c3O<\/b><\/h3><ol start=\"1\"><li><p class=\"p1\">Enviar um pedido para <span class=\"s1\"><b>info@tupique.com<\/b><\/span>\u00a0ou atrav\u00e9s de <span class=\"s1\"><b>WhatsApp: (351) 214446119<\/b><\/span>, especificando :<\/p><ul><li><p class=\"p1\"><span class=\"s1\">Le <\/span><b>n\u00famero de ordem<\/b><b><\/b><\/p><\/li><li><p class=\"p1\"><span class=\"s1\">Le <\/span><b>motivo da devolu\u00e7\u00e3o<\/b><b><\/b><\/p><\/li><li><p class=\"p1\">De <span class=\"s1\"><b>fotografias ou v\u00eddeos<\/b><\/span> do produto, se necess\u00e1rio<\/p><\/li><\/ul><\/li><li><p class=\"p1\">Esperar pelo <span class=\"s1\"><b>valida\u00e7\u00e3o de retorno<\/b><\/span> pelo nosso servi\u00e7o de apoio ao cliente (tempo m\u00e9dio : <span class=\"s1\"><b>5 dias \u00fateis<\/b><\/span>).<\/p><\/li><li><p class=\"p1\">Uma vez aprovado, seguir o <span class=\"s1\"><b>instru\u00e7\u00f5es de devolu\u00e7\u00e3o<\/b><\/span> fornecidos pela nossa equipa.<\/p><\/li><\/ol><h4><b>\ud83e\uddfe Portes de devolu\u00e7\u00e3o :<\/b><\/h4><ul><li><p class=\"p1\">Se a devolu\u00e7\u00e3o for devida a um <span class=\"s1\"><b>Erro TUPIQUE<\/b><\/span> (produto incorreto, defeituoso ou danificado), <span class=\"s1\"><b>cobrimos o custo da sua devolu\u00e7\u00e3o<\/b><\/span>.<\/p><\/li><li><p class=\"p1\"><span class=\"s1\">Em caso de <\/span><b>desist\u00eancia ou mudan\u00e7a de opini\u00e3o<\/b><span class=\"s1\">, os custos de envio da devolu\u00e7\u00e3o s\u00e3o <\/span><b>a expensas do cliente<\/b><span class=\"s1\">.<\/span><\/p><\/li><\/ul><hr \/><h3><b>4. TROCAS<\/b><\/h3><p class=\"p1\">O utilizador pode solicitar uma troca em vez de um reembolso, sob reserva das seguintes condi\u00e7\u00f5es:<\/p><ul><li><p class=\"p1\">O pedido deve ser efectuado no prazo de <span class=\"s1\"><b>14 dias de calend\u00e1rio<\/b><\/span> ap\u00f3s a rece\u00e7\u00e3o.<\/p><\/li><li><p class=\"p1\">O produto deve ser <span class=\"s1\"><b>n\u00e3o utilizado<\/b><\/span> e na sua <span class=\"s1\"><b>embalagem original<\/b><\/span>.<\/p><\/li><li><p class=\"p1\">A troca est\u00e1 sujeita ao <span class=\"s1\"><b>disponibilidade em stock<\/b><\/span> do fornecedor.<\/p><\/li><\/ul><p class=\"p1\">\u27a1\ufe0f Le <span class=\"s1\"><b>ser\u00e1 enviado um novo artigo<\/b><\/span> de acordo com <span class=\"s1\"><b>prazos habituais<\/b><\/span> do fornecedor, dado o nosso modelo de dropshipping.<\/p><hr \/><h3><b>5. EXCEP\u00c7\u00d5ES \u00c0S DEVOLU\u00c7\u00d5ES E TROCAS<\/b><\/h3><p class=\"p1\">Os seguintes produtos <span class=\"s1\"><b>n\u00e3o pode ser devolvido ou trocado<\/b><\/span>, exceto no caso de um defeito de fabrico:<\/p><ul><li><p class=\"p1\"><span class=\"s1\"><b>Artigos personalizados<\/b><\/span> ou por encomenda<\/p><\/li><li><p class=\"p1\"><b>Produtos de higiene pessoal<\/b><span class=\"s1\">, <\/span><b>cosm\u00e9ticos<\/b><span class=\"s1\"> e <\/span><b>roupa interior<\/b><span class=\"s1\">, por raz\u00f5es de higiene<\/span><\/p><\/li><li><p class=\"p1\"><span class=\"s1\">Artigos <\/span><b>danificado ap\u00f3s a entrega<\/b><span class=\"s1\"> pelo cliente<\/span><\/p><\/li><\/ul><hr \/><h3><b>6. CONDI\u00c7\u00d5ES ESPECIAIS E RESPONSABILIDADES<\/b><\/h3><ul><li><p class=\"p1\">A TUPIQUE n\u00e3o pode ser responsabilizada por <span class=\"s1\"><b>erros de endere\u00e7o<\/b><\/span> fornecido pelo cliente.<\/p><\/li><li>Em caso de <span class=\"s1\"><b>atraso prolongado na entrega<\/b><\/span> (mais de 60 dias), um <span class=\"s1\"><b>reembolso total<\/b><\/span> pode ser solicitado.<\/li><li><p class=\"p1\">N\u00f3s somos <span class=\"s1\"><b>reserva-se o direito de alterar<\/b><\/span> esta pol\u00edtica em qualquer altura, sem aviso pr\u00e9vio.<\/p><\/li><\/ul><hr \/><h3><b>7. INFORMA\u00c7\u00d5ES SOBRE A EMPRESA<\/b><\/h3><p class=\"p4\"><b>TUPIQUE USA LLC<\/b><b><\/b><\/p><p class=\"p1\">30 N Gould St Ste R, Sheridan, Wyoming 82801, EUA<\/p><p class=\"p4\"><span class=\"s3\">\ud83e\uddfe <\/span><b>N\u00famero de IVA :<\/b><span class=\"s3\"> EE102923551<\/span><\/p><p class=\"p1\">\u2709\ufe0f <span class=\"s1\"><b>Correio eletr\u00f3nico :<\/b><\/span> info@tupique.com<\/p><p class=\"p4\"><span class=\"s3\">\ud83d\udcf1 <\/span><b>WhatsApp (apenas mensagens) :<\/b><span class=\"s3\"> (351) 214446119<\/span><\/p><h2><strong>Endere\u00e7os de devolu\u00e7\u00e3o e troca<\/strong><\/h2><p><strong>ENDERE\u00c7O EM FRAN\u00c7A<\/strong><\/p><p>CXP 980527<br \/>110bis Avenue du General Leclerc<br \/>Quai Niv1 Bat7<br \/>93500-PANTIN - FRAN\u00c7A<br \/>tel: 06.76.40.32.22<\/p><p><strong>ENDERE\u00c7O NOS EUA DELAWARE (ISENTO DE IMPOSTOS)<\/strong><\/p><p>CXP980527<br \/>266 Cherry Lane<br \/>DELAWARE (DE)<br \/>19720-NOVO CASTELO - EUA\u00a0<br \/>tel: 732-446-6721<\/p><p><strong>ENDERE\u00c7O NO REINO UNIDO<\/strong><\/p><p>Marco CXP980527<br \/>Unidade 3 Parque log\u00edstico de Heathrow<br \/>TW14 8EE-FELTHAM<br \/>REINO UNIDO\u041c<br \/>tel: 7921222222<\/p><p><strong>ENDERE\u00c7O EM ESPANHA<\/strong><\/p><p>Lembran\u00e7as la Frontera CXP980527<br \/>Avenida Iparralde 47<br \/>GUIPUZCOA<br \/>20304- IRUN - ESPA\u00d1A<br \/>tel: 674 12 34 56<\/p><p><strong>ENDERE\u00c7O EM IT\u00c1LIA<\/strong><\/p><p>COLISEXPAT - ref.980527<br \/>Via dell'Industria 58\/A<br \/>20037-PADERNO DUGNANO - IT\u00c1LIA<br \/>tel: 02 8434 9416<\/p>\t\t\t\t\t\t\t\t<\/div>\n\t\t\t\t<\/div>\n\t\t\t\t\t<\/div>\n\t\t\t\t<\/div>\n\t\t\t\t<\/div>","protected":false},"excerpt":{"rendered":"<p>Politique de Livraisons et Retours Chez TUPIQUE, nous nous engageons \u00e0 offrir une exp\u00e9rience d\u2019achat en ligne fluide, transparente et<\/p>","protected":false},"author":2,"featured_media":0,"parent":0,"menu_order":0,"comment_status":"closed","ping_status":"open","template":"","meta":{"_joinchat":[],"footnotes":""},"class_list":["post-1526044","page","type-page","status-publish","hentry"],"yoast_head":"<!-- This site is optimized with the Yoast SEO plugin v27.2 - https:\/\/yoast.com\/product\/yoast-seo-wordpress\/ -->\n<title>Politique de Livraisons et Retours - Tupique<\/title>\n<meta name=\"robots\" content=\"index, follow, max-snippet:-1, max-image-preview:large, max-video-preview:-1\" \/>\n<link rel=\"canonical\" href=\"https:\/\/tupique.com\/pt\/politique-de-livraisons-et-retours\/\" \/>\n<meta property=\"og:locale\" content=\"pt_PT\" \/>\n<meta property=\"og:type\" content=\"article\" \/>\n<meta property=\"og:title\" content=\"Politique de Livraisons et Retours - Tupique\" \/>\n<meta property=\"og:description\" content=\"Politique de Livraisons et Retours Chez TUPIQUE, nous nous engageons \u00e0 offrir une exp\u00e9rience d\u2019achat en ligne fluide, transparente et\" \/>\n<meta property=\"og:url\" content=\"https:\/\/tupique.com\/pt\/politique-de-livraisons-et-retours\/\" \/>\n<meta property=\"og:site_name\" content=\"Tupique\" \/>\n<meta property=\"article:modified_time\" content=\"2026-02-06T13:07:47+00:00\" \/>\n<meta name=\"twitter:card\" content=\"summary_large_image\" \/>\n<meta name=\"twitter:label1\" content=\"Tempo estimado de leitura\" \/>\n\t<meta name=\"twitter:data1\" content=\"4 minutos\" \/>\n<script type=\"application\/ld+json\" class=\"yoast-schema-graph\">{\"@context\":\"https:\/\/schema.org\",\"@graph\":[{\"@type\":\"WebPage\",\"@id\":\"https:\/\/tupique.com\/es\/politique-de-livraisons-et-retours\/\",\"url\":\"https:\/\/tupique.com\/es\/politique-de-livraisons-et-retours\/\",\"name\":\"Politique de Livraisons et Retours - Tupique\",\"isPartOf\":{\"@id\":\"https:\/\/tupique.com\/#website\"},\"datePublished\":\"2025-03-21T16:43:27+00:00\",\"dateModified\":\"2026-02-06T13:07:47+00:00\",\"breadcrumb\":{\"@id\":\"https:\/\/tupique.com\/es\/politique-de-livraisons-et-retours\/#breadcrumb\"},\"inLanguage\":\"pt-PT\",\"potentialAction\":[{\"@type\":\"ReadAction\",\"target\":[\"https:\/\/tupique.com\/es\/politique-de-livraisons-et-retours\/\"]}]},{\"@type\":\"BreadcrumbList\",\"@id\":\"https:\/\/tupique.com\/es\/politique-de-livraisons-et-retours\/#breadcrumb\",\"itemListElement\":[{\"@type\":\"ListItem\",\"position\":1,\"name\":\"In\u00edcio\",\"item\":\"https:\/\/tupique.com\/\"},{\"@type\":\"ListItem\",\"position\":2,\"name\":\"Politique de Livraisons et Retours\"}]},{\"@type\":\"WebSite\",\"@id\":\"https:\/\/tupique.com\/#website\",\"url\":\"https:\/\/tupique.com\/\",\"name\":\"Tupique\",\"description\":\"Marketplace\",\"publisher\":{\"@id\":\"https:\/\/tupique.com\/#organization\"},\"potentialAction\":[{\"@type\":\"SearchAction\",\"target\":{\"@type\":\"EntryPoint\",\"urlTemplate\":\"https:\/\/tupique.com\/?s={search_term_string}\"},\"query-input\":{\"@type\":\"PropertyValueSpecification\",\"valueRequired\":true,\"valueName\":\"search_term_string\"}}],\"inLanguage\":\"pt-PT\"},{\"@type\":\"Organization\",\"@id\":\"https:\/\/tupique.com\/#organization\",\"name\":\"Tupique\",\"url\":\"https:\/\/tupique.com\/\",\"logo\":{\"@type\":\"ImageObject\",\"inLanguage\":\"pt-PT\",\"@id\":\"https:\/\/tupique.com\/#\/schema\/logo\/image\/\",\"url\":\"https:\/\/tupique.com\/wp-content\/uploads\/2024\/09\/logo.png\",\"contentUrl\":\"https:\/\/tupique.com\/wp-content\/uploads\/2024\/09\/logo.png\",\"width\":1118,\"height\":310,\"caption\":\"Tupique\"},\"image\":{\"@id\":\"https:\/\/tupique.com\/#\/schema\/logo\/image\/\"}}]}<\/script>\n<!-- \/ Yoast SEO plugin. -->","yoast_head_json":{"title":"Politique de Livraisons et Retours - Tupique","robots":{"index":"index","follow":"follow","max-snippet":"max-snippet:-1","max-image-preview":"max-image-preview:large","max-video-preview":"max-video-preview:-1"},"canonical":"https:\/\/tupique.com\/pt\/politique-de-livraisons-et-retours\/","og_locale":"pt_PT","og_type":"article","og_title":"Politique de Livraisons et Retours - Tupique","og_description":"Politique de Livraisons et Retours Chez TUPIQUE, nous nous engageons \u00e0 offrir une exp\u00e9rience d\u2019achat en ligne fluide, transparente et","og_url":"https:\/\/tupique.com\/pt\/politique-de-livraisons-et-retours\/","og_site_name":"Tupique","article_modified_time":"2026-02-06T13:07:47+00:00","twitter_card":"summary_large_image","twitter_misc":{"Tempo estimado de leitura":"4 minutos"},"schema":{"@context":"https:\/\/schema.org","@graph":[{"@type":"WebPage","@id":"https:\/\/tupique.com\/es\/politique-de-livraisons-et-retours\/","url":"https:\/\/tupique.com\/es\/politique-de-livraisons-et-retours\/","name":"Politique de Livraisons et Retours - Tupique","isPartOf":{"@id":"https:\/\/tupique.com\/#website"},"datePublished":"2025-03-21T16:43:27+00:00","dateModified":"2026-02-06T13:07:47+00:00","breadcrumb":{"@id":"https:\/\/tupique.com\/es\/politique-de-livraisons-et-retours\/#breadcrumb"},"inLanguage":"pt-PT","potentialAction":[{"@type":"ReadAction","target":["https:\/\/tupique.com\/es\/politique-de-livraisons-et-retours\/"]}]},{"@type":"BreadcrumbList","@id":"https:\/\/tupique.com\/es\/politique-de-livraisons-et-retours\/#breadcrumb","itemListElement":[{"@type":"ListItem","position":1,"name":"In\u00edcio","item":"https:\/\/tupique.com\/"},{"@type":"ListItem","position":2,"name":"Politique de Livraisons et Retours"}]},{"@type":"WebSite","@id":"https:\/\/tupique.com\/#website","url":"https:\/\/tupique.com\/","name":"Tupique","description":"Marketplace","publisher":{"@id":"https:\/\/tupique.com\/#organization"},"potentialAction":[{"@type":"SearchAction","target":{"@type":"EntryPoint","urlTemplate":"https:\/\/tupique.com\/?s={search_term_string}"},"query-input":{"@type":"PropertyValueSpecification","valueRequired":true,"valueName":"search_term_string"}}],"inLanguage":"pt-PT"},{"@type":"Organization","@id":"https:\/\/tupique.com\/#organization","name":"Tupique","url":"https:\/\/tupique.com\/","logo":{"@type":"ImageObject","inLanguage":"pt-PT","@id":"https:\/\/tupique.com\/#\/schema\/logo\/image\/","url":"https:\/\/tupique.com\/wp-content\/uploads\/2024\/09\/logo.png","contentUrl":"https:\/\/tupique.com\/wp-content\/uploads\/2024\/09\/logo.png","width":1118,"height":310,"caption":"Tupique"},"image":{"@id":"https:\/\/tupique.com\/#\/schema\/logo\/image\/"}}]}},"jetpack_sharing_enabled":true,"_links":{"self":[{"href":"https:\/\/tupique.com\/pt\/wp-json\/wp\/v2\/pages\/1526044","targetHints":{"allow":["GET"]}}],"collection":[{"href":"https:\/\/tupique.com\/pt\/wp-json\/wp\/v2\/pages"}],"about":[{"href":"https:\/\/tupique.com\/pt\/wp-json\/wp\/v2\/types\/page"}],"author":[{"embeddable":true,"href":"https:\/\/tupique.com\/pt\/wp-json\/wp\/v2\/users\/2"}],"replies":[{"embeddable":true,"href":"https:\/\/tupique.com\/pt\/wp-json\/wp\/v2\/comments?post=1526044"}],"version-history":[{"count":0,"href":"https:\/\/tupique.com\/pt\/wp-json\/wp\/v2\/pages\/1526044\/revisions"}],"wp:attachment":[{"href":"https:\/\/tupique.com\/pt\/wp-json\/wp\/v2\/media?parent=1526044"}],"curies":[{"name":"wp","href":"https:\/\/api.w.org\/{rel}","templated":true}]}}