{"id":1556742,"date":"2025-03-31T12:00:46","date_gmt":"2025-03-31T12:00:46","guid":{"rendered":"https:\/\/tupique.com\/?page_id=1556742"},"modified":"2026-02-13T15:29:30","modified_gmt":"2026-02-13T14:29:30","slug":"qui-sommes-nous","status":"publish","type":"page","link":"https:\/\/tupique.com\/pt\/qui-sommes-nous\/","title":{"rendered":"Quem somos"},"content":{"rendered":"<div data-elementor-type=\"wp-page\" data-elementor-id=\"1556742\" class=\"elementor elementor-1556742\" data-elementor-post-type=\"page\">\n\t\t\t\t<div class=\"wd-negative-gap elementor-element elementor-element-d2861dc e-flex e-con-boxed e-con e-parent\" data-id=\"d2861dc\" data-element_type=\"container\" data-e-type=\"container\">\n\t\t\t\t\t<div class=\"e-con-inner\">\n\t\t\t\t<div class=\"elementor-element elementor-element-10beaa9 elementor-widget elementor-widget-heading\" data-id=\"10beaa9\" data-element_type=\"widget\" data-e-type=\"widget\" data-widget_type=\"heading.default\">\n\t\t\t\t<div class=\"elementor-widget-container\">\n\t\t\t\t\t<h2 class=\"elementor-heading-title elementor-size-default\">Quem somos<\/h2>\t\t\t\t<\/div>\n\t\t\t\t<\/div>\n\t\t\t\t<div class=\"elementor-element elementor-element-47e18d5 color-scheme-inherit text-left elementor-widget elementor-widget-text-editor\" data-id=\"47e18d5\" data-element_type=\"widget\" data-e-type=\"widget\" data-widget_type=\"text-editor.default\">\n\t\t\t\t<div class=\"elementor-widget-container\">\n\t\t\t\t\t\t\t\t\t<p>Bem-vindo(a) \u00e0 Tupique, seu destino online de confian\u00e7a para uma sele\u00e7\u00e3o cuidadosamente escolhida de produtos de alta qualidade aos melhores pre\u00e7os.<\/p><p><strong>Nossa identidade<\/strong><br \/>O site tupique.com \u00e9 operado pela TUPIQUE USA LLC, com sede em Sheridan, Wyoming, EUA. Nossa miss\u00e3o \u00e9 conectar consumidores europeus a produtos inovadores e essenciais, garantindo uma experi\u00eancia de compra segura e transparente.<\/p><p><strong>Nossa log\u00edstica<\/strong><br \/>Para garantir entregas r\u00e1pidas e eficientes em toda a Uni\u00e3o Europeia, colaboramos com parceiros log\u00edsticos estrat\u00e9gicos. Embora nossa sede esteja localizada nos Estados Unidos, a maioria de nossos envios \u00e9 gerenciada a partir de nosso centro de log\u00edstica na Espanha. Esse modelo nos permite reduzir os prazos de entrega e garantir que nossos clientes recebam seus pedidos em perfeitas condi\u00e7\u00f5es.<\/p><p><strong>Por que escolher a Typique?<\/strong><\/p><p>Qualidade garantida: Todos os produtos do nosso cat\u00e1logo s\u00e3o selecionados de acordo com crit\u00e9rios rigorosos de qualidade.<br \/>Transpar\u00eancia total: Acreditamos na comunica\u00e7\u00e3o honesta sobre nossos prazos de entrega e a origem de nossos produtos.<br \/>Atendimento ao Cliente Dedicado: Nossa equipe de suporte est\u00e1 dispon\u00edvel para responder a todas as suas perguntas e ajud\u00e1-lo ap\u00f3s a sua compra.<br \/>Seguran\u00e7a de pagamento: Utilizamos as tecnologias de criptografia mais avan\u00e7adas para proteger seus dados e transa\u00e7\u00f5es.<br \/>Nosso Compromisso<br \/>Chez Tupique, le client est au centre de nos pr\u00e9occupations. Nous travaillons chaque jour pour am\u00e9liorer notre catalogue et nos processus afin de devenir votre boutique de r\u00e9f\u00e9rence en Europe.<\/p><p><strong>Informa\u00e7\u00f5es legais:<\/strong><\/p><p>TUPIQUE USA LLC<br \/>Sede: 30 N Gould St Ste R, Sheridan, WY 82801, EUA<br \/>E-mail : support@tupique.com<\/p>\t\t\t\t\t\t\t\t<\/div>\n\t\t\t\t<\/div>\n\t\t\t\t\t<\/div>\n\t\t\t\t<\/div>\n\t\t\t\t<\/div>","protected":false},"excerpt":{"rendered":"<p>Qui sommes-nous Chez TUPIQUE, nous croyons que le shopping en ligne doit \u00eatre simple, accessible et styl\u00e9. Nous sommes une<\/p>","protected":false},"author":2,"featured_media":0,"parent":0,"menu_order":0,"comment_status":"closed","ping_status":"open","template":"","meta":{"_joinchat":[],"footnotes":""},"class_list":["post-1556742","page","type-page","status-publish","hentry"],"yoast_head":"<!-- This site is optimized with the Yoast SEO plugin v27.2 - https:\/\/yoast.com\/product\/yoast-seo-wordpress\/ -->\n<title>Qui sommes-nous - Tupique<\/title>\n<meta name=\"robots\" content=\"index, follow, max-snippet:-1, max-image-preview:large, max-video-preview:-1\" \/>\n<link rel=\"canonical\" href=\"https:\/\/tupique.com\/pt\/qui-sommes-nous\/\" \/>\n<meta property=\"og:locale\" content=\"pt_PT\" \/>\n<meta property=\"og:type\" content=\"article\" \/>\n<meta property=\"og:title\" content=\"Qui sommes-nous - Tupique\" \/>\n<meta property=\"og:description\" content=\"Qui sommes-nous Chez TUPIQUE, nous croyons que le shopping en ligne doit \u00eatre simple, accessible et styl\u00e9. Nous sommes une\" \/>\n<meta property=\"og:url\" content=\"https:\/\/tupique.com\/pt\/qui-sommes-nous\/\" \/>\n<meta property=\"og:site_name\" content=\"Tupique\" \/>\n<meta property=\"article:modified_time\" content=\"2026-02-13T14:29:30+00:00\" \/>\n<meta name=\"twitter:card\" content=\"summary_large_image\" \/>\n<meta name=\"twitter:label1\" content=\"Tempo estimado de leitura\" \/>\n\t<meta name=\"twitter:data1\" content=\"2 minutos\" \/>\n<script type=\"application\/ld+json\" class=\"yoast-schema-graph\">{\"@context\":\"https:\/\/schema.org\",\"@graph\":[{\"@type\":\"WebPage\",\"@id\":\"https:\/\/tupique.com\/en\/qui-sommes-nous\/\",\"url\":\"https:\/\/tupique.com\/en\/qui-sommes-nous\/\",\"name\":\"Qui sommes-nous - Tupique\",\"isPartOf\":{\"@id\":\"https:\/\/tupique.com\/#website\"},\"datePublished\":\"2025-03-31T12:00:46+00:00\",\"dateModified\":\"2026-02-13T14:29:30+00:00\",\"breadcrumb\":{\"@id\":\"https:\/\/tupique.com\/en\/qui-sommes-nous\/#breadcrumb\"},\"inLanguage\":\"pt-PT\",\"potentialAction\":[{\"@type\":\"ReadAction\",\"target\":[\"https:\/\/tupique.com\/en\/qui-sommes-nous\/\"]}]},{\"@type\":\"BreadcrumbList\",\"@id\":\"https:\/\/tupique.com\/en\/qui-sommes-nous\/#breadcrumb\",\"itemListElement\":[{\"@type\":\"ListItem\",\"position\":1,\"name\":\"In\u00edcio\",\"item\":\"https:\/\/tupique.com\/\"},{\"@type\":\"ListItem\",\"position\":2,\"name\":\"Qui sommes-nous\"}]},{\"@type\":\"WebSite\",\"@id\":\"https:\/\/tupique.com\/#website\",\"url\":\"https:\/\/tupique.com\/\",\"name\":\"Tupique\",\"description\":\"Marketplace\",\"publisher\":{\"@id\":\"https:\/\/tupique.com\/#organization\"},\"potentialAction\":[{\"@type\":\"SearchAction\",\"target\":{\"@type\":\"EntryPoint\",\"urlTemplate\":\"https:\/\/tupique.com\/?s={search_term_string}\"},\"query-input\":{\"@type\":\"PropertyValueSpecification\",\"valueRequired\":true,\"valueName\":\"search_term_string\"}}],\"inLanguage\":\"pt-PT\"},{\"@type\":\"Organization\",\"@id\":\"https:\/\/tupique.com\/#organization\",\"name\":\"Tupique\",\"url\":\"https:\/\/tupique.com\/\",\"logo\":{\"@type\":\"ImageObject\",\"inLanguage\":\"pt-PT\",\"@id\":\"https:\/\/tupique.com\/#\/schema\/logo\/image\/\",\"url\":\"https:\/\/tupique.com\/wp-content\/uploads\/2024\/09\/logo.png\",\"contentUrl\":\"https:\/\/tupique.com\/wp-content\/uploads\/2024\/09\/logo.png\",\"width\":1118,\"height\":310,\"caption\":\"Tupique\"},\"image\":{\"@id\":\"https:\/\/tupique.com\/#\/schema\/logo\/image\/\"}}]}<\/script>\n<!-- \/ Yoast SEO plugin. -->","yoast_head_json":{"title":"Qui sommes-nous - Tupique","robots":{"index":"index","follow":"follow","max-snippet":"max-snippet:-1","max-image-preview":"max-image-preview:large","max-video-preview":"max-video-preview:-1"},"canonical":"https:\/\/tupique.com\/pt\/qui-sommes-nous\/","og_locale":"pt_PT","og_type":"article","og_title":"Qui sommes-nous - Tupique","og_description":"Qui sommes-nous Chez TUPIQUE, nous croyons que le shopping en ligne doit \u00eatre simple, accessible et styl\u00e9. Nous sommes une","og_url":"https:\/\/tupique.com\/pt\/qui-sommes-nous\/","og_site_name":"Tupique","article_modified_time":"2026-02-13T14:29:30+00:00","twitter_card":"summary_large_image","twitter_misc":{"Tempo estimado de leitura":"2 minutos"},"schema":{"@context":"https:\/\/schema.org","@graph":[{"@type":"WebPage","@id":"https:\/\/tupique.com\/en\/qui-sommes-nous\/","url":"https:\/\/tupique.com\/en\/qui-sommes-nous\/","name":"Qui sommes-nous - Tupique","isPartOf":{"@id":"https:\/\/tupique.com\/#website"},"datePublished":"2025-03-31T12:00:46+00:00","dateModified":"2026-02-13T14:29:30+00:00","breadcrumb":{"@id":"https:\/\/tupique.com\/en\/qui-sommes-nous\/#breadcrumb"},"inLanguage":"pt-PT","potentialAction":[{"@type":"ReadAction","target":["https:\/\/tupique.com\/en\/qui-sommes-nous\/"]}]},{"@type":"BreadcrumbList","@id":"https:\/\/tupique.com\/en\/qui-sommes-nous\/#breadcrumb","itemListElement":[{"@type":"ListItem","position":1,"name":"In\u00edcio","item":"https:\/\/tupique.com\/"},{"@type":"ListItem","position":2,"name":"Qui sommes-nous"}]},{"@type":"WebSite","@id":"https:\/\/tupique.com\/#website","url":"https:\/\/tupique.com\/","name":"Tupique","description":"Marketplace","publisher":{"@id":"https:\/\/tupique.com\/#organization"},"potentialAction":[{"@type":"SearchAction","target":{"@type":"EntryPoint","urlTemplate":"https:\/\/tupique.com\/?s={search_term_string}"},"query-input":{"@type":"PropertyValueSpecification","valueRequired":true,"valueName":"search_term_string"}}],"inLanguage":"pt-PT"},{"@type":"Organization","@id":"https:\/\/tupique.com\/#organization","name":"Tupique","url":"https:\/\/tupique.com\/","logo":{"@type":"ImageObject","inLanguage":"pt-PT","@id":"https:\/\/tupique.com\/#\/schema\/logo\/image\/","url":"https:\/\/tupique.com\/wp-content\/uploads\/2024\/09\/logo.png","contentUrl":"https:\/\/tupique.com\/wp-content\/uploads\/2024\/09\/logo.png","width":1118,"height":310,"caption":"Tupique"},"image":{"@id":"https:\/\/tupique.com\/#\/schema\/logo\/image\/"}}]}},"jetpack_sharing_enabled":true,"_links":{"self":[{"href":"https:\/\/tupique.com\/pt\/wp-json\/wp\/v2\/pages\/1556742","targetHints":{"allow":["GET"]}}],"collection":[{"href":"https:\/\/tupique.com\/pt\/wp-json\/wp\/v2\/pages"}],"about":[{"href":"https:\/\/tupique.com\/pt\/wp-json\/wp\/v2\/types\/page"}],"author":[{"embeddable":true,"href":"https:\/\/tupique.com\/pt\/wp-json\/wp\/v2\/users\/2"}],"replies":[{"embeddable":true,"href":"https:\/\/tupique.com\/pt\/wp-json\/wp\/v2\/comments?post=1556742"}],"version-history":[{"count":0,"href":"https:\/\/tupique.com\/pt\/wp-json\/wp\/v2\/pages\/1556742\/revisions"}],"wp:attachment":[{"href":"https:\/\/tupique.com\/pt\/wp-json\/wp\/v2\/media?parent=1556742"}],"curies":[{"name":"wp","href":"https:\/\/api.w.org\/{rel}","templated":true}]}}