{"id":245375,"date":"2024-10-30T23:29:45","date_gmt":"2024-10-30T23:29:45","guid":{"rendered":"https:\/\/tupique.com\/?page_id=245375"},"modified":"2026-02-06T20:05:15","modified_gmt":"2026-02-06T19:05:15","slug":"termes-et-conditions","status":"publish","type":"page","link":"https:\/\/tupique.com\/pt\/termes-et-conditions\/","title":{"rendered":"Termos e condi\u00e7\u00f5es"},"content":{"rendered":"<div data-elementor-type=\"wp-page\" data-elementor-id=\"245375\" class=\"elementor elementor-245375\" data-elementor-post-type=\"page\">\n\t\t\t\t<div class=\"wd-negative-gap elementor-element elementor-element-d578d6a e-flex e-con-boxed e-con e-parent\" data-id=\"d578d6a\" data-element_type=\"container\" data-e-type=\"container\">\n\t\t\t\t\t<div class=\"e-con-inner\">\n\t\t\t\t<div class=\"elementor-element elementor-element-0a9b909 color-scheme-inherit text-left elementor-widget elementor-widget-text-editor\" data-id=\"0a9b909\" data-element_type=\"widget\" data-e-type=\"widget\" data-widget_type=\"text-editor.default\">\n\t\t\t\t<div class=\"elementor-widget-container\">\n\t\t\t\t\t\t\t\t\t<p><b>TERMOS E CONDI\u00c7\u00d5ES GERAIS DE UTILIZA\u00c7\u00c3O<\/b><b><\/b><\/p><p><b>1. Assunto<\/b><b><br \/><\/b><span style=\"font-weight: 400;\">As presentes Condi\u00e7\u00f5es Gerais de Utiliza\u00e7\u00e3o (CGU) definem as regras aplic\u00e1veis \u00e0 utiliza\u00e7\u00e3o do site TUPIQUE e \u00e0 compra de produtos oferecidos pelos nossos fornecedores. Ao aceder ao nosso site ou ao efetuar uma encomenda, o utilizador reconhece ter lido e aceite estas condi\u00e7\u00f5es sem reservas.<\/span><\/p><p><span style=\"font-weight: 400;\">A TUPIQUE \u00e9 gerida por <\/span><b>TUPIQUE USA LLC<\/b><span style=\"font-weight: 400;\">, cuja sede social est\u00e1 situada em <\/span><b>30 N Gould St Ste R, Sheridan, Wyoming 82801, EUA<\/b><span style=\"font-weight: 400;\"><br \/><\/span><span style=\"font-weight: 400;\">N\u00famero de IVA : EE102923551<\/span><b><br \/><\/b><span style=\"font-weight: 400;\">Contacto: <\/span><b>info@tupique.com<\/b><span style=\"font-weight: 400;\"> ou WhatsApp : <\/span><b>(351) 214446119<\/b><span style=\"font-weight: 400;\">\u00a0(apenas mensagem).<\/span><\/p><p><b>2. Modelo de neg\u00f3cio<\/b><b><br \/><\/b><span style=\"font-weight: 400;\">A TUPIQUE \u00e9 uma plataforma de dropshipping, o que significa que n\u00e3o detemos qualquer stock f\u00edsico. Os produtos s\u00e3o enviados diretamente dos fornecedores e os prazos de entrega podem variar consoante a sua localiza\u00e7\u00e3o.<\/span><\/p><p><b>3. Condi\u00e7\u00f5es de encomenda e de pagamento<\/b><b><br \/><\/b><span style=\"font-weight: 400;\">As encomendas est\u00e3o sujeitas \u00e0 disponibilidade de produtos dos nossos fornecedores.<\/span><span style=\"font-weight: 400;\"><br \/><\/span><span style=\"font-weight: 400;\">Aceitamos pagamentos por PayPal, cart\u00e3o de cr\u00e9dito e Klarna.<\/span><span style=\"font-weight: 400;\"><br \/><\/span><span style=\"font-weight: 400;\">Os pre\u00e7os est\u00e3o sujeitos a altera\u00e7\u00f5es sem aviso pr\u00e9vio, em fun\u00e7\u00e3o da evolu\u00e7\u00e3o do mercado.<\/span><\/p><p><b>4. Entrega e responsabilidades<\/b><b><br \/><\/b><span style=\"font-weight: 400;\">Os prazos de entrega s\u00e3o indicados a t\u00edtulo meramente informativo e podem ser afectados por acontecimentos externos (alf\u00e2ndegas, greves, cat\u00e1strofes naturais, etc.).<\/span><\/p><p><span style=\"font-size: 15px;\">Entrega gratuita para todas as encomendas na Europa<\/span><\/p><p><span style=\"font-size: 15px;\">S\u00f3 efectuamos envios dentro da Uni\u00e3o Europeia. Sem taxas alfandeg\u00e1rias<br \/>N\u00e3o ser\u00e3o cobradas taxas adicionais.<\/span><\/p><p><span style=\"font-size: 15px;\">A TUPIQUE n\u00e3o pode ser responsabilizada por atrasos ou erros na entrega imput\u00e1veis aos transportadores.<\/span><\/p><p><b>5. Direito de retrata\u00e7\u00e3o e devolu\u00e7\u00e3o<\/b><b><br \/><\/b><span style=\"font-weight: 400;\">Em conformidade com a legisla\u00e7\u00e3o em vigor, o consumidor disp\u00f5e de um direito de retrata\u00e7\u00e3o de 14 dias a contar da rece\u00e7\u00e3o do produto.<\/span><span style=\"font-weight: 400;\"><br \/><\/span><span style=\"font-weight: 400;\">O produto deve ser devolvido na sua embalagem original e em perfeitas condi\u00e7\u00f5es.<\/span><span style=\"font-weight: 400;\"><br \/><\/span><span style=\"font-weight: 400;\">O custo da devolu\u00e7\u00e3o de mercadorias \u00e9 suportado pelo cliente, exceto no caso de produtos defeituosos.<\/span><span style=\"font-weight: 400;\"><br \/><\/span><span style=\"font-weight: 400;\">Para todos os pedidos de devolu\u00e7\u00e3o, contactar o nosso servi\u00e7o de apoio ao cliente.<\/span><\/p><p><b>6. Garantia e responsabilidade<\/b><b><br \/><\/b><span style=\"font-weight: 400;\">Apenas garantimos as carater\u00edsticas dos produtos tal como descritas no nosso s\u00edtio.<\/span><span style=\"font-weight: 400;\"><br \/><\/span><span style=\"font-weight: 400;\">N\u00e3o podemos ser responsabilizados por quaisquer danos indirectos resultantes da utiliza\u00e7\u00e3o dos produtos.<\/span><\/p><p><b>7. Propriedade intelectual<\/b><b><br \/><\/b><span style=\"font-weight: 400;\">Todos os conte\u00fados do s\u00edtio (textos, imagens, v\u00eddeos, log\u00f3tipos) est\u00e3o protegidos pelo direito de propriedade intelectual e n\u00e3o podem ser reproduzidos sem autoriza\u00e7\u00e3o pr\u00e9via.<\/span><\/p><p><b>8. Altera\u00e7\u00e3o das condi\u00e7\u00f5es<\/b><b><br \/><\/b><span style=\"font-weight: 400;\">A TUPIQUE reserva-se o direito de modificar estas CGU em qualquer altura. Qualquer modifica\u00e7\u00e3o ser\u00e1 aplic\u00e1vel imediatamente ap\u00f3s a sua publica\u00e7\u00e3o no s\u00edtio.<\/span><\/p><p><b>9. Contacto e servi\u00e7o de apoio ao cliente<\/b><b><br \/><\/b><span style=\"font-weight: 400;\">Se tiver alguma d\u00favida sobre estas CGV, contacte-nos atrav\u00e9s dos dados acima indicados. Por <b>e-mail<\/b> em info@tupique.com ou atrav\u00e9s de <b>WhatsApp<\/b> em (351) 214446119<\/span><\/p><h2><strong>Endere\u00e7os de devolu\u00e7\u00e3o e troca<\/strong><\/h2><p><strong>ENDERE\u00c7O EM FRAN\u00c7A<\/strong><\/p><p>CXP 980527<br \/>110bis Avenue du General Leclerc<br \/>Quai Niv1 Bat7<br \/>93500-PANTIN - FRAN\u00c7A<br \/>tel: 06.76.40.32.22<\/p><p><strong>ENDERE\u00c7O NOS EUA DELAWARE (ISENTO DE IMPOSTOS)<\/strong><\/p><p>CXP980527<br \/>266 Cherry Lane<br \/>DELAWARE (DE)<br \/>19720-NOVO CASTELO - EUA\u00a0<br \/>tel: 732-446-6721<\/p><p><strong>ENDERE\u00c7O NO REINO UNIDO<\/strong><\/p><p>Marco CXP980527<br \/>Unidade 3 Parque log\u00edstico de Heathrow<br \/>TW14 8EE-FELTHAM<br \/>REINO UNIDO\u041c<br \/>tel: 7921222222<\/p><p><strong>ENDERE\u00c7O EM ESPANHA<\/strong><\/p><p>Lembran\u00e7as la Frontera CXP980527<br \/>Avenida Iparralde 47<br \/>GUIPUZCOA<br \/>20304- IRUN - ESPA\u00d1A<br \/>tel: 674 12 34 56<\/p><p><strong>ENDERE\u00c7O EM IT\u00c1LIA<\/strong><\/p><p>COLISEXPAT - ref.980527<br \/>Via dell'Industria 58\/A<br \/>20037-PADERNO DUGNANO - IT\u00c1LIA<br \/>tel: 02 8434 9416<\/p>\t\t\t\t\t\t\t\t<\/div>\n\t\t\t\t<\/div>\n\t\t\t\t\t<\/div>\n\t\t\t\t<\/div>\n\t\t\t\t<\/div>","protected":false},"excerpt":{"rendered":"<p>CONDITIONS G\u00c9N\u00c9RALES D&#8217;UTILISATION 1. ObjetLes pr\u00e9sentes Conditions G\u00e9n\u00e9rales d&#8217;Utilisation (CGU) d\u00e9finissent les r\u00e8gles applicables \u00e0 l&#8217;utilisation du site TUPIQUE et<\/p>","protected":false},"author":2,"featured_media":0,"parent":0,"menu_order":0,"comment_status":"closed","ping_status":"open","template":"","meta":{"_joinchat":[],"footnotes":""},"class_list":["post-245375","page","type-page","status-publish","hentry"],"yoast_head":"<!-- This site is optimized with the Yoast SEO plugin v27.2 - https:\/\/yoast.com\/product\/yoast-seo-wordpress\/ -->\n<title>Termes et conditions - Tupique<\/title>\n<meta name=\"robots\" content=\"index, follow, max-snippet:-1, max-image-preview:large, max-video-preview:-1\" \/>\n<link rel=\"canonical\" href=\"https:\/\/tupique.com\/pt\/termes-et-conditions\/\" \/>\n<meta property=\"og:locale\" content=\"pt_PT\" \/>\n<meta property=\"og:type\" content=\"article\" \/>\n<meta property=\"og:title\" content=\"Termes et conditions - Tupique\" \/>\n<meta property=\"og:description\" content=\"CONDITIONS G\u00c9N\u00c9RALES D&#8217;UTILISATION 1. ObjetLes pr\u00e9sentes Conditions G\u00e9n\u00e9rales d&#8217;Utilisation (CGU) d\u00e9finissent les r\u00e8gles applicables \u00e0 l&#8217;utilisation du site TUPIQUE et\" \/>\n<meta property=\"og:url\" content=\"https:\/\/tupique.com\/pt\/termes-et-conditions\/\" \/>\n<meta property=\"og:site_name\" content=\"Tupique\" \/>\n<meta property=\"article:modified_time\" content=\"2026-02-06T19:05:15+00:00\" \/>\n<meta name=\"twitter:card\" content=\"summary_large_image\" \/>\n<meta name=\"twitter:label1\" content=\"Tempo estimado de leitura\" \/>\n\t<meta name=\"twitter:data1\" content=\"3 minutos\" \/>\n<script type=\"application\/ld+json\" class=\"yoast-schema-graph\">{\"@context\":\"https:\/\/schema.org\",\"@graph\":[{\"@type\":\"WebPage\",\"@id\":\"https:\/\/tupique.com\/en\/termes-et-conditions\/\",\"url\":\"https:\/\/tupique.com\/en\/termes-et-conditions\/\",\"name\":\"Termes et conditions - Tupique\",\"isPartOf\":{\"@id\":\"https:\/\/tupique.com\/#website\"},\"datePublished\":\"2024-10-30T23:29:45+00:00\",\"dateModified\":\"2026-02-06T19:05:15+00:00\",\"breadcrumb\":{\"@id\":\"https:\/\/tupique.com\/en\/termes-et-conditions\/#breadcrumb\"},\"inLanguage\":\"pt-PT\",\"potentialAction\":[{\"@type\":\"ReadAction\",\"target\":[\"https:\/\/tupique.com\/en\/termes-et-conditions\/\"]}]},{\"@type\":\"BreadcrumbList\",\"@id\":\"https:\/\/tupique.com\/en\/termes-et-conditions\/#breadcrumb\",\"itemListElement\":[{\"@type\":\"ListItem\",\"position\":1,\"name\":\"In\u00edcio\",\"item\":\"https:\/\/tupique.com\/\"},{\"@type\":\"ListItem\",\"position\":2,\"name\":\"Termes et conditions\"}]},{\"@type\":\"WebSite\",\"@id\":\"https:\/\/tupique.com\/#website\",\"url\":\"https:\/\/tupique.com\/\",\"name\":\"Tupique\",\"description\":\"Marketplace\",\"publisher\":{\"@id\":\"https:\/\/tupique.com\/#organization\"},\"potentialAction\":[{\"@type\":\"SearchAction\",\"target\":{\"@type\":\"EntryPoint\",\"urlTemplate\":\"https:\/\/tupique.com\/?s={search_term_string}\"},\"query-input\":{\"@type\":\"PropertyValueSpecification\",\"valueRequired\":true,\"valueName\":\"search_term_string\"}}],\"inLanguage\":\"pt-PT\"},{\"@type\":\"Organization\",\"@id\":\"https:\/\/tupique.com\/#organization\",\"name\":\"Tupique\",\"url\":\"https:\/\/tupique.com\/\",\"logo\":{\"@type\":\"ImageObject\",\"inLanguage\":\"pt-PT\",\"@id\":\"https:\/\/tupique.com\/#\/schema\/logo\/image\/\",\"url\":\"https:\/\/tupique.com\/wp-content\/uploads\/2024\/09\/logo.png\",\"contentUrl\":\"https:\/\/tupique.com\/wp-content\/uploads\/2024\/09\/logo.png\",\"width\":1118,\"height\":310,\"caption\":\"Tupique\"},\"image\":{\"@id\":\"https:\/\/tupique.com\/#\/schema\/logo\/image\/\"}}]}<\/script>\n<!-- \/ Yoast SEO plugin. -->","yoast_head_json":{"title":"Termes et conditions - Tupique","robots":{"index":"index","follow":"follow","max-snippet":"max-snippet:-1","max-image-preview":"max-image-preview:large","max-video-preview":"max-video-preview:-1"},"canonical":"https:\/\/tupique.com\/pt\/termes-et-conditions\/","og_locale":"pt_PT","og_type":"article","og_title":"Termes et conditions - Tupique","og_description":"CONDITIONS G\u00c9N\u00c9RALES D&#8217;UTILISATION 1. ObjetLes pr\u00e9sentes Conditions G\u00e9n\u00e9rales d&#8217;Utilisation (CGU) d\u00e9finissent les r\u00e8gles applicables \u00e0 l&#8217;utilisation du site TUPIQUE et","og_url":"https:\/\/tupique.com\/pt\/termes-et-conditions\/","og_site_name":"Tupique","article_modified_time":"2026-02-06T19:05:15+00:00","twitter_card":"summary_large_image","twitter_misc":{"Tempo estimado de leitura":"3 minutos"},"schema":{"@context":"https:\/\/schema.org","@graph":[{"@type":"WebPage","@id":"https:\/\/tupique.com\/en\/termes-et-conditions\/","url":"https:\/\/tupique.com\/en\/termes-et-conditions\/","name":"Termes et conditions - Tupique","isPartOf":{"@id":"https:\/\/tupique.com\/#website"},"datePublished":"2024-10-30T23:29:45+00:00","dateModified":"2026-02-06T19:05:15+00:00","breadcrumb":{"@id":"https:\/\/tupique.com\/en\/termes-et-conditions\/#breadcrumb"},"inLanguage":"pt-PT","potentialAction":[{"@type":"ReadAction","target":["https:\/\/tupique.com\/en\/termes-et-conditions\/"]}]},{"@type":"BreadcrumbList","@id":"https:\/\/tupique.com\/en\/termes-et-conditions\/#breadcrumb","itemListElement":[{"@type":"ListItem","position":1,"name":"In\u00edcio","item":"https:\/\/tupique.com\/"},{"@type":"ListItem","position":2,"name":"Termes et conditions"}]},{"@type":"WebSite","@id":"https:\/\/tupique.com\/#website","url":"https:\/\/tupique.com\/","name":"Tupique","description":"Marketplace","publisher":{"@id":"https:\/\/tupique.com\/#organization"},"potentialAction":[{"@type":"SearchAction","target":{"@type":"EntryPoint","urlTemplate":"https:\/\/tupique.com\/?s={search_term_string}"},"query-input":{"@type":"PropertyValueSpecification","valueRequired":true,"valueName":"search_term_string"}}],"inLanguage":"pt-PT"},{"@type":"Organization","@id":"https:\/\/tupique.com\/#organization","name":"Tupique","url":"https:\/\/tupique.com\/","logo":{"@type":"ImageObject","inLanguage":"pt-PT","@id":"https:\/\/tupique.com\/#\/schema\/logo\/image\/","url":"https:\/\/tupique.com\/wp-content\/uploads\/2024\/09\/logo.png","contentUrl":"https:\/\/tupique.com\/wp-content\/uploads\/2024\/09\/logo.png","width":1118,"height":310,"caption":"Tupique"},"image":{"@id":"https:\/\/tupique.com\/#\/schema\/logo\/image\/"}}]}},"jetpack_sharing_enabled":true,"_links":{"self":[{"href":"https:\/\/tupique.com\/pt\/wp-json\/wp\/v2\/pages\/245375","targetHints":{"allow":["GET"]}}],"collection":[{"href":"https:\/\/tupique.com\/pt\/wp-json\/wp\/v2\/pages"}],"about":[{"href":"https:\/\/tupique.com\/pt\/wp-json\/wp\/v2\/types\/page"}],"author":[{"embeddable":true,"href":"https:\/\/tupique.com\/pt\/wp-json\/wp\/v2\/users\/2"}],"replies":[{"embeddable":true,"href":"https:\/\/tupique.com\/pt\/wp-json\/wp\/v2\/comments?post=245375"}],"version-history":[{"count":0,"href":"https:\/\/tupique.com\/pt\/wp-json\/wp\/v2\/pages\/245375\/revisions"}],"wp:attachment":[{"href":"https:\/\/tupique.com\/pt\/wp-json\/wp\/v2\/media?parent=245375"}],"curies":[{"name":"wp","href":"https:\/\/api.w.org\/{rel}","templated":true}]}}